{"id":118693,"date":"2017-08-09T09:52:41","date_gmt":"2017-08-09T09:52:41","guid":{"rendered":"https:\/\/p4p.test\/fendigo-epibac"},"modified":"2026-03-25T11:58:50","modified_gmt":"2026-03-25T11:58:50","slug":"fendigo-epibac","status":"publish","type":"product","link":"https:\/\/www.pharmacy4pets.nl\/be\/fendigo-epibac","title":{"rendered":"Epibac Ear Cleaner | Hond &#038; Kat 100ml"},"content":{"rendered":"<p>Epibac van het merk Fendigo is een zachte oor reiniger voor honden en katten. Bij bacteri&euml;le infecties is belangrijk de uitwendige gehoorgang goed schoon te houden. Met name voor de start van eventuele behandelingen van oorproblemen, dient het oor goed gereinigd te zijn. Een goede reiniging bevordert namelijk de zichtbaarheid in de oren en zorgt voor een betere inwerking van geneesmiddelen. De unieke formule heeft een kalmerende en verzachtende werking.<\/p>\n<p><span style=\"text-decoration: underline;\">Toediening:<\/span><\/p>\n<ol>\n<li>Breng de oplossing in de gehoorgang aan<\/li>\n<li>Masseer het oor om oorsmeer en vuil op te lossen<\/li>\n<li>Maak het oor schoon met een watje om opgelost vuil te verwijderen<\/li>\n<\/ol>\n<p>Indien nodig; 1 tot 2 maal per dag herhalen<br \/>Minstens 10 dagen gebruiken<\/p>\n<p><span style=\"text-decoration: underline;\">Verpakking:<br \/><\/span>Fles &agrave; 100ml<\/p>\n","protected":false},"excerpt":{"rendered":"<p>Epibac van het merk Fendigo is een zachte oor reiniger voor honden en katten. Bij bacteri&euml;le infecties is belangrijk de uitwendige gehoorgang goed schoon te houden. Met name voor de start van eventuele behandelingen van oorproblemen, dient het oor goed gereinigd te zijn. Een goede reiniging bevordert namelijk de zichtbaarheid in de oren en zorgt [&hellip;]<\/p>\n","protected":false},"featured_media":118692,"comment_status":"open","ping_status":"closed","template":"","meta":{"_acf_changed":false,"_nl_post_content":"<p>Epibac van het merk Fendigo is een zachte oor reiniger voor honden en katten. Bij bacteri&euml;le infecties is belangrijk de uitwendige gehoorgang goed schoon te houden. Met name voor de start van eventuele behandelingen van oorproblemen, dient het oor goed gereinigd te zijn. Een goede reiniging bevordert namelijk de zichtbaarheid in de oren en zorgt voor een betere inwerking van geneesmiddelen. De unieke formule heeft een kalmerende en verzachtende werking.<\/p>\r\n<p><span style=\"text-decoration: underline;\">Toediening:<\/span><\/p>\r\n<ol>\r\n<li>Breng de oplossing in de gehoorgang aan<\/li>\r\n<li>Masseer het oor om oorsmeer en vuil op te lossen<\/li>\r\n<li>Maak het oor schoon met een watje om opgelost vuil te verwijderen<\/li>\r\n<\/ol>\r\n<p>Indien nodig; 1 tot 2 maal per dag herhalen<br \/>Minstens 10 dagen gebruiken<\/p>\r\n<p><span style=\"text-decoration: underline;\">Verpakking:<br \/><\/span>Fles &agrave; 100ml<\/p>","_nl_post_name":"fendigo-epibac","_nl_post_excerpt":"","_nl_post_title":"Epibac Ear Cleaner | Hond & Kat 100ml","_en_post_content":"<p>Epibac from Fendigo is a soft Ear Cleaner for dogs and cats. It is very important to keep the ear canal clean, especially with bacterial infections. Before starting any treatments for ear problems, the ear should be well cleaned to enhance visibility in the ears and improve the effectiveness of drugs. The unique formula has a soothing effect.<\/p>\r\n<p><span style=\"text-decoration: underline;\">Administration:<\/span><\/p>\r\n<ol>\r\n<li>Apply Epibac to the ear canal<\/li>\r\n<li>Massage the ear to dissolve wax and dirt<\/li>\r\n<li>Clean the ear with a cotton wool to remove dirt<\/li>\r\n<\/ol>\r\n<p>If necessary: repeat 1-2 times a day<br \/>Use at least 10 days<\/p>\r\n<p><span style=\"text-decoration: underline;\">Package:<br \/><\/span>Bottle 100ml<\/p>","_en_post_name":"fendigo-epibac","_en_post_excerpt":"","_en_post_title":"Epibac Ear Cleaner | Dog & Cat 100ml","_de_post_content":"<p>Epibac von Fendigo ist ein weicher Ohrreiniger f&uuml;r Hunde und Katzen. Es ist sehr wichtig, den Geh&ouml;rgang sauber zu halten, besonders bei bakteriellen Infektionen. Bevor Sie irgendwelche Behandlungen f&uuml;r Ohrprobleme beginnen, sollte das Ohr gut gereinigt werden, um die Sichtbarkeit in den Ohren zu verbessern und die Wirksamkeit der Medikamente zu verbessern. Die einzigartige Formel hat eine beruhigende Wirkung.<\/p>\r\n<p><span style=\"text-decoration: underline;\">Anwendung:<\/span><\/p>\r\n<ol>\r\n<li>Die L&ouml;sung in den Geh&ouml;rgang f&uuml;llen<\/li>\r\n<li>den Ohransatz massieren, um das Zerumen (Ohrenschmalz) zu l&ouml;sen und hochzusp&uuml;len.<\/li>\r\n<li>Das ausgetretene Material vorsichtig mit einem Wattebausch oder Gaze entfernen (bitte keine Wattest&auml;bchen verwenden).<\/li>\r\n<li>Die &auml;u&szlig;eren Bereiche des Geh&ouml;rganges und die Ohrmuschel sorgf&auml;ltig trocknen.<\/li>\r\n<\/ol>\r\n<p>&nbsp;Falls notwendig, 1-2-mal t&auml;glich &uuml;ber einen Zeitraum von mindestens 10 Tagen wiederholen.&nbsp;<\/p>\r\n<p><span style=\"text-decoration: underline;\">Verpackung:<br \/><\/span>Flasche 100ml<\/p>","_de_post_name":"fendigo-epibac","_de_post_excerpt":"","_de_post_title":"Epibac Ear Cleaner | Hund & Katze 100ml","_fr_post_content":"<h1>Epibac Ear Cleaner<\/h1>\n<p>Epibac de la marque Fendigo est un nettoyant auriculaire doux pour les chiens et les chats. En cas d'infections bact\u00e9riennes, il est important de maintenir le conduit auditif externe propre. L'oreille doit \u00eatre correctement nettoy\u00e9e, en particulier avant le d\u00e9but de tout traitement contre les probl\u00e8mes d'oreille. En effet, un bon nettoyage favorise la visibilit\u00e9 dans les oreilles et assure une meilleure action des m\u00e9dicaments. La formule unique a un effet apaisant et adoucissant.<\/p>\n<p><u>Administration :<\/u><\/p>\n<ol>\n<li>Appliquer la solution dans le conduit auditif<\/li>\n<li>Masser l'oreille pour dissoudre le c\u00e9rumen et la salet\u00e9.<\/li>\n<li>Nettoyer l'oreille \u00e0 l'aide d'une boule de coton pour \u00e9liminer les salet\u00e9s dissoutes.<\/li>\n<\/ol>\n<p>Si n\u00e9cessaire, r\u00e9p\u00e9ter l'op\u00e9ration une ou deux fois par jour<br \/>Utiliser pendant au moins 10 jours<\/p>\n<p><u>Conditionnement :<\/u><\/p>\n<p>Flacon de 100 ml<\/p>","_fr_post_name":"fendigo-epibac","_fr_post_excerpt":"","_fr_post_title":"Epibac Ear Cleaner | Chien & Chat 100 ml","_es_post_content":"<p>Epibac Ear Cleaner de la marca Fendigo es un suave limpiador de o\u00eddos para perros y gatos. En caso de infecciones bacterianas es importante mantener limpio el conducto auditivo externo. Especialmente antes de iniciar cualquier tratamiento para problemas de o\u00eddo, se debe limpiar bien el o\u00eddo. Una buena limpieza favorece la visibilidad en los o\u00eddos y asegura un mejor efecto de los medicamentos. La f\u00f3rmula \u00fanica tiene un efecto calmante y calmante.<\/p>\r\n<h3>Administraci\u00f3n de Epibac<\/h3>\r\n<p>Aplicar la soluci\u00f3n en el canal auditivo.<br \/>Masajee la oreja para disolver la cera y la suciedad.<br \/>Limpie el o\u00eddo con una bola de algod\u00f3n para eliminar la suciedad disuelta.<\/p>\r\n<p>Si necesario; Repetir de 1 a 2 veces al d\u00eda<br \/>Utilizar durante al menos 10 d\u00edas.<\/p>\r\n<h3>Embalaje<\/h3>\r\n<p>Botella de 100 ml.<\/p>","_es_post_name":"fendigo-epibac-limpiador-de-oidos-perros-gatos","_es_post_excerpt":"","_es_post_title":"Epibac limpiador de o\u00eddos perros y gatos 100 ml","edit_language":"nl"},"product_brand":[],"product_cat":[2046,1117,1118,1839,1871,1857,1983,2000,1851,1882],"product_tag":[],"class_list":{"0":"post-118693","1":"product","2":"type-product","3":"status-publish","4":"has-post-thumbnail","6":"product_cat-epibac","7":"product_cat-honden","8":"product_cat-katten","9":"product_cat-medicijnen-supplementen","11":"product_cat-merken","12":"product_cat-oorontsteking","14":"product_cat-oren","16":"pa_aandoening-ogen_oren","17":"pa_doeldier-hond","18":"pa_doeldier-kat","19":"pa_fabricatieland-belgie","20":"pa_merkfilter-epibac","21":"pa_merkgroep-fendigo","22":"pa_productsoort-overig","23":"pa_seo_canonical_store_id-not_found_value","24":"pa_seo_category-not_found_value","25":"pa_seo_meta_robots-not_found_value","26":"pa_toedieningswijze-oorreiniger","27":"pa_unit_pricing_base_measure-10ml","28":"pa_unit_pricing_measure-100ml","29":"pa_werkzamestof-overig","31":"first","32":"instock","33":"taxable","34":"shipping-taxable","35":"purchasable","36":"product-type-simple"},"yoast_head":"<!-- This site is optimized with the Yoast SEO plugin v27.5 - https:\/\/yoast.com\/product\/yoast-seo-wordpress\/ -->\n<title>Epibac | Oorreiniger Hond &amp; kat<\/title>\n<meta name=\"description\" content=\"Epibac van het merk Fendigo is een zachte, effectieve oor reiniger voor honden en katten.\" \/>\n<meta name=\"robots\" content=\"index, follow, max-snippet:-1, max-image-preview:large, max-video-preview:-1\" \/>\n<link rel=\"canonical\" href=\"https:\/\/www.pharmacy4pets.nl\/fendigo-epibac\" \/>\n<meta property=\"og:locale\" content=\"nl_NL\" \/>\n<meta property=\"og:type\" content=\"article\" \/>\n<meta property=\"og:title\" content=\"Epibac | Oorreiniger Hond &amp; kat\" \/>\n<meta property=\"og:description\" content=\"Epibac van het merk Fendigo is een zachte, effectieve oor reiniger voor honden en katten.\" \/>\n<meta property=\"og:url\" content=\"https:\/\/www.pharmacy4pets.nl\/fendigo-epibac\" \/>\n<meta property=\"og:site_name\" content=\"Pharmacy4pets\" \/>\n<meta property=\"article:publisher\" content=\"https:\/\/www.facebook.com\/people\/Pharmacy4petsnl\/100063484989896\/\" \/>\n<meta property=\"article:modified_time\" content=\"2026-03-25T11:58:50+00:00\" \/>\n<meta property=\"og:image\" content=\"https:\/\/www.pharmacy4pets.nl\/wp-content\/uploads\/2017\/08\/19962_1.jpg\" \/>\n\t<meta property=\"og:image:width\" content=\"450\" \/>\n\t<meta property=\"og:image:height\" content=\"450\" \/>\n\t<meta property=\"og:image:type\" content=\"image\/jpeg\" \/>\n<meta name=\"twitter:card\" content=\"summary_large_image\" \/>\n<meta name=\"twitter:label1\" content=\"Geschatte leestijd\" \/>\n\t<meta name=\"twitter:data1\" content=\"1 minuut\" \/>\n<script type=\"application\/ld+json\" class=\"yoast-schema-graph\">{\"@context\":\"https:\\\/\\\/schema.org\",\"@graph\":[{\"@type\":\"WebPage\",\"@id\":\"https:\\\/\\\/www.pharmacy4pets.nl\\\/fendigo-epibac\",\"url\":\"https:\\\/\\\/www.pharmacy4pets.nl\\\/fendigo-epibac\",\"name\":\"Epibac | Oorreiniger Hond & kat\",\"isPartOf\":{\"@id\":\"http:\\\/\\\/www.pharmacy4pets.nl\\\/#website\"},\"primaryImageOfPage\":{\"@id\":\"https:\\\/\\\/www.pharmacy4pets.nl\\\/fendigo-epibac#primaryimage\"},\"image\":{\"@id\":\"https:\\\/\\\/www.pharmacy4pets.nl\\\/fendigo-epibac#primaryimage\"},\"thumbnailUrl\":\"https:\\\/\\\/www.pharmacy4pets.nl\\\/wp-content\\\/uploads\\\/2017\\\/08\\\/19962_1.jpg\",\"datePublished\":\"2017-08-09T09:52:41+00:00\",\"dateModified\":\"2026-03-25T11:58:50+00:00\",\"description\":\"Epibac van het merk Fendigo is een zachte, effectieve oor reiniger voor honden en katten.\",\"breadcrumb\":{\"@id\":\"https:\\\/\\\/www.pharmacy4pets.nl\\\/fendigo-epibac#breadcrumb\"},\"inLanguage\":\"nl-NL\",\"potentialAction\":[{\"@type\":\"ReadAction\",\"target\":[\"https:\\\/\\\/www.pharmacy4pets.nl\\\/fendigo-epibac\"]}]},{\"@type\":\"ImageObject\",\"inLanguage\":\"nl-NL\",\"@id\":\"https:\\\/\\\/www.pharmacy4pets.nl\\\/fendigo-epibac#primaryimage\",\"url\":\"https:\\\/\\\/www.pharmacy4pets.nl\\\/wp-content\\\/uploads\\\/2017\\\/08\\\/19962_1.jpg\",\"contentUrl\":\"https:\\\/\\\/www.pharmacy4pets.nl\\\/wp-content\\\/uploads\\\/2017\\\/08\\\/19962_1.jpg\",\"width\":450,\"height\":450,\"caption\":\"Epibac\"},{\"@type\":\"BreadcrumbList\",\"@id\":\"https:\\\/\\\/www.pharmacy4pets.nl\\\/fendigo-epibac#breadcrumb\",\"itemListElement\":[{\"@type\":\"ListItem\",\"position\":1,\"name\":\"Home\",\"item\":\"https:\\\/\\\/p4p-nl.bootmine.com\\\/\"},{\"@type\":\"ListItem\",\"position\":2,\"name\":\"Winkel\",\"item\":\"https:\\\/\\\/p4p-nl.bootmine.com\\\/winkel\"},{\"@type\":\"ListItem\",\"position\":3,\"name\":\"Epibac Ear Cleaner | Hond &#038; Kat 100ml\"}]},{\"@type\":\"WebSite\",\"@id\":\"http:\\\/\\\/www.pharmacy4pets.nl\\\/#website\",\"url\":\"http:\\\/\\\/www.pharmacy4pets.nl\\\/\",\"name\":\"Pharmacy4pets\",\"description\":\"Pharmacy4pets.nl is d\u00e9 online apotheek waar u terecht kunt voor alle diergeneesmiddelen, verzorgingsproducten en dieetvoeding voor uw huisdier.\",\"publisher\":{\"@id\":\"http:\\\/\\\/www.pharmacy4pets.nl\\\/#organization\"},\"potentialAction\":[{\"@type\":\"SearchAction\",\"target\":{\"@type\":\"EntryPoint\",\"urlTemplate\":\"http:\\\/\\\/www.pharmacy4pets.nl\\\/?s={search_term_string}\"},\"query-input\":{\"@type\":\"PropertyValueSpecification\",\"valueRequired\":true,\"valueName\":\"search_term_string\"}}],\"inLanguage\":\"nl-NL\"},{\"@type\":\"Organization\",\"@id\":\"http:\\\/\\\/www.pharmacy4pets.nl\\\/#organization\",\"name\":\"Pharmacy4pets\",\"url\":\"http:\\\/\\\/www.pharmacy4pets.nl\\\/\",\"logo\":{\"@type\":\"ImageObject\",\"inLanguage\":\"nl-NL\",\"@id\":\"http:\\\/\\\/www.pharmacy4pets.nl\\\/#\\\/schema\\\/logo\\\/image\\\/\",\"url\":\"https:\\\/\\\/p4p-nl.bootmine.com\\\/wp-content\\\/uploads\\\/2026\\\/03\\\/logo-pharmacy4pets.png\",\"contentUrl\":\"https:\\\/\\\/p4p-nl.bootmine.com\\\/wp-content\\\/uploads\\\/2026\\\/03\\\/logo-pharmacy4pets.png\",\"width\":1024,\"height\":135,\"caption\":\"Pharmacy4pets\"},\"image\":{\"@id\":\"http:\\\/\\\/www.pharmacy4pets.nl\\\/#\\\/schema\\\/logo\\\/image\\\/\"},\"sameAs\":[\"https:\\\/\\\/www.facebook.com\\\/people\\\/Pharmacy4petsnl\\\/100063484989896\\\/\",\"https:\\\/\\\/www.youtube.com\\\/channel\\\/UCGPTIgucgli03tP2_kvLkHg\\\/featured\",\"https:\\\/\\\/www.instagram.com\\\/pharmacy4pets.nl\"]}]}<\/script>\n<!-- \/ Yoast SEO plugin. -->","yoast_head_json":{"title":"Epibac | Oorreiniger Hond & kat","description":"Epibac van het merk Fendigo is een zachte, effectieve oor reiniger voor honden en katten.","robots":{"index":"index","follow":"follow","max-snippet":"max-snippet:-1","max-image-preview":"max-image-preview:large","max-video-preview":"max-video-preview:-1"},"canonical":"https:\/\/www.pharmacy4pets.nl\/fendigo-epibac","og_locale":"nl_NL","og_type":"article","og_title":"Epibac | Oorreiniger Hond & kat","og_description":"Epibac van het merk Fendigo is een zachte, effectieve oor reiniger voor honden en katten.","og_url":"https:\/\/www.pharmacy4pets.nl\/fendigo-epibac","og_site_name":"Pharmacy4pets","article_publisher":"https:\/\/www.facebook.com\/people\/Pharmacy4petsnl\/100063484989896\/","article_modified_time":"2026-03-25T11:58:50+00:00","og_image":[{"width":450,"height":450,"url":"https:\/\/www.pharmacy4pets.nl\/wp-content\/uploads\/2017\/08\/19962_1.jpg","type":"image\/jpeg"}],"twitter_card":"summary_large_image","twitter_misc":{"Geschatte leestijd":"1 minuut"},"schema":{"@context":"https:\/\/schema.org","@graph":[{"@type":"WebPage","@id":"https:\/\/www.pharmacy4pets.nl\/fendigo-epibac","url":"https:\/\/www.pharmacy4pets.nl\/fendigo-epibac","name":"Epibac | Oorreiniger Hond & kat","isPartOf":{"@id":"http:\/\/www.pharmacy4pets.nl\/#website"},"primaryImageOfPage":{"@id":"https:\/\/www.pharmacy4pets.nl\/fendigo-epibac#primaryimage"},"image":{"@id":"https:\/\/www.pharmacy4pets.nl\/fendigo-epibac#primaryimage"},"thumbnailUrl":"https:\/\/www.pharmacy4pets.nl\/wp-content\/uploads\/2017\/08\/19962_1.jpg","datePublished":"2017-08-09T09:52:41+00:00","dateModified":"2026-03-25T11:58:50+00:00","description":"Epibac van het merk Fendigo is een zachte, effectieve oor reiniger voor honden en katten.","breadcrumb":{"@id":"https:\/\/www.pharmacy4pets.nl\/fendigo-epibac#breadcrumb"},"inLanguage":"nl-NL","potentialAction":[{"@type":"ReadAction","target":["https:\/\/www.pharmacy4pets.nl\/fendigo-epibac"]}]},{"@type":"ImageObject","inLanguage":"nl-NL","@id":"https:\/\/www.pharmacy4pets.nl\/fendigo-epibac#primaryimage","url":"https:\/\/www.pharmacy4pets.nl\/wp-content\/uploads\/2017\/08\/19962_1.jpg","contentUrl":"https:\/\/www.pharmacy4pets.nl\/wp-content\/uploads\/2017\/08\/19962_1.jpg","width":450,"height":450,"caption":"Epibac"},{"@type":"BreadcrumbList","@id":"https:\/\/www.pharmacy4pets.nl\/fendigo-epibac#breadcrumb","itemListElement":[{"@type":"ListItem","position":1,"name":"Home","item":"https:\/\/p4p-nl.bootmine.com\/"},{"@type":"ListItem","position":2,"name":"Winkel","item":"https:\/\/p4p-nl.bootmine.com\/winkel"},{"@type":"ListItem","position":3,"name":"Epibac Ear Cleaner | Hond &#038; Kat 100ml"}]},{"@type":"WebSite","@id":"http:\/\/www.pharmacy4pets.nl\/#website","url":"http:\/\/www.pharmacy4pets.nl\/","name":"Pharmacy4pets","description":"Pharmacy4pets.nl is d\u00e9 online apotheek waar u terecht kunt voor alle diergeneesmiddelen, verzorgingsproducten en dieetvoeding voor uw huisdier.","publisher":{"@id":"http:\/\/www.pharmacy4pets.nl\/#organization"},"potentialAction":[{"@type":"SearchAction","target":{"@type":"EntryPoint","urlTemplate":"http:\/\/www.pharmacy4pets.nl\/?s={search_term_string}"},"query-input":{"@type":"PropertyValueSpecification","valueRequired":true,"valueName":"search_term_string"}}],"inLanguage":"nl-NL"},{"@type":"Organization","@id":"http:\/\/www.pharmacy4pets.nl\/#organization","name":"Pharmacy4pets","url":"http:\/\/www.pharmacy4pets.nl\/","logo":{"@type":"ImageObject","inLanguage":"nl-NL","@id":"http:\/\/www.pharmacy4pets.nl\/#\/schema\/logo\/image\/","url":"https:\/\/p4p-nl.bootmine.com\/wp-content\/uploads\/2026\/03\/logo-pharmacy4pets.png","contentUrl":"https:\/\/p4p-nl.bootmine.com\/wp-content\/uploads\/2026\/03\/logo-pharmacy4pets.png","width":1024,"height":135,"caption":"Pharmacy4pets"},"image":{"@id":"http:\/\/www.pharmacy4pets.nl\/#\/schema\/logo\/image\/"},"sameAs":["https:\/\/www.facebook.com\/people\/Pharmacy4petsnl\/100063484989896\/","https:\/\/www.youtube.com\/channel\/UCGPTIgucgli03tP2_kvLkHg\/featured","https:\/\/www.instagram.com\/pharmacy4pets.nl"]}]}},"market_data":{"nl":{"price":0,"sale_price":0,"active":false,"url":null,"parent_url":"","tax_rate":0,"price_inc_tax":0,"sale_price_inc_tax":0},"de":{"price":0,"sale_price":0,"active":false,"url":null,"parent_url":"","tax_rate":0,"price_inc_tax":0,"sale_price_inc_tax":0},"be":{"price":0,"sale_price":0,"active":false,"url":null,"parent_url":"","tax_rate":0,"price_inc_tax":0,"sale_price_inc_tax":0},"fr":{"price":0,"sale_price":0,"active":false,"url":null,"parent_url":"","tax_rate":0,"price_inc_tax":0,"sale_price_inc_tax":0},"ch":{"price":0,"sale_price":0,"active":false,"url":null,"parent_url":"","tax_rate":0,"price_inc_tax":0,"sale_price_inc_tax":0},"at":{"price":0,"sale_price":0,"active":false,"url":null,"parent_url":"","tax_rate":0,"price_inc_tax":0,"sale_price_inc_tax":0},"es":{"price":0,"sale_price":0,"active":false,"url":null,"parent_url":"","tax_rate":0,"price_inc_tax":0,"sale_price_inc_tax":0},"dk":{"price":0,"sale_price":0,"active":false,"url":null,"parent_url":"","tax_rate":0,"price_inc_tax":0,"sale_price_inc_tax":0},"com":{"price":0,"sale_price":0,"active":false,"url":null,"parent_url":"","tax_rate":0,"price_inc_tax":0,"sale_price_inc_tax":0}},"market_nl_price":0,"market_nl_sale_price":0,"market_nl_active":false,"market_nl_url":null,"market_nl_parent_url":"","market_nl_tax_rate":0,"market_nl_price_inc_tax":0,"market_nl_sale_price_inc_tax":0,"market_de_price":0,"market_de_sale_price":0,"market_de_active":false,"market_de_url":null,"market_de_parent_url":"","market_de_tax_rate":0,"market_de_price_inc_tax":0,"market_de_sale_price_inc_tax":0,"market_be_price":0,"market_be_sale_price":0,"market_be_active":false,"market_be_url":null,"market_be_parent_url":"","market_be_tax_rate":0,"market_be_price_inc_tax":0,"market_be_sale_price_inc_tax":0,"market_fr_price":0,"market_fr_sale_price":0,"market_fr_active":false,"market_fr_url":null,"market_fr_parent_url":"","market_fr_tax_rate":0,"market_fr_price_inc_tax":0,"market_fr_sale_price_inc_tax":0,"market_ch_price":0,"market_ch_sale_price":0,"market_ch_active":false,"market_ch_url":null,"market_ch_parent_url":"","market_ch_tax_rate":0,"market_ch_price_inc_tax":0,"market_ch_sale_price_inc_tax":0,"market_at_price":0,"market_at_sale_price":0,"market_at_active":false,"market_at_url":null,"market_at_parent_url":"","market_at_tax_rate":0,"market_at_price_inc_tax":0,"market_at_sale_price_inc_tax":0,"market_es_price":0,"market_es_sale_price":0,"market_es_active":false,"market_es_url":null,"market_es_parent_url":"","market_es_tax_rate":0,"market_es_price_inc_tax":0,"market_es_sale_price_inc_tax":0,"market_dk_price":0,"market_dk_sale_price":0,"market_dk_active":false,"market_dk_url":null,"market_dk_parent_url":"","market_dk_tax_rate":0,"market_dk_price_inc_tax":0,"market_dk_sale_price_inc_tax":0,"market_com_price":0,"market_com_sale_price":0,"market_com_active":false,"market_com_url":null,"market_com_parent_url":"","market_com_tax_rate":0,"market_com_price_inc_tax":0,"market_com_sale_price_inc_tax":0,"acf":[],"_links":{"self":[{"href":"https:\/\/www.pharmacy4pets.nl\/be\/wp-json\/wp\/v2\/product\/118693","targetHints":{"allow":["GET"]}}],"collection":[{"href":"https:\/\/www.pharmacy4pets.nl\/be\/wp-json\/wp\/v2\/product"}],"about":[{"href":"https:\/\/www.pharmacy4pets.nl\/be\/wp-json\/wp\/v2\/types\/product"}],"replies":[{"embeddable":true,"href":"https:\/\/www.pharmacy4pets.nl\/be\/wp-json\/wp\/v2\/comments?post=118693"}],"wp:featuredmedia":[{"embeddable":true,"href":"https:\/\/www.pharmacy4pets.nl\/be\/wp-json\/wp\/v2\/media\/118692"}],"wp:attachment":[{"href":"https:\/\/www.pharmacy4pets.nl\/be\/wp-json\/wp\/v2\/media?parent=118693"}],"wp:term":[{"taxonomy":"product_brand","embeddable":true,"href":"https:\/\/www.pharmacy4pets.nl\/be\/wp-json\/wp\/v2\/product_brand?post=118693"},{"taxonomy":"product_cat","embeddable":true,"href":"https:\/\/www.pharmacy4pets.nl\/be\/wp-json\/wp\/v2\/product_cat?post=118693"},{"taxonomy":"product_tag","embeddable":true,"href":"https:\/\/www.pharmacy4pets.nl\/be\/wp-json\/wp\/v2\/product_tag?post=118693"}],"curies":[{"name":"wp","href":"https:\/\/api.w.org\/{rel}","templated":true}]}}