{"id":118687,"date":"2017-08-09T09:13:16","date_gmt":"2017-08-09T09:13:16","guid":{"rendered":"https:\/\/p4p.test\/virbac-enterogelan-10ml"},"modified":"2026-04-14T08:03:01","modified_gmt":"2026-04-14T08:03:01","slug":"virbac-enterogelan-10ml","status":"publish","type":"product","link":"https:\/\/www.pharmacy4pets.nl\/be\/virbac-enterogelan-10ml","title":{"rendered":"Enterogelan Pasta | Hond &#038; Kat 10ml"},"content":{"rendered":"<p>Enterogelan van Virbac is een aanvullend diervoeder in de vorm van een pasta, die ingezet kan worden bij acute diarree of tijdens de daaropvolgende herstelperiode. De pasta bevat natuurlijke ingredi&euml;nten die helpen de ontlasting dikker te maken. De pasta bevat makkelijk verteerbare koolhydraten voor extra energie, mineralen en vitamine B12.<\/p>\n<p>De pasta is makkelijk toe te dienen met de injector. De onderkant van de ring geeft de dosering aan, &eacute;&eacute;n streepje staat gelijk aan 1ml.&nbsp;<\/p>\n<p><span style=\"text-decoration: underline;\">Toediening:<br \/><\/span>In de meeste gevallen is toediening van &eacute;&eacute;n week voldoende.<br \/>Direct in de bek toedienen.&nbsp;<\/p>\n<p><span style=\"text-decoration: underline;\">Dosering:<br \/><\/span>Voor katten en honden tussen de 2 en 7 kg. 2x daags 1 ml direct in de bek toedienen.&nbsp;<\/p>\n<p><span style=\"text-decoration: underline;\">Verpakking:<br \/><\/span>Spuit &agrave; 10ml.<\/p>\n","protected":false},"excerpt":{"rendered":"<p>Enterogelan van Virbac is een aanvullend diervoeder in de vorm van een pasta, die ingezet kan worden bij acute diarree of tijdens de daaropvolgende herstelperiode. De pasta bevat natuurlijke ingredi&euml;nten die helpen de ontlasting dikker te maken. De pasta bevat makkelijk verteerbare koolhydraten voor extra energie, mineralen en vitamine B12. De pasta is makkelijk toe [&hellip;]<\/p>\n","protected":false},"featured_media":118686,"comment_status":"open","ping_status":"closed","template":"","meta":{"_acf_changed":false,"_nl_post_content":"<p>Enterogelan van Virbac is een aanvullend diervoeder in de vorm van een pasta, die ingezet kan worden bij acute diarree of tijdens de daaropvolgende herstelperiode. De pasta bevat natuurlijke ingredi&euml;nten die helpen de ontlasting dikker te maken. De pasta bevat makkelijk verteerbare koolhydraten voor extra energie, mineralen en vitamine B12.<\/p>\r\n<p>De pasta is makkelijk toe te dienen met de injector. De onderkant van de ring geeft de dosering aan, &eacute;&eacute;n streepje staat gelijk aan 1ml.&nbsp;<\/p>\r\n<p><span style=\"text-decoration: underline;\">Toediening:<br \/><\/span>In de meeste gevallen is toediening van &eacute;&eacute;n week voldoende.<br \/>Direct in de bek toedienen.&nbsp;<\/p>\r\n<p><span style=\"text-decoration: underline;\">Dosering:<br \/><\/span>Voor katten en honden tussen de 2 en 7 kg. 2x daags 1 ml direct in de bek toedienen.&nbsp;<\/p>\r\n<p><span style=\"text-decoration: underline;\">Verpakking:<br \/><\/span>Spuit &agrave; 10ml.<\/p>","_nl_post_name":"virbac-enterogelan-10ml","_nl_post_excerpt":"","_nl_post_title":"Enterogelan Pasta | Hond & Kat 10ml","_en_post_content":"<p>Enteregolan from Virbac is supplementary feed in the form of a paste, which can be used in cases of acute diarrhea or during the subsequent period of recovery. The paste contains natural ingredients that help to make the stool thicker. The paste contains easily digestible carbohydrates for extra energy, minerals and vitamin B12.<\/p>\r\n<p>The paste is easy to use administer with the injector. The bottom of the ring indicates the dose, one dash is equal to 1ml.&nbsp;<\/p>\r\n<p><span style=\"text-decoration: underline;\">Administration:<br \/><\/span>Apply directly into the mouth<br \/>In most cases, one-week administration is sufficient&nbsp;<\/p>\r\n<p><span style=\"text-decoration: underline;\">Dosage:<br \/><\/span>For cats and dogs between 2 and 7 kg: Apply 1ml directly into the mouth, 2 times a day.&nbsp;<\/p>\r\n<p><span style=\"text-decoration: underline;\">Package:<br \/><\/span>Syringe 10ml<\/p>","_en_post_name":"virbac-enterogelan-10ml","_en_post_excerpt":"","_en_post_title":"Enterogelan Paste | Dog & Cat 10ml","_de_post_content":"<p>Enteregolan von Virbac ist ein Di&auml;terg&auml;nzungsfuttermittel in Form einer Paste f&uuml;r Hunde und Katzen, die bei und nach akuten Durchfall verwendet werden kann. Die Paste enth&auml;lt nat&uuml;rlichen Inhaltsstoffe, die dazu beitragen, den F&auml;zes dicker zu machen. Die Paste enth&auml;lt leicht verdauliche Kohlenhydrate f&uuml;r zus&auml;tzliche Energie, Mineralien und Vitamin B12.<\/p>\r\n<p>Die Paste ist einfach zu bedienen mit dem Injektor zu verarbeiten. Die Unterseite des Rings zeigt die Dosis an, ein Schlag ist gleich 1ml.&nbsp;<\/p>\r\n<p><span style=\"text-decoration: underline;\">Anwendung:<br \/><\/span>Direkt in den Mund auftragen<br \/>In den meisten F&auml;llen gen&uuml;gt die Verabreichung von einer Woche.<\/p>\r\n<p><span style=\"text-decoration: underline;\">Dosierung:<br \/><\/span>F&uuml;r Katzen und Hunde zwischen 2 und 7 kg: 1ml direkt in den Mund auftragen, 2 mal am Tag.<\/p>\r\n<p><span style=\"text-decoration: underline;\">Verpackung<br \/><\/span>Spritze 10ml<\/p>","_de_post_name":"virbac-enterogelan-10ml","_de_post_excerpt":"","_de_post_title":"Enterogelan Paste | Hund & Katze 10ml","_fr_post_content":"<p>Enterogelan de Virbac est un compl\u00e9ment alimentaire pour animaux sous forme de p\u00e2te, qui peut \u00eatre utilis\u00e9 en cas de diarrh\u00e9e aigu\u00eb ou pendant la p\u00e9riode de convalescence ult\u00e9rieure. La p\u00e2te contient des ingr\u00e9dients naturels qui aident \u00e0 \u00e9paissir les selles. La p\u00e2te contient des glucides faciles \u00e0 dig\u00e9rer pour un surplus d'\u00e9nergie, des min\u00e9raux et de la vitamine B12.<br \/>La p\u00e2te est facile \u00e0 administrer avec l'injecteur. Le bas de l'anneau indique le dosage, un tiret \u00e9quivaut \u00e0 1 ml.<\/p>\r\n<p>Enterogelan est disponible dans les variantes suivantes :<\/p>\r\n<ul>\r\n<li>Enterogelan 10ml pour Chien &amp; Chat 2-7kg<\/li>\r\n<li>Enterogelan 24ml pour Chien &gt; 7kg\u00a0<\/li>\r\n<\/ul>\r\n<p><span style=\"text-decoration: underline;\">Administration :<br \/><\/span>Dans la plupart des cas, une administration d'une semaine est suffisante.<br \/>Administrer directement dans la bouche.<\/p>\r\n<table border=\"1\">\r\n<thead>\r\n<tr>\r\n<td colspan=\"2\">\r\n<p>Dosage<\/p>\r\n<\/td>\r\n<\/tr>\r\n<\/thead>\r\n<tbody>\r\n<tr>\r\n<td>\r\n<p><i>Animal et poids<\/i><\/p>\r\n<\/td>\r\n<td>\r\n<p><i>Posologie recommand\u00e9e<\/i><\/p>\r\n<\/td>\r\n<\/tr>\r\n<tr>\r\n<td>\r\n<p>Chat et chien 2-7kg<\/p>\r\n<\/td>\r\n<td>\r\n<p>1ml, 2x par jour<\/p>\r\n<\/td>\r\n<\/tr>\r\n<tr>\r\n<td>\r\n<p>Chien 7-18 kg<\/p>\r\n<\/td>\r\n<td>\r\n<p>2ml, 2x par jour<\/p>\r\n<\/td>\r\n<\/tr>\r\n<tr>\r\n<td>\r\n<p>Chien 18-30 kg<\/p>\r\n<\/td>\r\n<td>\r\n<p>4ml, 2x par jour<\/p>\r\n<\/td>\r\n<\/tr>\r\n<tr>\r\n<td>\r\n<p>Chien 30-50 kg<\/p>\r\n<\/td>\r\n<td>\r\n<p>8ml, 2x par jour<\/p>\r\n<\/td>\r\n<\/tr>\r\n<\/tbody>\r\n<\/table>\r\n<p><span style=\"text-decoration: underline;\">Emballage :<br \/><\/span>Seringue<\/p>","_fr_post_name":"enterogelan-pate-chien-chat-10-ml","_fr_post_excerpt":"","_fr_post_title":"Enterogelan p\u00e2te | Chien & chat 10 ml","_es_post_content":"<p>Enterogelan Pasta 10 ml de Virbac es un alimento complementario para animales en forma de pasta, que se puede utilizar en casos de diarrea aguda en perros y gatos o durante el per\u00edodo de recuperaci\u00f3n posterior. La pasta Enterogelan contiene ingredientes naturales que ayudan a espesar las heces. La pasta contiene carbohidratos f\u00e1cilmente digeribles para energ\u00eda extra, minerales y vitamina B12.<\/p>\r\n<p>La pasta es f\u00e1cil de administrar con el inyector. La parte inferior del anillo indica la dosis, una l\u00ednea equivale a 1 ml.<\/p>\r\n<h3>Administraci\u00f3n<\/h3>\r\n<p>En la mayor\u00eda de los casos, la administraci\u00f3n de una semana es suficiente.<br \/>Administrar directamente en la boca.<\/p>\r\n<h3>Dosis<\/h3>\r\n<p>Para gatos y perros entre 2 y 7 kg. Administrar 1 ml directamente en la boca dos veces al d\u00eda.<\/p>\r\n<h3>Embalaje<\/h3>\r\n<p>Jeringa de 10 ml.<\/p>","_es_post_name":"virbac-enterogelan-pasta-10-ml","_es_post_excerpt":"","_es_post_title":"Enterogelan Pasta | Perros y gatos 10 ml","edit_language":"nl"},"product_brand":[],"product_cat":[1993,1975,1920,1117,1118,1848,1879,1839,1871,1857],"product_tag":[],"class_list":{"0":"post-118687","1":"product","2":"type-product","3":"status-publish","4":"has-post-thumbnail","6":"product_cat-diarree","8":"product_cat-enterogelan","9":"product_cat-honden","10":"product_cat-katten","11":"product_cat-maag-darmen","13":"product_cat-medicijnen-supplementen","15":"product_cat-merken","16":"pa_aandoening-maag_darmen","17":"pa_doeldier-hond","18":"pa_doeldier-kat","19":"pa_fabricatieland-frankrijk","20":"pa_merkfilter-enterogelan","21":"pa_merkgroep-virbac","22":"pa_productsoort-voedingssupplement","23":"pa_seo_canonical_store_id-not_found_value","24":"pa_seo_category-not_found_value","25":"pa_seo_meta_robots-not_found_value","26":"pa_toedieningswijze-pasta","27":"pa_unit_pricing_base_measure-1ml","28":"pa_unit_pricing_measure-10ml","29":"pa_werkzamestof-overig","31":"first","32":"instock","33":"taxable","34":"shipping-taxable","35":"purchasable","36":"product-type-simple"},"yoast_head":"<!-- This site is optimized with the Yoast SEO plugin v27.5 - https:\/\/yoast.com\/product\/yoast-seo-wordpress\/ -->\n<title>Enterogelan | Supplement diarree Hond &amp; Kat<\/title>\n<meta name=\"description\" content=\"Enterogelan van Virbac is een aanvullend diervoeder in de vorm van een pasta, die ingezet kan worden bij acute diarree of tijdens de daaropvolgende herstelperiode.\" \/>\n<meta name=\"robots\" content=\"index, follow, max-snippet:-1, max-image-preview:large, max-video-preview:-1\" \/>\n<link rel=\"canonical\" href=\"https:\/\/p4p-nl.bootmine.com\/%product-slug%\/virbac-enterogelan-10ml\" \/>\n<meta property=\"og:locale\" content=\"nl_NL\" \/>\n<meta property=\"og:type\" content=\"article\" \/>\n<meta property=\"og:title\" content=\"Enterogelan | Supplement diarree Hond &amp; Kat\" \/>\n<meta property=\"og:description\" content=\"Enterogelan van Virbac is een aanvullend diervoeder in de vorm van een pasta, die ingezet kan worden bij acute diarree of tijdens de daaropvolgende herstelperiode.\" \/>\n<meta property=\"og:url\" content=\"https:\/\/p4p-nl.bootmine.com\/%product-slug%\/virbac-enterogelan-10ml\" \/>\n<meta property=\"og:site_name\" content=\"Pharmacy4pets\" \/>\n<meta property=\"article:publisher\" content=\"https:\/\/www.facebook.com\/people\/Pharmacy4petsnl\/100063484989896\/\" \/>\n<meta property=\"article:modified_time\" content=\"2026-04-14T08:03:01+00:00\" \/>\n<meta property=\"og:image\" content=\"https:\/\/p4p-nl.bootmine.com\/wp-content\/uploads\/2017\/08\/enterogelan-pate-ser-24-ml-vet-jpg-scaled.jpg\" \/>\n\t<meta property=\"og:image:width\" content=\"2560\" \/>\n\t<meta property=\"og:image:height\" content=\"2560\" \/>\n\t<meta property=\"og:image:type\" content=\"image\/jpeg\" \/>\n<meta name=\"twitter:card\" content=\"summary_large_image\" \/>\n<meta name=\"twitter:label1\" content=\"Geschatte leestijd\" \/>\n\t<meta name=\"twitter:data1\" content=\"1 minuut\" \/>\n<script type=\"application\/ld+json\" class=\"yoast-schema-graph\">{\"@context\":\"https:\\\/\\\/schema.org\",\"@graph\":[{\"@type\":\"WebPage\",\"@id\":\"https:\\\/\\\/p4p-nl.bootmine.com\\\/%product-slug%\\\/virbac-enterogelan-10ml\",\"url\":\"https:\\\/\\\/p4p-nl.bootmine.com\\\/%product-slug%\\\/virbac-enterogelan-10ml\",\"name\":\"Enterogelan | Supplement diarree Hond & Kat\",\"isPartOf\":{\"@id\":\"http:\\\/\\\/www.pharmacy4pets.nl\\\/#website\"},\"primaryImageOfPage\":{\"@id\":\"https:\\\/\\\/p4p-nl.bootmine.com\\\/%product-slug%\\\/virbac-enterogelan-10ml#primaryimage\"},\"image\":{\"@id\":\"https:\\\/\\\/p4p-nl.bootmine.com\\\/%product-slug%\\\/virbac-enterogelan-10ml#primaryimage\"},\"thumbnailUrl\":\"https:\\\/\\\/www.pharmacy4pets.nl\\\/wp-content\\\/uploads\\\/2017\\\/08\\\/enterogelan-pate-ser-24-ml-vet-jpg-scaled.jpg\",\"datePublished\":\"2017-08-09T09:13:16+00:00\",\"dateModified\":\"2026-04-14T08:03:01+00:00\",\"description\":\"Enterogelan van Virbac is een aanvullend diervoeder in de vorm van een pasta, die ingezet kan worden bij acute diarree of tijdens de daaropvolgende herstelperiode.\",\"breadcrumb\":{\"@id\":\"https:\\\/\\\/p4p-nl.bootmine.com\\\/%product-slug%\\\/virbac-enterogelan-10ml#breadcrumb\"},\"inLanguage\":\"nl-NL\",\"potentialAction\":[{\"@type\":\"ReadAction\",\"target\":[\"https:\\\/\\\/p4p-nl.bootmine.com\\\/%product-slug%\\\/virbac-enterogelan-10ml\"]}]},{\"@type\":\"ImageObject\",\"inLanguage\":\"nl-NL\",\"@id\":\"https:\\\/\\\/p4p-nl.bootmine.com\\\/%product-slug%\\\/virbac-enterogelan-10ml#primaryimage\",\"url\":\"https:\\\/\\\/www.pharmacy4pets.nl\\\/wp-content\\\/uploads\\\/2017\\\/08\\\/enterogelan-pate-ser-24-ml-vet-jpg-scaled.jpg\",\"contentUrl\":\"https:\\\/\\\/www.pharmacy4pets.nl\\\/wp-content\\\/uploads\\\/2017\\\/08\\\/enterogelan-pate-ser-24-ml-vet-jpg-scaled.jpg\",\"width\":2560,\"height\":2560,\"caption\":\"Enterogelan\"},{\"@type\":\"BreadcrumbList\",\"@id\":\"https:\\\/\\\/p4p-nl.bootmine.com\\\/%product-slug%\\\/virbac-enterogelan-10ml#breadcrumb\",\"itemListElement\":[{\"@type\":\"ListItem\",\"position\":1,\"name\":\"Home\",\"item\":\"https:\\\/\\\/p4p-nl.bootmine.com\\\/\"},{\"@type\":\"ListItem\",\"position\":2,\"name\":\"Winkel\",\"item\":\"https:\\\/\\\/p4p-nl.bootmine.com\\\/winkel\"},{\"@type\":\"ListItem\",\"position\":3,\"name\":\"Enterogelan Pasta | Hond &#038; Kat 10ml\"}]},{\"@type\":\"WebSite\",\"@id\":\"http:\\\/\\\/www.pharmacy4pets.nl\\\/#website\",\"url\":\"http:\\\/\\\/www.pharmacy4pets.nl\\\/\",\"name\":\"Pharmacy4pets\",\"description\":\"Pharmacy4pets.nl is d\u00e9 online apotheek waar u terecht kunt voor alle diergeneesmiddelen, verzorgingsproducten en dieetvoeding voor uw huisdier.\",\"publisher\":{\"@id\":\"http:\\\/\\\/www.pharmacy4pets.nl\\\/#organization\"},\"potentialAction\":[{\"@type\":\"SearchAction\",\"target\":{\"@type\":\"EntryPoint\",\"urlTemplate\":\"http:\\\/\\\/www.pharmacy4pets.nl\\\/?s={search_term_string}\"},\"query-input\":{\"@type\":\"PropertyValueSpecification\",\"valueRequired\":true,\"valueName\":\"search_term_string\"}}],\"inLanguage\":\"nl-NL\"},{\"@type\":\"Organization\",\"@id\":\"http:\\\/\\\/www.pharmacy4pets.nl\\\/#organization\",\"name\":\"Pharmacy4pets\",\"url\":\"http:\\\/\\\/www.pharmacy4pets.nl\\\/\",\"logo\":{\"@type\":\"ImageObject\",\"inLanguage\":\"nl-NL\",\"@id\":\"http:\\\/\\\/www.pharmacy4pets.nl\\\/#\\\/schema\\\/logo\\\/image\\\/\",\"url\":\"https:\\\/\\\/p4p-nl.bootmine.com\\\/wp-content\\\/uploads\\\/2026\\\/03\\\/logo-pharmacy4pets.png\",\"contentUrl\":\"https:\\\/\\\/p4p-nl.bootmine.com\\\/wp-content\\\/uploads\\\/2026\\\/03\\\/logo-pharmacy4pets.png\",\"width\":1024,\"height\":135,\"caption\":\"Pharmacy4pets\"},\"image\":{\"@id\":\"http:\\\/\\\/www.pharmacy4pets.nl\\\/#\\\/schema\\\/logo\\\/image\\\/\"},\"sameAs\":[\"https:\\\/\\\/www.facebook.com\\\/people\\\/Pharmacy4petsnl\\\/100063484989896\\\/\",\"https:\\\/\\\/www.youtube.com\\\/channel\\\/UCGPTIgucgli03tP2_kvLkHg\\\/featured\",\"https:\\\/\\\/www.instagram.com\\\/pharmacy4pets.nl\"]}]}<\/script>\n<!-- \/ Yoast SEO plugin. -->","yoast_head_json":{"title":"Enterogelan | Supplement diarree Hond & Kat","description":"Enterogelan van Virbac is een aanvullend diervoeder in de vorm van een pasta, die ingezet kan worden bij acute diarree of tijdens de daaropvolgende herstelperiode.","robots":{"index":"index","follow":"follow","max-snippet":"max-snippet:-1","max-image-preview":"max-image-preview:large","max-video-preview":"max-video-preview:-1"},"canonical":"https:\/\/p4p-nl.bootmine.com\/%product-slug%\/virbac-enterogelan-10ml","og_locale":"nl_NL","og_type":"article","og_title":"Enterogelan | Supplement diarree Hond & Kat","og_description":"Enterogelan van Virbac is een aanvullend diervoeder in de vorm van een pasta, die ingezet kan worden bij acute diarree of tijdens de daaropvolgende herstelperiode.","og_url":"https:\/\/p4p-nl.bootmine.com\/%product-slug%\/virbac-enterogelan-10ml","og_site_name":"Pharmacy4pets","article_publisher":"https:\/\/www.facebook.com\/people\/Pharmacy4petsnl\/100063484989896\/","article_modified_time":"2026-04-14T08:03:01+00:00","og_image":[{"width":2560,"height":2560,"url":"https:\/\/p4p-nl.bootmine.com\/wp-content\/uploads\/2017\/08\/enterogelan-pate-ser-24-ml-vet-jpg-scaled.jpg","type":"image\/jpeg"}],"twitter_card":"summary_large_image","twitter_misc":{"Geschatte leestijd":"1 minuut"},"schema":{"@context":"https:\/\/schema.org","@graph":[{"@type":"WebPage","@id":"https:\/\/p4p-nl.bootmine.com\/%product-slug%\/virbac-enterogelan-10ml","url":"https:\/\/p4p-nl.bootmine.com\/%product-slug%\/virbac-enterogelan-10ml","name":"Enterogelan | Supplement diarree Hond & Kat","isPartOf":{"@id":"http:\/\/www.pharmacy4pets.nl\/#website"},"primaryImageOfPage":{"@id":"https:\/\/p4p-nl.bootmine.com\/%product-slug%\/virbac-enterogelan-10ml#primaryimage"},"image":{"@id":"https:\/\/p4p-nl.bootmine.com\/%product-slug%\/virbac-enterogelan-10ml#primaryimage"},"thumbnailUrl":"https:\/\/www.pharmacy4pets.nl\/wp-content\/uploads\/2017\/08\/enterogelan-pate-ser-24-ml-vet-jpg-scaled.jpg","datePublished":"2017-08-09T09:13:16+00:00","dateModified":"2026-04-14T08:03:01+00:00","description":"Enterogelan van Virbac is een aanvullend diervoeder in de vorm van een pasta, die ingezet kan worden bij acute diarree of tijdens de daaropvolgende herstelperiode.","breadcrumb":{"@id":"https:\/\/p4p-nl.bootmine.com\/%product-slug%\/virbac-enterogelan-10ml#breadcrumb"},"inLanguage":"nl-NL","potentialAction":[{"@type":"ReadAction","target":["https:\/\/p4p-nl.bootmine.com\/%product-slug%\/virbac-enterogelan-10ml"]}]},{"@type":"ImageObject","inLanguage":"nl-NL","@id":"https:\/\/p4p-nl.bootmine.com\/%product-slug%\/virbac-enterogelan-10ml#primaryimage","url":"https:\/\/www.pharmacy4pets.nl\/wp-content\/uploads\/2017\/08\/enterogelan-pate-ser-24-ml-vet-jpg-scaled.jpg","contentUrl":"https:\/\/www.pharmacy4pets.nl\/wp-content\/uploads\/2017\/08\/enterogelan-pate-ser-24-ml-vet-jpg-scaled.jpg","width":2560,"height":2560,"caption":"Enterogelan"},{"@type":"BreadcrumbList","@id":"https:\/\/p4p-nl.bootmine.com\/%product-slug%\/virbac-enterogelan-10ml#breadcrumb","itemListElement":[{"@type":"ListItem","position":1,"name":"Home","item":"https:\/\/p4p-nl.bootmine.com\/"},{"@type":"ListItem","position":2,"name":"Winkel","item":"https:\/\/p4p-nl.bootmine.com\/winkel"},{"@type":"ListItem","position":3,"name":"Enterogelan Pasta | Hond &#038; Kat 10ml"}]},{"@type":"WebSite","@id":"http:\/\/www.pharmacy4pets.nl\/#website","url":"http:\/\/www.pharmacy4pets.nl\/","name":"Pharmacy4pets","description":"Pharmacy4pets.nl is d\u00e9 online apotheek waar u terecht kunt voor alle diergeneesmiddelen, verzorgingsproducten en dieetvoeding voor uw huisdier.","publisher":{"@id":"http:\/\/www.pharmacy4pets.nl\/#organization"},"potentialAction":[{"@type":"SearchAction","target":{"@type":"EntryPoint","urlTemplate":"http:\/\/www.pharmacy4pets.nl\/?s={search_term_string}"},"query-input":{"@type":"PropertyValueSpecification","valueRequired":true,"valueName":"search_term_string"}}],"inLanguage":"nl-NL"},{"@type":"Organization","@id":"http:\/\/www.pharmacy4pets.nl\/#organization","name":"Pharmacy4pets","url":"http:\/\/www.pharmacy4pets.nl\/","logo":{"@type":"ImageObject","inLanguage":"nl-NL","@id":"http:\/\/www.pharmacy4pets.nl\/#\/schema\/logo\/image\/","url":"https:\/\/p4p-nl.bootmine.com\/wp-content\/uploads\/2026\/03\/logo-pharmacy4pets.png","contentUrl":"https:\/\/p4p-nl.bootmine.com\/wp-content\/uploads\/2026\/03\/logo-pharmacy4pets.png","width":1024,"height":135,"caption":"Pharmacy4pets"},"image":{"@id":"http:\/\/www.pharmacy4pets.nl\/#\/schema\/logo\/image\/"},"sameAs":["https:\/\/www.facebook.com\/people\/Pharmacy4petsnl\/100063484989896\/","https:\/\/www.youtube.com\/channel\/UCGPTIgucgli03tP2_kvLkHg\/featured","https:\/\/www.instagram.com\/pharmacy4pets.nl"]}]}},"market_data":{"nl":{"price":0,"sale_price":0,"active":false,"url":null,"parent_url":"","tax_rate":0,"price_inc_tax":0,"sale_price_inc_tax":0},"de":{"price":0,"sale_price":0,"active":false,"url":null,"parent_url":"","tax_rate":0,"price_inc_tax":0,"sale_price_inc_tax":0},"be":{"price":0,"sale_price":0,"active":false,"url":null,"parent_url":"","tax_rate":0,"price_inc_tax":0,"sale_price_inc_tax":0},"fr":{"price":0,"sale_price":0,"active":false,"url":null,"parent_url":"","tax_rate":0,"price_inc_tax":0,"sale_price_inc_tax":0},"ch":{"price":0,"sale_price":0,"active":false,"url":null,"parent_url":"","tax_rate":0,"price_inc_tax":0,"sale_price_inc_tax":0},"at":{"price":0,"sale_price":0,"active":false,"url":null,"parent_url":"","tax_rate":0,"price_inc_tax":0,"sale_price_inc_tax":0},"es":{"price":0,"sale_price":0,"active":false,"url":null,"parent_url":"","tax_rate":0,"price_inc_tax":0,"sale_price_inc_tax":0},"dk":{"price":0,"sale_price":0,"active":false,"url":null,"parent_url":"","tax_rate":0,"price_inc_tax":0,"sale_price_inc_tax":0},"com":{"price":0,"sale_price":0,"active":false,"url":null,"parent_url":"","tax_rate":0,"price_inc_tax":0,"sale_price_inc_tax":0}},"market_nl_price":0,"market_nl_sale_price":0,"market_nl_active":false,"market_nl_url":null,"market_nl_parent_url":"","market_nl_tax_rate":0,"market_nl_price_inc_tax":0,"market_nl_sale_price_inc_tax":0,"market_de_price":0,"market_de_sale_price":0,"market_de_active":false,"market_de_url":null,"market_de_parent_url":"","market_de_tax_rate":0,"market_de_price_inc_tax":0,"market_de_sale_price_inc_tax":0,"market_be_price":0,"market_be_sale_price":0,"market_be_active":false,"market_be_url":null,"market_be_parent_url":"","market_be_tax_rate":0,"market_be_price_inc_tax":0,"market_be_sale_price_inc_tax":0,"market_fr_price":0,"market_fr_sale_price":0,"market_fr_active":false,"market_fr_url":null,"market_fr_parent_url":"","market_fr_tax_rate":0,"market_fr_price_inc_tax":0,"market_fr_sale_price_inc_tax":0,"market_ch_price":0,"market_ch_sale_price":0,"market_ch_active":false,"market_ch_url":null,"market_ch_parent_url":"","market_ch_tax_rate":0,"market_ch_price_inc_tax":0,"market_ch_sale_price_inc_tax":0,"market_at_price":0,"market_at_sale_price":0,"market_at_active":false,"market_at_url":null,"market_at_parent_url":"","market_at_tax_rate":0,"market_at_price_inc_tax":0,"market_at_sale_price_inc_tax":0,"market_es_price":0,"market_es_sale_price":0,"market_es_active":false,"market_es_url":null,"market_es_parent_url":"","market_es_tax_rate":0,"market_es_price_inc_tax":0,"market_es_sale_price_inc_tax":0,"market_dk_price":0,"market_dk_sale_price":0,"market_dk_active":false,"market_dk_url":null,"market_dk_parent_url":"","market_dk_tax_rate":0,"market_dk_price_inc_tax":0,"market_dk_sale_price_inc_tax":0,"market_com_price":0,"market_com_sale_price":0,"market_com_active":false,"market_com_url":null,"market_com_parent_url":"","market_com_tax_rate":0,"market_com_price_inc_tax":0,"market_com_sale_price_inc_tax":0,"acf":[],"_links":{"self":[{"href":"https:\/\/www.pharmacy4pets.nl\/be\/wp-json\/wp\/v2\/product\/118687","targetHints":{"allow":["GET"]}}],"collection":[{"href":"https:\/\/www.pharmacy4pets.nl\/be\/wp-json\/wp\/v2\/product"}],"about":[{"href":"https:\/\/www.pharmacy4pets.nl\/be\/wp-json\/wp\/v2\/types\/product"}],"replies":[{"embeddable":true,"href":"https:\/\/www.pharmacy4pets.nl\/be\/wp-json\/wp\/v2\/comments?post=118687"}],"wp:featuredmedia":[{"embeddable":true,"href":"https:\/\/www.pharmacy4pets.nl\/be\/wp-json\/wp\/v2\/media\/118686"}],"wp:attachment":[{"href":"https:\/\/www.pharmacy4pets.nl\/be\/wp-json\/wp\/v2\/media?parent=118687"}],"wp:term":[{"taxonomy":"product_brand","embeddable":true,"href":"https:\/\/www.pharmacy4pets.nl\/be\/wp-json\/wp\/v2\/product_brand?post=118687"},{"taxonomy":"product_cat","embeddable":true,"href":"https:\/\/www.pharmacy4pets.nl\/be\/wp-json\/wp\/v2\/product_cat?post=118687"},{"taxonomy":"product_tag","embeddable":true,"href":"https:\/\/www.pharmacy4pets.nl\/be\/wp-json\/wp\/v2\/product_tag?post=118687"}],"curies":[{"name":"wp","href":"https:\/\/api.w.org\/{rel}","templated":true}]}}