{"id":118671,"date":"2017-08-09T07:54:55","date_gmt":"2017-08-09T07:54:55","guid":{"rendered":"https:\/\/p4p.test\/dermallay-sensitive-shampoo"},"modified":"2026-04-14T08:02:58","modified_gmt":"2026-04-14T08:02:58","slug":"dermallay-sensitive-shampoo","status":"publish","type":"product","link":"https:\/\/www.pharmacy4pets.nl\/be\/dermallay-sensitive-shampoo","title":{"rendered":"DermAllay Sensitive Shampoo | Hond &#038; Kat 230ml"},"content":{"rendered":"<p>DermAllay Sensitive Shampoo van Dechra is een milde shampoo met kokosnoot voor de gevoelige huid van uw hond of kat. Deze shampoo is speciaal ontwikkeld om vuil effectief te verwijderen, waardoor de vacht zacht en makkelijk te borstelen is. Het bevat de natuurlijke geur en vocht inbrengende eigenschappen van kokosnoot. Geschikt voor gebruik bij puppy&rsquo;s en kittens<\/p>\n<p><span style=\"text-decoration: underline;\">Toediening:<\/span><\/p>\n<ol>\n<li>Maak de vacht nat<\/li>\n<li>Shampoo aanbrengen en licht inmasseren tot de shampoo licht begint te schuimen<\/li>\n<li>Laat de shampoo 5 &agrave; 10 minuten intrekken<\/li>\n<li>Grondig uitspoelen&nbsp;<\/li>\n<\/ol>\n<p><span style=\"text-decoration: underline;\">Verpakking:<br \/><\/span>Fles &agrave; 230ml<\/p>\n","protected":false},"excerpt":{"rendered":"<p>DermAllay Sensitive Shampoo van Dechra is een milde shampoo met kokosnoot voor de gevoelige huid van uw hond of kat. Deze shampoo is speciaal ontwikkeld om vuil effectief te verwijderen, waardoor de vacht zacht en makkelijk te borstelen is. Het bevat de natuurlijke geur en vocht inbrengende eigenschappen van kokosnoot. Geschikt voor gebruik bij puppy&rsquo;s [&hellip;]<\/p>\n","protected":false},"featured_media":118670,"comment_status":"open","ping_status":"closed","template":"","meta":{"_acf_changed":false,"_nl_post_content":"<p>DermAllay Sensitive Shampoo van Dechra is een milde shampoo met kokosnoot voor de gevoelige huid van uw hond of kat. Deze shampoo is speciaal ontwikkeld om vuil effectief te verwijderen, waardoor de vacht zacht en makkelijk te borstelen is. Het bevat de natuurlijke geur en vocht inbrengende eigenschappen van kokosnoot. Geschikt voor gebruik bij puppy&rsquo;s en kittens<\/p>\r\n<p><span style=\"text-decoration: underline;\">Toediening:<\/span><\/p>\r\n<ol>\r\n<li>Maak de vacht nat<\/li>\r\n<li>Shampoo aanbrengen en licht inmasseren tot de shampoo licht begint te schuimen<\/li>\r\n<li>Laat de shampoo 5 &agrave; 10 minuten intrekken<\/li>\r\n<li>Grondig uitspoelen&nbsp;<\/li>\r\n<\/ol>\r\n<p><span style=\"text-decoration: underline;\">Verpakking:<br \/><\/span>Fles &agrave; 230ml<\/p>","_nl_post_name":"dermallay-sensitive-shampoo","_nl_post_excerpt":"","_nl_post_title":"DermAllay Sensitive Shampoo | Hond & Kat 230ml","_en_post_content":"<p>DermAllay Sensitive Shampoo from Dechra is a mild coconut shampoo for sensitive skin of your dog and cat. This shampoo is specially designed to effectively remove dirt, which makes the coat soft and easy to brush. It contains the natural odour and moisturizing properties of coconut. Suitable for use with puppies and kittens.<\/p>\r\n<p><span style=\"text-decoration: underline;\">Administration:<\/span><\/p>\r\n<ol>\r\n<li>Wet the coat<\/li>\r\n<li>Apply shampoo and massage lightly until the shampoo starts to (lightly) foam<\/li>\r\n<li>Leave the shampoo for 5 to 10 minutes<\/li>\r\n<li>Rinse thoroughly<\/li>\r\n<\/ol>\r\n<p><span style=\"text-decoration: underline;\">Package:<br \/><\/span>Bottle of 230ml<\/p>","_en_post_name":"dermallay-sensitive-shampoo","_en_post_excerpt":"","_en_post_title":"DermAllay Sensitive Shampoo | Dog & Cat 230ml","_de_post_content":"<p>DermAllay Sensitive Shampoo von Dechra ist ein mildes Shampoo mit Kokosnuss f&uuml;r die empfindliche Haut Ihres Hundes oder Katze. Dieses Shampoo ist so ausgelegt, um effektiv Schmutz zu entfernen, so dass das Fell weich und leicht zu b&uuml;rsten ist. Es enth&auml;lt nat&uuml;rliche Duft und feuchtigkeitsspendenden Eigenschaften der Kokosnuss. Geeignet f&uuml;r den Einsatz in Welpen und K&auml;tzchen<\/p>\r\n<p><span style=\"text-decoration: underline;\">Anwendung:<\/span><\/p>\r\n<ol>\r\n<li>Nasse das Mantel<\/li>\r\n<li>Shampoo auftragen und leicht einmassieren, bis das Shampoo zu sch&auml;umen beginnt<\/li>\r\n<li>Lassen Sie das Shampoo f&uuml;r 5 bis 10 Minuten<\/li>\r\n<li>Gr&uuml;ndlich aussp&uuml;len&nbsp;<\/li>\r\n<\/ol>\r\n<p><span style=\"text-decoration: underline;\">Verpackung:<br \/><\/span>Flasche 230ml<\/p>","_de_post_name":"dermallay-sensitive-shampoo","_de_post_excerpt":"","_de_post_title":"DermAllay Sensitive Shampoo | Hund & Katze 230ml","_fr_post_content":"<p>DermAllay Sensitive Shampoo van Dechra is een milde shampoo met kokosnoot voor de gevoelige huid van uw hond of kat. Deze shampoo is speciaal ontwikkeld om vuil effectief te verwijderen, waardoor de vacht zacht en makkelijk te borstelen is. Het bevat de natuurlijke geur en vocht inbrengende eigenschappen van kokosnoot. Geschikt voor gebruik bij puppy&rsquo;s en kittens<\/p>\r\n<p><span style=\"text-decoration: underline;\">Toediening:<\/span><\/p>\r\n<ol>\r\n<li>Maak de vacht nat<\/li>\r\n<li>Shampoo aanbrengen en licht inmasseren tot de shampoo licht begint te schuimen<\/li>\r\n<li>Laat de shampoo 5 &agrave; 10 minuten intrekken<\/li>\r\n<li>Grondig uitspoelen&nbsp;<\/li>\r\n<\/ol>\r\n<p><span style=\"text-decoration: underline;\">Verpakking:<br \/><\/span>Fles &agrave; 230ml<\/p>","_fr_post_name":"dermallay-sensitive-shampoo","_fr_post_excerpt":"","_fr_post_title":"DermAllay Sensitive Shampoo | Hond & Kat 230ml","_es_post_content":"<p>DermAllay Sensitive Champ\u00fa de Dechra es un champ\u00fa suave con coco para la piel sensible de su perro o gato. Este champ\u00fa para perros y gatos ha sido especialmente desarrollado para eliminar eficazmente la suciedad, dejando el pelaje suave y f\u00e1cil de cepillar. Contiene la fragancia natural y las propiedades hidratantes del coco. Adecuado para su uso en cachorros y gatitos.<\/p>\r\n<h3>Administraci\u00f3n<\/h3>\r\n<ol>\r\n<li>Mojar el pelaje<\/li>\r\n<li>Aplicar champ\u00fa y masajear ligeramente hasta que el champ\u00fa comience a formar una ligera espuma.<\/li>\r\n<li>Dejar actuar el champ\u00fa de 5 a 10 minutos.<\/li>\r\n<li>Enjuague bien.<\/li>\r\n<\/ol>\r\n<h3>Embalaje<\/h3>\r\n<p>Botella de 230 ml.<\/p>","_es_post_name":"dermallay-sensitive-champu-para-perros-gatos","_es_post_excerpt":"","_es_post_title":"DermAllay Sensitive Champ\u00fa para perros y gatos 230 ml","edit_language":"nl"},"product_brand":[],"product_cat":[1891,1861,1912,1117,1118,1857,2125,2131,1863,1893],"product_tag":[],"class_list":{"0":"post-118671","1":"product","2":"type-product","3":"status-publish","4":"has-post-thumbnail","6":"product_cat-benodigdheden","8":"product_cat-dermallay","9":"product_cat-honden","10":"product_cat-katten","11":"product_cat-merken","12":"product_cat-shampoos-en-conditioners","14":"product_cat-verzorging","16":"pa_aandoening-huid_vacht","17":"pa_doeldier-hond","18":"pa_doeldier-kat","19":"pa_fabricatieland-nederland","20":"pa_merkfilter-dermallay","21":"pa_merkgroep-dechra","22":"pa_productsoort-overig","23":"pa_seo_canonical_store_id-not_found_value","24":"pa_seo_category-not_found_value","25":"pa_seo_meta_robots-not_found_value","26":"pa_toedieningswijze-shampoo","27":"pa_unit_pricing_base_measure-100ml","28":"pa_unit_pricing_measure-230ml","29":"pa_werkzamestof-overig","31":"first","32":"instock","33":"taxable","34":"shipping-taxable","35":"purchasable","36":"product-type-simple"},"yoast_head":"<!-- This site is optimized with the Yoast SEO plugin v27.5 - https:\/\/yoast.com\/product\/yoast-seo-wordpress\/ -->\n<title>DermAllay Sensitive Shampoo | Vacht verzorging Hond &amp; Kat<\/title>\n<meta name=\"description\" content=\"DermAllay Sensitive Shampoo van Dechra is een milde shampoo met kokosnoot voor de gevoelige huid van uw hond of kat.\" \/>\n<meta name=\"robots\" content=\"index, follow, max-snippet:-1, max-image-preview:large, max-video-preview:-1\" \/>\n<link rel=\"canonical\" href=\"https:\/\/p4p-nl.bootmine.com\/%product-slug%\/dermallay-sensitive-shampoo\" \/>\n<meta property=\"og:locale\" content=\"nl_NL\" \/>\n<meta property=\"og:type\" content=\"article\" \/>\n<meta property=\"og:title\" content=\"DermAllay Sensitive Shampoo | Vacht verzorging Hond &amp; Kat\" \/>\n<meta property=\"og:description\" content=\"DermAllay Sensitive Shampoo van Dechra is een milde shampoo met kokosnoot voor de gevoelige huid van uw hond of kat.\" \/>\n<meta property=\"og:url\" content=\"https:\/\/p4p-nl.bootmine.com\/%product-slug%\/dermallay-sensitive-shampoo\" \/>\n<meta property=\"og:site_name\" content=\"Pharmacy4pets\" \/>\n<meta property=\"article:publisher\" content=\"https:\/\/www.facebook.com\/people\/Pharmacy4petsnl\/100063484989896\/\" \/>\n<meta property=\"article:modified_time\" content=\"2026-04-14T08:02:58+00:00\" \/>\n<meta property=\"og:image\" content=\"https:\/\/p4p-nl.bootmine.com\/wp-content\/uploads\/2017\/08\/21730.jpg\" \/>\n\t<meta property=\"og:image:width\" content=\"220\" \/>\n\t<meta property=\"og:image:height\" content=\"254\" \/>\n\t<meta property=\"og:image:type\" content=\"image\/jpeg\" \/>\n<meta name=\"twitter:card\" content=\"summary_large_image\" \/>\n<script type=\"application\/ld+json\" class=\"yoast-schema-graph\">{\"@context\":\"https:\\\/\\\/schema.org\",\"@graph\":[{\"@type\":\"WebPage\",\"@id\":\"https:\\\/\\\/p4p-nl.bootmine.com\\\/%product-slug%\\\/dermallay-sensitive-shampoo\",\"url\":\"https:\\\/\\\/p4p-nl.bootmine.com\\\/%product-slug%\\\/dermallay-sensitive-shampoo\",\"name\":\"DermAllay Sensitive Shampoo | Vacht verzorging Hond & Kat\",\"isPartOf\":{\"@id\":\"http:\\\/\\\/www.pharmacy4pets.nl\\\/#website\"},\"primaryImageOfPage\":{\"@id\":\"https:\\\/\\\/p4p-nl.bootmine.com\\\/%product-slug%\\\/dermallay-sensitive-shampoo#primaryimage\"},\"image\":{\"@id\":\"https:\\\/\\\/p4p-nl.bootmine.com\\\/%product-slug%\\\/dermallay-sensitive-shampoo#primaryimage\"},\"thumbnailUrl\":\"https:\\\/\\\/www.pharmacy4pets.nl\\\/wp-content\\\/uploads\\\/2017\\\/08\\\/21730.jpg\",\"datePublished\":\"2017-08-09T07:54:55+00:00\",\"dateModified\":\"2026-04-14T08:02:58+00:00\",\"description\":\"DermAllay Sensitive Shampoo van Dechra is een milde shampoo met kokosnoot voor de gevoelige huid van uw hond of kat.\",\"breadcrumb\":{\"@id\":\"https:\\\/\\\/p4p-nl.bootmine.com\\\/%product-slug%\\\/dermallay-sensitive-shampoo#breadcrumb\"},\"inLanguage\":\"nl-NL\",\"potentialAction\":[{\"@type\":\"ReadAction\",\"target\":[\"https:\\\/\\\/p4p-nl.bootmine.com\\\/%product-slug%\\\/dermallay-sensitive-shampoo\"]}]},{\"@type\":\"ImageObject\",\"inLanguage\":\"nl-NL\",\"@id\":\"https:\\\/\\\/p4p-nl.bootmine.com\\\/%product-slug%\\\/dermallay-sensitive-shampoo#primaryimage\",\"url\":\"https:\\\/\\\/www.pharmacy4pets.nl\\\/wp-content\\\/uploads\\\/2017\\\/08\\\/21730.jpg\",\"contentUrl\":\"https:\\\/\\\/www.pharmacy4pets.nl\\\/wp-content\\\/uploads\\\/2017\\\/08\\\/21730.jpg\",\"width\":220,\"height\":254,\"caption\":\"DermAllay\"},{\"@type\":\"BreadcrumbList\",\"@id\":\"https:\\\/\\\/p4p-nl.bootmine.com\\\/%product-slug%\\\/dermallay-sensitive-shampoo#breadcrumb\",\"itemListElement\":[{\"@type\":\"ListItem\",\"position\":1,\"name\":\"Home\",\"item\":\"https:\\\/\\\/p4p-nl.bootmine.com\\\/\"},{\"@type\":\"ListItem\",\"position\":2,\"name\":\"Winkel\",\"item\":\"https:\\\/\\\/p4p-nl.bootmine.com\\\/winkel\"},{\"@type\":\"ListItem\",\"position\":3,\"name\":\"DermAllay Sensitive Shampoo | Hond &#038; Kat 230ml\"}]},{\"@type\":\"WebSite\",\"@id\":\"http:\\\/\\\/www.pharmacy4pets.nl\\\/#website\",\"url\":\"http:\\\/\\\/www.pharmacy4pets.nl\\\/\",\"name\":\"Pharmacy4pets\",\"description\":\"Pharmacy4pets.nl is d\u00e9 online apotheek waar u terecht kunt voor alle diergeneesmiddelen, verzorgingsproducten en dieetvoeding voor uw huisdier.\",\"publisher\":{\"@id\":\"http:\\\/\\\/www.pharmacy4pets.nl\\\/#organization\"},\"potentialAction\":[{\"@type\":\"SearchAction\",\"target\":{\"@type\":\"EntryPoint\",\"urlTemplate\":\"http:\\\/\\\/www.pharmacy4pets.nl\\\/?s={search_term_string}\"},\"query-input\":{\"@type\":\"PropertyValueSpecification\",\"valueRequired\":true,\"valueName\":\"search_term_string\"}}],\"inLanguage\":\"nl-NL\"},{\"@type\":\"Organization\",\"@id\":\"http:\\\/\\\/www.pharmacy4pets.nl\\\/#organization\",\"name\":\"Pharmacy4pets\",\"url\":\"http:\\\/\\\/www.pharmacy4pets.nl\\\/\",\"logo\":{\"@type\":\"ImageObject\",\"inLanguage\":\"nl-NL\",\"@id\":\"http:\\\/\\\/www.pharmacy4pets.nl\\\/#\\\/schema\\\/logo\\\/image\\\/\",\"url\":\"https:\\\/\\\/p4p-nl.bootmine.com\\\/wp-content\\\/uploads\\\/2026\\\/03\\\/logo-pharmacy4pets.png\",\"contentUrl\":\"https:\\\/\\\/p4p-nl.bootmine.com\\\/wp-content\\\/uploads\\\/2026\\\/03\\\/logo-pharmacy4pets.png\",\"width\":1024,\"height\":135,\"caption\":\"Pharmacy4pets\"},\"image\":{\"@id\":\"http:\\\/\\\/www.pharmacy4pets.nl\\\/#\\\/schema\\\/logo\\\/image\\\/\"},\"sameAs\":[\"https:\\\/\\\/www.facebook.com\\\/people\\\/Pharmacy4petsnl\\\/100063484989896\\\/\",\"https:\\\/\\\/www.youtube.com\\\/channel\\\/UCGPTIgucgli03tP2_kvLkHg\\\/featured\",\"https:\\\/\\\/www.instagram.com\\\/pharmacy4pets.nl\"]}]}<\/script>\n<!-- \/ Yoast SEO plugin. -->","yoast_head_json":{"title":"DermAllay Sensitive Shampoo | Vacht verzorging Hond & Kat","description":"DermAllay Sensitive Shampoo van Dechra is een milde shampoo met kokosnoot voor de gevoelige huid van uw hond of kat.","robots":{"index":"index","follow":"follow","max-snippet":"max-snippet:-1","max-image-preview":"max-image-preview:large","max-video-preview":"max-video-preview:-1"},"canonical":"https:\/\/p4p-nl.bootmine.com\/%product-slug%\/dermallay-sensitive-shampoo","og_locale":"nl_NL","og_type":"article","og_title":"DermAllay Sensitive Shampoo | Vacht verzorging Hond & Kat","og_description":"DermAllay Sensitive Shampoo van Dechra is een milde shampoo met kokosnoot voor de gevoelige huid van uw hond of kat.","og_url":"https:\/\/p4p-nl.bootmine.com\/%product-slug%\/dermallay-sensitive-shampoo","og_site_name":"Pharmacy4pets","article_publisher":"https:\/\/www.facebook.com\/people\/Pharmacy4petsnl\/100063484989896\/","article_modified_time":"2026-04-14T08:02:58+00:00","og_image":[{"width":220,"height":254,"url":"https:\/\/p4p-nl.bootmine.com\/wp-content\/uploads\/2017\/08\/21730.jpg","type":"image\/jpeg"}],"twitter_card":"summary_large_image","schema":{"@context":"https:\/\/schema.org","@graph":[{"@type":"WebPage","@id":"https:\/\/p4p-nl.bootmine.com\/%product-slug%\/dermallay-sensitive-shampoo","url":"https:\/\/p4p-nl.bootmine.com\/%product-slug%\/dermallay-sensitive-shampoo","name":"DermAllay Sensitive Shampoo | Vacht verzorging Hond & Kat","isPartOf":{"@id":"http:\/\/www.pharmacy4pets.nl\/#website"},"primaryImageOfPage":{"@id":"https:\/\/p4p-nl.bootmine.com\/%product-slug%\/dermallay-sensitive-shampoo#primaryimage"},"image":{"@id":"https:\/\/p4p-nl.bootmine.com\/%product-slug%\/dermallay-sensitive-shampoo#primaryimage"},"thumbnailUrl":"https:\/\/www.pharmacy4pets.nl\/wp-content\/uploads\/2017\/08\/21730.jpg","datePublished":"2017-08-09T07:54:55+00:00","dateModified":"2026-04-14T08:02:58+00:00","description":"DermAllay Sensitive Shampoo van Dechra is een milde shampoo met kokosnoot voor de gevoelige huid van uw hond of kat.","breadcrumb":{"@id":"https:\/\/p4p-nl.bootmine.com\/%product-slug%\/dermallay-sensitive-shampoo#breadcrumb"},"inLanguage":"nl-NL","potentialAction":[{"@type":"ReadAction","target":["https:\/\/p4p-nl.bootmine.com\/%product-slug%\/dermallay-sensitive-shampoo"]}]},{"@type":"ImageObject","inLanguage":"nl-NL","@id":"https:\/\/p4p-nl.bootmine.com\/%product-slug%\/dermallay-sensitive-shampoo#primaryimage","url":"https:\/\/www.pharmacy4pets.nl\/wp-content\/uploads\/2017\/08\/21730.jpg","contentUrl":"https:\/\/www.pharmacy4pets.nl\/wp-content\/uploads\/2017\/08\/21730.jpg","width":220,"height":254,"caption":"DermAllay"},{"@type":"BreadcrumbList","@id":"https:\/\/p4p-nl.bootmine.com\/%product-slug%\/dermallay-sensitive-shampoo#breadcrumb","itemListElement":[{"@type":"ListItem","position":1,"name":"Home","item":"https:\/\/p4p-nl.bootmine.com\/"},{"@type":"ListItem","position":2,"name":"Winkel","item":"https:\/\/p4p-nl.bootmine.com\/winkel"},{"@type":"ListItem","position":3,"name":"DermAllay Sensitive Shampoo | Hond &#038; Kat 230ml"}]},{"@type":"WebSite","@id":"http:\/\/www.pharmacy4pets.nl\/#website","url":"http:\/\/www.pharmacy4pets.nl\/","name":"Pharmacy4pets","description":"Pharmacy4pets.nl is d\u00e9 online apotheek waar u terecht kunt voor alle diergeneesmiddelen, verzorgingsproducten en dieetvoeding voor uw huisdier.","publisher":{"@id":"http:\/\/www.pharmacy4pets.nl\/#organization"},"potentialAction":[{"@type":"SearchAction","target":{"@type":"EntryPoint","urlTemplate":"http:\/\/www.pharmacy4pets.nl\/?s={search_term_string}"},"query-input":{"@type":"PropertyValueSpecification","valueRequired":true,"valueName":"search_term_string"}}],"inLanguage":"nl-NL"},{"@type":"Organization","@id":"http:\/\/www.pharmacy4pets.nl\/#organization","name":"Pharmacy4pets","url":"http:\/\/www.pharmacy4pets.nl\/","logo":{"@type":"ImageObject","inLanguage":"nl-NL","@id":"http:\/\/www.pharmacy4pets.nl\/#\/schema\/logo\/image\/","url":"https:\/\/p4p-nl.bootmine.com\/wp-content\/uploads\/2026\/03\/logo-pharmacy4pets.png","contentUrl":"https:\/\/p4p-nl.bootmine.com\/wp-content\/uploads\/2026\/03\/logo-pharmacy4pets.png","width":1024,"height":135,"caption":"Pharmacy4pets"},"image":{"@id":"http:\/\/www.pharmacy4pets.nl\/#\/schema\/logo\/image\/"},"sameAs":["https:\/\/www.facebook.com\/people\/Pharmacy4petsnl\/100063484989896\/","https:\/\/www.youtube.com\/channel\/UCGPTIgucgli03tP2_kvLkHg\/featured","https:\/\/www.instagram.com\/pharmacy4pets.nl"]}]}},"market_data":{"nl":{"price":0,"sale_price":0,"active":false,"url":null,"parent_url":"","tax_rate":0,"price_inc_tax":0,"sale_price_inc_tax":0},"de":{"price":0,"sale_price":0,"active":false,"url":null,"parent_url":"","tax_rate":0,"price_inc_tax":0,"sale_price_inc_tax":0},"be":{"price":0,"sale_price":0,"active":false,"url":null,"parent_url":"","tax_rate":0,"price_inc_tax":0,"sale_price_inc_tax":0},"fr":{"price":0,"sale_price":0,"active":false,"url":null,"parent_url":"","tax_rate":0,"price_inc_tax":0,"sale_price_inc_tax":0},"ch":{"price":0,"sale_price":0,"active":false,"url":null,"parent_url":"","tax_rate":0,"price_inc_tax":0,"sale_price_inc_tax":0},"at":{"price":0,"sale_price":0,"active":false,"url":null,"parent_url":"","tax_rate":0,"price_inc_tax":0,"sale_price_inc_tax":0},"es":{"price":0,"sale_price":0,"active":false,"url":null,"parent_url":"","tax_rate":0,"price_inc_tax":0,"sale_price_inc_tax":0},"dk":{"price":0,"sale_price":0,"active":false,"url":null,"parent_url":"","tax_rate":0,"price_inc_tax":0,"sale_price_inc_tax":0},"com":{"price":0,"sale_price":0,"active":false,"url":null,"parent_url":"","tax_rate":0,"price_inc_tax":0,"sale_price_inc_tax":0}},"market_nl_price":0,"market_nl_sale_price":0,"market_nl_active":false,"market_nl_url":null,"market_nl_parent_url":"","market_nl_tax_rate":0,"market_nl_price_inc_tax":0,"market_nl_sale_price_inc_tax":0,"market_de_price":0,"market_de_sale_price":0,"market_de_active":false,"market_de_url":null,"market_de_parent_url":"","market_de_tax_rate":0,"market_de_price_inc_tax":0,"market_de_sale_price_inc_tax":0,"market_be_price":0,"market_be_sale_price":0,"market_be_active":false,"market_be_url":null,"market_be_parent_url":"","market_be_tax_rate":0,"market_be_price_inc_tax":0,"market_be_sale_price_inc_tax":0,"market_fr_price":0,"market_fr_sale_price":0,"market_fr_active":false,"market_fr_url":null,"market_fr_parent_url":"","market_fr_tax_rate":0,"market_fr_price_inc_tax":0,"market_fr_sale_price_inc_tax":0,"market_ch_price":0,"market_ch_sale_price":0,"market_ch_active":false,"market_ch_url":null,"market_ch_parent_url":"","market_ch_tax_rate":0,"market_ch_price_inc_tax":0,"market_ch_sale_price_inc_tax":0,"market_at_price":0,"market_at_sale_price":0,"market_at_active":false,"market_at_url":null,"market_at_parent_url":"","market_at_tax_rate":0,"market_at_price_inc_tax":0,"market_at_sale_price_inc_tax":0,"market_es_price":0,"market_es_sale_price":0,"market_es_active":false,"market_es_url":null,"market_es_parent_url":"","market_es_tax_rate":0,"market_es_price_inc_tax":0,"market_es_sale_price_inc_tax":0,"market_dk_price":0,"market_dk_sale_price":0,"market_dk_active":false,"market_dk_url":null,"market_dk_parent_url":"","market_dk_tax_rate":0,"market_dk_price_inc_tax":0,"market_dk_sale_price_inc_tax":0,"market_com_price":0,"market_com_sale_price":0,"market_com_active":false,"market_com_url":null,"market_com_parent_url":"","market_com_tax_rate":0,"market_com_price_inc_tax":0,"market_com_sale_price_inc_tax":0,"acf":[],"_links":{"self":[{"href":"https:\/\/www.pharmacy4pets.nl\/be\/wp-json\/wp\/v2\/product\/118671","targetHints":{"allow":["GET"]}}],"collection":[{"href":"https:\/\/www.pharmacy4pets.nl\/be\/wp-json\/wp\/v2\/product"}],"about":[{"href":"https:\/\/www.pharmacy4pets.nl\/be\/wp-json\/wp\/v2\/types\/product"}],"replies":[{"embeddable":true,"href":"https:\/\/www.pharmacy4pets.nl\/be\/wp-json\/wp\/v2\/comments?post=118671"}],"wp:featuredmedia":[{"embeddable":true,"href":"https:\/\/www.pharmacy4pets.nl\/be\/wp-json\/wp\/v2\/media\/118670"}],"wp:attachment":[{"href":"https:\/\/www.pharmacy4pets.nl\/be\/wp-json\/wp\/v2\/media?parent=118671"}],"wp:term":[{"taxonomy":"product_brand","embeddable":true,"href":"https:\/\/www.pharmacy4pets.nl\/be\/wp-json\/wp\/v2\/product_brand?post=118671"},{"taxonomy":"product_cat","embeddable":true,"href":"https:\/\/www.pharmacy4pets.nl\/be\/wp-json\/wp\/v2\/product_cat?post=118671"},{"taxonomy":"product_tag","embeddable":true,"href":"https:\/\/www.pharmacy4pets.nl\/be\/wp-json\/wp\/v2\/product_tag?post=118671"}],"curies":[{"name":"wp","href":"https:\/\/api.w.org\/{rel}","templated":true}]}}