{"id":118669,"date":"2017-08-09T07:47:15","date_gmt":"2017-08-09T07:47:15","guid":{"rendered":"https:\/\/p4p.test\/dermallay-oatmeal-conditioner"},"modified":"2026-04-14T08:02:58","modified_gmt":"2026-04-14T08:02:58","slug":"dermallay-oatmeal-conditioner","status":"publish","type":"product","link":"https:\/\/www.pharmacy4pets.nl\/be\/dermallay-oatmeal-conditioner","title":{"rendered":"DermAllay Oatmeal Conditioner Spray| Hond &#038; Kat 230ml"},"content":{"rendered":"<p>DermAllay Oatmeal Conditioner van Dechra is een verzachtende spray op basis van havermout. Het herstelt de conditie van de vacht en de vochtbalans van de huid bij seizoensgebonden jeuk. Voor een natuurlijke glans. De spray is handig in gebruik en hoeft niet uitgewassen te worden. De conditioner geeft het beste effect wanneer het gebruik wordt met de DermAllay Oatmeal Shampoo<\/p>\n<p><span style=\"text-decoration: underline;\">Toediening:<\/span><\/p>\n<p>De conditioner kan zowel op een droge als natte vacht gebruikt worden.<\/p>\n<p>Droge vacht:<\/p>\n<ol>\n<li>Goed schudden voor gebruik<\/li>\n<li>Conditioner op vacht sprayen en laten opdrogen<\/li>\n<\/ol>\n<p>Natte vacht (na wassen):<\/p>\n<ol>\n<li>Goed schudden voor gebruik<\/li>\n<li>Overtollig water verwijderen<\/li>\n<li>Conditioner op de vacht sprayen en laten opdrogen<\/li>\n<\/ol>\n<p><span style=\"text-decoration: underline;\">Verpakking:<br \/><\/span>Spray &agrave; 230 ml<\/p>\n","protected":false},"excerpt":{"rendered":"<p>DermAllay Oatmeal Conditioner van Dechra is een verzachtende spray op basis van havermout. Het herstelt de conditie van de vacht en de vochtbalans van de huid bij seizoensgebonden jeuk. Voor een natuurlijke glans. De spray is handig in gebruik en hoeft niet uitgewassen te worden. De conditioner geeft het beste effect wanneer het gebruik wordt [&hellip;]<\/p>\n","protected":false},"featured_media":118668,"comment_status":"open","ping_status":"closed","template":"","meta":{"_acf_changed":false,"_nl_post_content":"<p>DermAllay Oatmeal Conditioner van Dechra is een verzachtende spray op basis van havermout. Het herstelt de conditie van de vacht en de vochtbalans van de huid bij seizoensgebonden jeuk. Voor een natuurlijke glans. De spray is handig in gebruik en hoeft niet uitgewassen te worden. De conditioner geeft het beste effect wanneer het gebruik wordt met de DermAllay Oatmeal Shampoo<\/p>\r\n<p><span style=\"text-decoration: underline;\">Toediening:<\/span><\/p>\r\n<p>De conditioner kan zowel op een droge als natte vacht gebruikt worden.<\/p>\r\n<p>Droge vacht:<\/p>\r\n<ol>\r\n<li>Goed schudden voor gebruik<\/li>\r\n<li>Conditioner op vacht sprayen en laten opdrogen<\/li>\r\n<\/ol>\r\n<p>Natte vacht (na wassen):<\/p>\r\n<ol>\r\n<li>Goed schudden voor gebruik<\/li>\r\n<li>Overtollig water verwijderen<\/li>\r\n<li>Conditioner op de vacht sprayen en laten opdrogen<\/li>\r\n<\/ol>\r\n<p><span style=\"text-decoration: underline;\">Verpakking:<br \/><\/span>Spray &agrave; 230 ml<\/p>","_nl_post_name":"dermallay-oatmeal-conditioner","_nl_post_excerpt":"","_nl_post_title":"DermAllay Oatmeal Conditioner Spray| Hond & Kat 230ml","_en_post_content":"<p>DermAllay Oatmeal Conditioner from Dechra is an enchanting spray based on oatmeal. It restores the condition and balance of the skin, especially with seasonal itch of itching by flies. The spray is handy in use and does not have to be washed out. The conditioner gives the best effect when used with the DermAllay Oatmeal Shampoo<\/p>\r\n<p><span style=\"text-decoration: underline;\">Administration:<br \/><\/span>The conditioner can be used both on dry and wet coat<\/p>\r\n<p>Dry coat:<\/p>\r\n<ol>\r\n<li>Shake well before use<\/li>\r\n<li>Spray the conditioner on the coat and allow for it to dry<\/li>\r\n<\/ol>\r\n<p>Wet fur (after washing)<\/p>\r\n<ol>\r\n<li>Shake well before use<\/li>\r\n<li>Remove excess water<\/li>\r\n<li>Spray the conditioner on the coat and allow for it to dry.&nbsp;<\/li>\r\n<\/ol>\r\n<p><span style=\"text-decoration: underline;\">Package:<br \/><\/span>Spray 230ml<\/p>","_en_post_name":"dermallay-oatmeal-conditioner","_en_post_excerpt":"","_en_post_title":"DermAllay Oatmeal Conditioner Spray | Dog & Cat 230ml","_de_post_content":"<p>&nbsp;<\/p>\r\n<p>DermAllay Oatmeal Conditioner von Dechra ist ein beruhigendes Spray auf Basis von Haferflocken. Es stellt den Zustand des Fells und der Feuchtigkeit der Haut, insbesondere mit saisonalen Juckreiz oder Juckreiz durch Stechfliegen. F&uuml;r einen nat&uuml;rlichen Glanz. Das Spray ist einfach zu bedienen und muss nicht ausgewaschen werden. Der Conditioner gibt die beste Wirkung, wenn er mit dem DermAllay Oatmeal Shampoo verwendet wird.&nbsp;<\/p>\r\n<p>&nbsp;<\/p>\r\n<p><span style=\"text-decoration: underline;\">Anwendung:<br \/><\/span>Der Conditioner kann sowohl auf trockenem als auch nassem Mantel verwendet werden.<\/p>\r\n<p>&nbsp;<\/p>\r\n<p>Trockenmantel:<\/p>\r\n<p>&nbsp;<\/p>\r\n<ol>\r\n<li>Vor Gebrauch gut sch&uuml;tteln<\/li>\r\n<li>Spr&uuml;hen Sie den Conditioner auf den Mantel und lassen Sie ihn trocknen<\/li>\r\n<\/ol>\r\n<p>&nbsp;<\/p>\r\n<p>Nass Fell (nach dem Waschen)<\/p>\r\n<p>&nbsp;<\/p>\r\n<ol>\r\n<li>Vor Gebrauch gut sch&uuml;tteln<\/li>\r\n<li>&Uuml;bersch&uuml;ssiges Wasser entfernen<\/li>\r\n<li>Spr&uuml;hen Sie den Conditioner auf den Mantel und lassen Sie ihn trocknen.&nbsp;<\/li>\r\n<\/ol>\r\n<p>&nbsp;<\/p>\r\n<p><span style=\"text-decoration: underline;\">Verpackung:<br \/><\/span>Spray 230 ml<\/p>\r\n<p><span style=\"text-decoration: underline;\"><br \/><\/span>Spray &agrave; 230 ml<\/p>","_de_post_name":"dermallay-oatmeal-conditioner","_de_post_excerpt":"","_de_post_title":"DermAllay Oatmeal Conditioner Spray | Hund & Katze 230ml","_fr_post_content":"<p>DermAllay Oatmeal Conditioner van Dechra is een verzachtende spray op basis van havermout. Het herstelt de conditie van de vacht en de vochtbalans van de huid bij seizoensgebonden jeuk. Voor een natuurlijke glans. De spray is handig in gebruik en hoeft niet uitgewassen te worden. De conditioner geeft het beste effect wanneer het gebruik wordt met de DermAllay Oatmeal Shampoo<\/p>\r\n<p><span style=\"text-decoration: underline;\">Toediening:<\/span><\/p>\r\n<p>De conditioner kan zowel op een droge als natte vacht gebruikt worden.<\/p>\r\n<p>Droge vacht:<\/p>\r\n<ol>\r\n<li>Goed schudden voor gebruik<\/li>\r\n<li>Conditioner op vacht sprayen en laten opdrogen<\/li>\r\n<\/ol>\r\n<p>Natte vacht (na wassen):<\/p>\r\n<ol>\r\n<li>Goed schudden voor gebruik<\/li>\r\n<li>Overtollig water verwijderen<\/li>\r\n<li>Conditioner op de vacht sprayen en laten opdrogen<\/li>\r\n<\/ol>\r\n<p><span style=\"text-decoration: underline;\">Verpakking:<br \/><\/span>Spray &agrave; 230 ml<\/p>","_fr_post_name":"dermallay-oatmeal-conditioner","_fr_post_excerpt":"","_fr_post_title":"DermAllay Oatmeal Conditioner Spray| Hond & Kat 230ml","_es_post_content":"<p>DermAllay Oatmeal Conditioner de Dechra es un spray calmante a base de avena, para la piel y pelage de perros y gatos. DermAllay Oatmeal Conditioner restaura la condici\u00f3n del pelaje y el equilibrio de humedad de la piel en caso de picaz\u00f3n estacional. Para un brillo natural. El spray es f\u00e1cil de usar y no necesita ser lavado. El acondicionador brinda el mejor efecto cuando se usa con el champ\u00fa de avena DermAllay.<\/p>\r\n<h3>Administraci\u00f3n<\/h3>\r\n<p>El conditioner se puede usar tanto en una capa seca como h\u00fameda.<\/p>\r\n<p>Capa seca:<\/p>\r\n<ol>\r\n<li>Agite bien antes de usar<\/li>\r\n<li>Roc\u00ede DermAllay Oatmeal Conditioner en la capa y d\u00e9jelo secar.<\/li>\r\n<\/ol>\r\n<p>Capa h\u00fameda (despu\u00e9s del lavado):<\/p>\r\n<ol>\r\n<li>Agite bien antes de usar<\/li>\r\n<li>Eliminar el exceso de agua<\/li>\r\n<li>Pulverizar DermAllay Oatmeal Conditioner sobre el pelaje y dejar secar.<\/li>\r\n<\/ol>\r\n<h3>Embalaje<\/h3>\r\n<p>Pulverizar a 230 ml.<\/p>","_es_post_name":"dermallay-oatmeal-conditioner","_es_post_excerpt":"","_es_post_title":"DermAllay Oatmeal Conditioner Spray| Perros y gatos 230 ml","edit_language":"nl"},"product_brand":[],"product_cat":[1973,1891,1861,1912,1117,1845,1118,1839,1857,2125,2131,1863,1893],"product_tag":[],"class_list":{"0":"post-118669","1":"product","2":"type-product","3":"status-publish","4":"has-post-thumbnail","6":"product_cat-atopie","7":"product_cat-benodigdheden","9":"product_cat-dermallay","10":"product_cat-honden","11":"product_cat-huid-vacht","12":"product_cat-katten","13":"product_cat-medicijnen-supplementen","14":"product_cat-merken","15":"product_cat-shampoos-en-conditioners","17":"product_cat-verzorging","19":"pa_aandoening-huid_vacht","20":"pa_doeldier-hond","21":"pa_doeldier-kat","22":"pa_fabricatieland-nederland","23":"pa_merkfilter-dermallay","24":"pa_merkgroep-dechra","25":"pa_productsoort-overig","26":"pa_seo_canonical_store_id-not_found_value","27":"pa_seo_category-not_found_value","28":"pa_seo_meta_robots-not_found_value","29":"pa_toedieningswijze-conditioner","30":"pa_unit_pricing_base_measure-100ml","31":"pa_unit_pricing_measure-230ml","32":"pa_werkzamestof-overig","34":"first","35":"instock","36":"taxable","37":"shipping-taxable","38":"purchasable","39":"product-type-simple"},"yoast_head":"<!-- This site is optimized with the Yoast SEO plugin v27.5 - https:\/\/yoast.com\/product\/yoast-seo-wordpress\/ -->\n<title>DermAllay Oatmeal Conditioner | Huid &amp; Vacht Hond &amp; Kat<\/title>\n<meta name=\"description\" content=\"DermAllay Oatmeal Conditioner is een verzachtende spray op basis van havermout. Herstelt de kwaliteit van de vacht en werkt vocht inbrengend.\" \/>\n<meta name=\"robots\" content=\"index, follow, max-snippet:-1, max-image-preview:large, max-video-preview:-1\" \/>\n<link rel=\"canonical\" href=\"https:\/\/www.pharmacy4pets.nl\/dermallay-oatmeal-conditioner\" \/>\n<meta property=\"og:locale\" content=\"nl_NL\" \/>\n<meta property=\"og:type\" content=\"article\" \/>\n<meta property=\"og:title\" content=\"DermAllay Oatmeal Conditioner | Huid &amp; Vacht Hond &amp; Kat\" \/>\n<meta property=\"og:description\" content=\"DermAllay Oatmeal Conditioner is een verzachtende spray op basis van havermout. Herstelt de kwaliteit van de vacht en werkt vocht inbrengend.\" \/>\n<meta property=\"og:url\" content=\"https:\/\/www.pharmacy4pets.nl\/dermallay-oatmeal-conditioner\" \/>\n<meta property=\"og:site_name\" content=\"Pharmacy4pets\" \/>\n<meta property=\"article:publisher\" content=\"https:\/\/www.facebook.com\/people\/Pharmacy4petsnl\/100063484989896\/\" \/>\n<meta property=\"article:modified_time\" content=\"2026-04-14T08:02:58+00:00\" \/>\n<meta property=\"og:image\" content=\"https:\/\/www.pharmacy4pets.nl\/wp-content\/uploads\/2017\/08\/21728_v2.jpg\" \/>\n\t<meta property=\"og:image:width\" content=\"600\" \/>\n\t<meta property=\"og:image:height\" content=\"692\" \/>\n\t<meta property=\"og:image:type\" content=\"image\/jpeg\" \/>\n<meta name=\"twitter:card\" content=\"summary_large_image\" \/>\n<meta name=\"twitter:label1\" content=\"Geschatte leestijd\" \/>\n\t<meta name=\"twitter:data1\" content=\"1 minuut\" \/>\n<script type=\"application\/ld+json\" class=\"yoast-schema-graph\">{\"@context\":\"https:\\\/\\\/schema.org\",\"@graph\":[{\"@type\":\"WebPage\",\"@id\":\"https:\\\/\\\/www.pharmacy4pets.nl\\\/dermallay-oatmeal-conditioner\",\"url\":\"https:\\\/\\\/www.pharmacy4pets.nl\\\/dermallay-oatmeal-conditioner\",\"name\":\"DermAllay Oatmeal Conditioner | Huid & Vacht Hond & Kat\",\"isPartOf\":{\"@id\":\"http:\\\/\\\/www.pharmacy4pets.nl\\\/#website\"},\"primaryImageOfPage\":{\"@id\":\"https:\\\/\\\/www.pharmacy4pets.nl\\\/dermallay-oatmeal-conditioner#primaryimage\"},\"image\":{\"@id\":\"https:\\\/\\\/www.pharmacy4pets.nl\\\/dermallay-oatmeal-conditioner#primaryimage\"},\"thumbnailUrl\":\"https:\\\/\\\/www.pharmacy4pets.nl\\\/wp-content\\\/uploads\\\/2017\\\/08\\\/21728_v2.jpg\",\"datePublished\":\"2017-08-09T07:47:15+00:00\",\"dateModified\":\"2026-04-14T08:02:58+00:00\",\"description\":\"DermAllay Oatmeal Conditioner is een verzachtende spray op basis van havermout. Herstelt de kwaliteit van de vacht en werkt vocht inbrengend.\",\"breadcrumb\":{\"@id\":\"https:\\\/\\\/www.pharmacy4pets.nl\\\/dermallay-oatmeal-conditioner#breadcrumb\"},\"inLanguage\":\"nl-NL\",\"potentialAction\":[{\"@type\":\"ReadAction\",\"target\":[\"https:\\\/\\\/www.pharmacy4pets.nl\\\/dermallay-oatmeal-conditioner\"]}]},{\"@type\":\"ImageObject\",\"inLanguage\":\"nl-NL\",\"@id\":\"https:\\\/\\\/www.pharmacy4pets.nl\\\/dermallay-oatmeal-conditioner#primaryimage\",\"url\":\"https:\\\/\\\/www.pharmacy4pets.nl\\\/wp-content\\\/uploads\\\/2017\\\/08\\\/21728_v2.jpg\",\"contentUrl\":\"https:\\\/\\\/www.pharmacy4pets.nl\\\/wp-content\\\/uploads\\\/2017\\\/08\\\/21728_v2.jpg\",\"width\":600,\"height\":692,\"caption\":\"DermAllay\"},{\"@type\":\"BreadcrumbList\",\"@id\":\"https:\\\/\\\/www.pharmacy4pets.nl\\\/dermallay-oatmeal-conditioner#breadcrumb\",\"itemListElement\":[{\"@type\":\"ListItem\",\"position\":1,\"name\":\"Home\",\"item\":\"https:\\\/\\\/p4p-nl.bootmine.com\\\/\"},{\"@type\":\"ListItem\",\"position\":2,\"name\":\"Winkel\",\"item\":\"https:\\\/\\\/p4p-nl.bootmine.com\\\/winkel\"},{\"@type\":\"ListItem\",\"position\":3,\"name\":\"DermAllay Oatmeal Conditioner Spray| Hond &#038; Kat 230ml\"}]},{\"@type\":\"WebSite\",\"@id\":\"http:\\\/\\\/www.pharmacy4pets.nl\\\/#website\",\"url\":\"http:\\\/\\\/www.pharmacy4pets.nl\\\/\",\"name\":\"Pharmacy4pets\",\"description\":\"Pharmacy4pets.nl is d\u00e9 online apotheek waar u terecht kunt voor alle diergeneesmiddelen, verzorgingsproducten en dieetvoeding voor uw huisdier.\",\"publisher\":{\"@id\":\"http:\\\/\\\/www.pharmacy4pets.nl\\\/#organization\"},\"potentialAction\":[{\"@type\":\"SearchAction\",\"target\":{\"@type\":\"EntryPoint\",\"urlTemplate\":\"http:\\\/\\\/www.pharmacy4pets.nl\\\/?s={search_term_string}\"},\"query-input\":{\"@type\":\"PropertyValueSpecification\",\"valueRequired\":true,\"valueName\":\"search_term_string\"}}],\"inLanguage\":\"nl-NL\"},{\"@type\":\"Organization\",\"@id\":\"http:\\\/\\\/www.pharmacy4pets.nl\\\/#organization\",\"name\":\"Pharmacy4pets\",\"url\":\"http:\\\/\\\/www.pharmacy4pets.nl\\\/\",\"logo\":{\"@type\":\"ImageObject\",\"inLanguage\":\"nl-NL\",\"@id\":\"http:\\\/\\\/www.pharmacy4pets.nl\\\/#\\\/schema\\\/logo\\\/image\\\/\",\"url\":\"https:\\\/\\\/p4p-nl.bootmine.com\\\/wp-content\\\/uploads\\\/2026\\\/03\\\/logo-pharmacy4pets.png\",\"contentUrl\":\"https:\\\/\\\/p4p-nl.bootmine.com\\\/wp-content\\\/uploads\\\/2026\\\/03\\\/logo-pharmacy4pets.png\",\"width\":1024,\"height\":135,\"caption\":\"Pharmacy4pets\"},\"image\":{\"@id\":\"http:\\\/\\\/www.pharmacy4pets.nl\\\/#\\\/schema\\\/logo\\\/image\\\/\"},\"sameAs\":[\"https:\\\/\\\/www.facebook.com\\\/people\\\/Pharmacy4petsnl\\\/100063484989896\\\/\",\"https:\\\/\\\/www.youtube.com\\\/channel\\\/UCGPTIgucgli03tP2_kvLkHg\\\/featured\",\"https:\\\/\\\/www.instagram.com\\\/pharmacy4pets.nl\"]}]}<\/script>\n<!-- \/ Yoast SEO plugin. -->","yoast_head_json":{"title":"DermAllay Oatmeal Conditioner | Huid & Vacht Hond & Kat","description":"DermAllay Oatmeal Conditioner is een verzachtende spray op basis van havermout. Herstelt de kwaliteit van de vacht en werkt vocht inbrengend.","robots":{"index":"index","follow":"follow","max-snippet":"max-snippet:-1","max-image-preview":"max-image-preview:large","max-video-preview":"max-video-preview:-1"},"canonical":"https:\/\/www.pharmacy4pets.nl\/dermallay-oatmeal-conditioner","og_locale":"nl_NL","og_type":"article","og_title":"DermAllay Oatmeal Conditioner | Huid & Vacht Hond & Kat","og_description":"DermAllay Oatmeal Conditioner is een verzachtende spray op basis van havermout. Herstelt de kwaliteit van de vacht en werkt vocht inbrengend.","og_url":"https:\/\/www.pharmacy4pets.nl\/dermallay-oatmeal-conditioner","og_site_name":"Pharmacy4pets","article_publisher":"https:\/\/www.facebook.com\/people\/Pharmacy4petsnl\/100063484989896\/","article_modified_time":"2026-04-14T08:02:58+00:00","og_image":[{"width":600,"height":692,"url":"https:\/\/www.pharmacy4pets.nl\/wp-content\/uploads\/2017\/08\/21728_v2.jpg","type":"image\/jpeg"}],"twitter_card":"summary_large_image","twitter_misc":{"Geschatte leestijd":"1 minuut"},"schema":{"@context":"https:\/\/schema.org","@graph":[{"@type":"WebPage","@id":"https:\/\/www.pharmacy4pets.nl\/dermallay-oatmeal-conditioner","url":"https:\/\/www.pharmacy4pets.nl\/dermallay-oatmeal-conditioner","name":"DermAllay Oatmeal Conditioner | Huid & Vacht Hond & Kat","isPartOf":{"@id":"http:\/\/www.pharmacy4pets.nl\/#website"},"primaryImageOfPage":{"@id":"https:\/\/www.pharmacy4pets.nl\/dermallay-oatmeal-conditioner#primaryimage"},"image":{"@id":"https:\/\/www.pharmacy4pets.nl\/dermallay-oatmeal-conditioner#primaryimage"},"thumbnailUrl":"https:\/\/www.pharmacy4pets.nl\/wp-content\/uploads\/2017\/08\/21728_v2.jpg","datePublished":"2017-08-09T07:47:15+00:00","dateModified":"2026-04-14T08:02:58+00:00","description":"DermAllay Oatmeal Conditioner is een verzachtende spray op basis van havermout. Herstelt de kwaliteit van de vacht en werkt vocht inbrengend.","breadcrumb":{"@id":"https:\/\/www.pharmacy4pets.nl\/dermallay-oatmeal-conditioner#breadcrumb"},"inLanguage":"nl-NL","potentialAction":[{"@type":"ReadAction","target":["https:\/\/www.pharmacy4pets.nl\/dermallay-oatmeal-conditioner"]}]},{"@type":"ImageObject","inLanguage":"nl-NL","@id":"https:\/\/www.pharmacy4pets.nl\/dermallay-oatmeal-conditioner#primaryimage","url":"https:\/\/www.pharmacy4pets.nl\/wp-content\/uploads\/2017\/08\/21728_v2.jpg","contentUrl":"https:\/\/www.pharmacy4pets.nl\/wp-content\/uploads\/2017\/08\/21728_v2.jpg","width":600,"height":692,"caption":"DermAllay"},{"@type":"BreadcrumbList","@id":"https:\/\/www.pharmacy4pets.nl\/dermallay-oatmeal-conditioner#breadcrumb","itemListElement":[{"@type":"ListItem","position":1,"name":"Home","item":"https:\/\/p4p-nl.bootmine.com\/"},{"@type":"ListItem","position":2,"name":"Winkel","item":"https:\/\/p4p-nl.bootmine.com\/winkel"},{"@type":"ListItem","position":3,"name":"DermAllay Oatmeal Conditioner Spray| Hond &#038; Kat 230ml"}]},{"@type":"WebSite","@id":"http:\/\/www.pharmacy4pets.nl\/#website","url":"http:\/\/www.pharmacy4pets.nl\/","name":"Pharmacy4pets","description":"Pharmacy4pets.nl is d\u00e9 online apotheek waar u terecht kunt voor alle diergeneesmiddelen, verzorgingsproducten en dieetvoeding voor uw huisdier.","publisher":{"@id":"http:\/\/www.pharmacy4pets.nl\/#organization"},"potentialAction":[{"@type":"SearchAction","target":{"@type":"EntryPoint","urlTemplate":"http:\/\/www.pharmacy4pets.nl\/?s={search_term_string}"},"query-input":{"@type":"PropertyValueSpecification","valueRequired":true,"valueName":"search_term_string"}}],"inLanguage":"nl-NL"},{"@type":"Organization","@id":"http:\/\/www.pharmacy4pets.nl\/#organization","name":"Pharmacy4pets","url":"http:\/\/www.pharmacy4pets.nl\/","logo":{"@type":"ImageObject","inLanguage":"nl-NL","@id":"http:\/\/www.pharmacy4pets.nl\/#\/schema\/logo\/image\/","url":"https:\/\/p4p-nl.bootmine.com\/wp-content\/uploads\/2026\/03\/logo-pharmacy4pets.png","contentUrl":"https:\/\/p4p-nl.bootmine.com\/wp-content\/uploads\/2026\/03\/logo-pharmacy4pets.png","width":1024,"height":135,"caption":"Pharmacy4pets"},"image":{"@id":"http:\/\/www.pharmacy4pets.nl\/#\/schema\/logo\/image\/"},"sameAs":["https:\/\/www.facebook.com\/people\/Pharmacy4petsnl\/100063484989896\/","https:\/\/www.youtube.com\/channel\/UCGPTIgucgli03tP2_kvLkHg\/featured","https:\/\/www.instagram.com\/pharmacy4pets.nl"]}]}},"market_data":{"nl":{"price":0,"sale_price":0,"active":false,"url":null,"parent_url":"","tax_rate":0,"price_inc_tax":0,"sale_price_inc_tax":0},"de":{"price":0,"sale_price":0,"active":false,"url":null,"parent_url":"","tax_rate":0,"price_inc_tax":0,"sale_price_inc_tax":0},"be":{"price":0,"sale_price":0,"active":false,"url":null,"parent_url":"","tax_rate":0,"price_inc_tax":0,"sale_price_inc_tax":0},"fr":{"price":0,"sale_price":0,"active":false,"url":null,"parent_url":"","tax_rate":0,"price_inc_tax":0,"sale_price_inc_tax":0},"ch":{"price":0,"sale_price":0,"active":false,"url":null,"parent_url":"","tax_rate":0,"price_inc_tax":0,"sale_price_inc_tax":0},"at":{"price":0,"sale_price":0,"active":false,"url":null,"parent_url":"","tax_rate":0,"price_inc_tax":0,"sale_price_inc_tax":0},"es":{"price":0,"sale_price":0,"active":false,"url":null,"parent_url":"","tax_rate":0,"price_inc_tax":0,"sale_price_inc_tax":0},"dk":{"price":0,"sale_price":0,"active":false,"url":null,"parent_url":"","tax_rate":0,"price_inc_tax":0,"sale_price_inc_tax":0},"com":{"price":0,"sale_price":0,"active":false,"url":null,"parent_url":"","tax_rate":0,"price_inc_tax":0,"sale_price_inc_tax":0}},"market_nl_price":0,"market_nl_sale_price":0,"market_nl_active":false,"market_nl_url":null,"market_nl_parent_url":"","market_nl_tax_rate":0,"market_nl_price_inc_tax":0,"market_nl_sale_price_inc_tax":0,"market_de_price":0,"market_de_sale_price":0,"market_de_active":false,"market_de_url":null,"market_de_parent_url":"","market_de_tax_rate":0,"market_de_price_inc_tax":0,"market_de_sale_price_inc_tax":0,"market_be_price":0,"market_be_sale_price":0,"market_be_active":false,"market_be_url":null,"market_be_parent_url":"","market_be_tax_rate":0,"market_be_price_inc_tax":0,"market_be_sale_price_inc_tax":0,"market_fr_price":0,"market_fr_sale_price":0,"market_fr_active":false,"market_fr_url":null,"market_fr_parent_url":"","market_fr_tax_rate":0,"market_fr_price_inc_tax":0,"market_fr_sale_price_inc_tax":0,"market_ch_price":0,"market_ch_sale_price":0,"market_ch_active":false,"market_ch_url":null,"market_ch_parent_url":"","market_ch_tax_rate":0,"market_ch_price_inc_tax":0,"market_ch_sale_price_inc_tax":0,"market_at_price":0,"market_at_sale_price":0,"market_at_active":false,"market_at_url":null,"market_at_parent_url":"","market_at_tax_rate":0,"market_at_price_inc_tax":0,"market_at_sale_price_inc_tax":0,"market_es_price":0,"market_es_sale_price":0,"market_es_active":false,"market_es_url":null,"market_es_parent_url":"","market_es_tax_rate":0,"market_es_price_inc_tax":0,"market_es_sale_price_inc_tax":0,"market_dk_price":0,"market_dk_sale_price":0,"market_dk_active":false,"market_dk_url":null,"market_dk_parent_url":"","market_dk_tax_rate":0,"market_dk_price_inc_tax":0,"market_dk_sale_price_inc_tax":0,"market_com_price":0,"market_com_sale_price":0,"market_com_active":false,"market_com_url":null,"market_com_parent_url":"","market_com_tax_rate":0,"market_com_price_inc_tax":0,"market_com_sale_price_inc_tax":0,"acf":[],"_links":{"self":[{"href":"https:\/\/www.pharmacy4pets.nl\/be\/wp-json\/wp\/v2\/product\/118669","targetHints":{"allow":["GET"]}}],"collection":[{"href":"https:\/\/www.pharmacy4pets.nl\/be\/wp-json\/wp\/v2\/product"}],"about":[{"href":"https:\/\/www.pharmacy4pets.nl\/be\/wp-json\/wp\/v2\/types\/product"}],"replies":[{"embeddable":true,"href":"https:\/\/www.pharmacy4pets.nl\/be\/wp-json\/wp\/v2\/comments?post=118669"}],"wp:featuredmedia":[{"embeddable":true,"href":"https:\/\/www.pharmacy4pets.nl\/be\/wp-json\/wp\/v2\/media\/118668"}],"wp:attachment":[{"href":"https:\/\/www.pharmacy4pets.nl\/be\/wp-json\/wp\/v2\/media?parent=118669"}],"wp:term":[{"taxonomy":"product_brand","embeddable":true,"href":"https:\/\/www.pharmacy4pets.nl\/be\/wp-json\/wp\/v2\/product_brand?post=118669"},{"taxonomy":"product_cat","embeddable":true,"href":"https:\/\/www.pharmacy4pets.nl\/be\/wp-json\/wp\/v2\/product_cat?post=118669"},{"taxonomy":"product_tag","embeddable":true,"href":"https:\/\/www.pharmacy4pets.nl\/be\/wp-json\/wp\/v2\/product_tag?post=118669"}],"curies":[{"name":"wp","href":"https:\/\/api.w.org\/{rel}","templated":true}]}}