{"id":118667,"date":"2017-08-09T07:41:05","date_gmt":"2017-08-09T07:41:05","guid":{"rendered":"https:\/\/p4p.test\/dermallay-oatmeal-shampoo"},"modified":"2026-04-14T08:02:57","modified_gmt":"2026-04-14T08:02:57","slug":"dermallay-oatmeal-shampoo","status":"publish","type":"product","link":"https:\/\/www.pharmacy4pets.nl\/be\/dermallay-oatmeal-shampoo","title":{"rendered":"DermAllay Oatmeal Shampoo | Hond &#038; Kat 230ml | EXP 31-03-2026"},"content":{"rendered":"<p>DermAllay Oatmeal Shampoo van Dechra is een verzachtende, vocht inbrengende shampoo met havermout. Het herstelt de conditie van de vacht en de vochtbalans van de huid bij seizoensgebonden jeuk. Zorgt voor een gezonde en glanzende vacht. De shampoo geeft het beste effect wanneer het gebruik wordt met de DermAllay Oatmeal Conditioner.<\/p>\n<p><span style=\"text-decoration: underline;\">Toediening:<\/span><\/p>\n<ol>\n<li>Maak de vacht nat<\/li>\n<li>Shampoo aanbrengen en licht inmasseren tot de shampoo licht begint te schuimen<\/li>\n<li>Laat de shampoo 5 &agrave; 10 minuten intrekken<\/li>\n<li>Grondig uitspoelen<\/li>\n<\/ol>\n<p><span style=\"text-decoration: underline;\">Verpakking:<br \/><\/span>Fles &agrave; 230ml<\/p>\n","protected":false},"excerpt":{"rendered":"<p>DermAllay Oatmeal Shampoo van Dechra is een verzachtende, vocht inbrengende shampoo met havermout. Het herstelt de conditie van de vacht en de vochtbalans van de huid bij seizoensgebonden jeuk. Zorgt voor een gezonde en glanzende vacht. De shampoo geeft het beste effect wanneer het gebruik wordt met de DermAllay Oatmeal Conditioner. Toediening: Maak de vacht [&hellip;]<\/p>\n","protected":false},"featured_media":118666,"comment_status":"open","ping_status":"closed","template":"","meta":{"_acf_changed":false,"_nl_post_content":"<p>DermAllay Oatmeal Shampoo van Dechra is een verzachtende, vocht inbrengende shampoo met havermout. Het herstelt de conditie van de vacht en de vochtbalans van de huid bij seizoensgebonden jeuk. Zorgt voor een gezonde en glanzende vacht. De shampoo geeft het beste effect wanneer het gebruik wordt met de DermAllay Oatmeal Conditioner.<\/p>\r\n<p><span style=\"text-decoration: underline;\">Toediening:<\/span><\/p>\r\n<ol>\r\n<li>Maak de vacht nat<\/li>\r\n<li>Shampoo aanbrengen en licht inmasseren tot de shampoo licht begint te schuimen<\/li>\r\n<li>Laat de shampoo 5 &agrave; 10 minuten intrekken<\/li>\r\n<li>Grondig uitspoelen<\/li>\r\n<\/ol>\r\n<p><span style=\"text-decoration: underline;\">Verpakking:<br \/><\/span>Fles &agrave; 230ml<\/p>","_nl_post_name":"dermallay-oatmeal-shampoo","_nl_post_excerpt":"","_nl_post_title":"DermAllay Oatmeal Shampoo | Hond & Kat 230ml | EXP 31-03-2026","_en_post_content":"<p>DermAllay Oatmeal Shampoo from Dechra is a softening, moisturizing shampoo with oatmeal. It restores the condition and balance of the skin, especially with seasonal itch of itching by flies. The shampoo gives the best effect when used with the DermAllay Oatmeal Conditioner.<\/p>\r\n<p><span style=\"text-decoration: underline;\">Administration:<\/span><\/p>\r\n<ol>\r\n<li>Wet the coat<\/li>\r\n<li>Apply shampoo and massage lightly until the shampoo starts to (lightly) foam<\/li>\r\n<li>Leave the shampoo for 5 to 10 minutes<\/li>\r\n<li>Rinse thoroughly<\/li>\r\n<\/ol>\r\n<p><span style=\"text-decoration: underline;\">Package:<br \/><\/span>Bottle of 230ml<\/p>","_en_post_name":"dermallay-oatmeal-shampoo","_en_post_excerpt":"","_en_post_title":"DermAllay Oatmeal Shampoo | Dog & Cat 230ml | EXP 31-03-2026","_de_post_content":"<p>DermAllay Oatmeal Shampoo von Dechra ist ein beruhigendes, feuchtigkeitsspendendes Shampoo mit Haferflocken. Es stellt den Zustand des Fells und der Feuchtigkeit der Haut, insbesondere mit saisonalen Juckreiz. Das Shampoo gibt die beste Wirkung, wenn er mit dem DermAllay Oatmeal Conditioner verwendet wird.&nbsp;<\/p>\r\n<p><span style=\"text-decoration: underline;\">Anwendung:<\/span><\/p>\r\n<ol>\r\n<li>Nasse das Mantel<\/li>\r\n<li>Shampoo auftragen und leicht einmassieren, bis das Shampoo zu sch&auml;umen beginnt<\/li>\r\n<li>Lassen Sie das Shampoo f&uuml;r 5 bis 10 Minuten<\/li>\r\n<li>Gr&uuml;ndlich aussp&uuml;len&nbsp;<\/li>\r\n<\/ol>\r\n<p><span style=\"text-decoration: underline;\">Verpackung:<br \/><\/span>Flasche 230ml<\/p>","_de_post_name":"dermallay-oatmeal-shampoo","_de_post_excerpt":"","_de_post_title":"DermAllay Oatmeal Shampoo | Hund & Katze 230ml | EXP 31-03-2026","_fr_post_content":"<p>DermAllay Oatmeal Shampoo van Dechra is een verzachtende, vocht inbrengende shampoo met havermout. Het herstelt de conditie van de vacht en de vochtbalans van de huid bij seizoensgebonden jeuk. Zorgt voor een gezonde en glanzende vacht. De shampoo geeft het beste effect wanneer het gebruik wordt met de DermAllay Oatmeal Conditioner.<\/p>\r\n<p><span style=\"text-decoration: underline;\">Toediening:<\/span><\/p>\r\n<ol>\r\n<li>Maak de vacht nat<\/li>\r\n<li>Shampoo aanbrengen en licht inmasseren tot de shampoo licht begint te schuimen<\/li>\r\n<li>Laat de shampoo 5 &agrave; 10 minuten intrekken<\/li>\r\n<li>Grondig uitspoelen<\/li>\r\n<\/ol>\r\n<p><span style=\"text-decoration: underline;\">Verpakking:<br \/><\/span>Fles &agrave; 230ml<\/p>","_fr_post_name":"dermallay-oatmeal-shampoo","_fr_post_excerpt":"","_fr_post_title":"DermAllay Oatmeal Shampoo | Hond & Kat 230ml | EXP 31-03-2026","_es_post_content":"<p>DermAllay Oatmeal Champ\u00fa para perros y gatos es un champ\u00fa calmante e hidratante con harina de avena. Restaura la condici\u00f3n del pelaje y el equilibrio de humedad de la piel en caso de picaz\u00f3n estacional. Garantiza un pelaje sano y brillante. El champ\u00fa da el mejor efecto cuando se usa con el acondicionador de avena DermAllay.<\/p>\r\n<h3>Administraci\u00f3n<\/h3>\r\n<ol>\r\n<li>Mojar el pelaje<\/li>\r\n<li>Aplicar champ\u00fa y masajear ligeramente hasta que el champ\u00fa comience a formar una ligera espuma.<\/li>\r\n<li>Dejar actuar el champ\u00fa de 5 a 10 minutos.<\/li>\r\n<li>Enjuague bien.<\/li>\r\n<\/ol>\r\n<h3>Embalaje<\/h3>\r\n<p>Botella de 230 ml.<\/p>","_es_post_name":"dermallay-oatmeal-champu-para-perros-gatos","_es_post_excerpt":"","_es_post_title":"DermAllay Oatmeal Champ\u00fa para perros y gatos 230 ml | EXP 31-03-2026","edit_language":"nl"},"product_brand":[],"product_cat":[1891,1861,1912,1117,1118,1839,1857,1855,2125,2131,1863,1893],"product_tag":[],"class_list":{"0":"post-118667","1":"product","2":"type-product","3":"status-publish","4":"has-post-thumbnail","6":"product_cat-benodigdheden","8":"product_cat-dermallay","9":"product_cat-honden","10":"product_cat-katten","11":"product_cat-medicijnen-supplementen","12":"product_cat-merken","13":"product_cat-pijn-ontsteking","14":"product_cat-shampoos-en-conditioners","16":"product_cat-verzorging","18":"pa_aandoening-huid_vacht","19":"pa_doeldier-hond","20":"pa_doeldier-kat","21":"pa_fabricatieland-nederland","22":"pa_merkfilter-dermallay","23":"pa_merkgroep-dechra","24":"pa_productsoort-overig","25":"pa_seo_canonical_store_id-not_found_value","26":"pa_seo_category-not_found_value","27":"pa_seo_meta_robots-not_found_value","28":"pa_toedieningswijze-shampoo","29":"pa_unit_pricing_base_measure-100ml","30":"pa_unit_pricing_measure-230ml","31":"pa_werkzamestof-overig","33":"first","34":"instock","35":"taxable","36":"shipping-taxable","37":"purchasable","38":"product-type-simple"},"yoast_head":"<!-- This site is optimized with the Yoast SEO plugin v27.5 - https:\/\/yoast.com\/product\/yoast-seo-wordpress\/ -->\n<title>DermAllay Oatmeal Shampoo | Vacht Verzorging Hond &amp; Kat<\/title>\n<meta name=\"description\" content=\"DermAllay Oatmeal Shampoo is een verzachtende, vocht inbrengende shampoo met havermout. Herstelt de kwaliteit van de vacht.\" \/>\n<meta name=\"robots\" content=\"index, follow, max-snippet:-1, max-image-preview:large, max-video-preview:-1\" \/>\n<link rel=\"canonical\" href=\"https:\/\/p4p-nl.bootmine.com\/%product-slug%\/dermallay-oatmeal-shampoo\" \/>\n<meta property=\"og:locale\" content=\"nl_NL\" \/>\n<meta property=\"og:type\" content=\"article\" \/>\n<meta property=\"og:title\" content=\"DermAllay Oatmeal Shampoo | Vacht Verzorging Hond &amp; Kat\" \/>\n<meta property=\"og:description\" content=\"DermAllay Oatmeal Shampoo is een verzachtende, vocht inbrengende shampoo met havermout. Herstelt de kwaliteit van de vacht.\" \/>\n<meta property=\"og:url\" content=\"https:\/\/p4p-nl.bootmine.com\/%product-slug%\/dermallay-oatmeal-shampoo\" \/>\n<meta property=\"og:site_name\" content=\"Pharmacy4pets\" \/>\n<meta property=\"article:publisher\" content=\"https:\/\/www.facebook.com\/people\/Pharmacy4petsnl\/100063484989896\/\" \/>\n<meta property=\"article:modified_time\" content=\"2026-04-14T08:02:57+00:00\" \/>\n<meta property=\"og:image\" content=\"https:\/\/p4p-nl.bootmine.com\/wp-content\/uploads\/2017\/08\/21727.jpg\" \/>\n\t<meta property=\"og:image:width\" content=\"220\" \/>\n\t<meta property=\"og:image:height\" content=\"254\" \/>\n\t<meta property=\"og:image:type\" content=\"image\/jpeg\" \/>\n<meta name=\"twitter:card\" content=\"summary_large_image\" \/>\n<script type=\"application\/ld+json\" class=\"yoast-schema-graph\">{\"@context\":\"https:\\\/\\\/schema.org\",\"@graph\":[{\"@type\":\"WebPage\",\"@id\":\"https:\\\/\\\/p4p-nl.bootmine.com\\\/%product-slug%\\\/dermallay-oatmeal-shampoo\",\"url\":\"https:\\\/\\\/p4p-nl.bootmine.com\\\/%product-slug%\\\/dermallay-oatmeal-shampoo\",\"name\":\"DermAllay Oatmeal Shampoo | Vacht Verzorging Hond & Kat\",\"isPartOf\":{\"@id\":\"http:\\\/\\\/www.pharmacy4pets.nl\\\/#website\"},\"primaryImageOfPage\":{\"@id\":\"https:\\\/\\\/p4p-nl.bootmine.com\\\/%product-slug%\\\/dermallay-oatmeal-shampoo#primaryimage\"},\"image\":{\"@id\":\"https:\\\/\\\/p4p-nl.bootmine.com\\\/%product-slug%\\\/dermallay-oatmeal-shampoo#primaryimage\"},\"thumbnailUrl\":\"https:\\\/\\\/www.pharmacy4pets.nl\\\/wp-content\\\/uploads\\\/2017\\\/08\\\/21727.jpg\",\"datePublished\":\"2017-08-09T07:41:05+00:00\",\"dateModified\":\"2026-04-14T08:02:57+00:00\",\"description\":\"DermAllay Oatmeal Shampoo is een verzachtende, vocht inbrengende shampoo met havermout. Herstelt de kwaliteit van de vacht.\",\"breadcrumb\":{\"@id\":\"https:\\\/\\\/p4p-nl.bootmine.com\\\/%product-slug%\\\/dermallay-oatmeal-shampoo#breadcrumb\"},\"inLanguage\":\"nl-NL\",\"potentialAction\":[{\"@type\":\"ReadAction\",\"target\":[\"https:\\\/\\\/p4p-nl.bootmine.com\\\/%product-slug%\\\/dermallay-oatmeal-shampoo\"]}]},{\"@type\":\"ImageObject\",\"inLanguage\":\"nl-NL\",\"@id\":\"https:\\\/\\\/p4p-nl.bootmine.com\\\/%product-slug%\\\/dermallay-oatmeal-shampoo#primaryimage\",\"url\":\"https:\\\/\\\/www.pharmacy4pets.nl\\\/wp-content\\\/uploads\\\/2017\\\/08\\\/21727.jpg\",\"contentUrl\":\"https:\\\/\\\/www.pharmacy4pets.nl\\\/wp-content\\\/uploads\\\/2017\\\/08\\\/21727.jpg\",\"width\":220,\"height\":254,\"caption\":\"DermAllay\"},{\"@type\":\"BreadcrumbList\",\"@id\":\"https:\\\/\\\/p4p-nl.bootmine.com\\\/%product-slug%\\\/dermallay-oatmeal-shampoo#breadcrumb\",\"itemListElement\":[{\"@type\":\"ListItem\",\"position\":1,\"name\":\"Home\",\"item\":\"https:\\\/\\\/p4p-nl.bootmine.com\\\/\"},{\"@type\":\"ListItem\",\"position\":2,\"name\":\"Winkel\",\"item\":\"https:\\\/\\\/p4p-nl.bootmine.com\\\/winkel\"},{\"@type\":\"ListItem\",\"position\":3,\"name\":\"DermAllay Oatmeal Shampoo | Hond &#038; Kat 230ml | EXP 31-03-2026\"}]},{\"@type\":\"WebSite\",\"@id\":\"http:\\\/\\\/www.pharmacy4pets.nl\\\/#website\",\"url\":\"http:\\\/\\\/www.pharmacy4pets.nl\\\/\",\"name\":\"Pharmacy4pets\",\"description\":\"Pharmacy4pets.nl is d\u00e9 online apotheek waar u terecht kunt voor alle diergeneesmiddelen, verzorgingsproducten en dieetvoeding voor uw huisdier.\",\"publisher\":{\"@id\":\"http:\\\/\\\/www.pharmacy4pets.nl\\\/#organization\"},\"potentialAction\":[{\"@type\":\"SearchAction\",\"target\":{\"@type\":\"EntryPoint\",\"urlTemplate\":\"http:\\\/\\\/www.pharmacy4pets.nl\\\/?s={search_term_string}\"},\"query-input\":{\"@type\":\"PropertyValueSpecification\",\"valueRequired\":true,\"valueName\":\"search_term_string\"}}],\"inLanguage\":\"nl-NL\"},{\"@type\":\"Organization\",\"@id\":\"http:\\\/\\\/www.pharmacy4pets.nl\\\/#organization\",\"name\":\"Pharmacy4pets\",\"url\":\"http:\\\/\\\/www.pharmacy4pets.nl\\\/\",\"logo\":{\"@type\":\"ImageObject\",\"inLanguage\":\"nl-NL\",\"@id\":\"http:\\\/\\\/www.pharmacy4pets.nl\\\/#\\\/schema\\\/logo\\\/image\\\/\",\"url\":\"https:\\\/\\\/p4p-nl.bootmine.com\\\/wp-content\\\/uploads\\\/2026\\\/03\\\/logo-pharmacy4pets.png\",\"contentUrl\":\"https:\\\/\\\/p4p-nl.bootmine.com\\\/wp-content\\\/uploads\\\/2026\\\/03\\\/logo-pharmacy4pets.png\",\"width\":1024,\"height\":135,\"caption\":\"Pharmacy4pets\"},\"image\":{\"@id\":\"http:\\\/\\\/www.pharmacy4pets.nl\\\/#\\\/schema\\\/logo\\\/image\\\/\"},\"sameAs\":[\"https:\\\/\\\/www.facebook.com\\\/people\\\/Pharmacy4petsnl\\\/100063484989896\\\/\",\"https:\\\/\\\/www.youtube.com\\\/channel\\\/UCGPTIgucgli03tP2_kvLkHg\\\/featured\",\"https:\\\/\\\/www.instagram.com\\\/pharmacy4pets.nl\"]}]}<\/script>\n<!-- \/ Yoast SEO plugin. -->","yoast_head_json":{"title":"DermAllay Oatmeal Shampoo | Vacht Verzorging Hond & Kat","description":"DermAllay Oatmeal Shampoo is een verzachtende, vocht inbrengende shampoo met havermout. Herstelt de kwaliteit van de vacht.","robots":{"index":"index","follow":"follow","max-snippet":"max-snippet:-1","max-image-preview":"max-image-preview:large","max-video-preview":"max-video-preview:-1"},"canonical":"https:\/\/p4p-nl.bootmine.com\/%product-slug%\/dermallay-oatmeal-shampoo","og_locale":"nl_NL","og_type":"article","og_title":"DermAllay Oatmeal Shampoo | Vacht Verzorging Hond & Kat","og_description":"DermAllay Oatmeal Shampoo is een verzachtende, vocht inbrengende shampoo met havermout. Herstelt de kwaliteit van de vacht.","og_url":"https:\/\/p4p-nl.bootmine.com\/%product-slug%\/dermallay-oatmeal-shampoo","og_site_name":"Pharmacy4pets","article_publisher":"https:\/\/www.facebook.com\/people\/Pharmacy4petsnl\/100063484989896\/","article_modified_time":"2026-04-14T08:02:57+00:00","og_image":[{"width":220,"height":254,"url":"https:\/\/p4p-nl.bootmine.com\/wp-content\/uploads\/2017\/08\/21727.jpg","type":"image\/jpeg"}],"twitter_card":"summary_large_image","schema":{"@context":"https:\/\/schema.org","@graph":[{"@type":"WebPage","@id":"https:\/\/p4p-nl.bootmine.com\/%product-slug%\/dermallay-oatmeal-shampoo","url":"https:\/\/p4p-nl.bootmine.com\/%product-slug%\/dermallay-oatmeal-shampoo","name":"DermAllay Oatmeal Shampoo | Vacht Verzorging Hond & Kat","isPartOf":{"@id":"http:\/\/www.pharmacy4pets.nl\/#website"},"primaryImageOfPage":{"@id":"https:\/\/p4p-nl.bootmine.com\/%product-slug%\/dermallay-oatmeal-shampoo#primaryimage"},"image":{"@id":"https:\/\/p4p-nl.bootmine.com\/%product-slug%\/dermallay-oatmeal-shampoo#primaryimage"},"thumbnailUrl":"https:\/\/www.pharmacy4pets.nl\/wp-content\/uploads\/2017\/08\/21727.jpg","datePublished":"2017-08-09T07:41:05+00:00","dateModified":"2026-04-14T08:02:57+00:00","description":"DermAllay Oatmeal Shampoo is een verzachtende, vocht inbrengende shampoo met havermout. Herstelt de kwaliteit van de vacht.","breadcrumb":{"@id":"https:\/\/p4p-nl.bootmine.com\/%product-slug%\/dermallay-oatmeal-shampoo#breadcrumb"},"inLanguage":"nl-NL","potentialAction":[{"@type":"ReadAction","target":["https:\/\/p4p-nl.bootmine.com\/%product-slug%\/dermallay-oatmeal-shampoo"]}]},{"@type":"ImageObject","inLanguage":"nl-NL","@id":"https:\/\/p4p-nl.bootmine.com\/%product-slug%\/dermallay-oatmeal-shampoo#primaryimage","url":"https:\/\/www.pharmacy4pets.nl\/wp-content\/uploads\/2017\/08\/21727.jpg","contentUrl":"https:\/\/www.pharmacy4pets.nl\/wp-content\/uploads\/2017\/08\/21727.jpg","width":220,"height":254,"caption":"DermAllay"},{"@type":"BreadcrumbList","@id":"https:\/\/p4p-nl.bootmine.com\/%product-slug%\/dermallay-oatmeal-shampoo#breadcrumb","itemListElement":[{"@type":"ListItem","position":1,"name":"Home","item":"https:\/\/p4p-nl.bootmine.com\/"},{"@type":"ListItem","position":2,"name":"Winkel","item":"https:\/\/p4p-nl.bootmine.com\/winkel"},{"@type":"ListItem","position":3,"name":"DermAllay Oatmeal Shampoo | Hond &#038; Kat 230ml | EXP 31-03-2026"}]},{"@type":"WebSite","@id":"http:\/\/www.pharmacy4pets.nl\/#website","url":"http:\/\/www.pharmacy4pets.nl\/","name":"Pharmacy4pets","description":"Pharmacy4pets.nl is d\u00e9 online apotheek waar u terecht kunt voor alle diergeneesmiddelen, verzorgingsproducten en dieetvoeding voor uw huisdier.","publisher":{"@id":"http:\/\/www.pharmacy4pets.nl\/#organization"},"potentialAction":[{"@type":"SearchAction","target":{"@type":"EntryPoint","urlTemplate":"http:\/\/www.pharmacy4pets.nl\/?s={search_term_string}"},"query-input":{"@type":"PropertyValueSpecification","valueRequired":true,"valueName":"search_term_string"}}],"inLanguage":"nl-NL"},{"@type":"Organization","@id":"http:\/\/www.pharmacy4pets.nl\/#organization","name":"Pharmacy4pets","url":"http:\/\/www.pharmacy4pets.nl\/","logo":{"@type":"ImageObject","inLanguage":"nl-NL","@id":"http:\/\/www.pharmacy4pets.nl\/#\/schema\/logo\/image\/","url":"https:\/\/p4p-nl.bootmine.com\/wp-content\/uploads\/2026\/03\/logo-pharmacy4pets.png","contentUrl":"https:\/\/p4p-nl.bootmine.com\/wp-content\/uploads\/2026\/03\/logo-pharmacy4pets.png","width":1024,"height":135,"caption":"Pharmacy4pets"},"image":{"@id":"http:\/\/www.pharmacy4pets.nl\/#\/schema\/logo\/image\/"},"sameAs":["https:\/\/www.facebook.com\/people\/Pharmacy4petsnl\/100063484989896\/","https:\/\/www.youtube.com\/channel\/UCGPTIgucgli03tP2_kvLkHg\/featured","https:\/\/www.instagram.com\/pharmacy4pets.nl"]}]}},"market_data":{"nl":{"price":0,"sale_price":0,"active":false,"url":null,"parent_url":"","tax_rate":0,"price_inc_tax":0,"sale_price_inc_tax":0},"de":{"price":0,"sale_price":0,"active":false,"url":null,"parent_url":"","tax_rate":0,"price_inc_tax":0,"sale_price_inc_tax":0},"be":{"price":0,"sale_price":0,"active":false,"url":null,"parent_url":"","tax_rate":0,"price_inc_tax":0,"sale_price_inc_tax":0},"fr":{"price":0,"sale_price":0,"active":false,"url":null,"parent_url":"","tax_rate":0,"price_inc_tax":0,"sale_price_inc_tax":0},"ch":{"price":0,"sale_price":0,"active":false,"url":null,"parent_url":"","tax_rate":0,"price_inc_tax":0,"sale_price_inc_tax":0},"at":{"price":0,"sale_price":0,"active":false,"url":null,"parent_url":"","tax_rate":0,"price_inc_tax":0,"sale_price_inc_tax":0},"es":{"price":0,"sale_price":0,"active":false,"url":null,"parent_url":"","tax_rate":0,"price_inc_tax":0,"sale_price_inc_tax":0},"dk":{"price":0,"sale_price":0,"active":false,"url":null,"parent_url":"","tax_rate":0,"price_inc_tax":0,"sale_price_inc_tax":0},"com":{"price":0,"sale_price":0,"active":false,"url":null,"parent_url":"","tax_rate":0,"price_inc_tax":0,"sale_price_inc_tax":0}},"market_nl_price":0,"market_nl_sale_price":0,"market_nl_active":false,"market_nl_url":null,"market_nl_parent_url":"","market_nl_tax_rate":0,"market_nl_price_inc_tax":0,"market_nl_sale_price_inc_tax":0,"market_de_price":0,"market_de_sale_price":0,"market_de_active":false,"market_de_url":null,"market_de_parent_url":"","market_de_tax_rate":0,"market_de_price_inc_tax":0,"market_de_sale_price_inc_tax":0,"market_be_price":0,"market_be_sale_price":0,"market_be_active":false,"market_be_url":null,"market_be_parent_url":"","market_be_tax_rate":0,"market_be_price_inc_tax":0,"market_be_sale_price_inc_tax":0,"market_fr_price":0,"market_fr_sale_price":0,"market_fr_active":false,"market_fr_url":null,"market_fr_parent_url":"","market_fr_tax_rate":0,"market_fr_price_inc_tax":0,"market_fr_sale_price_inc_tax":0,"market_ch_price":0,"market_ch_sale_price":0,"market_ch_active":false,"market_ch_url":null,"market_ch_parent_url":"","market_ch_tax_rate":0,"market_ch_price_inc_tax":0,"market_ch_sale_price_inc_tax":0,"market_at_price":0,"market_at_sale_price":0,"market_at_active":false,"market_at_url":null,"market_at_parent_url":"","market_at_tax_rate":0,"market_at_price_inc_tax":0,"market_at_sale_price_inc_tax":0,"market_es_price":0,"market_es_sale_price":0,"market_es_active":false,"market_es_url":null,"market_es_parent_url":"","market_es_tax_rate":0,"market_es_price_inc_tax":0,"market_es_sale_price_inc_tax":0,"market_dk_price":0,"market_dk_sale_price":0,"market_dk_active":false,"market_dk_url":null,"market_dk_parent_url":"","market_dk_tax_rate":0,"market_dk_price_inc_tax":0,"market_dk_sale_price_inc_tax":0,"market_com_price":0,"market_com_sale_price":0,"market_com_active":false,"market_com_url":null,"market_com_parent_url":"","market_com_tax_rate":0,"market_com_price_inc_tax":0,"market_com_sale_price_inc_tax":0,"acf":[],"_links":{"self":[{"href":"https:\/\/www.pharmacy4pets.nl\/be\/wp-json\/wp\/v2\/product\/118667","targetHints":{"allow":["GET"]}}],"collection":[{"href":"https:\/\/www.pharmacy4pets.nl\/be\/wp-json\/wp\/v2\/product"}],"about":[{"href":"https:\/\/www.pharmacy4pets.nl\/be\/wp-json\/wp\/v2\/types\/product"}],"replies":[{"embeddable":true,"href":"https:\/\/www.pharmacy4pets.nl\/be\/wp-json\/wp\/v2\/comments?post=118667"}],"wp:featuredmedia":[{"embeddable":true,"href":"https:\/\/www.pharmacy4pets.nl\/be\/wp-json\/wp\/v2\/media\/118666"}],"wp:attachment":[{"href":"https:\/\/www.pharmacy4pets.nl\/be\/wp-json\/wp\/v2\/media?parent=118667"}],"wp:term":[{"taxonomy":"product_brand","embeddable":true,"href":"https:\/\/www.pharmacy4pets.nl\/be\/wp-json\/wp\/v2\/product_brand?post=118667"},{"taxonomy":"product_cat","embeddable":true,"href":"https:\/\/www.pharmacy4pets.nl\/be\/wp-json\/wp\/v2\/product_cat?post=118667"},{"taxonomy":"product_tag","embeddable":true,"href":"https:\/\/www.pharmacy4pets.nl\/be\/wp-json\/wp\/v2\/product_tag?post=118667"}],"curies":[{"name":"wp","href":"https:\/\/api.w.org\/{rel}","templated":true}]}}