{"id":118665,"date":"2017-08-09T07:32:16","date_gmt":"2017-08-09T07:32:16","guid":{"rendered":"https:\/\/p4p.test\/dermallay-oatmeal-equine-shampoo"},"modified":"2026-04-14T08:02:57","modified_gmt":"2026-04-14T08:02:57","slug":"dermallay-oatmeal-equine-shampoo","status":"publish","type":"product","link":"https:\/\/www.pharmacy4pets.nl\/be\/dermallay-oatmeal-equine-shampoo","title":{"rendered":"DermAllay Oatmeal Equine Shampoo | Paard 473ml"},"content":{"rendered":"<p>DermAllay Oatmeal Equine Shampoo van Dechra is een verzachtende, vocht inbrengende shampoo met havermout. Het herstelt de conditie van de vacht en de vochtbalans van de huid bij seizoensgebonden jeuk of jeuk die veroorzaakt wordt door bijtende vliegen. De shampoo geeft het beste effect wanneer het gebruik wordt met de DermAllay Oatmeal Equine Conditioner.<\/p>\n<p><span style=\"text-decoration: underline;\">Toediening:<\/span><\/p>\n<ol>\n<li>Maak de vacht van het paard nat<\/li>\n<li>Shampoo aanbrengen en licht inmasseren tot de shampoo licht begint te schuimen<\/li>\n<li>Laat de shampoo 5 &agrave; 10 minuten intrekken<\/li>\n<li>Grondig uitspoelen<\/li>\n<\/ol>\n<p><span style=\"text-decoration: underline;\">Verpakking:<br \/><\/span>Fles &agrave; 473 ml<\/p>\n","protected":false},"excerpt":{"rendered":"<p>DermAllay Oatmeal Equine Shampoo van Dechra is een verzachtende, vocht inbrengende shampoo met havermout. Het herstelt de conditie van de vacht en de vochtbalans van de huid bij seizoensgebonden jeuk of jeuk die veroorzaakt wordt door bijtende vliegen. De shampoo geeft het beste effect wanneer het gebruik wordt met de DermAllay Oatmeal Equine Conditioner. Toediening: [&hellip;]<\/p>\n","protected":false},"featured_media":118664,"comment_status":"open","ping_status":"closed","template":"","meta":{"_acf_changed":false,"_nl_post_content":"<p>DermAllay Oatmeal Equine Shampoo van Dechra is een verzachtende, vocht inbrengende shampoo met havermout. Het herstelt de conditie van de vacht en de vochtbalans van de huid bij seizoensgebonden jeuk of jeuk die veroorzaakt wordt door bijtende vliegen. De shampoo geeft het beste effect wanneer het gebruik wordt met de DermAllay Oatmeal Equine Conditioner.<\/p>\r\n<p><span style=\"text-decoration: underline;\">Toediening:<\/span><\/p>\r\n<ol>\r\n<li>Maak de vacht van het paard nat<\/li>\r\n<li>Shampoo aanbrengen en licht inmasseren tot de shampoo licht begint te schuimen<\/li>\r\n<li>Laat de shampoo 5 &agrave; 10 minuten intrekken<\/li>\r\n<li>Grondig uitspoelen<\/li>\r\n<\/ol>\r\n<p><span style=\"text-decoration: underline;\">Verpakking:<br \/><\/span>Fles &agrave; 473 ml<\/p>","_nl_post_name":"dermallay-oatmeal-equine-shampoo","_nl_post_excerpt":"","_nl_post_title":"DermAllay Oatmeal Equine Shampoo | Paard 473ml","_en_post_content":"<p>DermAllay Oatmeal Equine Shampoo from Dechra is a softening, moisturizing shampoo with oatmeal. It restores the condition and balance of the skin, especially with seasonal itch of itching by flies. The shampoo gives the best effect when used with the DermAllay Oatmeal Equine Conditioner.<\/p>\r\n<p><span style=\"text-decoration: underline;\">Administration:<\/span><\/p>\r\n<ol>\r\n<li>Wet the coat of the horse<\/li>\r\n<li>Apply shampoo and massage lightly until the shampoo starts to (lightly) foam<\/li>\r\n<li>Leave the shampoo for 5 to 10 minutes<\/li>\r\n<li>Rinse thoroughly<\/li>\r\n<\/ol>\r\n<p><span style=\"text-decoration: underline;\">Package:<br \/><\/span>Bottle of 473ml<\/p>","_en_post_name":"dermallay-oatmeal-equine-shampoo","_en_post_excerpt":"","_en_post_title":"DermAllay Oatmeal Equine Shampoo | Horse 473ml","_de_post_content":"<p>DermAllay Oatmeal Equine Shampoo von Dechra ist ein beruhigendes, feuchtigkeitsspendendes Shampoo mit Haferflocken. Es stellt den Zustand des Fells und der Feuchtigkeit der Haut, insbesondere mit saisonalen Juckreiz oder Juckreiz durch Stechfliegen. Das Shampoo gibt die beste Wirkung, wenn er mit dem DermAllay Oatmeal Equine Conditioner verwendet wird.&nbsp;<\/p>\r\n<p><span style=\"text-decoration: underline;\">Anwendung:<\/span><\/p>\r\n<ol>\r\n<li>Nasse das Mantel des Pferdes<\/li>\r\n<li>Shampoo auftragen und leicht einmassieren, bis das Shampoo zu sch&auml;umen beginnt<\/li>\r\n<li>Lassen Sie das Shampoo f&uuml;r 5 bis 10 Minuten<\/li>\r\n<li>Gr&uuml;ndlich aussp&uuml;len&nbsp;<\/li>\r\n<\/ol>\r\n<p><span style=\"text-decoration: underline;\">Verpackung:<br \/><\/span>Flasche 473ml<\/p>","_de_post_name":"dermallay-oatmeal-equine-shampoo","_de_post_excerpt":"","_de_post_title":"DermAllay Oatmeal Equine Shampoo | Pferd 473ml","_fr_post_content":"<p>DermAllay Oatmeal Equine Shampoo van Dechra is een verzachtende, vocht inbrengende shampoo met havermout. Het herstelt de conditie van de vacht en de vochtbalans van de huid bij seizoensgebonden jeuk of jeuk die veroorzaakt wordt door bijtende vliegen. De shampoo geeft het beste effect wanneer het gebruik wordt met de DermAllay Oatmeal Equine Conditioner.<\/p>\r\n<p><span style=\"text-decoration: underline;\">Toediening:<\/span><\/p>\r\n<ol>\r\n<li>Maak de vacht van het paard nat<\/li>\r\n<li>Shampoo aanbrengen en licht inmasseren tot de shampoo licht begint te schuimen<\/li>\r\n<li>Laat de shampoo 5 &agrave; 10 minuten intrekken<\/li>\r\n<li>Grondig uitspoelen<\/li>\r\n<\/ol>\r\n<p><span style=\"text-decoration: underline;\">Verpakking:<br \/><\/span>Fles &agrave; 473 ml<\/p>","_fr_post_name":"dermallay-oatmeal-equine-shampoo","_fr_post_excerpt":"","_fr_post_title":"DermAllay Oatmeal Equine Shampoo | Paard 473ml","_es_post_content":"<p>DermAllay Oatmeal Equine Champ\u00fa de Dechra es un champ\u00fa calmante e hidratante para caballos, con harina de avena. Restaura el estado del pelaje y el equilibrio de humedad de la piel en caso de picaz\u00f3n estacional o picaz\u00f3n causada por picaduras de moscas. El champ\u00fa brinda el mejor efecto cuando se usa con el acondicionador para equinos DermAllay Oatmeal.<\/p>\r\n<h3>Administraci\u00f3n<\/h3>\r\n<ol>\r\n<li>Mojar el pelaje del caballo<\/li>\r\n<li>Aplicar champ\u00fa y masajear ligeramente hasta que el champ\u00fa comience a formar una ligera espuma.<\/li>\r\n<li>Dejar actuar el champ\u00fa de 5 a 10 minutos.<\/li>\r\n<li>Enjuague bien.<\/li>\r\n<\/ol>\r\n<h3>Embalaje<\/h3>\r\n<p>Botella de 473 ml.<\/p>","_es_post_name":"dermallay-oatmeal-equine-champu-caballos","_es_post_excerpt":"","_es_post_title":"DermAllay Oatmeal Equine Champ\u00fa | Caballos 473 ml","edit_language":"nl"},"product_brand":[],"product_cat":[1820,1912,1857,1809,2135,1822],"product_tag":[],"class_list":{"0":"post-118665","1":"product","2":"type-product","3":"status-publish","4":"has-post-thumbnail","6":"product_cat-benodigdheden","7":"product_cat-dermallay","8":"product_cat-merken","9":"product_cat-paarden","10":"product_cat-shampoos-en-conditioners","11":"product_cat-verzorging","12":"pa_aandoening-huid_vacht","13":"pa_doeldier-ezel","14":"pa_doeldier-paard","15":"pa_fabricatieland-nederland","16":"pa_merkfilter-dermallay","17":"pa_merkgroep-dechra","18":"pa_productsoort-overig","19":"pa_seo_canonical_store_id-not_found_value","20":"pa_seo_category-not_found_value","21":"pa_seo_meta_robots-not_found_value","22":"pa_toedieningswijze-shampoo","23":"pa_unit_pricing_base_measure-100ml","24":"pa_unit_pricing_measure-473ml","25":"pa_werkzamestof-overig","27":"first","28":"instock","29":"taxable","30":"shipping-taxable","31":"purchasable","32":"product-type-simple"},"yoast_head":"<!-- This site is optimized with the Yoast SEO plugin v27.5 - https:\/\/yoast.com\/product\/yoast-seo-wordpress\/ -->\n<title>DermAllay Oatmeal Equine Shampoo | Huid &amp; Vacht Paard<\/title>\n<meta name=\"description\" content=\"DermAllay Oatmeal Equine Shampoo is een verzachtende, vocht inbrengende shampoo met havermout. Herstelt de kwaliteit van de vacht.\" \/>\n<meta name=\"robots\" content=\"index, follow, max-snippet:-1, max-image-preview:large, max-video-preview:-1\" \/>\n<link rel=\"canonical\" href=\"https:\/\/p4p-nl.bootmine.com\/%product-slug%\/dermallay-oatmeal-equine-shampoo\" \/>\n<meta property=\"og:locale\" content=\"nl_NL\" \/>\n<meta property=\"og:type\" content=\"article\" \/>\n<meta property=\"og:title\" content=\"DermAllay Oatmeal Equine Shampoo | Huid &amp; Vacht Paard\" \/>\n<meta property=\"og:description\" content=\"DermAllay Oatmeal Equine Shampoo is een verzachtende, vocht inbrengende shampoo met havermout. Herstelt de kwaliteit van de vacht.\" \/>\n<meta property=\"og:url\" content=\"https:\/\/p4p-nl.bootmine.com\/%product-slug%\/dermallay-oatmeal-equine-shampoo\" \/>\n<meta property=\"og:site_name\" content=\"Pharmacy4pets\" \/>\n<meta property=\"article:publisher\" content=\"https:\/\/www.facebook.com\/people\/Pharmacy4petsnl\/100063484989896\/\" \/>\n<meta property=\"article:modified_time\" content=\"2026-04-14T08:02:57+00:00\" \/>\n<meta property=\"og:image\" content=\"https:\/\/p4p-nl.bootmine.com\/wp-content\/uploads\/2017\/08\/21733_v2.jpg\" \/>\n\t<meta property=\"og:image:width\" content=\"600\" \/>\n\t<meta property=\"og:image:height\" content=\"692\" \/>\n\t<meta property=\"og:image:type\" content=\"image\/jpeg\" \/>\n<meta name=\"twitter:card\" content=\"summary_large_image\" \/>\n<script type=\"application\/ld+json\" class=\"yoast-schema-graph\">{\"@context\":\"https:\\\/\\\/schema.org\",\"@graph\":[{\"@type\":\"WebPage\",\"@id\":\"https:\\\/\\\/p4p-nl.bootmine.com\\\/%product-slug%\\\/dermallay-oatmeal-equine-shampoo\",\"url\":\"https:\\\/\\\/p4p-nl.bootmine.com\\\/%product-slug%\\\/dermallay-oatmeal-equine-shampoo\",\"name\":\"DermAllay Oatmeal Equine Shampoo | Huid & Vacht Paard\",\"isPartOf\":{\"@id\":\"http:\\\/\\\/www.pharmacy4pets.nl\\\/#website\"},\"primaryImageOfPage\":{\"@id\":\"https:\\\/\\\/p4p-nl.bootmine.com\\\/%product-slug%\\\/dermallay-oatmeal-equine-shampoo#primaryimage\"},\"image\":{\"@id\":\"https:\\\/\\\/p4p-nl.bootmine.com\\\/%product-slug%\\\/dermallay-oatmeal-equine-shampoo#primaryimage\"},\"thumbnailUrl\":\"https:\\\/\\\/www.pharmacy4pets.nl\\\/wp-content\\\/uploads\\\/2017\\\/08\\\/21733_v2.jpg\",\"datePublished\":\"2017-08-09T07:32:16+00:00\",\"dateModified\":\"2026-04-14T08:02:57+00:00\",\"description\":\"DermAllay Oatmeal Equine Shampoo is een verzachtende, vocht inbrengende shampoo met havermout. Herstelt de kwaliteit van de vacht.\",\"breadcrumb\":{\"@id\":\"https:\\\/\\\/p4p-nl.bootmine.com\\\/%product-slug%\\\/dermallay-oatmeal-equine-shampoo#breadcrumb\"},\"inLanguage\":\"nl-NL\",\"potentialAction\":[{\"@type\":\"ReadAction\",\"target\":[\"https:\\\/\\\/p4p-nl.bootmine.com\\\/%product-slug%\\\/dermallay-oatmeal-equine-shampoo\"]}]},{\"@type\":\"ImageObject\",\"inLanguage\":\"nl-NL\",\"@id\":\"https:\\\/\\\/p4p-nl.bootmine.com\\\/%product-slug%\\\/dermallay-oatmeal-equine-shampoo#primaryimage\",\"url\":\"https:\\\/\\\/www.pharmacy4pets.nl\\\/wp-content\\\/uploads\\\/2017\\\/08\\\/21733_v2.jpg\",\"contentUrl\":\"https:\\\/\\\/www.pharmacy4pets.nl\\\/wp-content\\\/uploads\\\/2017\\\/08\\\/21733_v2.jpg\",\"width\":600,\"height\":692,\"caption\":\"DermAllay\"},{\"@type\":\"BreadcrumbList\",\"@id\":\"https:\\\/\\\/p4p-nl.bootmine.com\\\/%product-slug%\\\/dermallay-oatmeal-equine-shampoo#breadcrumb\",\"itemListElement\":[{\"@type\":\"ListItem\",\"position\":1,\"name\":\"Home\",\"item\":\"https:\\\/\\\/p4p-nl.bootmine.com\\\/\"},{\"@type\":\"ListItem\",\"position\":2,\"name\":\"Winkel\",\"item\":\"https:\\\/\\\/p4p-nl.bootmine.com\\\/winkel\"},{\"@type\":\"ListItem\",\"position\":3,\"name\":\"DermAllay Oatmeal Equine Shampoo | Paard 473ml\"}]},{\"@type\":\"WebSite\",\"@id\":\"http:\\\/\\\/www.pharmacy4pets.nl\\\/#website\",\"url\":\"http:\\\/\\\/www.pharmacy4pets.nl\\\/\",\"name\":\"Pharmacy4pets\",\"description\":\"Pharmacy4pets.nl is d\u00e9 online apotheek waar u terecht kunt voor alle diergeneesmiddelen, verzorgingsproducten en dieetvoeding voor uw huisdier.\",\"publisher\":{\"@id\":\"http:\\\/\\\/www.pharmacy4pets.nl\\\/#organization\"},\"potentialAction\":[{\"@type\":\"SearchAction\",\"target\":{\"@type\":\"EntryPoint\",\"urlTemplate\":\"http:\\\/\\\/www.pharmacy4pets.nl\\\/?s={search_term_string}\"},\"query-input\":{\"@type\":\"PropertyValueSpecification\",\"valueRequired\":true,\"valueName\":\"search_term_string\"}}],\"inLanguage\":\"nl-NL\"},{\"@type\":\"Organization\",\"@id\":\"http:\\\/\\\/www.pharmacy4pets.nl\\\/#organization\",\"name\":\"Pharmacy4pets\",\"url\":\"http:\\\/\\\/www.pharmacy4pets.nl\\\/\",\"logo\":{\"@type\":\"ImageObject\",\"inLanguage\":\"nl-NL\",\"@id\":\"http:\\\/\\\/www.pharmacy4pets.nl\\\/#\\\/schema\\\/logo\\\/image\\\/\",\"url\":\"https:\\\/\\\/p4p-nl.bootmine.com\\\/wp-content\\\/uploads\\\/2026\\\/03\\\/logo-pharmacy4pets.png\",\"contentUrl\":\"https:\\\/\\\/p4p-nl.bootmine.com\\\/wp-content\\\/uploads\\\/2026\\\/03\\\/logo-pharmacy4pets.png\",\"width\":1024,\"height\":135,\"caption\":\"Pharmacy4pets\"},\"image\":{\"@id\":\"http:\\\/\\\/www.pharmacy4pets.nl\\\/#\\\/schema\\\/logo\\\/image\\\/\"},\"sameAs\":[\"https:\\\/\\\/www.facebook.com\\\/people\\\/Pharmacy4petsnl\\\/100063484989896\\\/\",\"https:\\\/\\\/www.youtube.com\\\/channel\\\/UCGPTIgucgli03tP2_kvLkHg\\\/featured\",\"https:\\\/\\\/www.instagram.com\\\/pharmacy4pets.nl\"]}]}<\/script>\n<!-- \/ Yoast SEO plugin. -->","yoast_head_json":{"title":"DermAllay Oatmeal Equine Shampoo | Huid & Vacht Paard","description":"DermAllay Oatmeal Equine Shampoo is een verzachtende, vocht inbrengende shampoo met havermout. Herstelt de kwaliteit van de vacht.","robots":{"index":"index","follow":"follow","max-snippet":"max-snippet:-1","max-image-preview":"max-image-preview:large","max-video-preview":"max-video-preview:-1"},"canonical":"https:\/\/p4p-nl.bootmine.com\/%product-slug%\/dermallay-oatmeal-equine-shampoo","og_locale":"nl_NL","og_type":"article","og_title":"DermAllay Oatmeal Equine Shampoo | Huid & Vacht Paard","og_description":"DermAllay Oatmeal Equine Shampoo is een verzachtende, vocht inbrengende shampoo met havermout. Herstelt de kwaliteit van de vacht.","og_url":"https:\/\/p4p-nl.bootmine.com\/%product-slug%\/dermallay-oatmeal-equine-shampoo","og_site_name":"Pharmacy4pets","article_publisher":"https:\/\/www.facebook.com\/people\/Pharmacy4petsnl\/100063484989896\/","article_modified_time":"2026-04-14T08:02:57+00:00","og_image":[{"width":600,"height":692,"url":"https:\/\/p4p-nl.bootmine.com\/wp-content\/uploads\/2017\/08\/21733_v2.jpg","type":"image\/jpeg"}],"twitter_card":"summary_large_image","schema":{"@context":"https:\/\/schema.org","@graph":[{"@type":"WebPage","@id":"https:\/\/p4p-nl.bootmine.com\/%product-slug%\/dermallay-oatmeal-equine-shampoo","url":"https:\/\/p4p-nl.bootmine.com\/%product-slug%\/dermallay-oatmeal-equine-shampoo","name":"DermAllay Oatmeal Equine Shampoo | Huid & Vacht Paard","isPartOf":{"@id":"http:\/\/www.pharmacy4pets.nl\/#website"},"primaryImageOfPage":{"@id":"https:\/\/p4p-nl.bootmine.com\/%product-slug%\/dermallay-oatmeal-equine-shampoo#primaryimage"},"image":{"@id":"https:\/\/p4p-nl.bootmine.com\/%product-slug%\/dermallay-oatmeal-equine-shampoo#primaryimage"},"thumbnailUrl":"https:\/\/www.pharmacy4pets.nl\/wp-content\/uploads\/2017\/08\/21733_v2.jpg","datePublished":"2017-08-09T07:32:16+00:00","dateModified":"2026-04-14T08:02:57+00:00","description":"DermAllay Oatmeal Equine Shampoo is een verzachtende, vocht inbrengende shampoo met havermout. Herstelt de kwaliteit van de vacht.","breadcrumb":{"@id":"https:\/\/p4p-nl.bootmine.com\/%product-slug%\/dermallay-oatmeal-equine-shampoo#breadcrumb"},"inLanguage":"nl-NL","potentialAction":[{"@type":"ReadAction","target":["https:\/\/p4p-nl.bootmine.com\/%product-slug%\/dermallay-oatmeal-equine-shampoo"]}]},{"@type":"ImageObject","inLanguage":"nl-NL","@id":"https:\/\/p4p-nl.bootmine.com\/%product-slug%\/dermallay-oatmeal-equine-shampoo#primaryimage","url":"https:\/\/www.pharmacy4pets.nl\/wp-content\/uploads\/2017\/08\/21733_v2.jpg","contentUrl":"https:\/\/www.pharmacy4pets.nl\/wp-content\/uploads\/2017\/08\/21733_v2.jpg","width":600,"height":692,"caption":"DermAllay"},{"@type":"BreadcrumbList","@id":"https:\/\/p4p-nl.bootmine.com\/%product-slug%\/dermallay-oatmeal-equine-shampoo#breadcrumb","itemListElement":[{"@type":"ListItem","position":1,"name":"Home","item":"https:\/\/p4p-nl.bootmine.com\/"},{"@type":"ListItem","position":2,"name":"Winkel","item":"https:\/\/p4p-nl.bootmine.com\/winkel"},{"@type":"ListItem","position":3,"name":"DermAllay Oatmeal Equine Shampoo | Paard 473ml"}]},{"@type":"WebSite","@id":"http:\/\/www.pharmacy4pets.nl\/#website","url":"http:\/\/www.pharmacy4pets.nl\/","name":"Pharmacy4pets","description":"Pharmacy4pets.nl is d\u00e9 online apotheek waar u terecht kunt voor alle diergeneesmiddelen, verzorgingsproducten en dieetvoeding voor uw huisdier.","publisher":{"@id":"http:\/\/www.pharmacy4pets.nl\/#organization"},"potentialAction":[{"@type":"SearchAction","target":{"@type":"EntryPoint","urlTemplate":"http:\/\/www.pharmacy4pets.nl\/?s={search_term_string}"},"query-input":{"@type":"PropertyValueSpecification","valueRequired":true,"valueName":"search_term_string"}}],"inLanguage":"nl-NL"},{"@type":"Organization","@id":"http:\/\/www.pharmacy4pets.nl\/#organization","name":"Pharmacy4pets","url":"http:\/\/www.pharmacy4pets.nl\/","logo":{"@type":"ImageObject","inLanguage":"nl-NL","@id":"http:\/\/www.pharmacy4pets.nl\/#\/schema\/logo\/image\/","url":"https:\/\/p4p-nl.bootmine.com\/wp-content\/uploads\/2026\/03\/logo-pharmacy4pets.png","contentUrl":"https:\/\/p4p-nl.bootmine.com\/wp-content\/uploads\/2026\/03\/logo-pharmacy4pets.png","width":1024,"height":135,"caption":"Pharmacy4pets"},"image":{"@id":"http:\/\/www.pharmacy4pets.nl\/#\/schema\/logo\/image\/"},"sameAs":["https:\/\/www.facebook.com\/people\/Pharmacy4petsnl\/100063484989896\/","https:\/\/www.youtube.com\/channel\/UCGPTIgucgli03tP2_kvLkHg\/featured","https:\/\/www.instagram.com\/pharmacy4pets.nl"]}]}},"market_data":{"nl":{"price":0,"sale_price":0,"active":false,"url":null,"parent_url":"","tax_rate":0,"price_inc_tax":0,"sale_price_inc_tax":0},"de":{"price":0,"sale_price":0,"active":false,"url":null,"parent_url":"","tax_rate":0,"price_inc_tax":0,"sale_price_inc_tax":0},"be":{"price":0,"sale_price":0,"active":false,"url":null,"parent_url":"","tax_rate":0,"price_inc_tax":0,"sale_price_inc_tax":0},"fr":{"price":0,"sale_price":0,"active":false,"url":null,"parent_url":"","tax_rate":0,"price_inc_tax":0,"sale_price_inc_tax":0},"ch":{"price":0,"sale_price":0,"active":false,"url":null,"parent_url":"","tax_rate":0,"price_inc_tax":0,"sale_price_inc_tax":0},"at":{"price":0,"sale_price":0,"active":false,"url":null,"parent_url":"","tax_rate":0,"price_inc_tax":0,"sale_price_inc_tax":0},"es":{"price":0,"sale_price":0,"active":false,"url":null,"parent_url":"","tax_rate":0,"price_inc_tax":0,"sale_price_inc_tax":0},"dk":{"price":0,"sale_price":0,"active":false,"url":null,"parent_url":"","tax_rate":0,"price_inc_tax":0,"sale_price_inc_tax":0},"com":{"price":0,"sale_price":0,"active":false,"url":null,"parent_url":"","tax_rate":0,"price_inc_tax":0,"sale_price_inc_tax":0}},"market_nl_price":0,"market_nl_sale_price":0,"market_nl_active":false,"market_nl_url":null,"market_nl_parent_url":"","market_nl_tax_rate":0,"market_nl_price_inc_tax":0,"market_nl_sale_price_inc_tax":0,"market_de_price":0,"market_de_sale_price":0,"market_de_active":false,"market_de_url":null,"market_de_parent_url":"","market_de_tax_rate":0,"market_de_price_inc_tax":0,"market_de_sale_price_inc_tax":0,"market_be_price":0,"market_be_sale_price":0,"market_be_active":false,"market_be_url":null,"market_be_parent_url":"","market_be_tax_rate":0,"market_be_price_inc_tax":0,"market_be_sale_price_inc_tax":0,"market_fr_price":0,"market_fr_sale_price":0,"market_fr_active":false,"market_fr_url":null,"market_fr_parent_url":"","market_fr_tax_rate":0,"market_fr_price_inc_tax":0,"market_fr_sale_price_inc_tax":0,"market_ch_price":0,"market_ch_sale_price":0,"market_ch_active":false,"market_ch_url":null,"market_ch_parent_url":"","market_ch_tax_rate":0,"market_ch_price_inc_tax":0,"market_ch_sale_price_inc_tax":0,"market_at_price":0,"market_at_sale_price":0,"market_at_active":false,"market_at_url":null,"market_at_parent_url":"","market_at_tax_rate":0,"market_at_price_inc_tax":0,"market_at_sale_price_inc_tax":0,"market_es_price":0,"market_es_sale_price":0,"market_es_active":false,"market_es_url":null,"market_es_parent_url":"","market_es_tax_rate":0,"market_es_price_inc_tax":0,"market_es_sale_price_inc_tax":0,"market_dk_price":0,"market_dk_sale_price":0,"market_dk_active":false,"market_dk_url":null,"market_dk_parent_url":"","market_dk_tax_rate":0,"market_dk_price_inc_tax":0,"market_dk_sale_price_inc_tax":0,"market_com_price":0,"market_com_sale_price":0,"market_com_active":false,"market_com_url":null,"market_com_parent_url":"","market_com_tax_rate":0,"market_com_price_inc_tax":0,"market_com_sale_price_inc_tax":0,"acf":[],"_links":{"self":[{"href":"https:\/\/www.pharmacy4pets.nl\/be\/wp-json\/wp\/v2\/product\/118665","targetHints":{"allow":["GET"]}}],"collection":[{"href":"https:\/\/www.pharmacy4pets.nl\/be\/wp-json\/wp\/v2\/product"}],"about":[{"href":"https:\/\/www.pharmacy4pets.nl\/be\/wp-json\/wp\/v2\/types\/product"}],"replies":[{"embeddable":true,"href":"https:\/\/www.pharmacy4pets.nl\/be\/wp-json\/wp\/v2\/comments?post=118665"}],"wp:featuredmedia":[{"embeddable":true,"href":"https:\/\/www.pharmacy4pets.nl\/be\/wp-json\/wp\/v2\/media\/118664"}],"wp:attachment":[{"href":"https:\/\/www.pharmacy4pets.nl\/be\/wp-json\/wp\/v2\/media?parent=118665"}],"wp:term":[{"taxonomy":"product_brand","embeddable":true,"href":"https:\/\/www.pharmacy4pets.nl\/be\/wp-json\/wp\/v2\/product_brand?post=118665"},{"taxonomy":"product_cat","embeddable":true,"href":"https:\/\/www.pharmacy4pets.nl\/be\/wp-json\/wp\/v2\/product_cat?post=118665"},{"taxonomy":"product_tag","embeddable":true,"href":"https:\/\/www.pharmacy4pets.nl\/be\/wp-json\/wp\/v2\/product_tag?post=118665"}],"curies":[{"name":"wp","href":"https:\/\/api.w.org\/{rel}","templated":true}]}}