{"id":118645,"date":"2017-08-04T10:12:06","date_gmt":"2017-08-04T10:12:06","guid":{"rendered":"https:\/\/p4p.test\/trixie-diapers-male-dogs-m-l"},"modified":"2026-03-25T11:58:37","modified_gmt":"2026-03-25T11:58:37","slug":"trixie-diapers-male-dogs-m-l","status":"publish","type":"product","link":"https:\/\/www.pharmacy4pets.nl\/be\/trixie-diapers-male-dogs-m-l","title":{"rendered":"Trixie Luiers Reuen M\/L | 12 stuks"},"content":{"rendered":"<p>Trixie luiers M\/L zijn buikriemen voor incontinente reuen. De buikriemen zijn zeer comfortabel en sluiten goed aan door de elastische band en de plak strips aan de zijkant. Zeer comfortabel met een hoog absorptievermogen en ze kunnen na gebruik weggegooid worden. Ook handig voor op reis of na operaties.<\/p>\n<p>Trixie Diapers Male Dogs M\/L &ndash; geschikt voor honden met een buikomvang van 46 &#8211; 60 cm<\/p>\n<p><span style=\"text-decoration: underline;\">Verpakking:<br \/><\/span>12 stuks<\/p>\n","protected":false},"excerpt":{"rendered":"<p>Trixie luiers M\/L zijn buikriemen voor incontinente reuen. De buikriemen zijn zeer comfortabel en sluiten goed aan door de elastische band en de plak strips aan de zijkant. Zeer comfortabel met een hoog absorptievermogen en ze kunnen na gebruik weggegooid worden. Ook handig voor op reis of na operaties. Trixie Diapers Male Dogs M\/L &ndash; [&hellip;]<\/p>\n","protected":false},"featured_media":118644,"comment_status":"open","ping_status":"closed","template":"","meta":{"_acf_changed":false,"_nl_post_content":"<p>Trixie luiers M\/L zijn buikriemen voor incontinente reuen. De buikriemen zijn zeer comfortabel en sluiten goed aan door de elastische band en de plak strips aan de zijkant. Zeer comfortabel met een hoog absorptievermogen en ze kunnen na gebruik weggegooid worden. Ook handig voor op reis of na operaties.<\/p>\r\n<p>Trixie Diapers Male Dogs M\/L &ndash; geschikt voor honden met een buikomvang van 46 - 60 cm<\/p>\r\n<p><span style=\"text-decoration: underline;\">Verpakking:<br \/><\/span>12 stuks<\/p>","_nl_post_name":"trixie-diapers-male-dogs-m-l","_nl_post_excerpt":"","_nl_post_title":"Trixie Luiers Reuen M\/L | 12 stuks","_en_post_content":"<p>Trixie Diapers for Male Dogs M\/L are abdominal belts for incontinence at male dogs. The belts are very comfortable and have a good fit due to the elastic band and adhesive fasteners. Trixie Diapers for Male Dogs are highly absorbent and disposable. Also useful for travelling or after operations.<\/p>\r\n<p>Trixie Diapers Male Dog Size M\/L &ndash; suitable for dogs with a waist circumference of 46 &ndash; 60 cm<\/p>\r\n<p><span style=\"text-decoration: underline;\">Package:<br \/><\/span>12 Diapers<\/p>","_en_post_name":"trixie-diapers-male-dogs-m-l","_en_post_excerpt":"","_en_post_title":"Trixie Diapers Male Dog M\/L | 12 pieces","_de_post_content":"<p>Trixie Windeln f&uuml;r R&uuml;den M\/L sind Bauchbinde f&uuml;r inkontinente Hunde. Die Bauchbinden sind sehr komfortabel durch Gummiband und Klebeverschl&uuml;sse. Sehr komfortabel mit hohen Saugf&auml;higkeit und es sind Einwegwindeln. Ebenfalls geeignet nach Operationen und auf Reisen.<\/p>\r\n<p>Trixie Windeln f&uuml;r R&uuml;den M\/L &ndash; geeignet f&uuml;r Hunde mit Taillenumfang 46 - 60 cm.<\/p>\r\n<p><span style=\"text-decoration: underline;\">Verpackung:<br \/><\/span>12 St&uuml;ck<\/p>","_de_post_name":"trixie-diapers-male-dogs-m-l","_de_post_excerpt":"","_de_post_title":"Trixie Windeln R\u00fcden M\/L | 12 St\u00fcck","_fr_post_content":"<p>Les couches Trixie M\/L sont des couches ventrales pour les chiens m\u00e2les incontinents. Les sangles ventrales sont tr\u00e8s confortables et se ferment bien gr\u00e2ce \u00e0 l'\u00e9lastique et aux bandes adh\u00e9sives sur le c\u00f4t\u00e9. Tr\u00e8s confortables et tr\u00e8s absorbants, ils peuvent \u00eatre jet\u00e9s apr\u00e8s usage. \u00c9galement pratique en voyage ou apr\u00e8s une op\u00e9ration.<\/p>\r\n<p>Couches pour chiens m\u00e2les Trixie M\/L - convient aux chiens dont le tour de taille est compris entre 46 et 60 cm.<\/p>\r\n<p><span style=\"text-decoration: underline;\">Emballage :<\/span><br \/>12 pi\u00e8ces<\/p>","_fr_post_name":"trixie-couhes-chien-male-m-l","_fr_post_excerpt":"","_fr_post_title":"Trixie Couches Males M\/L | 12 pi\u00e8ces","_es_post_content":"<p>Trixie Pa\u00f1ales para perros machos M\/L | 12 piezas \u2013 adecuada para perros con una circunferencia de cintura de 46 - 60 cm.<\/p>","_es_post_name":"trixie-panales-perros-machos-m-l","_es_post_excerpt":"","_es_post_title":"Trixie Pa\u00f1ales para perros machos M\/L | 12 piezas","edit_language":"nl"},"product_brand":[],"product_cat":[1861,1117,1857,1959,1863],"product_tag":[],"class_list":{"0":"post-118645","1":"product","2":"type-product","3":"status-publish","4":"has-post-thumbnail","6":"product_cat-benodigdheden","7":"product_cat-honden","8":"product_cat-merken","9":"product_cat-trixie","10":"product_cat-verzorging","11":"pa_aandoening-overig","12":"pa_doeldier-hond","13":"pa_fabricatieland-duitsland","14":"pa_merkfilter-trixie","15":"pa_merkgroep-trixie","16":"pa_productsoort-overig","17":"pa_toedieningswijze-broek","18":"pa_unit_pricing_base_measure-1ct","19":"pa_unit_pricing_measure-12ct","20":"pa_werkzamestof-overig","22":"first","23":"instock","24":"taxable","25":"shipping-taxable","26":"purchasable","27":"product-type-simple"},"yoast_head":"<!-- This site is optimized with the Yoast SEO plugin v27.5 - https:\/\/yoast.com\/product\/yoast-seo-wordpress\/ -->\n<title>Trixie Luiers Reuen M\/L | Incontinentie Hond | Hondenluier<\/title>\n<meta name=\"description\" content=\"Trixie luiers M\/L zijn buikriemen voor incontinente reuen. Zeer comfortabel door de elastische band en handige plak strips aan de zijkant.\" \/>\n<meta name=\"robots\" content=\"index, follow, max-snippet:-1, max-image-preview:large, max-video-preview:-1\" \/>\n<link rel=\"canonical\" href=\"https:\/\/www.pharmacy4pets.nl\/trixie-diapers-male-dogs-m-l\" \/>\n<meta property=\"og:locale\" content=\"nl_NL\" \/>\n<meta property=\"og:type\" content=\"article\" \/>\n<meta property=\"og:title\" content=\"Trixie Luiers Reuen M\/L | Incontinentie Hond | Hondenluier\" \/>\n<meta property=\"og:description\" content=\"Trixie luiers M\/L zijn buikriemen voor incontinente reuen. Zeer comfortabel door de elastische band en handige plak strips aan de zijkant.\" \/>\n<meta property=\"og:url\" content=\"https:\/\/www.pharmacy4pets.nl\/trixie-diapers-male-dogs-m-l\" \/>\n<meta property=\"og:site_name\" content=\"Pharmacy4pets\" \/>\n<meta property=\"article:publisher\" content=\"https:\/\/www.facebook.com\/people\/Pharmacy4petsnl\/100063484989896\/\" \/>\n<meta property=\"article:modified_time\" content=\"2026-03-25T11:58:37+00:00\" \/>\n<meta property=\"og:image\" content=\"https:\/\/www.pharmacy4pets.nl\/wp-content\/uploads\/2017\/08\/diapers_male_dog_1.png\" \/>\n\t<meta property=\"og:image:width\" content=\"310\" \/>\n\t<meta property=\"og:image:height\" content=\"310\" \/>\n\t<meta property=\"og:image:type\" content=\"image\/png\" \/>\n<meta name=\"twitter:card\" content=\"summary_large_image\" \/>\n<script type=\"application\/ld+json\" class=\"yoast-schema-graph\">{\"@context\":\"https:\\\/\\\/schema.org\",\"@graph\":[{\"@type\":\"WebPage\",\"@id\":\"https:\\\/\\\/www.pharmacy4pets.nl\\\/trixie-diapers-male-dogs-m-l\",\"url\":\"https:\\\/\\\/www.pharmacy4pets.nl\\\/trixie-diapers-male-dogs-m-l\",\"name\":\"Trixie Luiers Reuen M\\\/L | Incontinentie Hond | Hondenluier\",\"isPartOf\":{\"@id\":\"https:\\\/\\\/www.pharmacy4pets.nl\\\/be\\\/#website\"},\"primaryImageOfPage\":{\"@id\":\"https:\\\/\\\/www.pharmacy4pets.nl\\\/trixie-diapers-male-dogs-m-l#primaryimage\"},\"image\":{\"@id\":\"https:\\\/\\\/www.pharmacy4pets.nl\\\/trixie-diapers-male-dogs-m-l#primaryimage\"},\"thumbnailUrl\":\"https:\\\/\\\/www.pharmacy4pets.nl\\\/wp-content\\\/uploads\\\/2017\\\/08\\\/diapers_male_dog_1.png\",\"datePublished\":\"2017-08-04T10:12:06+00:00\",\"dateModified\":\"2026-03-25T11:58:37+00:00\",\"description\":\"Trixie luiers M\\\/L zijn buikriemen voor incontinente reuen. Zeer comfortabel door de elastische band en handige plak strips aan de zijkant.\",\"breadcrumb\":{\"@id\":\"https:\\\/\\\/www.pharmacy4pets.nl\\\/trixie-diapers-male-dogs-m-l#breadcrumb\"},\"inLanguage\":\"nl-NL\",\"potentialAction\":[{\"@type\":\"ReadAction\",\"target\":[\"https:\\\/\\\/www.pharmacy4pets.nl\\\/trixie-diapers-male-dogs-m-l\"]}]},{\"@type\":\"ImageObject\",\"inLanguage\":\"nl-NL\",\"@id\":\"https:\\\/\\\/www.pharmacy4pets.nl\\\/trixie-diapers-male-dogs-m-l#primaryimage\",\"url\":\"https:\\\/\\\/www.pharmacy4pets.nl\\\/wp-content\\\/uploads\\\/2017\\\/08\\\/diapers_male_dog_1.png\",\"contentUrl\":\"https:\\\/\\\/www.pharmacy4pets.nl\\\/wp-content\\\/uploads\\\/2017\\\/08\\\/diapers_male_dog_1.png\",\"width\":310,\"height\":310,\"caption\":\"Trixie\"},{\"@type\":\"BreadcrumbList\",\"@id\":\"https:\\\/\\\/www.pharmacy4pets.nl\\\/trixie-diapers-male-dogs-m-l#breadcrumb\",\"itemListElement\":[{\"@type\":\"ListItem\",\"position\":1,\"name\":\"Home\",\"item\":\"https:\\\/\\\/p4p-nl.bootmine.com\\\/\"},{\"@type\":\"ListItem\",\"position\":2,\"name\":\"Winkel\",\"item\":\"https:\\\/\\\/www.pharmacy4pets.nl\\\/be\\\/winkel\"},{\"@type\":\"ListItem\",\"position\":3,\"name\":\"Trixie Luiers Reuen M\\\/L | 12 stuks\"}]},{\"@type\":\"WebSite\",\"@id\":\"https:\\\/\\\/www.pharmacy4pets.nl\\\/be\\\/#website\",\"url\":\"https:\\\/\\\/www.pharmacy4pets.nl\\\/be\\\/\",\"name\":\"Pharmacy4pets\",\"description\":\"Pharmacy4pets.nl is d\u00e9 online apotheek waar u terecht kunt voor alle diergeneesmiddelen, verzorgingsproducten en dieetvoeding voor uw huisdier.\",\"publisher\":{\"@id\":\"https:\\\/\\\/www.pharmacy4pets.nl\\\/be\\\/#organization\"},\"potentialAction\":[{\"@type\":\"SearchAction\",\"target\":{\"@type\":\"EntryPoint\",\"urlTemplate\":\"https:\\\/\\\/www.pharmacy4pets.nl\\\/be\\\/?s={search_term_string}\"},\"query-input\":{\"@type\":\"PropertyValueSpecification\",\"valueRequired\":true,\"valueName\":\"search_term_string\"}}],\"inLanguage\":\"nl-NL\"},{\"@type\":\"Organization\",\"@id\":\"https:\\\/\\\/www.pharmacy4pets.nl\\\/be\\\/#organization\",\"name\":\"Pharmacy4pets\",\"url\":\"https:\\\/\\\/www.pharmacy4pets.nl\\\/be\\\/\",\"logo\":{\"@type\":\"ImageObject\",\"inLanguage\":\"nl-NL\",\"@id\":\"https:\\\/\\\/www.pharmacy4pets.nl\\\/be\\\/#\\\/schema\\\/logo\\\/image\\\/\",\"url\":\"https:\\\/\\\/p4p-nl.bootmine.com\\\/wp-content\\\/uploads\\\/2026\\\/03\\\/logo-pharmacy4pets.png\",\"contentUrl\":\"https:\\\/\\\/p4p-nl.bootmine.com\\\/wp-content\\\/uploads\\\/2026\\\/03\\\/logo-pharmacy4pets.png\",\"width\":1024,\"height\":135,\"caption\":\"Pharmacy4pets\"},\"image\":{\"@id\":\"https:\\\/\\\/www.pharmacy4pets.nl\\\/be\\\/#\\\/schema\\\/logo\\\/image\\\/\"},\"sameAs\":[\"https:\\\/\\\/www.facebook.com\\\/people\\\/Pharmacy4petsnl\\\/100063484989896\\\/\",\"https:\\\/\\\/www.youtube.com\\\/channel\\\/UCGPTIgucgli03tP2_kvLkHg\\\/featured\",\"https:\\\/\\\/www.instagram.com\\\/pharmacy4pets.nl\"]}]}<\/script>\n<!-- \/ Yoast SEO plugin. -->","yoast_head_json":{"title":"Trixie Luiers Reuen M\/L | Incontinentie Hond | Hondenluier","description":"Trixie luiers M\/L zijn buikriemen voor incontinente reuen. Zeer comfortabel door de elastische band en handige plak strips aan de zijkant.","robots":{"index":"index","follow":"follow","max-snippet":"max-snippet:-1","max-image-preview":"max-image-preview:large","max-video-preview":"max-video-preview:-1"},"canonical":"https:\/\/www.pharmacy4pets.nl\/trixie-diapers-male-dogs-m-l","og_locale":"nl_NL","og_type":"article","og_title":"Trixie Luiers Reuen M\/L | Incontinentie Hond | Hondenluier","og_description":"Trixie luiers M\/L zijn buikriemen voor incontinente reuen. Zeer comfortabel door de elastische band en handige plak strips aan de zijkant.","og_url":"https:\/\/www.pharmacy4pets.nl\/trixie-diapers-male-dogs-m-l","og_site_name":"Pharmacy4pets","article_publisher":"https:\/\/www.facebook.com\/people\/Pharmacy4petsnl\/100063484989896\/","article_modified_time":"2026-03-25T11:58:37+00:00","og_image":[{"width":310,"height":310,"url":"https:\/\/www.pharmacy4pets.nl\/wp-content\/uploads\/2017\/08\/diapers_male_dog_1.png","type":"image\/png"}],"twitter_card":"summary_large_image","schema":{"@context":"https:\/\/schema.org","@graph":[{"@type":"WebPage","@id":"https:\/\/www.pharmacy4pets.nl\/trixie-diapers-male-dogs-m-l","url":"https:\/\/www.pharmacy4pets.nl\/trixie-diapers-male-dogs-m-l","name":"Trixie Luiers Reuen M\/L | Incontinentie Hond | Hondenluier","isPartOf":{"@id":"https:\/\/www.pharmacy4pets.nl\/be\/#website"},"primaryImageOfPage":{"@id":"https:\/\/www.pharmacy4pets.nl\/trixie-diapers-male-dogs-m-l#primaryimage"},"image":{"@id":"https:\/\/www.pharmacy4pets.nl\/trixie-diapers-male-dogs-m-l#primaryimage"},"thumbnailUrl":"https:\/\/www.pharmacy4pets.nl\/wp-content\/uploads\/2017\/08\/diapers_male_dog_1.png","datePublished":"2017-08-04T10:12:06+00:00","dateModified":"2026-03-25T11:58:37+00:00","description":"Trixie luiers M\/L zijn buikriemen voor incontinente reuen. Zeer comfortabel door de elastische band en handige plak strips aan de zijkant.","breadcrumb":{"@id":"https:\/\/www.pharmacy4pets.nl\/trixie-diapers-male-dogs-m-l#breadcrumb"},"inLanguage":"nl-NL","potentialAction":[{"@type":"ReadAction","target":["https:\/\/www.pharmacy4pets.nl\/trixie-diapers-male-dogs-m-l"]}]},{"@type":"ImageObject","inLanguage":"nl-NL","@id":"https:\/\/www.pharmacy4pets.nl\/trixie-diapers-male-dogs-m-l#primaryimage","url":"https:\/\/www.pharmacy4pets.nl\/wp-content\/uploads\/2017\/08\/diapers_male_dog_1.png","contentUrl":"https:\/\/www.pharmacy4pets.nl\/wp-content\/uploads\/2017\/08\/diapers_male_dog_1.png","width":310,"height":310,"caption":"Trixie"},{"@type":"BreadcrumbList","@id":"https:\/\/www.pharmacy4pets.nl\/trixie-diapers-male-dogs-m-l#breadcrumb","itemListElement":[{"@type":"ListItem","position":1,"name":"Home","item":"https:\/\/p4p-nl.bootmine.com\/"},{"@type":"ListItem","position":2,"name":"Winkel","item":"https:\/\/www.pharmacy4pets.nl\/be\/winkel"},{"@type":"ListItem","position":3,"name":"Trixie Luiers Reuen M\/L | 12 stuks"}]},{"@type":"WebSite","@id":"https:\/\/www.pharmacy4pets.nl\/be\/#website","url":"https:\/\/www.pharmacy4pets.nl\/be\/","name":"Pharmacy4pets","description":"Pharmacy4pets.nl is d\u00e9 online apotheek waar u terecht kunt voor alle diergeneesmiddelen, verzorgingsproducten en dieetvoeding voor uw huisdier.","publisher":{"@id":"https:\/\/www.pharmacy4pets.nl\/be\/#organization"},"potentialAction":[{"@type":"SearchAction","target":{"@type":"EntryPoint","urlTemplate":"https:\/\/www.pharmacy4pets.nl\/be\/?s={search_term_string}"},"query-input":{"@type":"PropertyValueSpecification","valueRequired":true,"valueName":"search_term_string"}}],"inLanguage":"nl-NL"},{"@type":"Organization","@id":"https:\/\/www.pharmacy4pets.nl\/be\/#organization","name":"Pharmacy4pets","url":"https:\/\/www.pharmacy4pets.nl\/be\/","logo":{"@type":"ImageObject","inLanguage":"nl-NL","@id":"https:\/\/www.pharmacy4pets.nl\/be\/#\/schema\/logo\/image\/","url":"https:\/\/p4p-nl.bootmine.com\/wp-content\/uploads\/2026\/03\/logo-pharmacy4pets.png","contentUrl":"https:\/\/p4p-nl.bootmine.com\/wp-content\/uploads\/2026\/03\/logo-pharmacy4pets.png","width":1024,"height":135,"caption":"Pharmacy4pets"},"image":{"@id":"https:\/\/www.pharmacy4pets.nl\/be\/#\/schema\/logo\/image\/"},"sameAs":["https:\/\/www.facebook.com\/people\/Pharmacy4petsnl\/100063484989896\/","https:\/\/www.youtube.com\/channel\/UCGPTIgucgli03tP2_kvLkHg\/featured","https:\/\/www.instagram.com\/pharmacy4pets.nl"]}]}},"market_data":{"nl":{"price":0,"sale_price":0,"active":false,"url":"","parent_url":"","tax_rate":0,"price_inc_tax":0,"sale_price_inc_tax":0},"de":{"price":0,"sale_price":0,"active":false,"url":"","parent_url":"","tax_rate":0,"price_inc_tax":0,"sale_price_inc_tax":0},"be":{"price":0,"sale_price":0,"active":false,"url":"","parent_url":"","tax_rate":0,"price_inc_tax":0,"sale_price_inc_tax":0},"fr":{"price":0,"sale_price":0,"active":false,"url":"","parent_url":"","tax_rate":0,"price_inc_tax":0,"sale_price_inc_tax":0},"ch":{"price":0,"sale_price":0,"active":false,"url":"","parent_url":"","tax_rate":0,"price_inc_tax":0,"sale_price_inc_tax":0},"at":{"price":0,"sale_price":0,"active":false,"url":"","parent_url":"","tax_rate":0,"price_inc_tax":0,"sale_price_inc_tax":0},"es":{"price":0,"sale_price":0,"active":false,"url":"","parent_url":"","tax_rate":0,"price_inc_tax":0,"sale_price_inc_tax":0},"dk":{"price":0,"sale_price":0,"active":false,"url":"","parent_url":"","tax_rate":0,"price_inc_tax":0,"sale_price_inc_tax":0},"com":{"price":0,"sale_price":0,"active":false,"url":"","parent_url":"","tax_rate":0,"price_inc_tax":0,"sale_price_inc_tax":0}},"market_nl_price":0,"market_nl_sale_price":0,"market_nl_active":false,"market_nl_url":"","market_nl_parent_url":"","market_nl_tax_rate":0,"market_nl_price_inc_tax":0,"market_nl_sale_price_inc_tax":0,"market_de_price":0,"market_de_sale_price":0,"market_de_active":false,"market_de_url":"","market_de_parent_url":"","market_de_tax_rate":0,"market_de_price_inc_tax":0,"market_de_sale_price_inc_tax":0,"market_be_price":0,"market_be_sale_price":0,"market_be_active":false,"market_be_url":"","market_be_parent_url":"","market_be_tax_rate":0,"market_be_price_inc_tax":0,"market_be_sale_price_inc_tax":0,"market_fr_price":0,"market_fr_sale_price":0,"market_fr_active":false,"market_fr_url":"","market_fr_parent_url":"","market_fr_tax_rate":0,"market_fr_price_inc_tax":0,"market_fr_sale_price_inc_tax":0,"market_ch_price":0,"market_ch_sale_price":0,"market_ch_active":false,"market_ch_url":"","market_ch_parent_url":"","market_ch_tax_rate":0,"market_ch_price_inc_tax":0,"market_ch_sale_price_inc_tax":0,"market_at_price":0,"market_at_sale_price":0,"market_at_active":false,"market_at_url":"","market_at_parent_url":"","market_at_tax_rate":0,"market_at_price_inc_tax":0,"market_at_sale_price_inc_tax":0,"market_es_price":0,"market_es_sale_price":0,"market_es_active":false,"market_es_url":"","market_es_parent_url":"","market_es_tax_rate":0,"market_es_price_inc_tax":0,"market_es_sale_price_inc_tax":0,"market_dk_price":0,"market_dk_sale_price":0,"market_dk_active":false,"market_dk_url":"","market_dk_parent_url":"","market_dk_tax_rate":0,"market_dk_price_inc_tax":0,"market_dk_sale_price_inc_tax":0,"market_com_price":0,"market_com_sale_price":0,"market_com_active":false,"market_com_url":"","market_com_parent_url":"","market_com_tax_rate":0,"market_com_price_inc_tax":0,"market_com_sale_price_inc_tax":0,"acf":[],"_links":{"self":[{"href":"https:\/\/www.pharmacy4pets.nl\/be\/wp-json\/wp\/v2\/product\/118645","targetHints":{"allow":["GET"]}}],"collection":[{"href":"https:\/\/www.pharmacy4pets.nl\/be\/wp-json\/wp\/v2\/product"}],"about":[{"href":"https:\/\/www.pharmacy4pets.nl\/be\/wp-json\/wp\/v2\/types\/product"}],"replies":[{"embeddable":true,"href":"https:\/\/www.pharmacy4pets.nl\/be\/wp-json\/wp\/v2\/comments?post=118645"}],"wp:featuredmedia":[{"embeddable":true,"href":"https:\/\/www.pharmacy4pets.nl\/be\/wp-json\/wp\/v2\/media\/118644"}],"wp:attachment":[{"href":"https:\/\/www.pharmacy4pets.nl\/be\/wp-json\/wp\/v2\/media?parent=118645"}],"wp:term":[{"taxonomy":"product_brand","embeddable":true,"href":"https:\/\/www.pharmacy4pets.nl\/be\/wp-json\/wp\/v2\/product_brand?post=118645"},{"taxonomy":"product_cat","embeddable":true,"href":"https:\/\/www.pharmacy4pets.nl\/be\/wp-json\/wp\/v2\/product_cat?post=118645"},{"taxonomy":"product_tag","embeddable":true,"href":"https:\/\/www.pharmacy4pets.nl\/be\/wp-json\/wp\/v2\/product_tag?post=118645"}],"curies":[{"name":"wp","href":"https:\/\/api.w.org\/{rel}","templated":true}]}}