{"id":118633,"date":"2017-08-04T09:46:17","date_gmt":"2017-08-04T09:46:17","guid":{"rendered":"https:\/\/p4p.test\/trixie-diapers-female-dog-m"},"modified":"2026-03-25T11:58:33","modified_gmt":"2026-03-25T11:58:33","slug":"trixie-diapers-female-dog-m","status":"publish","type":"product","link":"https:\/\/www.pharmacy4pets.nl\/be\/trixie-diapers-female-dog-m","title":{"rendered":"Trixie Luiers Teefjes M | 12 stuks"},"content":{"rendered":"<p>Trixie Luiers Teefjes M zijn luierbroekjes voor loopse of incontinente teven. De luiers zijn zeer comfortabel en sluiten goed aan door de elastieken band bij de heupen en poten. De luier heeft een speciaal gat voor de staart en kunnen door middel van plakkers aan de zijkant vastgemaakt worden. Zeer comfortabel met een hoog absorptievermogen en ze kunnen na gebruik weggegooid worden. Ook handig voor op reis of na operaties.<\/p>\n<p>Trixie Diapers Female Dog maat M &ndash; geschikt voor honden met heupomvang van 32 &ndash; 48 cm<\/p>\n<p><span style=\"text-decoration: underline;\">Verpakking:<br \/><\/span>12 luiers<\/p>\n","protected":false},"excerpt":{"rendered":"<p>Trixie Luiers Teefjes M zijn luierbroekjes voor loopse of incontinente teven. De luiers zijn zeer comfortabel en sluiten goed aan door de elastieken band bij de heupen en poten. De luier heeft een speciaal gat voor de staart en kunnen door middel van plakkers aan de zijkant vastgemaakt worden. Zeer comfortabel met een hoog absorptievermogen [&hellip;]<\/p>\n","protected":false},"featured_media":118632,"comment_status":"open","ping_status":"closed","template":"","meta":{"_acf_changed":false,"_nl_post_content":"<p>Trixie Luiers Teefjes M zijn luierbroekjes voor loopse of incontinente teven. De luiers zijn zeer comfortabel en sluiten goed aan door de elastieken band bij de heupen en poten. De luier heeft een speciaal gat voor de staart en kunnen door middel van plakkers aan de zijkant vastgemaakt worden. Zeer comfortabel met een hoog absorptievermogen en ze kunnen na gebruik weggegooid worden. Ook handig voor op reis of na operaties.<\/p>\r\n<p>Trixie Diapers Female Dog maat M &ndash; geschikt voor honden met heupomvang van 32 &ndash; 48 cm<\/p>\r\n<p><span style=\"text-decoration: underline;\">Verpakking:<br \/><\/span>12 luiers<\/p>","_nl_post_name":"trixie-diapers-female-dog-m","_nl_post_excerpt":"","_nl_post_title":"Trixie Luiers Teefjes M | 12 stuks","_en_post_content":"<p>Trixie Diapers for Female Dogs M are diapers for incontinence at female dogs. The diapers are very comfortable and have a good fit due to the elastic band at the waist and the legs. The diaper has a special opening for the tail and wide adhesive fasteners on both sides. Trixie Diapers are highly absorbent and disposable. Also useful for travelling or after operations.<\/p>\r\n<p>Trixie Diapers Female Dog size M &ndash; suitable for dogs with a waist circumference of 32-48 cm<\/p>\r\n<p><span style=\"text-decoration: underline;\">Package:<br \/><\/span>12 Diapers<\/p>","_en_post_name":"trixie-diapers-female-dog-m","_en_post_excerpt":"","_en_post_title":"Trixie Diapers Female Dog M | 12 pieces","_de_post_content":"<p>Trixie Windeln f&uuml;r H&uuml;ndinnen M sind Windelh&ouml;schen f&uuml;r l&auml;ufige oder inkontinente weibliche Hunde. Die Windeln sind sehr komfortabel durch Gummizug an Band und Beinausschnitten. Die Windel hat eine Ruten&ouml;ffnung und breiten, beidseitigen Klebeverschl&uuml;ssen. Sehr komfortabel mit hohen Saugf&auml;higkeit und es sind Einwegwindeln. Ebenfalls geeignet nach Operationen und auf Reisen.<\/p>\r\n<p>Trixie Windeln Gr&ouml;&szlig;e M - geeignet f&uuml;r H&uuml;ndinnen mit H&uuml;ftumfang 32 - 48 cm<\/p>\r\n<p><span style=\"text-decoration: underline;\">Verpackung:<br \/><\/span>12 Windeln&nbsp;<\/p>","_de_post_name":"trixie-diapers-female-dog-m","_de_post_excerpt":"","_de_post_title":"Trixie Windeln H\u00fcndinnen M | 12 St\u00fcck","_fr_post_content":"<p>Les couches Trixie femelles M sont des couches-culottes pour les chiennes en chaleur ou incontinentes. Les couches sont tr\u00e8s confortables et se ferment bien gr\u00e2ce \u00e0 la bande \u00e9lastique au niveau des hanches et des jambes. La couche a un trou sp\u00e9cial pour la queue et peut \u00eatre fix\u00e9e \u00e0 l'aide d'autocollants sur le c\u00f4t\u00e9. Tr\u00e8s confortables et tr\u00e8s absorbants, ils peuvent \u00eatre jet\u00e9s apr\u00e8s usage. \u00c9galement pratique en voyage ou apr\u00e8s une op\u00e9ration.<\/p>\r\n<p>Couches Trixie Femelle Chien taille M - convient aux chiens ayant un tour de hanche de 32 \u00e0 48 cm<\/p>\r\n<p><span style=\"text-decoration: underline;\">Emballage :<\/span><br \/>12 couches<\/p>","_fr_post_name":"trixie-couches-chien-femelle-m","_fr_post_excerpt":"","_fr_post_title":"Trixie couches femelle M | 12 pi\u00e8ces","_es_post_content":"<p>Trixie Pa\u00f1ales para perras M son adecuado para perras con circunferecia de cadera de 32 \u2013 48 cm. Los pa\u00f1ales Trixie son pa\u00f1ales para perras en celo o con incontinencia. Los pa\u00f1ales son muy c\u00f3modos y se ajustan bien gracias a la banda el\u00e1stica en las caderas y las piernas. El pa\u00f1al tiene un orificio especial para la cola y se puede sujetar al costado mediante pegatinas. Muy c\u00f3modos con una alta absorbencia y se pueden tirar despu\u00e9s de su uso. Tambi\u00e9n es \u00fatil para viajar o despu\u00e9s de una cirug\u00eda.<\/p>\r\n<p><span style=\"text-decoration: underline;\">Embalaje:<br \/><\/span>12 piezas.<\/p>","_es_post_name":"trixie-panales-para-perras-m","_es_post_excerpt":"","_es_post_title":"Trixie Pa\u00f1ales para perras M | 12 piezas","edit_language":"nl"},"product_brand":[],"product_cat":[1861,1117,1857,1959,1863],"product_tag":[],"class_list":{"0":"post-118633","1":"product","2":"type-product","3":"status-publish","4":"has-post-thumbnail","6":"product_cat-benodigdheden","7":"product_cat-honden","8":"product_cat-merken","9":"product_cat-trixie","10":"product_cat-verzorging","11":"pa_aandoening-overig","12":"pa_doeldier-hond","13":"pa_fabricatieland-duitsland","14":"pa_merkfilter-trixie","15":"pa_merkgroep-trixie","16":"pa_productsoort-overig","17":"pa_toedieningswijze-broek","18":"pa_unit_pricing_base_measure-1ct","19":"pa_unit_pricing_measure-12ct","20":"pa_werkzamestof-overig","22":"first","23":"instock","24":"taxable","25":"shipping-taxable","26":"purchasable","27":"product-type-simple"},"yoast_head":"<!-- This site is optimized with the Yoast SEO plugin v27.5 - https:\/\/yoast.com\/product\/yoast-seo-wordpress\/ -->\n<title>Trixie Luiers Teefjes M | Loopsheid Hond | Hondenluiers<\/title>\n<meta name=\"description\" content=\"Trixie Luiers Teefjes M zijn luierbroekjes voor loopse of incontinente teven. Zeer comfortabel &amp; absorberend, goede pasvorm met een gat voor de staart.\" \/>\n<meta name=\"robots\" content=\"index, follow, max-snippet:-1, max-image-preview:large, max-video-preview:-1\" \/>\n<link rel=\"canonical\" href=\"https:\/\/www.pharmacy4pets.nl\/trixie-diapers-female-dog-m\" \/>\n<meta property=\"og:locale\" content=\"nl_NL\" \/>\n<meta property=\"og:type\" content=\"article\" \/>\n<meta property=\"og:title\" content=\"Trixie Luiers Teefjes M | Loopsheid Hond | Hondenluiers\" \/>\n<meta property=\"og:description\" content=\"Trixie Luiers Teefjes M zijn luierbroekjes voor loopse of incontinente teven. Zeer comfortabel &amp; absorberend, goede pasvorm met een gat voor de staart.\" \/>\n<meta property=\"og:url\" content=\"https:\/\/www.pharmacy4pets.nl\/trixie-diapers-female-dog-m\" \/>\n<meta property=\"og:site_name\" content=\"Pharmacy4pets\" \/>\n<meta property=\"article:publisher\" content=\"https:\/\/www.facebook.com\/people\/Pharmacy4petsnl\/100063484989896\/\" \/>\n<meta property=\"article:modified_time\" content=\"2026-03-25T11:58:33+00:00\" \/>\n<meta property=\"og:image\" content=\"https:\/\/www.pharmacy4pets.nl\/wp-content\/uploads\/2017\/08\/diapers_female_dog_1_1.png\" \/>\n\t<meta property=\"og:image:width\" content=\"310\" \/>\n\t<meta property=\"og:image:height\" content=\"310\" \/>\n\t<meta property=\"og:image:type\" content=\"image\/png\" \/>\n<meta name=\"twitter:card\" content=\"summary_large_image\" \/>\n<script type=\"application\/ld+json\" class=\"yoast-schema-graph\">{\"@context\":\"https:\\\/\\\/schema.org\",\"@graph\":[{\"@type\":\"WebPage\",\"@id\":\"https:\\\/\\\/www.pharmacy4pets.nl\\\/trixie-diapers-female-dog-m\",\"url\":\"https:\\\/\\\/www.pharmacy4pets.nl\\\/trixie-diapers-female-dog-m\",\"name\":\"Trixie Luiers Teefjes M | Loopsheid Hond | Hondenluiers\",\"isPartOf\":{\"@id\":\"http:\\\/\\\/www.pharmacy4pets.nl\\\/#website\"},\"primaryImageOfPage\":{\"@id\":\"https:\\\/\\\/www.pharmacy4pets.nl\\\/trixie-diapers-female-dog-m#primaryimage\"},\"image\":{\"@id\":\"https:\\\/\\\/www.pharmacy4pets.nl\\\/trixie-diapers-female-dog-m#primaryimage\"},\"thumbnailUrl\":\"https:\\\/\\\/www.pharmacy4pets.nl\\\/wp-content\\\/uploads\\\/2017\\\/08\\\/diapers_female_dog_1_1.png\",\"datePublished\":\"2017-08-04T09:46:17+00:00\",\"dateModified\":\"2026-03-25T11:58:33+00:00\",\"description\":\"Trixie Luiers Teefjes M zijn luierbroekjes voor loopse of incontinente teven. Zeer comfortabel & absorberend, goede pasvorm met een gat voor de staart.\",\"breadcrumb\":{\"@id\":\"https:\\\/\\\/www.pharmacy4pets.nl\\\/trixie-diapers-female-dog-m#breadcrumb\"},\"inLanguage\":\"nl-NL\",\"potentialAction\":[{\"@type\":\"ReadAction\",\"target\":[\"https:\\\/\\\/www.pharmacy4pets.nl\\\/trixie-diapers-female-dog-m\"]}]},{\"@type\":\"ImageObject\",\"inLanguage\":\"nl-NL\",\"@id\":\"https:\\\/\\\/www.pharmacy4pets.nl\\\/trixie-diapers-female-dog-m#primaryimage\",\"url\":\"https:\\\/\\\/www.pharmacy4pets.nl\\\/wp-content\\\/uploads\\\/2017\\\/08\\\/diapers_female_dog_1_1.png\",\"contentUrl\":\"https:\\\/\\\/www.pharmacy4pets.nl\\\/wp-content\\\/uploads\\\/2017\\\/08\\\/diapers_female_dog_1_1.png\",\"width\":310,\"height\":310,\"caption\":\"Trixie\"},{\"@type\":\"BreadcrumbList\",\"@id\":\"https:\\\/\\\/www.pharmacy4pets.nl\\\/trixie-diapers-female-dog-m#breadcrumb\",\"itemListElement\":[{\"@type\":\"ListItem\",\"position\":1,\"name\":\"Home\",\"item\":\"https:\\\/\\\/p4p-nl.bootmine.com\\\/\"},{\"@type\":\"ListItem\",\"position\":2,\"name\":\"Winkel\",\"item\":\"https:\\\/\\\/p4p-nl.bootmine.com\\\/winkel\"},{\"@type\":\"ListItem\",\"position\":3,\"name\":\"Trixie Luiers Teefjes M | 12 stuks\"}]},{\"@type\":\"WebSite\",\"@id\":\"http:\\\/\\\/www.pharmacy4pets.nl\\\/#website\",\"url\":\"http:\\\/\\\/www.pharmacy4pets.nl\\\/\",\"name\":\"Pharmacy4pets\",\"description\":\"Pharmacy4pets.nl is d\u00e9 online apotheek waar u terecht kunt voor alle diergeneesmiddelen, verzorgingsproducten en dieetvoeding voor uw huisdier.\",\"publisher\":{\"@id\":\"http:\\\/\\\/www.pharmacy4pets.nl\\\/#organization\"},\"potentialAction\":[{\"@type\":\"SearchAction\",\"target\":{\"@type\":\"EntryPoint\",\"urlTemplate\":\"http:\\\/\\\/www.pharmacy4pets.nl\\\/?s={search_term_string}\"},\"query-input\":{\"@type\":\"PropertyValueSpecification\",\"valueRequired\":true,\"valueName\":\"search_term_string\"}}],\"inLanguage\":\"nl-NL\"},{\"@type\":\"Organization\",\"@id\":\"http:\\\/\\\/www.pharmacy4pets.nl\\\/#organization\",\"name\":\"Pharmacy4pets\",\"url\":\"http:\\\/\\\/www.pharmacy4pets.nl\\\/\",\"logo\":{\"@type\":\"ImageObject\",\"inLanguage\":\"nl-NL\",\"@id\":\"http:\\\/\\\/www.pharmacy4pets.nl\\\/#\\\/schema\\\/logo\\\/image\\\/\",\"url\":\"https:\\\/\\\/p4p-nl.bootmine.com\\\/wp-content\\\/uploads\\\/2026\\\/03\\\/logo-pharmacy4pets.png\",\"contentUrl\":\"https:\\\/\\\/p4p-nl.bootmine.com\\\/wp-content\\\/uploads\\\/2026\\\/03\\\/logo-pharmacy4pets.png\",\"width\":1024,\"height\":135,\"caption\":\"Pharmacy4pets\"},\"image\":{\"@id\":\"http:\\\/\\\/www.pharmacy4pets.nl\\\/#\\\/schema\\\/logo\\\/image\\\/\"},\"sameAs\":[\"https:\\\/\\\/www.facebook.com\\\/people\\\/Pharmacy4petsnl\\\/100063484989896\\\/\",\"https:\\\/\\\/www.youtube.com\\\/channel\\\/UCGPTIgucgli03tP2_kvLkHg\\\/featured\",\"https:\\\/\\\/www.instagram.com\\\/pharmacy4pets.nl\"]}]}<\/script>\n<!-- \/ Yoast SEO plugin. -->","yoast_head_json":{"title":"Trixie Luiers Teefjes M | Loopsheid Hond | Hondenluiers","description":"Trixie Luiers Teefjes M zijn luierbroekjes voor loopse of incontinente teven. Zeer comfortabel & absorberend, goede pasvorm met een gat voor de staart.","robots":{"index":"index","follow":"follow","max-snippet":"max-snippet:-1","max-image-preview":"max-image-preview:large","max-video-preview":"max-video-preview:-1"},"canonical":"https:\/\/www.pharmacy4pets.nl\/trixie-diapers-female-dog-m","og_locale":"nl_NL","og_type":"article","og_title":"Trixie Luiers Teefjes M | Loopsheid Hond | Hondenluiers","og_description":"Trixie Luiers Teefjes M zijn luierbroekjes voor loopse of incontinente teven. Zeer comfortabel & absorberend, goede pasvorm met een gat voor de staart.","og_url":"https:\/\/www.pharmacy4pets.nl\/trixie-diapers-female-dog-m","og_site_name":"Pharmacy4pets","article_publisher":"https:\/\/www.facebook.com\/people\/Pharmacy4petsnl\/100063484989896\/","article_modified_time":"2026-03-25T11:58:33+00:00","og_image":[{"width":310,"height":310,"url":"https:\/\/www.pharmacy4pets.nl\/wp-content\/uploads\/2017\/08\/diapers_female_dog_1_1.png","type":"image\/png"}],"twitter_card":"summary_large_image","schema":{"@context":"https:\/\/schema.org","@graph":[{"@type":"WebPage","@id":"https:\/\/www.pharmacy4pets.nl\/trixie-diapers-female-dog-m","url":"https:\/\/www.pharmacy4pets.nl\/trixie-diapers-female-dog-m","name":"Trixie Luiers Teefjes M | Loopsheid Hond | Hondenluiers","isPartOf":{"@id":"http:\/\/www.pharmacy4pets.nl\/#website"},"primaryImageOfPage":{"@id":"https:\/\/www.pharmacy4pets.nl\/trixie-diapers-female-dog-m#primaryimage"},"image":{"@id":"https:\/\/www.pharmacy4pets.nl\/trixie-diapers-female-dog-m#primaryimage"},"thumbnailUrl":"https:\/\/www.pharmacy4pets.nl\/wp-content\/uploads\/2017\/08\/diapers_female_dog_1_1.png","datePublished":"2017-08-04T09:46:17+00:00","dateModified":"2026-03-25T11:58:33+00:00","description":"Trixie Luiers Teefjes M zijn luierbroekjes voor loopse of incontinente teven. Zeer comfortabel & absorberend, goede pasvorm met een gat voor de staart.","breadcrumb":{"@id":"https:\/\/www.pharmacy4pets.nl\/trixie-diapers-female-dog-m#breadcrumb"},"inLanguage":"nl-NL","potentialAction":[{"@type":"ReadAction","target":["https:\/\/www.pharmacy4pets.nl\/trixie-diapers-female-dog-m"]}]},{"@type":"ImageObject","inLanguage":"nl-NL","@id":"https:\/\/www.pharmacy4pets.nl\/trixie-diapers-female-dog-m#primaryimage","url":"https:\/\/www.pharmacy4pets.nl\/wp-content\/uploads\/2017\/08\/diapers_female_dog_1_1.png","contentUrl":"https:\/\/www.pharmacy4pets.nl\/wp-content\/uploads\/2017\/08\/diapers_female_dog_1_1.png","width":310,"height":310,"caption":"Trixie"},{"@type":"BreadcrumbList","@id":"https:\/\/www.pharmacy4pets.nl\/trixie-diapers-female-dog-m#breadcrumb","itemListElement":[{"@type":"ListItem","position":1,"name":"Home","item":"https:\/\/p4p-nl.bootmine.com\/"},{"@type":"ListItem","position":2,"name":"Winkel","item":"https:\/\/p4p-nl.bootmine.com\/winkel"},{"@type":"ListItem","position":3,"name":"Trixie Luiers Teefjes M | 12 stuks"}]},{"@type":"WebSite","@id":"http:\/\/www.pharmacy4pets.nl\/#website","url":"http:\/\/www.pharmacy4pets.nl\/","name":"Pharmacy4pets","description":"Pharmacy4pets.nl is d\u00e9 online apotheek waar u terecht kunt voor alle diergeneesmiddelen, verzorgingsproducten en dieetvoeding voor uw huisdier.","publisher":{"@id":"http:\/\/www.pharmacy4pets.nl\/#organization"},"potentialAction":[{"@type":"SearchAction","target":{"@type":"EntryPoint","urlTemplate":"http:\/\/www.pharmacy4pets.nl\/?s={search_term_string}"},"query-input":{"@type":"PropertyValueSpecification","valueRequired":true,"valueName":"search_term_string"}}],"inLanguage":"nl-NL"},{"@type":"Organization","@id":"http:\/\/www.pharmacy4pets.nl\/#organization","name":"Pharmacy4pets","url":"http:\/\/www.pharmacy4pets.nl\/","logo":{"@type":"ImageObject","inLanguage":"nl-NL","@id":"http:\/\/www.pharmacy4pets.nl\/#\/schema\/logo\/image\/","url":"https:\/\/p4p-nl.bootmine.com\/wp-content\/uploads\/2026\/03\/logo-pharmacy4pets.png","contentUrl":"https:\/\/p4p-nl.bootmine.com\/wp-content\/uploads\/2026\/03\/logo-pharmacy4pets.png","width":1024,"height":135,"caption":"Pharmacy4pets"},"image":{"@id":"http:\/\/www.pharmacy4pets.nl\/#\/schema\/logo\/image\/"},"sameAs":["https:\/\/www.facebook.com\/people\/Pharmacy4petsnl\/100063484989896\/","https:\/\/www.youtube.com\/channel\/UCGPTIgucgli03tP2_kvLkHg\/featured","https:\/\/www.instagram.com\/pharmacy4pets.nl"]}]}},"market_data":{"nl":{"price":0,"sale_price":0,"active":false,"url":null,"parent_url":"","tax_rate":0,"price_inc_tax":0,"sale_price_inc_tax":0},"de":{"price":0,"sale_price":0,"active":false,"url":null,"parent_url":"","tax_rate":0,"price_inc_tax":0,"sale_price_inc_tax":0},"be":{"price":0,"sale_price":0,"active":false,"url":null,"parent_url":"","tax_rate":0,"price_inc_tax":0,"sale_price_inc_tax":0},"fr":{"price":0,"sale_price":0,"active":false,"url":null,"parent_url":"","tax_rate":0,"price_inc_tax":0,"sale_price_inc_tax":0},"ch":{"price":0,"sale_price":0,"active":false,"url":null,"parent_url":"","tax_rate":0,"price_inc_tax":0,"sale_price_inc_tax":0},"at":{"price":0,"sale_price":0,"active":false,"url":null,"parent_url":"","tax_rate":0,"price_inc_tax":0,"sale_price_inc_tax":0},"es":{"price":0,"sale_price":0,"active":false,"url":null,"parent_url":"","tax_rate":0,"price_inc_tax":0,"sale_price_inc_tax":0},"dk":{"price":0,"sale_price":0,"active":false,"url":null,"parent_url":"","tax_rate":0,"price_inc_tax":0,"sale_price_inc_tax":0},"com":{"price":0,"sale_price":0,"active":false,"url":null,"parent_url":"","tax_rate":0,"price_inc_tax":0,"sale_price_inc_tax":0}},"market_nl_price":0,"market_nl_sale_price":0,"market_nl_active":false,"market_nl_url":null,"market_nl_parent_url":"","market_nl_tax_rate":0,"market_nl_price_inc_tax":0,"market_nl_sale_price_inc_tax":0,"market_de_price":0,"market_de_sale_price":0,"market_de_active":false,"market_de_url":null,"market_de_parent_url":"","market_de_tax_rate":0,"market_de_price_inc_tax":0,"market_de_sale_price_inc_tax":0,"market_be_price":0,"market_be_sale_price":0,"market_be_active":false,"market_be_url":null,"market_be_parent_url":"","market_be_tax_rate":0,"market_be_price_inc_tax":0,"market_be_sale_price_inc_tax":0,"market_fr_price":0,"market_fr_sale_price":0,"market_fr_active":false,"market_fr_url":null,"market_fr_parent_url":"","market_fr_tax_rate":0,"market_fr_price_inc_tax":0,"market_fr_sale_price_inc_tax":0,"market_ch_price":0,"market_ch_sale_price":0,"market_ch_active":false,"market_ch_url":null,"market_ch_parent_url":"","market_ch_tax_rate":0,"market_ch_price_inc_tax":0,"market_ch_sale_price_inc_tax":0,"market_at_price":0,"market_at_sale_price":0,"market_at_active":false,"market_at_url":null,"market_at_parent_url":"","market_at_tax_rate":0,"market_at_price_inc_tax":0,"market_at_sale_price_inc_tax":0,"market_es_price":0,"market_es_sale_price":0,"market_es_active":false,"market_es_url":null,"market_es_parent_url":"","market_es_tax_rate":0,"market_es_price_inc_tax":0,"market_es_sale_price_inc_tax":0,"market_dk_price":0,"market_dk_sale_price":0,"market_dk_active":false,"market_dk_url":null,"market_dk_parent_url":"","market_dk_tax_rate":0,"market_dk_price_inc_tax":0,"market_dk_sale_price_inc_tax":0,"market_com_price":0,"market_com_sale_price":0,"market_com_active":false,"market_com_url":null,"market_com_parent_url":"","market_com_tax_rate":0,"market_com_price_inc_tax":0,"market_com_sale_price_inc_tax":0,"acf":[],"_links":{"self":[{"href":"https:\/\/www.pharmacy4pets.nl\/be\/wp-json\/wp\/v2\/product\/118633","targetHints":{"allow":["GET"]}}],"collection":[{"href":"https:\/\/www.pharmacy4pets.nl\/be\/wp-json\/wp\/v2\/product"}],"about":[{"href":"https:\/\/www.pharmacy4pets.nl\/be\/wp-json\/wp\/v2\/types\/product"}],"replies":[{"embeddable":true,"href":"https:\/\/www.pharmacy4pets.nl\/be\/wp-json\/wp\/v2\/comments?post=118633"}],"wp:featuredmedia":[{"embeddable":true,"href":"https:\/\/www.pharmacy4pets.nl\/be\/wp-json\/wp\/v2\/media\/118632"}],"wp:attachment":[{"href":"https:\/\/www.pharmacy4pets.nl\/be\/wp-json\/wp\/v2\/media?parent=118633"}],"wp:term":[{"taxonomy":"product_brand","embeddable":true,"href":"https:\/\/www.pharmacy4pets.nl\/be\/wp-json\/wp\/v2\/product_brand?post=118633"},{"taxonomy":"product_cat","embeddable":true,"href":"https:\/\/www.pharmacy4pets.nl\/be\/wp-json\/wp\/v2\/product_cat?post=118633"},{"taxonomy":"product_tag","embeddable":true,"href":"https:\/\/www.pharmacy4pets.nl\/be\/wp-json\/wp\/v2\/product_tag?post=118633"}],"curies":[{"name":"wp","href":"https:\/\/api.w.org\/{rel}","templated":true}]}}