{"id":118625,"date":"2017-08-02T13:26:46","date_gmt":"2017-08-02T13:26:46","guid":{"rendered":"https:\/\/p4p.test\/trixie-pads-protective-pants-xl"},"modified":"2026-03-25T11:58:30","modified_gmt":"2026-03-25T11:58:30","slug":"trixie-pads-protective-pants-xl","status":"publish","type":"product","link":"https:\/\/www.pharmacy4pets.nl\/be\/trixie-pads-protective-pants-xl","title":{"rendered":"Trixie Pads &#8211; Protective Pants L-XL 10 St"},"content":{"rendered":"<p>Trixie Pads for Protective Pants L &#8211; XL zijn absorberende pads voor de Trixie Protective Pants. De Trixie Protective Pads zijn beschermende broekjes bij loopsheid, incontinentie of niet-zindelijkheid bij uw hond. Deze broekjes zijn los te bestellen. De Pads voor Protective Pants worden geleverd per 10 stuks<\/p>\n<p>Trixie Pads geschikt voor Protective Pants maat L &#8211; XL<\/p>\n<p><span style=\"text-decoration: underline;\">Verpakking:<br \/><\/span>10 stuks<\/p>\n","protected":false},"excerpt":{"rendered":"<p>Trixie Pads for Protective Pants L &#8211; XL zijn absorberende pads voor de Trixie Protective Pants. De Trixie Protective Pads zijn beschermende broekjes bij loopsheid, incontinentie of niet-zindelijkheid bij uw hond. Deze broekjes zijn los te bestellen. De Pads voor Protective Pants worden geleverd per 10 stuks Trixie Pads geschikt voor Protective Pants maat L [&hellip;]<\/p>\n","protected":false},"featured_media":118624,"comment_status":"open","ping_status":"closed","template":"","meta":{"_acf_changed":false,"_nl_post_content":"<p>Trixie Pads for Protective Pants L - XL zijn absorberende pads voor de Trixie Protective Pants. De Trixie Protective Pads zijn beschermende broekjes bij loopsheid, incontinentie of niet-zindelijkheid bij uw hond. Deze broekjes zijn los te bestellen. De Pads voor Protective Pants worden geleverd per 10 stuks<\/p>\r\n<p>Trixie Pads geschikt voor Protective Pants maat L - XL<\/p>\r\n<p><span style=\"text-decoration: underline;\">Verpakking:<br \/><\/span>10 stuks<\/p>","_nl_post_name":"trixie-pads-protective-pants-xl","_nl_post_excerpt":"","_nl_post_title":"Trixie Pads - Protective Pants L-XL 10 St","_en_post_content":"<p>Trixie Pads for Protective Pants L-XL are absorbent pads for the Trixie Protective Pants. The Trixie Protective Pants are protective pants for dogs that are incontinent or have problems with the potty training. The pants can be ordered separately. The pads for the protective pants are delivered per 10 pieces.<\/p>\r\n<p>Trixie Pads are suitable for the Protective Pants size L-XL<\/p>\r\n<p><span style=\"text-decoration: underline;\">Package:<br \/><\/span>10 pieces<\/p>","_en_post_name":"trixie-pads-protective-pants-xl","_en_post_excerpt":"","_en_post_title":"Trixie Pads - Protective Pants L-XL 10 St","_de_post_content":"<p>Trixie Pads f&uuml;r Protective Pants L-XL sind Wechseleinlagen f&uuml;r die Trixie Protective Pants Schutzh&ouml;schen. Trixie Protective Pants sind Schutzh&ouml;schen in Brunst, Inkontinenz oder nicht stubenreine Hunde. Die Protective Pants kann separat bestellt werden. Die Verpackung von Trixie Pads enth&auml;lt 10 pads.<\/p>\r\n<p>Trixie Pads f&uuml;r Trixie Protective Pants Gr&ouml;&szlig;e L-XL<\/p>\r\n<p><span style=\"text-decoration: underline;\">Verpackung:<br \/><\/span>10 St&uuml;ck<\/p>","_de_post_name":"trixie-pads-protective-pants-xl","_de_post_excerpt":"","_de_post_title":"Trixie Pads - Protective Pants L-XL 10 St","_fr_post_content":"<p>Les prot\u00e8ges slips Trixie pour culotte de protection L - XL sont des prot\u00e8ges slips absorbants pour la culotte de protection Trixie. Les prot\u00e8ges slips Trixie sont s\u2019utilise dans la culotte Trixie en cas de chaleur, d'incontinence ou de non-utilisation. La culotte de protection peut \u00eatre command\u00e9 s\u00e9par\u00e9ment. Les prot\u00e8ges slips pour la culotte de protection sont fournis par 10 pi\u00e8ces.<\/p>\r\n<p>Les prot\u00e8ges slips Trixie conviennent\u00a0 pour les culottes de protection de taille L \u00e0 XL.<\/p>\r\n<p><span style=\"text-decoration: underline;\">Emballage<\/span> :<\/p>\r\n<p>10 pi\u00e8ces<\/p>","_fr_post_name":"trixie-protege-slips-xl","_fr_post_excerpt":"","_fr_post_title":"Trixie Prot\u00e8ge slips pour culotte de protection L-XL 10 pi\u00e8ces","_es_post_content":"<p>Trixie Pads for Protective Pants L - XL son almohadillas absorbentes para los Protective Pants L y XL de Trixie. Los Protective Pants son pantalones protectores en caso de que su perro est\u00e9 en celo, incontinencia o no sepa ir al ba\u00f1o. Estos pantalones se pueden pedir por separado. Las almohadillas se suministran por 10 piezas.<\/p>\r\n<p><span style=\"text-decoration: underline;\">Embalaje:<\/span><br \/>10 piezas.<\/p>","_es_post_name":"trixie-pads-protective-pants-l-xl","_es_post_excerpt":"","_es_post_title":"Trixie Pads for Protective Pants L-XL | 10 piezas","edit_language":"nl"},"product_brand":[],"product_cat":[1861,1117,1857,1959,1863],"product_tag":[],"class_list":{"0":"post-118625","1":"product","2":"type-product","3":"status-publish","4":"has-post-thumbnail","6":"product_cat-benodigdheden","7":"product_cat-honden","8":"product_cat-merken","9":"product_cat-trixie","10":"product_cat-verzorging","11":"pa_aandoening-overig","12":"pa_doeldier-hond","13":"pa_fabricatieland-duitsland","14":"pa_merkfilter-trixie","15":"pa_merkgroep-trixie","16":"pa_productsoort-overig","17":"pa_seo_canonical_store_id-not_found_value","18":"pa_seo_category-not_found_value","19":"pa_seo_meta_robots-not_found_value","20":"pa_toedieningswijze-broek","21":"pa_unit_pricing_base_measure-1ct","22":"pa_unit_pricing_measure-10ct","23":"pa_werkzamestof-overig","25":"first","26":"instock","27":"taxable","28":"shipping-taxable","29":"purchasable","30":"product-type-simple"},"yoast_head":"<!-- This site is optimized with the Yoast SEO plugin v27.5 - https:\/\/yoast.com\/product\/yoast-seo-wordpress\/ -->\n<title>Trixie Protective Pants | Loopsheidbroekje | Incontinentie Hond<\/title>\n<meta name=\"description\" content=\"Trixie Pads for Protective Pants XS\/S\/SM zijn absorberende pads voor de Trixie Protective Pants. Absorberende pads voor beschermende broekjes van uw hond.\" \/>\n<meta name=\"robots\" content=\"index, follow, max-snippet:-1, max-image-preview:large, max-video-preview:-1\" \/>\n<link rel=\"canonical\" href=\"https:\/\/p4p-nl.bootmine.com\/%product-slug%\/trixie-pads-protective-pants-xl\" \/>\n<meta property=\"og:locale\" content=\"nl_NL\" \/>\n<meta property=\"og:type\" content=\"article\" \/>\n<meta property=\"og:title\" content=\"Trixie Protective Pants | Loopsheidbroekje | Incontinentie Hond\" \/>\n<meta property=\"og:description\" content=\"Trixie Pads for Protective Pants XS\/S\/SM zijn absorberende pads voor de Trixie Protective Pants. Absorberende pads voor beschermende broekjes van uw hond.\" \/>\n<meta property=\"og:url\" content=\"https:\/\/p4p-nl.bootmine.com\/%product-slug%\/trixie-pads-protective-pants-xl\" \/>\n<meta property=\"og:site_name\" content=\"Pharmacy4pets\" \/>\n<meta property=\"article:publisher\" content=\"https:\/\/www.facebook.com\/people\/Pharmacy4petsnl\/100063484989896\/\" \/>\n<meta property=\"article:modified_time\" content=\"2026-03-25T11:58:30+00:00\" \/>\n<meta property=\"og:image\" content=\"https:\/\/p4p-nl.bootmine.com\/wp-content\/uploads\/2017\/08\/23672.png\" \/>\n\t<meta property=\"og:image:width\" content=\"277\" \/>\n\t<meta property=\"og:image:height\" content=\"317\" \/>\n\t<meta property=\"og:image:type\" content=\"image\/png\" \/>\n<meta name=\"twitter:card\" content=\"summary_large_image\" \/>\n<script type=\"application\/ld+json\" class=\"yoast-schema-graph\">{\"@context\":\"https:\\\/\\\/schema.org\",\"@graph\":[{\"@type\":\"WebPage\",\"@id\":\"https:\\\/\\\/p4p-nl.bootmine.com\\\/%product-slug%\\\/trixie-pads-protective-pants-xl\",\"url\":\"https:\\\/\\\/p4p-nl.bootmine.com\\\/%product-slug%\\\/trixie-pads-protective-pants-xl\",\"name\":\"Trixie Protective Pants | Loopsheidbroekje | Incontinentie Hond\",\"isPartOf\":{\"@id\":\"http:\\\/\\\/www.pharmacy4pets.nl\\\/#website\"},\"primaryImageOfPage\":{\"@id\":\"https:\\\/\\\/p4p-nl.bootmine.com\\\/%product-slug%\\\/trixie-pads-protective-pants-xl#primaryimage\"},\"image\":{\"@id\":\"https:\\\/\\\/p4p-nl.bootmine.com\\\/%product-slug%\\\/trixie-pads-protective-pants-xl#primaryimage\"},\"thumbnailUrl\":\"https:\\\/\\\/www.pharmacy4pets.nl\\\/wp-content\\\/uploads\\\/2017\\\/08\\\/23672.png\",\"datePublished\":\"2017-08-02T13:26:46+00:00\",\"dateModified\":\"2026-03-25T11:58:30+00:00\",\"description\":\"Trixie Pads for Protective Pants XS\\\/S\\\/SM zijn absorberende pads voor de Trixie Protective Pants. Absorberende pads voor beschermende broekjes van uw hond.\",\"breadcrumb\":{\"@id\":\"https:\\\/\\\/p4p-nl.bootmine.com\\\/%product-slug%\\\/trixie-pads-protective-pants-xl#breadcrumb\"},\"inLanguage\":\"nl-NL\",\"potentialAction\":[{\"@type\":\"ReadAction\",\"target\":[\"https:\\\/\\\/p4p-nl.bootmine.com\\\/%product-slug%\\\/trixie-pads-protective-pants-xl\"]}]},{\"@type\":\"ImageObject\",\"inLanguage\":\"nl-NL\",\"@id\":\"https:\\\/\\\/p4p-nl.bootmine.com\\\/%product-slug%\\\/trixie-pads-protective-pants-xl#primaryimage\",\"url\":\"https:\\\/\\\/www.pharmacy4pets.nl\\\/wp-content\\\/uploads\\\/2017\\\/08\\\/23672.png\",\"contentUrl\":\"https:\\\/\\\/www.pharmacy4pets.nl\\\/wp-content\\\/uploads\\\/2017\\\/08\\\/23672.png\",\"width\":277,\"height\":317,\"caption\":\"Trixie\"},{\"@type\":\"BreadcrumbList\",\"@id\":\"https:\\\/\\\/p4p-nl.bootmine.com\\\/%product-slug%\\\/trixie-pads-protective-pants-xl#breadcrumb\",\"itemListElement\":[{\"@type\":\"ListItem\",\"position\":1,\"name\":\"Home\",\"item\":\"https:\\\/\\\/p4p-nl.bootmine.com\\\/\"},{\"@type\":\"ListItem\",\"position\":2,\"name\":\"Winkel\",\"item\":\"https:\\\/\\\/p4p-nl.bootmine.com\\\/winkel\"},{\"@type\":\"ListItem\",\"position\":3,\"name\":\"Trixie Pads &#8211; Protective Pants L-XL 10 St\"}]},{\"@type\":\"WebSite\",\"@id\":\"http:\\\/\\\/www.pharmacy4pets.nl\\\/#website\",\"url\":\"http:\\\/\\\/www.pharmacy4pets.nl\\\/\",\"name\":\"Pharmacy4pets\",\"description\":\"Pharmacy4pets.nl is d\u00e9 online apotheek waar u terecht kunt voor alle diergeneesmiddelen, verzorgingsproducten en dieetvoeding voor uw huisdier.\",\"publisher\":{\"@id\":\"http:\\\/\\\/www.pharmacy4pets.nl\\\/#organization\"},\"potentialAction\":[{\"@type\":\"SearchAction\",\"target\":{\"@type\":\"EntryPoint\",\"urlTemplate\":\"http:\\\/\\\/www.pharmacy4pets.nl\\\/?s={search_term_string}\"},\"query-input\":{\"@type\":\"PropertyValueSpecification\",\"valueRequired\":true,\"valueName\":\"search_term_string\"}}],\"inLanguage\":\"nl-NL\"},{\"@type\":\"Organization\",\"@id\":\"http:\\\/\\\/www.pharmacy4pets.nl\\\/#organization\",\"name\":\"Pharmacy4pets\",\"url\":\"http:\\\/\\\/www.pharmacy4pets.nl\\\/\",\"logo\":{\"@type\":\"ImageObject\",\"inLanguage\":\"nl-NL\",\"@id\":\"http:\\\/\\\/www.pharmacy4pets.nl\\\/#\\\/schema\\\/logo\\\/image\\\/\",\"url\":\"https:\\\/\\\/p4p-nl.bootmine.com\\\/wp-content\\\/uploads\\\/2026\\\/03\\\/logo-pharmacy4pets.png\",\"contentUrl\":\"https:\\\/\\\/p4p-nl.bootmine.com\\\/wp-content\\\/uploads\\\/2026\\\/03\\\/logo-pharmacy4pets.png\",\"width\":1024,\"height\":135,\"caption\":\"Pharmacy4pets\"},\"image\":{\"@id\":\"http:\\\/\\\/www.pharmacy4pets.nl\\\/#\\\/schema\\\/logo\\\/image\\\/\"},\"sameAs\":[\"https:\\\/\\\/www.facebook.com\\\/people\\\/Pharmacy4petsnl\\\/100063484989896\\\/\",\"https:\\\/\\\/www.youtube.com\\\/channel\\\/UCGPTIgucgli03tP2_kvLkHg\\\/featured\",\"https:\\\/\\\/www.instagram.com\\\/pharmacy4pets.nl\"]}]}<\/script>\n<!-- \/ Yoast SEO plugin. -->","yoast_head_json":{"title":"Trixie Protective Pants | Loopsheidbroekje | Incontinentie Hond","description":"Trixie Pads for Protective Pants XS\/S\/SM zijn absorberende pads voor de Trixie Protective Pants. Absorberende pads voor beschermende broekjes van uw hond.","robots":{"index":"index","follow":"follow","max-snippet":"max-snippet:-1","max-image-preview":"max-image-preview:large","max-video-preview":"max-video-preview:-1"},"canonical":"https:\/\/p4p-nl.bootmine.com\/%product-slug%\/trixie-pads-protective-pants-xl","og_locale":"nl_NL","og_type":"article","og_title":"Trixie Protective Pants | Loopsheidbroekje | Incontinentie Hond","og_description":"Trixie Pads for Protective Pants XS\/S\/SM zijn absorberende pads voor de Trixie Protective Pants. Absorberende pads voor beschermende broekjes van uw hond.","og_url":"https:\/\/p4p-nl.bootmine.com\/%product-slug%\/trixie-pads-protective-pants-xl","og_site_name":"Pharmacy4pets","article_publisher":"https:\/\/www.facebook.com\/people\/Pharmacy4petsnl\/100063484989896\/","article_modified_time":"2026-03-25T11:58:30+00:00","og_image":[{"width":277,"height":317,"url":"https:\/\/p4p-nl.bootmine.com\/wp-content\/uploads\/2017\/08\/23672.png","type":"image\/png"}],"twitter_card":"summary_large_image","schema":{"@context":"https:\/\/schema.org","@graph":[{"@type":"WebPage","@id":"https:\/\/p4p-nl.bootmine.com\/%product-slug%\/trixie-pads-protective-pants-xl","url":"https:\/\/p4p-nl.bootmine.com\/%product-slug%\/trixie-pads-protective-pants-xl","name":"Trixie Protective Pants | Loopsheidbroekje | Incontinentie Hond","isPartOf":{"@id":"http:\/\/www.pharmacy4pets.nl\/#website"},"primaryImageOfPage":{"@id":"https:\/\/p4p-nl.bootmine.com\/%product-slug%\/trixie-pads-protective-pants-xl#primaryimage"},"image":{"@id":"https:\/\/p4p-nl.bootmine.com\/%product-slug%\/trixie-pads-protective-pants-xl#primaryimage"},"thumbnailUrl":"https:\/\/www.pharmacy4pets.nl\/wp-content\/uploads\/2017\/08\/23672.png","datePublished":"2017-08-02T13:26:46+00:00","dateModified":"2026-03-25T11:58:30+00:00","description":"Trixie Pads for Protective Pants XS\/S\/SM zijn absorberende pads voor de Trixie Protective Pants. Absorberende pads voor beschermende broekjes van uw hond.","breadcrumb":{"@id":"https:\/\/p4p-nl.bootmine.com\/%product-slug%\/trixie-pads-protective-pants-xl#breadcrumb"},"inLanguage":"nl-NL","potentialAction":[{"@type":"ReadAction","target":["https:\/\/p4p-nl.bootmine.com\/%product-slug%\/trixie-pads-protective-pants-xl"]}]},{"@type":"ImageObject","inLanguage":"nl-NL","@id":"https:\/\/p4p-nl.bootmine.com\/%product-slug%\/trixie-pads-protective-pants-xl#primaryimage","url":"https:\/\/www.pharmacy4pets.nl\/wp-content\/uploads\/2017\/08\/23672.png","contentUrl":"https:\/\/www.pharmacy4pets.nl\/wp-content\/uploads\/2017\/08\/23672.png","width":277,"height":317,"caption":"Trixie"},{"@type":"BreadcrumbList","@id":"https:\/\/p4p-nl.bootmine.com\/%product-slug%\/trixie-pads-protective-pants-xl#breadcrumb","itemListElement":[{"@type":"ListItem","position":1,"name":"Home","item":"https:\/\/p4p-nl.bootmine.com\/"},{"@type":"ListItem","position":2,"name":"Winkel","item":"https:\/\/p4p-nl.bootmine.com\/winkel"},{"@type":"ListItem","position":3,"name":"Trixie Pads &#8211; Protective Pants L-XL 10 St"}]},{"@type":"WebSite","@id":"http:\/\/www.pharmacy4pets.nl\/#website","url":"http:\/\/www.pharmacy4pets.nl\/","name":"Pharmacy4pets","description":"Pharmacy4pets.nl is d\u00e9 online apotheek waar u terecht kunt voor alle diergeneesmiddelen, verzorgingsproducten en dieetvoeding voor uw huisdier.","publisher":{"@id":"http:\/\/www.pharmacy4pets.nl\/#organization"},"potentialAction":[{"@type":"SearchAction","target":{"@type":"EntryPoint","urlTemplate":"http:\/\/www.pharmacy4pets.nl\/?s={search_term_string}"},"query-input":{"@type":"PropertyValueSpecification","valueRequired":true,"valueName":"search_term_string"}}],"inLanguage":"nl-NL"},{"@type":"Organization","@id":"http:\/\/www.pharmacy4pets.nl\/#organization","name":"Pharmacy4pets","url":"http:\/\/www.pharmacy4pets.nl\/","logo":{"@type":"ImageObject","inLanguage":"nl-NL","@id":"http:\/\/www.pharmacy4pets.nl\/#\/schema\/logo\/image\/","url":"https:\/\/p4p-nl.bootmine.com\/wp-content\/uploads\/2026\/03\/logo-pharmacy4pets.png","contentUrl":"https:\/\/p4p-nl.bootmine.com\/wp-content\/uploads\/2026\/03\/logo-pharmacy4pets.png","width":1024,"height":135,"caption":"Pharmacy4pets"},"image":{"@id":"http:\/\/www.pharmacy4pets.nl\/#\/schema\/logo\/image\/"},"sameAs":["https:\/\/www.facebook.com\/people\/Pharmacy4petsnl\/100063484989896\/","https:\/\/www.youtube.com\/channel\/UCGPTIgucgli03tP2_kvLkHg\/featured","https:\/\/www.instagram.com\/pharmacy4pets.nl"]}]}},"market_data":{"nl":{"price":0,"sale_price":0,"active":false,"url":null,"parent_url":"","tax_rate":0,"price_inc_tax":0,"sale_price_inc_tax":0},"de":{"price":0,"sale_price":0,"active":false,"url":null,"parent_url":"","tax_rate":0,"price_inc_tax":0,"sale_price_inc_tax":0},"be":{"price":0,"sale_price":0,"active":false,"url":null,"parent_url":"","tax_rate":0,"price_inc_tax":0,"sale_price_inc_tax":0},"fr":{"price":0,"sale_price":0,"active":false,"url":null,"parent_url":"","tax_rate":0,"price_inc_tax":0,"sale_price_inc_tax":0},"ch":{"price":0,"sale_price":0,"active":false,"url":null,"parent_url":"","tax_rate":0,"price_inc_tax":0,"sale_price_inc_tax":0},"at":{"price":0,"sale_price":0,"active":false,"url":null,"parent_url":"","tax_rate":0,"price_inc_tax":0,"sale_price_inc_tax":0},"es":{"price":0,"sale_price":0,"active":false,"url":null,"parent_url":"","tax_rate":0,"price_inc_tax":0,"sale_price_inc_tax":0},"dk":{"price":0,"sale_price":0,"active":false,"url":null,"parent_url":"","tax_rate":0,"price_inc_tax":0,"sale_price_inc_tax":0},"com":{"price":0,"sale_price":0,"active":false,"url":null,"parent_url":"","tax_rate":0,"price_inc_tax":0,"sale_price_inc_tax":0}},"market_nl_price":0,"market_nl_sale_price":0,"market_nl_active":false,"market_nl_url":null,"market_nl_parent_url":"","market_nl_tax_rate":0,"market_nl_price_inc_tax":0,"market_nl_sale_price_inc_tax":0,"market_de_price":0,"market_de_sale_price":0,"market_de_active":false,"market_de_url":null,"market_de_parent_url":"","market_de_tax_rate":0,"market_de_price_inc_tax":0,"market_de_sale_price_inc_tax":0,"market_be_price":0,"market_be_sale_price":0,"market_be_active":false,"market_be_url":null,"market_be_parent_url":"","market_be_tax_rate":0,"market_be_price_inc_tax":0,"market_be_sale_price_inc_tax":0,"market_fr_price":0,"market_fr_sale_price":0,"market_fr_active":false,"market_fr_url":null,"market_fr_parent_url":"","market_fr_tax_rate":0,"market_fr_price_inc_tax":0,"market_fr_sale_price_inc_tax":0,"market_ch_price":0,"market_ch_sale_price":0,"market_ch_active":false,"market_ch_url":null,"market_ch_parent_url":"","market_ch_tax_rate":0,"market_ch_price_inc_tax":0,"market_ch_sale_price_inc_tax":0,"market_at_price":0,"market_at_sale_price":0,"market_at_active":false,"market_at_url":null,"market_at_parent_url":"","market_at_tax_rate":0,"market_at_price_inc_tax":0,"market_at_sale_price_inc_tax":0,"market_es_price":0,"market_es_sale_price":0,"market_es_active":false,"market_es_url":null,"market_es_parent_url":"","market_es_tax_rate":0,"market_es_price_inc_tax":0,"market_es_sale_price_inc_tax":0,"market_dk_price":0,"market_dk_sale_price":0,"market_dk_active":false,"market_dk_url":null,"market_dk_parent_url":"","market_dk_tax_rate":0,"market_dk_price_inc_tax":0,"market_dk_sale_price_inc_tax":0,"market_com_price":0,"market_com_sale_price":0,"market_com_active":false,"market_com_url":null,"market_com_parent_url":"","market_com_tax_rate":0,"market_com_price_inc_tax":0,"market_com_sale_price_inc_tax":0,"acf":[],"_links":{"self":[{"href":"https:\/\/www.pharmacy4pets.nl\/be\/wp-json\/wp\/v2\/product\/118625","targetHints":{"allow":["GET"]}}],"collection":[{"href":"https:\/\/www.pharmacy4pets.nl\/be\/wp-json\/wp\/v2\/product"}],"about":[{"href":"https:\/\/www.pharmacy4pets.nl\/be\/wp-json\/wp\/v2\/types\/product"}],"replies":[{"embeddable":true,"href":"https:\/\/www.pharmacy4pets.nl\/be\/wp-json\/wp\/v2\/comments?post=118625"}],"wp:featuredmedia":[{"embeddable":true,"href":"https:\/\/www.pharmacy4pets.nl\/be\/wp-json\/wp\/v2\/media\/118624"}],"wp:attachment":[{"href":"https:\/\/www.pharmacy4pets.nl\/be\/wp-json\/wp\/v2\/media?parent=118625"}],"wp:term":[{"taxonomy":"product_brand","embeddable":true,"href":"https:\/\/www.pharmacy4pets.nl\/be\/wp-json\/wp\/v2\/product_brand?post=118625"},{"taxonomy":"product_cat","embeddable":true,"href":"https:\/\/www.pharmacy4pets.nl\/be\/wp-json\/wp\/v2\/product_cat?post=118625"},{"taxonomy":"product_tag","embeddable":true,"href":"https:\/\/www.pharmacy4pets.nl\/be\/wp-json\/wp\/v2\/product_tag?post=118625"}],"curies":[{"name":"wp","href":"https:\/\/api.w.org\/{rel}","templated":true}]}}