{"id":118617,"date":"2017-08-02T12:47:40","date_gmt":"2017-08-02T12:47:40","guid":{"rendered":"https:\/\/p4p.test\/trixie-protective-pants-l"},"modified":"2026-03-25T11:58:28","modified_gmt":"2026-03-25T11:58:28","slug":"trixie-protective-pants-l","status":"publish","type":"product","link":"https:\/\/www.pharmacy4pets.nl\/be\/trixie-protective-pants-l","title":{"rendered":"Trixie Protective Pants L | Hond"},"content":{"rendered":"<p>Trixie Protective Pants XS zijn beschermende broekjes bij loopsheid, incontinentie of niet-zindelijkheid bij uw hond. De Protective Pants heeft aan de binnenkant een speciale pad die het vocht absorbeert. Hierdoor voorkomt u dat uw hond lekt of de behoefte doet op ongewenste plekken. De broekjes hebben een perfecte pasvorm door de elastische, volledig verstelbare riem. De Protective Pants worden standaard geleverd met 3 aparte pads. De Pads voor de Protective Pants zijn los te bestellen per 10 stuks. De beschermende broek zelf kan gewassen worden in de wasmachine op 30 graden.<\/p>\n<p>Trixie Protective Pants L &ndash; omvang van 50 &ndash; 59 cm<\/p>\n<p>Kleur: Zwart<\/p>\n<p><span style=\"text-decoration: underline;\">Dosering:<br \/><\/span>Trixie Protective Pants L &ndash; omvang van 50 &ndash; 59 cm<\/p>\n<p><span style=\"text-decoration: underline;\">Verpakking:<br \/><\/span>1 Protective Pants met 3 Pads voor Protective Pants<\/p>\n","protected":false},"excerpt":{"rendered":"<p>Trixie Protective Pants XS zijn beschermende broekjes bij loopsheid, incontinentie of niet-zindelijkheid bij uw hond. De Protective Pants heeft aan de binnenkant een speciale pad die het vocht absorbeert. Hierdoor voorkomt u dat uw hond lekt of de behoefte doet op ongewenste plekken. De broekjes hebben een perfecte pasvorm door de elastische, volledig verstelbare riem. [&hellip;]<\/p>\n","protected":false},"featured_media":118616,"comment_status":"open","ping_status":"closed","template":"","meta":{"_acf_changed":false,"_nl_post_content":"<p>Trixie Protective Pants XS zijn beschermende broekjes bij loopsheid, incontinentie of niet-zindelijkheid bij uw hond. De Protective Pants heeft aan de binnenkant een speciale pad die het vocht absorbeert. Hierdoor voorkomt u dat uw hond lekt of de behoefte doet op ongewenste plekken. De broekjes hebben een perfecte pasvorm door de elastische, volledig verstelbare riem. De Protective Pants worden standaard geleverd met 3 aparte pads. De Pads voor de Protective Pants zijn los te bestellen per 10 stuks. De beschermende broek zelf kan gewassen worden in de wasmachine op 30 graden.<\/p>\r\n<p>Trixie Protective Pants L &ndash; omvang van 50 &ndash; 59 cm<\/p>\r\n<p>Kleur: Zwart<\/p>\r\n<p><span style=\"text-decoration: underline;\">Dosering:<br \/><\/span>Trixie Protective Pants L &ndash; omvang van 50 &ndash; 59 cm<\/p>\r\n<p><span style=\"text-decoration: underline;\">Verpakking:<br \/><\/span>1 Protective Pants met 3 Pads voor Protective Pants<\/p>","_nl_post_name":"trixie-protective-pants-l","_nl_post_excerpt":"","_nl_post_title":"Trixie Protective Pants L | Hond","_en_post_content":"<p>Trixie Protective Pants XS are protective pants for dogs that are incontinent or have problems with the potty training. The Protective Pants contain a special pad that absorbs moisture. This prevents your dog from leaking or doing their business in unwanted places. The pants have a perfect fit due to the elastic, fully adjustable belt. The Protective Pants are delivered with 3 separate pads. The Pads for Protective Pads can be ordered separately per 10 pieces. The Protective Pants can be washed in the washing machine at 30 degrees.<\/p>\r\n<p>Trixie Protective Pants L &ndash; size 50 &ndash; 59 cm<\/p>\r\n<p>Colour: Black<\/p>\r\n<p><span style=\"text-decoration: underline;\">Administration:<\/span><\/p>\r\n<p><span style=\"text-decoration: underline;\">Dosage:<br \/><\/span>Trixie Protective Pants L &ndash; size 50 &ndash; 59 cm<\/p>\r\n<p><span style=\"text-decoration: underline;\">Package:<br \/><\/span>1 Protective Pants with 3 Pads for Protective Pants<\/p>","_en_post_name":"trixie-protective-pants-l","_en_post_excerpt":"","_en_post_title":"Trixie Protective Pants L | Dog","_de_post_content":"<p>Trixie Protective Pants XS sind Schutzh&ouml;schen in Brunst, Inkontinenz oder nicht stubenreine Hunde. Die Schutzh&ouml;schen hat einen besonderen Pad, der die Feuchtigkeit auf der Innenseite absorbiert. So kann verhindert werden, dass Ihr Hund bei der Ausscheidung auf einen unpassenden Moment trifft oder seine Bed&uuml;rfnisse im Haus verrichtet. Die Hose hat einer perfekter Sitz durch elastischen, stufenlos verstellbaren Bauchgurt mit Schnappverschluss.&nbsp; Die Schutzh&ouml;schen werden inklusive 3 Wechseleinlagen geliefert. Diese sind auch separat in einer Verpackung mit 10 St&uuml;ck erh&auml;ltlich. Das sch&uuml;tzende H&ouml;schen ist in der Waschmaschine bei 30 &deg;C waschbar.<\/p>\r\n<p>Trixie Protective Pants L &ndash; Gr&ouml;&szlig;e von 50 &ndash; 59 cm<\/p>\r\n<p>Farbe: Schwarz<\/p>\r\n<p><span style=\"text-decoration: underline;\">Anwendung:<\/span><\/p>\r\n<p><span style=\"text-decoration: underline;\">Dosierung:<br \/><\/span>Trixie Protective Pants L &ndash; Gr&ouml;&szlig;e von 50 &ndash; 59 cm<\/p>\r\n<p><span style=\"text-decoration: underline;\">Verpackung:<br \/><\/span>1 Protective Pants mit 3 Pads f&uuml;r Protective Pads<\/p>","_de_post_name":"trixie-protective-pants-l","_de_post_excerpt":"","_de_post_title":"Trixie Protective Pants L | Hund","_fr_post_content":"<p>Les culottes de protection Trixie taille L sont des culottes de protection en cas de chaleur, d'incontinence ou de non-utilisation de votre chien. Les culottes de protection sont dot\u00e9s d'un prot\u00e8ge slip sp\u00e9cial \u00e0 l'int\u00e9rieur qui absorbe l'humidit\u00e9. Cela emp\u00eache votre chien de fuir ou de faire ses besoins dans des endroits non d\u00e9sir\u00e9s. La culotte est parfaitement ajust\u00e9e gr\u00e2ce \u00e0 la ceinture \u00e9lastique et enti\u00e8rement r\u00e9glable. Les culottes de protections sont fournis en standard avec 3 prot\u00e8ges slips. Les prot\u00e8ges slips peuvent \u00eatre command\u00e9s s\u00e9par\u00e9ment par 10. Les culottes de protections eux-m\u00eames peuvent \u00eatre lav\u00e9s dans la machine \u00e0 laver \u00e0 30 degr\u00e9s.<\/p>\r\n<p>Culotte de protection Trixie L (50-59cm)<\/p>\r\n<p>Couleur : noire<\/p>\r\n<p><span style=\"text-decoration: underline;\">Dosage :<br \/><\/span>Culotte de protection Trixie L (50-59cm)<\/p>\r\n<p><span style=\"text-decoration: underline;\">Emballage :<br \/><\/span>Trixie prot\u00e8ge slips pour culotte de protection L \/ XL - 10 pi\u00e8ces<\/p>","_fr_post_name":"trixie-culotte-protection-l","_fr_post_excerpt":"","_fr_post_title":"Trixie Culotte de protection L | Chien","_es_post_content":"<p>Los Trixie Protective Pants L son pantalones protectores cuando su perro est\u00e1 en celo, tiene incontinencia o no sabe ir al ba\u00f1o. Se coloca una almohadilla especial en los Protective Pants que absorbe la humedad. Esto evita que su perro gotee o defeque en lugares no deseados. Los pantalones tienen un ajuste perfecto gracias al cintur\u00f3n el\u00e1stico y totalmente ajustable. Los Protective Pants vienen de serie con 3 Pads. Las Pads para los Protective Pants se pueden pedir por separado por 10 piezas. Los Protective Pants se pueden lavar en la lavadora a 30 grados.<\/p>\r\n<p>El color de Trixie Protective Pants: negro.<\/p>\r\n<p>Trixie Protective Pants L \u2013 circunferencia de 50 \u2013 59 cm.<\/p>\r\n<p><span style=\"text-decoration: underline;\">Embalaje:<\/span><br \/>1 Protective Pants L, 3 Pads.<\/p>","_es_post_name":"trixie-protective-pants-l","_es_post_excerpt":"","_es_post_title":"Trixie Protective Pants L | Perros","edit_language":"nl"},"product_brand":[],"product_cat":[1861,1117,1857,1959,1863],"product_tag":[],"class_list":{"0":"post-118617","1":"product","2":"type-product","3":"status-publish","4":"has-post-thumbnail","6":"product_cat-benodigdheden","7":"product_cat-honden","8":"product_cat-merken","9":"product_cat-trixie","10":"product_cat-verzorging","11":"pa_aandoening-overig","12":"pa_doeldier-hond","13":"pa_fabricatieland-duitsland","14":"pa_merkfilter-trixie","15":"pa_merkgroep-trixie","16":"pa_productsoort-overig","17":"pa_toedieningswijze-broek","18":"pa_unit_pricing_base_measure-1ct","19":"pa_unit_pricing_measure-1ct","20":"pa_werkzamestof-overig","22":"first","23":"instock","24":"taxable","25":"shipping-taxable","26":"purchasable","27":"product-type-simple"},"yoast_head":"<!-- This site is optimized with the Yoast SEO plugin v27.5 - https:\/\/yoast.com\/product\/yoast-seo-wordpress\/ -->\n<title>Trixie Protective Pants | Loopsheidbroekje | Incontinentie Hond<\/title>\n<meta name=\"description\" content=\"Trixie Protective Pants XS zijn beschermende broekjes bij loopsheid, incontinentie of niet-zindelijkheid bij uw hond. Met absorberende pads.\" \/>\n<meta name=\"robots\" content=\"index, follow, max-snippet:-1, max-image-preview:large, max-video-preview:-1\" \/>\n<link rel=\"canonical\" href=\"https:\/\/p4p-nl.bootmine.com\/%product-slug%\/trixie-protective-pants-l\" \/>\n<meta property=\"og:locale\" content=\"nl_NL\" \/>\n<meta property=\"og:type\" content=\"article\" \/>\n<meta property=\"og:title\" content=\"Trixie Protective Pants | Loopsheidbroekje | Incontinentie Hond\" \/>\n<meta property=\"og:description\" content=\"Trixie Protective Pants XS zijn beschermende broekjes bij loopsheid, incontinentie of niet-zindelijkheid bij uw hond. Met absorberende pads.\" \/>\n<meta property=\"og:url\" content=\"https:\/\/p4p-nl.bootmine.com\/%product-slug%\/trixie-protective-pants-l\" \/>\n<meta property=\"og:site_name\" content=\"Pharmacy4pets\" \/>\n<meta property=\"article:publisher\" content=\"https:\/\/www.facebook.com\/people\/Pharmacy4petsnl\/100063484989896\/\" \/>\n<meta property=\"article:modified_time\" content=\"2026-03-25T11:58:28+00:00\" \/>\n<meta property=\"og:image\" content=\"https:\/\/p4p-nl.bootmine.com\/wp-content\/uploads\/2017\/08\/23664_1_1_1_1.png\" \/>\n\t<meta property=\"og:image:width\" content=\"317\" \/>\n\t<meta property=\"og:image:height\" content=\"283\" \/>\n\t<meta property=\"og:image:type\" content=\"image\/png\" \/>\n<meta name=\"twitter:card\" content=\"summary_large_image\" \/>\n<meta name=\"twitter:label1\" content=\"Geschatte leestijd\" \/>\n\t<meta name=\"twitter:data1\" content=\"1 minuut\" \/>\n<script type=\"application\/ld+json\" class=\"yoast-schema-graph\">{\"@context\":\"https:\\\/\\\/schema.org\",\"@graph\":[{\"@type\":\"WebPage\",\"@id\":\"https:\\\/\\\/p4p-nl.bootmine.com\\\/%product-slug%\\\/trixie-protective-pants-l\",\"url\":\"https:\\\/\\\/p4p-nl.bootmine.com\\\/%product-slug%\\\/trixie-protective-pants-l\",\"name\":\"Trixie Protective Pants | Loopsheidbroekje | Incontinentie Hond\",\"isPartOf\":{\"@id\":\"http:\\\/\\\/www.pharmacy4pets.nl\\\/#website\"},\"primaryImageOfPage\":{\"@id\":\"https:\\\/\\\/p4p-nl.bootmine.com\\\/%product-slug%\\\/trixie-protective-pants-l#primaryimage\"},\"image\":{\"@id\":\"https:\\\/\\\/p4p-nl.bootmine.com\\\/%product-slug%\\\/trixie-protective-pants-l#primaryimage\"},\"thumbnailUrl\":\"https:\\\/\\\/www.pharmacy4pets.nl\\\/wp-content\\\/uploads\\\/2017\\\/08\\\/23664_1_1_1_1.png\",\"datePublished\":\"2017-08-02T12:47:40+00:00\",\"dateModified\":\"2026-03-25T11:58:28+00:00\",\"description\":\"Trixie Protective Pants XS zijn beschermende broekjes bij loopsheid, incontinentie of niet-zindelijkheid bij uw hond. Met absorberende pads.\",\"breadcrumb\":{\"@id\":\"https:\\\/\\\/p4p-nl.bootmine.com\\\/%product-slug%\\\/trixie-protective-pants-l#breadcrumb\"},\"inLanguage\":\"nl-NL\",\"potentialAction\":[{\"@type\":\"ReadAction\",\"target\":[\"https:\\\/\\\/p4p-nl.bootmine.com\\\/%product-slug%\\\/trixie-protective-pants-l\"]}]},{\"@type\":\"ImageObject\",\"inLanguage\":\"nl-NL\",\"@id\":\"https:\\\/\\\/p4p-nl.bootmine.com\\\/%product-slug%\\\/trixie-protective-pants-l#primaryimage\",\"url\":\"https:\\\/\\\/www.pharmacy4pets.nl\\\/wp-content\\\/uploads\\\/2017\\\/08\\\/23664_1_1_1_1.png\",\"contentUrl\":\"https:\\\/\\\/www.pharmacy4pets.nl\\\/wp-content\\\/uploads\\\/2017\\\/08\\\/23664_1_1_1_1.png\",\"width\":317,\"height\":283,\"caption\":\"Trixie\"},{\"@type\":\"BreadcrumbList\",\"@id\":\"https:\\\/\\\/p4p-nl.bootmine.com\\\/%product-slug%\\\/trixie-protective-pants-l#breadcrumb\",\"itemListElement\":[{\"@type\":\"ListItem\",\"position\":1,\"name\":\"Home\",\"item\":\"https:\\\/\\\/p4p-nl.bootmine.com\\\/\"},{\"@type\":\"ListItem\",\"position\":2,\"name\":\"Winkel\",\"item\":\"https:\\\/\\\/p4p-nl.bootmine.com\\\/winkel\"},{\"@type\":\"ListItem\",\"position\":3,\"name\":\"Trixie Protective Pants L | Hond\"}]},{\"@type\":\"WebSite\",\"@id\":\"http:\\\/\\\/www.pharmacy4pets.nl\\\/#website\",\"url\":\"http:\\\/\\\/www.pharmacy4pets.nl\\\/\",\"name\":\"Pharmacy4pets\",\"description\":\"Pharmacy4pets.nl is d\u00e9 online apotheek waar u terecht kunt voor alle diergeneesmiddelen, verzorgingsproducten en dieetvoeding voor uw huisdier.\",\"publisher\":{\"@id\":\"http:\\\/\\\/www.pharmacy4pets.nl\\\/#organization\"},\"potentialAction\":[{\"@type\":\"SearchAction\",\"target\":{\"@type\":\"EntryPoint\",\"urlTemplate\":\"http:\\\/\\\/www.pharmacy4pets.nl\\\/?s={search_term_string}\"},\"query-input\":{\"@type\":\"PropertyValueSpecification\",\"valueRequired\":true,\"valueName\":\"search_term_string\"}}],\"inLanguage\":\"nl-NL\"},{\"@type\":\"Organization\",\"@id\":\"http:\\\/\\\/www.pharmacy4pets.nl\\\/#organization\",\"name\":\"Pharmacy4pets\",\"url\":\"http:\\\/\\\/www.pharmacy4pets.nl\\\/\",\"logo\":{\"@type\":\"ImageObject\",\"inLanguage\":\"nl-NL\",\"@id\":\"http:\\\/\\\/www.pharmacy4pets.nl\\\/#\\\/schema\\\/logo\\\/image\\\/\",\"url\":\"https:\\\/\\\/p4p-nl.bootmine.com\\\/wp-content\\\/uploads\\\/2026\\\/03\\\/logo-pharmacy4pets.png\",\"contentUrl\":\"https:\\\/\\\/p4p-nl.bootmine.com\\\/wp-content\\\/uploads\\\/2026\\\/03\\\/logo-pharmacy4pets.png\",\"width\":1024,\"height\":135,\"caption\":\"Pharmacy4pets\"},\"image\":{\"@id\":\"http:\\\/\\\/www.pharmacy4pets.nl\\\/#\\\/schema\\\/logo\\\/image\\\/\"},\"sameAs\":[\"https:\\\/\\\/www.facebook.com\\\/people\\\/Pharmacy4petsnl\\\/100063484989896\\\/\",\"https:\\\/\\\/www.youtube.com\\\/channel\\\/UCGPTIgucgli03tP2_kvLkHg\\\/featured\",\"https:\\\/\\\/www.instagram.com\\\/pharmacy4pets.nl\"]}]}<\/script>\n<!-- \/ Yoast SEO plugin. -->","yoast_head_json":{"title":"Trixie Protective Pants | Loopsheidbroekje | Incontinentie Hond","description":"Trixie Protective Pants XS zijn beschermende broekjes bij loopsheid, incontinentie of niet-zindelijkheid bij uw hond. Met absorberende pads.","robots":{"index":"index","follow":"follow","max-snippet":"max-snippet:-1","max-image-preview":"max-image-preview:large","max-video-preview":"max-video-preview:-1"},"canonical":"https:\/\/p4p-nl.bootmine.com\/%product-slug%\/trixie-protective-pants-l","og_locale":"nl_NL","og_type":"article","og_title":"Trixie Protective Pants | Loopsheidbroekje | Incontinentie Hond","og_description":"Trixie Protective Pants XS zijn beschermende broekjes bij loopsheid, incontinentie of niet-zindelijkheid bij uw hond. Met absorberende pads.","og_url":"https:\/\/p4p-nl.bootmine.com\/%product-slug%\/trixie-protective-pants-l","og_site_name":"Pharmacy4pets","article_publisher":"https:\/\/www.facebook.com\/people\/Pharmacy4petsnl\/100063484989896\/","article_modified_time":"2026-03-25T11:58:28+00:00","og_image":[{"width":317,"height":283,"url":"https:\/\/p4p-nl.bootmine.com\/wp-content\/uploads\/2017\/08\/23664_1_1_1_1.png","type":"image\/png"}],"twitter_card":"summary_large_image","twitter_misc":{"Geschatte leestijd":"1 minuut"},"schema":{"@context":"https:\/\/schema.org","@graph":[{"@type":"WebPage","@id":"https:\/\/p4p-nl.bootmine.com\/%product-slug%\/trixie-protective-pants-l","url":"https:\/\/p4p-nl.bootmine.com\/%product-slug%\/trixie-protective-pants-l","name":"Trixie Protective Pants | Loopsheidbroekje | Incontinentie Hond","isPartOf":{"@id":"http:\/\/www.pharmacy4pets.nl\/#website"},"primaryImageOfPage":{"@id":"https:\/\/p4p-nl.bootmine.com\/%product-slug%\/trixie-protective-pants-l#primaryimage"},"image":{"@id":"https:\/\/p4p-nl.bootmine.com\/%product-slug%\/trixie-protective-pants-l#primaryimage"},"thumbnailUrl":"https:\/\/www.pharmacy4pets.nl\/wp-content\/uploads\/2017\/08\/23664_1_1_1_1.png","datePublished":"2017-08-02T12:47:40+00:00","dateModified":"2026-03-25T11:58:28+00:00","description":"Trixie Protective Pants XS zijn beschermende broekjes bij loopsheid, incontinentie of niet-zindelijkheid bij uw hond. Met absorberende pads.","breadcrumb":{"@id":"https:\/\/p4p-nl.bootmine.com\/%product-slug%\/trixie-protective-pants-l#breadcrumb"},"inLanguage":"nl-NL","potentialAction":[{"@type":"ReadAction","target":["https:\/\/p4p-nl.bootmine.com\/%product-slug%\/trixie-protective-pants-l"]}]},{"@type":"ImageObject","inLanguage":"nl-NL","@id":"https:\/\/p4p-nl.bootmine.com\/%product-slug%\/trixie-protective-pants-l#primaryimage","url":"https:\/\/www.pharmacy4pets.nl\/wp-content\/uploads\/2017\/08\/23664_1_1_1_1.png","contentUrl":"https:\/\/www.pharmacy4pets.nl\/wp-content\/uploads\/2017\/08\/23664_1_1_1_1.png","width":317,"height":283,"caption":"Trixie"},{"@type":"BreadcrumbList","@id":"https:\/\/p4p-nl.bootmine.com\/%product-slug%\/trixie-protective-pants-l#breadcrumb","itemListElement":[{"@type":"ListItem","position":1,"name":"Home","item":"https:\/\/p4p-nl.bootmine.com\/"},{"@type":"ListItem","position":2,"name":"Winkel","item":"https:\/\/p4p-nl.bootmine.com\/winkel"},{"@type":"ListItem","position":3,"name":"Trixie Protective Pants L | Hond"}]},{"@type":"WebSite","@id":"http:\/\/www.pharmacy4pets.nl\/#website","url":"http:\/\/www.pharmacy4pets.nl\/","name":"Pharmacy4pets","description":"Pharmacy4pets.nl is d\u00e9 online apotheek waar u terecht kunt voor alle diergeneesmiddelen, verzorgingsproducten en dieetvoeding voor uw huisdier.","publisher":{"@id":"http:\/\/www.pharmacy4pets.nl\/#organization"},"potentialAction":[{"@type":"SearchAction","target":{"@type":"EntryPoint","urlTemplate":"http:\/\/www.pharmacy4pets.nl\/?s={search_term_string}"},"query-input":{"@type":"PropertyValueSpecification","valueRequired":true,"valueName":"search_term_string"}}],"inLanguage":"nl-NL"},{"@type":"Organization","@id":"http:\/\/www.pharmacy4pets.nl\/#organization","name":"Pharmacy4pets","url":"http:\/\/www.pharmacy4pets.nl\/","logo":{"@type":"ImageObject","inLanguage":"nl-NL","@id":"http:\/\/www.pharmacy4pets.nl\/#\/schema\/logo\/image\/","url":"https:\/\/p4p-nl.bootmine.com\/wp-content\/uploads\/2026\/03\/logo-pharmacy4pets.png","contentUrl":"https:\/\/p4p-nl.bootmine.com\/wp-content\/uploads\/2026\/03\/logo-pharmacy4pets.png","width":1024,"height":135,"caption":"Pharmacy4pets"},"image":{"@id":"http:\/\/www.pharmacy4pets.nl\/#\/schema\/logo\/image\/"},"sameAs":["https:\/\/www.facebook.com\/people\/Pharmacy4petsnl\/100063484989896\/","https:\/\/www.youtube.com\/channel\/UCGPTIgucgli03tP2_kvLkHg\/featured","https:\/\/www.instagram.com\/pharmacy4pets.nl"]}]}},"market_data":{"nl":{"price":0,"sale_price":0,"active":false,"url":null,"parent_url":"","tax_rate":0,"price_inc_tax":0,"sale_price_inc_tax":0},"de":{"price":0,"sale_price":0,"active":false,"url":null,"parent_url":"","tax_rate":0,"price_inc_tax":0,"sale_price_inc_tax":0},"be":{"price":0,"sale_price":0,"active":false,"url":null,"parent_url":"","tax_rate":0,"price_inc_tax":0,"sale_price_inc_tax":0},"fr":{"price":0,"sale_price":0,"active":false,"url":null,"parent_url":"","tax_rate":0,"price_inc_tax":0,"sale_price_inc_tax":0},"ch":{"price":0,"sale_price":0,"active":false,"url":null,"parent_url":"","tax_rate":0,"price_inc_tax":0,"sale_price_inc_tax":0},"at":{"price":0,"sale_price":0,"active":false,"url":null,"parent_url":"","tax_rate":0,"price_inc_tax":0,"sale_price_inc_tax":0},"es":{"price":0,"sale_price":0,"active":false,"url":null,"parent_url":"","tax_rate":0,"price_inc_tax":0,"sale_price_inc_tax":0},"dk":{"price":0,"sale_price":0,"active":false,"url":null,"parent_url":"","tax_rate":0,"price_inc_tax":0,"sale_price_inc_tax":0},"com":{"price":0,"sale_price":0,"active":false,"url":null,"parent_url":"","tax_rate":0,"price_inc_tax":0,"sale_price_inc_tax":0}},"market_nl_price":0,"market_nl_sale_price":0,"market_nl_active":false,"market_nl_url":null,"market_nl_parent_url":"","market_nl_tax_rate":0,"market_nl_price_inc_tax":0,"market_nl_sale_price_inc_tax":0,"market_de_price":0,"market_de_sale_price":0,"market_de_active":false,"market_de_url":null,"market_de_parent_url":"","market_de_tax_rate":0,"market_de_price_inc_tax":0,"market_de_sale_price_inc_tax":0,"market_be_price":0,"market_be_sale_price":0,"market_be_active":false,"market_be_url":null,"market_be_parent_url":"","market_be_tax_rate":0,"market_be_price_inc_tax":0,"market_be_sale_price_inc_tax":0,"market_fr_price":0,"market_fr_sale_price":0,"market_fr_active":false,"market_fr_url":null,"market_fr_parent_url":"","market_fr_tax_rate":0,"market_fr_price_inc_tax":0,"market_fr_sale_price_inc_tax":0,"market_ch_price":0,"market_ch_sale_price":0,"market_ch_active":false,"market_ch_url":null,"market_ch_parent_url":"","market_ch_tax_rate":0,"market_ch_price_inc_tax":0,"market_ch_sale_price_inc_tax":0,"market_at_price":0,"market_at_sale_price":0,"market_at_active":false,"market_at_url":null,"market_at_parent_url":"","market_at_tax_rate":0,"market_at_price_inc_tax":0,"market_at_sale_price_inc_tax":0,"market_es_price":0,"market_es_sale_price":0,"market_es_active":false,"market_es_url":null,"market_es_parent_url":"","market_es_tax_rate":0,"market_es_price_inc_tax":0,"market_es_sale_price_inc_tax":0,"market_dk_price":0,"market_dk_sale_price":0,"market_dk_active":false,"market_dk_url":null,"market_dk_parent_url":"","market_dk_tax_rate":0,"market_dk_price_inc_tax":0,"market_dk_sale_price_inc_tax":0,"market_com_price":0,"market_com_sale_price":0,"market_com_active":false,"market_com_url":null,"market_com_parent_url":"","market_com_tax_rate":0,"market_com_price_inc_tax":0,"market_com_sale_price_inc_tax":0,"acf":[],"_links":{"self":[{"href":"https:\/\/www.pharmacy4pets.nl\/be\/wp-json\/wp\/v2\/product\/118617","targetHints":{"allow":["GET"]}}],"collection":[{"href":"https:\/\/www.pharmacy4pets.nl\/be\/wp-json\/wp\/v2\/product"}],"about":[{"href":"https:\/\/www.pharmacy4pets.nl\/be\/wp-json\/wp\/v2\/types\/product"}],"replies":[{"embeddable":true,"href":"https:\/\/www.pharmacy4pets.nl\/be\/wp-json\/wp\/v2\/comments?post=118617"}],"wp:featuredmedia":[{"embeddable":true,"href":"https:\/\/www.pharmacy4pets.nl\/be\/wp-json\/wp\/v2\/media\/118616"}],"wp:attachment":[{"href":"https:\/\/www.pharmacy4pets.nl\/be\/wp-json\/wp\/v2\/media?parent=118617"}],"wp:term":[{"taxonomy":"product_brand","embeddable":true,"href":"https:\/\/www.pharmacy4pets.nl\/be\/wp-json\/wp\/v2\/product_brand?post=118617"},{"taxonomy":"product_cat","embeddable":true,"href":"https:\/\/www.pharmacy4pets.nl\/be\/wp-json\/wp\/v2\/product_cat?post=118617"},{"taxonomy":"product_tag","embeddable":true,"href":"https:\/\/www.pharmacy4pets.nl\/be\/wp-json\/wp\/v2\/product_tag?post=118617"}],"curies":[{"name":"wp","href":"https:\/\/api.w.org\/{rel}","templated":true}]}}