{"id":118607,"date":"2017-08-02T10:47:34","date_gmt":"2017-08-02T10:47:34","guid":{"rendered":"https:\/\/p4p.test\/trixie-denta-fun-ball-mint-6cm"},"modified":"2026-03-25T11:58:24","modified_gmt":"2026-03-25T11:58:24","slug":"trixie-denta-fun-ball-mint-6cm","status":"publish","type":"product","link":"https:\/\/www.pharmacy4pets.nl\/be\/trixie-denta-fun-ball-mint-6cm","title":{"rendered":"Trixie Denta Fun Ball Mint | Hond 6cm"},"content":{"rendered":"<p>Trixie Denta Fun Ball Mint smaak zorgt voor de reiniging van het gebit van uw hond op een leuke en speelse manier. Tijdens het spelen reinigt de bal de tanden en masseert hij het tandvlees. De bal is gemaakt van thermoplastisch rubber en is daardoor robuust en duurzaam. Dankzij de mint smaak vindt uw hond het leuk om er mee te spelen en geeft het tegelijkertijd een heerlijk, frisse adem.<\/p>\n<p><span style=\"text-decoration: underline;\">Verpakking:<br \/><\/span>1 bal van &oslash; 6 cm<\/p>\n","protected":false},"excerpt":{"rendered":"<p>Trixie Denta Fun Ball Mint smaak zorgt voor de reiniging van het gebit van uw hond op een leuke en speelse manier. Tijdens het spelen reinigt de bal de tanden en masseert hij het tandvlees. De bal is gemaakt van thermoplastisch rubber en is daardoor robuust en duurzaam. Dankzij de mint smaak vindt uw hond [&hellip;]<\/p>\n","protected":false},"featured_media":118606,"comment_status":"open","ping_status":"closed","template":"","meta":{"_acf_changed":false,"_nl_post_content":"<p>Trixie Denta Fun Ball Mint smaak zorgt voor de reiniging van het gebit van uw hond op een leuke en speelse manier. Tijdens het spelen reinigt de bal de tanden en masseert hij het tandvlees. De bal is gemaakt van thermoplastisch rubber en is daardoor robuust en duurzaam. Dankzij de mint smaak vindt uw hond het leuk om er mee te spelen en geeft het tegelijkertijd een heerlijk, frisse adem.<\/p>\r\n<p><span style=\"text-decoration: underline;\">Verpakking:<br \/><\/span>1 bal van &oslash; 6 cm<\/p>","_nl_post_name":"trixie-denta-fun-ball-mint-6cm","_nl_post_excerpt":"","_nl_post_title":"Trixie Denta Fun Ball Mint | Hond 6cm","_en_post_content":"<p>Trixie Denta Fun Ball Mint Flavour is a fun toy for dogs while also cleaning the teeth and massaging the gums. The ball is made of thermoplastic rubber and is robust and durable. Thanks to the mint flavour, your dog loves to play with it and gives your dog a nice breath!<\/p>\r\n<p><span style=\"text-decoration: underline;\">Package:<br \/><\/span>1 ball of &oslash; 6 cm<\/p>","_en_post_name":"trixie-denta-fun-ball-mint-6cm","_en_post_excerpt":"","_en_post_title":"Trixie Denta Fun Ball Mint | Dog 6cm ","_de_post_content":"<p>Trixie Denta Fun Ball Mintgeschmack ist ein lustiges Spielzeug f&uuml;r Hunde, w&auml;hrend auch die Z&auml;hne reinigt und das Zahnfleisch massiert. Der Ball ist von thermoplastisches Gummi und ist robust und langlebig. Dank des Mintgeschmacks liebt dein Hund es, und gibt deinem Hund einen sch&ouml;nen Atem!<\/p>\r\n<p><span style=\"text-decoration: underline;\">Verpackung:<br \/><\/span>1 Ball von &oslash; 6 cm<\/p>","_de_post_name":"trixie-denta-fun-ball-mint-6cm","_de_post_excerpt":"","_de_post_title":"Trixie Denta Fun Ball Mint | Hund 6cm ","_fr_post_content":"<p>Trixie Denta Fun Ball saveur menthe nettoie les dents de votre chien d'une mani\u00e8re amusante et ludique. Tout en jouant, la balle nettoie les dents et masse les gencives. Le ballon est fabriqu\u00e9 en caoutchouc thermoplastique, ce qui le rend robuste et durable. Gr\u00e2ce \u00e0 son go\u00fbt menthol\u00e9, votre chien aimera jouer avec et aura en m\u00eame temps une haleine fra\u00eeche.<\/p>\r\n<p><span style=\"text-decoration: underline;\">Emballage :<\/span><br \/>1 balle de \u00f8 6 cm<\/p>","_fr_post_name":"trixie-denta-fun-balle-menthe-6cm","_fr_post_excerpt":"","_fr_post_title":"Trixie Denta Fun Balle saveur menthe| Chien 6cm ","_es_post_content":"<p>Trixie Denta Fun Ball sabor menta limpia los dientes de su perro de una manera divertida y l\u00fadica. Mientras juega, la pelota limpia los dientes y masajea las enc\u00edas. La pelota est\u00e1 hecha de caucho termopl\u00e1stico y, por lo tanto, es robusta y duradera. Gracias al sabor a menta, su perro disfrutar\u00e1 jugando con \u00e9l y al mismo tiempo le dar\u00e1 un maravilloso y fresco aliento.<\/p>\r\n<p><span style=\"text-decoration: underline;\">Embalaje:<\/span><br \/>1 ovillo de \u00f8 6 cm.<\/p>","_es_post_name":"trixie-denta-fun-ball-mint-6cm","_es_post_excerpt":"","_es_post_title":"Trixie Denta Fun Ball Mint | Perros 6cm ","edit_language":"nl"},"product_brand":[],"product_cat":[2209,1861,1117,1865,1857,2177,2213,1959],"product_tag":[],"class_list":{"0":"post-118607","1":"product","2":"type-product","3":"status-publish","4":"has-post-thumbnail","6":"product_cat-puppy-benodigdheden","7":"product_cat-benodigdheden","8":"product_cat-honden","9":"product_cat-hondenspeelgoed","10":"product_cat-merken","11":"product_cat-puppy","12":"product_cat-puppy-speelgoed","13":"product_cat-trixie","14":"pa_aandoening-gebit","15":"pa_doeldier-hond","16":"pa_fabricatieland-duitsland","17":"pa_merkfilter-trixie","18":"pa_merkgroep-trixie","19":"pa_productsoort-overig","20":"pa_toedieningswijze-speelgoed","21":"pa_unit_pricing_base_measure-1ct","22":"pa_unit_pricing_measure-1ct","23":"pa_werkzamestof-overig","25":"first","26":"instock","27":"taxable","28":"shipping-taxable","29":"purchasable","30":"product-type-simple"},"yoast_head":"<!-- This site is optimized with the Yoast SEO plugin v27.5 - https:\/\/yoast.com\/product\/yoast-seo-wordpress\/ -->\n<title>Trixie Denta Fun Ball Mint | Hondenspeeltje | Bal | Gebit Hond<\/title>\n<meta name=\"description\" content=\"Trixie Denta Fun Ball Mint smaak zorgt voor de reiniging van het gebit van uw hond op een leuke en speelse manier. Met heerlijke mint smaak voor een frisse adem.\" \/>\n<meta name=\"robots\" content=\"index, follow, max-snippet:-1, max-image-preview:large, max-video-preview:-1\" \/>\n<link rel=\"canonical\" href=\"https:\/\/p4p-nl.bootmine.com\/%product-slug%\/trixie-denta-fun-ball-mint-6cm\" \/>\n<meta property=\"og:locale\" content=\"nl_NL\" \/>\n<meta property=\"og:type\" content=\"article\" \/>\n<meta property=\"og:title\" content=\"Trixie Denta Fun Ball Mint | Hondenspeeltje | Bal | Gebit Hond\" \/>\n<meta property=\"og:description\" content=\"Trixie Denta Fun Ball Mint smaak zorgt voor de reiniging van het gebit van uw hond op een leuke en speelse manier. Met heerlijke mint smaak voor een frisse adem.\" \/>\n<meta property=\"og:url\" content=\"https:\/\/p4p-nl.bootmine.com\/%product-slug%\/trixie-denta-fun-ball-mint-6cm\" \/>\n<meta property=\"og:site_name\" content=\"Pharmacy4pets\" \/>\n<meta property=\"article:publisher\" content=\"https:\/\/www.facebook.com\/people\/Pharmacy4petsnl\/100063484989896\/\" \/>\n<meta property=\"article:modified_time\" content=\"2026-03-25T11:58:24+00:00\" \/>\n<meta property=\"og:image\" content=\"https:\/\/p4p-nl.bootmine.com\/wp-content\/uploads\/2017\/08\/23683.png\" \/>\n\t<meta property=\"og:image:width\" content=\"317\" \/>\n\t<meta property=\"og:image:height\" content=\"295\" \/>\n\t<meta property=\"og:image:type\" content=\"image\/png\" \/>\n<meta name=\"twitter:card\" content=\"summary_large_image\" \/>\n<script type=\"application\/ld+json\" class=\"yoast-schema-graph\">{\"@context\":\"https:\\\/\\\/schema.org\",\"@graph\":[{\"@type\":\"WebPage\",\"@id\":\"https:\\\/\\\/p4p-nl.bootmine.com\\\/%product-slug%\\\/trixie-denta-fun-ball-mint-6cm\",\"url\":\"https:\\\/\\\/p4p-nl.bootmine.com\\\/%product-slug%\\\/trixie-denta-fun-ball-mint-6cm\",\"name\":\"Trixie Denta Fun Ball Mint | Hondenspeeltje | Bal | Gebit Hond\",\"isPartOf\":{\"@id\":\"http:\\\/\\\/www.pharmacy4pets.nl\\\/#website\"},\"primaryImageOfPage\":{\"@id\":\"https:\\\/\\\/p4p-nl.bootmine.com\\\/%product-slug%\\\/trixie-denta-fun-ball-mint-6cm#primaryimage\"},\"image\":{\"@id\":\"https:\\\/\\\/p4p-nl.bootmine.com\\\/%product-slug%\\\/trixie-denta-fun-ball-mint-6cm#primaryimage\"},\"thumbnailUrl\":\"https:\\\/\\\/www.pharmacy4pets.nl\\\/wp-content\\\/uploads\\\/2017\\\/08\\\/23683.png\",\"datePublished\":\"2017-08-02T10:47:34+00:00\",\"dateModified\":\"2026-03-25T11:58:24+00:00\",\"description\":\"Trixie Denta Fun Ball Mint smaak zorgt voor de reiniging van het gebit van uw hond op een leuke en speelse manier. Met heerlijke mint smaak voor een frisse adem.\",\"breadcrumb\":{\"@id\":\"https:\\\/\\\/p4p-nl.bootmine.com\\\/%product-slug%\\\/trixie-denta-fun-ball-mint-6cm#breadcrumb\"},\"inLanguage\":\"nl-NL\",\"potentialAction\":[{\"@type\":\"ReadAction\",\"target\":[\"https:\\\/\\\/p4p-nl.bootmine.com\\\/%product-slug%\\\/trixie-denta-fun-ball-mint-6cm\"]}]},{\"@type\":\"ImageObject\",\"inLanguage\":\"nl-NL\",\"@id\":\"https:\\\/\\\/p4p-nl.bootmine.com\\\/%product-slug%\\\/trixie-denta-fun-ball-mint-6cm#primaryimage\",\"url\":\"https:\\\/\\\/www.pharmacy4pets.nl\\\/wp-content\\\/uploads\\\/2017\\\/08\\\/23683.png\",\"contentUrl\":\"https:\\\/\\\/www.pharmacy4pets.nl\\\/wp-content\\\/uploads\\\/2017\\\/08\\\/23683.png\",\"width\":317,\"height\":295,\"caption\":\"Trixie\"},{\"@type\":\"BreadcrumbList\",\"@id\":\"https:\\\/\\\/p4p-nl.bootmine.com\\\/%product-slug%\\\/trixie-denta-fun-ball-mint-6cm#breadcrumb\",\"itemListElement\":[{\"@type\":\"ListItem\",\"position\":1,\"name\":\"Home\",\"item\":\"https:\\\/\\\/p4p-nl.bootmine.com\\\/\"},{\"@type\":\"ListItem\",\"position\":2,\"name\":\"Winkel\",\"item\":\"https:\\\/\\\/p4p-nl.bootmine.com\\\/winkel\"},{\"@type\":\"ListItem\",\"position\":3,\"name\":\"Trixie Denta Fun Ball Mint | Hond 6cm\"}]},{\"@type\":\"WebSite\",\"@id\":\"http:\\\/\\\/www.pharmacy4pets.nl\\\/#website\",\"url\":\"http:\\\/\\\/www.pharmacy4pets.nl\\\/\",\"name\":\"Pharmacy4pets\",\"description\":\"Pharmacy4pets.nl is d\u00e9 online apotheek waar u terecht kunt voor alle diergeneesmiddelen, verzorgingsproducten en dieetvoeding voor uw huisdier.\",\"publisher\":{\"@id\":\"http:\\\/\\\/www.pharmacy4pets.nl\\\/#organization\"},\"potentialAction\":[{\"@type\":\"SearchAction\",\"target\":{\"@type\":\"EntryPoint\",\"urlTemplate\":\"http:\\\/\\\/www.pharmacy4pets.nl\\\/?s={search_term_string}\"},\"query-input\":{\"@type\":\"PropertyValueSpecification\",\"valueRequired\":true,\"valueName\":\"search_term_string\"}}],\"inLanguage\":\"nl-NL\"},{\"@type\":\"Organization\",\"@id\":\"http:\\\/\\\/www.pharmacy4pets.nl\\\/#organization\",\"name\":\"Pharmacy4pets\",\"url\":\"http:\\\/\\\/www.pharmacy4pets.nl\\\/\",\"logo\":{\"@type\":\"ImageObject\",\"inLanguage\":\"nl-NL\",\"@id\":\"http:\\\/\\\/www.pharmacy4pets.nl\\\/#\\\/schema\\\/logo\\\/image\\\/\",\"url\":\"https:\\\/\\\/p4p-nl.bootmine.com\\\/wp-content\\\/uploads\\\/2026\\\/03\\\/logo-pharmacy4pets.png\",\"contentUrl\":\"https:\\\/\\\/p4p-nl.bootmine.com\\\/wp-content\\\/uploads\\\/2026\\\/03\\\/logo-pharmacy4pets.png\",\"width\":1024,\"height\":135,\"caption\":\"Pharmacy4pets\"},\"image\":{\"@id\":\"http:\\\/\\\/www.pharmacy4pets.nl\\\/#\\\/schema\\\/logo\\\/image\\\/\"},\"sameAs\":[\"https:\\\/\\\/www.facebook.com\\\/people\\\/Pharmacy4petsnl\\\/100063484989896\\\/\",\"https:\\\/\\\/www.youtube.com\\\/channel\\\/UCGPTIgucgli03tP2_kvLkHg\\\/featured\",\"https:\\\/\\\/www.instagram.com\\\/pharmacy4pets.nl\"]}]}<\/script>\n<!-- \/ Yoast SEO plugin. -->","yoast_head_json":{"title":"Trixie Denta Fun Ball Mint | Hondenspeeltje | Bal | Gebit Hond","description":"Trixie Denta Fun Ball Mint smaak zorgt voor de reiniging van het gebit van uw hond op een leuke en speelse manier. Met heerlijke mint smaak voor een frisse adem.","robots":{"index":"index","follow":"follow","max-snippet":"max-snippet:-1","max-image-preview":"max-image-preview:large","max-video-preview":"max-video-preview:-1"},"canonical":"https:\/\/p4p-nl.bootmine.com\/%product-slug%\/trixie-denta-fun-ball-mint-6cm","og_locale":"nl_NL","og_type":"article","og_title":"Trixie Denta Fun Ball Mint | Hondenspeeltje | Bal | Gebit Hond","og_description":"Trixie Denta Fun Ball Mint smaak zorgt voor de reiniging van het gebit van uw hond op een leuke en speelse manier. Met heerlijke mint smaak voor een frisse adem.","og_url":"https:\/\/p4p-nl.bootmine.com\/%product-slug%\/trixie-denta-fun-ball-mint-6cm","og_site_name":"Pharmacy4pets","article_publisher":"https:\/\/www.facebook.com\/people\/Pharmacy4petsnl\/100063484989896\/","article_modified_time":"2026-03-25T11:58:24+00:00","og_image":[{"width":317,"height":295,"url":"https:\/\/p4p-nl.bootmine.com\/wp-content\/uploads\/2017\/08\/23683.png","type":"image\/png"}],"twitter_card":"summary_large_image","schema":{"@context":"https:\/\/schema.org","@graph":[{"@type":"WebPage","@id":"https:\/\/p4p-nl.bootmine.com\/%product-slug%\/trixie-denta-fun-ball-mint-6cm","url":"https:\/\/p4p-nl.bootmine.com\/%product-slug%\/trixie-denta-fun-ball-mint-6cm","name":"Trixie Denta Fun Ball Mint | Hondenspeeltje | Bal | Gebit Hond","isPartOf":{"@id":"http:\/\/www.pharmacy4pets.nl\/#website"},"primaryImageOfPage":{"@id":"https:\/\/p4p-nl.bootmine.com\/%product-slug%\/trixie-denta-fun-ball-mint-6cm#primaryimage"},"image":{"@id":"https:\/\/p4p-nl.bootmine.com\/%product-slug%\/trixie-denta-fun-ball-mint-6cm#primaryimage"},"thumbnailUrl":"https:\/\/www.pharmacy4pets.nl\/wp-content\/uploads\/2017\/08\/23683.png","datePublished":"2017-08-02T10:47:34+00:00","dateModified":"2026-03-25T11:58:24+00:00","description":"Trixie Denta Fun Ball Mint smaak zorgt voor de reiniging van het gebit van uw hond op een leuke en speelse manier. Met heerlijke mint smaak voor een frisse adem.","breadcrumb":{"@id":"https:\/\/p4p-nl.bootmine.com\/%product-slug%\/trixie-denta-fun-ball-mint-6cm#breadcrumb"},"inLanguage":"nl-NL","potentialAction":[{"@type":"ReadAction","target":["https:\/\/p4p-nl.bootmine.com\/%product-slug%\/trixie-denta-fun-ball-mint-6cm"]}]},{"@type":"ImageObject","inLanguage":"nl-NL","@id":"https:\/\/p4p-nl.bootmine.com\/%product-slug%\/trixie-denta-fun-ball-mint-6cm#primaryimage","url":"https:\/\/www.pharmacy4pets.nl\/wp-content\/uploads\/2017\/08\/23683.png","contentUrl":"https:\/\/www.pharmacy4pets.nl\/wp-content\/uploads\/2017\/08\/23683.png","width":317,"height":295,"caption":"Trixie"},{"@type":"BreadcrumbList","@id":"https:\/\/p4p-nl.bootmine.com\/%product-slug%\/trixie-denta-fun-ball-mint-6cm#breadcrumb","itemListElement":[{"@type":"ListItem","position":1,"name":"Home","item":"https:\/\/p4p-nl.bootmine.com\/"},{"@type":"ListItem","position":2,"name":"Winkel","item":"https:\/\/p4p-nl.bootmine.com\/winkel"},{"@type":"ListItem","position":3,"name":"Trixie Denta Fun Ball Mint | Hond 6cm"}]},{"@type":"WebSite","@id":"http:\/\/www.pharmacy4pets.nl\/#website","url":"http:\/\/www.pharmacy4pets.nl\/","name":"Pharmacy4pets","description":"Pharmacy4pets.nl is d\u00e9 online apotheek waar u terecht kunt voor alle diergeneesmiddelen, verzorgingsproducten en dieetvoeding voor uw huisdier.","publisher":{"@id":"http:\/\/www.pharmacy4pets.nl\/#organization"},"potentialAction":[{"@type":"SearchAction","target":{"@type":"EntryPoint","urlTemplate":"http:\/\/www.pharmacy4pets.nl\/?s={search_term_string}"},"query-input":{"@type":"PropertyValueSpecification","valueRequired":true,"valueName":"search_term_string"}}],"inLanguage":"nl-NL"},{"@type":"Organization","@id":"http:\/\/www.pharmacy4pets.nl\/#organization","name":"Pharmacy4pets","url":"http:\/\/www.pharmacy4pets.nl\/","logo":{"@type":"ImageObject","inLanguage":"nl-NL","@id":"http:\/\/www.pharmacy4pets.nl\/#\/schema\/logo\/image\/","url":"https:\/\/p4p-nl.bootmine.com\/wp-content\/uploads\/2026\/03\/logo-pharmacy4pets.png","contentUrl":"https:\/\/p4p-nl.bootmine.com\/wp-content\/uploads\/2026\/03\/logo-pharmacy4pets.png","width":1024,"height":135,"caption":"Pharmacy4pets"},"image":{"@id":"http:\/\/www.pharmacy4pets.nl\/#\/schema\/logo\/image\/"},"sameAs":["https:\/\/www.facebook.com\/people\/Pharmacy4petsnl\/100063484989896\/","https:\/\/www.youtube.com\/channel\/UCGPTIgucgli03tP2_kvLkHg\/featured","https:\/\/www.instagram.com\/pharmacy4pets.nl"]}]}},"market_data":{"nl":{"price":0,"sale_price":0,"active":false,"url":null,"parent_url":"","tax_rate":0,"price_inc_tax":0,"sale_price_inc_tax":0},"de":{"price":0,"sale_price":0,"active":false,"url":null,"parent_url":"","tax_rate":0,"price_inc_tax":0,"sale_price_inc_tax":0},"be":{"price":0,"sale_price":0,"active":false,"url":null,"parent_url":"","tax_rate":0,"price_inc_tax":0,"sale_price_inc_tax":0},"fr":{"price":0,"sale_price":0,"active":false,"url":null,"parent_url":"","tax_rate":0,"price_inc_tax":0,"sale_price_inc_tax":0},"ch":{"price":0,"sale_price":0,"active":false,"url":null,"parent_url":"","tax_rate":0,"price_inc_tax":0,"sale_price_inc_tax":0},"at":{"price":0,"sale_price":0,"active":false,"url":null,"parent_url":"","tax_rate":0,"price_inc_tax":0,"sale_price_inc_tax":0},"es":{"price":0,"sale_price":0,"active":false,"url":null,"parent_url":"","tax_rate":0,"price_inc_tax":0,"sale_price_inc_tax":0},"dk":{"price":0,"sale_price":0,"active":false,"url":null,"parent_url":"","tax_rate":0,"price_inc_tax":0,"sale_price_inc_tax":0},"com":{"price":0,"sale_price":0,"active":false,"url":null,"parent_url":"","tax_rate":0,"price_inc_tax":0,"sale_price_inc_tax":0}},"market_nl_price":0,"market_nl_sale_price":0,"market_nl_active":false,"market_nl_url":null,"market_nl_parent_url":"","market_nl_tax_rate":0,"market_nl_price_inc_tax":0,"market_nl_sale_price_inc_tax":0,"market_de_price":0,"market_de_sale_price":0,"market_de_active":false,"market_de_url":null,"market_de_parent_url":"","market_de_tax_rate":0,"market_de_price_inc_tax":0,"market_de_sale_price_inc_tax":0,"market_be_price":0,"market_be_sale_price":0,"market_be_active":false,"market_be_url":null,"market_be_parent_url":"","market_be_tax_rate":0,"market_be_price_inc_tax":0,"market_be_sale_price_inc_tax":0,"market_fr_price":0,"market_fr_sale_price":0,"market_fr_active":false,"market_fr_url":null,"market_fr_parent_url":"","market_fr_tax_rate":0,"market_fr_price_inc_tax":0,"market_fr_sale_price_inc_tax":0,"market_ch_price":0,"market_ch_sale_price":0,"market_ch_active":false,"market_ch_url":null,"market_ch_parent_url":"","market_ch_tax_rate":0,"market_ch_price_inc_tax":0,"market_ch_sale_price_inc_tax":0,"market_at_price":0,"market_at_sale_price":0,"market_at_active":false,"market_at_url":null,"market_at_parent_url":"","market_at_tax_rate":0,"market_at_price_inc_tax":0,"market_at_sale_price_inc_tax":0,"market_es_price":0,"market_es_sale_price":0,"market_es_active":false,"market_es_url":null,"market_es_parent_url":"","market_es_tax_rate":0,"market_es_price_inc_tax":0,"market_es_sale_price_inc_tax":0,"market_dk_price":0,"market_dk_sale_price":0,"market_dk_active":false,"market_dk_url":null,"market_dk_parent_url":"","market_dk_tax_rate":0,"market_dk_price_inc_tax":0,"market_dk_sale_price_inc_tax":0,"market_com_price":0,"market_com_sale_price":0,"market_com_active":false,"market_com_url":null,"market_com_parent_url":"","market_com_tax_rate":0,"market_com_price_inc_tax":0,"market_com_sale_price_inc_tax":0,"acf":[],"_links":{"self":[{"href":"https:\/\/www.pharmacy4pets.nl\/be\/wp-json\/wp\/v2\/product\/118607","targetHints":{"allow":["GET"]}}],"collection":[{"href":"https:\/\/www.pharmacy4pets.nl\/be\/wp-json\/wp\/v2\/product"}],"about":[{"href":"https:\/\/www.pharmacy4pets.nl\/be\/wp-json\/wp\/v2\/types\/product"}],"replies":[{"embeddable":true,"href":"https:\/\/www.pharmacy4pets.nl\/be\/wp-json\/wp\/v2\/comments?post=118607"}],"wp:featuredmedia":[{"embeddable":true,"href":"https:\/\/www.pharmacy4pets.nl\/be\/wp-json\/wp\/v2\/media\/118606"}],"wp:attachment":[{"href":"https:\/\/www.pharmacy4pets.nl\/be\/wp-json\/wp\/v2\/media?parent=118607"}],"wp:term":[{"taxonomy":"product_brand","embeddable":true,"href":"https:\/\/www.pharmacy4pets.nl\/be\/wp-json\/wp\/v2\/product_brand?post=118607"},{"taxonomy":"product_cat","embeddable":true,"href":"https:\/\/www.pharmacy4pets.nl\/be\/wp-json\/wp\/v2\/product_cat?post=118607"},{"taxonomy":"product_tag","embeddable":true,"href":"https:\/\/www.pharmacy4pets.nl\/be\/wp-json\/wp\/v2\/product_tag?post=118607"}],"curies":[{"name":"wp","href":"https:\/\/api.w.org\/{rel}","templated":true}]}}