{"id":118603,"date":"2017-08-02T10:19:03","date_gmt":"2017-08-02T10:19:03","guid":{"rendered":"https:\/\/p4p.test\/trixie-first-aid-kit"},"modified":"2026-03-25T11:58:24","modified_gmt":"2026-03-25T11:58:24","slug":"trixie-first-aid-kit","status":"publish","type":"product","link":"https:\/\/www.pharmacy4pets.nl\/be\/trixie-first-aid-kit","title":{"rendered":"Trixie First Aid Kit | Hond &#038; Kat"},"content":{"rendered":"<p>Trixie First Aid Kit voor Hond en Kat is ideaal om goed voorbereid te zijn bij verwondingen of ander letsel van uw huisdier. De tas bevat allerlei items die handig zijn bij noodgevallen en het verlenen van eerste hulp. De handige tas heeft een rits opening en bevat 12 producten en een handig boekje met waardevolle tips. De Trixie First Aid Kit is makkelijk mee te nemen, door middel van klitteband kan de tas makkelijk aan een riem of tas worden verbonden.<\/p>\n<p>Inhoud:<br \/>&#8211;&nbsp;&nbsp;&nbsp;&nbsp;&nbsp;&nbsp;&nbsp;&nbsp;&nbsp; 1 steriel wondcompres<br \/>&#8211;&nbsp;&nbsp;&nbsp;&nbsp;&nbsp;&nbsp;&nbsp;&nbsp;&nbsp; 1 rol verband, steriel<br \/>&#8211;&nbsp;&nbsp;&nbsp;&nbsp;&nbsp;&nbsp;&nbsp;&nbsp;&nbsp; 1 rol fixeerverband, steriel<br \/>&#8211;&nbsp;&nbsp;&nbsp;&nbsp;&nbsp;&nbsp;&nbsp;&nbsp;&nbsp; 1 rol leukotape<br \/>&#8211;&nbsp;&nbsp;&nbsp;&nbsp;&nbsp;&nbsp;&nbsp;&nbsp;&nbsp; 2 alcoholdoekjes<br \/>&#8211;&nbsp;&nbsp;&nbsp;&nbsp;&nbsp;&nbsp;&nbsp;&nbsp;&nbsp; 1 wegwerp spuit<br \/>&#8211;&nbsp;&nbsp;&nbsp;&nbsp;&nbsp;&nbsp;&nbsp;&nbsp;&nbsp; 1 pincet<br \/>&#8211;&nbsp;&nbsp;&nbsp;&nbsp;&nbsp;&nbsp;&nbsp;&nbsp;&nbsp; 1 paar latex handschoenen<br \/>&#8211;&nbsp;&nbsp;&nbsp;&nbsp;&nbsp;&nbsp;&nbsp;&nbsp;&nbsp; 1 vlooienkam<br \/>&#8211;&nbsp;&nbsp;&nbsp;&nbsp;&nbsp;&nbsp;&nbsp;&nbsp;&nbsp; 1 tekentang<br \/>&#8211;&nbsp;&nbsp;&nbsp;&nbsp;&nbsp;&nbsp;&nbsp;&nbsp;&nbsp; 1 muilband<br \/>&#8211;&nbsp;&nbsp;&nbsp;&nbsp;&nbsp;&nbsp;&nbsp;&nbsp;&nbsp; 1 boekje met tips<\/p>\n<p><span style=\"text-decoration: underline;\">Verpakking:<br \/><\/span>1 tas met 12 producten<\/p>\n","protected":false},"excerpt":{"rendered":"<p>Trixie First Aid Kit voor Hond en Kat is ideaal om goed voorbereid te zijn bij verwondingen of ander letsel van uw huisdier. De tas bevat allerlei items die handig zijn bij noodgevallen en het verlenen van eerste hulp. De handige tas heeft een rits opening en bevat 12 producten en een handig boekje met [&hellip;]<\/p>\n","protected":false},"featured_media":118601,"comment_status":"open","ping_status":"closed","template":"","meta":{"_acf_changed":false,"_nl_post_content":"<p>Trixie First Aid Kit voor Hond en Kat is ideaal om goed voorbereid te zijn bij verwondingen of ander letsel van uw huisdier. De tas bevat allerlei items die handig zijn bij noodgevallen en het verlenen van eerste hulp. De handige tas heeft een rits opening en bevat 12 producten en een handig boekje met waardevolle tips. De Trixie First Aid Kit is makkelijk mee te nemen, door middel van klitteband kan de tas makkelijk aan een riem of tas worden verbonden.<\/p>\r\n<p>Inhoud:<br \/>-&nbsp;&nbsp;&nbsp;&nbsp;&nbsp;&nbsp;&nbsp;&nbsp;&nbsp; 1 steriel wondcompres<br \/>-&nbsp;&nbsp;&nbsp;&nbsp;&nbsp;&nbsp;&nbsp;&nbsp;&nbsp; 1 rol verband, steriel<br \/>-&nbsp;&nbsp;&nbsp;&nbsp;&nbsp;&nbsp;&nbsp;&nbsp;&nbsp; 1 rol fixeerverband, steriel<br \/>-&nbsp;&nbsp;&nbsp;&nbsp;&nbsp;&nbsp;&nbsp;&nbsp;&nbsp; 1 rol leukotape<br \/>-&nbsp;&nbsp;&nbsp;&nbsp;&nbsp;&nbsp;&nbsp;&nbsp;&nbsp; 2 alcoholdoekjes<br \/>-&nbsp;&nbsp;&nbsp;&nbsp;&nbsp;&nbsp;&nbsp;&nbsp;&nbsp; 1 wegwerp spuit<br \/>-&nbsp;&nbsp;&nbsp;&nbsp;&nbsp;&nbsp;&nbsp;&nbsp;&nbsp; 1 pincet<br \/>-&nbsp;&nbsp;&nbsp;&nbsp;&nbsp;&nbsp;&nbsp;&nbsp;&nbsp; 1 paar latex handschoenen<br \/>-&nbsp;&nbsp;&nbsp;&nbsp;&nbsp;&nbsp;&nbsp;&nbsp;&nbsp; 1 vlooienkam<br \/>-&nbsp;&nbsp;&nbsp;&nbsp;&nbsp;&nbsp;&nbsp;&nbsp;&nbsp; 1 tekentang<br \/>-&nbsp;&nbsp;&nbsp;&nbsp;&nbsp;&nbsp;&nbsp;&nbsp;&nbsp; 1 muilband<br \/>-&nbsp;&nbsp;&nbsp;&nbsp;&nbsp;&nbsp;&nbsp;&nbsp;&nbsp; 1 boekje met tips<\/p>\r\n<p><span style=\"text-decoration: underline;\">Verpakking:<br \/><\/span>1 tas met 12 producten<\/p>","_nl_post_name":"trixie-first-aid-kit","_nl_post_excerpt":"","_nl_post_title":"Trixie First Aid Kit | Hond & Kat","_en_post_content":"<p>Trixie First Aid Kit for Cats and Dogs is ideal to be prepared for an injury or emergency for your pets. The medical bag contains items that will come in handy in case of an emergency to provide first aid. The handy bag has a zipper opening and contains 12 first aid products and a useful booklet with valuable tips. The Trixie First Aid Kit is easy to take along, it has Velcro for fixing to the waist belt.<\/p>\r\n<p>Content:<br \/>-&nbsp;&nbsp;&nbsp;&nbsp;&nbsp;&nbsp;&nbsp;&nbsp;&nbsp; 1 wound compress, sterile<br \/>-&nbsp;&nbsp;&nbsp;&nbsp;&nbsp;&nbsp;&nbsp;&nbsp;&nbsp; A bandage sterile<br \/>-&nbsp;&nbsp;&nbsp;&nbsp;&nbsp;&nbsp;&nbsp;&nbsp;&nbsp; 1 dressing pack, sterile<br \/>-&nbsp;&nbsp;&nbsp;&nbsp;&nbsp;&nbsp;&nbsp;&nbsp;&nbsp; 1 spool adhesive tape<br \/>-&nbsp;&nbsp;&nbsp;&nbsp;&nbsp;&nbsp;&nbsp;&nbsp;&nbsp; 2 alcohol swabs<br \/>-&nbsp;&nbsp;&nbsp;&nbsp;&nbsp;&nbsp;&nbsp;&nbsp;&nbsp; 1 disposable syringe, 20ml<br \/>-&nbsp;&nbsp;&nbsp;&nbsp;&nbsp;&nbsp;&nbsp;&nbsp;&nbsp; 1 pair of tweezers<br \/>-&nbsp;&nbsp;&nbsp;&nbsp;&nbsp;&nbsp;&nbsp;&nbsp;&nbsp; 1 pair of vinyl gloves<br \/>-&nbsp;&nbsp;&nbsp;&nbsp;&nbsp;&nbsp;&nbsp;&nbsp;&nbsp; 1 muzzle loop<br \/>-&nbsp;&nbsp;&nbsp;&nbsp;&nbsp;&nbsp;&nbsp;&nbsp;&nbsp; 1 flea comb<br \/>-&nbsp;&nbsp;&nbsp;&nbsp;&nbsp;&nbsp;&nbsp;&nbsp;&nbsp; 1 pair of tick tweezers<br \/>-&nbsp;&nbsp;&nbsp;&nbsp;&nbsp;&nbsp;&nbsp;&nbsp;&nbsp; Incl. booklet with valuable tips<\/p>\r\n<p><span style=\"text-decoration: underline;\">Package:<br \/><\/span>1 bag with 12 products&nbsp;<\/p>","_en_post_name":"trixie-first-aid-kit","_en_post_excerpt":"","_en_post_title":"Trixie First Aid Kit | Dog & Cat","_de_post_content":"<p>Trixie First Aid Kit f&uuml;r Hunde und Katze ist ideal, um gut vorbereitet zu sein, f&uuml;r Verletzungen oder Notfall des Tieres. Die Tasche enth&auml;lt viele Produkten, die in Notf&auml;llen und Erste-Hilfe n&uuml;tzlich sind. Die handliche Tasche hat einen Rei&szlig;verschluss und umfasst 12 Produkte und ein n&uuml;tzliches Heft mit wertvollen Tipps zur richtigen Erstversorgung. Tasche mit Klettverschluss z.B. zum Befestigen am G&uuml;rtel.<\/p>\r\n<p>Inhalt:<br \/>-&nbsp;&nbsp;&nbsp;&nbsp;&nbsp;&nbsp;&nbsp;&nbsp;&nbsp; 1 Wundkompresse, steril<br \/>-&nbsp;&nbsp;&nbsp;&nbsp;&nbsp;&nbsp;&nbsp;&nbsp;&nbsp; 1 Verbandp&auml;ckchen, steril<br \/>-&nbsp;&nbsp;&nbsp;&nbsp;&nbsp;&nbsp;&nbsp;&nbsp;&nbsp; 1 Fixierbinde, steril<br \/>-&nbsp;&nbsp;&nbsp;&nbsp;&nbsp;&nbsp;&nbsp;&nbsp;&nbsp; 1 Heftpflasterspule<br \/>-&nbsp;&nbsp;&nbsp;&nbsp;&nbsp;&nbsp;&nbsp;&nbsp;&nbsp; 2 Alkoholtupfer<br \/>-&nbsp;&nbsp;&nbsp;&nbsp;&nbsp;&nbsp;&nbsp;&nbsp;&nbsp; 1 Einwegspritze, 20 ml<br \/>-&nbsp;&nbsp;&nbsp;&nbsp;&nbsp;&nbsp;&nbsp;&nbsp;&nbsp; 1 Pinzette<br \/>-&nbsp;&nbsp;&nbsp;&nbsp;&nbsp;&nbsp;&nbsp;&nbsp;&nbsp; 1 Paar Vinylhandschuhe<br \/>-&nbsp;&nbsp;&nbsp;&nbsp;&nbsp;&nbsp;&nbsp;&nbsp;&nbsp; 1 Maulschlaufe<br \/>-&nbsp;&nbsp;&nbsp;&nbsp;&nbsp;&nbsp;&nbsp;&nbsp;&nbsp; 1 Floh- und L&auml;usekamm<br \/>-&nbsp;&nbsp;&nbsp;&nbsp;&nbsp;&nbsp;&nbsp;&nbsp;&nbsp; 1 Zeckenzange<br \/>-&nbsp;&nbsp;&nbsp;&nbsp;&nbsp;&nbsp;&nbsp;&nbsp;&nbsp; Inklusive Heft mit wertvollen Tipps zur richtigen Erstversorgung<\/p>\r\n<p><span style=\"text-decoration: underline;\">Verpackung:<br \/><\/span>1 Tasche mit 12 Produkten<\/p>","_de_post_name":"trixie-first-aid-kit","_de_post_excerpt":"","_de_post_title":"Trixie First Aid Kit | Hund & Katze","_fr_post_content":"<p>La trousse de secours de Trixie pour chiens et chats est parfaite pour \u00eatre bien pr\u00e9par\u00e9 en cas de blessures ou autres petits accidents de votre animal. Le sac contient differents articles utiles en cas d'urgence et pour donner les premiers soins. Cette trousse pratique a une ouverture zipp\u00e9e et contient 12 produits et un livret pratique avec de bons conseils. La trousse de premiers secours Trixie est facile \u00e0 transporter. Gr\u00e2ce \u00e0 un scratch, le sac peut \u00eatre facilement attach\u00e9 \u00e0 une ceinture ou \u00e0 un sac \u00e0 main.<\/p>\r\n<p>Contenu :<br \/>- 1 compresse st\u00e9rile pour les plaies<br \/>- 1 rouleau de bandage, st\u00e9rile<br \/>- 1 rouleau de bandage de fixation, st\u00e9rile<br \/>- 1 rouleau de ruban adh\u00e9sif<br \/>- 2 lingettes alcoolis\u00e9es<br \/>- 1 seringue jetable<br \/>- 1 paire de pinces \u00e0 \u00e9piler<br \/>- 1 paire de gants en latex<br \/>- 1 peigne \u00e0 puces<br \/>- 1 pince \u00e0 tique<br \/>- 1 museli\u00e8re<br \/>- 1 livret de conseils<\/p>\r\n<p>Emballage :<br \/>1 sac avec 12 produits<\/p>","_fr_post_name":"trixie-first-aid-kit","_fr_post_excerpt":"","_fr_post_title":"Trixie trousse de secours | Chien & chat ","_es_post_content":"<p>Trixie First Aid Kit para perros y gatos es ideal para estar bien preparado en caso de que su mascota se lesione o tenga alguna otra herida. La bolsa contiene todo tipo de art&iacute;culos que son &uacute;tiles en caso de emergencias y primeros auxilios. La bolsa pr&aacute;ctica con cremallera contiene 12 productos y un manual con consejos &uacute;tiles. El Botiqu&iacute;n Trixie First Aid es f&aacute;cil de llevar, por medio de un velcro la bolsa se puede sujetar f&aacute;cilmente a un cintur&oacute;n o a una bolsa.<\/p>\r\n<p>Contenido:<br \/>-&nbsp;&nbsp;&nbsp;&nbsp;&nbsp;&nbsp;&nbsp;&nbsp;&nbsp; 1 vendaje est&eacute;ril para una herida<br \/>-&nbsp;&nbsp;&nbsp;&nbsp;&nbsp;&nbsp;&nbsp;&nbsp;&nbsp; 1 vendaje en rollo, est&eacute;ril<br \/>-&nbsp;&nbsp;&nbsp;&nbsp;&nbsp;&nbsp;&nbsp;&nbsp;&nbsp; 1 vendaje de fijaci&oacute;n en rollo , est&eacute;ril<br \/>-&nbsp;&nbsp;&nbsp;&nbsp;&nbsp;&nbsp;&nbsp;&nbsp;&nbsp; 1 cinta de primeros auxilios<br \/>-&nbsp;&nbsp;&nbsp;&nbsp;&nbsp;&nbsp;&nbsp;&nbsp;&nbsp; 2 toallitas con alcohol<br \/>-&nbsp;&nbsp;&nbsp;&nbsp;&nbsp;&nbsp;&nbsp;&nbsp;&nbsp; 1 jeringa desechable<br \/>-&nbsp;&nbsp;&nbsp;&nbsp;&nbsp;&nbsp;&nbsp;&nbsp;&nbsp; 1 pinza<br \/>-&nbsp;&nbsp;&nbsp;&nbsp;&nbsp;&nbsp;&nbsp;&nbsp;&nbsp; 1 par de guantes de l&aacute;tex<br \/>-&nbsp;&nbsp;&nbsp;&nbsp;&nbsp;&nbsp;&nbsp;&nbsp;&nbsp; 1 peine antipulgas<br \/>-&nbsp;&nbsp;&nbsp;&nbsp;&nbsp;&nbsp;&nbsp;&nbsp;&nbsp; 1 pinza para quitar garrapatas<br \/>-&nbsp;&nbsp;&nbsp;&nbsp;&nbsp;&nbsp;&nbsp;&nbsp;&nbsp; 1 bozal<br \/>-&nbsp;&nbsp;&nbsp;&nbsp;&nbsp;&nbsp;&nbsp;&nbsp;&nbsp; 1 manual con consejos<\/p>\r\n<p><span style=\"text-decoration: underline;\">Embalaje:<br \/><\/span>1 bolsa con 12 piezas<\/p>","_es_post_name":"trixie-first-aid-kit","_es_post_excerpt":"","_es_post_title":"Trixie First Aid Kit | Perros & Gatos","edit_language":"nl"},"product_brand":[],"product_cat":[2209,1891,1861,2210,1892,1862,1117,1118,1857,2177,1959,2211],"product_tag":[],"class_list":{"0":"post-118603","1":"product","2":"type-product","3":"status-publish","4":"has-post-thumbnail","6":"product_cat-puppy-benodigdheden","7":"product_cat-benodigdheden","9":"product_cat-ehbo","12":"product_cat-honden","13":"product_cat-katten","14":"product_cat-merken","15":"product_cat-puppy","16":"product_cat-trixie","17":"product_cat-verzorging","18":"pa_aandoening-wond_ehbo","19":"pa_doeldier-hond","20":"pa_doeldier-kat","21":"pa_fabricatieland-duitsland","22":"pa_merkfilter-trixie","23":"pa_merkgroep-trixie","24":"pa_productsoort-overig","25":"pa_seo_canonical_store_id-not_found_value","26":"pa_seo_category-not_found_value","27":"pa_seo_meta_robots-not_found_value","28":"pa_toedieningswijze-ehbokit","29":"pa_unit_pricing_base_measure-1ct","30":"pa_unit_pricing_measure-1ct","31":"pa_werkzamestof-overig","33":"first","34":"instock","35":"taxable","36":"shipping-taxable","37":"purchasable","38":"product-type-simple"},"yoast_head":"<!-- This site is optimized with the Yoast SEO plugin v27.5 - https:\/\/yoast.com\/product\/yoast-seo-wordpress\/ -->\n<title>Trixie First Aid Kit | Dieren EHBO | Hond &amp; Kat<\/title>\n<meta name=\"description\" content=\"Trixie First Aid Kit voor Hond en Kat is ideaal om goed voorbereid te zijn bij verwondingen of ander letsel van uw huisdier. Bevat 12 EHBO-producten.\" \/>\n<meta name=\"robots\" content=\"index, follow, max-snippet:-1, max-image-preview:large, max-video-preview:-1\" \/>\n<link rel=\"canonical\" href=\"https:\/\/www.pharmacy4pets.nl\/trixie-first-aid-kit\" \/>\n<meta property=\"og:locale\" content=\"nl_NL\" \/>\n<meta property=\"og:type\" content=\"article\" \/>\n<meta property=\"og:title\" content=\"Trixie First Aid Kit | Dieren EHBO | Hond &amp; Kat\" \/>\n<meta property=\"og:description\" content=\"Trixie First Aid Kit voor Hond en Kat is ideaal om goed voorbereid te zijn bij verwondingen of ander letsel van uw huisdier. Bevat 12 EHBO-producten.\" \/>\n<meta property=\"og:url\" content=\"https:\/\/www.pharmacy4pets.nl\/trixie-first-aid-kit\" \/>\n<meta property=\"og:site_name\" content=\"Pharmacy4pets\" \/>\n<meta property=\"article:publisher\" content=\"https:\/\/www.facebook.com\/people\/Pharmacy4petsnl\/100063484989896\/\" \/>\n<meta property=\"article:modified_time\" content=\"2026-03-25T11:58:24+00:00\" \/>\n<meta property=\"og:image\" content=\"https:\/\/www.pharmacy4pets.nl\/wp-content\/uploads\/2017\/08\/Trixie_First_Aid_Kit_2.jpg\" \/>\n\t<meta property=\"og:image:width\" content=\"800\" \/>\n\t<meta property=\"og:image:height\" content=\"800\" \/>\n\t<meta property=\"og:image:type\" content=\"image\/jpeg\" \/>\n<meta name=\"twitter:card\" content=\"summary_large_image\" \/>\n<meta name=\"twitter:label1\" content=\"Geschatte leestijd\" \/>\n\t<meta name=\"twitter:data1\" content=\"1 minuut\" \/>\n<script type=\"application\/ld+json\" class=\"yoast-schema-graph\">{\"@context\":\"https:\\\/\\\/schema.org\",\"@graph\":[{\"@type\":\"WebPage\",\"@id\":\"https:\\\/\\\/www.pharmacy4pets.nl\\\/trixie-first-aid-kit\",\"url\":\"https:\\\/\\\/www.pharmacy4pets.nl\\\/trixie-first-aid-kit\",\"name\":\"Trixie First Aid Kit | Dieren EHBO | Hond & Kat\",\"isPartOf\":{\"@id\":\"http:\\\/\\\/www.pharmacy4pets.nl\\\/#website\"},\"primaryImageOfPage\":{\"@id\":\"https:\\\/\\\/www.pharmacy4pets.nl\\\/trixie-first-aid-kit#primaryimage\"},\"image\":{\"@id\":\"https:\\\/\\\/www.pharmacy4pets.nl\\\/trixie-first-aid-kit#primaryimage\"},\"thumbnailUrl\":\"https:\\\/\\\/www.pharmacy4pets.nl\\\/wp-content\\\/uploads\\\/2017\\\/08\\\/Trixie_First_Aid_Kit_2.jpg\",\"datePublished\":\"2017-08-02T10:19:03+00:00\",\"dateModified\":\"2026-03-25T11:58:24+00:00\",\"description\":\"Trixie First Aid Kit voor Hond en Kat is ideaal om goed voorbereid te zijn bij verwondingen of ander letsel van uw huisdier. Bevat 12 EHBO-producten.\",\"breadcrumb\":{\"@id\":\"https:\\\/\\\/www.pharmacy4pets.nl\\\/trixie-first-aid-kit#breadcrumb\"},\"inLanguage\":\"nl-NL\",\"potentialAction\":[{\"@type\":\"ReadAction\",\"target\":[\"https:\\\/\\\/www.pharmacy4pets.nl\\\/trixie-first-aid-kit\"]}]},{\"@type\":\"ImageObject\",\"inLanguage\":\"nl-NL\",\"@id\":\"https:\\\/\\\/www.pharmacy4pets.nl\\\/trixie-first-aid-kit#primaryimage\",\"url\":\"https:\\\/\\\/www.pharmacy4pets.nl\\\/wp-content\\\/uploads\\\/2017\\\/08\\\/Trixie_First_Aid_Kit_2.jpg\",\"contentUrl\":\"https:\\\/\\\/www.pharmacy4pets.nl\\\/wp-content\\\/uploads\\\/2017\\\/08\\\/Trixie_First_Aid_Kit_2.jpg\",\"width\":800,\"height\":800,\"caption\":\"Trixie First Aid Kit | Hond & Kat -0\"},{\"@type\":\"BreadcrumbList\",\"@id\":\"https:\\\/\\\/www.pharmacy4pets.nl\\\/trixie-first-aid-kit#breadcrumb\",\"itemListElement\":[{\"@type\":\"ListItem\",\"position\":1,\"name\":\"Home\",\"item\":\"https:\\\/\\\/p4p-nl.bootmine.com\\\/\"},{\"@type\":\"ListItem\",\"position\":2,\"name\":\"Winkel\",\"item\":\"https:\\\/\\\/p4p-nl.bootmine.com\\\/winkel\"},{\"@type\":\"ListItem\",\"position\":3,\"name\":\"Trixie First Aid Kit | Hond &#038; Kat\"}]},{\"@type\":\"WebSite\",\"@id\":\"http:\\\/\\\/www.pharmacy4pets.nl\\\/#website\",\"url\":\"http:\\\/\\\/www.pharmacy4pets.nl\\\/\",\"name\":\"Pharmacy4pets\",\"description\":\"Pharmacy4pets.nl is d\u00e9 online apotheek waar u terecht kunt voor alle diergeneesmiddelen, verzorgingsproducten en dieetvoeding voor uw huisdier.\",\"publisher\":{\"@id\":\"http:\\\/\\\/www.pharmacy4pets.nl\\\/#organization\"},\"potentialAction\":[{\"@type\":\"SearchAction\",\"target\":{\"@type\":\"EntryPoint\",\"urlTemplate\":\"http:\\\/\\\/www.pharmacy4pets.nl\\\/?s={search_term_string}\"},\"query-input\":{\"@type\":\"PropertyValueSpecification\",\"valueRequired\":true,\"valueName\":\"search_term_string\"}}],\"inLanguage\":\"nl-NL\"},{\"@type\":\"Organization\",\"@id\":\"http:\\\/\\\/www.pharmacy4pets.nl\\\/#organization\",\"name\":\"Pharmacy4pets\",\"url\":\"http:\\\/\\\/www.pharmacy4pets.nl\\\/\",\"logo\":{\"@type\":\"ImageObject\",\"inLanguage\":\"nl-NL\",\"@id\":\"http:\\\/\\\/www.pharmacy4pets.nl\\\/#\\\/schema\\\/logo\\\/image\\\/\",\"url\":\"https:\\\/\\\/p4p-nl.bootmine.com\\\/wp-content\\\/uploads\\\/2026\\\/03\\\/logo-pharmacy4pets.png\",\"contentUrl\":\"https:\\\/\\\/p4p-nl.bootmine.com\\\/wp-content\\\/uploads\\\/2026\\\/03\\\/logo-pharmacy4pets.png\",\"width\":1024,\"height\":135,\"caption\":\"Pharmacy4pets\"},\"image\":{\"@id\":\"http:\\\/\\\/www.pharmacy4pets.nl\\\/#\\\/schema\\\/logo\\\/image\\\/\"},\"sameAs\":[\"https:\\\/\\\/www.facebook.com\\\/people\\\/Pharmacy4petsnl\\\/100063484989896\\\/\",\"https:\\\/\\\/www.youtube.com\\\/channel\\\/UCGPTIgucgli03tP2_kvLkHg\\\/featured\",\"https:\\\/\\\/www.instagram.com\\\/pharmacy4pets.nl\"]}]}<\/script>\n<!-- \/ Yoast SEO plugin. -->","yoast_head_json":{"title":"Trixie First Aid Kit | Dieren EHBO | Hond & Kat","description":"Trixie First Aid Kit voor Hond en Kat is ideaal om goed voorbereid te zijn bij verwondingen of ander letsel van uw huisdier. Bevat 12 EHBO-producten.","robots":{"index":"index","follow":"follow","max-snippet":"max-snippet:-1","max-image-preview":"max-image-preview:large","max-video-preview":"max-video-preview:-1"},"canonical":"https:\/\/www.pharmacy4pets.nl\/trixie-first-aid-kit","og_locale":"nl_NL","og_type":"article","og_title":"Trixie First Aid Kit | Dieren EHBO | Hond & Kat","og_description":"Trixie First Aid Kit voor Hond en Kat is ideaal om goed voorbereid te zijn bij verwondingen of ander letsel van uw huisdier. Bevat 12 EHBO-producten.","og_url":"https:\/\/www.pharmacy4pets.nl\/trixie-first-aid-kit","og_site_name":"Pharmacy4pets","article_publisher":"https:\/\/www.facebook.com\/people\/Pharmacy4petsnl\/100063484989896\/","article_modified_time":"2026-03-25T11:58:24+00:00","og_image":[{"width":800,"height":800,"url":"https:\/\/www.pharmacy4pets.nl\/wp-content\/uploads\/2017\/08\/Trixie_First_Aid_Kit_2.jpg","type":"image\/jpeg"}],"twitter_card":"summary_large_image","twitter_misc":{"Geschatte leestijd":"1 minuut"},"schema":{"@context":"https:\/\/schema.org","@graph":[{"@type":"WebPage","@id":"https:\/\/www.pharmacy4pets.nl\/trixie-first-aid-kit","url":"https:\/\/www.pharmacy4pets.nl\/trixie-first-aid-kit","name":"Trixie First Aid Kit | Dieren EHBO | Hond & Kat","isPartOf":{"@id":"http:\/\/www.pharmacy4pets.nl\/#website"},"primaryImageOfPage":{"@id":"https:\/\/www.pharmacy4pets.nl\/trixie-first-aid-kit#primaryimage"},"image":{"@id":"https:\/\/www.pharmacy4pets.nl\/trixie-first-aid-kit#primaryimage"},"thumbnailUrl":"https:\/\/www.pharmacy4pets.nl\/wp-content\/uploads\/2017\/08\/Trixie_First_Aid_Kit_2.jpg","datePublished":"2017-08-02T10:19:03+00:00","dateModified":"2026-03-25T11:58:24+00:00","description":"Trixie First Aid Kit voor Hond en Kat is ideaal om goed voorbereid te zijn bij verwondingen of ander letsel van uw huisdier. Bevat 12 EHBO-producten.","breadcrumb":{"@id":"https:\/\/www.pharmacy4pets.nl\/trixie-first-aid-kit#breadcrumb"},"inLanguage":"nl-NL","potentialAction":[{"@type":"ReadAction","target":["https:\/\/www.pharmacy4pets.nl\/trixie-first-aid-kit"]}]},{"@type":"ImageObject","inLanguage":"nl-NL","@id":"https:\/\/www.pharmacy4pets.nl\/trixie-first-aid-kit#primaryimage","url":"https:\/\/www.pharmacy4pets.nl\/wp-content\/uploads\/2017\/08\/Trixie_First_Aid_Kit_2.jpg","contentUrl":"https:\/\/www.pharmacy4pets.nl\/wp-content\/uploads\/2017\/08\/Trixie_First_Aid_Kit_2.jpg","width":800,"height":800,"caption":"Trixie First Aid Kit | Hond & Kat -0"},{"@type":"BreadcrumbList","@id":"https:\/\/www.pharmacy4pets.nl\/trixie-first-aid-kit#breadcrumb","itemListElement":[{"@type":"ListItem","position":1,"name":"Home","item":"https:\/\/p4p-nl.bootmine.com\/"},{"@type":"ListItem","position":2,"name":"Winkel","item":"https:\/\/p4p-nl.bootmine.com\/winkel"},{"@type":"ListItem","position":3,"name":"Trixie First Aid Kit | Hond &#038; Kat"}]},{"@type":"WebSite","@id":"http:\/\/www.pharmacy4pets.nl\/#website","url":"http:\/\/www.pharmacy4pets.nl\/","name":"Pharmacy4pets","description":"Pharmacy4pets.nl is d\u00e9 online apotheek waar u terecht kunt voor alle diergeneesmiddelen, verzorgingsproducten en dieetvoeding voor uw huisdier.","publisher":{"@id":"http:\/\/www.pharmacy4pets.nl\/#organization"},"potentialAction":[{"@type":"SearchAction","target":{"@type":"EntryPoint","urlTemplate":"http:\/\/www.pharmacy4pets.nl\/?s={search_term_string}"},"query-input":{"@type":"PropertyValueSpecification","valueRequired":true,"valueName":"search_term_string"}}],"inLanguage":"nl-NL"},{"@type":"Organization","@id":"http:\/\/www.pharmacy4pets.nl\/#organization","name":"Pharmacy4pets","url":"http:\/\/www.pharmacy4pets.nl\/","logo":{"@type":"ImageObject","inLanguage":"nl-NL","@id":"http:\/\/www.pharmacy4pets.nl\/#\/schema\/logo\/image\/","url":"https:\/\/p4p-nl.bootmine.com\/wp-content\/uploads\/2026\/03\/logo-pharmacy4pets.png","contentUrl":"https:\/\/p4p-nl.bootmine.com\/wp-content\/uploads\/2026\/03\/logo-pharmacy4pets.png","width":1024,"height":135,"caption":"Pharmacy4pets"},"image":{"@id":"http:\/\/www.pharmacy4pets.nl\/#\/schema\/logo\/image\/"},"sameAs":["https:\/\/www.facebook.com\/people\/Pharmacy4petsnl\/100063484989896\/","https:\/\/www.youtube.com\/channel\/UCGPTIgucgli03tP2_kvLkHg\/featured","https:\/\/www.instagram.com\/pharmacy4pets.nl"]}]}},"market_data":{"nl":{"price":0,"sale_price":0,"active":false,"url":null,"parent_url":"","tax_rate":0,"price_inc_tax":0,"sale_price_inc_tax":0},"de":{"price":0,"sale_price":0,"active":false,"url":null,"parent_url":"","tax_rate":0,"price_inc_tax":0,"sale_price_inc_tax":0},"be":{"price":0,"sale_price":0,"active":false,"url":null,"parent_url":"","tax_rate":0,"price_inc_tax":0,"sale_price_inc_tax":0},"fr":{"price":0,"sale_price":0,"active":false,"url":null,"parent_url":"","tax_rate":0,"price_inc_tax":0,"sale_price_inc_tax":0},"ch":{"price":0,"sale_price":0,"active":false,"url":null,"parent_url":"","tax_rate":0,"price_inc_tax":0,"sale_price_inc_tax":0},"at":{"price":0,"sale_price":0,"active":false,"url":null,"parent_url":"","tax_rate":0,"price_inc_tax":0,"sale_price_inc_tax":0},"es":{"price":0,"sale_price":0,"active":false,"url":null,"parent_url":"","tax_rate":0,"price_inc_tax":0,"sale_price_inc_tax":0},"dk":{"price":0,"sale_price":0,"active":false,"url":null,"parent_url":"","tax_rate":0,"price_inc_tax":0,"sale_price_inc_tax":0},"com":{"price":0,"sale_price":0,"active":false,"url":null,"parent_url":"","tax_rate":0,"price_inc_tax":0,"sale_price_inc_tax":0}},"market_nl_price":0,"market_nl_sale_price":0,"market_nl_active":false,"market_nl_url":null,"market_nl_parent_url":"","market_nl_tax_rate":0,"market_nl_price_inc_tax":0,"market_nl_sale_price_inc_tax":0,"market_de_price":0,"market_de_sale_price":0,"market_de_active":false,"market_de_url":null,"market_de_parent_url":"","market_de_tax_rate":0,"market_de_price_inc_tax":0,"market_de_sale_price_inc_tax":0,"market_be_price":0,"market_be_sale_price":0,"market_be_active":false,"market_be_url":null,"market_be_parent_url":"","market_be_tax_rate":0,"market_be_price_inc_tax":0,"market_be_sale_price_inc_tax":0,"market_fr_price":0,"market_fr_sale_price":0,"market_fr_active":false,"market_fr_url":null,"market_fr_parent_url":"","market_fr_tax_rate":0,"market_fr_price_inc_tax":0,"market_fr_sale_price_inc_tax":0,"market_ch_price":0,"market_ch_sale_price":0,"market_ch_active":false,"market_ch_url":null,"market_ch_parent_url":"","market_ch_tax_rate":0,"market_ch_price_inc_tax":0,"market_ch_sale_price_inc_tax":0,"market_at_price":0,"market_at_sale_price":0,"market_at_active":false,"market_at_url":null,"market_at_parent_url":"","market_at_tax_rate":0,"market_at_price_inc_tax":0,"market_at_sale_price_inc_tax":0,"market_es_price":0,"market_es_sale_price":0,"market_es_active":false,"market_es_url":null,"market_es_parent_url":"","market_es_tax_rate":0,"market_es_price_inc_tax":0,"market_es_sale_price_inc_tax":0,"market_dk_price":0,"market_dk_sale_price":0,"market_dk_active":false,"market_dk_url":null,"market_dk_parent_url":"","market_dk_tax_rate":0,"market_dk_price_inc_tax":0,"market_dk_sale_price_inc_tax":0,"market_com_price":0,"market_com_sale_price":0,"market_com_active":false,"market_com_url":null,"market_com_parent_url":"","market_com_tax_rate":0,"market_com_price_inc_tax":0,"market_com_sale_price_inc_tax":0,"acf":[],"_links":{"self":[{"href":"https:\/\/www.pharmacy4pets.nl\/be\/wp-json\/wp\/v2\/product\/118603","targetHints":{"allow":["GET"]}}],"collection":[{"href":"https:\/\/www.pharmacy4pets.nl\/be\/wp-json\/wp\/v2\/product"}],"about":[{"href":"https:\/\/www.pharmacy4pets.nl\/be\/wp-json\/wp\/v2\/types\/product"}],"replies":[{"embeddable":true,"href":"https:\/\/www.pharmacy4pets.nl\/be\/wp-json\/wp\/v2\/comments?post=118603"}],"wp:featuredmedia":[{"embeddable":true,"href":"https:\/\/www.pharmacy4pets.nl\/be\/wp-json\/wp\/v2\/media\/118601"}],"wp:attachment":[{"href":"https:\/\/www.pharmacy4pets.nl\/be\/wp-json\/wp\/v2\/media?parent=118603"}],"wp:term":[{"taxonomy":"product_brand","embeddable":true,"href":"https:\/\/www.pharmacy4pets.nl\/be\/wp-json\/wp\/v2\/product_brand?post=118603"},{"taxonomy":"product_cat","embeddable":true,"href":"https:\/\/www.pharmacy4pets.nl\/be\/wp-json\/wp\/v2\/product_cat?post=118603"},{"taxonomy":"product_tag","embeddable":true,"href":"https:\/\/www.pharmacy4pets.nl\/be\/wp-json\/wp\/v2\/product_tag?post=118603"}],"curies":[{"name":"wp","href":"https:\/\/api.w.org\/{rel}","templated":true}]}}