{"id":118596,"date":"2017-07-28T07:12:34","date_gmt":"2017-07-28T07:12:34","guid":{"rendered":"https:\/\/p4p.test\/fendigo-ocryl-lotion"},"modified":"2026-04-14T08:02:53","modified_gmt":"2026-04-14T08:02:53","slug":"fendigo-ocryl-lotion","status":"publish","type":"product","link":"https:\/\/www.pharmacy4pets.nl\/be\/fendigo-ocryl-lotion","title":{"rendered":"Ocryl lotion | 135 ml"},"content":{"rendered":"<p>Ocryl Lotion van het merk Fendigo is een steriele lotion voor het reinigen van de ogen van uw huisdier. Deze lotion is speciaal ontwikkeld voor de gevoelige huid rondom de ogen en de ogen zelf. De pH-waarde is gelijk aan de pH-waarde van het traanvocht, waardoor het product goed verdragen word. Ocryl Lotion verwijdert effectief vuil, stof, korsten en andere irritaties.<\/p>\n<p>Geschikt voor honden, katten, konijnen, knaagdieren, paarden en reptielen.<\/p>\n<p><span style=\"text-decoration: underline;\">Toediening:<br \/><\/span>Ocryl Lotion direct in het oog druppelen of aanbrengen door middel van een wattenschijfje of doekje<br \/>2-3 maal per week gebruiken, indien nodig kan het dagelijks gebruikt worden<\/p>\n<p><span style=\"text-decoration: underline;\">Dosering:<\/span><\/p>\n<p><span style=\"text-decoration: underline;\">Verpakking:<br \/><\/span>Fles &agrave; 135 ml<\/p>\n","protected":false},"excerpt":{"rendered":"<p>Ocryl Lotion van het merk Fendigo is een steriele lotion voor het reinigen van de ogen van uw huisdier. Deze lotion is speciaal ontwikkeld voor de gevoelige huid rondom de ogen en de ogen zelf. De pH-waarde is gelijk aan de pH-waarde van het traanvocht, waardoor het product goed verdragen word. Ocryl Lotion verwijdert effectief [&hellip;]<\/p>\n","protected":false},"featured_media":118595,"comment_status":"open","ping_status":"closed","template":"","meta":{"_acf_changed":false,"_nl_post_content":"<p>Ocryl Lotion van het merk Fendigo is een steriele lotion voor het reinigen van de ogen van uw huisdier. Deze lotion is speciaal ontwikkeld voor de gevoelige huid rondom de ogen en de ogen zelf. De pH-waarde is gelijk aan de pH-waarde van het traanvocht, waardoor het product goed verdragen word. Ocryl Lotion verwijdert effectief vuil, stof, korsten en andere irritaties.<\/p>\r\n<p>Geschikt voor honden, katten, konijnen, knaagdieren, paarden en reptielen.<\/p>\r\n<p><span style=\"text-decoration: underline;\">Toediening:<br \/><\/span>Ocryl Lotion direct in het oog druppelen of aanbrengen door middel van een wattenschijfje of doekje<br \/>2-3 maal per week gebruiken, indien nodig kan het dagelijks gebruikt worden<\/p>\r\n<p><span style=\"text-decoration: underline;\">Dosering:<\/span><\/p>\r\n<p><span style=\"text-decoration: underline;\">Verpakking:<br \/><\/span>Fles &agrave; 135 ml<\/p>","_nl_post_name":"fendigo-ocryl-lotion","_nl_post_excerpt":"","_nl_post_title":"Ocryl lotion | 135 ml","_en_post_content":"<p>Ocryl Lotion is a sterile lotion for cleaning your pet&rsquo;s eyes. This lotion is specially developed for the sensitive skin around the eyes and the eyes themselves. The pH-value of the lotion is equal to the pH-value of your pet&rsquo;s tear, which makes the product well tolerated. Ocryl Lotion effectively removes dirt, dust, crusts and other irritations.<\/p>\r\n<p>Suitable for dogs, cats, rabbits, rodents, horses and reptiles.<\/p>\r\n<p><span style=\"text-decoration: underline;\">Administration:<br \/><\/span>Drop Ocryl Lotion directly into the eye or apply it with a cotton pad or cloth<br \/>Use 2-3 times a week (If necessary, it can be used daily)<\/p>\r\n<p><span style=\"text-decoration: underline;\">Dosage:<\/span><\/p>\r\n<p><span style=\"text-decoration: underline;\">Package:<br \/><\/span>Bottle 135 ml<\/p>","_en_post_name":"fendigo-ocryl-lotion","_en_post_excerpt":"","_en_post_title":"Ocryl lotion | 135 ml","_de_post_content":"<p>Ocryl Lotion ist eine sterile L&ouml;sung zur Reinigung der Augen Ihres Tieres. Diese Lotion ist speziell f&uuml;r die Reinigung der Augen und die Augenpartie. Der pH-Wert dieser Fl&uuml;ssigkeit ist identisch mit dem der Tr&auml;nen. Dar&uuml;ber hinaus ist Ocryl gut vertr&auml;glich. Ocryl Lotion entfernt effektiv Schmutz, Staub, Krusten und andere Irritationen.<\/p>\r\n<p>Geeignet f&uuml;r Hunde, Katzen, Kaninchen, Nagetiere, Pferde und Reptlien.<\/p>\r\n<p><span style=\"text-decoration: underline;\">Anwendung:<br \/><\/span>Tr&ouml;pfeln Sie die Fl&uuml;ssigkeit vorsichtig auf das Auge oder verwenden Sie eine Tuch<br \/>2-3 mal pro Woche (falls n&ouml;tig, kann t&auml;glich verwendet werden)<\/p>\r\n<p><span style=\"text-decoration: underline;\">Dosierung:<\/span><\/p>\r\n<p><span style=\"text-decoration: underline;\">Verpackung:<br \/><\/span>Flasche 135 ml<\/p>","_de_post_name":"fendigo-ocryl-lotion","_de_post_excerpt":"","_de_post_title":"Ocryl lotion | 135 ml","_fr_post_content":"<p>La lotion Ocryl de la marque Fendigo est une lotion st&eacute;rile pour le nettoyage des yeux de votre animal de compagnie. Cette lotion est con&ccedil;u sp&eacute;cialement pour la peau sensible autour des yeux et des yeux. La valeur ph est la m&ecirc;me que la valeur ph du liquide lacrymal, ce qui fait que le produit se tol&egrave;re bien. La lotion Ocryl &eacute;limine efficassement les salet&eacute;s, les croutes et autres irritations.<\/p>\r\n<p><br \/>Convient pour les chiens, les chats, les lapins, les rongeurs, les chevaux et les reptiles.<\/p>\r\n<p><br \/><strong>Administration : <\/strong><br \/>La lotion Ocryl s&rsquo;applique directement dans les yeux goutte &agrave; goutte ou en appliquant la lotion sur un cotton ou un tissu.<br \/>Utiliser 2 &agrave; 3 fois par semaine, si n&eacute;cessaire peut s&rsquo;utiliser quotidiennement<\/p>\r\n<p><br \/><strong>Emballage :<\/strong><br \/>Bouteille de 135ml<br \/><br \/><\/p>","_fr_post_name":"fendigo-ocryl-lotion","_fr_post_excerpt":"","_fr_post_title":"Ocryl lotion | 135 ml","_es_post_content":"<p>Ocryl loci\u00f3n de Fendigo es una loci\u00f3n est\u00e9ril para limpiar los ojos de su mascota. Este limpiador de ojos ha sido especialmente desarrollada para la piel sensible alrededor de los ojos y los ojos mismos. El valor de pH es igual al valor de pH del l\u00edquido lagrimal, por lo que el producto es bien tolerado. Ocryl loci\u00f3n elimina eficazmente la suciedad, el polvo, las costras y otras irritaciones.<\/p>\r\n<p>Apto para perros, gatos, conejos, roedores, caballos y reptiles.<\/p>\r\n<p><span style=\"text-decoration: underline;\">Administraci\u00f3n:<\/span><br \/>Deje caer la loci\u00f3n Ocryl directamente en el ojo o apl\u00edquela con un algod\u00f3n o un pa\u00f1o.<br \/>Use 2-3 veces a la semana, puede usarse diariamente si es necesario.<\/p>\r\n<p><span style=\"text-decoration: underline;\">Embalaje:<\/span><br \/>Botella de 135 ml.<\/p>","_es_post_name":"fendigo-ocryl-locion","_es_post_excerpt":"","_es_post_title":"Ocryl loci\u00f3n 135 ml","edit_language":"nl"},"product_brand":[],"product_cat":[1117,1118,1839,1871,1857,2068,1881,1850],"product_tag":[],"class_list":{"0":"post-118596","1":"product","2":"type-product","3":"status-publish","4":"has-post-thumbnail","6":"product_cat-honden","7":"product_cat-katten","8":"product_cat-medicijnen-supplementen","10":"product_cat-merken","11":"product_cat-ocryl","12":"product_cat-ogen","14":"pa_aandoening-ogen_oren","15":"pa_doeldier-hond","16":"pa_doeldier-kat","17":"pa_fabricatieland-belgie","18":"pa_merkfilter-ocryl","19":"pa_merkgroep-fendigo","20":"pa_productsoort-overig","21":"pa_seo_canonical_store_id-not_found_value","22":"pa_seo_category-not_found_value","23":"pa_seo_meta_robots-not_found_value","24":"pa_toedieningswijze-oogreiniger","25":"pa_unit_pricing_base_measure-100g","26":"pa_unit_pricing_measure-135g","27":"pa_werkzamestof-overig","29":"first","30":"instock","31":"taxable","32":"shipping-taxable","33":"purchasable","34":"product-type-simple"},"yoast_head":"<!-- This site is optimized with the Yoast SEO plugin v27.5 - https:\/\/yoast.com\/product\/yoast-seo-wordpress\/ -->\n<title>Ocryl Lotion | Oogreiniging huisdier<\/title>\n<meta name=\"description\" content=\"Ocryl Lotion is een steriele lotion voor het reinigen van de ogen van uw huisdier. Geschikt voor honden, katten, konijnen, knaagdieren, paarden en reptielen.\" \/>\n<meta name=\"robots\" content=\"index, follow, max-snippet:-1, max-image-preview:large, max-video-preview:-1\" \/>\n<link rel=\"canonical\" href=\"https:\/\/www.pharmacy4pets.nl\/fendigo-ocryl-lotion\" \/>\n<meta property=\"og:locale\" content=\"nl_NL\" \/>\n<meta property=\"og:type\" content=\"article\" \/>\n<meta property=\"og:title\" content=\"Ocryl Lotion | Oogreiniging huisdier\" \/>\n<meta property=\"og:description\" content=\"Ocryl Lotion is een steriele lotion voor het reinigen van de ogen van uw huisdier. Geschikt voor honden, katten, konijnen, knaagdieren, paarden en reptielen.\" \/>\n<meta property=\"og:url\" content=\"https:\/\/www.pharmacy4pets.nl\/fendigo-ocryl-lotion\" \/>\n<meta property=\"og:site_name\" content=\"Pharmacy4pets\" \/>\n<meta property=\"article:publisher\" content=\"https:\/\/www.facebook.com\/people\/Pharmacy4petsnl\/100063484989896\/\" \/>\n<meta property=\"article:modified_time\" content=\"2026-04-14T08:02:53+00:00\" \/>\n<meta property=\"og:image\" content=\"https:\/\/www.pharmacy4pets.nl\/wp-content\/uploads\/2017\/07\/22853.jpg\" \/>\n\t<meta property=\"og:image:width\" content=\"258\" \/>\n\t<meta property=\"og:image:height\" content=\"317\" \/>\n\t<meta property=\"og:image:type\" content=\"image\/jpeg\" \/>\n<meta name=\"twitter:card\" content=\"summary_large_image\" \/>\n<meta name=\"twitter:label1\" content=\"Geschatte leestijd\" \/>\n\t<meta name=\"twitter:data1\" content=\"1 minuut\" \/>\n<script type=\"application\/ld+json\" class=\"yoast-schema-graph\">{\"@context\":\"https:\\\/\\\/schema.org\",\"@graph\":[{\"@type\":\"WebPage\",\"@id\":\"https:\\\/\\\/www.pharmacy4pets.nl\\\/fendigo-ocryl-lotion\",\"url\":\"https:\\\/\\\/www.pharmacy4pets.nl\\\/fendigo-ocryl-lotion\",\"name\":\"Ocryl Lotion | Oogreiniging huisdier\",\"isPartOf\":{\"@id\":\"http:\\\/\\\/www.pharmacy4pets.nl\\\/#website\"},\"primaryImageOfPage\":{\"@id\":\"https:\\\/\\\/www.pharmacy4pets.nl\\\/fendigo-ocryl-lotion#primaryimage\"},\"image\":{\"@id\":\"https:\\\/\\\/www.pharmacy4pets.nl\\\/fendigo-ocryl-lotion#primaryimage\"},\"thumbnailUrl\":\"https:\\\/\\\/www.pharmacy4pets.nl\\\/wp-content\\\/uploads\\\/2017\\\/07\\\/22853.jpg\",\"datePublished\":\"2017-07-28T07:12:34+00:00\",\"dateModified\":\"2026-04-14T08:02:53+00:00\",\"description\":\"Ocryl Lotion is een steriele lotion voor het reinigen van de ogen van uw huisdier. Geschikt voor honden, katten, konijnen, knaagdieren, paarden en reptielen.\",\"breadcrumb\":{\"@id\":\"https:\\\/\\\/www.pharmacy4pets.nl\\\/fendigo-ocryl-lotion#breadcrumb\"},\"inLanguage\":\"nl-NL\",\"potentialAction\":[{\"@type\":\"ReadAction\",\"target\":[\"https:\\\/\\\/www.pharmacy4pets.nl\\\/fendigo-ocryl-lotion\"]}]},{\"@type\":\"ImageObject\",\"inLanguage\":\"nl-NL\",\"@id\":\"https:\\\/\\\/www.pharmacy4pets.nl\\\/fendigo-ocryl-lotion#primaryimage\",\"url\":\"https:\\\/\\\/www.pharmacy4pets.nl\\\/wp-content\\\/uploads\\\/2017\\\/07\\\/22853.jpg\",\"contentUrl\":\"https:\\\/\\\/www.pharmacy4pets.nl\\\/wp-content\\\/uploads\\\/2017\\\/07\\\/22853.jpg\",\"width\":258,\"height\":317,\"caption\":\"Ocryl\"},{\"@type\":\"BreadcrumbList\",\"@id\":\"https:\\\/\\\/www.pharmacy4pets.nl\\\/fendigo-ocryl-lotion#breadcrumb\",\"itemListElement\":[{\"@type\":\"ListItem\",\"position\":1,\"name\":\"Home\",\"item\":\"https:\\\/\\\/p4p-nl.bootmine.com\\\/\"},{\"@type\":\"ListItem\",\"position\":2,\"name\":\"Winkel\",\"item\":\"https:\\\/\\\/p4p-nl.bootmine.com\\\/winkel\"},{\"@type\":\"ListItem\",\"position\":3,\"name\":\"Ocryl lotion | 135 ml\"}]},{\"@type\":\"WebSite\",\"@id\":\"http:\\\/\\\/www.pharmacy4pets.nl\\\/#website\",\"url\":\"http:\\\/\\\/www.pharmacy4pets.nl\\\/\",\"name\":\"Pharmacy4pets\",\"description\":\"Pharmacy4pets.nl is d\u00e9 online apotheek waar u terecht kunt voor alle diergeneesmiddelen, verzorgingsproducten en dieetvoeding voor uw huisdier.\",\"publisher\":{\"@id\":\"http:\\\/\\\/www.pharmacy4pets.nl\\\/#organization\"},\"potentialAction\":[{\"@type\":\"SearchAction\",\"target\":{\"@type\":\"EntryPoint\",\"urlTemplate\":\"http:\\\/\\\/www.pharmacy4pets.nl\\\/?s={search_term_string}\"},\"query-input\":{\"@type\":\"PropertyValueSpecification\",\"valueRequired\":true,\"valueName\":\"search_term_string\"}}],\"inLanguage\":\"nl-NL\"},{\"@type\":\"Organization\",\"@id\":\"http:\\\/\\\/www.pharmacy4pets.nl\\\/#organization\",\"name\":\"Pharmacy4pets\",\"url\":\"http:\\\/\\\/www.pharmacy4pets.nl\\\/\",\"logo\":{\"@type\":\"ImageObject\",\"inLanguage\":\"nl-NL\",\"@id\":\"http:\\\/\\\/www.pharmacy4pets.nl\\\/#\\\/schema\\\/logo\\\/image\\\/\",\"url\":\"https:\\\/\\\/p4p-nl.bootmine.com\\\/wp-content\\\/uploads\\\/2026\\\/03\\\/logo-pharmacy4pets.png\",\"contentUrl\":\"https:\\\/\\\/p4p-nl.bootmine.com\\\/wp-content\\\/uploads\\\/2026\\\/03\\\/logo-pharmacy4pets.png\",\"width\":1024,\"height\":135,\"caption\":\"Pharmacy4pets\"},\"image\":{\"@id\":\"http:\\\/\\\/www.pharmacy4pets.nl\\\/#\\\/schema\\\/logo\\\/image\\\/\"},\"sameAs\":[\"https:\\\/\\\/www.facebook.com\\\/people\\\/Pharmacy4petsnl\\\/100063484989896\\\/\",\"https:\\\/\\\/www.youtube.com\\\/channel\\\/UCGPTIgucgli03tP2_kvLkHg\\\/featured\",\"https:\\\/\\\/www.instagram.com\\\/pharmacy4pets.nl\"]}]}<\/script>\n<!-- \/ Yoast SEO plugin. -->","yoast_head_json":{"title":"Ocryl Lotion | Oogreiniging huisdier","description":"Ocryl Lotion is een steriele lotion voor het reinigen van de ogen van uw huisdier. Geschikt voor honden, katten, konijnen, knaagdieren, paarden en reptielen.","robots":{"index":"index","follow":"follow","max-snippet":"max-snippet:-1","max-image-preview":"max-image-preview:large","max-video-preview":"max-video-preview:-1"},"canonical":"https:\/\/www.pharmacy4pets.nl\/fendigo-ocryl-lotion","og_locale":"nl_NL","og_type":"article","og_title":"Ocryl Lotion | Oogreiniging huisdier","og_description":"Ocryl Lotion is een steriele lotion voor het reinigen van de ogen van uw huisdier. Geschikt voor honden, katten, konijnen, knaagdieren, paarden en reptielen.","og_url":"https:\/\/www.pharmacy4pets.nl\/fendigo-ocryl-lotion","og_site_name":"Pharmacy4pets","article_publisher":"https:\/\/www.facebook.com\/people\/Pharmacy4petsnl\/100063484989896\/","article_modified_time":"2026-04-14T08:02:53+00:00","og_image":[{"width":258,"height":317,"url":"https:\/\/www.pharmacy4pets.nl\/wp-content\/uploads\/2017\/07\/22853.jpg","type":"image\/jpeg"}],"twitter_card":"summary_large_image","twitter_misc":{"Geschatte leestijd":"1 minuut"},"schema":{"@context":"https:\/\/schema.org","@graph":[{"@type":"WebPage","@id":"https:\/\/www.pharmacy4pets.nl\/fendigo-ocryl-lotion","url":"https:\/\/www.pharmacy4pets.nl\/fendigo-ocryl-lotion","name":"Ocryl Lotion | Oogreiniging huisdier","isPartOf":{"@id":"http:\/\/www.pharmacy4pets.nl\/#website"},"primaryImageOfPage":{"@id":"https:\/\/www.pharmacy4pets.nl\/fendigo-ocryl-lotion#primaryimage"},"image":{"@id":"https:\/\/www.pharmacy4pets.nl\/fendigo-ocryl-lotion#primaryimage"},"thumbnailUrl":"https:\/\/www.pharmacy4pets.nl\/wp-content\/uploads\/2017\/07\/22853.jpg","datePublished":"2017-07-28T07:12:34+00:00","dateModified":"2026-04-14T08:02:53+00:00","description":"Ocryl Lotion is een steriele lotion voor het reinigen van de ogen van uw huisdier. Geschikt voor honden, katten, konijnen, knaagdieren, paarden en reptielen.","breadcrumb":{"@id":"https:\/\/www.pharmacy4pets.nl\/fendigo-ocryl-lotion#breadcrumb"},"inLanguage":"nl-NL","potentialAction":[{"@type":"ReadAction","target":["https:\/\/www.pharmacy4pets.nl\/fendigo-ocryl-lotion"]}]},{"@type":"ImageObject","inLanguage":"nl-NL","@id":"https:\/\/www.pharmacy4pets.nl\/fendigo-ocryl-lotion#primaryimage","url":"https:\/\/www.pharmacy4pets.nl\/wp-content\/uploads\/2017\/07\/22853.jpg","contentUrl":"https:\/\/www.pharmacy4pets.nl\/wp-content\/uploads\/2017\/07\/22853.jpg","width":258,"height":317,"caption":"Ocryl"},{"@type":"BreadcrumbList","@id":"https:\/\/www.pharmacy4pets.nl\/fendigo-ocryl-lotion#breadcrumb","itemListElement":[{"@type":"ListItem","position":1,"name":"Home","item":"https:\/\/p4p-nl.bootmine.com\/"},{"@type":"ListItem","position":2,"name":"Winkel","item":"https:\/\/p4p-nl.bootmine.com\/winkel"},{"@type":"ListItem","position":3,"name":"Ocryl lotion | 135 ml"}]},{"@type":"WebSite","@id":"http:\/\/www.pharmacy4pets.nl\/#website","url":"http:\/\/www.pharmacy4pets.nl\/","name":"Pharmacy4pets","description":"Pharmacy4pets.nl is d\u00e9 online apotheek waar u terecht kunt voor alle diergeneesmiddelen, verzorgingsproducten en dieetvoeding voor uw huisdier.","publisher":{"@id":"http:\/\/www.pharmacy4pets.nl\/#organization"},"potentialAction":[{"@type":"SearchAction","target":{"@type":"EntryPoint","urlTemplate":"http:\/\/www.pharmacy4pets.nl\/?s={search_term_string}"},"query-input":{"@type":"PropertyValueSpecification","valueRequired":true,"valueName":"search_term_string"}}],"inLanguage":"nl-NL"},{"@type":"Organization","@id":"http:\/\/www.pharmacy4pets.nl\/#organization","name":"Pharmacy4pets","url":"http:\/\/www.pharmacy4pets.nl\/","logo":{"@type":"ImageObject","inLanguage":"nl-NL","@id":"http:\/\/www.pharmacy4pets.nl\/#\/schema\/logo\/image\/","url":"https:\/\/p4p-nl.bootmine.com\/wp-content\/uploads\/2026\/03\/logo-pharmacy4pets.png","contentUrl":"https:\/\/p4p-nl.bootmine.com\/wp-content\/uploads\/2026\/03\/logo-pharmacy4pets.png","width":1024,"height":135,"caption":"Pharmacy4pets"},"image":{"@id":"http:\/\/www.pharmacy4pets.nl\/#\/schema\/logo\/image\/"},"sameAs":["https:\/\/www.facebook.com\/people\/Pharmacy4petsnl\/100063484989896\/","https:\/\/www.youtube.com\/channel\/UCGPTIgucgli03tP2_kvLkHg\/featured","https:\/\/www.instagram.com\/pharmacy4pets.nl"]}]}},"market_data":{"nl":{"price":0,"sale_price":0,"active":false,"url":null,"parent_url":"","tax_rate":0,"price_inc_tax":0,"sale_price_inc_tax":0},"de":{"price":0,"sale_price":0,"active":false,"url":null,"parent_url":"","tax_rate":0,"price_inc_tax":0,"sale_price_inc_tax":0},"be":{"price":0,"sale_price":0,"active":false,"url":null,"parent_url":"","tax_rate":0,"price_inc_tax":0,"sale_price_inc_tax":0},"fr":{"price":0,"sale_price":0,"active":false,"url":null,"parent_url":"","tax_rate":0,"price_inc_tax":0,"sale_price_inc_tax":0},"ch":{"price":0,"sale_price":0,"active":false,"url":null,"parent_url":"","tax_rate":0,"price_inc_tax":0,"sale_price_inc_tax":0},"at":{"price":0,"sale_price":0,"active":false,"url":null,"parent_url":"","tax_rate":0,"price_inc_tax":0,"sale_price_inc_tax":0},"es":{"price":0,"sale_price":0,"active":false,"url":null,"parent_url":"","tax_rate":0,"price_inc_tax":0,"sale_price_inc_tax":0},"dk":{"price":0,"sale_price":0,"active":false,"url":null,"parent_url":"","tax_rate":0,"price_inc_tax":0,"sale_price_inc_tax":0},"com":{"price":0,"sale_price":0,"active":false,"url":null,"parent_url":"","tax_rate":0,"price_inc_tax":0,"sale_price_inc_tax":0}},"market_nl_price":0,"market_nl_sale_price":0,"market_nl_active":false,"market_nl_url":null,"market_nl_parent_url":"","market_nl_tax_rate":0,"market_nl_price_inc_tax":0,"market_nl_sale_price_inc_tax":0,"market_de_price":0,"market_de_sale_price":0,"market_de_active":false,"market_de_url":null,"market_de_parent_url":"","market_de_tax_rate":0,"market_de_price_inc_tax":0,"market_de_sale_price_inc_tax":0,"market_be_price":0,"market_be_sale_price":0,"market_be_active":false,"market_be_url":null,"market_be_parent_url":"","market_be_tax_rate":0,"market_be_price_inc_tax":0,"market_be_sale_price_inc_tax":0,"market_fr_price":0,"market_fr_sale_price":0,"market_fr_active":false,"market_fr_url":null,"market_fr_parent_url":"","market_fr_tax_rate":0,"market_fr_price_inc_tax":0,"market_fr_sale_price_inc_tax":0,"market_ch_price":0,"market_ch_sale_price":0,"market_ch_active":false,"market_ch_url":null,"market_ch_parent_url":"","market_ch_tax_rate":0,"market_ch_price_inc_tax":0,"market_ch_sale_price_inc_tax":0,"market_at_price":0,"market_at_sale_price":0,"market_at_active":false,"market_at_url":null,"market_at_parent_url":"","market_at_tax_rate":0,"market_at_price_inc_tax":0,"market_at_sale_price_inc_tax":0,"market_es_price":0,"market_es_sale_price":0,"market_es_active":false,"market_es_url":null,"market_es_parent_url":"","market_es_tax_rate":0,"market_es_price_inc_tax":0,"market_es_sale_price_inc_tax":0,"market_dk_price":0,"market_dk_sale_price":0,"market_dk_active":false,"market_dk_url":null,"market_dk_parent_url":"","market_dk_tax_rate":0,"market_dk_price_inc_tax":0,"market_dk_sale_price_inc_tax":0,"market_com_price":0,"market_com_sale_price":0,"market_com_active":false,"market_com_url":null,"market_com_parent_url":"","market_com_tax_rate":0,"market_com_price_inc_tax":0,"market_com_sale_price_inc_tax":0,"acf":[],"_links":{"self":[{"href":"https:\/\/www.pharmacy4pets.nl\/be\/wp-json\/wp\/v2\/product\/118596","targetHints":{"allow":["GET"]}}],"collection":[{"href":"https:\/\/www.pharmacy4pets.nl\/be\/wp-json\/wp\/v2\/product"}],"about":[{"href":"https:\/\/www.pharmacy4pets.nl\/be\/wp-json\/wp\/v2\/types\/product"}],"replies":[{"embeddable":true,"href":"https:\/\/www.pharmacy4pets.nl\/be\/wp-json\/wp\/v2\/comments?post=118596"}],"wp:featuredmedia":[{"embeddable":true,"href":"https:\/\/www.pharmacy4pets.nl\/be\/wp-json\/wp\/v2\/media\/118595"}],"wp:attachment":[{"href":"https:\/\/www.pharmacy4pets.nl\/be\/wp-json\/wp\/v2\/media?parent=118596"}],"wp:term":[{"taxonomy":"product_brand","embeddable":true,"href":"https:\/\/www.pharmacy4pets.nl\/be\/wp-json\/wp\/v2\/product_brand?post=118596"},{"taxonomy":"product_cat","embeddable":true,"href":"https:\/\/www.pharmacy4pets.nl\/be\/wp-json\/wp\/v2\/product_cat?post=118596"},{"taxonomy":"product_tag","embeddable":true,"href":"https:\/\/www.pharmacy4pets.nl\/be\/wp-json\/wp\/v2\/product_tag?post=118596"}],"curies":[{"name":"wp","href":"https:\/\/api.w.org\/{rel}","templated":true}]}}