{"id":118588,"date":"2017-07-27T08:33:32","date_gmt":"2017-07-27T08:33:32","guid":{"rendered":"https:\/\/p4p.test\/equistro-secreta-pro-max"},"modified":"2026-04-14T08:02:51","modified_gmt":"2026-04-14T08:02:51","slug":"equistro-secreta-pro-max","status":"publish","type":"product","link":"https:\/\/www.pharmacy4pets.nl\/be\/equistro-secreta-pro-max","title":{"rendered":"Equistro Secreta Pro Max 800 gram"},"content":{"rendered":"<p>Equistro Secreta Pro Max is en voedingssupplement dat helpt het bronchiaal systeem en het weerstandsvermogen te versterken. Luchtwegproblemen behoren tot een van de meest voorkomende inwendige ziekten bij paarden. Equistro Secreta Pro Max is een combinatie van kruiden en vitamine E, een unieke formule voor het optimaal functioneren van de luchtwegen<\/p>\n<p><span style=\"text-decoration: underline;\">Toediening:<br \/><\/span>Equistro Secreto Pro Max dagelijks aan uw paard geven. Voor langdurig gebruik<br \/>Naast het gebruik van dit supplement is het essentieel de omgeving van de stal te optimaliseren.<\/p>\n<p><span style=\"text-decoration: underline;\">Dosering:<\/span><\/p>\n<table style=\"\" border=\"1\">\n<thead>\n<tr>\n<td colspan=\"2\">\n<p style=\"text-align: center;\"><strong>Dosering<\/strong><\/p>\n<\/td>\n<\/tr>\n<\/thead>\n<tbody>\n<tr>\n<td>\n<p><strong><i>Dier en Gewicht<\/i><\/strong><\/p>\n<\/td>\n<td>\n<p><strong><i>Aanbevolen Dosering<\/i><\/strong><\/p>\n<\/td>\n<\/tr>\n<tr>\n<td>\n<p>Volwassen paard (&plusmn;500kg)<\/p>\n<\/td>\n<td>\n<p>10-20 gram per dag<\/p>\n<\/td>\n<\/tr>\n<tr>\n<td>\n<p>Pony \/ veulen<\/p>\n<\/td>\n<td>\n<p>5-10 gram per dag<\/p>\n<\/td>\n<\/tr>\n<\/tbody>\n<\/table>\n<p>&nbsp;<\/p>\n<p><span style=\"text-decoration: underline;\">Verpakking:<br \/><\/span>800 gram<\/p>\n","protected":false},"excerpt":{"rendered":"<p>Equistro Secreta Pro Max is en voedingssupplement dat helpt het bronchiaal systeem en het weerstandsvermogen te versterken. Luchtwegproblemen behoren tot een van de meest voorkomende inwendige ziekten bij paarden. Equistro Secreta Pro Max is een combinatie van kruiden en vitamine E, een unieke formule voor het optimaal functioneren van de luchtwegen Toediening:Equistro Secreto Pro Max [&hellip;]<\/p>\n","protected":false},"featured_media":118587,"comment_status":"open","ping_status":"closed","template":"","meta":{"_acf_changed":false,"_nl_post_content":"<p>Equistro Secreta Pro Max is en voedingssupplement dat helpt het bronchiaal systeem en het weerstandsvermogen te versterken. Luchtwegproblemen behoren tot een van de meest voorkomende inwendige ziekten bij paarden. Equistro Secreta Pro Max is een combinatie van kruiden en vitamine E, een unieke formule voor het optimaal functioneren van de luchtwegen<\/p>\r\n<p><span style=\"text-decoration: underline;\">Toediening:<br \/><\/span>Equistro Secreto Pro Max dagelijks aan uw paard geven. Voor langdurig gebruik<br \/>Naast het gebruik van dit supplement is het essentieel de omgeving van de stal te optimaliseren.<\/p>\r\n<p><span style=\"text-decoration: underline;\">Dosering:<\/span><\/p>\r\n<table style=\"\" border=\"1\">\r\n<thead>\r\n<tr>\r\n<td colspan=\"2\">\r\n<p style=\"text-align: center;\"><strong>Dosering<\/strong><\/p>\r\n<\/td>\r\n<\/tr>\r\n<\/thead>\r\n<tbody>\r\n<tr>\r\n<td>\r\n<p><strong><i>Dier en Gewicht<\/i><\/strong><\/p>\r\n<\/td>\r\n<td>\r\n<p><strong><i>Aanbevolen Dosering<\/i><\/strong><\/p>\r\n<\/td>\r\n<\/tr>\r\n<tr>\r\n<td>\r\n<p>Volwassen paard (&plusmn;500kg)<\/p>\r\n<\/td>\r\n<td>\r\n<p>10-20 gram per dag<\/p>\r\n<\/td>\r\n<\/tr>\r\n<tr>\r\n<td>\r\n<p>Pony \/ veulen<\/p>\r\n<\/td>\r\n<td>\r\n<p>5-10 gram per dag<\/p>\r\n<\/td>\r\n<\/tr>\r\n<\/tbody>\r\n<\/table>\r\n<p>&nbsp;<\/p>\r\n<p><span style=\"text-decoration: underline;\">Verpakking:<br \/><\/span>800 gram<\/p>","_nl_post_name":"equistro-secreta-pro-max","_nl_post_excerpt":"","_nl_post_title":"Equistro Secreta Pro Max 800 gram","_en_post_content":"<p>Equistro Secreta Pro Max is a nutritional supplement that helps strengthen the bronchial system and the immune system. Respiratory tract problems are among the most common internal diseases in horses. Equistro Secreta Pro Max is a combination of herbs and vitamin E. A unique formula for the optimal functioning of the respiratory tract.<\/p>\r\n<p><span style=\"text-decoration: underline;\">Administration:<br \/><\/span>Give your horse everyday a dosage of Equistro Secreto Pro Max. For long-term use.<br \/>In addition to using this supplement, it is essential to optimize the environment of the stable.<\/p>\r\n<p><span style=\"text-decoration: underline;\">Dosage:<\/span><\/p>\r\n<table style=\"\" border=\"1\">\r\n<thead>\r\n<tr>\r\n<td colspan=\"2\">\r\n<p style=\"text-align: center;\"><strong>Dosage<\/strong><\/p>\r\n<\/td>\r\n<\/tr>\r\n<\/thead>\r\n<tbody>\r\n<tr>\r\n<td>\r\n<p><strong><i>Animal and weight<\/i><\/strong><\/p>\r\n<\/td>\r\n<td>\r\n<p><strong><i>Recommended Dosage<\/i><\/strong><\/p>\r\n<\/td>\r\n<\/tr>\r\n<tr>\r\n<td>\r\n<p>Adult Horse<\/p>\r\n<\/td>\r\n<td>\r\n<p>10-20 grams a day<\/p>\r\n<\/td>\r\n<\/tr>\r\n<tr>\r\n<td>\r\n<p>Pony \/ foal<\/p>\r\n<\/td>\r\n<td>\r\n<p>5-10 grams a day<\/p>\r\n<\/td>\r\n<\/tr>\r\n<\/tbody>\r\n<\/table>\r\n<p>&nbsp;<\/p>\r\n<p><span style=\"text-decoration: underline;\">Package:<br \/><\/span>800 grams<\/p>","_en_post_name":"equistro-secreta-pro-max","_en_post_excerpt":"","_en_post_title":"Equistro Secreta Pro Max 800 grams","_de_post_content":"<p>Equistro Secreta Pro max ist ein Erg&auml;nzungsfuttermittel, dia das Bronchialsystem und immun-System hilft zu st&auml;rken. Atemprobleme sind eine der h&auml;ufigsten Erkrankungen der Pferde. Equistro Secreta Pro Max ist eine Kombination von &auml;therischen Kr&auml;utern und Vitamin E. Eine einzigartige Formel f&uuml;r die optimale Funktion des Atmungssystems.<\/p>\r\n<p><span style=\"text-decoration: underline;\">Anwendung:<br \/><\/span>Geben Sie Equistro Secreta Pro Max jeden Tag. F&uuml;r l&auml;ngeren Einsatz|<br \/>Zus&auml;tzlich diese Erg&auml;nzung zu verwenden ist wichtig, die Umgebung des Hauses zu optimieren.<\/p>\r\n<p><span style=\"text-decoration: underline;\">Dosierung:<\/span><\/p>\r\n<table style=\"\" border=\"1\">\r\n<thead>\r\n<tr>\r\n<td colspan=\"2\">\r\n<p style=\"text-align: center;\"><strong>Dosierung<\/strong><\/p>\r\n<\/td>\r\n<\/tr>\r\n<\/thead>\r\n<tbody>\r\n<tr>\r\n<td>\r\n<p><strong><i>Tier und Gewicht<\/i><\/strong><\/p>\r\n<\/td>\r\n<td>\r\n<p><strong><i>Empfohlene dosierung<\/i><\/strong><\/p>\r\n<\/td>\r\n<\/tr>\r\n<tr>\r\n<td>\r\n<p>Erwachsenes Pferd<\/p>\r\n<\/td>\r\n<td>\r\n<p>10-20 Gramm pro Tag<\/p>\r\n<\/td>\r\n<\/tr>\r\n<tr>\r\n<td>\r\n<p>Pony \/ Fohlen<\/p>\r\n<\/td>\r\n<td>\r\n<p>5-10 Gramm pro Tag<\/p>\r\n<\/td>\r\n<\/tr>\r\n<\/tbody>\r\n<\/table>\r\n<p>&nbsp;<\/p>\r\n<p><span style=\"text-decoration: underline;\">Verpackung:<br \/><\/span>800 Gramm<\/p>","_de_post_name":"equistro-secreta-pro-max","_de_post_excerpt":"","_de_post_title":"Equistro Secreta Pro Max 800 Gramm","_fr_post_content":"<p>Equistro Secreta Pro Max est un compl&eacute;ment alimentaire qui aide &agrave; renforcer le syst&egrave;me bronchique et la r&eacute;sistance. Les probl&egrave;mes respiratoires sont l'une des maladies internes les plus courantes chez les chevaux. Equistro Secreta Pro Max est une combinaison d'herbes et de vitamine E, une formule unique pour le fonctionnement optimal des voies respiratoires.<\/p>\r\n<p><span style=\"text-decoration: underline;\">Administration :<br \/><\/span>Equistro Secreto Pro Max se donne de mani&egrave;re journali&egrave;re &agrave; votre cheval. Pour utilisatin &agrave; long terme.<br \/>En plus d'utiliser ce compl&eacute;ment alimaentaire, il est conseill&eacute; d'optimaliser l'&eacute;curie.<\/p>\r\n<p><span style=\"text-decoration: underline;\">Dosage :<\/span><\/p>\r\n<table border=\"1\" style=\"\">\r\n<thead>\r\n<tr>\r\n<td colspan=\"2\">\r\n<p style=\"text-align: center;\"><strong>Dosage<\/strong><\/p>\r\n<\/td>\r\n<\/tr>\r\n<\/thead>\r\n<tbody>\r\n<tr>\r\n<td>\r\n<p><strong><em>Animal et poids<\/em><\/strong><\/p>\r\n<\/td>\r\n<td>\r\n<p><strong><em>Dosage recommand&eacute;<\/em><\/strong><\/p>\r\n<\/td>\r\n<\/tr>\r\n<tr>\r\n<td>\r\n<p>Cheval adulte (&plusmn;500kg)<\/p>\r\n<\/td>\r\n<td>\r\n<p>10-20 grammes par jour<\/p>\r\n<\/td>\r\n<\/tr>\r\n<tr>\r\n<td>\r\n<p>Poney \/ poulain<\/p>\r\n<\/td>\r\n<td>\r\n<p>5-10 grammes par jour<\/p>\r\n<\/td>\r\n<\/tr>\r\n<\/tbody>\r\n<\/table>\r\n<p>&nbsp;<\/p>\r\n<p><span style=\"text-decoration: underline;\">Emballage :<br \/><\/span>800 grammes<\/p>","_fr_post_name":"equistro-secreta-pro-max","_fr_post_excerpt":"","_fr_post_title":"Equistro Secreta Pro Max 800 grammes","_es_post_content":"<p>Equistro Secreta Pro Max es un suplemento alimenticio para caballos que ayuda a fortalecer el sistema bronquial y la resistencia. Los problemas respiratorios son una de las enfermedades internas m\u00e1s comunes en los caballos. Equistro Secreta Pro Max consiste en un granulado con una combinaci\u00f3n de hierbas y vitamina E, una f\u00f3rmula \u00fanica para el funcionamiento \u00f3ptimo de las v\u00edas respiratorias.<\/p>\r\n<h3>Administraci\u00f3n<\/h3>\r\n<p>Dele Equistro Secreta Pro Max a su caballo diariamente. Para uso a largo plazo.<br \/>Adem\u00e1s del uso de este complemento, es fundamental optimizar el entorno del establo.<\/p>\r\n<h3>Dosis de Equistro Secreta Pro Max<\/h3>\r\n<table style=\"\" border=\"1\">\r\n<thead>\r\n<tr>\r\n<td colspan=\"2\">\r\n<p style=\"text-align: center;\"><strong>Dosis<\/strong><\/p>\r\n<\/td>\r\n<\/tr>\r\n<\/thead>\r\n<tbody>\r\n<tr>\r\n<td>\r\n<p><strong><em>Animal y peso<\/em><\/strong><\/p>\r\n<\/td>\r\n<td>\r\n<p><strong><em>Dosis recomendada<\/em><\/strong><\/p>\r\n<\/td>\r\n<\/tr>\r\n<tr>\r\n<td>\r\n<p>Caballos adultos (\u00b1500 kg)<\/p>\r\n<\/td>\r\n<td>\r\n<p>10-20 gramos por d\u00eda<\/p>\r\n<\/td>\r\n<\/tr>\r\n<tr>\r\n<td>\r\n<p>Ponis y potros<\/p>\r\n<\/td>\r\n<td>\r\n<p>5-10 gramos por d\u00eda<\/p>\r\n<\/td>\r\n<\/tr>\r\n<\/tbody>\r\n<\/table>\r\n<h3>Emballage<\/h3>\r\n<p>800 gramos.<\/p>","_es_post_name":"equistro-secreta-pro-max","_es_post_excerpt":"","_es_post_title":"Equistro Secreta Pro Max 800 gramos","edit_language":"nl"},"product_brand":[],"product_cat":[1921,2015,1814,1811,1857,1809],"product_tag":[],"class_list":{"0":"post-118588","1":"product","2":"type-product","3":"status-publish","4":"has-post-thumbnail","6":"product_cat-equistro","7":"product_cat-immuunsysteem-weerstand","8":"product_cat-longen-luchtwegen","9":"product_cat-medicijnen-supplementen","10":"product_cat-merken","11":"product_cat-paarden","12":"pa_aandoening-overig","13":"pa_doeldier-ezel","14":"pa_doeldier-paard","15":"pa_fabricatieland-belgie","16":"pa_merkfilter-equistro","17":"pa_merkgroep-equistro","18":"pa_productsoort-voedingssupplement","19":"pa_seo_canonical_store_id-not_found_value","20":"pa_seo_category-not_found_value","21":"pa_seo_meta_robots-not_found_value","22":"pa_toedieningswijze-granulaat","23":"pa_unit_pricing_base_measure-100g","24":"pa_unit_pricing_measure-800g","25":"pa_werkzamestof-overig","27":"first","28":"instock","29":"taxable","30":"shipping-taxable","31":"purchasable","32":"product-type-simple"},"yoast_head":"<!-- This site is optimized with the Yoast SEO plugin v27.5 - https:\/\/yoast.com\/product\/yoast-seo-wordpress\/ -->\n<title>Equistro Secreta Pro Max | Ademhaling Paard<\/title>\n<meta name=\"description\" content=\"Equistro Secreta Pro Max is en voedingssupplement dat helpt het bronchiaal systeem en het weerstandsvermogen te versterken.\" \/>\n<meta name=\"robots\" content=\"index, follow, max-snippet:-1, max-image-preview:large, max-video-preview:-1\" \/>\n<link rel=\"canonical\" href=\"https:\/\/www.pharmacy4pets.nl\/equistro-secreta-pro-max\" \/>\n<meta property=\"og:locale\" content=\"nl_NL\" \/>\n<meta property=\"og:type\" content=\"article\" \/>\n<meta property=\"og:title\" content=\"Equistro Secreta Pro Max | Ademhaling Paard\" \/>\n<meta property=\"og:description\" content=\"Equistro Secreta Pro Max is en voedingssupplement dat helpt het bronchiaal systeem en het weerstandsvermogen te versterken.\" \/>\n<meta property=\"og:url\" content=\"https:\/\/www.pharmacy4pets.nl\/equistro-secreta-pro-max\" \/>\n<meta property=\"og:site_name\" content=\"Pharmacy4pets\" \/>\n<meta property=\"article:publisher\" content=\"https:\/\/www.facebook.com\/people\/Pharmacy4petsnl\/100063484989896\/\" \/>\n<meta property=\"article:modified_time\" content=\"2026-04-14T08:02:51+00:00\" \/>\n<meta property=\"og:image\" content=\"https:\/\/www.pharmacy4pets.nl\/wp-content\/uploads\/2017\/07\/22071.jpg\" \/>\n\t<meta property=\"og:image:width\" content=\"310\" \/>\n\t<meta property=\"og:image:height\" content=\"310\" \/>\n\t<meta property=\"og:image:type\" content=\"image\/jpeg\" \/>\n<meta name=\"twitter:card\" content=\"summary_large_image\" \/>\n<meta name=\"twitter:label1\" content=\"Geschatte leestijd\" \/>\n\t<meta name=\"twitter:data1\" content=\"1 minuut\" \/>\n<script type=\"application\/ld+json\" class=\"yoast-schema-graph\">{\"@context\":\"https:\\\/\\\/schema.org\",\"@graph\":[{\"@type\":\"WebPage\",\"@id\":\"https:\\\/\\\/www.pharmacy4pets.nl\\\/equistro-secreta-pro-max\",\"url\":\"https:\\\/\\\/www.pharmacy4pets.nl\\\/equistro-secreta-pro-max\",\"name\":\"Equistro Secreta Pro Max | Ademhaling Paard\",\"isPartOf\":{\"@id\":\"http:\\\/\\\/www.pharmacy4pets.nl\\\/#website\"},\"primaryImageOfPage\":{\"@id\":\"https:\\\/\\\/www.pharmacy4pets.nl\\\/equistro-secreta-pro-max#primaryimage\"},\"image\":{\"@id\":\"https:\\\/\\\/www.pharmacy4pets.nl\\\/equistro-secreta-pro-max#primaryimage\"},\"thumbnailUrl\":\"https:\\\/\\\/www.pharmacy4pets.nl\\\/wp-content\\\/uploads\\\/2017\\\/07\\\/22071.jpg\",\"datePublished\":\"2017-07-27T08:33:32+00:00\",\"dateModified\":\"2026-04-14T08:02:51+00:00\",\"description\":\"Equistro Secreta Pro Max is en voedingssupplement dat helpt het bronchiaal systeem en het weerstandsvermogen te versterken.\",\"breadcrumb\":{\"@id\":\"https:\\\/\\\/www.pharmacy4pets.nl\\\/equistro-secreta-pro-max#breadcrumb\"},\"inLanguage\":\"nl-NL\",\"potentialAction\":[{\"@type\":\"ReadAction\",\"target\":[\"https:\\\/\\\/www.pharmacy4pets.nl\\\/equistro-secreta-pro-max\"]}]},{\"@type\":\"ImageObject\",\"inLanguage\":\"nl-NL\",\"@id\":\"https:\\\/\\\/www.pharmacy4pets.nl\\\/equistro-secreta-pro-max#primaryimage\",\"url\":\"https:\\\/\\\/www.pharmacy4pets.nl\\\/wp-content\\\/uploads\\\/2017\\\/07\\\/22071.jpg\",\"contentUrl\":\"https:\\\/\\\/www.pharmacy4pets.nl\\\/wp-content\\\/uploads\\\/2017\\\/07\\\/22071.jpg\",\"width\":310,\"height\":310,\"caption\":\"Equistro\"},{\"@type\":\"BreadcrumbList\",\"@id\":\"https:\\\/\\\/www.pharmacy4pets.nl\\\/equistro-secreta-pro-max#breadcrumb\",\"itemListElement\":[{\"@type\":\"ListItem\",\"position\":1,\"name\":\"Home\",\"item\":\"https:\\\/\\\/p4p-nl.bootmine.com\\\/\"},{\"@type\":\"ListItem\",\"position\":2,\"name\":\"Winkel\",\"item\":\"https:\\\/\\\/p4p-nl.bootmine.com\\\/winkel\"},{\"@type\":\"ListItem\",\"position\":3,\"name\":\"Equistro Secreta Pro Max 800 gram\"}]},{\"@type\":\"WebSite\",\"@id\":\"http:\\\/\\\/www.pharmacy4pets.nl\\\/#website\",\"url\":\"http:\\\/\\\/www.pharmacy4pets.nl\\\/\",\"name\":\"Pharmacy4pets\",\"description\":\"Pharmacy4pets.nl is d\u00e9 online apotheek waar u terecht kunt voor alle diergeneesmiddelen, verzorgingsproducten en dieetvoeding voor uw huisdier.\",\"publisher\":{\"@id\":\"http:\\\/\\\/www.pharmacy4pets.nl\\\/#organization\"},\"potentialAction\":[{\"@type\":\"SearchAction\",\"target\":{\"@type\":\"EntryPoint\",\"urlTemplate\":\"http:\\\/\\\/www.pharmacy4pets.nl\\\/?s={search_term_string}\"},\"query-input\":{\"@type\":\"PropertyValueSpecification\",\"valueRequired\":true,\"valueName\":\"search_term_string\"}}],\"inLanguage\":\"nl-NL\"},{\"@type\":\"Organization\",\"@id\":\"http:\\\/\\\/www.pharmacy4pets.nl\\\/#organization\",\"name\":\"Pharmacy4pets\",\"url\":\"http:\\\/\\\/www.pharmacy4pets.nl\\\/\",\"logo\":{\"@type\":\"ImageObject\",\"inLanguage\":\"nl-NL\",\"@id\":\"http:\\\/\\\/www.pharmacy4pets.nl\\\/#\\\/schema\\\/logo\\\/image\\\/\",\"url\":\"https:\\\/\\\/p4p-nl.bootmine.com\\\/wp-content\\\/uploads\\\/2026\\\/03\\\/logo-pharmacy4pets.png\",\"contentUrl\":\"https:\\\/\\\/p4p-nl.bootmine.com\\\/wp-content\\\/uploads\\\/2026\\\/03\\\/logo-pharmacy4pets.png\",\"width\":1024,\"height\":135,\"caption\":\"Pharmacy4pets\"},\"image\":{\"@id\":\"http:\\\/\\\/www.pharmacy4pets.nl\\\/#\\\/schema\\\/logo\\\/image\\\/\"},\"sameAs\":[\"https:\\\/\\\/www.facebook.com\\\/people\\\/Pharmacy4petsnl\\\/100063484989896\\\/\",\"https:\\\/\\\/www.youtube.com\\\/channel\\\/UCGPTIgucgli03tP2_kvLkHg\\\/featured\",\"https:\\\/\\\/www.instagram.com\\\/pharmacy4pets.nl\"]}]}<\/script>\n<!-- \/ Yoast SEO plugin. -->","yoast_head_json":{"title":"Equistro Secreta Pro Max | Ademhaling Paard","description":"Equistro Secreta Pro Max is en voedingssupplement dat helpt het bronchiaal systeem en het weerstandsvermogen te versterken.","robots":{"index":"index","follow":"follow","max-snippet":"max-snippet:-1","max-image-preview":"max-image-preview:large","max-video-preview":"max-video-preview:-1"},"canonical":"https:\/\/www.pharmacy4pets.nl\/equistro-secreta-pro-max","og_locale":"nl_NL","og_type":"article","og_title":"Equistro Secreta Pro Max | Ademhaling Paard","og_description":"Equistro Secreta Pro Max is en voedingssupplement dat helpt het bronchiaal systeem en het weerstandsvermogen te versterken.","og_url":"https:\/\/www.pharmacy4pets.nl\/equistro-secreta-pro-max","og_site_name":"Pharmacy4pets","article_publisher":"https:\/\/www.facebook.com\/people\/Pharmacy4petsnl\/100063484989896\/","article_modified_time":"2026-04-14T08:02:51+00:00","og_image":[{"width":310,"height":310,"url":"https:\/\/www.pharmacy4pets.nl\/wp-content\/uploads\/2017\/07\/22071.jpg","type":"image\/jpeg"}],"twitter_card":"summary_large_image","twitter_misc":{"Geschatte leestijd":"1 minuut"},"schema":{"@context":"https:\/\/schema.org","@graph":[{"@type":"WebPage","@id":"https:\/\/www.pharmacy4pets.nl\/equistro-secreta-pro-max","url":"https:\/\/www.pharmacy4pets.nl\/equistro-secreta-pro-max","name":"Equistro Secreta Pro Max | Ademhaling Paard","isPartOf":{"@id":"http:\/\/www.pharmacy4pets.nl\/#website"},"primaryImageOfPage":{"@id":"https:\/\/www.pharmacy4pets.nl\/equistro-secreta-pro-max#primaryimage"},"image":{"@id":"https:\/\/www.pharmacy4pets.nl\/equistro-secreta-pro-max#primaryimage"},"thumbnailUrl":"https:\/\/www.pharmacy4pets.nl\/wp-content\/uploads\/2017\/07\/22071.jpg","datePublished":"2017-07-27T08:33:32+00:00","dateModified":"2026-04-14T08:02:51+00:00","description":"Equistro Secreta Pro Max is en voedingssupplement dat helpt het bronchiaal systeem en het weerstandsvermogen te versterken.","breadcrumb":{"@id":"https:\/\/www.pharmacy4pets.nl\/equistro-secreta-pro-max#breadcrumb"},"inLanguage":"nl-NL","potentialAction":[{"@type":"ReadAction","target":["https:\/\/www.pharmacy4pets.nl\/equistro-secreta-pro-max"]}]},{"@type":"ImageObject","inLanguage":"nl-NL","@id":"https:\/\/www.pharmacy4pets.nl\/equistro-secreta-pro-max#primaryimage","url":"https:\/\/www.pharmacy4pets.nl\/wp-content\/uploads\/2017\/07\/22071.jpg","contentUrl":"https:\/\/www.pharmacy4pets.nl\/wp-content\/uploads\/2017\/07\/22071.jpg","width":310,"height":310,"caption":"Equistro"},{"@type":"BreadcrumbList","@id":"https:\/\/www.pharmacy4pets.nl\/equistro-secreta-pro-max#breadcrumb","itemListElement":[{"@type":"ListItem","position":1,"name":"Home","item":"https:\/\/p4p-nl.bootmine.com\/"},{"@type":"ListItem","position":2,"name":"Winkel","item":"https:\/\/p4p-nl.bootmine.com\/winkel"},{"@type":"ListItem","position":3,"name":"Equistro Secreta Pro Max 800 gram"}]},{"@type":"WebSite","@id":"http:\/\/www.pharmacy4pets.nl\/#website","url":"http:\/\/www.pharmacy4pets.nl\/","name":"Pharmacy4pets","description":"Pharmacy4pets.nl is d\u00e9 online apotheek waar u terecht kunt voor alle diergeneesmiddelen, verzorgingsproducten en dieetvoeding voor uw huisdier.","publisher":{"@id":"http:\/\/www.pharmacy4pets.nl\/#organization"},"potentialAction":[{"@type":"SearchAction","target":{"@type":"EntryPoint","urlTemplate":"http:\/\/www.pharmacy4pets.nl\/?s={search_term_string}"},"query-input":{"@type":"PropertyValueSpecification","valueRequired":true,"valueName":"search_term_string"}}],"inLanguage":"nl-NL"},{"@type":"Organization","@id":"http:\/\/www.pharmacy4pets.nl\/#organization","name":"Pharmacy4pets","url":"http:\/\/www.pharmacy4pets.nl\/","logo":{"@type":"ImageObject","inLanguage":"nl-NL","@id":"http:\/\/www.pharmacy4pets.nl\/#\/schema\/logo\/image\/","url":"https:\/\/p4p-nl.bootmine.com\/wp-content\/uploads\/2026\/03\/logo-pharmacy4pets.png","contentUrl":"https:\/\/p4p-nl.bootmine.com\/wp-content\/uploads\/2026\/03\/logo-pharmacy4pets.png","width":1024,"height":135,"caption":"Pharmacy4pets"},"image":{"@id":"http:\/\/www.pharmacy4pets.nl\/#\/schema\/logo\/image\/"},"sameAs":["https:\/\/www.facebook.com\/people\/Pharmacy4petsnl\/100063484989896\/","https:\/\/www.youtube.com\/channel\/UCGPTIgucgli03tP2_kvLkHg\/featured","https:\/\/www.instagram.com\/pharmacy4pets.nl"]}]}},"market_data":{"nl":{"price":0,"sale_price":0,"active":false,"url":null,"parent_url":"","tax_rate":0,"price_inc_tax":0,"sale_price_inc_tax":0},"de":{"price":0,"sale_price":0,"active":false,"url":null,"parent_url":"","tax_rate":0,"price_inc_tax":0,"sale_price_inc_tax":0},"be":{"price":0,"sale_price":0,"active":false,"url":null,"parent_url":"","tax_rate":0,"price_inc_tax":0,"sale_price_inc_tax":0},"fr":{"price":0,"sale_price":0,"active":false,"url":null,"parent_url":"","tax_rate":0,"price_inc_tax":0,"sale_price_inc_tax":0},"ch":{"price":0,"sale_price":0,"active":false,"url":null,"parent_url":"","tax_rate":0,"price_inc_tax":0,"sale_price_inc_tax":0},"at":{"price":0,"sale_price":0,"active":false,"url":null,"parent_url":"","tax_rate":0,"price_inc_tax":0,"sale_price_inc_tax":0},"es":{"price":0,"sale_price":0,"active":false,"url":null,"parent_url":"","tax_rate":0,"price_inc_tax":0,"sale_price_inc_tax":0},"dk":{"price":0,"sale_price":0,"active":false,"url":null,"parent_url":"","tax_rate":0,"price_inc_tax":0,"sale_price_inc_tax":0},"com":{"price":0,"sale_price":0,"active":false,"url":null,"parent_url":"","tax_rate":0,"price_inc_tax":0,"sale_price_inc_tax":0}},"market_nl_price":0,"market_nl_sale_price":0,"market_nl_active":false,"market_nl_url":null,"market_nl_parent_url":"","market_nl_tax_rate":0,"market_nl_price_inc_tax":0,"market_nl_sale_price_inc_tax":0,"market_de_price":0,"market_de_sale_price":0,"market_de_active":false,"market_de_url":null,"market_de_parent_url":"","market_de_tax_rate":0,"market_de_price_inc_tax":0,"market_de_sale_price_inc_tax":0,"market_be_price":0,"market_be_sale_price":0,"market_be_active":false,"market_be_url":null,"market_be_parent_url":"","market_be_tax_rate":0,"market_be_price_inc_tax":0,"market_be_sale_price_inc_tax":0,"market_fr_price":0,"market_fr_sale_price":0,"market_fr_active":false,"market_fr_url":null,"market_fr_parent_url":"","market_fr_tax_rate":0,"market_fr_price_inc_tax":0,"market_fr_sale_price_inc_tax":0,"market_ch_price":0,"market_ch_sale_price":0,"market_ch_active":false,"market_ch_url":null,"market_ch_parent_url":"","market_ch_tax_rate":0,"market_ch_price_inc_tax":0,"market_ch_sale_price_inc_tax":0,"market_at_price":0,"market_at_sale_price":0,"market_at_active":false,"market_at_url":null,"market_at_parent_url":"","market_at_tax_rate":0,"market_at_price_inc_tax":0,"market_at_sale_price_inc_tax":0,"market_es_price":0,"market_es_sale_price":0,"market_es_active":false,"market_es_url":null,"market_es_parent_url":"","market_es_tax_rate":0,"market_es_price_inc_tax":0,"market_es_sale_price_inc_tax":0,"market_dk_price":0,"market_dk_sale_price":0,"market_dk_active":false,"market_dk_url":null,"market_dk_parent_url":"","market_dk_tax_rate":0,"market_dk_price_inc_tax":0,"market_dk_sale_price_inc_tax":0,"market_com_price":0,"market_com_sale_price":0,"market_com_active":false,"market_com_url":null,"market_com_parent_url":"","market_com_tax_rate":0,"market_com_price_inc_tax":0,"market_com_sale_price_inc_tax":0,"acf":[],"_links":{"self":[{"href":"https:\/\/www.pharmacy4pets.nl\/be\/wp-json\/wp\/v2\/product\/118588","targetHints":{"allow":["GET"]}}],"collection":[{"href":"https:\/\/www.pharmacy4pets.nl\/be\/wp-json\/wp\/v2\/product"}],"about":[{"href":"https:\/\/www.pharmacy4pets.nl\/be\/wp-json\/wp\/v2\/types\/product"}],"replies":[{"embeddable":true,"href":"https:\/\/www.pharmacy4pets.nl\/be\/wp-json\/wp\/v2\/comments?post=118588"}],"wp:featuredmedia":[{"embeddable":true,"href":"https:\/\/www.pharmacy4pets.nl\/be\/wp-json\/wp\/v2\/media\/118587"}],"wp:attachment":[{"href":"https:\/\/www.pharmacy4pets.nl\/be\/wp-json\/wp\/v2\/media?parent=118588"}],"wp:term":[{"taxonomy":"product_brand","embeddable":true,"href":"https:\/\/www.pharmacy4pets.nl\/be\/wp-json\/wp\/v2\/product_brand?post=118588"},{"taxonomy":"product_cat","embeddable":true,"href":"https:\/\/www.pharmacy4pets.nl\/be\/wp-json\/wp\/v2\/product_cat?post=118588"},{"taxonomy":"product_tag","embeddable":true,"href":"https:\/\/www.pharmacy4pets.nl\/be\/wp-json\/wp\/v2\/product_tag?post=118588"}],"curies":[{"name":"wp","href":"https:\/\/api.w.org\/{rel}","templated":true}]}}