{"id":118586,"date":"2017-07-27T08:27:04","date_gmt":"2017-07-27T08:27:04","guid":{"rendered":"https:\/\/p4p.test\/equistro-myo-power"},"modified":"2026-04-14T08:02:51","modified_gmt":"2026-04-14T08:02:51","slug":"equistro-myo-power","status":"publish","type":"product","link":"https:\/\/www.pharmacy4pets.nl\/be\/equistro-myo-power","title":{"rendered":"Equistro Myo Power 1,2 kg"},"content":{"rendered":"<p>Equistro Myo Power is een voedingssupplement bestemd voor de ondersteuning van de gezonde ontwikkeling van spieren en conditie. Dit eiwitconcentraat is goed voor de spierontwikkeling en ondersteunt daarnaast de algehele conditie van jonge en atletische paarden.<\/p>\n<p><span style=\"text-decoration: underline;\">Toediening:<br \/><\/span>Equistro Mega Base door het voer van uw paard mengen, bij voorkeur na een intensieve inspanning.<\/p>\n<p><span style=\"text-decoration: underline;\">Dosering:<\/span><\/p>\n<table style=\"\" border=\"1\">\n<thead>\n<tr>\n<td colspan=\"3\">\n<p style=\"text-align: center;\"><strong>Dosering<\/strong><\/p>\n<\/td>\n<\/tr>\n<\/thead>\n<tbody>\n<tr>\n<td>\n<p><strong><i>Dier en Gewicht<\/i><\/strong><\/p>\n<\/td>\n<td>\n<p><strong><i>Dosering week 1 t\/m 3<\/i><\/strong><\/p>\n<\/td>\n<td>\n<p><strong><i>Dosering week 4 t\/m 7<\/i><\/strong><\/p>\n<\/td>\n<\/tr>\n<tr>\n<td>\n<p>Volwassen paard (&plusmn;500kg)<\/p>\n<\/td>\n<td>\n<p>75 gram per dag<\/p>\n<\/td>\n<td>\n<p>50 gram per dag<\/p>\n<\/td>\n<\/tr>\n<tr>\n<td>\n<p>Pony \/ veulen<\/p>\n<\/td>\n<td>\n<p>50 gram per dag<\/p>\n<\/td>\n<td>\n<p>25 gram per dag<\/p>\n<\/td>\n<\/tr>\n<\/tbody>\n<\/table>\n<p>&nbsp;<\/p>\n<p><span style=\"text-decoration: underline;\">Verpakking:<br \/><\/span>Emmer &agrave; 1200 gram<\/p>\n","protected":false},"excerpt":{"rendered":"<p>Equistro Myo Power is een voedingssupplement bestemd voor de ondersteuning van de gezonde ontwikkeling van spieren en conditie. Dit eiwitconcentraat is goed voor de spierontwikkeling en ondersteunt daarnaast de algehele conditie van jonge en atletische paarden. Toediening:Equistro Mega Base door het voer van uw paard mengen, bij voorkeur na een intensieve inspanning. Dosering: Dosering Dier [&hellip;]<\/p>\n","protected":false},"featured_media":118585,"comment_status":"open","ping_status":"closed","template":"","meta":{"_acf_changed":false,"_nl_post_content":"<p>Equistro Myo Power is een voedingssupplement bestemd voor de ondersteuning van de gezonde ontwikkeling van spieren en conditie. Dit eiwitconcentraat is goed voor de spierontwikkeling en ondersteunt daarnaast de algehele conditie van jonge en atletische paarden.<\/p>\r\n<p><span style=\"text-decoration: underline;\">Toediening:<br \/><\/span>Equistro Mega Base door het voer van uw paard mengen, bij voorkeur na een intensieve inspanning.<\/p>\r\n<p><span style=\"text-decoration: underline;\">Dosering:<\/span><\/p>\r\n<table style=\"\" border=\"1\">\r\n<thead>\r\n<tr>\r\n<td colspan=\"3\">\r\n<p style=\"text-align: center;\"><strong>Dosering<\/strong><\/p>\r\n<\/td>\r\n<\/tr>\r\n<\/thead>\r\n<tbody>\r\n<tr>\r\n<td>\r\n<p><strong><i>Dier en Gewicht<\/i><\/strong><\/p>\r\n<\/td>\r\n<td>\r\n<p><strong><i>Dosering week 1 t\/m 3<\/i><\/strong><\/p>\r\n<\/td>\r\n<td>\r\n<p><strong><i>Dosering week 4 t\/m 7<\/i><\/strong><\/p>\r\n<\/td>\r\n<\/tr>\r\n<tr>\r\n<td>\r\n<p>Volwassen paard (&plusmn;500kg)<\/p>\r\n<\/td>\r\n<td>\r\n<p>75 gram per dag<\/p>\r\n<\/td>\r\n<td>\r\n<p>50 gram per dag<\/p>\r\n<\/td>\r\n<\/tr>\r\n<tr>\r\n<td>\r\n<p>Pony \/ veulen<\/p>\r\n<\/td>\r\n<td>\r\n<p>50 gram per dag<\/p>\r\n<\/td>\r\n<td>\r\n<p>25 gram per dag<\/p>\r\n<\/td>\r\n<\/tr>\r\n<\/tbody>\r\n<\/table>\r\n<p>&nbsp;<\/p>\r\n<p><span style=\"text-decoration: underline;\">Verpakking:<br \/><\/span>Emmer &agrave; 1200 gram<\/p>","_nl_post_name":"equistro-myo-power","_nl_post_excerpt":"","_nl_post_title":"Equistro Myo Power 1,2 kg","_en_post_content":"<p>Equistro Myo Power is nutritional supplement designed to support a healthy development of muscles and a good condition. This protein concentrate is good for muscle development and supports the overall fitness of young an athletic horse.<\/p>\r\n<p><span style=\"text-decoration: underline;\">Administration:<br \/><\/span>Mix Equistro Mega Base with the food and give to your horse, preferably after intensive effort<\/p>\r\n<p><span style=\"text-decoration: underline;\">Dosage:<\/span><\/p>\r\n<table style=\"\" border=\"1\">\r\n<thead>\r\n<tr>\r\n<td colspan=\"3\">\r\n<p style=\"text-align: center;\"><strong>Dosage<\/strong><\/p>\r\n<\/td>\r\n<\/tr>\r\n<\/thead>\r\n<tbody>\r\n<tr>\r\n<td>\r\n<p><strong><i>Animal and weight<\/i><\/strong><\/p>\r\n<\/td>\r\n<td>\r\n<p><strong><i>Dosage week 1 &ndash; 3<\/i><\/strong><\/p>\r\n<\/td>\r\n<td>\r\n<p><strong><i>Dosage week 4 -7 <\/i><\/strong><\/p>\r\n<\/td>\r\n<\/tr>\r\n<tr>\r\n<td>\r\n<p>Adult Horse<\/p>\r\n<\/td>\r\n<td>\r\n<p>75 grams a day<\/p>\r\n<\/td>\r\n<td>\r\n<p>50 grams a day<\/p>\r\n<\/td>\r\n<\/tr>\r\n<tr>\r\n<td>\r\n<p>Pony \/ foal<\/p>\r\n<\/td>\r\n<td>\r\n<p>50 grams a day<\/p>\r\n<\/td>\r\n<td>\r\n<p>25 grams a day<\/p>\r\n<\/td>\r\n<\/tr>\r\n<\/tbody>\r\n<\/table>\r\n<p>&nbsp;<\/p>\r\n<p><span style=\"text-decoration: underline;\">Package:<br \/><\/span>1200 grams<\/p>","_en_post_name":"equistro-myo-power","_en_post_excerpt":"","_en_post_title":"Equistro Myo Power 1,2 kg","_de_post_content":"<p>Equistro Myo Power ist ein Erg&auml;nzungsfuttermittel speziell entwickelt f&uuml;r die gesunde Entwicklung der Muskulatur. Diese Proteinkonzentrate ist gut f&uuml;r den Muskelaufbau und unterst&uuml;tzt den Gesamtzustand der jungen und sportlichen Pferde<\/p>\r\n<p><span style=\"text-decoration: underline;\">Anwendung:<br \/><\/span>Mischen Sie Equistro Mega Base mit dem Futter, geben Sie es vorzugsweise nach intensivem Training.<\/p>\r\n<p><span style=\"text-decoration: underline;\">Dosierung:<\/span><\/p>\r\n<table style=\"\" border=\"1\">\r\n<thead>\r\n<tr>\r\n<td colspan=\"3\">\r\n<p style=\"text-align: center;\"><strong>Dosierung<\/strong><\/p>\r\n<\/td>\r\n<\/tr>\r\n<\/thead>\r\n<tbody>\r\n<tr>\r\n<td>\r\n<p><strong><i>Tier und Gewicht<\/i><\/strong><\/p>\r\n<\/td>\r\n<td>\r\n<p><strong><i>Dosierung Woche 1 bis 3<\/i><\/strong><\/p>\r\n<\/td>\r\n<td>\r\n<p><strong><i>Dosierung Woche 4 bis 7<\/i><\/strong><\/p>\r\n<\/td>\r\n<\/tr>\r\n<tr>\r\n<td>\r\n<p>Erwachsenes Pferd<\/p>\r\n<\/td>\r\n<td>\r\n<p>75 Gramm pro Tag<\/p>\r\n<\/td>\r\n<td>\r\n<p>50 Gramm pro Tag<\/p>\r\n<\/td>\r\n<\/tr>\r\n<tr>\r\n<td>\r\n<p>Pony \/ Fohlen<\/p>\r\n<\/td>\r\n<td>\r\n<p>50 Gramm pro Tag<\/p>\r\n<\/td>\r\n<td>\r\n<p>25 Gramm pro tag<\/p>\r\n<\/td>\r\n<\/tr>\r\n<\/tbody>\r\n<\/table>\r\n<p>&nbsp;<\/p>\r\n<p><span style=\"text-decoration: underline;\">Verpackung:<br \/><\/span>1200 Gramm<\/p>","_de_post_name":"equistro-myo-power","_de_post_excerpt":"","_de_post_title":"Equistro Myo Power 1,2 kg ","_fr_post_content":"<p>Equistro Myo Power est un compl&eacute;ment alimentaire destin&eacute; &agrave; favoriser un d&eacute;veloppement sain des muscles et de la condition. Ce concentr&eacute; de prot&eacute;ines est bon pour le d&eacute;veloppement musculaire et soutient &eacute;galement la condition g&eacute;n&eacute;rale des jeunes chevaux et des chevaux athl&eacute;tiques.<\/p>\r\n<p><span style=\"text-decoration: underline;\">Administration :<br \/><\/span>M&eacute;langez Equistro Mega Base &agrave; la nourriture de votre cheval, de pr&eacute;f&eacute;rence apr&egrave;s un effort intensif.<\/p>\r\n<p><span style=\"text-decoration: underline;\">Dosage :<\/span><\/p>\r\n<table border=\"1\" style=\"\">\r\n<thead>\r\n<tr>\r\n<td colspan=\"3\">\r\n<p style=\"text-align: center;\"><strong>Dosage<\/strong><\/p>\r\n<\/td>\r\n<\/tr>\r\n<\/thead>\r\n<tbody>\r\n<tr>\r\n<td>\r\n<p><strong><em>Animal et poids<\/em><\/strong><\/p>\r\n<\/td>\r\n<td>\r\n<p><strong><em>Dosage semaine 1 &agrave; 3<\/em><\/strong><\/p>\r\n<\/td>\r\n<td>\r\n<p><strong><em>Dosage semaine 4 &agrave; 7<\/em><\/strong><\/p>\r\n<\/td>\r\n<\/tr>\r\n<tr>\r\n<td>\r\n<p>Cheval adulte (&plusmn;500kg)<\/p>\r\n<\/td>\r\n<td>\r\n<p>75 grammes par jour<\/p>\r\n<\/td>\r\n<td>\r\n<p>50 grammes par jour<\/p>\r\n<\/td>\r\n<\/tr>\r\n<tr>\r\n<td>\r\n<p>Poney \/ poulain<\/p>\r\n<\/td>\r\n<td>\r\n<p>50 grammes par jour<\/p>\r\n<\/td>\r\n<td>\r\n<p>25 grammes par jour<\/p>\r\n<\/td>\r\n<\/tr>\r\n<\/tbody>\r\n<\/table>\r\n<p>&nbsp;<\/p>\r\n<p><span style=\"text-decoration: underline;\">Emballage :<br \/><\/span>Seau de 1200 grammes<\/p>","_fr_post_name":"equistro-myo-power","_fr_post_excerpt":"","_fr_post_title":"Equistro Myo Power 1,2 kg ","_es_post_content":"<p>Equistro Myo Power es un suplemento alimenticio rico en prote\u00ednas para caballos. Destinado a apoyar el desarrollo saludable de los m\u00fasculos y la forma f\u00edsica de caballos. Este suplemento alimenticio rico con prote\u00ednas es bueno para el desarrollo muscular y tambi\u00e9n apoya el estado general de los caballos j\u00f3venes y atl\u00e9ticos.<\/p>\r\n<h3>Administraci\u00f3n<\/h3>\r\n<p>Mezcla Equistro Myo Power con el pienso de su caballo, preferiblemente despu\u00e9s de un intenso esfuerzo.<\/p>\r\n<h3>Dosis de Equistro Myo Power<\/h3>\r\n<table style=\"\" border=\"1\">\r\n<thead>\r\n<tr>\r\n<td colspan=\"3\">\r\n<p style=\"text-align: center;\"><strong>Dosis<\/strong><\/p>\r\n<\/td>\r\n<\/tr>\r\n<\/thead>\r\n<tbody>\r\n<tr>\r\n<td>\r\n<p><strong><em>Animal y peso<\/em><\/strong><\/p>\r\n<\/td>\r\n<td>\r\n<p><strong><em>Dosis semana 1 t\/m 3<\/em><\/strong><\/p>\r\n<\/td>\r\n<td>\r\n<p><strong><em>Dosis semana 4 t\/m 7<\/em><\/strong><\/p>\r\n<\/td>\r\n<\/tr>\r\n<tr>\r\n<td>\r\n<p>Caballos adultos (\u00b1500 kg)<\/p>\r\n<\/td>\r\n<td>\r\n<p>75 gramos por d\u00eda<\/p>\r\n<\/td>\r\n<td>\r\n<p>50 gramos por d\u00eda<\/p>\r\n<\/td>\r\n<\/tr>\r\n<tr>\r\n<td>\r\n<p>Ponis y potros<\/p>\r\n<\/td>\r\n<td>\r\n<p>50 gramos por d\u00eda<\/p>\r\n<\/td>\r\n<td>\r\n<p>25 gramos por d\u00eda<\/p>\r\n<\/td>\r\n<\/tr>\r\n<\/tbody>\r\n<\/table>\r\n<h3>Emballage<\/h3>\r\n<p>Balde con 1200 gramos de granulado.<\/p>","_es_post_name":"equistro-myo-power","_es_post_excerpt":"","_es_post_title":"Equistro Myo Power 1,2 kg","edit_language":"nl"},"product_brand":[],"product_cat":[1921,1812,1811,1857,1809],"product_tag":[],"class_list":{"0":"post-118586","1":"product","2":"type-product","3":"status-publish","4":"has-post-thumbnail","6":"product_cat-equistro","7":"product_cat-gewrichten-spieren","8":"product_cat-medicijnen-supplementen","9":"product_cat-merken","10":"product_cat-paarden","11":"pa_aandoening-overig","12":"pa_doeldier-ezel","13":"pa_doeldier-paard","14":"pa_fabricatieland-belgie","15":"pa_merkfilter-equistro","16":"pa_merkgroep-equistro","17":"pa_productsoort-voedingssupplement","18":"pa_seo_canonical_store_id-not_found_value","19":"pa_seo_category-not_found_value","20":"pa_seo_meta_robots-not_found_value","21":"pa_toedieningswijze-granulaat","22":"pa_unit_pricing_base_measure-1kg","23":"pa_unit_pricing_measure-1_2kg","24":"pa_werkzamestof-overig","26":"first","27":"instock","28":"taxable","29":"shipping-taxable","30":"purchasable","31":"product-type-simple"},"yoast_head":"<!-- This site is optimized with the Yoast SEO plugin v27.5 - https:\/\/yoast.com\/product\/yoast-seo-wordpress\/ -->\n<title>Equistro Mega Base | Eiwitconcentraat Paard | Spieren<\/title>\n<meta name=\"description\" content=\"Equistro Myo Power is een voedingssupplement (eiwitconcentraat) bestemd voor de ondersteuning van de gezonde ontwikkeling van spieren en conditie.\" \/>\n<meta name=\"robots\" content=\"index, follow, max-snippet:-1, max-image-preview:large, max-video-preview:-1\" \/>\n<link rel=\"canonical\" href=\"https:\/\/p4p-nl.bootmine.com\/%product-slug%\/equistro-myo-power\" \/>\n<meta property=\"og:locale\" content=\"nl_NL\" \/>\n<meta property=\"og:type\" content=\"article\" \/>\n<meta property=\"og:title\" content=\"Equistro Mega Base | Eiwitconcentraat Paard | Spieren\" \/>\n<meta property=\"og:description\" content=\"Equistro Myo Power is een voedingssupplement (eiwitconcentraat) bestemd voor de ondersteuning van de gezonde ontwikkeling van spieren en conditie.\" \/>\n<meta property=\"og:url\" content=\"https:\/\/p4p-nl.bootmine.com\/%product-slug%\/equistro-myo-power\" \/>\n<meta property=\"og:site_name\" content=\"Pharmacy4pets\" \/>\n<meta property=\"article:publisher\" content=\"https:\/\/www.facebook.com\/people\/Pharmacy4petsnl\/100063484989896\/\" \/>\n<meta property=\"article:modified_time\" content=\"2026-04-14T08:02:51+00:00\" \/>\n<meta property=\"og:image\" content=\"https:\/\/p4p-nl.bootmine.com\/wp-content\/uploads\/2017\/07\/22070.jpg\" \/>\n\t<meta property=\"og:image:width\" content=\"310\" \/>\n\t<meta property=\"og:image:height\" content=\"310\" \/>\n\t<meta property=\"og:image:type\" content=\"image\/jpeg\" \/>\n<meta name=\"twitter:card\" content=\"summary_large_image\" \/>\n<script type=\"application\/ld+json\" class=\"yoast-schema-graph\">{\"@context\":\"https:\\\/\\\/schema.org\",\"@graph\":[{\"@type\":\"WebPage\",\"@id\":\"https:\\\/\\\/p4p-nl.bootmine.com\\\/%product-slug%\\\/equistro-myo-power\",\"url\":\"https:\\\/\\\/p4p-nl.bootmine.com\\\/%product-slug%\\\/equistro-myo-power\",\"name\":\"Equistro Mega Base | Eiwitconcentraat Paard | Spieren\",\"isPartOf\":{\"@id\":\"http:\\\/\\\/www.pharmacy4pets.nl\\\/#website\"},\"primaryImageOfPage\":{\"@id\":\"https:\\\/\\\/p4p-nl.bootmine.com\\\/%product-slug%\\\/equistro-myo-power#primaryimage\"},\"image\":{\"@id\":\"https:\\\/\\\/p4p-nl.bootmine.com\\\/%product-slug%\\\/equistro-myo-power#primaryimage\"},\"thumbnailUrl\":\"https:\\\/\\\/www.pharmacy4pets.nl\\\/wp-content\\\/uploads\\\/2017\\\/07\\\/22070.jpg\",\"datePublished\":\"2017-07-27T08:27:04+00:00\",\"dateModified\":\"2026-04-14T08:02:51+00:00\",\"description\":\"Equistro Myo Power is een voedingssupplement (eiwitconcentraat) bestemd voor de ondersteuning van de gezonde ontwikkeling van spieren en conditie.\",\"breadcrumb\":{\"@id\":\"https:\\\/\\\/p4p-nl.bootmine.com\\\/%product-slug%\\\/equistro-myo-power#breadcrumb\"},\"inLanguage\":\"nl-NL\",\"potentialAction\":[{\"@type\":\"ReadAction\",\"target\":[\"https:\\\/\\\/p4p-nl.bootmine.com\\\/%product-slug%\\\/equistro-myo-power\"]}]},{\"@type\":\"ImageObject\",\"inLanguage\":\"nl-NL\",\"@id\":\"https:\\\/\\\/p4p-nl.bootmine.com\\\/%product-slug%\\\/equistro-myo-power#primaryimage\",\"url\":\"https:\\\/\\\/www.pharmacy4pets.nl\\\/wp-content\\\/uploads\\\/2017\\\/07\\\/22070.jpg\",\"contentUrl\":\"https:\\\/\\\/www.pharmacy4pets.nl\\\/wp-content\\\/uploads\\\/2017\\\/07\\\/22070.jpg\",\"width\":310,\"height\":310,\"caption\":\"Equistro\"},{\"@type\":\"BreadcrumbList\",\"@id\":\"https:\\\/\\\/p4p-nl.bootmine.com\\\/%product-slug%\\\/equistro-myo-power#breadcrumb\",\"itemListElement\":[{\"@type\":\"ListItem\",\"position\":1,\"name\":\"Home\",\"item\":\"https:\\\/\\\/p4p-nl.bootmine.com\\\/\"},{\"@type\":\"ListItem\",\"position\":2,\"name\":\"Winkel\",\"item\":\"https:\\\/\\\/p4p-nl.bootmine.com\\\/winkel\"},{\"@type\":\"ListItem\",\"position\":3,\"name\":\"Equistro Myo Power 1,2 kg\"}]},{\"@type\":\"WebSite\",\"@id\":\"http:\\\/\\\/www.pharmacy4pets.nl\\\/#website\",\"url\":\"http:\\\/\\\/www.pharmacy4pets.nl\\\/\",\"name\":\"Pharmacy4pets\",\"description\":\"Pharmacy4pets.nl is d\u00e9 online apotheek waar u terecht kunt voor alle diergeneesmiddelen, verzorgingsproducten en dieetvoeding voor uw huisdier.\",\"publisher\":{\"@id\":\"http:\\\/\\\/www.pharmacy4pets.nl\\\/#organization\"},\"potentialAction\":[{\"@type\":\"SearchAction\",\"target\":{\"@type\":\"EntryPoint\",\"urlTemplate\":\"http:\\\/\\\/www.pharmacy4pets.nl\\\/?s={search_term_string}\"},\"query-input\":{\"@type\":\"PropertyValueSpecification\",\"valueRequired\":true,\"valueName\":\"search_term_string\"}}],\"inLanguage\":\"nl-NL\"},{\"@type\":\"Organization\",\"@id\":\"http:\\\/\\\/www.pharmacy4pets.nl\\\/#organization\",\"name\":\"Pharmacy4pets\",\"url\":\"http:\\\/\\\/www.pharmacy4pets.nl\\\/\",\"logo\":{\"@type\":\"ImageObject\",\"inLanguage\":\"nl-NL\",\"@id\":\"http:\\\/\\\/www.pharmacy4pets.nl\\\/#\\\/schema\\\/logo\\\/image\\\/\",\"url\":\"https:\\\/\\\/p4p-nl.bootmine.com\\\/wp-content\\\/uploads\\\/2026\\\/03\\\/logo-pharmacy4pets.png\",\"contentUrl\":\"https:\\\/\\\/p4p-nl.bootmine.com\\\/wp-content\\\/uploads\\\/2026\\\/03\\\/logo-pharmacy4pets.png\",\"width\":1024,\"height\":135,\"caption\":\"Pharmacy4pets\"},\"image\":{\"@id\":\"http:\\\/\\\/www.pharmacy4pets.nl\\\/#\\\/schema\\\/logo\\\/image\\\/\"},\"sameAs\":[\"https:\\\/\\\/www.facebook.com\\\/people\\\/Pharmacy4petsnl\\\/100063484989896\\\/\",\"https:\\\/\\\/www.youtube.com\\\/channel\\\/UCGPTIgucgli03tP2_kvLkHg\\\/featured\",\"https:\\\/\\\/www.instagram.com\\\/pharmacy4pets.nl\"]}]}<\/script>\n<!-- \/ Yoast SEO plugin. -->","yoast_head_json":{"title":"Equistro Mega Base | Eiwitconcentraat Paard | Spieren","description":"Equistro Myo Power is een voedingssupplement (eiwitconcentraat) bestemd voor de ondersteuning van de gezonde ontwikkeling van spieren en conditie.","robots":{"index":"index","follow":"follow","max-snippet":"max-snippet:-1","max-image-preview":"max-image-preview:large","max-video-preview":"max-video-preview:-1"},"canonical":"https:\/\/p4p-nl.bootmine.com\/%product-slug%\/equistro-myo-power","og_locale":"nl_NL","og_type":"article","og_title":"Equistro Mega Base | Eiwitconcentraat Paard | Spieren","og_description":"Equistro Myo Power is een voedingssupplement (eiwitconcentraat) bestemd voor de ondersteuning van de gezonde ontwikkeling van spieren en conditie.","og_url":"https:\/\/p4p-nl.bootmine.com\/%product-slug%\/equistro-myo-power","og_site_name":"Pharmacy4pets","article_publisher":"https:\/\/www.facebook.com\/people\/Pharmacy4petsnl\/100063484989896\/","article_modified_time":"2026-04-14T08:02:51+00:00","og_image":[{"width":310,"height":310,"url":"https:\/\/p4p-nl.bootmine.com\/wp-content\/uploads\/2017\/07\/22070.jpg","type":"image\/jpeg"}],"twitter_card":"summary_large_image","schema":{"@context":"https:\/\/schema.org","@graph":[{"@type":"WebPage","@id":"https:\/\/p4p-nl.bootmine.com\/%product-slug%\/equistro-myo-power","url":"https:\/\/p4p-nl.bootmine.com\/%product-slug%\/equistro-myo-power","name":"Equistro Mega Base | Eiwitconcentraat Paard | Spieren","isPartOf":{"@id":"http:\/\/www.pharmacy4pets.nl\/#website"},"primaryImageOfPage":{"@id":"https:\/\/p4p-nl.bootmine.com\/%product-slug%\/equistro-myo-power#primaryimage"},"image":{"@id":"https:\/\/p4p-nl.bootmine.com\/%product-slug%\/equistro-myo-power#primaryimage"},"thumbnailUrl":"https:\/\/www.pharmacy4pets.nl\/wp-content\/uploads\/2017\/07\/22070.jpg","datePublished":"2017-07-27T08:27:04+00:00","dateModified":"2026-04-14T08:02:51+00:00","description":"Equistro Myo Power is een voedingssupplement (eiwitconcentraat) bestemd voor de ondersteuning van de gezonde ontwikkeling van spieren en conditie.","breadcrumb":{"@id":"https:\/\/p4p-nl.bootmine.com\/%product-slug%\/equistro-myo-power#breadcrumb"},"inLanguage":"nl-NL","potentialAction":[{"@type":"ReadAction","target":["https:\/\/p4p-nl.bootmine.com\/%product-slug%\/equistro-myo-power"]}]},{"@type":"ImageObject","inLanguage":"nl-NL","@id":"https:\/\/p4p-nl.bootmine.com\/%product-slug%\/equistro-myo-power#primaryimage","url":"https:\/\/www.pharmacy4pets.nl\/wp-content\/uploads\/2017\/07\/22070.jpg","contentUrl":"https:\/\/www.pharmacy4pets.nl\/wp-content\/uploads\/2017\/07\/22070.jpg","width":310,"height":310,"caption":"Equistro"},{"@type":"BreadcrumbList","@id":"https:\/\/p4p-nl.bootmine.com\/%product-slug%\/equistro-myo-power#breadcrumb","itemListElement":[{"@type":"ListItem","position":1,"name":"Home","item":"https:\/\/p4p-nl.bootmine.com\/"},{"@type":"ListItem","position":2,"name":"Winkel","item":"https:\/\/p4p-nl.bootmine.com\/winkel"},{"@type":"ListItem","position":3,"name":"Equistro Myo Power 1,2 kg"}]},{"@type":"WebSite","@id":"http:\/\/www.pharmacy4pets.nl\/#website","url":"http:\/\/www.pharmacy4pets.nl\/","name":"Pharmacy4pets","description":"Pharmacy4pets.nl is d\u00e9 online apotheek waar u terecht kunt voor alle diergeneesmiddelen, verzorgingsproducten en dieetvoeding voor uw huisdier.","publisher":{"@id":"http:\/\/www.pharmacy4pets.nl\/#organization"},"potentialAction":[{"@type":"SearchAction","target":{"@type":"EntryPoint","urlTemplate":"http:\/\/www.pharmacy4pets.nl\/?s={search_term_string}"},"query-input":{"@type":"PropertyValueSpecification","valueRequired":true,"valueName":"search_term_string"}}],"inLanguage":"nl-NL"},{"@type":"Organization","@id":"http:\/\/www.pharmacy4pets.nl\/#organization","name":"Pharmacy4pets","url":"http:\/\/www.pharmacy4pets.nl\/","logo":{"@type":"ImageObject","inLanguage":"nl-NL","@id":"http:\/\/www.pharmacy4pets.nl\/#\/schema\/logo\/image\/","url":"https:\/\/p4p-nl.bootmine.com\/wp-content\/uploads\/2026\/03\/logo-pharmacy4pets.png","contentUrl":"https:\/\/p4p-nl.bootmine.com\/wp-content\/uploads\/2026\/03\/logo-pharmacy4pets.png","width":1024,"height":135,"caption":"Pharmacy4pets"},"image":{"@id":"http:\/\/www.pharmacy4pets.nl\/#\/schema\/logo\/image\/"},"sameAs":["https:\/\/www.facebook.com\/people\/Pharmacy4petsnl\/100063484989896\/","https:\/\/www.youtube.com\/channel\/UCGPTIgucgli03tP2_kvLkHg\/featured","https:\/\/www.instagram.com\/pharmacy4pets.nl"]}]}},"market_data":{"nl":{"price":0,"sale_price":0,"active":false,"url":null,"parent_url":"","tax_rate":0,"price_inc_tax":0,"sale_price_inc_tax":0},"de":{"price":0,"sale_price":0,"active":false,"url":null,"parent_url":"","tax_rate":0,"price_inc_tax":0,"sale_price_inc_tax":0},"be":{"price":0,"sale_price":0,"active":false,"url":null,"parent_url":"","tax_rate":0,"price_inc_tax":0,"sale_price_inc_tax":0},"fr":{"price":0,"sale_price":0,"active":false,"url":null,"parent_url":"","tax_rate":0,"price_inc_tax":0,"sale_price_inc_tax":0},"ch":{"price":0,"sale_price":0,"active":false,"url":null,"parent_url":"","tax_rate":0,"price_inc_tax":0,"sale_price_inc_tax":0},"at":{"price":0,"sale_price":0,"active":false,"url":null,"parent_url":"","tax_rate":0,"price_inc_tax":0,"sale_price_inc_tax":0},"es":{"price":0,"sale_price":0,"active":false,"url":null,"parent_url":"","tax_rate":0,"price_inc_tax":0,"sale_price_inc_tax":0},"dk":{"price":0,"sale_price":0,"active":false,"url":null,"parent_url":"","tax_rate":0,"price_inc_tax":0,"sale_price_inc_tax":0},"com":{"price":0,"sale_price":0,"active":false,"url":null,"parent_url":"","tax_rate":0,"price_inc_tax":0,"sale_price_inc_tax":0}},"market_nl_price":0,"market_nl_sale_price":0,"market_nl_active":false,"market_nl_url":null,"market_nl_parent_url":"","market_nl_tax_rate":0,"market_nl_price_inc_tax":0,"market_nl_sale_price_inc_tax":0,"market_de_price":0,"market_de_sale_price":0,"market_de_active":false,"market_de_url":null,"market_de_parent_url":"","market_de_tax_rate":0,"market_de_price_inc_tax":0,"market_de_sale_price_inc_tax":0,"market_be_price":0,"market_be_sale_price":0,"market_be_active":false,"market_be_url":null,"market_be_parent_url":"","market_be_tax_rate":0,"market_be_price_inc_tax":0,"market_be_sale_price_inc_tax":0,"market_fr_price":0,"market_fr_sale_price":0,"market_fr_active":false,"market_fr_url":null,"market_fr_parent_url":"","market_fr_tax_rate":0,"market_fr_price_inc_tax":0,"market_fr_sale_price_inc_tax":0,"market_ch_price":0,"market_ch_sale_price":0,"market_ch_active":false,"market_ch_url":null,"market_ch_parent_url":"","market_ch_tax_rate":0,"market_ch_price_inc_tax":0,"market_ch_sale_price_inc_tax":0,"market_at_price":0,"market_at_sale_price":0,"market_at_active":false,"market_at_url":null,"market_at_parent_url":"","market_at_tax_rate":0,"market_at_price_inc_tax":0,"market_at_sale_price_inc_tax":0,"market_es_price":0,"market_es_sale_price":0,"market_es_active":false,"market_es_url":null,"market_es_parent_url":"","market_es_tax_rate":0,"market_es_price_inc_tax":0,"market_es_sale_price_inc_tax":0,"market_dk_price":0,"market_dk_sale_price":0,"market_dk_active":false,"market_dk_url":null,"market_dk_parent_url":"","market_dk_tax_rate":0,"market_dk_price_inc_tax":0,"market_dk_sale_price_inc_tax":0,"market_com_price":0,"market_com_sale_price":0,"market_com_active":false,"market_com_url":null,"market_com_parent_url":"","market_com_tax_rate":0,"market_com_price_inc_tax":0,"market_com_sale_price_inc_tax":0,"acf":[],"_links":{"self":[{"href":"https:\/\/www.pharmacy4pets.nl\/be\/wp-json\/wp\/v2\/product\/118586","targetHints":{"allow":["GET"]}}],"collection":[{"href":"https:\/\/www.pharmacy4pets.nl\/be\/wp-json\/wp\/v2\/product"}],"about":[{"href":"https:\/\/www.pharmacy4pets.nl\/be\/wp-json\/wp\/v2\/types\/product"}],"replies":[{"embeddable":true,"href":"https:\/\/www.pharmacy4pets.nl\/be\/wp-json\/wp\/v2\/comments?post=118586"}],"wp:featuredmedia":[{"embeddable":true,"href":"https:\/\/www.pharmacy4pets.nl\/be\/wp-json\/wp\/v2\/media\/118585"}],"wp:attachment":[{"href":"https:\/\/www.pharmacy4pets.nl\/be\/wp-json\/wp\/v2\/media?parent=118586"}],"wp:term":[{"taxonomy":"product_brand","embeddable":true,"href":"https:\/\/www.pharmacy4pets.nl\/be\/wp-json\/wp\/v2\/product_brand?post=118586"},{"taxonomy":"product_cat","embeddable":true,"href":"https:\/\/www.pharmacy4pets.nl\/be\/wp-json\/wp\/v2\/product_cat?post=118586"},{"taxonomy":"product_tag","embeddable":true,"href":"https:\/\/www.pharmacy4pets.nl\/be\/wp-json\/wp\/v2\/product_tag?post=118586"}],"curies":[{"name":"wp","href":"https:\/\/api.w.org\/{rel}","templated":true}]}}