{"id":118584,"date":"2017-07-27T08:08:54","date_gmt":"2017-07-27T08:08:54","guid":{"rendered":"https:\/\/p4p.test\/equistro-mega-base"},"modified":"2026-04-14T08:02:50","modified_gmt":"2026-04-14T08:02:50","slug":"equistro-mega-base","status":"publish","type":"product","link":"https:\/\/www.pharmacy4pets.nl\/be\/equistro-mega-base","title":{"rendered":"Equistro Mega Base 3 kg"},"content":{"rendered":"<p>Equistro Mega Base is een mineraal aanvullend diervoeder voor paarden met vitamines, sporenelementen en aminozuren voor de dagelijkse basisverzorging in de fokkerij en sport. Equistro Mega Base compenseert eventuele tekorten in de basisvoeding.&nbsp; De voedingsstoffen ondersteunen het skelet, het gewrichtskraakbeen en het bindweefsel.<\/p>\n<p><span style=\"text-decoration: underline;\">Toediening:<br \/><\/span>U kunt Equistro Mega Base dagelijks aan uw paard geven, mengen met het voer.<br \/>Bevat een maatschepje &agrave; 25 gram<\/p>\n<p><span style=\"text-decoration: underline;\">Dosering:<\/span><\/p>\n<table style=\"\" border=\"1\">\n<thead>\n<tr>\n<td colspan=\"2\">\n<p style=\"text-align: center;\"><strong>Dosering<\/strong><\/p>\n<\/td>\n<\/tr>\n<\/thead>\n<tbody>\n<tr>\n<td>\n<p><strong><i>Dier en Gewicht<\/i><\/strong><\/p>\n<\/td>\n<td>\n<p><strong><i>Aanbevolen Dosering<\/i><\/strong><\/p>\n<\/td>\n<\/tr>\n<tr>\n<td>\n<p>Volwassen paard (&plusmn;500kg)<\/p>\n<\/td>\n<td>\n<p>50 gram per dag<\/p>\n<\/td>\n<\/tr>\n<tr>\n<td>\n<p>Pony \/ veulen<\/p>\n<\/td>\n<td>\n<p>25 gram per dag<\/p>\n<\/td>\n<\/tr>\n<\/tbody>\n<\/table>\n<p>&nbsp;<\/p>\n<p><span style=\"text-decoration: underline;\">Verpakking:<br \/><\/span>Poeder &agrave; 3000 gram.<\/p>\n","protected":false},"excerpt":{"rendered":"<p>Equistro Mega Base is een mineraal aanvullend diervoeder voor paarden met vitamines, sporenelementen en aminozuren voor de dagelijkse basisverzorging in de fokkerij en sport. Equistro Mega Base compenseert eventuele tekorten in de basisvoeding.&nbsp; De voedingsstoffen ondersteunen het skelet, het gewrichtskraakbeen en het bindweefsel. Toediening:U kunt Equistro Mega Base dagelijks aan uw paard geven, mengen met [&hellip;]<\/p>\n","protected":false},"featured_media":118583,"comment_status":"open","ping_status":"closed","template":"","meta":{"_acf_changed":false,"_nl_post_content":"<p>Equistro Mega Base is een mineraal aanvullend diervoeder voor paarden met vitamines, sporenelementen en aminozuren voor de dagelijkse basisverzorging in de fokkerij en sport. Equistro Mega Base compenseert eventuele tekorten in de basisvoeding.&nbsp; De voedingsstoffen ondersteunen het skelet, het gewrichtskraakbeen en het bindweefsel.<\/p>\r\n<p><span style=\"text-decoration: underline;\">Toediening:<br \/><\/span>U kunt Equistro Mega Base dagelijks aan uw paard geven, mengen met het voer.<br \/>Bevat een maatschepje &agrave; 25 gram<\/p>\r\n<p><span style=\"text-decoration: underline;\">Dosering:<\/span><\/p>\r\n<table style=\"\" border=\"1\">\r\n<thead>\r\n<tr>\r\n<td colspan=\"2\">\r\n<p style=\"text-align: center;\"><strong>Dosering<\/strong><\/p>\r\n<\/td>\r\n<\/tr>\r\n<\/thead>\r\n<tbody>\r\n<tr>\r\n<td>\r\n<p><strong><i>Dier en Gewicht<\/i><\/strong><\/p>\r\n<\/td>\r\n<td>\r\n<p><strong><i>Aanbevolen Dosering<\/i><\/strong><\/p>\r\n<\/td>\r\n<\/tr>\r\n<tr>\r\n<td>\r\n<p>Volwassen paard (&plusmn;500kg)<\/p>\r\n<\/td>\r\n<td>\r\n<p>50 gram per dag<\/p>\r\n<\/td>\r\n<\/tr>\r\n<tr>\r\n<td>\r\n<p>Pony \/ veulen<\/p>\r\n<\/td>\r\n<td>\r\n<p>25 gram per dag<\/p>\r\n<\/td>\r\n<\/tr>\r\n<\/tbody>\r\n<\/table>\r\n<p>&nbsp;<\/p>\r\n<p><span style=\"text-decoration: underline;\">Verpakking:<br \/><\/span>Poeder &agrave; 3000 gram.<\/p>","_nl_post_name":"equistro-mega-base","_nl_post_excerpt":"","_nl_post_title":"Equistro Mega Base 3 kg","_en_post_content":"<p>Equistro Mega Base is a mineral supplementary feed for horses with vitamins and amino acids for daily basic care in the sports and breeding. Equistro Mega Base compensates for any deficiencies in basic nutrition. The nutrients support the skeletal, articular cartilage and connective tissue.<\/p>\r\n<p><span style=\"text-decoration: underline;\">Administration:<br \/><\/span>Mix with the food and administer daily.<br \/>Contains a measuring spoon of 25 grams<\/p>\r\n<p><span style=\"text-decoration: underline;\">Dosage:<\/span><\/p>\r\n<table style=\"\" border=\"1\">\r\n<thead>\r\n<tr>\r\n<td colspan=\"2\">\r\n<p style=\"text-align: center;\"><strong>Dosage<\/strong><\/p>\r\n<\/td>\r\n<\/tr>\r\n<\/thead>\r\n<tbody>\r\n<tr>\r\n<td>\r\n<p><strong><i>Animal and weight<\/i><\/strong><\/p>\r\n<\/td>\r\n<td>\r\n<p><strong><i>Recommended Dosage<\/i><\/strong><\/p>\r\n<\/td>\r\n<\/tr>\r\n<tr>\r\n<td>\r\n<p>Adult Horse<\/p>\r\n<\/td>\r\n<td>\r\n<p>50 grams a day<\/p>\r\n<\/td>\r\n<\/tr>\r\n<tr>\r\n<td>\r\n<p>Pony \/ foal<\/p>\r\n<\/td>\r\n<td>\r\n<p>25 grams a day<\/p>\r\n<\/td>\r\n<\/tr>\r\n<\/tbody>\r\n<\/table>\r\n<p>&nbsp;<\/p>\r\n<p><span style=\"text-decoration: underline;\">Package:<br \/><\/span>Powder 3000 grams&nbsp;<\/p>\r\n<p><span style=\"text-decoration: underline;\">&nbsp;<\/span><\/p>","_en_post_name":"equistro-mega-base","_en_post_excerpt":"","_en_post_title":"Equistro Mega Base 3 kg","_de_post_content":"<p>Equistro Mega Base ist ein Mineral Erg&auml;nzungsfuttermittel f&uuml;r Pferde mit Vitaminen, Spurenelementen und Aminos&auml;uren f&uuml;r die t&auml;gliche Grunds Versorgung in Zucht und Sport. Equistro Mega Base gleicht eventuelle M&auml;ngel in der Grundern&auml;hrung aus. Die N&auml;hrstoffe unterst&uuml;tzen das Skelett, Knorpel und Bindegewebe.<\/p>\r\n<p><span style=\"text-decoration: underline;\">Anwendung:<br \/><\/span>Sie k&ouml;nnen Ihr Pferd t&auml;glich Equistro Mega Basis mit dem Futter geben<br \/>Enth&auml;lt eine Messl&ouml;ffel von 25 Gramm<\/p>\r\n<p><span style=\"text-decoration: underline;\">Dosierung:<\/span><\/p>\r\n<table style=\"\" border=\"1\">\r\n<thead>\r\n<tr>\r\n<td colspan=\"2\">\r\n<p style=\"text-align: center;\"><strong>Dosierung<\/strong><\/p>\r\n<\/td>\r\n<\/tr>\r\n<\/thead>\r\n<tbody>\r\n<tr>\r\n<td>\r\n<p><strong><i>Tier und Gewicht<\/i><\/strong><\/p>\r\n<\/td>\r\n<td>\r\n<p><strong><i>Empfohlene dosierung<\/i><\/strong><\/p>\r\n<\/td>\r\n<\/tr>\r\n<tr>\r\n<td>\r\n<p>Erwachsenes Pferd<\/p>\r\n<\/td>\r\n<td>\r\n<p>50 Gramm pro Tag<\/p>\r\n<\/td>\r\n<\/tr>\r\n<tr>\r\n<td>\r\n<p>Pony \/ Fohlen<\/p>\r\n<\/td>\r\n<td>\r\n<p>25 Gramm pro Tag<\/p>\r\n<\/td>\r\n<\/tr>\r\n<\/tbody>\r\n<\/table>\r\n<p>&nbsp;<\/p>\r\n<p><span style=\"text-decoration: underline;\">Verpackung:<br \/><\/span>Pulver 3000 Gramm<\/p>","_de_post_name":"equistro-mega-base","_de_post_excerpt":"","_de_post_title":"Equistro Mega Base 3 kg","_fr_post_content":"<p>Equistro Mega Base est un aliment compl&eacute;mentaire min&eacute;ral pour chevaux avec des vitamines, des oligo-&eacute;l&eacute;ments et des acides amin&eacute;s pour les soins de base quotidiens dans l'&eacute;levage et le sport. Equistro Mega Base compense les &eacute;ventuelles carences de l'alimentation de base.&nbsp; Les nutriments soutiennent le squelette, le cartilage des articulations et le tissu conjonctif.<\/p>\r\n<p><span style=\"text-decoration: underline;\">Toediening:<br \/><\/span>Vous pouvez donner Equistro Mega Base chaque jour &agrave; votre cheval, m&eacute;langer &agrave; la nourriture.<br \/>Contient une cuilli&egrave;re doseuse de 25 grammes<\/p>\r\n<p><span style=\"text-decoration: underline;\">Dosage :<\/span><\/p>\r\n<table border=\"1\" style=\"\">\r\n<thead>\r\n<tr>\r\n<td colspan=\"2\">\r\n<p style=\"text-align: center;\"><strong>Dosage<\/strong><\/p>\r\n<\/td>\r\n<\/tr>\r\n<\/thead>\r\n<tbody>\r\n<tr>\r\n<td>\r\n<p><strong><em>Animal et poids<\/em><\/strong><\/p>\r\n<\/td>\r\n<td>\r\n<p><strong><em>Dosage recommand&eacute;<\/em><\/strong><\/p>\r\n<\/td>\r\n<\/tr>\r\n<tr>\r\n<td>\r\n<p>Cheval adulte (&plusmn;500kg)<\/p>\r\n<\/td>\r\n<td>\r\n<p>50 grammes par jour<\/p>\r\n<\/td>\r\n<\/tr>\r\n<tr>\r\n<td>\r\n<p>Poney \/ poulain<\/p>\r\n<\/td>\r\n<td>\r\n<p>25 grammes par jour<\/p>\r\n<\/td>\r\n<\/tr>\r\n<\/tbody>\r\n<\/table>\r\n<p>&nbsp;<\/p>\r\n<p><span style=\"text-decoration: underline;\">Emballage :<br \/><\/span>3000 grammes de poudre<\/p>","_fr_post_name":"equistro-mega-base","_fr_post_excerpt":"","_fr_post_title":"Equistro Mega Base 3 kg","_es_post_content":"<p>Equistro Mega Base es un complemento alimenticio para caballos con vitaminas, oligoelementos y amino\u00e1cidos para el cuidado diario b\u00e1sico en la cr\u00eda y el deporte. Equistro Mega Base compensa cualquier deficiencia en la nutrici\u00f3n b\u00e1sica. Los nutrientes sostienen el esqueleto, el cart\u00edlago articular y el tejido conectivo.<\/p>\r\n<h3>Administraci\u00f3n<\/h3>\r\n<p>Puedes dar Equistro Mega Base a su caballo diariamente, mezclado con el pienso.<br \/>Contiene una cuchara dosificadora de 25 gramos.<\/p>\r\n<h3>Dosis<\/h3>\r\n<table style=\"\" border=\"1\">\r\n<thead>\r\n<tr>\r\n<td colspan=\"2\">\r\n<p style=\"text-align: center;\"><strong>Dosis<\/strong><\/p>\r\n<\/td>\r\n<\/tr>\r\n<\/thead>\r\n<tbody>\r\n<tr>\r\n<td>\r\n<p><strong><em>Animal y peso<\/em><\/strong><\/p>\r\n<\/td>\r\n<td>\r\n<p><strong><em>Dosis recomendada<\/em><\/strong><\/p>\r\n<\/td>\r\n<\/tr>\r\n<tr>\r\n<td>\r\n<p>Caballos adultos (\u00b1500kg)<\/p>\r\n<\/td>\r\n<td>\r\n<p>50 gramos por d\u00eda<\/p>\r\n<\/td>\r\n<\/tr>\r\n<tr>\r\n<td>\r\n<p>Ponis y potros<\/p>\r\n<\/td>\r\n<td>\r\n<p>25 gramos por d\u00eda<\/p>\r\n<\/td>\r\n<\/tr>\r\n<\/tbody>\r\n<\/table>\r\n<h3>Emballage<\/h3>\r\n<p>Polvo de 3000 gram.<\/p>","_es_post_name":"equistro-mega-base","_es_post_excerpt":"","_es_post_title":"Equistro Mega Base 3 kg","edit_language":"nl"},"product_brand":[],"product_cat":[1921,1812,2015,1811,1857,1809],"product_tag":[],"class_list":{"0":"post-118584","1":"product","2":"type-product","3":"status-publish","4":"has-post-thumbnail","6":"product_cat-equistro","7":"product_cat-gewrichten-spieren","8":"product_cat-immuunsysteem-weerstand","9":"product_cat-medicijnen-supplementen","10":"product_cat-merken","11":"product_cat-paarden","12":"pa_aandoening-overig","13":"pa_doeldier-ezel","14":"pa_doeldier-paard","15":"pa_fabricatieland-belgie","16":"pa_merkfilter-equistro","17":"pa_merkgroep-equistro","18":"pa_productsoort-voedingssupplement","19":"pa_seo_canonical_store_id-not_found_value","20":"pa_seo_category-not_found_value","21":"pa_seo_meta_robots-not_found_value","22":"pa_toedieningswijze-poeder","23":"pa_unit_pricing_base_measure-1kg","24":"pa_unit_pricing_measure-3kg","25":"pa_werkzamestof-overig","27":"first","28":"instock","29":"taxable","30":"shipping-taxable","31":"purchasable","32":"product-type-simple"},"yoast_head":"<!-- This site is optimized with the Yoast SEO plugin v27.5 - https:\/\/yoast.com\/product\/yoast-seo-wordpress\/ -->\n<title>Equistro Mega Base | Mineralen Paard<\/title>\n<meta name=\"description\" content=\"Equistro Mega Base is een mineraal aanvullend diervoeder voor paarden ter ondersteuning van het skelet, het gewrichtskraakbeen en het bindweefsel.\" \/>\n<meta name=\"robots\" content=\"index, follow, max-snippet:-1, max-image-preview:large, max-video-preview:-1\" \/>\n<link rel=\"canonical\" href=\"https:\/\/p4p-nl.bootmine.com\/%product-slug%\/equistro-mega-base\" \/>\n<meta property=\"og:locale\" content=\"nl_NL\" \/>\n<meta property=\"og:type\" content=\"article\" \/>\n<meta property=\"og:title\" content=\"Equistro Mega Base | Mineralen Paard\" \/>\n<meta property=\"og:description\" content=\"Equistro Mega Base is een mineraal aanvullend diervoeder voor paarden ter ondersteuning van het skelet, het gewrichtskraakbeen en het bindweefsel.\" \/>\n<meta property=\"og:url\" content=\"https:\/\/p4p-nl.bootmine.com\/%product-slug%\/equistro-mega-base\" \/>\n<meta property=\"og:site_name\" content=\"Pharmacy4pets\" \/>\n<meta property=\"article:publisher\" content=\"https:\/\/www.facebook.com\/people\/Pharmacy4petsnl\/100063484989896\/\" \/>\n<meta property=\"article:modified_time\" content=\"2026-04-14T08:02:50+00:00\" \/>\n<meta property=\"og:image\" content=\"https:\/\/p4p-nl.bootmine.com\/wp-content\/uploads\/2017\/07\/22067.jpg\" \/>\n\t<meta property=\"og:image:width\" content=\"310\" \/>\n\t<meta property=\"og:image:height\" content=\"310\" \/>\n\t<meta property=\"og:image:type\" content=\"image\/jpeg\" \/>\n<meta name=\"twitter:card\" content=\"summary_large_image\" \/>\n<script type=\"application\/ld+json\" class=\"yoast-schema-graph\">{\"@context\":\"https:\\\/\\\/schema.org\",\"@graph\":[{\"@type\":\"WebPage\",\"@id\":\"https:\\\/\\\/p4p-nl.bootmine.com\\\/%product-slug%\\\/equistro-mega-base\",\"url\":\"https:\\\/\\\/p4p-nl.bootmine.com\\\/%product-slug%\\\/equistro-mega-base\",\"name\":\"Equistro Mega Base | Mineralen Paard\",\"isPartOf\":{\"@id\":\"http:\\\/\\\/www.pharmacy4pets.nl\\\/#website\"},\"primaryImageOfPage\":{\"@id\":\"https:\\\/\\\/p4p-nl.bootmine.com\\\/%product-slug%\\\/equistro-mega-base#primaryimage\"},\"image\":{\"@id\":\"https:\\\/\\\/p4p-nl.bootmine.com\\\/%product-slug%\\\/equistro-mega-base#primaryimage\"},\"thumbnailUrl\":\"https:\\\/\\\/www.pharmacy4pets.nl\\\/wp-content\\\/uploads\\\/2017\\\/07\\\/22067.jpg\",\"datePublished\":\"2017-07-27T08:08:54+00:00\",\"dateModified\":\"2026-04-14T08:02:50+00:00\",\"description\":\"Equistro Mega Base is een mineraal aanvullend diervoeder voor paarden ter ondersteuning van het skelet, het gewrichtskraakbeen en het bindweefsel.\",\"breadcrumb\":{\"@id\":\"https:\\\/\\\/p4p-nl.bootmine.com\\\/%product-slug%\\\/equistro-mega-base#breadcrumb\"},\"inLanguage\":\"nl-NL\",\"potentialAction\":[{\"@type\":\"ReadAction\",\"target\":[\"https:\\\/\\\/p4p-nl.bootmine.com\\\/%product-slug%\\\/equistro-mega-base\"]}]},{\"@type\":\"ImageObject\",\"inLanguage\":\"nl-NL\",\"@id\":\"https:\\\/\\\/p4p-nl.bootmine.com\\\/%product-slug%\\\/equistro-mega-base#primaryimage\",\"url\":\"https:\\\/\\\/www.pharmacy4pets.nl\\\/wp-content\\\/uploads\\\/2017\\\/07\\\/22067.jpg\",\"contentUrl\":\"https:\\\/\\\/www.pharmacy4pets.nl\\\/wp-content\\\/uploads\\\/2017\\\/07\\\/22067.jpg\",\"width\":310,\"height\":310,\"caption\":\"Equistro\"},{\"@type\":\"BreadcrumbList\",\"@id\":\"https:\\\/\\\/p4p-nl.bootmine.com\\\/%product-slug%\\\/equistro-mega-base#breadcrumb\",\"itemListElement\":[{\"@type\":\"ListItem\",\"position\":1,\"name\":\"Home\",\"item\":\"https:\\\/\\\/p4p-nl.bootmine.com\\\/\"},{\"@type\":\"ListItem\",\"position\":2,\"name\":\"Winkel\",\"item\":\"https:\\\/\\\/p4p-nl.bootmine.com\\\/winkel\"},{\"@type\":\"ListItem\",\"position\":3,\"name\":\"Equistro Mega Base 3 kg\"}]},{\"@type\":\"WebSite\",\"@id\":\"http:\\\/\\\/www.pharmacy4pets.nl\\\/#website\",\"url\":\"http:\\\/\\\/www.pharmacy4pets.nl\\\/\",\"name\":\"Pharmacy4pets\",\"description\":\"Pharmacy4pets.nl is d\u00e9 online apotheek waar u terecht kunt voor alle diergeneesmiddelen, verzorgingsproducten en dieetvoeding voor uw huisdier.\",\"publisher\":{\"@id\":\"http:\\\/\\\/www.pharmacy4pets.nl\\\/#organization\"},\"potentialAction\":[{\"@type\":\"SearchAction\",\"target\":{\"@type\":\"EntryPoint\",\"urlTemplate\":\"http:\\\/\\\/www.pharmacy4pets.nl\\\/?s={search_term_string}\"},\"query-input\":{\"@type\":\"PropertyValueSpecification\",\"valueRequired\":true,\"valueName\":\"search_term_string\"}}],\"inLanguage\":\"nl-NL\"},{\"@type\":\"Organization\",\"@id\":\"http:\\\/\\\/www.pharmacy4pets.nl\\\/#organization\",\"name\":\"Pharmacy4pets\",\"url\":\"http:\\\/\\\/www.pharmacy4pets.nl\\\/\",\"logo\":{\"@type\":\"ImageObject\",\"inLanguage\":\"nl-NL\",\"@id\":\"http:\\\/\\\/www.pharmacy4pets.nl\\\/#\\\/schema\\\/logo\\\/image\\\/\",\"url\":\"https:\\\/\\\/p4p-nl.bootmine.com\\\/wp-content\\\/uploads\\\/2026\\\/03\\\/logo-pharmacy4pets.png\",\"contentUrl\":\"https:\\\/\\\/p4p-nl.bootmine.com\\\/wp-content\\\/uploads\\\/2026\\\/03\\\/logo-pharmacy4pets.png\",\"width\":1024,\"height\":135,\"caption\":\"Pharmacy4pets\"},\"image\":{\"@id\":\"http:\\\/\\\/www.pharmacy4pets.nl\\\/#\\\/schema\\\/logo\\\/image\\\/\"},\"sameAs\":[\"https:\\\/\\\/www.facebook.com\\\/people\\\/Pharmacy4petsnl\\\/100063484989896\\\/\",\"https:\\\/\\\/www.youtube.com\\\/channel\\\/UCGPTIgucgli03tP2_kvLkHg\\\/featured\",\"https:\\\/\\\/www.instagram.com\\\/pharmacy4pets.nl\"]}]}<\/script>\n<!-- \/ Yoast SEO plugin. -->","yoast_head_json":{"title":"Equistro Mega Base | Mineralen Paard","description":"Equistro Mega Base is een mineraal aanvullend diervoeder voor paarden ter ondersteuning van het skelet, het gewrichtskraakbeen en het bindweefsel.","robots":{"index":"index","follow":"follow","max-snippet":"max-snippet:-1","max-image-preview":"max-image-preview:large","max-video-preview":"max-video-preview:-1"},"canonical":"https:\/\/p4p-nl.bootmine.com\/%product-slug%\/equistro-mega-base","og_locale":"nl_NL","og_type":"article","og_title":"Equistro Mega Base | Mineralen Paard","og_description":"Equistro Mega Base is een mineraal aanvullend diervoeder voor paarden ter ondersteuning van het skelet, het gewrichtskraakbeen en het bindweefsel.","og_url":"https:\/\/p4p-nl.bootmine.com\/%product-slug%\/equistro-mega-base","og_site_name":"Pharmacy4pets","article_publisher":"https:\/\/www.facebook.com\/people\/Pharmacy4petsnl\/100063484989896\/","article_modified_time":"2026-04-14T08:02:50+00:00","og_image":[{"width":310,"height":310,"url":"https:\/\/p4p-nl.bootmine.com\/wp-content\/uploads\/2017\/07\/22067.jpg","type":"image\/jpeg"}],"twitter_card":"summary_large_image","schema":{"@context":"https:\/\/schema.org","@graph":[{"@type":"WebPage","@id":"https:\/\/p4p-nl.bootmine.com\/%product-slug%\/equistro-mega-base","url":"https:\/\/p4p-nl.bootmine.com\/%product-slug%\/equistro-mega-base","name":"Equistro Mega Base | Mineralen Paard","isPartOf":{"@id":"http:\/\/www.pharmacy4pets.nl\/#website"},"primaryImageOfPage":{"@id":"https:\/\/p4p-nl.bootmine.com\/%product-slug%\/equistro-mega-base#primaryimage"},"image":{"@id":"https:\/\/p4p-nl.bootmine.com\/%product-slug%\/equistro-mega-base#primaryimage"},"thumbnailUrl":"https:\/\/www.pharmacy4pets.nl\/wp-content\/uploads\/2017\/07\/22067.jpg","datePublished":"2017-07-27T08:08:54+00:00","dateModified":"2026-04-14T08:02:50+00:00","description":"Equistro Mega Base is een mineraal aanvullend diervoeder voor paarden ter ondersteuning van het skelet, het gewrichtskraakbeen en het bindweefsel.","breadcrumb":{"@id":"https:\/\/p4p-nl.bootmine.com\/%product-slug%\/equistro-mega-base#breadcrumb"},"inLanguage":"nl-NL","potentialAction":[{"@type":"ReadAction","target":["https:\/\/p4p-nl.bootmine.com\/%product-slug%\/equistro-mega-base"]}]},{"@type":"ImageObject","inLanguage":"nl-NL","@id":"https:\/\/p4p-nl.bootmine.com\/%product-slug%\/equistro-mega-base#primaryimage","url":"https:\/\/www.pharmacy4pets.nl\/wp-content\/uploads\/2017\/07\/22067.jpg","contentUrl":"https:\/\/www.pharmacy4pets.nl\/wp-content\/uploads\/2017\/07\/22067.jpg","width":310,"height":310,"caption":"Equistro"},{"@type":"BreadcrumbList","@id":"https:\/\/p4p-nl.bootmine.com\/%product-slug%\/equistro-mega-base#breadcrumb","itemListElement":[{"@type":"ListItem","position":1,"name":"Home","item":"https:\/\/p4p-nl.bootmine.com\/"},{"@type":"ListItem","position":2,"name":"Winkel","item":"https:\/\/p4p-nl.bootmine.com\/winkel"},{"@type":"ListItem","position":3,"name":"Equistro Mega Base 3 kg"}]},{"@type":"WebSite","@id":"http:\/\/www.pharmacy4pets.nl\/#website","url":"http:\/\/www.pharmacy4pets.nl\/","name":"Pharmacy4pets","description":"Pharmacy4pets.nl is d\u00e9 online apotheek waar u terecht kunt voor alle diergeneesmiddelen, verzorgingsproducten en dieetvoeding voor uw huisdier.","publisher":{"@id":"http:\/\/www.pharmacy4pets.nl\/#organization"},"potentialAction":[{"@type":"SearchAction","target":{"@type":"EntryPoint","urlTemplate":"http:\/\/www.pharmacy4pets.nl\/?s={search_term_string}"},"query-input":{"@type":"PropertyValueSpecification","valueRequired":true,"valueName":"search_term_string"}}],"inLanguage":"nl-NL"},{"@type":"Organization","@id":"http:\/\/www.pharmacy4pets.nl\/#organization","name":"Pharmacy4pets","url":"http:\/\/www.pharmacy4pets.nl\/","logo":{"@type":"ImageObject","inLanguage":"nl-NL","@id":"http:\/\/www.pharmacy4pets.nl\/#\/schema\/logo\/image\/","url":"https:\/\/p4p-nl.bootmine.com\/wp-content\/uploads\/2026\/03\/logo-pharmacy4pets.png","contentUrl":"https:\/\/p4p-nl.bootmine.com\/wp-content\/uploads\/2026\/03\/logo-pharmacy4pets.png","width":1024,"height":135,"caption":"Pharmacy4pets"},"image":{"@id":"http:\/\/www.pharmacy4pets.nl\/#\/schema\/logo\/image\/"},"sameAs":["https:\/\/www.facebook.com\/people\/Pharmacy4petsnl\/100063484989896\/","https:\/\/www.youtube.com\/channel\/UCGPTIgucgli03tP2_kvLkHg\/featured","https:\/\/www.instagram.com\/pharmacy4pets.nl"]}]}},"market_data":{"nl":{"price":0,"sale_price":0,"active":false,"url":null,"parent_url":"","tax_rate":0,"price_inc_tax":0,"sale_price_inc_tax":0},"de":{"price":0,"sale_price":0,"active":false,"url":null,"parent_url":"","tax_rate":0,"price_inc_tax":0,"sale_price_inc_tax":0},"be":{"price":0,"sale_price":0,"active":false,"url":null,"parent_url":"","tax_rate":0,"price_inc_tax":0,"sale_price_inc_tax":0},"fr":{"price":0,"sale_price":0,"active":false,"url":null,"parent_url":"","tax_rate":0,"price_inc_tax":0,"sale_price_inc_tax":0},"ch":{"price":0,"sale_price":0,"active":false,"url":null,"parent_url":"","tax_rate":0,"price_inc_tax":0,"sale_price_inc_tax":0},"at":{"price":0,"sale_price":0,"active":false,"url":null,"parent_url":"","tax_rate":0,"price_inc_tax":0,"sale_price_inc_tax":0},"es":{"price":0,"sale_price":0,"active":false,"url":null,"parent_url":"","tax_rate":0,"price_inc_tax":0,"sale_price_inc_tax":0},"dk":{"price":0,"sale_price":0,"active":false,"url":null,"parent_url":"","tax_rate":0,"price_inc_tax":0,"sale_price_inc_tax":0},"com":{"price":0,"sale_price":0,"active":false,"url":null,"parent_url":"","tax_rate":0,"price_inc_tax":0,"sale_price_inc_tax":0}},"market_nl_price":0,"market_nl_sale_price":0,"market_nl_active":false,"market_nl_url":null,"market_nl_parent_url":"","market_nl_tax_rate":0,"market_nl_price_inc_tax":0,"market_nl_sale_price_inc_tax":0,"market_de_price":0,"market_de_sale_price":0,"market_de_active":false,"market_de_url":null,"market_de_parent_url":"","market_de_tax_rate":0,"market_de_price_inc_tax":0,"market_de_sale_price_inc_tax":0,"market_be_price":0,"market_be_sale_price":0,"market_be_active":false,"market_be_url":null,"market_be_parent_url":"","market_be_tax_rate":0,"market_be_price_inc_tax":0,"market_be_sale_price_inc_tax":0,"market_fr_price":0,"market_fr_sale_price":0,"market_fr_active":false,"market_fr_url":null,"market_fr_parent_url":"","market_fr_tax_rate":0,"market_fr_price_inc_tax":0,"market_fr_sale_price_inc_tax":0,"market_ch_price":0,"market_ch_sale_price":0,"market_ch_active":false,"market_ch_url":null,"market_ch_parent_url":"","market_ch_tax_rate":0,"market_ch_price_inc_tax":0,"market_ch_sale_price_inc_tax":0,"market_at_price":0,"market_at_sale_price":0,"market_at_active":false,"market_at_url":null,"market_at_parent_url":"","market_at_tax_rate":0,"market_at_price_inc_tax":0,"market_at_sale_price_inc_tax":0,"market_es_price":0,"market_es_sale_price":0,"market_es_active":false,"market_es_url":null,"market_es_parent_url":"","market_es_tax_rate":0,"market_es_price_inc_tax":0,"market_es_sale_price_inc_tax":0,"market_dk_price":0,"market_dk_sale_price":0,"market_dk_active":false,"market_dk_url":null,"market_dk_parent_url":"","market_dk_tax_rate":0,"market_dk_price_inc_tax":0,"market_dk_sale_price_inc_tax":0,"market_com_price":0,"market_com_sale_price":0,"market_com_active":false,"market_com_url":null,"market_com_parent_url":"","market_com_tax_rate":0,"market_com_price_inc_tax":0,"market_com_sale_price_inc_tax":0,"acf":[],"_links":{"self":[{"href":"https:\/\/www.pharmacy4pets.nl\/be\/wp-json\/wp\/v2\/product\/118584","targetHints":{"allow":["GET"]}}],"collection":[{"href":"https:\/\/www.pharmacy4pets.nl\/be\/wp-json\/wp\/v2\/product"}],"about":[{"href":"https:\/\/www.pharmacy4pets.nl\/be\/wp-json\/wp\/v2\/types\/product"}],"replies":[{"embeddable":true,"href":"https:\/\/www.pharmacy4pets.nl\/be\/wp-json\/wp\/v2\/comments?post=118584"}],"wp:featuredmedia":[{"embeddable":true,"href":"https:\/\/www.pharmacy4pets.nl\/be\/wp-json\/wp\/v2\/media\/118583"}],"wp:attachment":[{"href":"https:\/\/www.pharmacy4pets.nl\/be\/wp-json\/wp\/v2\/media?parent=118584"}],"wp:term":[{"taxonomy":"product_brand","embeddable":true,"href":"https:\/\/www.pharmacy4pets.nl\/be\/wp-json\/wp\/v2\/product_brand?post=118584"},{"taxonomy":"product_cat","embeddable":true,"href":"https:\/\/www.pharmacy4pets.nl\/be\/wp-json\/wp\/v2\/product_cat?post=118584"},{"taxonomy":"product_tag","embeddable":true,"href":"https:\/\/www.pharmacy4pets.nl\/be\/wp-json\/wp\/v2\/product_tag?post=118584"}],"curies":[{"name":"wp","href":"https:\/\/api.w.org\/{rel}","templated":true}]}}