{"id":118578,"date":"2017-07-27T07:30:28","date_gmt":"2017-07-27T07:30:28","guid":{"rendered":"https:\/\/p4p.test\/equistro-haemolytan-400"},"modified":"2026-03-25T11:58:18","modified_gmt":"2026-03-25T11:58:18","slug":"equistro-haemolytan-400","status":"publish","type":"product","link":"https:\/\/www.pharmacy4pets.nl\/be\/equistro-haemolytan-400","title":{"rendered":"Equistro Haemolytan-400"},"content":{"rendered":"<p>Equistro Heamolytan-400 is een aanvullend diervoeder voor uw paard voor een regelmatige bloedvorming, algemene prestatieverbetering en bij de herstelperiode na ziekte. Heamolytan-400 heeft een vitaliserende werking en is ideaal voor uw paard na een zware inspanning. Het middel kan ook helpen als uw paard aan het verharen is.<\/p>\n<p>Equistro Haemolytan-400 is verkrijgbaar in de volgende varianten:<br \/>&#8211;&nbsp;&nbsp;&nbsp;&nbsp;&nbsp;&nbsp;&nbsp;&nbsp;&nbsp; Equistro Haemolytan-400 250ml<br \/>&#8211;&nbsp;&nbsp;&nbsp;&nbsp;&nbsp;&nbsp;&nbsp;&nbsp;&nbsp; Equistro Haemolytan-400 1000ml<\/p>\n<p><span style=\"text-decoration: underline;\">Toediening:<br \/><\/span>Dit supplement kan aan het voer of water toegevoegd worden of direct in de mond gegeven worden.<br \/>Equistro Haemolytan-400 gedurende 3 weken toedienen.<br \/>In geval van een herstelperiode, Equistro Haemolytan-400 toedienen tot volledig herstel is bereikt.<\/p>\n<p><span style=\"text-decoration: underline;\">Dosering:<\/span><\/p>\n<table style=\"\" border=\"1\">\n<thead>\n<tr>\n<td colspan=\"2\">\n<p style=\"text-align: center;\"><strong>Dosering<\/strong><\/p>\n<\/td>\n<\/tr>\n<\/thead>\n<tbody>\n<tr>\n<td>\n<p><strong><i>Dier en Gewicht<\/i><\/strong><\/p>\n<\/td>\n<td>\n<p><strong><i>Aanbevolen Dosering<\/i><\/strong><\/p>\n<\/td>\n<\/tr>\n<tr>\n<td>\n<p>Volwassen paard (&plusmn;500kg)<\/p>\n<\/td>\n<td>\n<p>10-15 ml per dag<\/p>\n<\/td>\n<\/tr>\n<tr>\n<td>\n<p>Pony<\/p>\n<\/td>\n<td>\n<p>5-10 ml per dag<\/p>\n<\/td>\n<\/tr>\n<\/tbody>\n<\/table>\n<p>&nbsp;<\/p>\n","protected":false},"excerpt":{"rendered":"<p>Equistro Heamolytan-400 is een aanvullend diervoeder voor uw paard voor een regelmatige bloedvorming, algemene prestatieverbetering en bij de herstelperiode na ziekte. Heamolytan-400 heeft een vitaliserende werking en is ideaal voor uw paard na een zware inspanning. Het middel kan ook helpen als uw paard aan het verharen is. Equistro Haemolytan-400 is verkrijgbaar in de volgende [&hellip;]<\/p>\n","protected":false},"featured_media":118577,"comment_status":"open","ping_status":"closed","template":"","meta":{"_acf_changed":false,"_nl_post_content":"<p>Equistro Heamolytan-400 is een aanvullend diervoeder voor uw paard voor een regelmatige bloedvorming, algemene prestatieverbetering en bij de herstelperiode na ziekte. Heamolytan-400 heeft een vitaliserende werking en is ideaal voor uw paard na een zware inspanning. Het middel kan ook helpen als uw paard aan het verharen is.<\/p>\r\n<p>Equistro Haemolytan-400 is verkrijgbaar in de volgende varianten:<br \/>-&nbsp;&nbsp;&nbsp;&nbsp;&nbsp;&nbsp;&nbsp;&nbsp;&nbsp; Equistro Haemolytan-400 250ml<br \/>-&nbsp;&nbsp;&nbsp;&nbsp;&nbsp;&nbsp;&nbsp;&nbsp;&nbsp; Equistro Haemolytan-400 1000ml<\/p>\r\n<p><span style=\"text-decoration: underline;\">Toediening:<br \/><\/span>Dit supplement kan aan het voer of water toegevoegd worden of direct in de mond gegeven worden.<br \/>Equistro Haemolytan-400 gedurende 3 weken toedienen.<br \/>In geval van een herstelperiode, Equistro Haemolytan-400 toedienen tot volledig herstel is bereikt.<\/p>\r\n<p><span style=\"text-decoration: underline;\">Dosering:<\/span><\/p>\r\n<table style=\"\" border=\"1\">\r\n<thead>\r\n<tr>\r\n<td colspan=\"2\">\r\n<p style=\"text-align: center;\"><strong>Dosering<\/strong><\/p>\r\n<\/td>\r\n<\/tr>\r\n<\/thead>\r\n<tbody>\r\n<tr>\r\n<td>\r\n<p><strong><i>Dier en Gewicht<\/i><\/strong><\/p>\r\n<\/td>\r\n<td>\r\n<p><strong><i>Aanbevolen Dosering<\/i><\/strong><\/p>\r\n<\/td>\r\n<\/tr>\r\n<tr>\r\n<td>\r\n<p>Volwassen paard (&plusmn;500kg)<\/p>\r\n<\/td>\r\n<td>\r\n<p>10-15 ml per dag<\/p>\r\n<\/td>\r\n<\/tr>\r\n<tr>\r\n<td>\r\n<p>Pony<\/p>\r\n<\/td>\r\n<td>\r\n<p>5-10 ml per dag<\/p>\r\n<\/td>\r\n<\/tr>\r\n<\/tbody>\r\n<\/table>\r\n<p>&nbsp;<\/p>","_nl_post_name":"equistro-haemolytan-400","_nl_post_excerpt":"","_nl_post_title":"Equistro Haemolytan-400","_en_post_content":"<p>Equistro Heamloytan-400 is a supplementary feed for your horse for regular blood formation, overall performance improvement and recovery after a disease. Heamolytan-400 has a vitalizing effect and is ideal for your horse after a heavy effort. The remedy may also help if the horse is herding.<\/p>\r\n<p>Equistro Haemolytan-400 is available in the following types:<br \/>-&nbsp;&nbsp;&nbsp;&nbsp;&nbsp;&nbsp;&nbsp;&nbsp;&nbsp; Equistro Haemolytan-400 250ml<br \/>-&nbsp;&nbsp;&nbsp;&nbsp;&nbsp;&nbsp;&nbsp;&nbsp;&nbsp; Equistro Haemolytan-400 1000ml<\/p>\r\n<p><span style=\"text-decoration: underline;\">Administration:<br \/><\/span>This supplement can be mixed with food or water or administered directly in the mouth.<br \/>Use for 3 weeks in case of intensive sport activities.<br \/>Use until full recovery is achieved (if used during recovery periods)<\/p>\r\n<p><span style=\"text-decoration: underline;\">Dosage:<\/span><\/p>\r\n<table style=\"\" border=\"1\">\r\n<thead>\r\n<tr>\r\n<td colspan=\"2\">\r\n<p style=\"text-align: center;\"><strong>Dosage<\/strong><\/p>\r\n<\/td>\r\n<\/tr>\r\n<\/thead>\r\n<tbody>\r\n<tr>\r\n<td>\r\n<p><strong><i>Animal and weight<\/i><\/strong><\/p>\r\n<\/td>\r\n<td>\r\n<p><strong><i>Recommended Dosage<\/i><\/strong><\/p>\r\n<\/td>\r\n<\/tr>\r\n<tr>\r\n<td>\r\n<p>Adult Horse<\/p>\r\n<\/td>\r\n<td>\r\n<p>10-15 ml a day<\/p>\r\n<\/td>\r\n<\/tr>\r\n<tr>\r\n<td>\r\n<p>Pony<\/p>\r\n<\/td>\r\n<td>\r\n<p>5-10 ml a day<\/p>\r\n<\/td>\r\n<\/tr>\r\n<\/tbody>\r\n<\/table>\r\n<p>&nbsp;<\/p>","_en_post_name":"equistro-haemolytan-400","_en_post_excerpt":"","_en_post_title":"Equistro Haemolytan-400 ","_de_post_content":"<p>Equistro Haemolytan-400 ist ein Erg&auml;nzungsfuttermittel f&uuml;r Pferde f&uuml;r regelm&auml;&szlig;ige Blutbildung, Verbesserung der Gesamtleistung und in der Erholungsphase nach einer Krankheit. Heamolytan-400 hat eine vitalisierende Wirkung und ist ideal f&uuml;r Ihr Pferd nach schwerer Anstrengung. E kann auch helfen, wenn Ihr Pferd Haar verliert.<\/p>\r\n<p>Equistro Haemolytan-400 ist in folgenden Varianten verf&uuml;gbar<br \/>-&nbsp;&nbsp;&nbsp;&nbsp;&nbsp;&nbsp;&nbsp;&nbsp;&nbsp; Equistro Haemolytan-400 250ml<br \/>-&nbsp;&nbsp;&nbsp;&nbsp;&nbsp;&nbsp;&nbsp;&nbsp;&nbsp; Equistro Haemolytan-400 1000ml<\/p>\r\n<p><span style=\"text-decoration: underline;\">Anwendung:<br \/><\/span>Diese Erg&auml;nzung kann entweder direkt ins Maul, &uuml;ber das Futter oder &uuml;ber das Trinkwasser gegeben werden.<br \/>Equistro Haemolytan-400 Verwendung f&uuml;r 3 Wochen.<br \/>Anwendung bis zur vollst&auml;ndigen Erholung (bei Verwendung w&auml;hrend der Erholungsphasen)<\/p>\r\n<p><span style=\"text-decoration: underline;\">Dosierung:<\/span><\/p>\r\n<table style=\"\" border=\"1\">\r\n<thead>\r\n<tr>\r\n<td colspan=\"2\">\r\n<p style=\"text-align: center;\"><strong>Dosierung<\/strong><\/p>\r\n<\/td>\r\n<\/tr>\r\n<\/thead>\r\n<tbody>\r\n<tr>\r\n<td>\r\n<p><strong><i>Tier und Gewicht<\/i><\/strong><\/p>\r\n<\/td>\r\n<td>\r\n<p><strong><i>Empfohlene dosierung<\/i><\/strong><\/p>\r\n<\/td>\r\n<\/tr>\r\n<tr>\r\n<td>\r\n<p>Erwachsenes Pferd<\/p>\r\n<\/td>\r\n<td>\r\n<p>10-15 ml pro Tag<\/p>\r\n<\/td>\r\n<\/tr>\r\n<tr>\r\n<td>\r\n<p>Pony<\/p>\r\n<\/td>\r\n<td>\r\n<p>5-10 ml pro Tag<\/p>\r\n<\/td>\r\n<\/tr>\r\n<\/tbody>\r\n<\/table>\r\n<p>&nbsp;<\/p>","_de_post_name":"equistro-haemolytan-400","_de_post_excerpt":"","_de_post_title":"Equistro Haemolytan-400 ","_fr_post_content":"<p>Equistro Heamolytan-400 est un compl&eacute;ment alimentaire pour animaux destin&eacute; &agrave; votre cheval pour la formation r&eacute;guli&egrave;re du sang, l'am&eacute;lioration des performances g&eacute;n&eacute;rales et pendant la p&eacute;riode de r&eacute;cup&eacute;ration apr&egrave;s une maladie. Heamolytan-400 a un effet vitalisant et est id&eacute;al pour votre cheval apr&egrave;s un effort important. Il peut &eacute;galement &ecirc;tre utile si votre cheval perd ses poils.<br \/><br \/>Equistro Haemolytan-400 est disponible dans les vari&eacute;t&eacute;s suivantes :<br \/>- Equistro Haemolytan-400 250ml<br \/>- Equistro Haemolytan-400 1000ml<br \/><br \/><span style=\"text-decoration: underline;\">Administration :<\/span><br \/>Ce compl&eacute;ment peut &ecirc;tre ajout&eacute; &agrave; l'alimentation ou &agrave; l'eau, ou administr&eacute; directement dans la bouche.<br \/>Administrez Equistro Haemolytan-400 pendant 3 semaines.<br \/>En cas de p&eacute;riode de r&eacute;cup&eacute;ration, administrez Equistro Haemolytan-400 jusqu'&agrave; ce que la r&eacute;cup&eacute;ration soit compl&egrave;te.<br \/><br \/><span style=\"text-decoration: underline;\">Dosage :<\/span><\/p>\r\n<p><\/p>\r\n<table border=\"1\" style=\"\">\r\n<thead>\r\n<tr>\r\n<td colspan=\"2\">\r\n<p style=\"text-align: center;\"><strong>Dosage<\/strong><\/p>\r\n<\/td>\r\n<\/tr>\r\n<\/thead>\r\n<tbody>\r\n<tr>\r\n<td>\r\n<p><strong><em>Animal et poids<\/em><\/strong><\/p>\r\n<\/td>\r\n<td>\r\n<p><strong><em>Dosage recommand&eacute;<\/em><\/strong><\/p>\r\n<\/td>\r\n<\/tr>\r\n<tr>\r\n<td>\r\n<p>Cheval adulte (&plusmn;500kg)<\/p>\r\n<\/td>\r\n<td>\r\n<p>10-15 ml par jour<\/p>\r\n<\/td>\r\n<\/tr>\r\n<tr>\r\n<td>\r\n<p>Poney<\/p>\r\n<\/td>\r\n<td>\r\n<p>5-10 ml par jour<\/p>\r\n<\/td>\r\n<\/tr>\r\n<\/tbody>\r\n<\/table>","_fr_post_name":"equistro-haemolytan-400","_fr_post_excerpt":"","_fr_post_title":"Equistro Haemolytan-400 ","_es_post_content":"<p>Equistro Heamolytan-400 es un alimento complementario para su caballo para la formaci\u00f3n regular de sangre, la mejora del rendimiento general y el per\u00edodo de recuperaci\u00f3n despu\u00e9s de una enfermedad. Heamolytan-400 tiene un efecto vitalizante y es ideal para su caballo despu\u00e9s de un gran esfuerzo. El producto tambi\u00e9n puede ayudar si su caballo pierde pelo.<\/p>\r\n<p>Equistro Haemolytan-400 est\u00e1 disponible en las siguientes variantes:<br \/>-\u00a0\u00a0\u00a0\u00a0\u00a0\u00a0\u00a0\u00a0\u00a0 Equistro Haemolytan-400 250ml<br \/>-\u00a0\u00a0\u00a0\u00a0\u00a0\u00a0\u00a0\u00a0\u00a0 Equistro Haemolytan-400 1000ml<\/p>\r\n<p><span style=\"text-decoration: underline;\">Administraci\u00f3n:<\/span><br \/>Este suplemento puede agregarse a la comida o al agua o administrarse directamente en la boca.<br \/>Administrar Equistro Haemolytan-400 durante 3 semanas.<br \/>En caso de un per\u00edodo de recuperaci\u00f3n, administre Equistro Haemolytan-400 hasta lograr la recuperaci\u00f3n completa.<\/p>\r\n<p><span style=\"text-decoration: underline;\">Dosis:<\/span><\/p>\r\n<table style=\"\" border=\"1\">\r\n<thead>\r\n<tr>\r\n<td colspan=\"2\">\r\n<p style=\"text-align: center;\"><strong>Dosis<\/strong><\/p>\r\n<\/td>\r\n<\/tr>\r\n<\/thead>\r\n<tbody>\r\n<tr>\r\n<td>\r\n<p><strong><em>Animal y peso<\/em><\/strong><\/p>\r\n<\/td>\r\n<td>\r\n<p><strong><em>Dosis recomendada<\/em><\/strong><\/p>\r\n<\/td>\r\n<\/tr>\r\n<tr>\r\n<td>\r\n<p>Caballos adultos (\u00b1500kg)<\/p>\r\n<\/td>\r\n<td>\r\n<p>10-15 ml por d\u00eda<\/p>\r\n<\/td>\r\n<\/tr>\r\n<tr>\r\n<td>\r\n<p>Ponis<\/p>\r\n<\/td>\r\n<td>\r\n<p>5-10 ml por d\u00eda<\/p>\r\n<\/td>\r\n<\/tr>\r\n<\/tbody>\r\n<\/table>\r\n<p>\u00a0<\/p>","_es_post_name":"equistro-haemolytan-400","_es_post_excerpt":"","_es_post_title":"Equistro Haemolytan-400 ","edit_language":"nl"},"product_brand":[],"product_cat":[1921,2015,1811,1857,1809],"product_tag":[],"class_list":{"0":"post-118578","1":"product","2":"type-product","3":"status-publish","4":"has-post-thumbnail","6":"product_cat-equistro","7":"product_cat-immuunsysteem-weerstand","8":"product_cat-medicijnen-supplementen","9":"product_cat-merken","10":"product_cat-paarden","11":"pa_aandoening-overig","12":"pa_doeldier-ezel","13":"pa_doeldier-paard","14":"pa_fabricatieland-belgie","15":"pa_merkfilter-equistro","16":"pa_merkgroep-equistro","17":"pa_productsoort-voedingssupplement","18":"pa_seo_canonical_store_id-not_found_value","19":"pa_seo_category-not_found_value","20":"pa_seo_meta_robots-not_found_value","21":"pa_toedieningswijze-vloeistof","22":"pa_werkzamestof-overig","24":"first","25":"instock","26":"taxable","27":"shipping-taxable","28":"product-type-grouped"},"yoast_head":"<!-- This site is optimized with the Yoast SEO plugin v27.5 - https:\/\/yoast.com\/product\/yoast-seo-wordpress\/ -->\n<title>Equistro Heamolytan-400 | Prestatieverbetering Paard<\/title>\n<meta name=\"description\" content=\"Equistro Heamolytan-400 is een aanvullend diervoeder voor uw paard voor o.a. regelmatige bloedvorming, algemene prestatieverbetering en herstel na ziekte.\" \/>\n<meta name=\"robots\" content=\"index, follow, max-snippet:-1, max-image-preview:large, max-video-preview:-1\" \/>\n<link rel=\"canonical\" href=\"https:\/\/p4p-nl.bootmine.com\/%product-slug%\/equistro-haemolytan-400\" \/>\n<meta property=\"og:locale\" content=\"nl_NL\" \/>\n<meta property=\"og:type\" content=\"article\" \/>\n<meta property=\"og:title\" content=\"Equistro Heamolytan-400 | Prestatieverbetering Paard\" \/>\n<meta property=\"og:description\" content=\"Equistro Heamolytan-400 is een aanvullend diervoeder voor uw paard voor o.a. regelmatige bloedvorming, algemene prestatieverbetering en herstel na ziekte.\" \/>\n<meta property=\"og:url\" content=\"https:\/\/p4p-nl.bootmine.com\/%product-slug%\/equistro-haemolytan-400\" \/>\n<meta property=\"og:site_name\" content=\"Pharmacy4pets\" \/>\n<meta property=\"article:publisher\" content=\"https:\/\/www.facebook.com\/people\/Pharmacy4petsnl\/100063484989896\/\" \/>\n<meta property=\"article:modified_time\" content=\"2026-03-25T11:58:18+00:00\" \/>\n<meta property=\"og:image\" content=\"https:\/\/p4p-nl.bootmine.com\/wp-content\/uploads\/2017\/07\/haemolytan_250ml.jpg\" \/>\n\t<meta property=\"og:image:width\" content=\"685\" \/>\n\t<meta property=\"og:image:height\" content=\"1200\" \/>\n\t<meta property=\"og:image:type\" content=\"image\/jpeg\" \/>\n<meta name=\"twitter:card\" content=\"summary_large_image\" \/>\n<meta name=\"twitter:label1\" content=\"Geschatte leestijd\" \/>\n\t<meta name=\"twitter:data1\" content=\"1 minuut\" \/>\n<script type=\"application\/ld+json\" class=\"yoast-schema-graph\">{\"@context\":\"https:\\\/\\\/schema.org\",\"@graph\":[{\"@type\":\"WebPage\",\"@id\":\"https:\\\/\\\/p4p-nl.bootmine.com\\\/%product-slug%\\\/equistro-haemolytan-400\",\"url\":\"https:\\\/\\\/p4p-nl.bootmine.com\\\/%product-slug%\\\/equistro-haemolytan-400\",\"name\":\"Equistro Heamolytan-400 | Prestatieverbetering Paard\",\"isPartOf\":{\"@id\":\"http:\\\/\\\/www.pharmacy4pets.nl\\\/#website\"},\"primaryImageOfPage\":{\"@id\":\"https:\\\/\\\/p4p-nl.bootmine.com\\\/%product-slug%\\\/equistro-haemolytan-400#primaryimage\"},\"image\":{\"@id\":\"https:\\\/\\\/p4p-nl.bootmine.com\\\/%product-slug%\\\/equistro-haemolytan-400#primaryimage\"},\"thumbnailUrl\":\"https:\\\/\\\/www.pharmacy4pets.nl\\\/wp-content\\\/uploads\\\/2017\\\/07\\\/haemolytan_250ml.jpg\",\"datePublished\":\"2017-07-27T07:30:28+00:00\",\"dateModified\":\"2026-03-25T11:58:18+00:00\",\"description\":\"Equistro Heamolytan-400 is een aanvullend diervoeder voor uw paard voor o.a. regelmatige bloedvorming, algemene prestatieverbetering en herstel na ziekte.\",\"breadcrumb\":{\"@id\":\"https:\\\/\\\/p4p-nl.bootmine.com\\\/%product-slug%\\\/equistro-haemolytan-400#breadcrumb\"},\"inLanguage\":\"nl-NL\",\"potentialAction\":[{\"@type\":\"ReadAction\",\"target\":[\"https:\\\/\\\/p4p-nl.bootmine.com\\\/%product-slug%\\\/equistro-haemolytan-400\"]}]},{\"@type\":\"ImageObject\",\"inLanguage\":\"nl-NL\",\"@id\":\"https:\\\/\\\/p4p-nl.bootmine.com\\\/%product-slug%\\\/equistro-haemolytan-400#primaryimage\",\"url\":\"https:\\\/\\\/www.pharmacy4pets.nl\\\/wp-content\\\/uploads\\\/2017\\\/07\\\/haemolytan_250ml.jpg\",\"contentUrl\":\"https:\\\/\\\/www.pharmacy4pets.nl\\\/wp-content\\\/uploads\\\/2017\\\/07\\\/haemolytan_250ml.jpg\",\"width\":685,\"height\":1200,\"caption\":\"Equistro Haemolytan\"},{\"@type\":\"BreadcrumbList\",\"@id\":\"https:\\\/\\\/p4p-nl.bootmine.com\\\/%product-slug%\\\/equistro-haemolytan-400#breadcrumb\",\"itemListElement\":[{\"@type\":\"ListItem\",\"position\":1,\"name\":\"Home\",\"item\":\"https:\\\/\\\/p4p-nl.bootmine.com\\\/\"},{\"@type\":\"ListItem\",\"position\":2,\"name\":\"Winkel\",\"item\":\"https:\\\/\\\/p4p-nl.bootmine.com\\\/winkel\"},{\"@type\":\"ListItem\",\"position\":3,\"name\":\"Equistro Haemolytan-400\"}]},{\"@type\":\"WebSite\",\"@id\":\"http:\\\/\\\/www.pharmacy4pets.nl\\\/#website\",\"url\":\"http:\\\/\\\/www.pharmacy4pets.nl\\\/\",\"name\":\"Pharmacy4pets\",\"description\":\"Pharmacy4pets.nl is d\u00e9 online apotheek waar u terecht kunt voor alle diergeneesmiddelen, verzorgingsproducten en dieetvoeding voor uw huisdier.\",\"publisher\":{\"@id\":\"http:\\\/\\\/www.pharmacy4pets.nl\\\/#organization\"},\"potentialAction\":[{\"@type\":\"SearchAction\",\"target\":{\"@type\":\"EntryPoint\",\"urlTemplate\":\"http:\\\/\\\/www.pharmacy4pets.nl\\\/?s={search_term_string}\"},\"query-input\":{\"@type\":\"PropertyValueSpecification\",\"valueRequired\":true,\"valueName\":\"search_term_string\"}}],\"inLanguage\":\"nl-NL\"},{\"@type\":\"Organization\",\"@id\":\"http:\\\/\\\/www.pharmacy4pets.nl\\\/#organization\",\"name\":\"Pharmacy4pets\",\"url\":\"http:\\\/\\\/www.pharmacy4pets.nl\\\/\",\"logo\":{\"@type\":\"ImageObject\",\"inLanguage\":\"nl-NL\",\"@id\":\"http:\\\/\\\/www.pharmacy4pets.nl\\\/#\\\/schema\\\/logo\\\/image\\\/\",\"url\":\"https:\\\/\\\/p4p-nl.bootmine.com\\\/wp-content\\\/uploads\\\/2026\\\/03\\\/logo-pharmacy4pets.png\",\"contentUrl\":\"https:\\\/\\\/p4p-nl.bootmine.com\\\/wp-content\\\/uploads\\\/2026\\\/03\\\/logo-pharmacy4pets.png\",\"width\":1024,\"height\":135,\"caption\":\"Pharmacy4pets\"},\"image\":{\"@id\":\"http:\\\/\\\/www.pharmacy4pets.nl\\\/#\\\/schema\\\/logo\\\/image\\\/\"},\"sameAs\":[\"https:\\\/\\\/www.facebook.com\\\/people\\\/Pharmacy4petsnl\\\/100063484989896\\\/\",\"https:\\\/\\\/www.youtube.com\\\/channel\\\/UCGPTIgucgli03tP2_kvLkHg\\\/featured\",\"https:\\\/\\\/www.instagram.com\\\/pharmacy4pets.nl\"]}]}<\/script>\n<!-- \/ Yoast SEO plugin. -->","yoast_head_json":{"title":"Equistro Heamolytan-400 | Prestatieverbetering Paard","description":"Equistro Heamolytan-400 is een aanvullend diervoeder voor uw paard voor o.a. regelmatige bloedvorming, algemene prestatieverbetering en herstel na ziekte.","robots":{"index":"index","follow":"follow","max-snippet":"max-snippet:-1","max-image-preview":"max-image-preview:large","max-video-preview":"max-video-preview:-1"},"canonical":"https:\/\/p4p-nl.bootmine.com\/%product-slug%\/equistro-haemolytan-400","og_locale":"nl_NL","og_type":"article","og_title":"Equistro Heamolytan-400 | Prestatieverbetering Paard","og_description":"Equistro Heamolytan-400 is een aanvullend diervoeder voor uw paard voor o.a. regelmatige bloedvorming, algemene prestatieverbetering en herstel na ziekte.","og_url":"https:\/\/p4p-nl.bootmine.com\/%product-slug%\/equistro-haemolytan-400","og_site_name":"Pharmacy4pets","article_publisher":"https:\/\/www.facebook.com\/people\/Pharmacy4petsnl\/100063484989896\/","article_modified_time":"2026-03-25T11:58:18+00:00","og_image":[{"width":685,"height":1200,"url":"https:\/\/p4p-nl.bootmine.com\/wp-content\/uploads\/2017\/07\/haemolytan_250ml.jpg","type":"image\/jpeg"}],"twitter_card":"summary_large_image","twitter_misc":{"Geschatte leestijd":"1 minuut"},"schema":{"@context":"https:\/\/schema.org","@graph":[{"@type":"WebPage","@id":"https:\/\/p4p-nl.bootmine.com\/%product-slug%\/equistro-haemolytan-400","url":"https:\/\/p4p-nl.bootmine.com\/%product-slug%\/equistro-haemolytan-400","name":"Equistro Heamolytan-400 | Prestatieverbetering Paard","isPartOf":{"@id":"http:\/\/www.pharmacy4pets.nl\/#website"},"primaryImageOfPage":{"@id":"https:\/\/p4p-nl.bootmine.com\/%product-slug%\/equistro-haemolytan-400#primaryimage"},"image":{"@id":"https:\/\/p4p-nl.bootmine.com\/%product-slug%\/equistro-haemolytan-400#primaryimage"},"thumbnailUrl":"https:\/\/www.pharmacy4pets.nl\/wp-content\/uploads\/2017\/07\/haemolytan_250ml.jpg","datePublished":"2017-07-27T07:30:28+00:00","dateModified":"2026-03-25T11:58:18+00:00","description":"Equistro Heamolytan-400 is een aanvullend diervoeder voor uw paard voor o.a. regelmatige bloedvorming, algemene prestatieverbetering en herstel na ziekte.","breadcrumb":{"@id":"https:\/\/p4p-nl.bootmine.com\/%product-slug%\/equistro-haemolytan-400#breadcrumb"},"inLanguage":"nl-NL","potentialAction":[{"@type":"ReadAction","target":["https:\/\/p4p-nl.bootmine.com\/%product-slug%\/equistro-haemolytan-400"]}]},{"@type":"ImageObject","inLanguage":"nl-NL","@id":"https:\/\/p4p-nl.bootmine.com\/%product-slug%\/equistro-haemolytan-400#primaryimage","url":"https:\/\/www.pharmacy4pets.nl\/wp-content\/uploads\/2017\/07\/haemolytan_250ml.jpg","contentUrl":"https:\/\/www.pharmacy4pets.nl\/wp-content\/uploads\/2017\/07\/haemolytan_250ml.jpg","width":685,"height":1200,"caption":"Equistro Haemolytan"},{"@type":"BreadcrumbList","@id":"https:\/\/p4p-nl.bootmine.com\/%product-slug%\/equistro-haemolytan-400#breadcrumb","itemListElement":[{"@type":"ListItem","position":1,"name":"Home","item":"https:\/\/p4p-nl.bootmine.com\/"},{"@type":"ListItem","position":2,"name":"Winkel","item":"https:\/\/p4p-nl.bootmine.com\/winkel"},{"@type":"ListItem","position":3,"name":"Equistro Haemolytan-400"}]},{"@type":"WebSite","@id":"http:\/\/www.pharmacy4pets.nl\/#website","url":"http:\/\/www.pharmacy4pets.nl\/","name":"Pharmacy4pets","description":"Pharmacy4pets.nl is d\u00e9 online apotheek waar u terecht kunt voor alle diergeneesmiddelen, verzorgingsproducten en dieetvoeding voor uw huisdier.","publisher":{"@id":"http:\/\/www.pharmacy4pets.nl\/#organization"},"potentialAction":[{"@type":"SearchAction","target":{"@type":"EntryPoint","urlTemplate":"http:\/\/www.pharmacy4pets.nl\/?s={search_term_string}"},"query-input":{"@type":"PropertyValueSpecification","valueRequired":true,"valueName":"search_term_string"}}],"inLanguage":"nl-NL"},{"@type":"Organization","@id":"http:\/\/www.pharmacy4pets.nl\/#organization","name":"Pharmacy4pets","url":"http:\/\/www.pharmacy4pets.nl\/","logo":{"@type":"ImageObject","inLanguage":"nl-NL","@id":"http:\/\/www.pharmacy4pets.nl\/#\/schema\/logo\/image\/","url":"https:\/\/p4p-nl.bootmine.com\/wp-content\/uploads\/2026\/03\/logo-pharmacy4pets.png","contentUrl":"https:\/\/p4p-nl.bootmine.com\/wp-content\/uploads\/2026\/03\/logo-pharmacy4pets.png","width":1024,"height":135,"caption":"Pharmacy4pets"},"image":{"@id":"http:\/\/www.pharmacy4pets.nl\/#\/schema\/logo\/image\/"},"sameAs":["https:\/\/www.facebook.com\/people\/Pharmacy4petsnl\/100063484989896\/","https:\/\/www.youtube.com\/channel\/UCGPTIgucgli03tP2_kvLkHg\/featured","https:\/\/www.instagram.com\/pharmacy4pets.nl"]}]}},"market_data":{"nl":{"price":0,"sale_price":0,"active":false,"url":null,"parent_url":"","tax_rate":0,"price_inc_tax":0,"sale_price_inc_tax":0},"de":{"price":0,"sale_price":0,"active":false,"url":null,"parent_url":"","tax_rate":0,"price_inc_tax":0,"sale_price_inc_tax":0},"be":{"price":0,"sale_price":0,"active":false,"url":null,"parent_url":"","tax_rate":0,"price_inc_tax":0,"sale_price_inc_tax":0},"fr":{"price":0,"sale_price":0,"active":false,"url":null,"parent_url":"","tax_rate":0,"price_inc_tax":0,"sale_price_inc_tax":0},"ch":{"price":0,"sale_price":0,"active":false,"url":null,"parent_url":"","tax_rate":0,"price_inc_tax":0,"sale_price_inc_tax":0},"at":{"price":0,"sale_price":0,"active":false,"url":null,"parent_url":"","tax_rate":0,"price_inc_tax":0,"sale_price_inc_tax":0},"es":{"price":0,"sale_price":0,"active":false,"url":null,"parent_url":"","tax_rate":0,"price_inc_tax":0,"sale_price_inc_tax":0},"dk":{"price":0,"sale_price":0,"active":false,"url":null,"parent_url":"","tax_rate":0,"price_inc_tax":0,"sale_price_inc_tax":0},"com":{"price":0,"sale_price":0,"active":false,"url":null,"parent_url":"","tax_rate":0,"price_inc_tax":0,"sale_price_inc_tax":0}},"market_nl_price":0,"market_nl_sale_price":0,"market_nl_active":false,"market_nl_url":null,"market_nl_parent_url":"","market_nl_tax_rate":0,"market_nl_price_inc_tax":0,"market_nl_sale_price_inc_tax":0,"market_de_price":0,"market_de_sale_price":0,"market_de_active":false,"market_de_url":null,"market_de_parent_url":"","market_de_tax_rate":0,"market_de_price_inc_tax":0,"market_de_sale_price_inc_tax":0,"market_be_price":0,"market_be_sale_price":0,"market_be_active":false,"market_be_url":null,"market_be_parent_url":"","market_be_tax_rate":0,"market_be_price_inc_tax":0,"market_be_sale_price_inc_tax":0,"market_fr_price":0,"market_fr_sale_price":0,"market_fr_active":false,"market_fr_url":null,"market_fr_parent_url":"","market_fr_tax_rate":0,"market_fr_price_inc_tax":0,"market_fr_sale_price_inc_tax":0,"market_ch_price":0,"market_ch_sale_price":0,"market_ch_active":false,"market_ch_url":null,"market_ch_parent_url":"","market_ch_tax_rate":0,"market_ch_price_inc_tax":0,"market_ch_sale_price_inc_tax":0,"market_at_price":0,"market_at_sale_price":0,"market_at_active":false,"market_at_url":null,"market_at_parent_url":"","market_at_tax_rate":0,"market_at_price_inc_tax":0,"market_at_sale_price_inc_tax":0,"market_es_price":0,"market_es_sale_price":0,"market_es_active":false,"market_es_url":null,"market_es_parent_url":"","market_es_tax_rate":0,"market_es_price_inc_tax":0,"market_es_sale_price_inc_tax":0,"market_dk_price":0,"market_dk_sale_price":0,"market_dk_active":false,"market_dk_url":null,"market_dk_parent_url":"","market_dk_tax_rate":0,"market_dk_price_inc_tax":0,"market_dk_sale_price_inc_tax":0,"market_com_price":0,"market_com_sale_price":0,"market_com_active":false,"market_com_url":null,"market_com_parent_url":"","market_com_tax_rate":0,"market_com_price_inc_tax":0,"market_com_sale_price_inc_tax":0,"acf":[],"_links":{"self":[{"href":"https:\/\/www.pharmacy4pets.nl\/be\/wp-json\/wp\/v2\/product\/118578","targetHints":{"allow":["GET"]}}],"collection":[{"href":"https:\/\/www.pharmacy4pets.nl\/be\/wp-json\/wp\/v2\/product"}],"about":[{"href":"https:\/\/www.pharmacy4pets.nl\/be\/wp-json\/wp\/v2\/types\/product"}],"replies":[{"embeddable":true,"href":"https:\/\/www.pharmacy4pets.nl\/be\/wp-json\/wp\/v2\/comments?post=118578"}],"wp:featuredmedia":[{"embeddable":true,"href":"https:\/\/www.pharmacy4pets.nl\/be\/wp-json\/wp\/v2\/media\/118577"}],"wp:attachment":[{"href":"https:\/\/www.pharmacy4pets.nl\/be\/wp-json\/wp\/v2\/media?parent=118578"}],"wp:term":[{"taxonomy":"product_brand","embeddable":true,"href":"https:\/\/www.pharmacy4pets.nl\/be\/wp-json\/wp\/v2\/product_brand?post=118578"},{"taxonomy":"product_cat","embeddable":true,"href":"https:\/\/www.pharmacy4pets.nl\/be\/wp-json\/wp\/v2\/product_cat?post=118578"},{"taxonomy":"product_tag","embeddable":true,"href":"https:\/\/www.pharmacy4pets.nl\/be\/wp-json\/wp\/v2\/product_tag?post=118578"}],"curies":[{"name":"wp","href":"https:\/\/api.w.org\/{rel}","templated":true}]}}