{"id":118572,"date":"2017-07-26T14:32:15","date_gmt":"2017-07-26T14:32:15","guid":{"rendered":"https:\/\/p4p.test\/equistro-excell-e"},"modified":"2026-03-25T11:58:16","modified_gmt":"2026-03-25T11:58:16","slug":"equistro-excell-e","status":"publish","type":"product","link":"https:\/\/www.pharmacy4pets.nl\/be\/equistro-excell-e","title":{"rendered":"Equistro Excell E"},"content":{"rendered":"<p>Equistro Excell E is een voedingssupplement wat het spierstelsel gezond en sterk maakt. Het ondersteunt de spierfunctie en de vitaliteit van het paard. Het is een voedingssupplement speciaal ontwikkeld om uw paard te voorzien van voldoende antioxidanten, vitamine E en selenium. Het helpt eventuele tekorten op te vangen en verbetert de zuurstofverzorging, spierspanning en uithouding. Excell E bevordert celmembraanbescherming in de spieren, wat kan bijdragen aan de souplesse van het paard.<\/p>\n<p>Equistro Excell E is verkrijgbaar in de volgende varianten:<br \/>&#8211;&nbsp;&nbsp;&nbsp;&nbsp;&nbsp;&nbsp;&nbsp;&nbsp;&nbsp; Equistro Excell E 1000 gram<br \/>&#8211;&nbsp;&nbsp;&nbsp;&nbsp;&nbsp;&nbsp;&nbsp;&nbsp;&nbsp; Equistro Excell E 3000 gram<br \/>&#8211;&nbsp;&nbsp;&nbsp;&nbsp;&nbsp;&nbsp;&nbsp;&nbsp;&nbsp; Equistro Excell E 1000 ml<\/p>\n","protected":false},"excerpt":{"rendered":"<p>Equistro Excell E is een voedingssupplement wat het spierstelsel gezond en sterk maakt. Het ondersteunt de spierfunctie en de vitaliteit van het paard. Het is een voedingssupplement speciaal ontwikkeld om uw paard te voorzien van voldoende antioxidanten, vitamine E en selenium. Het helpt eventuele tekorten op te vangen en verbetert de zuurstofverzorging, spierspanning en uithouding. [&hellip;]<\/p>\n","protected":false},"featured_media":118571,"comment_status":"open","ping_status":"closed","template":"","meta":{"_acf_changed":false,"_nl_post_content":"<p>Equistro Excell E is een voedingssupplement wat het spierstelsel gezond en sterk maakt. Het ondersteunt de spierfunctie en de vitaliteit van het paard. Het is een voedingssupplement speciaal ontwikkeld om uw paard te voorzien van voldoende antioxidanten, vitamine E en selenium. Het helpt eventuele tekorten op te vangen en verbetert de zuurstofverzorging, spierspanning en uithouding. Excell E bevordert celmembraanbescherming in de spieren, wat kan bijdragen aan de souplesse van het paard.<\/p>\r\n<p>Equistro Excell E is verkrijgbaar in de volgende varianten:<br \/>-&nbsp;&nbsp;&nbsp;&nbsp;&nbsp;&nbsp;&nbsp;&nbsp;&nbsp; Equistro Excell E 1000 gram<br \/>-&nbsp;&nbsp;&nbsp;&nbsp;&nbsp;&nbsp;&nbsp;&nbsp;&nbsp; Equistro Excell E 3000 gram<br \/>-&nbsp;&nbsp;&nbsp;&nbsp;&nbsp;&nbsp;&nbsp;&nbsp;&nbsp; Equistro Excell E 1000 ml<\/p>","_nl_post_name":"equistro-excell-e","_nl_post_excerpt":"","_nl_post_title":"Equistro Excell E","_en_post_content":"<p>Equistro Excell E is a nutritional supplement that makes the muscles healthy and strong. It supports the muscle function and vitality of the horse. Excell E is a nutritional supplement specially designed to provide your horse with enough antioxidants, vitamin E and selenium. It helps to reduce any deficiencies and improves oxygen care, muscle tension and endurance. Excell E promotes cell membrane protection in the muscles, which can contribute to the suppleness of the horse<\/p>\r\n<p>Equistro Excell E is available in the following types:<br \/>-&nbsp;&nbsp;&nbsp;&nbsp;&nbsp;&nbsp;&nbsp;&nbsp;&nbsp; Equistro Excell E 1000 gram<br \/>-&nbsp;&nbsp;&nbsp;&nbsp;&nbsp;&nbsp;&nbsp;&nbsp;&nbsp; Equistro Excell E 3000 gram<br \/>-&nbsp;&nbsp;&nbsp;&nbsp;&nbsp;&nbsp;&nbsp;&nbsp;&nbsp; Equistro Excell E 1000 ml<\/p>","_en_post_name":"equistro-excell-e","_en_post_excerpt":"","_en_post_title":"Equistro Excell E","_de_post_content":"<p>Equistro Excell E ist ein Erg&auml;nzungsfuttermittel, f&uuml;r gesunde und starke Muskeln. Es unterst&uuml;tzt die Muskelfunktion und Vitalit&auml;t des Pferdes. Es ist ein Nahrugserg&auml;nzungsmittel mit vielen Antioxidanten, Vitamin E und Selen. Es hilft dabei, alle Defizite zu absorbieren und es verbessert die Sauerstoffversorgung, Muskeltonus und Ausdauer. Excell E f&ouml;rdert den Zellmembranschutz in den Muskeln, die auf die Geschmeidigkeit des Pferdes beitragen kann.<\/p>\r\n<p>Equistro Excell E ist in folgenden Varianten verf&uuml;gbar<br \/>-&nbsp;&nbsp;&nbsp;&nbsp;&nbsp;&nbsp;&nbsp;&nbsp;&nbsp; Equistro Excell E 1000 gram<br \/>-&nbsp;&nbsp;&nbsp;&nbsp;&nbsp;&nbsp;&nbsp;&nbsp;&nbsp; Equistro Excell E 3000 gram<br \/>-&nbsp;&nbsp;&nbsp;&nbsp;&nbsp;&nbsp;&nbsp;&nbsp;&nbsp; Equistro Excell E 1000 ml<\/p>","_de_post_name":"equistro-excell-e","_de_post_excerpt":"","_de_post_title":"Equistro Excell E","_fr_post_content":"<p>Equistro Excell E est un compl&eacute;ment alimentaire qui rend le syst&egrave;me musculaire sain et fort. Il soutient la fonction musculaire et la vitalit&eacute; du cheval. Il s'agit d'un compl&eacute;ment alimentaire sp&eacute;cialement con&ccedil;u pour fournir &agrave; votre cheval une quantit&eacute; suffisante d'antioxydants, de vitamine E et de s&eacute;l&eacute;nium. Il permet de combler les manques &eacute;ventuels et am&eacute;liore l'oxyg&eacute;nation, le tonus musculaire et l'endurance. Excell E favorise la protection de la membrane cellulaire dans les muscles, ce qui peut contribuer &agrave; la souplesse du cheval.<br \/><br \/>Equistro Excell E est disponible dans les variantes suivantes :<br \/>- Equistro Excell E 1000 grammes<br \/>- Equistro Excell E 3000 grammes<br \/>- Equistro Excell E 1000 ml<\/p>","_fr_post_name":"equistro-excell-e","_fr_post_excerpt":"","_fr_post_title":"Equistro Excell E","_es_post_content":"<p>Equistro Excell E es un suplemento alimenticio que fortalece los m\u00fasculos de caballos. Apoya la funci\u00f3n muscular y la vitalidad del caballo. Equistro Excell E es un suplemento alimenticio especialmente desarrollado para aportar a su caballo los suficientes antioxidantes, vitamina E y selenio. Ayuda a compensar cualquier deficiencia y mejora el suministro de ox\u00edgeno, el tono muscular y la resistencia. Excell E promueve la protecci\u00f3n de la membrana celular en los m\u00fasculos, lo que puede contribuir a la flexibilidad del caballo.<\/p>\r\n<p>Equistro Excell E est\u00e1 disponible en las siguientes variantes:<\/p>\r\n<ul>\r\n<li>Equistro Excell E 1000 gramos<\/li>\r\n<li>Equistro Excell E 3000 gramos<\/li>\r\n<li>Equistro Excell E 1000 ml<\/li>\r\n<\/ul>\r\n<h3>Administraci\u00f3n<\/h3>\r\n<p>Mezclar con el alimento de su caballo<\/p>\r\n<h3>Dosis de Equistro Excell E l\u00edquido<\/h3>\r\n<table style=\"\" border=\"1\">\r\n<thead>\r\n<tr>\r\n<td colspan=\"2\">\r\n<p style=\"text-align: center;\"><strong>Dosis<\/strong><\/p>\r\n<\/td>\r\n<\/tr>\r\n<\/thead>\r\n<tbody>\r\n<tr>\r\n<td>\r\n<p><strong><em>Animal y peso<\/em><\/strong><\/p>\r\n<\/td>\r\n<td>\r\n<p><strong><em>Dosis recomendada<\/em><\/strong><\/p>\r\n<\/td>\r\n<\/tr>\r\n<tr>\r\n<td>\r\n<p>Caballos deportivos<\/p>\r\n<\/td>\r\n<td>\r\n<p>20 ml por d\u00eda<\/p>\r\n<\/td>\r\n<\/tr>\r\n<tr>\r\n<td>\r\n<p>Caballos<\/p>\r\n<\/td>\r\n<td>\r\n<p>10 ml por d\u00eda<\/p>\r\n<\/td>\r\n<\/tr>\r\n<tr>\r\n<td>\r\n<p>Caballitos\/ponis deportivos<\/p>\r\n<\/td>\r\n<td>\r\n<p>10 ml por d\u00eda<\/p>\r\n<\/td>\r\n<\/tr>\r\n<tr>\r\n<td>\r\n<p>Caballitos\/ponis (otros)<\/p>\r\n<\/td>\r\n<td>\r\n<p>5 ml por d\u00eda<\/p>\r\n<\/td>\r\n<\/tr>\r\n<\/tbody>\r\n<\/table>\r\n<h3>Dosis de Equistro Excell E polvo<\/h3>\r\n<table style=\"\" border=\"1\">\r\n<thead>\r\n<tr>\r\n<td colspan=\"3\">\r\n<p style=\"text-align: center;\"><strong>Dosis<\/strong><\/p>\r\n<\/td>\r\n<\/tr>\r\n<\/thead>\r\n<tbody>\r\n<tr>\r\n<td>\r\n<p><strong><em>Animal y peso<\/em><\/strong><\/p>\r\n<\/td>\r\n<td>\r\n<p><strong><em>Dosis recomendada<\/em><\/strong><\/p>\r\n<\/td>\r\n<td>\r\n<p><strong><em>Prop\u00f3sito<\/em><\/strong><\/p>\r\n<\/td>\r\n<\/tr>\r\n<tr>\r\n<td>\r\n<p>Caballos deportivos<\/p>\r\n<\/td>\r\n<td>\r\n<p>50 gramos por d\u00eda<\/p>\r\n<\/td>\r\n<td>\r\n<p>Apoyo a la recuperaci\u00f3n muscular<\/p>\r\n<\/td>\r\n<\/tr>\r\n<tr>\r\n<td>\r\n<p>Caballos deportivos<\/p>\r\n<\/td>\r\n<td>\r\n<p>25 gramos por d\u00eda<\/p>\r\n<\/td>\r\n<td>\r\n<p>Apoyar una musculatura saludable<\/p>\r\n<\/td>\r\n<\/tr>\r\n<tr>\r\n<td>\r\n<p>Caballitos\/ponis<\/p>\r\n<\/td>\r\n<td>\r\n<p>25 gramos por d\u00eda<\/p>\r\n<\/td>\r\n<td>Apoyo a la recuperaci\u00f3n muscular<\/td>\r\n<\/tr>\r\n<tr>\r\n<td>\r\n<p>Caballitos\/ponis<\/p>\r\n<\/td>\r\n<td>\r\n<p>12,5 gramos por d\u00eda<\/p>\r\n<\/td>\r\n<td>\r\n<p>Apoyar una musculatura saludable<\/p>\r\n<\/td>\r\n<\/tr>\r\n<\/tbody>\r\n<\/table>\r\n<p>\u00a0<\/p>","_es_post_name":"equistro-excell-e","_es_post_excerpt":"","_es_post_title":"Equistro Excell E","edit_language":"nl"},"product_brand":[],"product_cat":[1921,1812,1811,1857,1809],"product_tag":[],"class_list":{"0":"post-118572","1":"product","2":"type-product","3":"status-publish","4":"has-post-thumbnail","6":"product_cat-equistro","7":"product_cat-gewrichten-spieren","8":"product_cat-medicijnen-supplementen","9":"product_cat-merken","10":"product_cat-paarden","11":"pa_aandoening-gewrichten","12":"pa_doeldier-ezel","13":"pa_doeldier-paard","14":"pa_fabricatieland-belgie","15":"pa_merkfilter-equistro","16":"pa_merkgroep-equistro","17":"pa_productsoort-voedingssupplement","18":"pa_seo_canonical_store_id-not_found_value","19":"pa_seo_category-not_found_value","20":"pa_seo_meta_robots-not_found_value","21":"pa_toedieningswijze-poeder","22":"pa_toedieningswijze-vloeistof","23":"pa_werkzamestof-overig","25":"first","26":"instock","27":"taxable","28":"shipping-taxable","29":"product-type-grouped"},"yoast_head":"<!-- This site is optimized with the Yoast SEO plugin v27.5 - https:\/\/yoast.com\/product\/yoast-seo-wordpress\/ -->\n<title>Equistro Excell E | Vitamine E &amp; selenium voor de spieren van paarden<\/title>\n<meta name=\"description\" content=\"Ontdek Equistro Excell E, een voedingssupplement voor paarden met vitamine E en selenium voor een optimale spierfunctie. Bestel supplementen voor paarden online bij Pharmacy4pets.\" \/>\n<meta name=\"robots\" content=\"index, follow, max-snippet:-1, max-image-preview:large, max-video-preview:-1\" \/>\n<link rel=\"canonical\" href=\"https:\/\/p4p-nl.bootmine.com\/%product-slug%\/equistro-excell-e\" \/>\n<meta property=\"og:locale\" content=\"nl_NL\" \/>\n<meta property=\"og:type\" content=\"article\" \/>\n<meta property=\"og:title\" content=\"Equistro Excell E | Vitamine E &amp; selenium voor de spieren van paarden\" \/>\n<meta property=\"og:description\" content=\"Ontdek Equistro Excell E, een voedingssupplement voor paarden met vitamine E en selenium voor een optimale spierfunctie. Bestel supplementen voor paarden online bij Pharmacy4pets.\" \/>\n<meta property=\"og:url\" content=\"https:\/\/p4p-nl.bootmine.com\/%product-slug%\/equistro-excell-e\" \/>\n<meta property=\"og:site_name\" content=\"Pharmacy4pets\" \/>\n<meta property=\"article:publisher\" content=\"https:\/\/www.facebook.com\/people\/Pharmacy4petsnl\/100063484989896\/\" \/>\n<meta property=\"article:modified_time\" content=\"2026-03-25T11:58:16+00:00\" \/>\n<meta property=\"og:image\" content=\"https:\/\/p4p-nl.bootmine.com\/wp-content\/uploads\/2017\/07\/equistro_excell_e.jpg\" \/>\n\t<meta property=\"og:image:width\" content=\"310\" \/>\n\t<meta property=\"og:image:height\" content=\"310\" \/>\n\t<meta property=\"og:image:type\" content=\"image\/jpeg\" \/>\n<meta name=\"twitter:card\" content=\"summary_large_image\" \/>\n<meta name=\"twitter:label1\" content=\"Geschatte leestijd\" \/>\n\t<meta name=\"twitter:data1\" content=\"1 minuut\" \/>\n<script type=\"application\/ld+json\" class=\"yoast-schema-graph\">{\"@context\":\"https:\\\/\\\/schema.org\",\"@graph\":[{\"@type\":\"WebPage\",\"@id\":\"https:\\\/\\\/p4p-nl.bootmine.com\\\/%product-slug%\\\/equistro-excell-e\",\"url\":\"https:\\\/\\\/p4p-nl.bootmine.com\\\/%product-slug%\\\/equistro-excell-e\",\"name\":\"Equistro Excell E | Vitamine E & selenium voor de spieren van paarden\",\"isPartOf\":{\"@id\":\"http:\\\/\\\/www.pharmacy4pets.nl\\\/#website\"},\"primaryImageOfPage\":{\"@id\":\"https:\\\/\\\/p4p-nl.bootmine.com\\\/%product-slug%\\\/equistro-excell-e#primaryimage\"},\"image\":{\"@id\":\"https:\\\/\\\/p4p-nl.bootmine.com\\\/%product-slug%\\\/equistro-excell-e#primaryimage\"},\"thumbnailUrl\":\"https:\\\/\\\/www.pharmacy4pets.nl\\\/wp-content\\\/uploads\\\/2017\\\/07\\\/equistro_excell_e.jpg\",\"datePublished\":\"2017-07-26T14:32:15+00:00\",\"dateModified\":\"2026-03-25T11:58:16+00:00\",\"description\":\"Ontdek Equistro Excell E, een voedingssupplement voor paarden met vitamine E en selenium voor een optimale spierfunctie. Bestel supplementen voor paarden online bij Pharmacy4pets.\",\"breadcrumb\":{\"@id\":\"https:\\\/\\\/p4p-nl.bootmine.com\\\/%product-slug%\\\/equistro-excell-e#breadcrumb\"},\"inLanguage\":\"nl-NL\",\"potentialAction\":[{\"@type\":\"ReadAction\",\"target\":[\"https:\\\/\\\/p4p-nl.bootmine.com\\\/%product-slug%\\\/equistro-excell-e\"]}]},{\"@type\":\"ImageObject\",\"inLanguage\":\"nl-NL\",\"@id\":\"https:\\\/\\\/p4p-nl.bootmine.com\\\/%product-slug%\\\/equistro-excell-e#primaryimage\",\"url\":\"https:\\\/\\\/www.pharmacy4pets.nl\\\/wp-content\\\/uploads\\\/2017\\\/07\\\/equistro_excell_e.jpg\",\"contentUrl\":\"https:\\\/\\\/www.pharmacy4pets.nl\\\/wp-content\\\/uploads\\\/2017\\\/07\\\/equistro_excell_e.jpg\",\"width\":310,\"height\":310,\"caption\":\"Equistro Excell E vitamina E y selenio para los m\u00fasculos de caballos\"},{\"@type\":\"BreadcrumbList\",\"@id\":\"https:\\\/\\\/p4p-nl.bootmine.com\\\/%product-slug%\\\/equistro-excell-e#breadcrumb\",\"itemListElement\":[{\"@type\":\"ListItem\",\"position\":1,\"name\":\"Home\",\"item\":\"https:\\\/\\\/p4p-nl.bootmine.com\\\/\"},{\"@type\":\"ListItem\",\"position\":2,\"name\":\"Winkel\",\"item\":\"https:\\\/\\\/p4p-nl.bootmine.com\\\/winkel\"},{\"@type\":\"ListItem\",\"position\":3,\"name\":\"Equistro Excell E\"}]},{\"@type\":\"WebSite\",\"@id\":\"http:\\\/\\\/www.pharmacy4pets.nl\\\/#website\",\"url\":\"http:\\\/\\\/www.pharmacy4pets.nl\\\/\",\"name\":\"Pharmacy4pets\",\"description\":\"Pharmacy4pets.nl is d\u00e9 online apotheek waar u terecht kunt voor alle diergeneesmiddelen, verzorgingsproducten en dieetvoeding voor uw huisdier.\",\"publisher\":{\"@id\":\"http:\\\/\\\/www.pharmacy4pets.nl\\\/#organization\"},\"potentialAction\":[{\"@type\":\"SearchAction\",\"target\":{\"@type\":\"EntryPoint\",\"urlTemplate\":\"http:\\\/\\\/www.pharmacy4pets.nl\\\/?s={search_term_string}\"},\"query-input\":{\"@type\":\"PropertyValueSpecification\",\"valueRequired\":true,\"valueName\":\"search_term_string\"}}],\"inLanguage\":\"nl-NL\"},{\"@type\":\"Organization\",\"@id\":\"http:\\\/\\\/www.pharmacy4pets.nl\\\/#organization\",\"name\":\"Pharmacy4pets\",\"url\":\"http:\\\/\\\/www.pharmacy4pets.nl\\\/\",\"logo\":{\"@type\":\"ImageObject\",\"inLanguage\":\"nl-NL\",\"@id\":\"http:\\\/\\\/www.pharmacy4pets.nl\\\/#\\\/schema\\\/logo\\\/image\\\/\",\"url\":\"https:\\\/\\\/p4p-nl.bootmine.com\\\/wp-content\\\/uploads\\\/2026\\\/03\\\/logo-pharmacy4pets.png\",\"contentUrl\":\"https:\\\/\\\/p4p-nl.bootmine.com\\\/wp-content\\\/uploads\\\/2026\\\/03\\\/logo-pharmacy4pets.png\",\"width\":1024,\"height\":135,\"caption\":\"Pharmacy4pets\"},\"image\":{\"@id\":\"http:\\\/\\\/www.pharmacy4pets.nl\\\/#\\\/schema\\\/logo\\\/image\\\/\"},\"sameAs\":[\"https:\\\/\\\/www.facebook.com\\\/people\\\/Pharmacy4petsnl\\\/100063484989896\\\/\",\"https:\\\/\\\/www.youtube.com\\\/channel\\\/UCGPTIgucgli03tP2_kvLkHg\\\/featured\",\"https:\\\/\\\/www.instagram.com\\\/pharmacy4pets.nl\"]}]}<\/script>\n<!-- \/ Yoast SEO plugin. -->","yoast_head_json":{"title":"Equistro Excell E | Vitamine E & selenium voor de spieren van paarden","description":"Ontdek Equistro Excell E, een voedingssupplement voor paarden met vitamine E en selenium voor een optimale spierfunctie. Bestel supplementen voor paarden online bij Pharmacy4pets.","robots":{"index":"index","follow":"follow","max-snippet":"max-snippet:-1","max-image-preview":"max-image-preview:large","max-video-preview":"max-video-preview:-1"},"canonical":"https:\/\/p4p-nl.bootmine.com\/%product-slug%\/equistro-excell-e","og_locale":"nl_NL","og_type":"article","og_title":"Equistro Excell E | Vitamine E & selenium voor de spieren van paarden","og_description":"Ontdek Equistro Excell E, een voedingssupplement voor paarden met vitamine E en selenium voor een optimale spierfunctie. Bestel supplementen voor paarden online bij Pharmacy4pets.","og_url":"https:\/\/p4p-nl.bootmine.com\/%product-slug%\/equistro-excell-e","og_site_name":"Pharmacy4pets","article_publisher":"https:\/\/www.facebook.com\/people\/Pharmacy4petsnl\/100063484989896\/","article_modified_time":"2026-03-25T11:58:16+00:00","og_image":[{"width":310,"height":310,"url":"https:\/\/p4p-nl.bootmine.com\/wp-content\/uploads\/2017\/07\/equistro_excell_e.jpg","type":"image\/jpeg"}],"twitter_card":"summary_large_image","twitter_misc":{"Geschatte leestijd":"1 minuut"},"schema":{"@context":"https:\/\/schema.org","@graph":[{"@type":"WebPage","@id":"https:\/\/p4p-nl.bootmine.com\/%product-slug%\/equistro-excell-e","url":"https:\/\/p4p-nl.bootmine.com\/%product-slug%\/equistro-excell-e","name":"Equistro Excell E | Vitamine E & selenium voor de spieren van paarden","isPartOf":{"@id":"http:\/\/www.pharmacy4pets.nl\/#website"},"primaryImageOfPage":{"@id":"https:\/\/p4p-nl.bootmine.com\/%product-slug%\/equistro-excell-e#primaryimage"},"image":{"@id":"https:\/\/p4p-nl.bootmine.com\/%product-slug%\/equistro-excell-e#primaryimage"},"thumbnailUrl":"https:\/\/www.pharmacy4pets.nl\/wp-content\/uploads\/2017\/07\/equistro_excell_e.jpg","datePublished":"2017-07-26T14:32:15+00:00","dateModified":"2026-03-25T11:58:16+00:00","description":"Ontdek Equistro Excell E, een voedingssupplement voor paarden met vitamine E en selenium voor een optimale spierfunctie. Bestel supplementen voor paarden online bij Pharmacy4pets.","breadcrumb":{"@id":"https:\/\/p4p-nl.bootmine.com\/%product-slug%\/equistro-excell-e#breadcrumb"},"inLanguage":"nl-NL","potentialAction":[{"@type":"ReadAction","target":["https:\/\/p4p-nl.bootmine.com\/%product-slug%\/equistro-excell-e"]}]},{"@type":"ImageObject","inLanguage":"nl-NL","@id":"https:\/\/p4p-nl.bootmine.com\/%product-slug%\/equistro-excell-e#primaryimage","url":"https:\/\/www.pharmacy4pets.nl\/wp-content\/uploads\/2017\/07\/equistro_excell_e.jpg","contentUrl":"https:\/\/www.pharmacy4pets.nl\/wp-content\/uploads\/2017\/07\/equistro_excell_e.jpg","width":310,"height":310,"caption":"Equistro Excell E vitamina E y selenio para los m\u00fasculos de caballos"},{"@type":"BreadcrumbList","@id":"https:\/\/p4p-nl.bootmine.com\/%product-slug%\/equistro-excell-e#breadcrumb","itemListElement":[{"@type":"ListItem","position":1,"name":"Home","item":"https:\/\/p4p-nl.bootmine.com\/"},{"@type":"ListItem","position":2,"name":"Winkel","item":"https:\/\/p4p-nl.bootmine.com\/winkel"},{"@type":"ListItem","position":3,"name":"Equistro Excell E"}]},{"@type":"WebSite","@id":"http:\/\/www.pharmacy4pets.nl\/#website","url":"http:\/\/www.pharmacy4pets.nl\/","name":"Pharmacy4pets","description":"Pharmacy4pets.nl is d\u00e9 online apotheek waar u terecht kunt voor alle diergeneesmiddelen, verzorgingsproducten en dieetvoeding voor uw huisdier.","publisher":{"@id":"http:\/\/www.pharmacy4pets.nl\/#organization"},"potentialAction":[{"@type":"SearchAction","target":{"@type":"EntryPoint","urlTemplate":"http:\/\/www.pharmacy4pets.nl\/?s={search_term_string}"},"query-input":{"@type":"PropertyValueSpecification","valueRequired":true,"valueName":"search_term_string"}}],"inLanguage":"nl-NL"},{"@type":"Organization","@id":"http:\/\/www.pharmacy4pets.nl\/#organization","name":"Pharmacy4pets","url":"http:\/\/www.pharmacy4pets.nl\/","logo":{"@type":"ImageObject","inLanguage":"nl-NL","@id":"http:\/\/www.pharmacy4pets.nl\/#\/schema\/logo\/image\/","url":"https:\/\/p4p-nl.bootmine.com\/wp-content\/uploads\/2026\/03\/logo-pharmacy4pets.png","contentUrl":"https:\/\/p4p-nl.bootmine.com\/wp-content\/uploads\/2026\/03\/logo-pharmacy4pets.png","width":1024,"height":135,"caption":"Pharmacy4pets"},"image":{"@id":"http:\/\/www.pharmacy4pets.nl\/#\/schema\/logo\/image\/"},"sameAs":["https:\/\/www.facebook.com\/people\/Pharmacy4petsnl\/100063484989896\/","https:\/\/www.youtube.com\/channel\/UCGPTIgucgli03tP2_kvLkHg\/featured","https:\/\/www.instagram.com\/pharmacy4pets.nl"]}]}},"market_data":{"nl":{"price":0,"sale_price":0,"active":false,"url":null,"parent_url":"","tax_rate":0,"price_inc_tax":0,"sale_price_inc_tax":0},"de":{"price":0,"sale_price":0,"active":false,"url":null,"parent_url":"","tax_rate":0,"price_inc_tax":0,"sale_price_inc_tax":0},"be":{"price":0,"sale_price":0,"active":false,"url":null,"parent_url":"","tax_rate":0,"price_inc_tax":0,"sale_price_inc_tax":0},"fr":{"price":0,"sale_price":0,"active":false,"url":null,"parent_url":"","tax_rate":0,"price_inc_tax":0,"sale_price_inc_tax":0},"ch":{"price":0,"sale_price":0,"active":false,"url":null,"parent_url":"","tax_rate":0,"price_inc_tax":0,"sale_price_inc_tax":0},"at":{"price":0,"sale_price":0,"active":false,"url":null,"parent_url":"","tax_rate":0,"price_inc_tax":0,"sale_price_inc_tax":0},"es":{"price":0,"sale_price":0,"active":false,"url":null,"parent_url":"","tax_rate":0,"price_inc_tax":0,"sale_price_inc_tax":0},"dk":{"price":0,"sale_price":0,"active":false,"url":null,"parent_url":"","tax_rate":0,"price_inc_tax":0,"sale_price_inc_tax":0},"com":{"price":0,"sale_price":0,"active":false,"url":null,"parent_url":"","tax_rate":0,"price_inc_tax":0,"sale_price_inc_tax":0}},"market_nl_price":0,"market_nl_sale_price":0,"market_nl_active":false,"market_nl_url":null,"market_nl_parent_url":"","market_nl_tax_rate":0,"market_nl_price_inc_tax":0,"market_nl_sale_price_inc_tax":0,"market_de_price":0,"market_de_sale_price":0,"market_de_active":false,"market_de_url":null,"market_de_parent_url":"","market_de_tax_rate":0,"market_de_price_inc_tax":0,"market_de_sale_price_inc_tax":0,"market_be_price":0,"market_be_sale_price":0,"market_be_active":false,"market_be_url":null,"market_be_parent_url":"","market_be_tax_rate":0,"market_be_price_inc_tax":0,"market_be_sale_price_inc_tax":0,"market_fr_price":0,"market_fr_sale_price":0,"market_fr_active":false,"market_fr_url":null,"market_fr_parent_url":"","market_fr_tax_rate":0,"market_fr_price_inc_tax":0,"market_fr_sale_price_inc_tax":0,"market_ch_price":0,"market_ch_sale_price":0,"market_ch_active":false,"market_ch_url":null,"market_ch_parent_url":"","market_ch_tax_rate":0,"market_ch_price_inc_tax":0,"market_ch_sale_price_inc_tax":0,"market_at_price":0,"market_at_sale_price":0,"market_at_active":false,"market_at_url":null,"market_at_parent_url":"","market_at_tax_rate":0,"market_at_price_inc_tax":0,"market_at_sale_price_inc_tax":0,"market_es_price":0,"market_es_sale_price":0,"market_es_active":false,"market_es_url":null,"market_es_parent_url":"","market_es_tax_rate":0,"market_es_price_inc_tax":0,"market_es_sale_price_inc_tax":0,"market_dk_price":0,"market_dk_sale_price":0,"market_dk_active":false,"market_dk_url":null,"market_dk_parent_url":"","market_dk_tax_rate":0,"market_dk_price_inc_tax":0,"market_dk_sale_price_inc_tax":0,"market_com_price":0,"market_com_sale_price":0,"market_com_active":false,"market_com_url":null,"market_com_parent_url":"","market_com_tax_rate":0,"market_com_price_inc_tax":0,"market_com_sale_price_inc_tax":0,"acf":[],"_links":{"self":[{"href":"https:\/\/www.pharmacy4pets.nl\/be\/wp-json\/wp\/v2\/product\/118572","targetHints":{"allow":["GET"]}}],"collection":[{"href":"https:\/\/www.pharmacy4pets.nl\/be\/wp-json\/wp\/v2\/product"}],"about":[{"href":"https:\/\/www.pharmacy4pets.nl\/be\/wp-json\/wp\/v2\/types\/product"}],"replies":[{"embeddable":true,"href":"https:\/\/www.pharmacy4pets.nl\/be\/wp-json\/wp\/v2\/comments?post=118572"}],"wp:featuredmedia":[{"embeddable":true,"href":"https:\/\/www.pharmacy4pets.nl\/be\/wp-json\/wp\/v2\/media\/118571"}],"wp:attachment":[{"href":"https:\/\/www.pharmacy4pets.nl\/be\/wp-json\/wp\/v2\/media?parent=118572"}],"wp:term":[{"taxonomy":"product_brand","embeddable":true,"href":"https:\/\/www.pharmacy4pets.nl\/be\/wp-json\/wp\/v2\/product_brand?post=118572"},{"taxonomy":"product_cat","embeddable":true,"href":"https:\/\/www.pharmacy4pets.nl\/be\/wp-json\/wp\/v2\/product_cat?post=118572"},{"taxonomy":"product_tag","embeddable":true,"href":"https:\/\/www.pharmacy4pets.nl\/be\/wp-json\/wp\/v2\/product_tag?post=118572"}],"curies":[{"name":"wp","href":"https:\/\/api.w.org\/{rel}","templated":true}]}}