{"id":118564,"date":"2017-07-26T13:38:14","date_gmt":"2017-07-26T13:38:14","guid":{"rendered":"https:\/\/p4p.test\/equistro-energy-booster"},"modified":"2026-04-14T08:02:47","modified_gmt":"2026-04-14T08:02:47","slug":"equistro-energy-booster","status":"publish","type":"product","link":"https:\/\/www.pharmacy4pets.nl\/be\/equistro-energy-booster","title":{"rendered":"Equistro Energy Booster 1 injector \u00e0 20 gram"},"content":{"rendered":"<p>Equistro Energy Booster is een pasta met hoog geconcentreerde, snel beschikbare voedingsstoffen, om de behoefte aan elektrolyten en energie te dekken. Het is bestemd om verlies van elektrolyten bij hevig zweten te compenseren en speciaal aanbevolen gedurende perioden van lichamelijke inspanningen en\/of een warm klimaat. De pasta komt in een handige doseerspuit en kan direct in de mond gegeven worden.<\/p>\n<p><span style=\"text-decoration: underline;\">Toediening:<br \/><\/span>Onmiddellijk in de mond van het paard toedienen, voor en\/of na een inspanning die hevig zweten tot gevolg heeft.<br \/>De toediening mag gedurende 1 tot 3 dagen herhaald worden.<br \/>Er dient vrij toegang tot drinkwater te zijn<\/p>\n<p><span style=\"text-decoration: underline;\">Dosering:<\/span><\/p>\n<table border=\"1\" style=\"\">\n<thead>\n<tr>\n<td colspan=\"2\">\n<p style=\"text-align: center;\"><strong>Dosering<\/strong><\/p>\n<\/td>\n<\/tr>\n<\/thead>\n<tbody>\n<tr>\n<td>\n<p><strong><em>Dier en Gewicht<\/em><\/strong><\/p>\n<\/td>\n<td>\n<p><strong><em>Aanbevolen Dosering<\/em><\/strong><\/p>\n<\/td>\n<\/tr>\n<tr>\n<td>\n<p>Paard<\/p>\n<\/td>\n<td>\n<p>&frac12; &#8211; 1 doseerspuit (10-20 gram)<\/p>\n<\/td>\n<\/tr>\n<tr>\n<td>\n<p>Pony<\/p>\n<\/td>\n<td>\n<p>&frac14; doseerspuit (5 gram)<\/p>\n<\/td>\n<\/tr>\n<\/tbody>\n<\/table>\n","protected":false},"excerpt":{"rendered":"<p>Equistro Energy Booster is een pasta met hoog geconcentreerde, snel beschikbare voedingsstoffen, om de behoefte aan elektrolyten en energie te dekken. Het is bestemd om verlies van elektrolyten bij hevig zweten te compenseren en speciaal aanbevolen gedurende perioden van lichamelijke inspanningen en\/of een warm klimaat. De pasta komt in een handige doseerspuit en kan direct [&hellip;]<\/p>\n","protected":false},"featured_media":118563,"comment_status":"open","ping_status":"closed","template":"","meta":{"_acf_changed":false,"_nl_post_content":"<p>Equistro Energy Booster is een pasta met hoog geconcentreerde, snel beschikbare voedingsstoffen, om de behoefte aan elektrolyten en energie te dekken. Het is bestemd om verlies van elektrolyten bij hevig zweten te compenseren en speciaal aanbevolen gedurende perioden van lichamelijke inspanningen en\/of een warm klimaat. De pasta komt in een handige doseerspuit en kan direct in de mond gegeven worden.<\/p>\r\n<p><span style=\"text-decoration: underline;\">Toediening:<br \/><\/span>Onmiddellijk in de mond van het paard toedienen, voor en\/of na een inspanning die hevig zweten tot gevolg heeft.<br \/>De toediening mag gedurende 1 tot 3 dagen herhaald worden.<br \/>Er dient vrij toegang tot drinkwater te zijn<\/p>\r\n<p><span style=\"text-decoration: underline;\">Dosering:<\/span><\/p>\r\n<table border=\"1\" style=\"\">\r\n<thead>\r\n<tr>\r\n<td colspan=\"2\">\r\n<p style=\"text-align: center;\"><strong>Dosering<\/strong><\/p>\r\n<\/td>\r\n<\/tr>\r\n<\/thead>\r\n<tbody>\r\n<tr>\r\n<td>\r\n<p><strong><em>Dier en Gewicht<\/em><\/strong><\/p>\r\n<\/td>\r\n<td>\r\n<p><strong><em>Aanbevolen Dosering<\/em><\/strong><\/p>\r\n<\/td>\r\n<\/tr>\r\n<tr>\r\n<td>\r\n<p>Paard<\/p>\r\n<\/td>\r\n<td>\r\n<p>&frac12; - 1 doseerspuit (10-20 gram)<\/p>\r\n<\/td>\r\n<\/tr>\r\n<tr>\r\n<td>\r\n<p>Pony<\/p>\r\n<\/td>\r\n<td>\r\n<p>&frac14; doseerspuit (5 gram)<\/p>\r\n<\/td>\r\n<\/tr>\r\n<\/tbody>\r\n<\/table>","_nl_post_name":"equistro-energy-booster","_nl_post_excerpt":"","_nl_post_title":"Equistro Energy Booster 1 injector \u00e0 20 gram","_en_post_content":"<p>Equistro Energy Booster is a paste with highly concentrated, quick-available nutrients to cover the need for electrolytes and extra energy. It is intended to compensate for the loss of electrolytes in severe sweating and is especially recommended during periods of physical effort and\/or a warm climate. The paste comes in a convenient syringe and can be given directly into the mouth.<\/p>\r\n<p><span style=\"text-decoration: underline;\">Administration:<br \/><\/span>Apply immediately into the mouth, before and\/or after an effort causing severe sweating<br \/>Administration may be repeated for 1 to 3 days<br \/>There must be free access to drinking water<\/p>\r\n<p><span style=\"text-decoration: underline;\">Dosage:<\/span><\/p>\r\n<table border=\"1\" style=\"\">\r\n<thead>\r\n<tr>\r\n<td colspan=\"2\">\r\n<p style=\"text-align: center;\"><strong>Dosage<\/strong><\/p>\r\n<\/td>\r\n<\/tr>\r\n<\/thead>\r\n<tbody>\r\n<tr>\r\n<td>\r\n<p><strong><em>Animal and weight<\/em><\/strong><\/p>\r\n<\/td>\r\n<td>\r\n<p><strong><em>Recommended Dosage<\/em><\/strong><\/p>\r\n<\/td>\r\n<\/tr>\r\n<tr>\r\n<td>\r\n<p>Horse<\/p>\r\n<\/td>\r\n<td>\r\n<p>&frac12; - 1 Syringe (10-20 grams)<\/p>\r\n<\/td>\r\n<\/tr>\r\n<tr>\r\n<td>\r\n<p>Pony<\/p>\r\n<\/td>\r\n<td>\r\n<p>&frac14; Syringe (5 grams)<\/p>\r\n<\/td>\r\n<\/tr>\r\n<\/tbody>\r\n<\/table>","_en_post_name":"equistro-energy-booster","_en_post_excerpt":"","_en_post_title":"Equistro Energy Booster 1 injector of 20 grams","_de_post_content":"<p>Equistro Energy Booster ist eine Paste mit einer hochkonzentrierten, leicht verf&uuml;gbare N&auml;hrstoffe, um den Bedarf an Elektrolyten und Energie zu decken. Wenn Ihr Pferd beispielsweise bei hartem Training, Anspannung oder hohen Temperaturen stark schwitzt, gehen Elektrolyte verloren.<\/p>\r\n<p>Die Paste wird in einer praktischen Dosierspritze und kann direkt in den Mund gegeben werden.<\/p>\r\n<p><span style=\"text-decoration: underline;\">Anwendung:<br \/><\/span>Die Verabreichung kann f&uuml;r 1 bis 3 Tage wiederholt werden<br \/>Es sollte den freien Zugang zu Trinkwasser sein.<br \/>Die Paste direkt in den Mund geben, vor und \/ oder nach dem Training, die starken Schwitzen verursacht.<\/p>\r\n<p><span style=\"text-decoration: underline;\">Dosierung:<\/span><\/p>\r\n<table border=\"1\" style=\"\">\r\n<thead>\r\n<tr>\r\n<td colspan=\"2\">\r\n<p style=\"text-align: center;\"><strong>Dosierung<\/strong><\/p>\r\n<\/td>\r\n<\/tr>\r\n<\/thead>\r\n<tbody>\r\n<tr>\r\n<td>\r\n<p><strong><em>Tier und Gewicht<\/em><\/strong><\/p>\r\n<\/td>\r\n<td>\r\n<p><strong><em>Empfohlene dosierung<\/em><\/strong><\/p>\r\n<\/td>\r\n<\/tr>\r\n<tr>\r\n<td>\r\n<p>Pferd<\/p>\r\n<\/td>\r\n<td>\r\n<p>&frac12; - 1 Messl&ouml;ffel (10-20 Gramm)<\/p>\r\n<\/td>\r\n<\/tr>\r\n<tr>\r\n<td>\r\n<p>Pony<\/p>\r\n<\/td>\r\n<td>\r\n<p>&frac14; Messl&ouml;ffel (5 Gramm)<\/p>\r\n<\/td>\r\n<\/tr>\r\n<\/tbody>\r\n<\/table>","_de_post_name":"equistro-energy-booster","_de_post_excerpt":"","_de_post_title":"Equistro Energy Booster 1 Injektor von 20 Gramm","_fr_post_content":"<p>Equistro Energy Booster est une p&acirc;te contenant des nutriments hautement concentr&eacute;s et rapidement disponibles, pour couvrir les besoins en &eacute;lectrolytes et en &eacute;nergie. Il est destin&eacute; &agrave; compenser les pertes d'&eacute;lectrolytes lors d'une forte transpiration et est particuli&egrave;rement recommand&eacute; pendant les p&eacute;riodes d'effort physique et\/ou de climat chaud. La p&acirc;te est pr&eacute;sent&eacute;e dans une seringue de dosage pratique et peut &ecirc;tre administr&eacute;e directement dans la bouche.<br \/><br \/>Administration :<br \/>Administrer imm&eacute;diatement dans la bouche du cheval, avant et\/ou apr&egrave;s un effort qui provoque une forte transpiration.<br \/>L'administration peut &ecirc;tre r&eacute;p&eacute;t&eacute;e pendant 1 &agrave; 3 jours.<br \/>L'acc&egrave;s &agrave; l'eau potable doit &ecirc;tre gratuit.<br \/><br \/>Dosage :<\/p>\r\n<table border=\"1\" style=\"\">\r\n<thead>\r\n<tr>\r\n<td colspan=\"2\">\r\n<p style=\"text-align: center;\"><strong>Dosage<\/strong><\/p>\r\n<\/td>\r\n<\/tr>\r\n<\/thead>\r\n<tbody>\r\n<tr>\r\n<td>\r\n<p><strong><em>Animal et poids<\/em><\/strong><\/p>\r\n<\/td>\r\n<td>\r\n<p><strong><em>Dosage recommand&eacute;<\/em><\/strong><\/p>\r\n<\/td>\r\n<\/tr>\r\n<tr>\r\n<td>\r\n<p>Cheval<\/p>\r\n<\/td>\r\n<td>\r\n<p>&frac12; - 1 seringue (10-20 grammes)<\/p>\r\n<\/td>\r\n<\/tr>\r\n<tr>\r\n<td>\r\n<p>Poney<\/p>\r\n<\/td>\r\n<td>\r\n<p>&frac14; seringue (5 grammes)<\/p>\r\n<\/td>\r\n<\/tr>\r\n<\/tbody>\r\n<\/table>","_fr_post_name":"equistro-energy-booster","_fr_post_excerpt":"","_fr_post_title":"Equistro Energy Booster 1 injecteur de 20 grammes","_es_post_content":"<p>Equistro Energy Booster es una pasta con nutrientes altamente concentrados y de r\u00e1pida disponibilidad, para cubrir las necesidades de energ\u00eda y electrolitos para caballos y ponis. Est\u00e1 destinado a compensar la p\u00e9rdida de electrolitos durante la sudoraci\u00f3n intensa y especialmente recomendado durante per\u00edodos de esfuerzo f\u00edsico o clima c\u00e1lido. La pasta viene en una pr\u00e1ctica jeringa dosificadora y se puede administrar directamente en la boca.<\/p>\r\n<h3>\u00bfC\u00f3mo administrar el Equistro Energy Booster?<\/h3>\r\n<p>Administrar inmediatamente en la boca del caballo, antes y\/o despu\u00e9s del ejercicio provocando sudoraci\u00f3n profusa.<br \/>La administraci\u00f3n puede repetirse durante 1 a 3 d\u00edas.<br \/>Debe haber libre acceso al agua potable.<\/p>\r\n<h3>Dosis de Equistro Energy Booster para caballos y ponis<\/h3>\r\n<table style=\"\" border=\"1\">\r\n<thead>\r\n<tr>\r\n<td colspan=\"2\">\r\n<p style=\"text-align: center;\"><span style=\"color: #000000; font-family: Verdana, Arial, Helvetica, sans-serif;\">Dosis<\/span><\/p>\r\n<\/td>\r\n<\/tr>\r\n<\/thead>\r\n<tbody>\r\n<tr>\r\n<td>\r\n<p>Animal y peso<\/p>\r\n<\/td>\r\n<td>\r\n<p>Dosis recomendada<\/p>\r\n<\/td>\r\n<\/tr>\r\n<tr>\r\n<td>\r\n<p>Caballos<\/p>\r\n<\/td>\r\n<td>\r\n<p>\u00bd - 1 jeringa dosificadora (10-20 gramos)<\/p>\r\n<\/td>\r\n<\/tr>\r\n<tr>\r\n<td>\r\n<p>Ponis<\/p>\r\n<\/td>\r\n<td>\r\n<p>\u00bc jeringa dosificadora (5 gramos)<\/p>\r\n<\/td>\r\n<\/tr>\r\n<\/tbody>\r\n<\/table>","_es_post_name":"equistro-energy-booster","_es_post_excerpt":"","_es_post_title":"Equistro Energy Booster 1 inyector de 20 gramos","edit_language":"nl"},"product_brand":[],"product_cat":[1921,1812,2015,1811,1857,1809],"product_tag":[],"class_list":{"0":"post-118564","1":"product","2":"type-product","3":"status-publish","4":"has-post-thumbnail","6":"product_cat-equistro","7":"product_cat-gewrichten-spieren","8":"product_cat-immuunsysteem-weerstand","9":"product_cat-medicijnen-supplementen","10":"product_cat-merken","11":"product_cat-paarden","12":"pa_aandoening-overig","13":"pa_doeldier-ezel","14":"pa_doeldier-paard","15":"pa_fabricatieland-belgie","16":"pa_merkfilter-equistro","17":"pa_merkgroep-equistro","18":"pa_productsoort-voedingssupplement","19":"pa_seo_canonical_store_id-not_found_value","20":"pa_seo_category-not_found_value","21":"pa_seo_meta_robots-not_found_value","22":"pa_toedieningswijze-pasta","23":"pa_unit_pricing_base_measure-10g","24":"pa_unit_pricing_measure-20g","25":"pa_werkzamestof-overig","27":"first","28":"instock","29":"taxable","30":"shipping-taxable","31":"purchasable","32":"product-type-simple"},"yoast_head":"<!-- This site is optimized with the Yoast SEO plugin v27.5 - https:\/\/yoast.com\/product\/yoast-seo-wordpress\/ -->\n<title>Equistro Energy Booster | Elektrolyten Paard<\/title>\n<meta name=\"description\" content=\"Equistro Energy Booster is een pasta met hoog geconcentreerde, snel beschikbare voedingsstoffen, om de behoefte aan elektrolyten en energie te dekken.\" \/>\n<meta name=\"robots\" content=\"index, follow, max-snippet:-1, max-image-preview:large, max-video-preview:-1\" \/>\n<link rel=\"canonical\" href=\"https:\/\/p4p-nl.bootmine.com\/%product-slug%\/equistro-energy-booster\" \/>\n<meta property=\"og:locale\" content=\"nl_NL\" \/>\n<meta property=\"og:type\" content=\"article\" \/>\n<meta property=\"og:title\" content=\"Equistro Energy Booster | Elektrolyten Paard\" \/>\n<meta property=\"og:description\" content=\"Equistro Energy Booster is een pasta met hoog geconcentreerde, snel beschikbare voedingsstoffen, om de behoefte aan elektrolyten en energie te dekken.\" \/>\n<meta property=\"og:url\" content=\"https:\/\/p4p-nl.bootmine.com\/%product-slug%\/equistro-energy-booster\" \/>\n<meta property=\"og:site_name\" content=\"Pharmacy4pets\" \/>\n<meta property=\"article:publisher\" content=\"https:\/\/www.facebook.com\/people\/Pharmacy4petsnl\/100063484989896\/\" \/>\n<meta property=\"article:modified_time\" content=\"2026-04-14T08:02:47+00:00\" \/>\n<meta property=\"og:image\" content=\"https:\/\/p4p-nl.bootmine.com\/wp-content\/uploads\/2017\/07\/energy_booster_20g_1.jpg\" \/>\n\t<meta property=\"og:image:width\" content=\"1600\" \/>\n\t<meta property=\"og:image:height\" content=\"1200\" \/>\n\t<meta property=\"og:image:type\" content=\"image\/jpeg\" \/>\n<meta name=\"twitter:card\" content=\"summary_large_image\" \/>\n<meta name=\"twitter:label1\" content=\"Geschatte leestijd\" \/>\n\t<meta name=\"twitter:data1\" content=\"1 minuut\" \/>\n<script type=\"application\/ld+json\" class=\"yoast-schema-graph\">{\"@context\":\"https:\\\/\\\/schema.org\",\"@graph\":[{\"@type\":\"WebPage\",\"@id\":\"https:\\\/\\\/p4p-nl.bootmine.com\\\/%product-slug%\\\/equistro-energy-booster\",\"url\":\"https:\\\/\\\/p4p-nl.bootmine.com\\\/%product-slug%\\\/equistro-energy-booster\",\"name\":\"Equistro Energy Booster | Elektrolyten Paard\",\"isPartOf\":{\"@id\":\"http:\\\/\\\/www.pharmacy4pets.nl\\\/#website\"},\"primaryImageOfPage\":{\"@id\":\"https:\\\/\\\/p4p-nl.bootmine.com\\\/%product-slug%\\\/equistro-energy-booster#primaryimage\"},\"image\":{\"@id\":\"https:\\\/\\\/p4p-nl.bootmine.com\\\/%product-slug%\\\/equistro-energy-booster#primaryimage\"},\"thumbnailUrl\":\"https:\\\/\\\/www.pharmacy4pets.nl\\\/wp-content\\\/uploads\\\/2017\\\/07\\\/energy_booster_20g_1.jpg\",\"datePublished\":\"2017-07-26T13:38:14+00:00\",\"dateModified\":\"2026-04-14T08:02:47+00:00\",\"description\":\"Equistro Energy Booster is een pasta met hoog geconcentreerde, snel beschikbare voedingsstoffen, om de behoefte aan elektrolyten en energie te dekken.\",\"breadcrumb\":{\"@id\":\"https:\\\/\\\/p4p-nl.bootmine.com\\\/%product-slug%\\\/equistro-energy-booster#breadcrumb\"},\"inLanguage\":\"nl-NL\",\"potentialAction\":[{\"@type\":\"ReadAction\",\"target\":[\"https:\\\/\\\/p4p-nl.bootmine.com\\\/%product-slug%\\\/equistro-energy-booster\"]}]},{\"@type\":\"ImageObject\",\"inLanguage\":\"nl-NL\",\"@id\":\"https:\\\/\\\/p4p-nl.bootmine.com\\\/%product-slug%\\\/equistro-energy-booster#primaryimage\",\"url\":\"https:\\\/\\\/www.pharmacy4pets.nl\\\/wp-content\\\/uploads\\\/2017\\\/07\\\/energy_booster_20g_1.jpg\",\"contentUrl\":\"https:\\\/\\\/www.pharmacy4pets.nl\\\/wp-content\\\/uploads\\\/2017\\\/07\\\/energy_booster_20g_1.jpg\",\"width\":1600,\"height\":1200,\"caption\":\"Equistro Energy Booster\"},{\"@type\":\"BreadcrumbList\",\"@id\":\"https:\\\/\\\/p4p-nl.bootmine.com\\\/%product-slug%\\\/equistro-energy-booster#breadcrumb\",\"itemListElement\":[{\"@type\":\"ListItem\",\"position\":1,\"name\":\"Home\",\"item\":\"https:\\\/\\\/p4p-nl.bootmine.com\\\/\"},{\"@type\":\"ListItem\",\"position\":2,\"name\":\"Winkel\",\"item\":\"https:\\\/\\\/p4p-nl.bootmine.com\\\/winkel\"},{\"@type\":\"ListItem\",\"position\":3,\"name\":\"Equistro Energy Booster 1 injector \u00e0 20 gram\"}]},{\"@type\":\"WebSite\",\"@id\":\"http:\\\/\\\/www.pharmacy4pets.nl\\\/#website\",\"url\":\"http:\\\/\\\/www.pharmacy4pets.nl\\\/\",\"name\":\"Pharmacy4pets\",\"description\":\"Pharmacy4pets.nl is d\u00e9 online apotheek waar u terecht kunt voor alle diergeneesmiddelen, verzorgingsproducten en dieetvoeding voor uw huisdier.\",\"publisher\":{\"@id\":\"http:\\\/\\\/www.pharmacy4pets.nl\\\/#organization\"},\"potentialAction\":[{\"@type\":\"SearchAction\",\"target\":{\"@type\":\"EntryPoint\",\"urlTemplate\":\"http:\\\/\\\/www.pharmacy4pets.nl\\\/?s={search_term_string}\"},\"query-input\":{\"@type\":\"PropertyValueSpecification\",\"valueRequired\":true,\"valueName\":\"search_term_string\"}}],\"inLanguage\":\"nl-NL\"},{\"@type\":\"Organization\",\"@id\":\"http:\\\/\\\/www.pharmacy4pets.nl\\\/#organization\",\"name\":\"Pharmacy4pets\",\"url\":\"http:\\\/\\\/www.pharmacy4pets.nl\\\/\",\"logo\":{\"@type\":\"ImageObject\",\"inLanguage\":\"nl-NL\",\"@id\":\"http:\\\/\\\/www.pharmacy4pets.nl\\\/#\\\/schema\\\/logo\\\/image\\\/\",\"url\":\"https:\\\/\\\/p4p-nl.bootmine.com\\\/wp-content\\\/uploads\\\/2026\\\/03\\\/logo-pharmacy4pets.png\",\"contentUrl\":\"https:\\\/\\\/p4p-nl.bootmine.com\\\/wp-content\\\/uploads\\\/2026\\\/03\\\/logo-pharmacy4pets.png\",\"width\":1024,\"height\":135,\"caption\":\"Pharmacy4pets\"},\"image\":{\"@id\":\"http:\\\/\\\/www.pharmacy4pets.nl\\\/#\\\/schema\\\/logo\\\/image\\\/\"},\"sameAs\":[\"https:\\\/\\\/www.facebook.com\\\/people\\\/Pharmacy4petsnl\\\/100063484989896\\\/\",\"https:\\\/\\\/www.youtube.com\\\/channel\\\/UCGPTIgucgli03tP2_kvLkHg\\\/featured\",\"https:\\\/\\\/www.instagram.com\\\/pharmacy4pets.nl\"]}]}<\/script>\n<!-- \/ Yoast SEO plugin. -->","yoast_head_json":{"title":"Equistro Energy Booster | Elektrolyten Paard","description":"Equistro Energy Booster is een pasta met hoog geconcentreerde, snel beschikbare voedingsstoffen, om de behoefte aan elektrolyten en energie te dekken.","robots":{"index":"index","follow":"follow","max-snippet":"max-snippet:-1","max-image-preview":"max-image-preview:large","max-video-preview":"max-video-preview:-1"},"canonical":"https:\/\/p4p-nl.bootmine.com\/%product-slug%\/equistro-energy-booster","og_locale":"nl_NL","og_type":"article","og_title":"Equistro Energy Booster | Elektrolyten Paard","og_description":"Equistro Energy Booster is een pasta met hoog geconcentreerde, snel beschikbare voedingsstoffen, om de behoefte aan elektrolyten en energie te dekken.","og_url":"https:\/\/p4p-nl.bootmine.com\/%product-slug%\/equistro-energy-booster","og_site_name":"Pharmacy4pets","article_publisher":"https:\/\/www.facebook.com\/people\/Pharmacy4petsnl\/100063484989896\/","article_modified_time":"2026-04-14T08:02:47+00:00","og_image":[{"width":1600,"height":1200,"url":"https:\/\/p4p-nl.bootmine.com\/wp-content\/uploads\/2017\/07\/energy_booster_20g_1.jpg","type":"image\/jpeg"}],"twitter_card":"summary_large_image","twitter_misc":{"Geschatte leestijd":"1 minuut"},"schema":{"@context":"https:\/\/schema.org","@graph":[{"@type":"WebPage","@id":"https:\/\/p4p-nl.bootmine.com\/%product-slug%\/equistro-energy-booster","url":"https:\/\/p4p-nl.bootmine.com\/%product-slug%\/equistro-energy-booster","name":"Equistro Energy Booster | Elektrolyten Paard","isPartOf":{"@id":"http:\/\/www.pharmacy4pets.nl\/#website"},"primaryImageOfPage":{"@id":"https:\/\/p4p-nl.bootmine.com\/%product-slug%\/equistro-energy-booster#primaryimage"},"image":{"@id":"https:\/\/p4p-nl.bootmine.com\/%product-slug%\/equistro-energy-booster#primaryimage"},"thumbnailUrl":"https:\/\/www.pharmacy4pets.nl\/wp-content\/uploads\/2017\/07\/energy_booster_20g_1.jpg","datePublished":"2017-07-26T13:38:14+00:00","dateModified":"2026-04-14T08:02:47+00:00","description":"Equistro Energy Booster is een pasta met hoog geconcentreerde, snel beschikbare voedingsstoffen, om de behoefte aan elektrolyten en energie te dekken.","breadcrumb":{"@id":"https:\/\/p4p-nl.bootmine.com\/%product-slug%\/equistro-energy-booster#breadcrumb"},"inLanguage":"nl-NL","potentialAction":[{"@type":"ReadAction","target":["https:\/\/p4p-nl.bootmine.com\/%product-slug%\/equistro-energy-booster"]}]},{"@type":"ImageObject","inLanguage":"nl-NL","@id":"https:\/\/p4p-nl.bootmine.com\/%product-slug%\/equistro-energy-booster#primaryimage","url":"https:\/\/www.pharmacy4pets.nl\/wp-content\/uploads\/2017\/07\/energy_booster_20g_1.jpg","contentUrl":"https:\/\/www.pharmacy4pets.nl\/wp-content\/uploads\/2017\/07\/energy_booster_20g_1.jpg","width":1600,"height":1200,"caption":"Equistro Energy Booster"},{"@type":"BreadcrumbList","@id":"https:\/\/p4p-nl.bootmine.com\/%product-slug%\/equistro-energy-booster#breadcrumb","itemListElement":[{"@type":"ListItem","position":1,"name":"Home","item":"https:\/\/p4p-nl.bootmine.com\/"},{"@type":"ListItem","position":2,"name":"Winkel","item":"https:\/\/p4p-nl.bootmine.com\/winkel"},{"@type":"ListItem","position":3,"name":"Equistro Energy Booster 1 injector \u00e0 20 gram"}]},{"@type":"WebSite","@id":"http:\/\/www.pharmacy4pets.nl\/#website","url":"http:\/\/www.pharmacy4pets.nl\/","name":"Pharmacy4pets","description":"Pharmacy4pets.nl is d\u00e9 online apotheek waar u terecht kunt voor alle diergeneesmiddelen, verzorgingsproducten en dieetvoeding voor uw huisdier.","publisher":{"@id":"http:\/\/www.pharmacy4pets.nl\/#organization"},"potentialAction":[{"@type":"SearchAction","target":{"@type":"EntryPoint","urlTemplate":"http:\/\/www.pharmacy4pets.nl\/?s={search_term_string}"},"query-input":{"@type":"PropertyValueSpecification","valueRequired":true,"valueName":"search_term_string"}}],"inLanguage":"nl-NL"},{"@type":"Organization","@id":"http:\/\/www.pharmacy4pets.nl\/#organization","name":"Pharmacy4pets","url":"http:\/\/www.pharmacy4pets.nl\/","logo":{"@type":"ImageObject","inLanguage":"nl-NL","@id":"http:\/\/www.pharmacy4pets.nl\/#\/schema\/logo\/image\/","url":"https:\/\/p4p-nl.bootmine.com\/wp-content\/uploads\/2026\/03\/logo-pharmacy4pets.png","contentUrl":"https:\/\/p4p-nl.bootmine.com\/wp-content\/uploads\/2026\/03\/logo-pharmacy4pets.png","width":1024,"height":135,"caption":"Pharmacy4pets"},"image":{"@id":"http:\/\/www.pharmacy4pets.nl\/#\/schema\/logo\/image\/"},"sameAs":["https:\/\/www.facebook.com\/people\/Pharmacy4petsnl\/100063484989896\/","https:\/\/www.youtube.com\/channel\/UCGPTIgucgli03tP2_kvLkHg\/featured","https:\/\/www.instagram.com\/pharmacy4pets.nl"]}]}},"market_data":{"nl":{"price":0,"sale_price":0,"active":false,"url":null,"parent_url":"","tax_rate":0,"price_inc_tax":0,"sale_price_inc_tax":0},"de":{"price":0,"sale_price":0,"active":false,"url":null,"parent_url":"","tax_rate":0,"price_inc_tax":0,"sale_price_inc_tax":0},"be":{"price":0,"sale_price":0,"active":false,"url":null,"parent_url":"","tax_rate":0,"price_inc_tax":0,"sale_price_inc_tax":0},"fr":{"price":0,"sale_price":0,"active":false,"url":null,"parent_url":"","tax_rate":0,"price_inc_tax":0,"sale_price_inc_tax":0},"ch":{"price":0,"sale_price":0,"active":false,"url":null,"parent_url":"","tax_rate":0,"price_inc_tax":0,"sale_price_inc_tax":0},"at":{"price":0,"sale_price":0,"active":false,"url":null,"parent_url":"","tax_rate":0,"price_inc_tax":0,"sale_price_inc_tax":0},"es":{"price":0,"sale_price":0,"active":false,"url":null,"parent_url":"","tax_rate":0,"price_inc_tax":0,"sale_price_inc_tax":0},"dk":{"price":0,"sale_price":0,"active":false,"url":null,"parent_url":"","tax_rate":0,"price_inc_tax":0,"sale_price_inc_tax":0},"com":{"price":0,"sale_price":0,"active":false,"url":null,"parent_url":"","tax_rate":0,"price_inc_tax":0,"sale_price_inc_tax":0}},"market_nl_price":0,"market_nl_sale_price":0,"market_nl_active":false,"market_nl_url":null,"market_nl_parent_url":"","market_nl_tax_rate":0,"market_nl_price_inc_tax":0,"market_nl_sale_price_inc_tax":0,"market_de_price":0,"market_de_sale_price":0,"market_de_active":false,"market_de_url":null,"market_de_parent_url":"","market_de_tax_rate":0,"market_de_price_inc_tax":0,"market_de_sale_price_inc_tax":0,"market_be_price":0,"market_be_sale_price":0,"market_be_active":false,"market_be_url":null,"market_be_parent_url":"","market_be_tax_rate":0,"market_be_price_inc_tax":0,"market_be_sale_price_inc_tax":0,"market_fr_price":0,"market_fr_sale_price":0,"market_fr_active":false,"market_fr_url":null,"market_fr_parent_url":"","market_fr_tax_rate":0,"market_fr_price_inc_tax":0,"market_fr_sale_price_inc_tax":0,"market_ch_price":0,"market_ch_sale_price":0,"market_ch_active":false,"market_ch_url":null,"market_ch_parent_url":"","market_ch_tax_rate":0,"market_ch_price_inc_tax":0,"market_ch_sale_price_inc_tax":0,"market_at_price":0,"market_at_sale_price":0,"market_at_active":false,"market_at_url":null,"market_at_parent_url":"","market_at_tax_rate":0,"market_at_price_inc_tax":0,"market_at_sale_price_inc_tax":0,"market_es_price":0,"market_es_sale_price":0,"market_es_active":false,"market_es_url":null,"market_es_parent_url":"","market_es_tax_rate":0,"market_es_price_inc_tax":0,"market_es_sale_price_inc_tax":0,"market_dk_price":0,"market_dk_sale_price":0,"market_dk_active":false,"market_dk_url":null,"market_dk_parent_url":"","market_dk_tax_rate":0,"market_dk_price_inc_tax":0,"market_dk_sale_price_inc_tax":0,"market_com_price":0,"market_com_sale_price":0,"market_com_active":false,"market_com_url":null,"market_com_parent_url":"","market_com_tax_rate":0,"market_com_price_inc_tax":0,"market_com_sale_price_inc_tax":0,"acf":[],"_links":{"self":[{"href":"https:\/\/www.pharmacy4pets.nl\/be\/wp-json\/wp\/v2\/product\/118564","targetHints":{"allow":["GET"]}}],"collection":[{"href":"https:\/\/www.pharmacy4pets.nl\/be\/wp-json\/wp\/v2\/product"}],"about":[{"href":"https:\/\/www.pharmacy4pets.nl\/be\/wp-json\/wp\/v2\/types\/product"}],"replies":[{"embeddable":true,"href":"https:\/\/www.pharmacy4pets.nl\/be\/wp-json\/wp\/v2\/comments?post=118564"}],"wp:featuredmedia":[{"embeddable":true,"href":"https:\/\/www.pharmacy4pets.nl\/be\/wp-json\/wp\/v2\/media\/118563"}],"wp:attachment":[{"href":"https:\/\/www.pharmacy4pets.nl\/be\/wp-json\/wp\/v2\/media?parent=118564"}],"wp:term":[{"taxonomy":"product_brand","embeddable":true,"href":"https:\/\/www.pharmacy4pets.nl\/be\/wp-json\/wp\/v2\/product_brand?post=118564"},{"taxonomy":"product_cat","embeddable":true,"href":"https:\/\/www.pharmacy4pets.nl\/be\/wp-json\/wp\/v2\/product_cat?post=118564"},{"taxonomy":"product_tag","embeddable":true,"href":"https:\/\/www.pharmacy4pets.nl\/be\/wp-json\/wp\/v2\/product_tag?post=118564"}],"curies":[{"name":"wp","href":"https:\/\/api.w.org\/{rel}","templated":true}]}}