{"id":118562,"date":"2017-07-26T13:24:42","date_gmt":"2017-07-26T13:24:42","guid":{"rendered":"https:\/\/p4p.test\/equistro-electrolyt-7"},"modified":"2026-04-14T08:02:47","modified_gmt":"2026-04-14T08:02:47","slug":"equistro-electrolyt-7","status":"publish","type":"product","link":"https:\/\/www.pharmacy4pets.nl\/be\/equistro-electrolyt-7","title":{"rendered":"Equistro Electrolyt-7 | 3 kg"},"content":{"rendered":"<p>Equistro Electrolyt-7 is een aanvullend diervoeder voor paarden, rijk aan elektrolyten, als compensatie voor grote vochtverliezen. Het helpt na vochtverlies (lichamelijke inspanning, spijsverteringsstoornissen, verhoogde lichaamstemperatuur) het verlies aan elektrolyten te compenseren en de herstelperiode te verkorten. Elektrolyten zijn mineraalzouten die essentieel zijn voor veel lichaamsfuncties van het paard.<\/p>\n<p><span style=\"text-decoration: underline;\">Toediening:<br \/><\/span>Toedienen gedurende maximaal 3 opeenvolgende dagen met steeds voldoende drinkwater ter beschikking<br \/>1 maatschep bevat 28 gram<\/p>\n<p><span style=\"text-decoration: underline;\">Dosering:<\/span><\/p>\n<table border=\"1\" style=\"\">\n<thead>\n<tr>\n<td colspan=\"2\">\n<p style=\"text-align: center;\"><strong>Dosering<\/strong><\/p>\n<\/td>\n<\/tr>\n<\/thead>\n<tbody>\n<tr>\n<td>\n<p><strong><em>Dier en Gewicht<\/em><\/strong><\/p>\n<\/td>\n<td>\n<p><strong><em>Aanbevolen Dosering<\/em><\/strong><\/p>\n<\/td>\n<\/tr>\n<tr>\n<td>\n<p>Volwassen paard (&plusmn;500kg)<\/p>\n<\/td>\n<td>\n<p>28 gram per dag<\/p>\n<\/td>\n<\/tr>\n<tr>\n<td>\n<p>Klein paard<\/p>\n<\/td>\n<td>\n<p>14 gam per dag<\/p>\n<\/td>\n<\/tr>\n<tr>\n<td>\n<p>Pony<\/p>\n<\/td>\n<td>\n<p>7 gram per dag<\/p>\n<\/td>\n<\/tr>\n<\/tbody>\n<\/table>\n<p><span style=\"text-decoration-line: underline;\">Verpakking:<br \/><\/span>Emmer poeder &agrave; 3000 gram<\/p>\n","protected":false},"excerpt":{"rendered":"<p>Equistro Electrolyt-7 is een aanvullend diervoeder voor paarden, rijk aan elektrolyten, als compensatie voor grote vochtverliezen. Het helpt na vochtverlies (lichamelijke inspanning, spijsverteringsstoornissen, verhoogde lichaamstemperatuur) het verlies aan elektrolyten te compenseren en de herstelperiode te verkorten. Elektrolyten zijn mineraalzouten die essentieel zijn voor veel lichaamsfuncties van het paard. Toediening:Toedienen gedurende maximaal 3 opeenvolgende dagen met [&hellip;]<\/p>\n","protected":false},"featured_media":118561,"comment_status":"open","ping_status":"closed","template":"","meta":{"_acf_changed":false,"_nl_post_content":"<p>Equistro Electrolyt-7 is een aanvullend diervoeder voor paarden, rijk aan elektrolyten, als compensatie voor grote vochtverliezen. Het helpt na vochtverlies (lichamelijke inspanning, spijsverteringsstoornissen, verhoogde lichaamstemperatuur) het verlies aan elektrolyten te compenseren en de herstelperiode te verkorten. Elektrolyten zijn mineraalzouten die essentieel zijn voor veel lichaamsfuncties van het paard.<\/p>\r\n<p><span style=\"text-decoration: underline;\">Toediening:<br \/><\/span>Toedienen gedurende maximaal 3 opeenvolgende dagen met steeds voldoende drinkwater ter beschikking<br \/>1 maatschep bevat 28 gram<\/p>\r\n<p><span style=\"text-decoration: underline;\">Dosering:<\/span><\/p>\r\n<table border=\"1\" style=\"\">\r\n<thead>\r\n<tr>\r\n<td colspan=\"2\">\r\n<p style=\"text-align: center;\"><strong>Dosering<\/strong><\/p>\r\n<\/td>\r\n<\/tr>\r\n<\/thead>\r\n<tbody>\r\n<tr>\r\n<td>\r\n<p><strong><em>Dier en Gewicht<\/em><\/strong><\/p>\r\n<\/td>\r\n<td>\r\n<p><strong><em>Aanbevolen Dosering<\/em><\/strong><\/p>\r\n<\/td>\r\n<\/tr>\r\n<tr>\r\n<td>\r\n<p>Volwassen paard (&plusmn;500kg)<\/p>\r\n<\/td>\r\n<td>\r\n<p>28 gram per dag<\/p>\r\n<\/td>\r\n<\/tr>\r\n<tr>\r\n<td>\r\n<p>Klein paard<\/p>\r\n<\/td>\r\n<td>\r\n<p>14 gam per dag<\/p>\r\n<\/td>\r\n<\/tr>\r\n<tr>\r\n<td>\r\n<p>Pony<\/p>\r\n<\/td>\r\n<td>\r\n<p>7 gram per dag<\/p>\r\n<\/td>\r\n<\/tr>\r\n<\/tbody>\r\n<\/table>\r\n<p><span style=\"text-decoration-line: underline;\">Verpakking:<br \/><\/span>Emmer poeder &agrave; 3000 gram<\/p>","_nl_post_name":"equistro-electrolyt-7","_nl_post_excerpt":"","_nl_post_title":"Equistro Electrolyt-7 | 3 kg","_en_post_content":"<p>Equistro Electrolyt-7 is a supplementary feed for horses, rich in electrolytes to compensate for dehydration. It helps to compensate for the loss of electrolytes after dehydration (e.g. physical exertion, digestive disturbances and elevated body temperature) and it shortens the recovery time. Electrolytes are mineral salts that are essential for many body functions of the horse.<\/p>\r\n<p><span style=\"text-decoration: underline;\">Administration:<br \/><\/span>Apply for a maximum of 3 consecutive days with sufficient drinking water available<br \/>1 measuring spoon contains 28 grams<\/p>\r\n<p><span style=\"text-decoration: underline;\">Dosage:<\/span><\/p>\r\n<table style=\"\" border=\"1\">\r\n<thead>\r\n<tr>\r\n<td colspan=\"2\">\r\n<p style=\"text-align: center;\"><strong>Dosage<\/strong><\/p>\r\n<\/td>\r\n<\/tr>\r\n<\/thead>\r\n<tbody>\r\n<tr>\r\n<td>\r\n<p><strong><i>Animal and weight<\/i><\/strong><\/p>\r\n<\/td>\r\n<td>\r\n<p><strong><i>Recommended Dosage<\/i><\/strong><\/p>\r\n<\/td>\r\n<\/tr>\r\n<tr>\r\n<td>\r\n<p>Adult Horse<\/p>\r\n<\/td>\r\n<td>\r\n<p>28 gram a day<\/p>\r\n<\/td>\r\n<\/tr>\r\n<tr>\r\n<td>\r\n<p>Small horse<\/p>\r\n<\/td>\r\n<td>\r\n<p>14 gram a day<\/p>\r\n<\/td>\r\n<\/tr>\r\n<tr>\r\n<td>\r\n<p>Pony<\/p>\r\n<\/td>\r\n<td>\r\n<p>7 gram a day<\/p>\r\n<\/td>\r\n<\/tr>\r\n<\/tbody>\r\n<\/table>\r\n<p><span style=\"text-decoration: underline;\">Package:<br \/><\/span>Bucket of 3000 grams powder<\/p>","_en_post_name":"equistro-electrolyt-7","_en_post_excerpt":"","_en_post_title":"Equistro Electrolyt-7 | 3 kg","_de_post_content":"<p>Equistro Elektrolyt-7 ist ein Erg&auml;nzungsfuttermittel f&uuml;r Pferde, reich an Elektrolyten f&uuml;r gro&szlig;e Feuchtigkeitsverluste zu kompensieren. Es hilft nach der Dehydratation (k&ouml;rperliche Anstrengung, Verdauungsst&ouml;rungen, erh&ouml;hte K&ouml;rpertemperatur) f&uuml;r den Verlust von Elektrolyten zu kompensieren und die Regenerationszeit verk&uuml;rzen. Elektrolyte sind Mineralsalze, die f&uuml;r viele K&ouml;rperfunktionen des Pferdes wesentlich sind.<\/p>\r\n<p><span style=\"text-decoration: underline;\">Anwendung:<br \/><\/span>Bis zu 3 aufeinanderfolgenden Tagen Verabreichung, mit immer gen&uuml;gend Wasser<br \/>1 Messl&ouml;ffel enth&auml;lt 28 Gramm<\/p>\r\n<p><span style=\"text-decoration: underline;\">Dosierung:<\/span><\/p>\r\n<table style=\"\" border=\"1\">\r\n<thead>\r\n<tr>\r\n<td colspan=\"2\">\r\n<p style=\"text-align: center;\"><strong>Dosierung<\/strong><\/p>\r\n<\/td>\r\n<\/tr>\r\n<\/thead>\r\n<tbody>\r\n<tr>\r\n<td>\r\n<p><strong><i>Tier und Gewicht<\/i><\/strong><\/p>\r\n<\/td>\r\n<td>\r\n<p><strong><i>Empfohlene dosierung<\/i><\/strong><\/p>\r\n<\/td>\r\n<\/tr>\r\n<tr>\r\n<td>\r\n<p>Erwachsenes Pferd<\/p>\r\n<\/td>\r\n<td>\r\n<p>28 Gramm pro Tag<\/p>\r\n<\/td>\r\n<\/tr>\r\n<tr>\r\n<td>\r\n<p>Kleines Pferd<\/p>\r\n<\/td>\r\n<td>\r\n<p>14 Gramm pro Tag<\/p>\r\n<\/td>\r\n<\/tr>\r\n<tr>\r\n<td>\r\n<p>Pony<\/p>\r\n<\/td>\r\n<td>\r\n<p>7 Gramm pro Tag<\/p>\r\n<\/td>\r\n<\/tr>\r\n<\/tbody>\r\n<\/table>\r\n<p><span style=\"text-decoration-line: underline;\">Verpackung:<br \/><\/span>Pulver 3000 Gramm<\/p>","_de_post_name":"equistro-electrolyt-7","_de_post_excerpt":"","_de_post_title":"Equistro Electrolyt-7 | 3 kg","_fr_post_content":"<p>Equistro Electrolyt-7 est un aliment compl&eacute;mentaire riche en &eacute;lectrolytes destin&eacute; aux chevaux pour compenser les pertes importantes de liquide. Il permet de compenser la perte de liquide (effort physique, troubles digestifs, augmentation de la temp&eacute;rature corporelle) et de raccourcir la p&eacute;riode de r&eacute;cup&eacute;ration. Les &eacute;lectrolytes sont des sels min&eacute;raux qui sont essentiels pour de nombreuses fonctions corporelles du cheval.<br \/><br \/><span style=\"text-decoration: underline;\">Administration :<\/span><br \/>Administrer jusqu'&agrave; 3 jours cons&eacute;cutifs avec de l'eau potable en abondance &agrave; tout moment.<br \/>1 cuill&egrave;re &agrave; mesurer contient 28 grammes<br \/><br \/><span style=\"text-decoration: underline;\">Dosage :<\/span><\/p>\r\n<p><\/p>\r\n<table border=\"1\" style=\"\">\r\n<thead>\r\n<tr>\r\n<td colspan=\"2\">\r\n<p style=\"text-align: center;\"><strong>Dosage<\/strong><\/p>\r\n<\/td>\r\n<\/tr>\r\n<\/thead>\r\n<tbody>\r\n<tr>\r\n<td>\r\n<p><strong><em>Animal et poids<\/em><\/strong><\/p>\r\n<\/td>\r\n<td>\r\n<p><strong><em>Dosage recommand&eacute;<\/em><\/strong><\/p>\r\n<\/td>\r\n<\/tr>\r\n<tr>\r\n<td>\r\n<p>Cheval adulte (&plusmn;500kg)<\/p>\r\n<\/td>\r\n<td>\r\n<p>28 grammes par jour<\/p>\r\n<\/td>\r\n<\/tr>\r\n<tr>\r\n<td>\r\n<p>Petit cheval<\/p>\r\n<\/td>\r\n<td>\r\n<p>14 grammes par jour<\/p>\r\n<\/td>\r\n<\/tr>\r\n<tr>\r\n<td>\r\n<p>Poney<\/p>\r\n<\/td>\r\n<td>\r\n<p>7 grammes par jour<\/p>\r\n<\/td>\r\n<\/tr>\r\n<\/tbody>\r\n<\/table>\r\n<p><span style=\"text-decoration-line: underline;\">Emballage:<br \/><\/span>Seau de pousdre 3000 grammes<\/p>","_fr_post_name":"equistro-electrolyt-7","_fr_post_excerpt":"","_fr_post_title":"Equistro Electrolyt-7 | 3 kg","_es_post_content":"<p>Equistro Electrolyt-7 es un suplemento alimenticio para caballos con electrolitos para caballos, para compensar las grandes p\u00e9rdidas de l\u00edquidos. Ayuda a compensar la p\u00e9rdida de electrolitos y acortar el per\u00edodo de recuperaci\u00f3n tras la p\u00e9rdida de l\u00edquidos (esfuerzo f\u00edsico, trastornos digestivos, aumento de la temperatura corporal). Los electrolitos son sales minerales esenciales para muchas de las funciones corporales del caballo.<\/p>\r\n<h3>Administraci\u00f3n de electrolitos para caballos<\/h3>\r\n<p>Administrar durante un m\u00e1ximo de 3 d\u00edas consecutivos con suficiente agua potable disponible en todo momento<br \/>1 cucharada contiene 28 gramos.<\/p>\r\n<h3>Dosis<\/h3>\r\n<table style=\"\" border=\"1\">\r\n<thead>\r\n<tr>\r\n<td colspan=\"2\">\r\n<p style=\"text-align: center;\"><strong>Dosis<\/strong><\/p>\r\n<\/td>\r\n<\/tr>\r\n<\/thead>\r\n<tbody>\r\n<tr>\r\n<td>\r\n<p><strong><em>Animal y peso<\/em><\/strong><\/p>\r\n<\/td>\r\n<td>\r\n<p><strong><em>Dosis recomendada<\/em><\/strong><\/p>\r\n<\/td>\r\n<\/tr>\r\n<tr>\r\n<td>\r\n<p>Caballos adultos (\u00b1500 kg)<\/p>\r\n<\/td>\r\n<td>\r\n<p>28 gramos por d\u00eda<\/p>\r\n<\/td>\r\n<\/tr>\r\n<tr>\r\n<td>\r\n<p>Caballos peque\u00f1os<\/p>\r\n<\/td>\r\n<td>\r\n<p>14 gramos por d\u00eda<\/p>\r\n<\/td>\r\n<\/tr>\r\n<tr>\r\n<td>\r\n<p>Ponis<\/p>\r\n<\/td>\r\n<td>\r\n<p>7 gramos por d\u00eda<\/p>\r\n<\/td>\r\n<\/tr>\r\n<\/tbody>\r\n<\/table>\r\n<h3>Emballage<\/h3>\r\n<p>Balde de polvo de 3000 gramos.<\/p>","_es_post_name":"equistro-electrolyt-7-electrolitos-para-caballos","_es_post_excerpt":"","_es_post_title":"Equistro Electrolyt-7 electrolitos para caballos 3 kg","edit_language":"nl"},"product_brand":[],"product_cat":[1921,1812,2015,1811,1857,1809],"product_tag":[],"class_list":{"0":"post-118562","1":"product","2":"type-product","3":"status-publish","4":"has-post-thumbnail","6":"product_cat-equistro","7":"product_cat-gewrichten-spieren","8":"product_cat-immuunsysteem-weerstand","9":"product_cat-medicijnen-supplementen","10":"product_cat-merken","11":"product_cat-paarden","12":"pa_aandoening-overig","13":"pa_doeldier-ezel","14":"pa_doeldier-paard","15":"pa_fabricatieland-belgie","16":"pa_merkfilter-equistro","17":"pa_merkgroep-equistro","18":"pa_productsoort-voedingssupplement","19":"pa_seo_canonical_store_id-not_found_value","20":"pa_seo_category-not_found_value","21":"pa_seo_meta_robots-not_found_value","22":"pa_toedieningswijze-poeder","23":"pa_unit_pricing_base_measure-1kg","24":"pa_unit_pricing_measure-3kg","25":"pa_werkzamestof-overig","27":"first","28":"instock","29":"taxable","30":"shipping-taxable","31":"purchasable","32":"product-type-simple"},"yoast_head":"<!-- This site is optimized with the Yoast SEO plugin v27.5 - https:\/\/yoast.com\/product\/yoast-seo-wordpress\/ -->\n<title>Equistro Electrolyt-7 | Elektrolyten Paard | Herstel<\/title>\n<meta name=\"description\" content=\"Equistro Electrolyt-7 is een aanvullend diervoeder voor paarden, rijk aan elektrolyten, als compensatie voor grote vochtverliezen. Verkort de herstelperiode.\" \/>\n<meta name=\"robots\" content=\"index, follow, max-snippet:-1, max-image-preview:large, max-video-preview:-1\" \/>\n<link rel=\"canonical\" href=\"https:\/\/p4p-nl.bootmine.com\/%product-slug%\/equistro-electrolyt-7\" \/>\n<meta property=\"og:locale\" content=\"nl_NL\" \/>\n<meta property=\"og:type\" content=\"article\" \/>\n<meta property=\"og:title\" content=\"Equistro Electrolyt-7 | Elektrolyten Paard | Herstel\" \/>\n<meta property=\"og:description\" content=\"Equistro Electrolyt-7 is een aanvullend diervoeder voor paarden, rijk aan elektrolyten, als compensatie voor grote vochtverliezen. Verkort de herstelperiode.\" \/>\n<meta property=\"og:url\" content=\"https:\/\/p4p-nl.bootmine.com\/%product-slug%\/equistro-electrolyt-7\" \/>\n<meta property=\"og:site_name\" content=\"Pharmacy4pets\" \/>\n<meta property=\"article:publisher\" content=\"https:\/\/www.facebook.com\/people\/Pharmacy4petsnl\/100063484989896\/\" \/>\n<meta property=\"article:modified_time\" content=\"2026-04-14T08:02:47+00:00\" \/>\n<meta property=\"og:image\" content=\"https:\/\/p4p-nl.bootmine.com\/wp-content\/uploads\/2017\/07\/22056.jpg\" \/>\n\t<meta property=\"og:image:width\" content=\"317\" \/>\n\t<meta property=\"og:image:height\" content=\"282\" \/>\n\t<meta property=\"og:image:type\" content=\"image\/jpeg\" \/>\n<meta name=\"twitter:card\" content=\"summary_large_image\" \/>\n<script type=\"application\/ld+json\" class=\"yoast-schema-graph\">{\"@context\":\"https:\\\/\\\/schema.org\",\"@graph\":[{\"@type\":\"WebPage\",\"@id\":\"https:\\\/\\\/p4p-nl.bootmine.com\\\/%product-slug%\\\/equistro-electrolyt-7\",\"url\":\"https:\\\/\\\/p4p-nl.bootmine.com\\\/%product-slug%\\\/equistro-electrolyt-7\",\"name\":\"Equistro Electrolyt-7 | Elektrolyten Paard | Herstel\",\"isPartOf\":{\"@id\":\"http:\\\/\\\/www.pharmacy4pets.nl\\\/#website\"},\"primaryImageOfPage\":{\"@id\":\"https:\\\/\\\/p4p-nl.bootmine.com\\\/%product-slug%\\\/equistro-electrolyt-7#primaryimage\"},\"image\":{\"@id\":\"https:\\\/\\\/p4p-nl.bootmine.com\\\/%product-slug%\\\/equistro-electrolyt-7#primaryimage\"},\"thumbnailUrl\":\"https:\\\/\\\/www.pharmacy4pets.nl\\\/wp-content\\\/uploads\\\/2017\\\/07\\\/22056.jpg\",\"datePublished\":\"2017-07-26T13:24:42+00:00\",\"dateModified\":\"2026-04-14T08:02:47+00:00\",\"description\":\"Equistro Electrolyt-7 is een aanvullend diervoeder voor paarden, rijk aan elektrolyten, als compensatie voor grote vochtverliezen. Verkort de herstelperiode.\",\"breadcrumb\":{\"@id\":\"https:\\\/\\\/p4p-nl.bootmine.com\\\/%product-slug%\\\/equistro-electrolyt-7#breadcrumb\"},\"inLanguage\":\"nl-NL\",\"potentialAction\":[{\"@type\":\"ReadAction\",\"target\":[\"https:\\\/\\\/p4p-nl.bootmine.com\\\/%product-slug%\\\/equistro-electrolyt-7\"]}]},{\"@type\":\"ImageObject\",\"inLanguage\":\"nl-NL\",\"@id\":\"https:\\\/\\\/p4p-nl.bootmine.com\\\/%product-slug%\\\/equistro-electrolyt-7#primaryimage\",\"url\":\"https:\\\/\\\/www.pharmacy4pets.nl\\\/wp-content\\\/uploads\\\/2017\\\/07\\\/22056.jpg\",\"contentUrl\":\"https:\\\/\\\/www.pharmacy4pets.nl\\\/wp-content\\\/uploads\\\/2017\\\/07\\\/22056.jpg\",\"width\":317,\"height\":282,\"caption\":\"Equistro\"},{\"@type\":\"BreadcrumbList\",\"@id\":\"https:\\\/\\\/p4p-nl.bootmine.com\\\/%product-slug%\\\/equistro-electrolyt-7#breadcrumb\",\"itemListElement\":[{\"@type\":\"ListItem\",\"position\":1,\"name\":\"Home\",\"item\":\"https:\\\/\\\/p4p-nl.bootmine.com\\\/\"},{\"@type\":\"ListItem\",\"position\":2,\"name\":\"Winkel\",\"item\":\"https:\\\/\\\/p4p-nl.bootmine.com\\\/winkel\"},{\"@type\":\"ListItem\",\"position\":3,\"name\":\"Equistro Electrolyt-7 | 3 kg\"}]},{\"@type\":\"WebSite\",\"@id\":\"http:\\\/\\\/www.pharmacy4pets.nl\\\/#website\",\"url\":\"http:\\\/\\\/www.pharmacy4pets.nl\\\/\",\"name\":\"Pharmacy4pets\",\"description\":\"Pharmacy4pets.nl is d\u00e9 online apotheek waar u terecht kunt voor alle diergeneesmiddelen, verzorgingsproducten en dieetvoeding voor uw huisdier.\",\"publisher\":{\"@id\":\"http:\\\/\\\/www.pharmacy4pets.nl\\\/#organization\"},\"potentialAction\":[{\"@type\":\"SearchAction\",\"target\":{\"@type\":\"EntryPoint\",\"urlTemplate\":\"http:\\\/\\\/www.pharmacy4pets.nl\\\/?s={search_term_string}\"},\"query-input\":{\"@type\":\"PropertyValueSpecification\",\"valueRequired\":true,\"valueName\":\"search_term_string\"}}],\"inLanguage\":\"nl-NL\"},{\"@type\":\"Organization\",\"@id\":\"http:\\\/\\\/www.pharmacy4pets.nl\\\/#organization\",\"name\":\"Pharmacy4pets\",\"url\":\"http:\\\/\\\/www.pharmacy4pets.nl\\\/\",\"logo\":{\"@type\":\"ImageObject\",\"inLanguage\":\"nl-NL\",\"@id\":\"http:\\\/\\\/www.pharmacy4pets.nl\\\/#\\\/schema\\\/logo\\\/image\\\/\",\"url\":\"https:\\\/\\\/p4p-nl.bootmine.com\\\/wp-content\\\/uploads\\\/2026\\\/03\\\/logo-pharmacy4pets.png\",\"contentUrl\":\"https:\\\/\\\/p4p-nl.bootmine.com\\\/wp-content\\\/uploads\\\/2026\\\/03\\\/logo-pharmacy4pets.png\",\"width\":1024,\"height\":135,\"caption\":\"Pharmacy4pets\"},\"image\":{\"@id\":\"http:\\\/\\\/www.pharmacy4pets.nl\\\/#\\\/schema\\\/logo\\\/image\\\/\"},\"sameAs\":[\"https:\\\/\\\/www.facebook.com\\\/people\\\/Pharmacy4petsnl\\\/100063484989896\\\/\",\"https:\\\/\\\/www.youtube.com\\\/channel\\\/UCGPTIgucgli03tP2_kvLkHg\\\/featured\",\"https:\\\/\\\/www.instagram.com\\\/pharmacy4pets.nl\"]}]}<\/script>\n<!-- \/ Yoast SEO plugin. -->","yoast_head_json":{"title":"Equistro Electrolyt-7 | Elektrolyten Paard | Herstel","description":"Equistro Electrolyt-7 is een aanvullend diervoeder voor paarden, rijk aan elektrolyten, als compensatie voor grote vochtverliezen. Verkort de herstelperiode.","robots":{"index":"index","follow":"follow","max-snippet":"max-snippet:-1","max-image-preview":"max-image-preview:large","max-video-preview":"max-video-preview:-1"},"canonical":"https:\/\/p4p-nl.bootmine.com\/%product-slug%\/equistro-electrolyt-7","og_locale":"nl_NL","og_type":"article","og_title":"Equistro Electrolyt-7 | Elektrolyten Paard | Herstel","og_description":"Equistro Electrolyt-7 is een aanvullend diervoeder voor paarden, rijk aan elektrolyten, als compensatie voor grote vochtverliezen. Verkort de herstelperiode.","og_url":"https:\/\/p4p-nl.bootmine.com\/%product-slug%\/equistro-electrolyt-7","og_site_name":"Pharmacy4pets","article_publisher":"https:\/\/www.facebook.com\/people\/Pharmacy4petsnl\/100063484989896\/","article_modified_time":"2026-04-14T08:02:47+00:00","og_image":[{"width":317,"height":282,"url":"https:\/\/p4p-nl.bootmine.com\/wp-content\/uploads\/2017\/07\/22056.jpg","type":"image\/jpeg"}],"twitter_card":"summary_large_image","schema":{"@context":"https:\/\/schema.org","@graph":[{"@type":"WebPage","@id":"https:\/\/p4p-nl.bootmine.com\/%product-slug%\/equistro-electrolyt-7","url":"https:\/\/p4p-nl.bootmine.com\/%product-slug%\/equistro-electrolyt-7","name":"Equistro Electrolyt-7 | Elektrolyten Paard | Herstel","isPartOf":{"@id":"http:\/\/www.pharmacy4pets.nl\/#website"},"primaryImageOfPage":{"@id":"https:\/\/p4p-nl.bootmine.com\/%product-slug%\/equistro-electrolyt-7#primaryimage"},"image":{"@id":"https:\/\/p4p-nl.bootmine.com\/%product-slug%\/equistro-electrolyt-7#primaryimage"},"thumbnailUrl":"https:\/\/www.pharmacy4pets.nl\/wp-content\/uploads\/2017\/07\/22056.jpg","datePublished":"2017-07-26T13:24:42+00:00","dateModified":"2026-04-14T08:02:47+00:00","description":"Equistro Electrolyt-7 is een aanvullend diervoeder voor paarden, rijk aan elektrolyten, als compensatie voor grote vochtverliezen. Verkort de herstelperiode.","breadcrumb":{"@id":"https:\/\/p4p-nl.bootmine.com\/%product-slug%\/equistro-electrolyt-7#breadcrumb"},"inLanguage":"nl-NL","potentialAction":[{"@type":"ReadAction","target":["https:\/\/p4p-nl.bootmine.com\/%product-slug%\/equistro-electrolyt-7"]}]},{"@type":"ImageObject","inLanguage":"nl-NL","@id":"https:\/\/p4p-nl.bootmine.com\/%product-slug%\/equistro-electrolyt-7#primaryimage","url":"https:\/\/www.pharmacy4pets.nl\/wp-content\/uploads\/2017\/07\/22056.jpg","contentUrl":"https:\/\/www.pharmacy4pets.nl\/wp-content\/uploads\/2017\/07\/22056.jpg","width":317,"height":282,"caption":"Equistro"},{"@type":"BreadcrumbList","@id":"https:\/\/p4p-nl.bootmine.com\/%product-slug%\/equistro-electrolyt-7#breadcrumb","itemListElement":[{"@type":"ListItem","position":1,"name":"Home","item":"https:\/\/p4p-nl.bootmine.com\/"},{"@type":"ListItem","position":2,"name":"Winkel","item":"https:\/\/p4p-nl.bootmine.com\/winkel"},{"@type":"ListItem","position":3,"name":"Equistro Electrolyt-7 | 3 kg"}]},{"@type":"WebSite","@id":"http:\/\/www.pharmacy4pets.nl\/#website","url":"http:\/\/www.pharmacy4pets.nl\/","name":"Pharmacy4pets","description":"Pharmacy4pets.nl is d\u00e9 online apotheek waar u terecht kunt voor alle diergeneesmiddelen, verzorgingsproducten en dieetvoeding voor uw huisdier.","publisher":{"@id":"http:\/\/www.pharmacy4pets.nl\/#organization"},"potentialAction":[{"@type":"SearchAction","target":{"@type":"EntryPoint","urlTemplate":"http:\/\/www.pharmacy4pets.nl\/?s={search_term_string}"},"query-input":{"@type":"PropertyValueSpecification","valueRequired":true,"valueName":"search_term_string"}}],"inLanguage":"nl-NL"},{"@type":"Organization","@id":"http:\/\/www.pharmacy4pets.nl\/#organization","name":"Pharmacy4pets","url":"http:\/\/www.pharmacy4pets.nl\/","logo":{"@type":"ImageObject","inLanguage":"nl-NL","@id":"http:\/\/www.pharmacy4pets.nl\/#\/schema\/logo\/image\/","url":"https:\/\/p4p-nl.bootmine.com\/wp-content\/uploads\/2026\/03\/logo-pharmacy4pets.png","contentUrl":"https:\/\/p4p-nl.bootmine.com\/wp-content\/uploads\/2026\/03\/logo-pharmacy4pets.png","width":1024,"height":135,"caption":"Pharmacy4pets"},"image":{"@id":"http:\/\/www.pharmacy4pets.nl\/#\/schema\/logo\/image\/"},"sameAs":["https:\/\/www.facebook.com\/people\/Pharmacy4petsnl\/100063484989896\/","https:\/\/www.youtube.com\/channel\/UCGPTIgucgli03tP2_kvLkHg\/featured","https:\/\/www.instagram.com\/pharmacy4pets.nl"]}]}},"market_data":{"nl":{"price":0,"sale_price":0,"active":false,"url":null,"parent_url":"","tax_rate":0,"price_inc_tax":0,"sale_price_inc_tax":0},"de":{"price":0,"sale_price":0,"active":false,"url":null,"parent_url":"","tax_rate":0,"price_inc_tax":0,"sale_price_inc_tax":0},"be":{"price":0,"sale_price":0,"active":false,"url":null,"parent_url":"","tax_rate":0,"price_inc_tax":0,"sale_price_inc_tax":0},"fr":{"price":0,"sale_price":0,"active":false,"url":null,"parent_url":"","tax_rate":0,"price_inc_tax":0,"sale_price_inc_tax":0},"ch":{"price":0,"sale_price":0,"active":false,"url":null,"parent_url":"","tax_rate":0,"price_inc_tax":0,"sale_price_inc_tax":0},"at":{"price":0,"sale_price":0,"active":false,"url":null,"parent_url":"","tax_rate":0,"price_inc_tax":0,"sale_price_inc_tax":0},"es":{"price":0,"sale_price":0,"active":false,"url":null,"parent_url":"","tax_rate":0,"price_inc_tax":0,"sale_price_inc_tax":0},"dk":{"price":0,"sale_price":0,"active":false,"url":null,"parent_url":"","tax_rate":0,"price_inc_tax":0,"sale_price_inc_tax":0},"com":{"price":0,"sale_price":0,"active":false,"url":null,"parent_url":"","tax_rate":0,"price_inc_tax":0,"sale_price_inc_tax":0}},"market_nl_price":0,"market_nl_sale_price":0,"market_nl_active":false,"market_nl_url":null,"market_nl_parent_url":"","market_nl_tax_rate":0,"market_nl_price_inc_tax":0,"market_nl_sale_price_inc_tax":0,"market_de_price":0,"market_de_sale_price":0,"market_de_active":false,"market_de_url":null,"market_de_parent_url":"","market_de_tax_rate":0,"market_de_price_inc_tax":0,"market_de_sale_price_inc_tax":0,"market_be_price":0,"market_be_sale_price":0,"market_be_active":false,"market_be_url":null,"market_be_parent_url":"","market_be_tax_rate":0,"market_be_price_inc_tax":0,"market_be_sale_price_inc_tax":0,"market_fr_price":0,"market_fr_sale_price":0,"market_fr_active":false,"market_fr_url":null,"market_fr_parent_url":"","market_fr_tax_rate":0,"market_fr_price_inc_tax":0,"market_fr_sale_price_inc_tax":0,"market_ch_price":0,"market_ch_sale_price":0,"market_ch_active":false,"market_ch_url":null,"market_ch_parent_url":"","market_ch_tax_rate":0,"market_ch_price_inc_tax":0,"market_ch_sale_price_inc_tax":0,"market_at_price":0,"market_at_sale_price":0,"market_at_active":false,"market_at_url":null,"market_at_parent_url":"","market_at_tax_rate":0,"market_at_price_inc_tax":0,"market_at_sale_price_inc_tax":0,"market_es_price":0,"market_es_sale_price":0,"market_es_active":false,"market_es_url":null,"market_es_parent_url":"","market_es_tax_rate":0,"market_es_price_inc_tax":0,"market_es_sale_price_inc_tax":0,"market_dk_price":0,"market_dk_sale_price":0,"market_dk_active":false,"market_dk_url":null,"market_dk_parent_url":"","market_dk_tax_rate":0,"market_dk_price_inc_tax":0,"market_dk_sale_price_inc_tax":0,"market_com_price":0,"market_com_sale_price":0,"market_com_active":false,"market_com_url":null,"market_com_parent_url":"","market_com_tax_rate":0,"market_com_price_inc_tax":0,"market_com_sale_price_inc_tax":0,"acf":[],"_links":{"self":[{"href":"https:\/\/www.pharmacy4pets.nl\/be\/wp-json\/wp\/v2\/product\/118562","targetHints":{"allow":["GET"]}}],"collection":[{"href":"https:\/\/www.pharmacy4pets.nl\/be\/wp-json\/wp\/v2\/product"}],"about":[{"href":"https:\/\/www.pharmacy4pets.nl\/be\/wp-json\/wp\/v2\/types\/product"}],"replies":[{"embeddable":true,"href":"https:\/\/www.pharmacy4pets.nl\/be\/wp-json\/wp\/v2\/comments?post=118562"}],"wp:featuredmedia":[{"embeddable":true,"href":"https:\/\/www.pharmacy4pets.nl\/be\/wp-json\/wp\/v2\/media\/118561"}],"wp:attachment":[{"href":"https:\/\/www.pharmacy4pets.nl\/be\/wp-json\/wp\/v2\/media?parent=118562"}],"wp:term":[{"taxonomy":"product_brand","embeddable":true,"href":"https:\/\/www.pharmacy4pets.nl\/be\/wp-json\/wp\/v2\/product_brand?post=118562"},{"taxonomy":"product_cat","embeddable":true,"href":"https:\/\/www.pharmacy4pets.nl\/be\/wp-json\/wp\/v2\/product_cat?post=118562"},{"taxonomy":"product_tag","embeddable":true,"href":"https:\/\/www.pharmacy4pets.nl\/be\/wp-json\/wp\/v2\/product_tag?post=118562"}],"curies":[{"name":"wp","href":"https:\/\/api.w.org\/{rel}","templated":true}]}}