{"id":118534,"date":"2017-07-25T11:22:46","date_gmt":"2017-07-25T11:22:46","guid":{"rendered":"https:\/\/p4p.test\/dechra-cleanocular-2"},"modified":"2026-04-14T08:02:45","modified_gmt":"2026-04-14T08:02:45","slug":"dechra-cleanocular","status":"publish","type":"product","link":"https:\/\/www.pharmacy4pets.nl\/be\/dechra-cleanocular","title":{"rendered":"Clean Ocular | 100 ml"},"content":{"rendered":"<p>CleanOcular van het merk Dechra is een milde formule voor het reinigen en verwijderen van vuildeeltjes op de huid en haar rond de ogen. Speciaal ontwikkeld voor het verwijderen van traanstrepen bij honden en katten. Het houdt het oog schoon waardoor de kans op infecties wordt verminderd. Geschikt voor puppies, kittens, en volwassen honden en katten. Voor regelmatig gebruik, pH-neutraal.<\/p>\n<p><span style=\"text-decoration: underline;\">Toediening:<br \/><\/span>Een katoenen gaasje of wattenpropje bevochtigen met CleanOcular en de zone rond de ogen voorzichtig reinigen. Aanraking met het oog vermijden. De canule na iedere toediening schoonmaken om mogelijke resten te verwijderen.<\/p>\n<p><span style=\"text-decoration: underline;\">Dosering:<br \/><\/span>&#8211;<\/p>\n<p><span style=\"text-decoration: underline;\">Verpakking:<br \/><\/span>Flacon &agrave; 100ml<\/p>\n","protected":false},"excerpt":{"rendered":"<p>CleanOcular van het merk Dechra is een milde formule voor het reinigen en verwijderen van vuildeeltjes op de huid en haar rond de ogen. Speciaal ontwikkeld voor het verwijderen van traanstrepen bij honden en katten. Het houdt het oog schoon waardoor de kans op infecties wordt verminderd. Geschikt voor puppies, kittens, en volwassen honden en [&hellip;]<\/p>\n","protected":false},"featured_media":118531,"comment_status":"open","ping_status":"closed","template":"","meta":{"_acf_changed":false,"_nl_post_content":"<p>CleanOcular van het merk Dechra is een milde formule voor het reinigen en verwijderen van vuildeeltjes op de huid en haar rond de ogen. Speciaal ontwikkeld voor het verwijderen van traanstrepen bij honden en katten. Het houdt het oog schoon waardoor de kans op infecties wordt verminderd. Geschikt voor puppies, kittens, en volwassen honden en katten. Voor regelmatig gebruik, pH-neutraal.<\/p>\r\n<p><span style=\"text-decoration: underline;\">Toediening:<br \/><\/span>Een katoenen gaasje of wattenpropje bevochtigen met CleanOcular en de zone rond de ogen voorzichtig reinigen. Aanraking met het oog vermijden. De canule na iedere toediening schoonmaken om mogelijke resten te verwijderen.<\/p>\r\n<p><span style=\"text-decoration: underline;\">Dosering:<br \/><\/span>-<\/p>\r\n<p><span style=\"text-decoration: underline;\">Verpakking:<br \/><\/span>Flacon &agrave; 100ml<\/p>","_nl_post_name":"dechra-cleanocular","_nl_post_excerpt":"","_nl_post_title":"Clean Ocular | 100 ml","_en_post_content":"<p>CleanOcular from Dechra is a mild formula for cleaning and removing dirt on the skin and hair around the eyes. Especially developed for removing tear stripes on dogs and cats. It keeps the eye clean and reduces the risk of infection. Suitable for puppies, kittens, mature dogs and mature cats. For regular use, pH-neutral<\/p>\r\n<p><span style=\"text-decoration: underline;\">Administration:<br \/><\/span>Wet a cotton wool with CleanOcular and gently clean the area around the eyes. Avoid direct contact with the eye. Clean the cannula after each application to remove possible residues<\/p>\r\n<p><span style=\"text-decoration: underline;\">Dosage:<br \/><\/span>-<\/p>\r\n<p><span style=\"text-decoration: underline;\">Package:<br \/><\/span>Bottle 100ml<\/p>","_en_post_name":"dechra-cleanocular","_en_post_excerpt":"","_en_post_title":"Clean Ocular | 100 ml","_de_post_content":"<p>CleanOcular von Dechra ist eine milde Formel zum Reinigen und Entfernen von Schmutz auf der Haut und Haaren um die Augen. Speziell entwickelt f&uuml;r das Entfernen von Tr&auml;nenstreifen auf Hunden und Katzen. Es h&auml;lt das Auge sauber und reduziert das Infektionsrisiko. Geeignet f&uuml;r Welpen, K&auml;tzchen, erwachsene Hunde und erwachsene Katzen. F&uuml;r regelm&auml;&szlig;igen Gebrauch, pH-neutral.<\/p>\r\n<p><span style=\"text-decoration: underline;\">Anwendung:<br \/><\/span>Nasse eine Watte mit CleanOcular und sanft reinigen Sie den Bereich um die Augen. Vermeiden Sie direkten Kontakt mit dem Auge. Reinigen Sie die Kan&uuml;le nach jeder Anwendung, um m&ouml;gliche R&uuml;ckst&auml;nde zu entfernen.<\/p>\r\n<p><span style=\"text-decoration: underline;\">Dosierung:<br \/><\/span>-<\/p>\r\n<p><span style=\"text-decoration: underline;\">Verpackung:<br \/><\/span>Flasche 100ml<\/p>","_de_post_name":"dechra-cleanocular","_de_post_excerpt":"","_de_post_title":"Clean Ocular | 100 ml","_fr_post_content":"<h1>CleanOcular<\/h1>\n<p>CleanOcular de la marque Dechra est une formule douce pour nettoyer et \u00e9liminer les particules de salet\u00e9 sur la peau et les poils autour des yeux. Sp\u00e9cialement con\u00e7u pour \u00e9liminer les traces de larmes chez les chiens et les chats. Il maintient l'\u0153il propre, r\u00e9duisant ainsi le risque d'infections. Convient aux chiots, chatons, chiens et chats adultes. Pour un usage r\u00e9gulier, pH neutre.<\/p>\n<p><b>Administration :<\/b><\/p>\n<p>Humidifiez un tampon de gaze ou une boule de coton avec CleanOcular et nettoyez d\u00e9licatement le contour des yeux. \u00c9viter tout contact avec l'\u0153il. Nettoyer la canule apr\u00e8s chaque administration pour \u00e9liminer les r\u00e9sidus \u00e9ventuels.<\/p>\n<p><b>Conditionnement :<\/b><\/p>\n<p>Flacon de 100ml<\/p>","_fr_post_name":"dechra-cleanocular","_fr_post_excerpt":"","_fr_post_title":"Clean Ocular | 100 ml","_es_post_content":"<p>CleanOcular de Dechra es una f\u00f3rmula suave para limpiar y eliminar las part\u00edculas de suciedad de la piel y el cabello alrededor de los ojos. Este limpiador de ojos ha sido especialmente desarrollado para la eliminaci\u00f3n de l\u00edneas de l\u00e1grimas en perros y gatos. Mantiene el ojo limpio, reduciendo el riesgo de infecciones. Adecuado para cachorros, gatitos y perros y gatos adultos. Para uso regular, pH neutro.<\/p>\r\n<h3>Forma de uso<\/h3>\r\n<p>Humedece una gasa de algod\u00f3n o una bola de algod\u00f3n con CleanOcular y limpia suavemente el contorno de los ojos. Evite el contacto con los ojos. Limpie la c\u00e1nula despu\u00e9s de cada administraci\u00f3n para eliminar cualquier residuo.<\/p>\r\n<h3>Dosis<\/h3>\r\n<p>-<\/p>\r\n<h3>Embalaje<\/h3>\r\n<p>Botella de 100 ml.<\/p>","_es_post_name":"dechra-cleanocular","_es_post_excerpt":"","_es_post_title":"CleanOcular | 100 ml","edit_language":"nl"},"product_brand":[],"product_cat":[2034,1117,1118,1839,1871,1857,1881,1850],"product_tag":[],"class_list":{"0":"post-118534","1":"product","2":"type-product","3":"status-publish","4":"has-post-thumbnail","6":"product_cat-cleanocular","7":"product_cat-honden","8":"product_cat-katten","9":"product_cat-medicijnen-supplementen","11":"product_cat-merken","12":"product_cat-ogen","14":"pa_aandoening-ogen_oren","15":"pa_doeldier-hond","16":"pa_doeldier-kat","17":"pa_fabricatieland-nederland","18":"pa_merkfilter-cleanocular","19":"pa_merkgroep-dechra","20":"pa_productsoort-overig","21":"pa_seo_canonical_store_id-not_found_value","22":"pa_seo_category-not_found_value","23":"pa_seo_meta_robots-not_found_value","24":"pa_toedieningswijze-oogreiniger","25":"pa_unit_pricing_base_measure-10ml","26":"pa_unit_pricing_measure-100ml","27":"pa_werkzamestof-overig","29":"first","30":"instock","31":"taxable","32":"shipping-taxable","33":"purchasable","34":"product-type-simple"},"yoast_head":"<!-- This site is optimized with the Yoast SEO plugin v27.5 - https:\/\/yoast.com\/product\/yoast-seo-wordpress\/ -->\n<title>CleanOcular | Oogreiniging Hond &amp; Kat<\/title>\n<meta name=\"description\" content=\"CleanOcular is een milde formule voor het reinigen en verwijderen van vuildeeltjes op de huid en haar rond de ogen. Effectieve verwijdering van traanstrepen.\" \/>\n<meta name=\"robots\" content=\"index, follow, max-snippet:-1, max-image-preview:large, max-video-preview:-1\" \/>\n<link rel=\"canonical\" href=\"https:\/\/p4p-nl.bootmine.com\/%product-slug%\/dechra-cleanocular\" \/>\n<meta property=\"og:locale\" content=\"nl_NL\" \/>\n<meta property=\"og:type\" content=\"article\" \/>\n<meta property=\"og:title\" content=\"CleanOcular | Oogreiniging Hond &amp; Kat\" \/>\n<meta property=\"og:description\" content=\"CleanOcular is een milde formule voor het reinigen en verwijderen van vuildeeltjes op de huid en haar rond de ogen. Effectieve verwijdering van traanstrepen.\" \/>\n<meta property=\"og:url\" content=\"https:\/\/p4p-nl.bootmine.com\/%product-slug%\/dechra-cleanocular\" \/>\n<meta property=\"og:site_name\" content=\"Pharmacy4pets\" \/>\n<meta property=\"article:publisher\" content=\"https:\/\/www.facebook.com\/people\/Pharmacy4petsnl\/100063484989896\/\" \/>\n<meta property=\"article:modified_time\" content=\"2026-04-14T08:02:45+00:00\" \/>\n<meta property=\"og:image\" content=\"https:\/\/p4p-nl.bootmine.com\/wp-content\/uploads\/2017\/07\/cleanocular.jpg\" \/>\n\t<meta property=\"og:image:width\" content=\"310\" \/>\n\t<meta property=\"og:image:height\" content=\"310\" \/>\n\t<meta property=\"og:image:type\" content=\"image\/jpeg\" \/>\n<meta name=\"twitter:card\" content=\"summary_large_image\" \/>\n<script type=\"application\/ld+json\" class=\"yoast-schema-graph\">{\"@context\":\"https:\\\/\\\/schema.org\",\"@graph\":[{\"@type\":\"WebPage\",\"@id\":\"https:\\\/\\\/p4p-nl.bootmine.com\\\/%product-slug%\\\/dechra-cleanocular\",\"url\":\"https:\\\/\\\/p4p-nl.bootmine.com\\\/%product-slug%\\\/dechra-cleanocular\",\"name\":\"CleanOcular | Oogreiniging Hond & Kat\",\"isPartOf\":{\"@id\":\"http:\\\/\\\/www.pharmacy4pets.nl\\\/#website\"},\"primaryImageOfPage\":{\"@id\":\"https:\\\/\\\/p4p-nl.bootmine.com\\\/%product-slug%\\\/dechra-cleanocular#primaryimage\"},\"image\":{\"@id\":\"https:\\\/\\\/p4p-nl.bootmine.com\\\/%product-slug%\\\/dechra-cleanocular#primaryimage\"},\"thumbnailUrl\":\"https:\\\/\\\/www.pharmacy4pets.nl\\\/wp-content\\\/uploads\\\/2017\\\/07\\\/cleanocular.jpg\",\"datePublished\":\"2017-07-25T11:22:46+00:00\",\"dateModified\":\"2026-04-14T08:02:45+00:00\",\"description\":\"CleanOcular is een milde formule voor het reinigen en verwijderen van vuildeeltjes op de huid en haar rond de ogen. Effectieve verwijdering van traanstrepen.\",\"breadcrumb\":{\"@id\":\"https:\\\/\\\/p4p-nl.bootmine.com\\\/%product-slug%\\\/dechra-cleanocular#breadcrumb\"},\"inLanguage\":\"nl-NL\",\"potentialAction\":[{\"@type\":\"ReadAction\",\"target\":[\"https:\\\/\\\/p4p-nl.bootmine.com\\\/%product-slug%\\\/dechra-cleanocular\"]}]},{\"@type\":\"ImageObject\",\"inLanguage\":\"nl-NL\",\"@id\":\"https:\\\/\\\/p4p-nl.bootmine.com\\\/%product-slug%\\\/dechra-cleanocular#primaryimage\",\"url\":\"https:\\\/\\\/www.pharmacy4pets.nl\\\/wp-content\\\/uploads\\\/2017\\\/07\\\/cleanocular.jpg\",\"contentUrl\":\"https:\\\/\\\/www.pharmacy4pets.nl\\\/wp-content\\\/uploads\\\/2017\\\/07\\\/cleanocular.jpg\",\"width\":310,\"height\":310,\"caption\":\"CleanOcular\"},{\"@type\":\"BreadcrumbList\",\"@id\":\"https:\\\/\\\/p4p-nl.bootmine.com\\\/%product-slug%\\\/dechra-cleanocular#breadcrumb\",\"itemListElement\":[{\"@type\":\"ListItem\",\"position\":1,\"name\":\"Home\",\"item\":\"https:\\\/\\\/p4p-nl.bootmine.com\\\/\"},{\"@type\":\"ListItem\",\"position\":2,\"name\":\"Winkel\",\"item\":\"https:\\\/\\\/p4p-nl.bootmine.com\\\/winkel\"},{\"@type\":\"ListItem\",\"position\":3,\"name\":\"Clean Ocular | 100 ml\"}]},{\"@type\":\"WebSite\",\"@id\":\"http:\\\/\\\/www.pharmacy4pets.nl\\\/#website\",\"url\":\"http:\\\/\\\/www.pharmacy4pets.nl\\\/\",\"name\":\"Pharmacy4pets\",\"description\":\"Pharmacy4pets.nl is d\u00e9 online apotheek waar u terecht kunt voor alle diergeneesmiddelen, verzorgingsproducten en dieetvoeding voor uw huisdier.\",\"publisher\":{\"@id\":\"http:\\\/\\\/www.pharmacy4pets.nl\\\/#organization\"},\"potentialAction\":[{\"@type\":\"SearchAction\",\"target\":{\"@type\":\"EntryPoint\",\"urlTemplate\":\"http:\\\/\\\/www.pharmacy4pets.nl\\\/?s={search_term_string}\"},\"query-input\":{\"@type\":\"PropertyValueSpecification\",\"valueRequired\":true,\"valueName\":\"search_term_string\"}}],\"inLanguage\":\"nl-NL\"},{\"@type\":\"Organization\",\"@id\":\"http:\\\/\\\/www.pharmacy4pets.nl\\\/#organization\",\"name\":\"Pharmacy4pets\",\"url\":\"http:\\\/\\\/www.pharmacy4pets.nl\\\/\",\"logo\":{\"@type\":\"ImageObject\",\"inLanguage\":\"nl-NL\",\"@id\":\"http:\\\/\\\/www.pharmacy4pets.nl\\\/#\\\/schema\\\/logo\\\/image\\\/\",\"url\":\"https:\\\/\\\/p4p-nl.bootmine.com\\\/wp-content\\\/uploads\\\/2026\\\/03\\\/logo-pharmacy4pets.png\",\"contentUrl\":\"https:\\\/\\\/p4p-nl.bootmine.com\\\/wp-content\\\/uploads\\\/2026\\\/03\\\/logo-pharmacy4pets.png\",\"width\":1024,\"height\":135,\"caption\":\"Pharmacy4pets\"},\"image\":{\"@id\":\"http:\\\/\\\/www.pharmacy4pets.nl\\\/#\\\/schema\\\/logo\\\/image\\\/\"},\"sameAs\":[\"https:\\\/\\\/www.facebook.com\\\/people\\\/Pharmacy4petsnl\\\/100063484989896\\\/\",\"https:\\\/\\\/www.youtube.com\\\/channel\\\/UCGPTIgucgli03tP2_kvLkHg\\\/featured\",\"https:\\\/\\\/www.instagram.com\\\/pharmacy4pets.nl\"]}]}<\/script>\n<!-- \/ Yoast SEO plugin. -->","yoast_head_json":{"title":"CleanOcular | Oogreiniging Hond & Kat","description":"CleanOcular is een milde formule voor het reinigen en verwijderen van vuildeeltjes op de huid en haar rond de ogen. Effectieve verwijdering van traanstrepen.","robots":{"index":"index","follow":"follow","max-snippet":"max-snippet:-1","max-image-preview":"max-image-preview:large","max-video-preview":"max-video-preview:-1"},"canonical":"https:\/\/p4p-nl.bootmine.com\/%product-slug%\/dechra-cleanocular","og_locale":"nl_NL","og_type":"article","og_title":"CleanOcular | Oogreiniging Hond & Kat","og_description":"CleanOcular is een milde formule voor het reinigen en verwijderen van vuildeeltjes op de huid en haar rond de ogen. Effectieve verwijdering van traanstrepen.","og_url":"https:\/\/p4p-nl.bootmine.com\/%product-slug%\/dechra-cleanocular","og_site_name":"Pharmacy4pets","article_publisher":"https:\/\/www.facebook.com\/people\/Pharmacy4petsnl\/100063484989896\/","article_modified_time":"2026-04-14T08:02:45+00:00","og_image":[{"width":310,"height":310,"url":"https:\/\/p4p-nl.bootmine.com\/wp-content\/uploads\/2017\/07\/cleanocular.jpg","type":"image\/jpeg"}],"twitter_card":"summary_large_image","schema":{"@context":"https:\/\/schema.org","@graph":[{"@type":"WebPage","@id":"https:\/\/p4p-nl.bootmine.com\/%product-slug%\/dechra-cleanocular","url":"https:\/\/p4p-nl.bootmine.com\/%product-slug%\/dechra-cleanocular","name":"CleanOcular | Oogreiniging Hond & Kat","isPartOf":{"@id":"http:\/\/www.pharmacy4pets.nl\/#website"},"primaryImageOfPage":{"@id":"https:\/\/p4p-nl.bootmine.com\/%product-slug%\/dechra-cleanocular#primaryimage"},"image":{"@id":"https:\/\/p4p-nl.bootmine.com\/%product-slug%\/dechra-cleanocular#primaryimage"},"thumbnailUrl":"https:\/\/www.pharmacy4pets.nl\/wp-content\/uploads\/2017\/07\/cleanocular.jpg","datePublished":"2017-07-25T11:22:46+00:00","dateModified":"2026-04-14T08:02:45+00:00","description":"CleanOcular is een milde formule voor het reinigen en verwijderen van vuildeeltjes op de huid en haar rond de ogen. Effectieve verwijdering van traanstrepen.","breadcrumb":{"@id":"https:\/\/p4p-nl.bootmine.com\/%product-slug%\/dechra-cleanocular#breadcrumb"},"inLanguage":"nl-NL","potentialAction":[{"@type":"ReadAction","target":["https:\/\/p4p-nl.bootmine.com\/%product-slug%\/dechra-cleanocular"]}]},{"@type":"ImageObject","inLanguage":"nl-NL","@id":"https:\/\/p4p-nl.bootmine.com\/%product-slug%\/dechra-cleanocular#primaryimage","url":"https:\/\/www.pharmacy4pets.nl\/wp-content\/uploads\/2017\/07\/cleanocular.jpg","contentUrl":"https:\/\/www.pharmacy4pets.nl\/wp-content\/uploads\/2017\/07\/cleanocular.jpg","width":310,"height":310,"caption":"CleanOcular"},{"@type":"BreadcrumbList","@id":"https:\/\/p4p-nl.bootmine.com\/%product-slug%\/dechra-cleanocular#breadcrumb","itemListElement":[{"@type":"ListItem","position":1,"name":"Home","item":"https:\/\/p4p-nl.bootmine.com\/"},{"@type":"ListItem","position":2,"name":"Winkel","item":"https:\/\/p4p-nl.bootmine.com\/winkel"},{"@type":"ListItem","position":3,"name":"Clean Ocular | 100 ml"}]},{"@type":"WebSite","@id":"http:\/\/www.pharmacy4pets.nl\/#website","url":"http:\/\/www.pharmacy4pets.nl\/","name":"Pharmacy4pets","description":"Pharmacy4pets.nl is d\u00e9 online apotheek waar u terecht kunt voor alle diergeneesmiddelen, verzorgingsproducten en dieetvoeding voor uw huisdier.","publisher":{"@id":"http:\/\/www.pharmacy4pets.nl\/#organization"},"potentialAction":[{"@type":"SearchAction","target":{"@type":"EntryPoint","urlTemplate":"http:\/\/www.pharmacy4pets.nl\/?s={search_term_string}"},"query-input":{"@type":"PropertyValueSpecification","valueRequired":true,"valueName":"search_term_string"}}],"inLanguage":"nl-NL"},{"@type":"Organization","@id":"http:\/\/www.pharmacy4pets.nl\/#organization","name":"Pharmacy4pets","url":"http:\/\/www.pharmacy4pets.nl\/","logo":{"@type":"ImageObject","inLanguage":"nl-NL","@id":"http:\/\/www.pharmacy4pets.nl\/#\/schema\/logo\/image\/","url":"https:\/\/p4p-nl.bootmine.com\/wp-content\/uploads\/2026\/03\/logo-pharmacy4pets.png","contentUrl":"https:\/\/p4p-nl.bootmine.com\/wp-content\/uploads\/2026\/03\/logo-pharmacy4pets.png","width":1024,"height":135,"caption":"Pharmacy4pets"},"image":{"@id":"http:\/\/www.pharmacy4pets.nl\/#\/schema\/logo\/image\/"},"sameAs":["https:\/\/www.facebook.com\/people\/Pharmacy4petsnl\/100063484989896\/","https:\/\/www.youtube.com\/channel\/UCGPTIgucgli03tP2_kvLkHg\/featured","https:\/\/www.instagram.com\/pharmacy4pets.nl"]}]}},"market_data":{"nl":{"price":0,"sale_price":0,"active":false,"url":null,"parent_url":"","tax_rate":0,"price_inc_tax":0,"sale_price_inc_tax":0},"de":{"price":0,"sale_price":0,"active":false,"url":null,"parent_url":"","tax_rate":0,"price_inc_tax":0,"sale_price_inc_tax":0},"be":{"price":0,"sale_price":0,"active":false,"url":null,"parent_url":"","tax_rate":0,"price_inc_tax":0,"sale_price_inc_tax":0},"fr":{"price":0,"sale_price":0,"active":false,"url":null,"parent_url":"","tax_rate":0,"price_inc_tax":0,"sale_price_inc_tax":0},"ch":{"price":0,"sale_price":0,"active":false,"url":null,"parent_url":"","tax_rate":0,"price_inc_tax":0,"sale_price_inc_tax":0},"at":{"price":0,"sale_price":0,"active":false,"url":null,"parent_url":"","tax_rate":0,"price_inc_tax":0,"sale_price_inc_tax":0},"es":{"price":0,"sale_price":0,"active":false,"url":null,"parent_url":"","tax_rate":0,"price_inc_tax":0,"sale_price_inc_tax":0},"dk":{"price":0,"sale_price":0,"active":false,"url":null,"parent_url":"","tax_rate":0,"price_inc_tax":0,"sale_price_inc_tax":0},"com":{"price":0,"sale_price":0,"active":false,"url":null,"parent_url":"","tax_rate":0,"price_inc_tax":0,"sale_price_inc_tax":0}},"market_nl_price":0,"market_nl_sale_price":0,"market_nl_active":false,"market_nl_url":null,"market_nl_parent_url":"","market_nl_tax_rate":0,"market_nl_price_inc_tax":0,"market_nl_sale_price_inc_tax":0,"market_de_price":0,"market_de_sale_price":0,"market_de_active":false,"market_de_url":null,"market_de_parent_url":"","market_de_tax_rate":0,"market_de_price_inc_tax":0,"market_de_sale_price_inc_tax":0,"market_be_price":0,"market_be_sale_price":0,"market_be_active":false,"market_be_url":null,"market_be_parent_url":"","market_be_tax_rate":0,"market_be_price_inc_tax":0,"market_be_sale_price_inc_tax":0,"market_fr_price":0,"market_fr_sale_price":0,"market_fr_active":false,"market_fr_url":null,"market_fr_parent_url":"","market_fr_tax_rate":0,"market_fr_price_inc_tax":0,"market_fr_sale_price_inc_tax":0,"market_ch_price":0,"market_ch_sale_price":0,"market_ch_active":false,"market_ch_url":null,"market_ch_parent_url":"","market_ch_tax_rate":0,"market_ch_price_inc_tax":0,"market_ch_sale_price_inc_tax":0,"market_at_price":0,"market_at_sale_price":0,"market_at_active":false,"market_at_url":null,"market_at_parent_url":"","market_at_tax_rate":0,"market_at_price_inc_tax":0,"market_at_sale_price_inc_tax":0,"market_es_price":0,"market_es_sale_price":0,"market_es_active":false,"market_es_url":null,"market_es_parent_url":"","market_es_tax_rate":0,"market_es_price_inc_tax":0,"market_es_sale_price_inc_tax":0,"market_dk_price":0,"market_dk_sale_price":0,"market_dk_active":false,"market_dk_url":null,"market_dk_parent_url":"","market_dk_tax_rate":0,"market_dk_price_inc_tax":0,"market_dk_sale_price_inc_tax":0,"market_com_price":0,"market_com_sale_price":0,"market_com_active":false,"market_com_url":null,"market_com_parent_url":"","market_com_tax_rate":0,"market_com_price_inc_tax":0,"market_com_sale_price_inc_tax":0,"acf":[],"_links":{"self":[{"href":"https:\/\/www.pharmacy4pets.nl\/be\/wp-json\/wp\/v2\/product\/118534","targetHints":{"allow":["GET"]}}],"collection":[{"href":"https:\/\/www.pharmacy4pets.nl\/be\/wp-json\/wp\/v2\/product"}],"about":[{"href":"https:\/\/www.pharmacy4pets.nl\/be\/wp-json\/wp\/v2\/types\/product"}],"replies":[{"embeddable":true,"href":"https:\/\/www.pharmacy4pets.nl\/be\/wp-json\/wp\/v2\/comments?post=118534"}],"wp:featuredmedia":[{"embeddable":true,"href":"https:\/\/www.pharmacy4pets.nl\/be\/wp-json\/wp\/v2\/media\/118531"}],"wp:attachment":[{"href":"https:\/\/www.pharmacy4pets.nl\/be\/wp-json\/wp\/v2\/media?parent=118534"}],"wp:term":[{"taxonomy":"product_brand","embeddable":true,"href":"https:\/\/www.pharmacy4pets.nl\/be\/wp-json\/wp\/v2\/product_brand?post=118534"},{"taxonomy":"product_cat","embeddable":true,"href":"https:\/\/www.pharmacy4pets.nl\/be\/wp-json\/wp\/v2\/product_cat?post=118534"},{"taxonomy":"product_tag","embeddable":true,"href":"https:\/\/www.pharmacy4pets.nl\/be\/wp-json\/wp\/v2\/product_tag?post=118534"}],"curies":[{"name":"wp","href":"https:\/\/api.w.org\/{rel}","templated":true}]}}