{"id":118522,"date":"2017-07-25T10:54:12","date_gmt":"2017-07-25T10:54:12","guid":{"rendered":"https:\/\/p4p.test\/vetoquinol-care-hydrovet-10"},"modified":"2026-04-14T08:02:44","modified_gmt":"2026-04-14T08:02:44","slug":"vetoquinol-care-hydrovet-10","status":"publish","type":"product","link":"https:\/\/www.pharmacy4pets.nl\/be\/vetoquinol-care-hydrovet-10","title":{"rendered":"Vetoquinol Care | Hydrovet | 100 ml"},"content":{"rendered":"<p>Vetoquinol Care Hydrovet is een zachte wondspray voor de behandeling van verse en oudere wonden. De spray zorgt door zijn unieke formule van plantenextracten en etherische oli&euml;n voor de voeding en verzorging van de huid. Helpt de wondgenezing te versnellen en littekenweefsel te beperken. Hydrovet wordt aangeraden voor de behandeling van: brandwonden, zweren, doorligwonden, huidwonden, etc.<\/p>\n<p>Geschikt voor kat, hond, konijn, rund, varken, schaap, geit, paard en vogels.<\/p>\n<p><span style=\"text-decoration: underline;\">Toediening:<br \/><\/span>Hydrovet 3 &agrave; 4 maal daags aanbrengen. Dit kan elke dag herhaald worden. De onaangename smaak vermijdt aflikken. Het aflikken is niet schadelijk voor het dier, maar moet zo mogelijk worden voorkomen, omdat dit de werking van het product vermindert. Mag aangebracht worden bij drachtige of zogende dieren.<\/p>\n<p><span style=\"text-decoration: underline;\">Dosering:<\/span><\/p>\n<p><span style=\"text-decoration: underline;\">Verpakking:<br \/><\/span>Spray 100ml<\/p>\n","protected":false},"excerpt":{"rendered":"<p>Vetoquinol Care Hydrovet is een zachte wondspray voor de behandeling van verse en oudere wonden. De spray zorgt door zijn unieke formule van plantenextracten en etherische oli&euml;n voor de voeding en verzorging van de huid. Helpt de wondgenezing te versnellen en littekenweefsel te beperken. Hydrovet wordt aangeraden voor de behandeling van: brandwonden, zweren, doorligwonden, huidwonden, [&hellip;]<\/p>\n","protected":false},"featured_media":118518,"comment_status":"open","ping_status":"closed","template":"","meta":{"_acf_changed":false,"_nl_post_content":"<p>Vetoquinol Care Hydrovet is een zachte wondspray voor de behandeling van verse en oudere wonden. De spray zorgt door zijn unieke formule van plantenextracten en etherische oli&euml;n voor de voeding en verzorging van de huid. Helpt de wondgenezing te versnellen en littekenweefsel te beperken. Hydrovet wordt aangeraden voor de behandeling van: brandwonden, zweren, doorligwonden, huidwonden, etc.<\/p>\r\n<p>Geschikt voor kat, hond, konijn, rund, varken, schaap, geit, paard en vogels.<\/p>\r\n<p><span style=\"text-decoration: underline;\">Toediening:<br \/><\/span>Hydrovet 3 &agrave; 4 maal daags aanbrengen. Dit kan elke dag herhaald worden. De onaangename smaak vermijdt aflikken. Het aflikken is niet schadelijk voor het dier, maar moet zo mogelijk worden voorkomen, omdat dit de werking van het product vermindert. Mag aangebracht worden bij drachtige of zogende dieren.<\/p>\r\n<p><span style=\"text-decoration: underline;\">Dosering:<\/span><\/p>\r\n<p><span style=\"text-decoration: underline;\">Verpakking:<br \/><\/span>Spray 100ml<\/p>","_nl_post_name":"vetoquinol-care-hydrovet-10","_nl_post_excerpt":"","_nl_post_title":"Vetoquinol Care | Hydrovet | 100 ml","_en_post_content":"<p>Vetoquinol Care Hydrovet is a soft wound spray for the treatment of fresh and older wounds. The spray is essential for the skin care, thanks to its unique formula with plants extracts and oils. Helps wound healing to accelerate and reduce scar tissue. Hydrogen is recommended for the treatment of: burns, ulcers, sores, etc.<\/p>\r\n<p>Suitable for cats, dogs, rabbit, pig, sheep, goat, horse and birds.<\/p>\r\n<p><span style=\"text-decoration: underline;\">Administration:<br \/><\/span>Apply Hydrogen 3 to 4 times a day. This can be repeated every day. The unpleasant taste avoids licking. The spray is not harmful to the animal, but licking should be avoided as possible, as this reduces the product&rsquo;s performance.<br \/>May be applied to pregnant or nursing animals.<\/p>\r\n<p><span style=\"text-decoration: underline;\">Dosage:<br \/><br \/><\/span><\/p>\r\n<p><span style=\"text-decoration: underline;\">Package:<br \/><\/span>Spray 100ml<\/p>","_en_post_name":"vetoquinol-care-hydrovet-10","_en_post_excerpt":"","_en_post_title":"Vetoquinol Care | Hydrovet | 100 ml","_de_post_content":"<p>Vetoquinol Care Hydrovet ist eine sanfte Wundspray zur Behandlung von frischen und &auml;lteren Wunden. Das Spray schafft seine einzigartige Formel von Pflanzenextrakten und &auml;therischen &Ouml;len f&uuml;r die Ern&auml;hrung der Haut und Hautpflege. Es hilft die Wundheilung zu beschleunigen und Narbengewebe und Fibr&ouml;se zu begrenzen. Hydrovet ist besonders empfohlen f&uuml;r die Behandlung von Verbrennungen, Geschw&uuml;re, Wundliegen, usw.<\/p>\r\n<p>Geeignet f&uuml;r Katze, Hund, Kaninchen, Kuh, Schwein, Schaf, Ziege, Pferd und V&ouml;gel.<\/p>\r\n<p><span style=\"text-decoration: underline;\">Anwendung:<br \/><\/span>Hydrovet 3 bis 4 mal t&auml;glich Anwendung. Dies kann t&auml;glich wiederholt werden. Hydrovet ist nicht toxisch. Das Lecken ist nicht sch&auml;dlich f&uuml;r das Tier, sondern sollte m&ouml;glichst vermieden werden, da es die Wirkung des Medikaments verringert. Man kann das Produkt bei schwangeren und s&auml;ugenden Tieren.<\/p>\r\n<p><span style=\"text-decoration: underline;\">Dosierung:<\/span><\/p>\r\n<p><span style=\"text-decoration: underline;\">Verpackung:<br \/><\/span>Spray 100ml<\/p>","_de_post_name":"vetoquinol-care-hydrovet-10","_de_post_excerpt":"","_de_post_title":"Vetoquinol Care | Hydrovet | 100 ml","_fr_post_content":"<p>Vetoquinol Care Hydrovet is een zachte wondspray voor de behandeling van verse en oudere wonden. De spray zorgt door zijn unieke formule van plantenextracten en etherische oli&euml;n voor de voeding en verzorging van de huid. Helpt de wondgenezing te versnellen en littekenweefsel te beperken. Hydrovet wordt aangeraden voor de behandeling van: brandwonden, zweren, doorligwonden, huidwonden, etc.<\/p>\r\n<p>Geschikt voor kat, hond, konijn, rund, varken, schaap, geit, paard en vogels.<\/p>\r\n<p><span style=\"text-decoration: underline;\">Toediening:<br \/><\/span>Hydrovet 3 &agrave; 4 maal daags aanbrengen. Dit kan elke dag herhaald worden. De onaangename smaak vermijdt aflikken. Het aflikken is niet schadelijk voor het dier, maar moet zo mogelijk worden voorkomen, omdat dit de werking van het product vermindert. Mag aangebracht worden bij drachtige of zogende dieren.<\/p>\r\n<p><span style=\"text-decoration: underline;\">Dosering:<\/span><\/p>\r\n<p><span style=\"text-decoration: underline;\">Verpakking:<br \/><\/span>Spray 100ml<\/p>","_fr_post_name":"vetoquinol-care-hydrovet-10","_fr_post_excerpt":"","_fr_post_title":"Vetoquinol Care | Hydrovet | 100 ml","_es_post_content":"<p>Vetoquinol Care Hydrovet 100 ml es un spray suave para heridas para el tratamiento de heridas recientes y antiguas. Gracias a su f\u00f3rmula \u00fanica de extractos de plantas y aceites esenciales, el spray nutre y cuida la piel. Ayuda a acelerar la cicatrizaci\u00f3n de heridas y reduce el tejido cicatricial. Hydrovet est\u00e1 recomendado para el tratamiento de: quemaduras, \u00falceras, escaras, heridas en la piel, etc.<\/p>\r\n<p>Adecuado para gatos, perros, conejos, bovinos, porcinos, ovinos, caprinos, equinos y p\u00e1jaros.<\/p>\r\n<p>Vetoquinol Care Hydrovet est\u00e1 disponible en las siguientes variantes:<br \/>- \u00a0 \u00a0 \u00a0 \u00a0 \u00a0Vetoquinol Care Hydrovet 30 ml<br \/>- \u00a0 \u00a0 \u00a0 \u00a0 \u00a0Vetoquinol Care Hydrovet 100 ml<\/p>\r\n<p><span style=\"text-decoration: underline;\">Administraci\u00f3n:<\/span><br \/>Aplicar Hydrovet de 3 a 4 veces al d\u00eda. Esto se puede repetir todos los d\u00edas. El sabor desagradable evita lamer. El lamido no es perjudicial para el animal, pero debe evitarse en lo posible, ya que reduce la eficacia del producto. Puede aplicarse a animales gestantes o lactantes.<\/p>","_es_post_name":"vetoquinol-care-hydrovet-100-ml","_es_post_excerpt":"","_es_post_title":"Vetoquinol Care | Hydrovet | 100 ml","edit_language":"nl"},"product_brand":[],"product_cat":[1891,1820,1861,1862,1892,1821,1117,1118,1857,1809,1963],"product_tag":[],"class_list":{"0":"post-118522","1":"product","2":"type-product","3":"status-publish","4":"has-post-thumbnail","6":"product_cat-benodigdheden","9":"product_cat-ehbo","12":"product_cat-honden","13":"product_cat-katten","14":"product_cat-merken","15":"product_cat-paarden","16":"product_cat-vetoquinol-care","17":"pa_aandoening-wond_ehbo","18":"pa_doeldier-ezel","19":"pa_doeldier-hond","20":"pa_doeldier-kat","21":"pa_doeldier-knaagdier","22":"pa_doeldier-konijn","23":"pa_doeldier-overig","24":"pa_doeldier-paard","25":"pa_fabricatieland-frankrijk","26":"pa_merkfilter-vetoquinolcare","27":"pa_merkgroep-vetoquinol","28":"pa_productsoort-voedingssupplement","29":"pa_seo_canonical_store_id-not_found_value","30":"pa_seo_category-not_found_value","31":"pa_seo_meta_robots-not_found_value","32":"pa_toedieningswijze-spray","33":"pa_unit_pricing_base_measure-10ml","34":"pa_unit_pricing_measure-100ml","35":"pa_werkzamestof-overig","37":"first","38":"instock","39":"taxable","40":"shipping-taxable","41":"purchasable","42":"product-type-simple"},"yoast_head":"<!-- This site is optimized with the Yoast SEO plugin v27.5 - https:\/\/yoast.com\/product\/yoast-seo-wordpress\/ -->\n<title>Vetoquinol Care Hydrovet | Wondspray<\/title>\n<meta name=\"description\" content=\"Vetoquinol Care Hydrovet is een zachte wondspray voor de behandeling van verse en oudere wonden. Zorgt voor de voeding en verzorging van de huid.\" \/>\n<meta name=\"robots\" content=\"index, follow, max-snippet:-1, max-image-preview:large, max-video-preview:-1\" \/>\n<link rel=\"canonical\" href=\"https:\/\/p4p-nl.bootmine.com\/%product-slug%\/vetoquinol-care-hydrovet-10\" \/>\n<meta property=\"og:locale\" content=\"nl_NL\" \/>\n<meta property=\"og:type\" content=\"article\" \/>\n<meta property=\"og:title\" content=\"Vetoquinol Care Hydrovet | Wondspray\" \/>\n<meta property=\"og:description\" content=\"Vetoquinol Care Hydrovet is een zachte wondspray voor de behandeling van verse en oudere wonden. Zorgt voor de voeding en verzorging van de huid.\" \/>\n<meta property=\"og:url\" content=\"https:\/\/p4p-nl.bootmine.com\/%product-slug%\/vetoquinol-care-hydrovet-10\" \/>\n<meta property=\"og:site_name\" content=\"Pharmacy4pets\" \/>\n<meta property=\"article:publisher\" content=\"https:\/\/www.facebook.com\/people\/Pharmacy4petsnl\/100063484989896\/\" \/>\n<meta property=\"article:modified_time\" content=\"2026-04-14T08:02:44+00:00\" \/>\n<meta property=\"og:image\" content=\"https:\/\/p4p-nl.bootmine.com\/wp-content\/uploads\/2017\/07\/21355_1.jpg\" \/>\n\t<meta property=\"og:image:width\" content=\"310\" \/>\n\t<meta property=\"og:image:height\" content=\"310\" \/>\n\t<meta property=\"og:image:type\" content=\"image\/jpeg\" \/>\n<meta name=\"twitter:card\" content=\"summary_large_image\" \/>\n<meta name=\"twitter:label1\" content=\"Geschatte leestijd\" \/>\n\t<meta name=\"twitter:data1\" content=\"1 minuut\" \/>\n<script type=\"application\/ld+json\" class=\"yoast-schema-graph\">{\"@context\":\"https:\\\/\\\/schema.org\",\"@graph\":[{\"@type\":\"WebPage\",\"@id\":\"https:\\\/\\\/p4p-nl.bootmine.com\\\/%product-slug%\\\/vetoquinol-care-hydrovet-10\",\"url\":\"https:\\\/\\\/p4p-nl.bootmine.com\\\/%product-slug%\\\/vetoquinol-care-hydrovet-10\",\"name\":\"Vetoquinol Care Hydrovet | Wondspray\",\"isPartOf\":{\"@id\":\"http:\\\/\\\/www.pharmacy4pets.nl\\\/#website\"},\"primaryImageOfPage\":{\"@id\":\"https:\\\/\\\/p4p-nl.bootmine.com\\\/%product-slug%\\\/vetoquinol-care-hydrovet-10#primaryimage\"},\"image\":{\"@id\":\"https:\\\/\\\/p4p-nl.bootmine.com\\\/%product-slug%\\\/vetoquinol-care-hydrovet-10#primaryimage\"},\"thumbnailUrl\":\"https:\\\/\\\/www.pharmacy4pets.nl\\\/wp-content\\\/uploads\\\/2017\\\/07\\\/21355_1.jpg\",\"datePublished\":\"2017-07-25T10:54:12+00:00\",\"dateModified\":\"2026-04-14T08:02:44+00:00\",\"description\":\"Vetoquinol Care Hydrovet is een zachte wondspray voor de behandeling van verse en oudere wonden. Zorgt voor de voeding en verzorging van de huid.\",\"breadcrumb\":{\"@id\":\"https:\\\/\\\/p4p-nl.bootmine.com\\\/%product-slug%\\\/vetoquinol-care-hydrovet-10#breadcrumb\"},\"inLanguage\":\"nl-NL\",\"potentialAction\":[{\"@type\":\"ReadAction\",\"target\":[\"https:\\\/\\\/p4p-nl.bootmine.com\\\/%product-slug%\\\/vetoquinol-care-hydrovet-10\"]}]},{\"@type\":\"ImageObject\",\"inLanguage\":\"nl-NL\",\"@id\":\"https:\\\/\\\/p4p-nl.bootmine.com\\\/%product-slug%\\\/vetoquinol-care-hydrovet-10#primaryimage\",\"url\":\"https:\\\/\\\/www.pharmacy4pets.nl\\\/wp-content\\\/uploads\\\/2017\\\/07\\\/21355_1.jpg\",\"contentUrl\":\"https:\\\/\\\/www.pharmacy4pets.nl\\\/wp-content\\\/uploads\\\/2017\\\/07\\\/21355_1.jpg\",\"width\":310,\"height\":310,\"caption\":\"V\u00c3\u00a9toquinol Care\"},{\"@type\":\"BreadcrumbList\",\"@id\":\"https:\\\/\\\/p4p-nl.bootmine.com\\\/%product-slug%\\\/vetoquinol-care-hydrovet-10#breadcrumb\",\"itemListElement\":[{\"@type\":\"ListItem\",\"position\":1,\"name\":\"Home\",\"item\":\"https:\\\/\\\/p4p-nl.bootmine.com\\\/\"},{\"@type\":\"ListItem\",\"position\":2,\"name\":\"Winkel\",\"item\":\"https:\\\/\\\/p4p-nl.bootmine.com\\\/winkel\"},{\"@type\":\"ListItem\",\"position\":3,\"name\":\"Vetoquinol Care | Hydrovet | 100 ml\"}]},{\"@type\":\"WebSite\",\"@id\":\"http:\\\/\\\/www.pharmacy4pets.nl\\\/#website\",\"url\":\"http:\\\/\\\/www.pharmacy4pets.nl\\\/\",\"name\":\"Pharmacy4pets\",\"description\":\"Pharmacy4pets.nl is d\u00e9 online apotheek waar u terecht kunt voor alle diergeneesmiddelen, verzorgingsproducten en dieetvoeding voor uw huisdier.\",\"publisher\":{\"@id\":\"http:\\\/\\\/www.pharmacy4pets.nl\\\/#organization\"},\"potentialAction\":[{\"@type\":\"SearchAction\",\"target\":{\"@type\":\"EntryPoint\",\"urlTemplate\":\"http:\\\/\\\/www.pharmacy4pets.nl\\\/?s={search_term_string}\"},\"query-input\":{\"@type\":\"PropertyValueSpecification\",\"valueRequired\":true,\"valueName\":\"search_term_string\"}}],\"inLanguage\":\"nl-NL\"},{\"@type\":\"Organization\",\"@id\":\"http:\\\/\\\/www.pharmacy4pets.nl\\\/#organization\",\"name\":\"Pharmacy4pets\",\"url\":\"http:\\\/\\\/www.pharmacy4pets.nl\\\/\",\"logo\":{\"@type\":\"ImageObject\",\"inLanguage\":\"nl-NL\",\"@id\":\"http:\\\/\\\/www.pharmacy4pets.nl\\\/#\\\/schema\\\/logo\\\/image\\\/\",\"url\":\"https:\\\/\\\/p4p-nl.bootmine.com\\\/wp-content\\\/uploads\\\/2026\\\/03\\\/logo-pharmacy4pets.png\",\"contentUrl\":\"https:\\\/\\\/p4p-nl.bootmine.com\\\/wp-content\\\/uploads\\\/2026\\\/03\\\/logo-pharmacy4pets.png\",\"width\":1024,\"height\":135,\"caption\":\"Pharmacy4pets\"},\"image\":{\"@id\":\"http:\\\/\\\/www.pharmacy4pets.nl\\\/#\\\/schema\\\/logo\\\/image\\\/\"},\"sameAs\":[\"https:\\\/\\\/www.facebook.com\\\/people\\\/Pharmacy4petsnl\\\/100063484989896\\\/\",\"https:\\\/\\\/www.youtube.com\\\/channel\\\/UCGPTIgucgli03tP2_kvLkHg\\\/featured\",\"https:\\\/\\\/www.instagram.com\\\/pharmacy4pets.nl\"]}]}<\/script>\n<!-- \/ Yoast SEO plugin. -->","yoast_head_json":{"title":"Vetoquinol Care Hydrovet | Wondspray","description":"Vetoquinol Care Hydrovet is een zachte wondspray voor de behandeling van verse en oudere wonden. Zorgt voor de voeding en verzorging van de huid.","robots":{"index":"index","follow":"follow","max-snippet":"max-snippet:-1","max-image-preview":"max-image-preview:large","max-video-preview":"max-video-preview:-1"},"canonical":"https:\/\/p4p-nl.bootmine.com\/%product-slug%\/vetoquinol-care-hydrovet-10","og_locale":"nl_NL","og_type":"article","og_title":"Vetoquinol Care Hydrovet | Wondspray","og_description":"Vetoquinol Care Hydrovet is een zachte wondspray voor de behandeling van verse en oudere wonden. Zorgt voor de voeding en verzorging van de huid.","og_url":"https:\/\/p4p-nl.bootmine.com\/%product-slug%\/vetoquinol-care-hydrovet-10","og_site_name":"Pharmacy4pets","article_publisher":"https:\/\/www.facebook.com\/people\/Pharmacy4petsnl\/100063484989896\/","article_modified_time":"2026-04-14T08:02:44+00:00","og_image":[{"width":310,"height":310,"url":"https:\/\/p4p-nl.bootmine.com\/wp-content\/uploads\/2017\/07\/21355_1.jpg","type":"image\/jpeg"}],"twitter_card":"summary_large_image","twitter_misc":{"Geschatte leestijd":"1 minuut"},"schema":{"@context":"https:\/\/schema.org","@graph":[{"@type":"WebPage","@id":"https:\/\/p4p-nl.bootmine.com\/%product-slug%\/vetoquinol-care-hydrovet-10","url":"https:\/\/p4p-nl.bootmine.com\/%product-slug%\/vetoquinol-care-hydrovet-10","name":"Vetoquinol Care Hydrovet | Wondspray","isPartOf":{"@id":"http:\/\/www.pharmacy4pets.nl\/#website"},"primaryImageOfPage":{"@id":"https:\/\/p4p-nl.bootmine.com\/%product-slug%\/vetoquinol-care-hydrovet-10#primaryimage"},"image":{"@id":"https:\/\/p4p-nl.bootmine.com\/%product-slug%\/vetoquinol-care-hydrovet-10#primaryimage"},"thumbnailUrl":"https:\/\/www.pharmacy4pets.nl\/wp-content\/uploads\/2017\/07\/21355_1.jpg","datePublished":"2017-07-25T10:54:12+00:00","dateModified":"2026-04-14T08:02:44+00:00","description":"Vetoquinol Care Hydrovet is een zachte wondspray voor de behandeling van verse en oudere wonden. Zorgt voor de voeding en verzorging van de huid.","breadcrumb":{"@id":"https:\/\/p4p-nl.bootmine.com\/%product-slug%\/vetoquinol-care-hydrovet-10#breadcrumb"},"inLanguage":"nl-NL","potentialAction":[{"@type":"ReadAction","target":["https:\/\/p4p-nl.bootmine.com\/%product-slug%\/vetoquinol-care-hydrovet-10"]}]},{"@type":"ImageObject","inLanguage":"nl-NL","@id":"https:\/\/p4p-nl.bootmine.com\/%product-slug%\/vetoquinol-care-hydrovet-10#primaryimage","url":"https:\/\/www.pharmacy4pets.nl\/wp-content\/uploads\/2017\/07\/21355_1.jpg","contentUrl":"https:\/\/www.pharmacy4pets.nl\/wp-content\/uploads\/2017\/07\/21355_1.jpg","width":310,"height":310,"caption":"V\u00c3\u00a9toquinol Care"},{"@type":"BreadcrumbList","@id":"https:\/\/p4p-nl.bootmine.com\/%product-slug%\/vetoquinol-care-hydrovet-10#breadcrumb","itemListElement":[{"@type":"ListItem","position":1,"name":"Home","item":"https:\/\/p4p-nl.bootmine.com\/"},{"@type":"ListItem","position":2,"name":"Winkel","item":"https:\/\/p4p-nl.bootmine.com\/winkel"},{"@type":"ListItem","position":3,"name":"Vetoquinol Care | Hydrovet | 100 ml"}]},{"@type":"WebSite","@id":"http:\/\/www.pharmacy4pets.nl\/#website","url":"http:\/\/www.pharmacy4pets.nl\/","name":"Pharmacy4pets","description":"Pharmacy4pets.nl is d\u00e9 online apotheek waar u terecht kunt voor alle diergeneesmiddelen, verzorgingsproducten en dieetvoeding voor uw huisdier.","publisher":{"@id":"http:\/\/www.pharmacy4pets.nl\/#organization"},"potentialAction":[{"@type":"SearchAction","target":{"@type":"EntryPoint","urlTemplate":"http:\/\/www.pharmacy4pets.nl\/?s={search_term_string}"},"query-input":{"@type":"PropertyValueSpecification","valueRequired":true,"valueName":"search_term_string"}}],"inLanguage":"nl-NL"},{"@type":"Organization","@id":"http:\/\/www.pharmacy4pets.nl\/#organization","name":"Pharmacy4pets","url":"http:\/\/www.pharmacy4pets.nl\/","logo":{"@type":"ImageObject","inLanguage":"nl-NL","@id":"http:\/\/www.pharmacy4pets.nl\/#\/schema\/logo\/image\/","url":"https:\/\/p4p-nl.bootmine.com\/wp-content\/uploads\/2026\/03\/logo-pharmacy4pets.png","contentUrl":"https:\/\/p4p-nl.bootmine.com\/wp-content\/uploads\/2026\/03\/logo-pharmacy4pets.png","width":1024,"height":135,"caption":"Pharmacy4pets"},"image":{"@id":"http:\/\/www.pharmacy4pets.nl\/#\/schema\/logo\/image\/"},"sameAs":["https:\/\/www.facebook.com\/people\/Pharmacy4petsnl\/100063484989896\/","https:\/\/www.youtube.com\/channel\/UCGPTIgucgli03tP2_kvLkHg\/featured","https:\/\/www.instagram.com\/pharmacy4pets.nl"]}]}},"market_data":{"nl":{"price":0,"sale_price":0,"active":false,"url":null,"parent_url":"","tax_rate":0,"price_inc_tax":0,"sale_price_inc_tax":0},"de":{"price":0,"sale_price":0,"active":false,"url":null,"parent_url":"","tax_rate":0,"price_inc_tax":0,"sale_price_inc_tax":0},"be":{"price":0,"sale_price":0,"active":false,"url":null,"parent_url":"","tax_rate":0,"price_inc_tax":0,"sale_price_inc_tax":0},"fr":{"price":0,"sale_price":0,"active":false,"url":null,"parent_url":"","tax_rate":0,"price_inc_tax":0,"sale_price_inc_tax":0},"ch":{"price":0,"sale_price":0,"active":false,"url":null,"parent_url":"","tax_rate":0,"price_inc_tax":0,"sale_price_inc_tax":0},"at":{"price":0,"sale_price":0,"active":false,"url":null,"parent_url":"","tax_rate":0,"price_inc_tax":0,"sale_price_inc_tax":0},"es":{"price":0,"sale_price":0,"active":false,"url":null,"parent_url":"","tax_rate":0,"price_inc_tax":0,"sale_price_inc_tax":0},"dk":{"price":0,"sale_price":0,"active":false,"url":null,"parent_url":"","tax_rate":0,"price_inc_tax":0,"sale_price_inc_tax":0},"com":{"price":0,"sale_price":0,"active":false,"url":null,"parent_url":"","tax_rate":0,"price_inc_tax":0,"sale_price_inc_tax":0}},"market_nl_price":0,"market_nl_sale_price":0,"market_nl_active":false,"market_nl_url":null,"market_nl_parent_url":"","market_nl_tax_rate":0,"market_nl_price_inc_tax":0,"market_nl_sale_price_inc_tax":0,"market_de_price":0,"market_de_sale_price":0,"market_de_active":false,"market_de_url":null,"market_de_parent_url":"","market_de_tax_rate":0,"market_de_price_inc_tax":0,"market_de_sale_price_inc_tax":0,"market_be_price":0,"market_be_sale_price":0,"market_be_active":false,"market_be_url":null,"market_be_parent_url":"","market_be_tax_rate":0,"market_be_price_inc_tax":0,"market_be_sale_price_inc_tax":0,"market_fr_price":0,"market_fr_sale_price":0,"market_fr_active":false,"market_fr_url":null,"market_fr_parent_url":"","market_fr_tax_rate":0,"market_fr_price_inc_tax":0,"market_fr_sale_price_inc_tax":0,"market_ch_price":0,"market_ch_sale_price":0,"market_ch_active":false,"market_ch_url":null,"market_ch_parent_url":"","market_ch_tax_rate":0,"market_ch_price_inc_tax":0,"market_ch_sale_price_inc_tax":0,"market_at_price":0,"market_at_sale_price":0,"market_at_active":false,"market_at_url":null,"market_at_parent_url":"","market_at_tax_rate":0,"market_at_price_inc_tax":0,"market_at_sale_price_inc_tax":0,"market_es_price":0,"market_es_sale_price":0,"market_es_active":false,"market_es_url":null,"market_es_parent_url":"","market_es_tax_rate":0,"market_es_price_inc_tax":0,"market_es_sale_price_inc_tax":0,"market_dk_price":0,"market_dk_sale_price":0,"market_dk_active":false,"market_dk_url":null,"market_dk_parent_url":"","market_dk_tax_rate":0,"market_dk_price_inc_tax":0,"market_dk_sale_price_inc_tax":0,"market_com_price":0,"market_com_sale_price":0,"market_com_active":false,"market_com_url":null,"market_com_parent_url":"","market_com_tax_rate":0,"market_com_price_inc_tax":0,"market_com_sale_price_inc_tax":0,"acf":[],"_links":{"self":[{"href":"https:\/\/www.pharmacy4pets.nl\/be\/wp-json\/wp\/v2\/product\/118522","targetHints":{"allow":["GET"]}}],"collection":[{"href":"https:\/\/www.pharmacy4pets.nl\/be\/wp-json\/wp\/v2\/product"}],"about":[{"href":"https:\/\/www.pharmacy4pets.nl\/be\/wp-json\/wp\/v2\/types\/product"}],"replies":[{"embeddable":true,"href":"https:\/\/www.pharmacy4pets.nl\/be\/wp-json\/wp\/v2\/comments?post=118522"}],"wp:featuredmedia":[{"embeddable":true,"href":"https:\/\/www.pharmacy4pets.nl\/be\/wp-json\/wp\/v2\/media\/118518"}],"wp:attachment":[{"href":"https:\/\/www.pharmacy4pets.nl\/be\/wp-json\/wp\/v2\/media?parent=118522"}],"wp:term":[{"taxonomy":"product_brand","embeddable":true,"href":"https:\/\/www.pharmacy4pets.nl\/be\/wp-json\/wp\/v2\/product_brand?post=118522"},{"taxonomy":"product_cat","embeddable":true,"href":"https:\/\/www.pharmacy4pets.nl\/be\/wp-json\/wp\/v2\/product_cat?post=118522"},{"taxonomy":"product_tag","embeddable":true,"href":"https:\/\/www.pharmacy4pets.nl\/be\/wp-json\/wp\/v2\/product_tag?post=118522"}],"curies":[{"name":"wp","href":"https:\/\/api.w.org\/{rel}","templated":true}]}}