{"id":118498,"date":"2017-07-25T10:13:50","date_gmt":"2017-07-25T10:13:50","guid":{"rendered":"https:\/\/p4p.test\/vetoquinol-care-energy-gel"},"modified":"2026-04-14T08:02:43","modified_gmt":"2026-04-14T08:02:43","slug":"vetoquinol-care-energy-gel","status":"publish","type":"product","link":"https:\/\/www.pharmacy4pets.nl\/be\/vetoquinol-care-energy-gel","title":{"rendered":"Vetoquinol Care | Energy gel | 120 gr"},"content":{"rendered":"<p>Vetoquinol Care Energy Gel is een smakelijke, energierijke gel, aangevuld met vitaminen en mineralen. Het helpt uw hond of kat bij gebrek aan specifieke voedingsingredi\u00ebnten en zorgt voor meer energie. Zeer geschikt bij herstel na een ziekte of operatie. De gel is ook geschikt voor gevallen met vitaminen- en mineralentekorten. Dankzij de aangename vissmaak kan essenti\u00eble energie aan het dier gegeven worden ondanks bijvoorbeeld gebrek aan eetlust of onvoldoende voerinname. De gel stimuleert de eetlust en kan de voeropname worden vergroot.<\/p>\n<p><span style=\"text-decoration: underline;\">Toediening:<br \/><\/span>De gel kan direct in de bek, met het voer of met het drinkwater aan het dier worden toegediend.<br \/>\u00a0Aanbevolen gebruiksduur: tot het volledige herstel is bereikt.<\/p>\n<p><span style=\"text-decoration: underline;\">Dosering:<\/span>\u00a0<\/p>\n<ul>\n<li>Honden (per 10 kg lichaamsgewicht) 1 eetlepel (18g) per dag<\/li>\n<li>Katten (per 3-5 kg lichaamsgewicht)1 koffielepel (6g) per dag<\/li>\n<\/ul>\n<p><span style=\"text-decoration: underline;\">Verpakking:<br \/><\/span>Tube 120 gram<\/p>\n","protected":false},"excerpt":{"rendered":"<p>Vetoquinol Care Energy Gel is een smakelijke, energierijke gel, aangevuld met vitaminen en mineralen. Het helpt uw hond of kat bij gebrek aan specifieke voedingsingredi\u00ebnten en zorgt voor meer energie. Zeer geschikt bij herstel na een ziekte of operatie. De gel is ook geschikt voor gevallen met vitaminen- en mineralentekorten. Dankzij de aangename vissmaak kan [&hellip;]<\/p>\n","protected":false},"featured_media":118493,"comment_status":"open","ping_status":"closed","template":"","meta":{"_acf_changed":false,"_nl_post_content":"<p>Vetoquinol Care Energy Gel is een smakelijke, energierijke gel, aangevuld met vitaminen en mineralen. Het helpt uw hond of kat bij gebrek aan specifieke voedingsingredi\u00ebnten en zorgt voor meer energie. Zeer geschikt bij herstel na een ziekte of operatie. De gel is ook geschikt voor gevallen met vitaminen- en mineralentekorten. Dankzij de aangename vissmaak kan essenti\u00eble energie aan het dier gegeven worden ondanks bijvoorbeeld gebrek aan eetlust of onvoldoende voerinname. De gel stimuleert de eetlust en kan de voeropname worden vergroot.<\/p>\r\n<p><span style=\"text-decoration: underline;\">Toediening:<br \/><\/span>De gel kan direct in de bek, met het voer of met het drinkwater aan het dier worden toegediend.<br \/>\u00a0Aanbevolen gebruiksduur: tot het volledige herstel is bereikt.<\/p>\r\n<p><span style=\"text-decoration: underline;\">Dosering:<\/span>\u00a0<\/p>\r\n<ul>\r\n<li>Honden (per 10 kg lichaamsgewicht) 1 eetlepel (18g) per dag<\/li>\r\n<li>Katten (per 3-5 kg lichaamsgewicht)1 koffielepel (6g) per dag<\/li>\r\n<\/ul>\r\n<p><span style=\"text-decoration: underline;\">Verpakking:<br \/><\/span>Tube 120 gram<\/p>","_nl_post_name":"vetoquinol-care-energy-gel","_nl_post_excerpt":"","_nl_post_title":"Vetoquinol Care | Energy gel | 120 gr","_en_post_content":"<p>Vetoquinol Care Energy Gel is an energy-rich food supplement in the form of a tasty gel supplemented with vitamins and minerals. It helps your pet in the event of a deficiency of specific nutritional ingredients. Very suitable for recovery after illness or surgery. The gel is also suitable for cases with vitamin- and mineral deficiencies. Thanks to the pleasant taste of fish, essential energy can be given to your pet despite lack of appetite or insufficient food intake. The gel also stimulates appetite and can increase the intake of food.<\/p>\r\n<p><span style=\"text-decoration: underline;\">Administration:<\/span><\/p>\r\n<p>Give Vetoquinol Care Energy along with your dog or cat's normal daily diet. The tasty gel with fish flavour can be given directly into the mouth or mixed with food or drinking water.<\/p>\r\n<p><span style=\"text-decoration: underline;\">Dosage:<\/span><\/p>\r\n<ul>\r\n<li>Dogs: 1 tablespoon (= 18 grams) per 10 kg of body weight per day.<\/li>\r\n<li>Cats: 1 teaspoon (= 6 grams) per 3 to 5 per kg of body weight per day.<\/li>\r\n<\/ul>\r\n<p><span style=\"text-decoration: underline;\">Package:<br \/><\/span>Tube 120grams<\/p>","_en_post_name":"vetoquinol-care-energy-gel","_en_post_excerpt":"","_en_post_title":"Vetoquinol Care | Energy gel | 120 gr","_de_post_content":"<p>Vetoquinol Care Energy Gel ist ein schmackhaftes, energiereche Gel, angereichert mit Vitaminen und Mineralien. Es hilft, Ihren Hund oder Katze auf bestimmte Lebensmittelzutaten und liefert mehr Energie. Als hochkalorisches Produkt sorgt das Erg\u00e4nzungsfuttermittel beispielsweise vor oder nach einer Narkose f\u00fcr eine angepasste Energiezufuhr. Dank den angenehmen Geschmack von Fisch wird wesentliche Energie an das Tier gegeben, trotz eines Mangels an Appetit, oder unzureichender Nahrungsaufnahme.<\/p>\r\n<p><span style=\"text-decoration: underline;\">Anwendung:<br \/><\/span>Verabreichen Sie Vetoquinol Care Energie zusammen mit der normalen Futterration Ihres Hundes oder Ihrer Katze. Das Gel l\u00e4sst sich gut unter das Futter mischen oder dem Trinkwasser beif\u00fcgen. Alternativ kann das nach Fisch schmeckende Gel auch direkt ins Maul Ihres Tieres eingegeben werden.<\/p>\r\n<p><span style=\"text-decoration: underline;\">Dosierung:<\/span><\/p>\r\n<ul>\r\n<li>F\u00fcr Hunde: pro 10 kg K\u00f6rpergewicht 1 Essl\u00f6ffel (= 18 Gramm) t\u00e4glich.<\/li>\r\n<li>F\u00fcr Katzen: pro 3 bis 5 kg K\u00f6rpergewicht 1 Teel\u00f6ffel (= 6 Gramm) t\u00e4glich.<\/li>\r\n<\/ul>\r\n<p><span style=\"text-decoration: underline;\">Verpackung:<br \/><\/span>Rohr 120 Gramm<\/p>","_de_post_name":"vetoquinol-care-energy-gel","_de_post_excerpt":"","_de_post_title":"Vetoquinol Care | Energy gel | 120 gr","_fr_post_content":"<p>Vetoquinol Care Energy Gel is een smakelijke, energierijke gel, aangevuld met vitaminen en mineralen. Het helpt uw hond of kat bij gebrek aan specifieke voedingsingredi&euml;nten en zorgt voor meer energie. Zeer geschikt bij herstel na een ziekte of operatie. De gel is ook geschikt voor gevallen met vitaminen- en mineralentekorten. Dankzij de aangename vissmaak kan essenti&euml;le energie aan het dier gegeven worden ondanks bijvoorbeeld gebrek aan eetlust of onvoldoende voerinname. De gel stimuleert de eetlust en kan de voeropname worden vergroot.<\/p>\r\n<p><span style=\"text-decoration: underline;\">Toediening:<br \/><\/span>De gel kan direct in de bek, met het voer of met het drinkwater aan het dier worden toegediend.<br \/>&nbsp;Aanbevolen gebruiksduur: tot het volledige herstel is bereikt.<\/p>\r\n<p><span style=\"text-decoration: underline;\">Dosering:<\/span>&nbsp;<\/p>\r\n<ul>\r\n<li>Honden (per 10 kg lichaamsgewicht) 1 eetlepel (18g) per dag<\/li>\r\n<li>Katten (per 3-5 kg lichaamsgewicht)1 koffielepel (6g) per dag<\/li>\r\n<\/ul>\r\n<p><span style=\"text-decoration: underline;\">Verpakking:<br \/><\/span>Tube 120 gram<\/p>","_fr_post_name":"vetoquinol-care-energy-gel","_fr_post_excerpt":"","_fr_post_title":"Vetoquinol Care | Energy gel | 120 gr","_es_post_content":"<p>Vetoquinol Care Energy Gel es un gel sabroso y rico en energ\u00eda, complementado con vitaminas y minerales. Ayuda a su perro o gato con la falta de ingredientes nutricionales espec\u00edficos y proporciona m\u00e1s energ\u00eda. Muy adecuado para la recuperaci\u00f3n despu\u00e9s de una enfermedad o cirug\u00eda. El gel tambi\u00e9n es adecuado para casos de deficiencias de vitaminas y minerales. Gracias al agradable sabor a pescado, se puede suministrar la energ\u00eda esencial al animal a pesar de, por ejemplo, la falta de apetito o la ingesta insuficiente de alimento. El gel estimula el apetito y puede aumentar la ingesta de alimento.<\/p>\r\n<p><span style=\"text-decoration: underline;\">Administraci\u00f3n:<\/span><br \/>El gel se puede administrar al animal directamente en la boca, con el pienso o con el agua de bebida.<br \/>Duraci\u00f3n recomendada de uso: hasta que se logre la recuperaci\u00f3n completa.<\/p>\r\n<p><span style=\"text-decoration: underline;\">Dosis:<\/span><\/p>\r\n<p>Perros (por 10 kg de peso corporal) 1 cucharada (18 g) al d\u00eda<br \/>Gatos (por 3-5 kg \u200b\u200bde peso corporal) 1 cucharadita (6 g) por d\u00eda<\/p>\r\n<p><span style=\"text-decoration: underline;\">Embalaje:<\/span><br \/>Tubo 120 gramos.<\/p>","_es_post_name":"vetoquinol-care-energy-gel","_es_post_excerpt":"","_es_post_title":"Vetoquinol Care | Energy gel | 120 gramos","edit_language":"nl"},"product_brand":[],"product_cat":[1117,2014,2013,1118,1839,1871,1857,1963],"product_tag":[],"class_list":{"0":"post-118498","1":"product","2":"type-product","3":"status-publish","4":"has-post-thumbnail","6":"product_cat-honden","7":"product_cat-immuunsysteem-weerstand","9":"product_cat-katten","10":"product_cat-medicijnen-supplementen","12":"product_cat-merken","13":"product_cat-vetoquinol-care","14":"pa_aandoening-overig","15":"pa_doeldier-hond","16":"pa_doeldier-kat","17":"pa_fabricatieland-frankrijk","18":"pa_merkfilter-vetoquinolcare","19":"pa_merkgroep-vetoquinol","20":"pa_productsoort-voedingssupplement","21":"pa_seo_canonical_store_id-not_found_value","22":"pa_seo_category-not_found_value","23":"pa_seo_meta_robots-not_found_value","24":"pa_toedieningswijze-gel","25":"pa_unit_pricing_base_measure-100g","26":"pa_unit_pricing_measure-120g","27":"pa_werkzamestof-overig","29":"first","30":"instock","31":"taxable","32":"shipping-taxable","33":"purchasable","34":"product-type-simple"},"yoast_head":"<!-- This site is optimized with the Yoast SEO plugin v27.5 - https:\/\/yoast.com\/product\/yoast-seo-wordpress\/ -->\n<title>Vetoquinol Care Energy Gel |Eiwitrijke voeding<\/title>\n<meta name=\"description\" content=\"Vetoquinol Care Energy Gel is een smakelijke, energierijke gel, aangevuld met vitaminen en mineralen. Geeft uw huisdier meer energie.\" \/>\n<meta name=\"robots\" content=\"index, follow, max-snippet:-1, max-image-preview:large, max-video-preview:-1\" \/>\n<link rel=\"canonical\" href=\"https:\/\/p4p-nl.bootmine.com\/%product-slug%\/vetoquinol-care-energy-gel\" \/>\n<meta property=\"og:locale\" content=\"nl_NL\" \/>\n<meta property=\"og:type\" content=\"article\" \/>\n<meta property=\"og:title\" content=\"Vetoquinol Care Energy Gel |Eiwitrijke voeding\" \/>\n<meta property=\"og:description\" content=\"Vetoquinol Care Energy Gel is een smakelijke, energierijke gel, aangevuld met vitaminen en mineralen. Geeft uw huisdier meer energie.\" \/>\n<meta property=\"og:url\" content=\"https:\/\/p4p-nl.bootmine.com\/%product-slug%\/vetoquinol-care-energy-gel\" \/>\n<meta property=\"og:site_name\" content=\"Pharmacy4pets\" \/>\n<meta property=\"article:publisher\" content=\"https:\/\/www.facebook.com\/people\/Pharmacy4petsnl\/100063484989896\/\" \/>\n<meta property=\"article:modified_time\" content=\"2026-04-14T08:02:43+00:00\" \/>\n<meta property=\"og:image\" content=\"https:\/\/p4p-nl.bootmine.com\/wp-content\/uploads\/2017\/07\/21389.jpg\" \/>\n\t<meta property=\"og:image:width\" content=\"310\" \/>\n\t<meta property=\"og:image:height\" content=\"310\" \/>\n\t<meta property=\"og:image:type\" content=\"image\/jpeg\" \/>\n<meta name=\"twitter:card\" content=\"summary_large_image\" \/>\n<meta name=\"twitter:label1\" content=\"Geschatte leestijd\" \/>\n\t<meta name=\"twitter:data1\" content=\"1 minuut\" \/>\n<script type=\"application\/ld+json\" class=\"yoast-schema-graph\">{\"@context\":\"https:\\\/\\\/schema.org\",\"@graph\":[{\"@type\":\"WebPage\",\"@id\":\"https:\\\/\\\/p4p-nl.bootmine.com\\\/%product-slug%\\\/vetoquinol-care-energy-gel\",\"url\":\"https:\\\/\\\/p4p-nl.bootmine.com\\\/%product-slug%\\\/vetoquinol-care-energy-gel\",\"name\":\"Vetoquinol Care Energy Gel |Eiwitrijke voeding\",\"isPartOf\":{\"@id\":\"http:\\\/\\\/www.pharmacy4pets.nl\\\/#website\"},\"primaryImageOfPage\":{\"@id\":\"https:\\\/\\\/p4p-nl.bootmine.com\\\/%product-slug%\\\/vetoquinol-care-energy-gel#primaryimage\"},\"image\":{\"@id\":\"https:\\\/\\\/p4p-nl.bootmine.com\\\/%product-slug%\\\/vetoquinol-care-energy-gel#primaryimage\"},\"thumbnailUrl\":\"https:\\\/\\\/www.pharmacy4pets.nl\\\/wp-content\\\/uploads\\\/2017\\\/07\\\/21389.jpg\",\"datePublished\":\"2017-07-25T10:13:50+00:00\",\"dateModified\":\"2026-04-14T08:02:43+00:00\",\"description\":\"Vetoquinol Care Energy Gel is een smakelijke, energierijke gel, aangevuld met vitaminen en mineralen. Geeft uw huisdier meer energie.\",\"breadcrumb\":{\"@id\":\"https:\\\/\\\/p4p-nl.bootmine.com\\\/%product-slug%\\\/vetoquinol-care-energy-gel#breadcrumb\"},\"inLanguage\":\"nl-NL\",\"potentialAction\":[{\"@type\":\"ReadAction\",\"target\":[\"https:\\\/\\\/p4p-nl.bootmine.com\\\/%product-slug%\\\/vetoquinol-care-energy-gel\"]}]},{\"@type\":\"ImageObject\",\"inLanguage\":\"nl-NL\",\"@id\":\"https:\\\/\\\/p4p-nl.bootmine.com\\\/%product-slug%\\\/vetoquinol-care-energy-gel#primaryimage\",\"url\":\"https:\\\/\\\/www.pharmacy4pets.nl\\\/wp-content\\\/uploads\\\/2017\\\/07\\\/21389.jpg\",\"contentUrl\":\"https:\\\/\\\/www.pharmacy4pets.nl\\\/wp-content\\\/uploads\\\/2017\\\/07\\\/21389.jpg\",\"width\":310,\"height\":310,\"caption\":\"V\u00c3\u00a9toquinol Care\"},{\"@type\":\"BreadcrumbList\",\"@id\":\"https:\\\/\\\/p4p-nl.bootmine.com\\\/%product-slug%\\\/vetoquinol-care-energy-gel#breadcrumb\",\"itemListElement\":[{\"@type\":\"ListItem\",\"position\":1,\"name\":\"Home\",\"item\":\"https:\\\/\\\/p4p-nl.bootmine.com\\\/\"},{\"@type\":\"ListItem\",\"position\":2,\"name\":\"Winkel\",\"item\":\"https:\\\/\\\/p4p-nl.bootmine.com\\\/winkel\"},{\"@type\":\"ListItem\",\"position\":3,\"name\":\"Vetoquinol Care | Energy gel | 120 gr\"}]},{\"@type\":\"WebSite\",\"@id\":\"http:\\\/\\\/www.pharmacy4pets.nl\\\/#website\",\"url\":\"http:\\\/\\\/www.pharmacy4pets.nl\\\/\",\"name\":\"Pharmacy4pets\",\"description\":\"Pharmacy4pets.nl is d\u00e9 online apotheek waar u terecht kunt voor alle diergeneesmiddelen, verzorgingsproducten en dieetvoeding voor uw huisdier.\",\"publisher\":{\"@id\":\"http:\\\/\\\/www.pharmacy4pets.nl\\\/#organization\"},\"potentialAction\":[{\"@type\":\"SearchAction\",\"target\":{\"@type\":\"EntryPoint\",\"urlTemplate\":\"http:\\\/\\\/www.pharmacy4pets.nl\\\/?s={search_term_string}\"},\"query-input\":{\"@type\":\"PropertyValueSpecification\",\"valueRequired\":true,\"valueName\":\"search_term_string\"}}],\"inLanguage\":\"nl-NL\"},{\"@type\":\"Organization\",\"@id\":\"http:\\\/\\\/www.pharmacy4pets.nl\\\/#organization\",\"name\":\"Pharmacy4pets\",\"url\":\"http:\\\/\\\/www.pharmacy4pets.nl\\\/\",\"logo\":{\"@type\":\"ImageObject\",\"inLanguage\":\"nl-NL\",\"@id\":\"http:\\\/\\\/www.pharmacy4pets.nl\\\/#\\\/schema\\\/logo\\\/image\\\/\",\"url\":\"https:\\\/\\\/p4p-nl.bootmine.com\\\/wp-content\\\/uploads\\\/2026\\\/03\\\/logo-pharmacy4pets.png\",\"contentUrl\":\"https:\\\/\\\/p4p-nl.bootmine.com\\\/wp-content\\\/uploads\\\/2026\\\/03\\\/logo-pharmacy4pets.png\",\"width\":1024,\"height\":135,\"caption\":\"Pharmacy4pets\"},\"image\":{\"@id\":\"http:\\\/\\\/www.pharmacy4pets.nl\\\/#\\\/schema\\\/logo\\\/image\\\/\"},\"sameAs\":[\"https:\\\/\\\/www.facebook.com\\\/people\\\/Pharmacy4petsnl\\\/100063484989896\\\/\",\"https:\\\/\\\/www.youtube.com\\\/channel\\\/UCGPTIgucgli03tP2_kvLkHg\\\/featured\",\"https:\\\/\\\/www.instagram.com\\\/pharmacy4pets.nl\"]}]}<\/script>\n<!-- \/ Yoast SEO plugin. -->","yoast_head_json":{"title":"Vetoquinol Care Energy Gel |Eiwitrijke voeding","description":"Vetoquinol Care Energy Gel is een smakelijke, energierijke gel, aangevuld met vitaminen en mineralen. Geeft uw huisdier meer energie.","robots":{"index":"index","follow":"follow","max-snippet":"max-snippet:-1","max-image-preview":"max-image-preview:large","max-video-preview":"max-video-preview:-1"},"canonical":"https:\/\/p4p-nl.bootmine.com\/%product-slug%\/vetoquinol-care-energy-gel","og_locale":"nl_NL","og_type":"article","og_title":"Vetoquinol Care Energy Gel |Eiwitrijke voeding","og_description":"Vetoquinol Care Energy Gel is een smakelijke, energierijke gel, aangevuld met vitaminen en mineralen. Geeft uw huisdier meer energie.","og_url":"https:\/\/p4p-nl.bootmine.com\/%product-slug%\/vetoquinol-care-energy-gel","og_site_name":"Pharmacy4pets","article_publisher":"https:\/\/www.facebook.com\/people\/Pharmacy4petsnl\/100063484989896\/","article_modified_time":"2026-04-14T08:02:43+00:00","og_image":[{"width":310,"height":310,"url":"https:\/\/p4p-nl.bootmine.com\/wp-content\/uploads\/2017\/07\/21389.jpg","type":"image\/jpeg"}],"twitter_card":"summary_large_image","twitter_misc":{"Geschatte leestijd":"1 minuut"},"schema":{"@context":"https:\/\/schema.org","@graph":[{"@type":"WebPage","@id":"https:\/\/p4p-nl.bootmine.com\/%product-slug%\/vetoquinol-care-energy-gel","url":"https:\/\/p4p-nl.bootmine.com\/%product-slug%\/vetoquinol-care-energy-gel","name":"Vetoquinol Care Energy Gel |Eiwitrijke voeding","isPartOf":{"@id":"http:\/\/www.pharmacy4pets.nl\/#website"},"primaryImageOfPage":{"@id":"https:\/\/p4p-nl.bootmine.com\/%product-slug%\/vetoquinol-care-energy-gel#primaryimage"},"image":{"@id":"https:\/\/p4p-nl.bootmine.com\/%product-slug%\/vetoquinol-care-energy-gel#primaryimage"},"thumbnailUrl":"https:\/\/www.pharmacy4pets.nl\/wp-content\/uploads\/2017\/07\/21389.jpg","datePublished":"2017-07-25T10:13:50+00:00","dateModified":"2026-04-14T08:02:43+00:00","description":"Vetoquinol Care Energy Gel is een smakelijke, energierijke gel, aangevuld met vitaminen en mineralen. Geeft uw huisdier meer energie.","breadcrumb":{"@id":"https:\/\/p4p-nl.bootmine.com\/%product-slug%\/vetoquinol-care-energy-gel#breadcrumb"},"inLanguage":"nl-NL","potentialAction":[{"@type":"ReadAction","target":["https:\/\/p4p-nl.bootmine.com\/%product-slug%\/vetoquinol-care-energy-gel"]}]},{"@type":"ImageObject","inLanguage":"nl-NL","@id":"https:\/\/p4p-nl.bootmine.com\/%product-slug%\/vetoquinol-care-energy-gel#primaryimage","url":"https:\/\/www.pharmacy4pets.nl\/wp-content\/uploads\/2017\/07\/21389.jpg","contentUrl":"https:\/\/www.pharmacy4pets.nl\/wp-content\/uploads\/2017\/07\/21389.jpg","width":310,"height":310,"caption":"V\u00c3\u00a9toquinol Care"},{"@type":"BreadcrumbList","@id":"https:\/\/p4p-nl.bootmine.com\/%product-slug%\/vetoquinol-care-energy-gel#breadcrumb","itemListElement":[{"@type":"ListItem","position":1,"name":"Home","item":"https:\/\/p4p-nl.bootmine.com\/"},{"@type":"ListItem","position":2,"name":"Winkel","item":"https:\/\/p4p-nl.bootmine.com\/winkel"},{"@type":"ListItem","position":3,"name":"Vetoquinol Care | Energy gel | 120 gr"}]},{"@type":"WebSite","@id":"http:\/\/www.pharmacy4pets.nl\/#website","url":"http:\/\/www.pharmacy4pets.nl\/","name":"Pharmacy4pets","description":"Pharmacy4pets.nl is d\u00e9 online apotheek waar u terecht kunt voor alle diergeneesmiddelen, verzorgingsproducten en dieetvoeding voor uw huisdier.","publisher":{"@id":"http:\/\/www.pharmacy4pets.nl\/#organization"},"potentialAction":[{"@type":"SearchAction","target":{"@type":"EntryPoint","urlTemplate":"http:\/\/www.pharmacy4pets.nl\/?s={search_term_string}"},"query-input":{"@type":"PropertyValueSpecification","valueRequired":true,"valueName":"search_term_string"}}],"inLanguage":"nl-NL"},{"@type":"Organization","@id":"http:\/\/www.pharmacy4pets.nl\/#organization","name":"Pharmacy4pets","url":"http:\/\/www.pharmacy4pets.nl\/","logo":{"@type":"ImageObject","inLanguage":"nl-NL","@id":"http:\/\/www.pharmacy4pets.nl\/#\/schema\/logo\/image\/","url":"https:\/\/p4p-nl.bootmine.com\/wp-content\/uploads\/2026\/03\/logo-pharmacy4pets.png","contentUrl":"https:\/\/p4p-nl.bootmine.com\/wp-content\/uploads\/2026\/03\/logo-pharmacy4pets.png","width":1024,"height":135,"caption":"Pharmacy4pets"},"image":{"@id":"http:\/\/www.pharmacy4pets.nl\/#\/schema\/logo\/image\/"},"sameAs":["https:\/\/www.facebook.com\/people\/Pharmacy4petsnl\/100063484989896\/","https:\/\/www.youtube.com\/channel\/UCGPTIgucgli03tP2_kvLkHg\/featured","https:\/\/www.instagram.com\/pharmacy4pets.nl"]}]}},"market_data":{"nl":{"price":0,"sale_price":0,"active":false,"url":null,"parent_url":"","tax_rate":0,"price_inc_tax":0,"sale_price_inc_tax":0},"de":{"price":0,"sale_price":0,"active":false,"url":null,"parent_url":"","tax_rate":0,"price_inc_tax":0,"sale_price_inc_tax":0},"be":{"price":0,"sale_price":0,"active":false,"url":null,"parent_url":"","tax_rate":0,"price_inc_tax":0,"sale_price_inc_tax":0},"fr":{"price":0,"sale_price":0,"active":false,"url":null,"parent_url":"","tax_rate":0,"price_inc_tax":0,"sale_price_inc_tax":0},"ch":{"price":0,"sale_price":0,"active":false,"url":null,"parent_url":"","tax_rate":0,"price_inc_tax":0,"sale_price_inc_tax":0},"at":{"price":0,"sale_price":0,"active":false,"url":null,"parent_url":"","tax_rate":0,"price_inc_tax":0,"sale_price_inc_tax":0},"es":{"price":0,"sale_price":0,"active":false,"url":null,"parent_url":"","tax_rate":0,"price_inc_tax":0,"sale_price_inc_tax":0},"dk":{"price":0,"sale_price":0,"active":false,"url":null,"parent_url":"","tax_rate":0,"price_inc_tax":0,"sale_price_inc_tax":0},"com":{"price":0,"sale_price":0,"active":false,"url":null,"parent_url":"","tax_rate":0,"price_inc_tax":0,"sale_price_inc_tax":0}},"market_nl_price":0,"market_nl_sale_price":0,"market_nl_active":false,"market_nl_url":null,"market_nl_parent_url":"","market_nl_tax_rate":0,"market_nl_price_inc_tax":0,"market_nl_sale_price_inc_tax":0,"market_de_price":0,"market_de_sale_price":0,"market_de_active":false,"market_de_url":null,"market_de_parent_url":"","market_de_tax_rate":0,"market_de_price_inc_tax":0,"market_de_sale_price_inc_tax":0,"market_be_price":0,"market_be_sale_price":0,"market_be_active":false,"market_be_url":null,"market_be_parent_url":"","market_be_tax_rate":0,"market_be_price_inc_tax":0,"market_be_sale_price_inc_tax":0,"market_fr_price":0,"market_fr_sale_price":0,"market_fr_active":false,"market_fr_url":null,"market_fr_parent_url":"","market_fr_tax_rate":0,"market_fr_price_inc_tax":0,"market_fr_sale_price_inc_tax":0,"market_ch_price":0,"market_ch_sale_price":0,"market_ch_active":false,"market_ch_url":null,"market_ch_parent_url":"","market_ch_tax_rate":0,"market_ch_price_inc_tax":0,"market_ch_sale_price_inc_tax":0,"market_at_price":0,"market_at_sale_price":0,"market_at_active":false,"market_at_url":null,"market_at_parent_url":"","market_at_tax_rate":0,"market_at_price_inc_tax":0,"market_at_sale_price_inc_tax":0,"market_es_price":0,"market_es_sale_price":0,"market_es_active":false,"market_es_url":null,"market_es_parent_url":"","market_es_tax_rate":0,"market_es_price_inc_tax":0,"market_es_sale_price_inc_tax":0,"market_dk_price":0,"market_dk_sale_price":0,"market_dk_active":false,"market_dk_url":null,"market_dk_parent_url":"","market_dk_tax_rate":0,"market_dk_price_inc_tax":0,"market_dk_sale_price_inc_tax":0,"market_com_price":0,"market_com_sale_price":0,"market_com_active":false,"market_com_url":null,"market_com_parent_url":"","market_com_tax_rate":0,"market_com_price_inc_tax":0,"market_com_sale_price_inc_tax":0,"acf":[],"_links":{"self":[{"href":"https:\/\/www.pharmacy4pets.nl\/be\/wp-json\/wp\/v2\/product\/118498","targetHints":{"allow":["GET"]}}],"collection":[{"href":"https:\/\/www.pharmacy4pets.nl\/be\/wp-json\/wp\/v2\/product"}],"about":[{"href":"https:\/\/www.pharmacy4pets.nl\/be\/wp-json\/wp\/v2\/types\/product"}],"replies":[{"embeddable":true,"href":"https:\/\/www.pharmacy4pets.nl\/be\/wp-json\/wp\/v2\/comments?post=118498"}],"wp:featuredmedia":[{"embeddable":true,"href":"https:\/\/www.pharmacy4pets.nl\/be\/wp-json\/wp\/v2\/media\/118493"}],"wp:attachment":[{"href":"https:\/\/www.pharmacy4pets.nl\/be\/wp-json\/wp\/v2\/media?parent=118498"}],"wp:term":[{"taxonomy":"product_brand","embeddable":true,"href":"https:\/\/www.pharmacy4pets.nl\/be\/wp-json\/wp\/v2\/product_brand?post=118498"},{"taxonomy":"product_cat","embeddable":true,"href":"https:\/\/www.pharmacy4pets.nl\/be\/wp-json\/wp\/v2\/product_cat?post=118498"},{"taxonomy":"product_tag","embeddable":true,"href":"https:\/\/www.pharmacy4pets.nl\/be\/wp-json\/wp\/v2\/product_tag?post=118498"}],"curies":[{"name":"wp","href":"https:\/\/api.w.org\/{rel}","templated":true}]}}