{"id":118490,"date":"2017-07-25T10:01:28","date_gmt":"2017-07-25T10:01:28","guid":{"rendered":"https:\/\/p4p.test\/vetoquinol-care-ear-care"},"modified":"2026-04-14T08:02:42","modified_gmt":"2026-04-14T08:02:42","slug":"vetoquinol-care-ear-care","status":"publish","type":"product","link":"https:\/\/www.pharmacy4pets.nl\/be\/vetoquinol-care-ear-care","title":{"rendered":"Vetoquinol Care | Ear Care | 60 ml"},"content":{"rendered":"<p>Vetoquinol Care Ear Care is uiterst geschikt voor de reiniging van de uitwendige gehoorgang. Het lost het oorsmeer en vuil op een krachtige en effectieve manier op. Door zijn specifieke samenstelling met onder andere Calendula, ondersteunt Ear Care de normalisering van de huid en het oor, zonder dat deze uitdroogt. Zo wordt de huid van de gehoorgang weer soepel en gezond.<\/p>\n<p><span style=\"text-decoration: underline;\">Toediening:<\/span><\/p>\n<ol>\n<li>Gehoorgang met Ear Care vullen<\/li>\n<li>Flexibele deel van de gehoorgang licht masseren van onder naar boven, hierdoor wordt opgelost vuil naar buiten gespoeld (de intensiteit van de massage hangt samen met de pijnlijkheid voor het dier)<\/li>\n<li>De rest van de vloeistof met watten uit de oorschelp verwijderen<\/li>\n<li>Laat de kop los, het dier zal zelf de kop schudden waardoor de resteren vloeistof en opgelost vuil uit de gehoorgang gaan<\/li>\n<\/ol>\n<p>Indien nodig: 2x reinigen<\/p>\n<p>Vermijd het gebruik van wattenstaafjes bij de reiniging van de uitwendige oor gang.<\/p>\n<p><span style=\"text-decoration: underline;\">Dosering:<br \/><\/span>&#8211;<\/p>\n<p><span style=\"text-decoration: underline;\">Verpakking:<br \/><\/span>Flacon &agrave; 60ml<\/p>\n","protected":false},"excerpt":{"rendered":"<p>Vetoquinol Care Ear Care is uiterst geschikt voor de reiniging van de uitwendige gehoorgang. Het lost het oorsmeer en vuil op een krachtige en effectieve manier op. Door zijn specifieke samenstelling met onder andere Calendula, ondersteunt Ear Care de normalisering van de huid en het oor, zonder dat deze uitdroogt. Zo wordt de huid van [&hellip;]<\/p>\n","protected":false},"featured_media":118487,"comment_status":"open","ping_status":"closed","template":"","meta":{"_acf_changed":false,"_nl_post_content":"<p>Vetoquinol Care Ear Care is uiterst geschikt voor de reiniging van de uitwendige gehoorgang. Het lost het oorsmeer en vuil op een krachtige en effectieve manier op. Door zijn specifieke samenstelling met onder andere Calendula, ondersteunt Ear Care de normalisering van de huid en het oor, zonder dat deze uitdroogt. Zo wordt de huid van de gehoorgang weer soepel en gezond.<\/p>\r\n<p><span style=\"text-decoration: underline;\">Toediening:<\/span><\/p>\r\n<ol>\r\n<li>Gehoorgang met Ear Care vullen<\/li>\r\n<li>Flexibele deel van de gehoorgang licht masseren van onder naar boven, hierdoor wordt opgelost vuil naar buiten gespoeld (de intensiteit van de massage hangt samen met de pijnlijkheid voor het dier)<\/li>\r\n<li>De rest van de vloeistof met watten uit de oorschelp verwijderen<\/li>\r\n<li>Laat de kop los, het dier zal zelf de kop schudden waardoor de resteren vloeistof en opgelost vuil uit de gehoorgang gaan<\/li>\r\n<\/ol>\r\n<p>Indien nodig: 2x reinigen<\/p>\r\n<p>Vermijd het gebruik van wattenstaafjes bij de reiniging van de uitwendige oor gang.<\/p>\r\n<p><span style=\"text-decoration: underline;\">Dosering:<br \/><\/span>-<\/p>\r\n<p><span style=\"text-decoration: underline;\">Verpakking:<br \/><\/span>Flacon &agrave; 60ml<\/p>","_nl_post_name":"vetoquinol-care-ear-care","_nl_post_excerpt":"","_nl_post_title":"Vetoquinol Care | Ear Care | 60 ml","_en_post_content":"<p>Vetoquinol Care Ear Care is ideal for the cleaning of the external ear canal of the dog and cat. It dissolves ear wax and dirt in a powerful and effective way. Due to its specific composition, including Calendula, Ear Care supports the normalization of the skin and ear without making the skin dry. This makes the skin of the ear canal smooth and healthy again.<\/p>\r\n<p><span style=\"text-decoration: underline;\">Administration:<\/span><\/p>\r\n<ol>\r\n<li>Fill ear canal with Ear Care<\/li>\r\n<li>Lightly massage the flexible part of the ear canal from the bottom to the top, thus rinsing out the dirt and wax (the intensity of the massage correlates with the pain your pet will experience)<\/li>\r\n<li>Remove the rest of the fluid with cotton pads<\/li>\r\n<li>Release the head, the animal will shake the head itself, leaving the remaining fluid and dissolves dirt out of the ear canal<\/li>\r\n<\/ol>\r\n<p>If necessary: clean 2x<br \/>Avoid using cotton swabs when cleaning the external ear canal.<\/p>\r\n<p><span style=\"text-decoration: underline;\">Dosage:<br \/><\/span>-<\/p>\r\n<p><span style=\"text-decoration: underline;\">Package:<br \/><\/span>Bottle 60ml&nbsp;<\/p>","_en_post_name":"vetoquinol-care-ear-care","_en_post_excerpt":"","_en_post_title":"Vetoquinol Care | Ear Care | 60 ml","_de_post_content":"<p>Vetoquinol Care Ear Care ist ideal f&uuml;r die Reinigung des &auml;u&szlig;eren Geh&ouml;rgangs. Es l&ouml;st sich Wachs und Schmutz auf einem leistungsf&auml;higen und effektiven Weg. Durch seiner speziellen Zusammensetzung mit unter anderem Calendula unterst&uuml;tzt Ear Care der Normalisierung der Haut und das Ohr ohne Austrocknung. Das macht die Haut des Geh&ouml;rgangs wieder glatt und gesund.<\/p>\r\n<p><span style=\"text-decoration: underline;\">Anwendung:<\/span><\/p>\r\n<ol>\r\n<li>Geh&ouml;rgang mit Ear Care f&uuml;llen<\/li>\r\n<li>Flexible Teil des Ohrkanals leicht von unten nach oben zu massieren, dies l&ouml;st gesp&uuml;lt Schmutz nach Au&szlig;en (Saft einmassieren)<\/li>\r\n<li>Um den Rest der Fl&uuml;ssigkeit mit Watte aus der Ohrmuschel zu entfernen<\/li>\r\n<li>Den Kopf loslassen, das Tier r&uuml;ttelt den Kopf selbst, so dass die verbleibende Fl&uuml;ssigkeit und gel&ouml;ster Schmutz aus dem Geh&ouml;rgang bekommen<\/li>\r\n<\/ol>\r\n<p>Falls erforderlich: Reinigung 2x<br \/>Vermeiden Sie die Verwendung von Wattst&auml;bchen den &auml;u&szlig;eren Geh&ouml;rgang zu reinigen.<\/p>\r\n<p><span style=\"text-decoration: underline;\">Dosierung:<br \/><\/span>-<\/p>\r\n<p><span style=\"text-decoration: underline;\">Verpackung:<br \/><\/span>Flasche 60ml<\/p>","_de_post_name":"vetoquinol-care-ear-care","_de_post_excerpt":"","_de_post_title":"Vetoquinol Care | Ear Care | 60 ml","_fr_post_content":"<h1>Vetoquinol Care Ear Care<\/h1>\n<p>Vetoquinol Care Ear Care convient parfaitement au nettoyage du conduit auditif externe. Il dissout le c\u00e9rumen et la salet\u00e9 de mani\u00e8re puissante et efficace. Gr\u00e2ce \u00e0 sa composition sp\u00e9cifique comprenant du Calendula, Ear Care favorise la normalisation de la peau et de l'oreille sans la dess\u00e9cher. La peau du conduit auditif redevient ainsi souple et saine.<\/p>\n<p><u>Administration :<\/u><br \/>Remplir le conduit auditif avec Ear Care<br \/>Massez l\u00e9g\u00e8rement la partie flexible du conduit auditif, de bas en haut, afin d'\u00e9liminer les salet\u00e9s dissoutes (l'intensit\u00e9 du massage d\u00e9pend de la douleur ressentie par l'animal).<br \/>Retirez le liquide restant dans le pavillon de l'oreille \u00e0 l'aide d'un coton.<br \/>L\u00e2chez la t\u00eate, l'animal secouera lui-m\u00eame la t\u00eate et le liquide restant et les salet\u00e9s dissoutes quitteront le conduit auditif.<br \/>Si n\u00e9cessaire : nettoyer deux fois<\/p>\n<p>\u00c9vitez d'utiliser des cotons-tiges pour nettoyer le conduit auditif externe.<\/p>\n<p><u>Conditionnement :<\/u><br \/>Flacon de 60ml<\/p>","_fr_post_name":"vetoquinol-care-ear-care","_fr_post_excerpt":"","_fr_post_title":"Vetoquinol Care | Ear Care | 60 ml","_es_post_content":"<div class=\"FFpbKc\">\r\n<p>Vetoquinol Care Ear Care es muy adecuado para la limpieza del conducto auditivo externo en perros y gatos. Disuelve la cera y la suciedad de forma potente y eficaz. Debido a su composici\u00f3n espec\u00edfica que incluye Calendula, Ear Care apoya la normalizaci\u00f3n de la piel y la oreja, sin resecarla. Esto hace que la piel del canal auditivo vuelva a ser flexible y saludable.<\/p>\r\n<p><span style=\"text-decoration: underline;\">Administraci\u00f3n:<\/span><\/p>\r\n<p>Rellene el canal auditivo con Ear Care<br \/>Masajee suavemente la parte flexible del canal auditivo de abajo hacia arriba, esto eliminar\u00e1 la suciedad disuelta (la intensidad del masaje depende de qu\u00e9 tan doloroso sea para el animal)<br \/>Retire el resto del l\u00edquido de la aur\u00edcula con algod\u00f3n<br \/>Suelta la cabeza, el propio animal sacudir\u00e1 la cabeza, provocando que el l\u00edquido restante y la suciedad disuelta salgan del canal auditivo<\/p>\r\n<p>Si es necesario: limpiar 2x<\/p>\r\n<p>Evite usar hisopos de algod\u00f3n cuando limpie el canal auditivo externo.<\/p>\r\n<p><span style=\"text-decoration: underline;\">Embalaje:<\/span><br \/>Botella de 60 ml.<\/p>\r\n<\/div>","_es_post_name":"vetoquinol-care-ear-care","_es_post_excerpt":"","_es_post_title":"Vetoquinol Care | Ear Care | 60 ml","edit_language":"nl"},"product_brand":[],"product_cat":[1117,1118,1871,1839,1857,2000,1983,1851,1882,1963],"product_tag":[],"class_list":{"0":"post-118490","1":"product","2":"type-product","3":"status-publish","4":"has-post-thumbnail","6":"product_cat-honden","7":"product_cat-katten","8":"product_cat-medicijnen-supplementen","10":"product_cat-merken","11":"product_cat-oorontsteking","13":"product_cat-oren","15":"product_cat-vetoquinol-care","16":"pa_aandoening-ogen_oren","17":"pa_doeldier-hond","18":"pa_doeldier-kat","19":"pa_fabricatieland-frankrijk","20":"pa_merkfilter-vetoquinolcare","21":"pa_merkgroep-vetoquinol","22":"pa_productsoort-voedingssupplement","23":"pa_seo_canonical_store_id-not_found_value","24":"pa_seo_category-not_found_value","25":"pa_seo_meta_robots-not_found_value","26":"pa_toedieningswijze-oorreiniger","27":"pa_unit_pricing_base_measure-10ml","28":"pa_unit_pricing_measure-60ml","29":"pa_werkzamestof-overig","31":"first","32":"instock","33":"taxable","34":"shipping-taxable","35":"purchasable","36":"product-type-simple"},"yoast_head":"<!-- This site is optimized with the Yoast SEO plugin v27.5 - https:\/\/yoast.com\/product\/yoast-seo-wordpress\/ -->\n<title>Vetoquinol Care Ear Care | Oorreiniging Hond &amp; Kat<\/title>\n<meta name=\"description\" content=\"Vetoquinol Care Ear Car is uiterst geschikt voor de reiniging van de uitwendige gehoorgang bij uw hond en kat. Zeer effectief.\" \/>\n<meta name=\"robots\" content=\"index, follow, max-snippet:-1, max-image-preview:large, max-video-preview:-1\" \/>\n<link rel=\"canonical\" href=\"https:\/\/p4p-nl.bootmine.com\/%product-slug%\/vetoquinol-care-ear-care\" \/>\n<meta property=\"og:locale\" content=\"nl_NL\" \/>\n<meta property=\"og:type\" content=\"article\" \/>\n<meta property=\"og:title\" content=\"Vetoquinol Care Ear Care | Oorreiniging Hond &amp; Kat\" \/>\n<meta property=\"og:description\" content=\"Vetoquinol Care Ear Car is uiterst geschikt voor de reiniging van de uitwendige gehoorgang bij uw hond en kat. Zeer effectief.\" \/>\n<meta property=\"og:url\" content=\"https:\/\/p4p-nl.bootmine.com\/%product-slug%\/vetoquinol-care-ear-care\" \/>\n<meta property=\"og:site_name\" content=\"Pharmacy4pets\" \/>\n<meta property=\"article:publisher\" content=\"https:\/\/www.facebook.com\/people\/Pharmacy4petsnl\/100063484989896\/\" \/>\n<meta property=\"article:modified_time\" content=\"2026-04-14T08:02:42+00:00\" \/>\n<meta property=\"og:image\" content=\"https:\/\/p4p-nl.bootmine.com\/wp-content\/uploads\/2017\/07\/22083.png\" \/>\n\t<meta property=\"og:image:width\" content=\"300\" \/>\n\t<meta property=\"og:image:height\" content=\"300\" \/>\n\t<meta property=\"og:image:type\" content=\"image\/png\" \/>\n<meta name=\"twitter:card\" content=\"summary_large_image\" \/>\n<meta name=\"twitter:label1\" content=\"Geschatte leestijd\" \/>\n\t<meta name=\"twitter:data1\" content=\"1 minuut\" \/>\n<script type=\"application\/ld+json\" class=\"yoast-schema-graph\">{\"@context\":\"https:\\\/\\\/schema.org\",\"@graph\":[{\"@type\":\"WebPage\",\"@id\":\"https:\\\/\\\/p4p-nl.bootmine.com\\\/%product-slug%\\\/vetoquinol-care-ear-care\",\"url\":\"https:\\\/\\\/p4p-nl.bootmine.com\\\/%product-slug%\\\/vetoquinol-care-ear-care\",\"name\":\"Vetoquinol Care Ear Care | Oorreiniging Hond & Kat\",\"isPartOf\":{\"@id\":\"http:\\\/\\\/www.pharmacy4pets.nl\\\/#website\"},\"primaryImageOfPage\":{\"@id\":\"https:\\\/\\\/p4p-nl.bootmine.com\\\/%product-slug%\\\/vetoquinol-care-ear-care#primaryimage\"},\"image\":{\"@id\":\"https:\\\/\\\/p4p-nl.bootmine.com\\\/%product-slug%\\\/vetoquinol-care-ear-care#primaryimage\"},\"thumbnailUrl\":\"https:\\\/\\\/www.pharmacy4pets.nl\\\/wp-content\\\/uploads\\\/2017\\\/07\\\/22083.png\",\"datePublished\":\"2017-07-25T10:01:28+00:00\",\"dateModified\":\"2026-04-14T08:02:42+00:00\",\"description\":\"Vetoquinol Care Ear Car is uiterst geschikt voor de reiniging van de uitwendige gehoorgang bij uw hond en kat. Zeer effectief.\",\"breadcrumb\":{\"@id\":\"https:\\\/\\\/p4p-nl.bootmine.com\\\/%product-slug%\\\/vetoquinol-care-ear-care#breadcrumb\"},\"inLanguage\":\"nl-NL\",\"potentialAction\":[{\"@type\":\"ReadAction\",\"target\":[\"https:\\\/\\\/p4p-nl.bootmine.com\\\/%product-slug%\\\/vetoquinol-care-ear-care\"]}]},{\"@type\":\"ImageObject\",\"inLanguage\":\"nl-NL\",\"@id\":\"https:\\\/\\\/p4p-nl.bootmine.com\\\/%product-slug%\\\/vetoquinol-care-ear-care#primaryimage\",\"url\":\"https:\\\/\\\/www.pharmacy4pets.nl\\\/wp-content\\\/uploads\\\/2017\\\/07\\\/22083.png\",\"contentUrl\":\"https:\\\/\\\/www.pharmacy4pets.nl\\\/wp-content\\\/uploads\\\/2017\\\/07\\\/22083.png\",\"width\":300,\"height\":300,\"caption\":\"V\u00c3\u00a9toquinol Care\"},{\"@type\":\"BreadcrumbList\",\"@id\":\"https:\\\/\\\/p4p-nl.bootmine.com\\\/%product-slug%\\\/vetoquinol-care-ear-care#breadcrumb\",\"itemListElement\":[{\"@type\":\"ListItem\",\"position\":1,\"name\":\"Home\",\"item\":\"https:\\\/\\\/p4p-nl.bootmine.com\\\/\"},{\"@type\":\"ListItem\",\"position\":2,\"name\":\"Winkel\",\"item\":\"https:\\\/\\\/p4p-nl.bootmine.com\\\/winkel\"},{\"@type\":\"ListItem\",\"position\":3,\"name\":\"Vetoquinol Care | Ear Care | 60 ml\"}]},{\"@type\":\"WebSite\",\"@id\":\"http:\\\/\\\/www.pharmacy4pets.nl\\\/#website\",\"url\":\"http:\\\/\\\/www.pharmacy4pets.nl\\\/\",\"name\":\"Pharmacy4pets\",\"description\":\"Pharmacy4pets.nl is d\u00e9 online apotheek waar u terecht kunt voor alle diergeneesmiddelen, verzorgingsproducten en dieetvoeding voor uw huisdier.\",\"publisher\":{\"@id\":\"http:\\\/\\\/www.pharmacy4pets.nl\\\/#organization\"},\"potentialAction\":[{\"@type\":\"SearchAction\",\"target\":{\"@type\":\"EntryPoint\",\"urlTemplate\":\"http:\\\/\\\/www.pharmacy4pets.nl\\\/?s={search_term_string}\"},\"query-input\":{\"@type\":\"PropertyValueSpecification\",\"valueRequired\":true,\"valueName\":\"search_term_string\"}}],\"inLanguage\":\"nl-NL\"},{\"@type\":\"Organization\",\"@id\":\"http:\\\/\\\/www.pharmacy4pets.nl\\\/#organization\",\"name\":\"Pharmacy4pets\",\"url\":\"http:\\\/\\\/www.pharmacy4pets.nl\\\/\",\"logo\":{\"@type\":\"ImageObject\",\"inLanguage\":\"nl-NL\",\"@id\":\"http:\\\/\\\/www.pharmacy4pets.nl\\\/#\\\/schema\\\/logo\\\/image\\\/\",\"url\":\"https:\\\/\\\/p4p-nl.bootmine.com\\\/wp-content\\\/uploads\\\/2026\\\/03\\\/logo-pharmacy4pets.png\",\"contentUrl\":\"https:\\\/\\\/p4p-nl.bootmine.com\\\/wp-content\\\/uploads\\\/2026\\\/03\\\/logo-pharmacy4pets.png\",\"width\":1024,\"height\":135,\"caption\":\"Pharmacy4pets\"},\"image\":{\"@id\":\"http:\\\/\\\/www.pharmacy4pets.nl\\\/#\\\/schema\\\/logo\\\/image\\\/\"},\"sameAs\":[\"https:\\\/\\\/www.facebook.com\\\/people\\\/Pharmacy4petsnl\\\/100063484989896\\\/\",\"https:\\\/\\\/www.youtube.com\\\/channel\\\/UCGPTIgucgli03tP2_kvLkHg\\\/featured\",\"https:\\\/\\\/www.instagram.com\\\/pharmacy4pets.nl\"]}]}<\/script>\n<!-- \/ Yoast SEO plugin. -->","yoast_head_json":{"title":"Vetoquinol Care Ear Care | Oorreiniging Hond & Kat","description":"Vetoquinol Care Ear Car is uiterst geschikt voor de reiniging van de uitwendige gehoorgang bij uw hond en kat. Zeer effectief.","robots":{"index":"index","follow":"follow","max-snippet":"max-snippet:-1","max-image-preview":"max-image-preview:large","max-video-preview":"max-video-preview:-1"},"canonical":"https:\/\/p4p-nl.bootmine.com\/%product-slug%\/vetoquinol-care-ear-care","og_locale":"nl_NL","og_type":"article","og_title":"Vetoquinol Care Ear Care | Oorreiniging Hond & Kat","og_description":"Vetoquinol Care Ear Car is uiterst geschikt voor de reiniging van de uitwendige gehoorgang bij uw hond en kat. Zeer effectief.","og_url":"https:\/\/p4p-nl.bootmine.com\/%product-slug%\/vetoquinol-care-ear-care","og_site_name":"Pharmacy4pets","article_publisher":"https:\/\/www.facebook.com\/people\/Pharmacy4petsnl\/100063484989896\/","article_modified_time":"2026-04-14T08:02:42+00:00","og_image":[{"width":300,"height":300,"url":"https:\/\/p4p-nl.bootmine.com\/wp-content\/uploads\/2017\/07\/22083.png","type":"image\/png"}],"twitter_card":"summary_large_image","twitter_misc":{"Geschatte leestijd":"1 minuut"},"schema":{"@context":"https:\/\/schema.org","@graph":[{"@type":"WebPage","@id":"https:\/\/p4p-nl.bootmine.com\/%product-slug%\/vetoquinol-care-ear-care","url":"https:\/\/p4p-nl.bootmine.com\/%product-slug%\/vetoquinol-care-ear-care","name":"Vetoquinol Care Ear Care | Oorreiniging Hond & Kat","isPartOf":{"@id":"http:\/\/www.pharmacy4pets.nl\/#website"},"primaryImageOfPage":{"@id":"https:\/\/p4p-nl.bootmine.com\/%product-slug%\/vetoquinol-care-ear-care#primaryimage"},"image":{"@id":"https:\/\/p4p-nl.bootmine.com\/%product-slug%\/vetoquinol-care-ear-care#primaryimage"},"thumbnailUrl":"https:\/\/www.pharmacy4pets.nl\/wp-content\/uploads\/2017\/07\/22083.png","datePublished":"2017-07-25T10:01:28+00:00","dateModified":"2026-04-14T08:02:42+00:00","description":"Vetoquinol Care Ear Car is uiterst geschikt voor de reiniging van de uitwendige gehoorgang bij uw hond en kat. Zeer effectief.","breadcrumb":{"@id":"https:\/\/p4p-nl.bootmine.com\/%product-slug%\/vetoquinol-care-ear-care#breadcrumb"},"inLanguage":"nl-NL","potentialAction":[{"@type":"ReadAction","target":["https:\/\/p4p-nl.bootmine.com\/%product-slug%\/vetoquinol-care-ear-care"]}]},{"@type":"ImageObject","inLanguage":"nl-NL","@id":"https:\/\/p4p-nl.bootmine.com\/%product-slug%\/vetoquinol-care-ear-care#primaryimage","url":"https:\/\/www.pharmacy4pets.nl\/wp-content\/uploads\/2017\/07\/22083.png","contentUrl":"https:\/\/www.pharmacy4pets.nl\/wp-content\/uploads\/2017\/07\/22083.png","width":300,"height":300,"caption":"V\u00c3\u00a9toquinol Care"},{"@type":"BreadcrumbList","@id":"https:\/\/p4p-nl.bootmine.com\/%product-slug%\/vetoquinol-care-ear-care#breadcrumb","itemListElement":[{"@type":"ListItem","position":1,"name":"Home","item":"https:\/\/p4p-nl.bootmine.com\/"},{"@type":"ListItem","position":2,"name":"Winkel","item":"https:\/\/p4p-nl.bootmine.com\/winkel"},{"@type":"ListItem","position":3,"name":"Vetoquinol Care | Ear Care | 60 ml"}]},{"@type":"WebSite","@id":"http:\/\/www.pharmacy4pets.nl\/#website","url":"http:\/\/www.pharmacy4pets.nl\/","name":"Pharmacy4pets","description":"Pharmacy4pets.nl is d\u00e9 online apotheek waar u terecht kunt voor alle diergeneesmiddelen, verzorgingsproducten en dieetvoeding voor uw huisdier.","publisher":{"@id":"http:\/\/www.pharmacy4pets.nl\/#organization"},"potentialAction":[{"@type":"SearchAction","target":{"@type":"EntryPoint","urlTemplate":"http:\/\/www.pharmacy4pets.nl\/?s={search_term_string}"},"query-input":{"@type":"PropertyValueSpecification","valueRequired":true,"valueName":"search_term_string"}}],"inLanguage":"nl-NL"},{"@type":"Organization","@id":"http:\/\/www.pharmacy4pets.nl\/#organization","name":"Pharmacy4pets","url":"http:\/\/www.pharmacy4pets.nl\/","logo":{"@type":"ImageObject","inLanguage":"nl-NL","@id":"http:\/\/www.pharmacy4pets.nl\/#\/schema\/logo\/image\/","url":"https:\/\/p4p-nl.bootmine.com\/wp-content\/uploads\/2026\/03\/logo-pharmacy4pets.png","contentUrl":"https:\/\/p4p-nl.bootmine.com\/wp-content\/uploads\/2026\/03\/logo-pharmacy4pets.png","width":1024,"height":135,"caption":"Pharmacy4pets"},"image":{"@id":"http:\/\/www.pharmacy4pets.nl\/#\/schema\/logo\/image\/"},"sameAs":["https:\/\/www.facebook.com\/people\/Pharmacy4petsnl\/100063484989896\/","https:\/\/www.youtube.com\/channel\/UCGPTIgucgli03tP2_kvLkHg\/featured","https:\/\/www.instagram.com\/pharmacy4pets.nl"]}]}},"market_data":{"nl":{"price":0,"sale_price":0,"active":false,"url":null,"parent_url":"","tax_rate":0,"price_inc_tax":0,"sale_price_inc_tax":0},"de":{"price":0,"sale_price":0,"active":false,"url":null,"parent_url":"","tax_rate":0,"price_inc_tax":0,"sale_price_inc_tax":0},"be":{"price":0,"sale_price":0,"active":false,"url":null,"parent_url":"","tax_rate":0,"price_inc_tax":0,"sale_price_inc_tax":0},"fr":{"price":0,"sale_price":0,"active":false,"url":null,"parent_url":"","tax_rate":0,"price_inc_tax":0,"sale_price_inc_tax":0},"ch":{"price":0,"sale_price":0,"active":false,"url":null,"parent_url":"","tax_rate":0,"price_inc_tax":0,"sale_price_inc_tax":0},"at":{"price":0,"sale_price":0,"active":false,"url":null,"parent_url":"","tax_rate":0,"price_inc_tax":0,"sale_price_inc_tax":0},"es":{"price":0,"sale_price":0,"active":false,"url":null,"parent_url":"","tax_rate":0,"price_inc_tax":0,"sale_price_inc_tax":0},"dk":{"price":0,"sale_price":0,"active":false,"url":null,"parent_url":"","tax_rate":0,"price_inc_tax":0,"sale_price_inc_tax":0},"com":{"price":0,"sale_price":0,"active":false,"url":null,"parent_url":"","tax_rate":0,"price_inc_tax":0,"sale_price_inc_tax":0}},"market_nl_price":0,"market_nl_sale_price":0,"market_nl_active":false,"market_nl_url":null,"market_nl_parent_url":"","market_nl_tax_rate":0,"market_nl_price_inc_tax":0,"market_nl_sale_price_inc_tax":0,"market_de_price":0,"market_de_sale_price":0,"market_de_active":false,"market_de_url":null,"market_de_parent_url":"","market_de_tax_rate":0,"market_de_price_inc_tax":0,"market_de_sale_price_inc_tax":0,"market_be_price":0,"market_be_sale_price":0,"market_be_active":false,"market_be_url":null,"market_be_parent_url":"","market_be_tax_rate":0,"market_be_price_inc_tax":0,"market_be_sale_price_inc_tax":0,"market_fr_price":0,"market_fr_sale_price":0,"market_fr_active":false,"market_fr_url":null,"market_fr_parent_url":"","market_fr_tax_rate":0,"market_fr_price_inc_tax":0,"market_fr_sale_price_inc_tax":0,"market_ch_price":0,"market_ch_sale_price":0,"market_ch_active":false,"market_ch_url":null,"market_ch_parent_url":"","market_ch_tax_rate":0,"market_ch_price_inc_tax":0,"market_ch_sale_price_inc_tax":0,"market_at_price":0,"market_at_sale_price":0,"market_at_active":false,"market_at_url":null,"market_at_parent_url":"","market_at_tax_rate":0,"market_at_price_inc_tax":0,"market_at_sale_price_inc_tax":0,"market_es_price":0,"market_es_sale_price":0,"market_es_active":false,"market_es_url":null,"market_es_parent_url":"","market_es_tax_rate":0,"market_es_price_inc_tax":0,"market_es_sale_price_inc_tax":0,"market_dk_price":0,"market_dk_sale_price":0,"market_dk_active":false,"market_dk_url":null,"market_dk_parent_url":"","market_dk_tax_rate":0,"market_dk_price_inc_tax":0,"market_dk_sale_price_inc_tax":0,"market_com_price":0,"market_com_sale_price":0,"market_com_active":false,"market_com_url":null,"market_com_parent_url":"","market_com_tax_rate":0,"market_com_price_inc_tax":0,"market_com_sale_price_inc_tax":0,"acf":[],"_links":{"self":[{"href":"https:\/\/www.pharmacy4pets.nl\/be\/wp-json\/wp\/v2\/product\/118490","targetHints":{"allow":["GET"]}}],"collection":[{"href":"https:\/\/www.pharmacy4pets.nl\/be\/wp-json\/wp\/v2\/product"}],"about":[{"href":"https:\/\/www.pharmacy4pets.nl\/be\/wp-json\/wp\/v2\/types\/product"}],"replies":[{"embeddable":true,"href":"https:\/\/www.pharmacy4pets.nl\/be\/wp-json\/wp\/v2\/comments?post=118490"}],"wp:featuredmedia":[{"embeddable":true,"href":"https:\/\/www.pharmacy4pets.nl\/be\/wp-json\/wp\/v2\/media\/118487"}],"wp:attachment":[{"href":"https:\/\/www.pharmacy4pets.nl\/be\/wp-json\/wp\/v2\/media?parent=118490"}],"wp:term":[{"taxonomy":"product_brand","embeddable":true,"href":"https:\/\/www.pharmacy4pets.nl\/be\/wp-json\/wp\/v2\/product_brand?post=118490"},{"taxonomy":"product_cat","embeddable":true,"href":"https:\/\/www.pharmacy4pets.nl\/be\/wp-json\/wp\/v2\/product_cat?post=118490"},{"taxonomy":"product_tag","embeddable":true,"href":"https:\/\/www.pharmacy4pets.nl\/be\/wp-json\/wp\/v2\/product_tag?post=118490"}],"curies":[{"name":"wp","href":"https:\/\/api.w.org\/{rel}","templated":true}]}}