{"id":118440,"date":"2017-07-21T13:59:33","date_gmt":"2017-07-21T13:59:33","guid":{"rendered":"https:\/\/p4p.test\/vetoquinol-aluspray"},"modified":"2026-04-14T08:02:39","modified_gmt":"2026-04-14T08:02:39","slug":"vetoquinol-aluspray","status":"publish","type":"product","link":"https:\/\/www.pharmacy4pets.nl\/be\/vetoquinol-aluspray","title":{"rendered":"Aluspray 210 ml"},"content":{"rendered":"<p>Aluspray van het merk Vetoquinol voorziet open wonden van een beschermlaag. Aluspray dekt de open wond op een luchtdoorlatende manier af, hierdoor kunnen bacteri&euml;n of ander vuil de wond niet binnendringen maar kan de wond wel blijven ademen. Aluspray kan worden gebruikt bij allerlei soorten wonden. Doordat de wond wordt afgedekt en er minder vuil en bacteri&euml;n bij kunnen, is de genezing sneller en zal er minder littekenvorming plaatsvinden.<\/p>\n<p>Aluspray laat een fijne nevel van aluminium achter op het oppervlak van de wond, deze vormt het beschermende laagje.<br \/>Aluspray is geschikt voor honden, katten, paarden, vee, varkens, schapen en vogels. Aluspray kan ook bij drachtige dieren ingezet worden.<\/p>\n<p><span style=\"text-decoration: underline;\">Toediening:<\/span><\/p>\n<p>&#8211;&nbsp;&nbsp;&nbsp;&nbsp;&nbsp;&nbsp;&nbsp;&nbsp;&nbsp; Aluspray goed schudden voor gebruik<br \/>&#8211;&nbsp;&nbsp;&nbsp;&nbsp;&nbsp;&nbsp;&nbsp;&nbsp;&nbsp; De spray 1 &agrave; 2 keer per dag aanbrengen op het oppervlak van de wond.<br \/>Voor optimaal gebruik (indien nodig): wond schoon laten maken, desinfecteren en hechten voordat de wondspray aangebracht wordt.<\/p>\n<p><span style=\"text-decoration: underline;\">Dosering:<br \/><\/span>&#8211;<\/p>\n<p><span style=\"text-decoration: underline;\">Verpakking:<br \/><\/span>Spray &agrave; 210 ml<\/p>\n","protected":false},"excerpt":{"rendered":"<p>Aluspray van het merk Vetoquinol voorziet open wonden van een beschermlaag. Aluspray dekt de open wond op een luchtdoorlatende manier af, hierdoor kunnen bacteri&euml;n of ander vuil de wond niet binnendringen maar kan de wond wel blijven ademen. Aluspray kan worden gebruikt bij allerlei soorten wonden. Doordat de wond wordt afgedekt en er minder vuil [&hellip;]<\/p>\n","protected":false},"featured_media":118437,"comment_status":"open","ping_status":"closed","template":"","meta":{"_acf_changed":false,"_nl_post_content":"<p>Aluspray van het merk Vetoquinol voorziet open wonden van een beschermlaag. Aluspray dekt de open wond op een luchtdoorlatende manier af, hierdoor kunnen bacteri&euml;n of ander vuil de wond niet binnendringen maar kan de wond wel blijven ademen. Aluspray kan worden gebruikt bij allerlei soorten wonden. Doordat de wond wordt afgedekt en er minder vuil en bacteri&euml;n bij kunnen, is de genezing sneller en zal er minder littekenvorming plaatsvinden.<\/p>\r\n<p>Aluspray laat een fijne nevel van aluminium achter op het oppervlak van de wond, deze vormt het beschermende laagje.<br \/>Aluspray is geschikt voor honden, katten, paarden, vee, varkens, schapen en vogels. Aluspray kan ook bij drachtige dieren ingezet worden.<\/p>\r\n<p><span style=\"text-decoration: underline;\">Toediening:<\/span><\/p>\r\n<p>-&nbsp;&nbsp;&nbsp;&nbsp;&nbsp;&nbsp;&nbsp;&nbsp;&nbsp; Aluspray goed schudden voor gebruik<br \/>-&nbsp;&nbsp;&nbsp;&nbsp;&nbsp;&nbsp;&nbsp;&nbsp;&nbsp; De spray 1 &agrave; 2 keer per dag aanbrengen op het oppervlak van de wond.<br \/>Voor optimaal gebruik (indien nodig): wond schoon laten maken, desinfecteren en hechten voordat de wondspray aangebracht wordt.<\/p>\r\n<p><span style=\"text-decoration: underline;\">Dosering:<br \/><\/span>-<\/p>\r\n<p><span style=\"text-decoration: underline;\">Verpakking:<br \/><\/span>Spray &agrave; 210 ml<\/p>","_nl_post_name":"vetoquinol-aluspray","_nl_post_excerpt":"","_nl_post_title":"Aluspray 210 ml","_en_post_content":"<p>Aluspray from Vetoquinol provides open wounds of a protective layer. It covers the wound in an air permeable way, so bacteria or other dirt can&rsquo;t enter the wound, but the wound continues to breath. Aluspray is suitable for all kinds of wounds. Because of the protective layer, the wound will stay clean which will make it heal faster and will be less likely to scar.<\/p>\r\n<p>Aluspray is suitable for dogs, cats, horses, cattle, pig, sheep and birds. Aluspray can be safely used on pregnant animals.<\/p>\r\n<p><span style=\"text-decoration: underline;\">Administration:<\/span><\/p>\r\n<ol>\r\n<li>Shake well before use.<\/li>\r\n<li>Apply the spray daily, 1-2 times a day on the wound.<\/li>\r\n<\/ol>\r\n<p>For optimal use, the wound should be cleaned, disinfected and, if necessary, stitched before the spray is applied.<\/p>\r\n<p><span style=\"text-decoration: underline;\">Dosage:<br \/><\/span>-<\/p>\r\n<p><span style=\"text-decoration: underline;\">Package:<br \/><\/span>Spray 210ml<\/p>","_en_post_name":"vetoquinol-aluspray","_en_post_excerpt":"","_en_post_title":"Aluspray 210 ml","_de_post_content":"<p>Aluspray von Vetiquinol legt sich als atmungsaktiver Schutzfilm &uuml;ber offene Wunden. Auf diese Weise k&ouml;nnen sch&auml;dlichen Bakterien oder Verschmutzungen nicht in die Wunde eindringen. Die Wunde bleibt sauber, erh&auml;lt genug Luft zum Atmen, heilt schneller und bildet weiniger Narben.<\/p>\r\n<p>Aluspray ist geeignet f&uuml;r Hunde, Katzen, Pferden, Gro&szlig;vieh, Schweinen, Schafen und V&ouml;geln.<br \/>Aluspray kann problemlos bei tr&auml;chtigen Tieren eingesetzt werden. &nbsp;<\/p>\r\n<p><span style=\"text-decoration: underline;\">Anwendung:<\/span><\/p>\r\n<ol>\r\n<li>Vor Gebrauch gut sch&uuml;tteln<\/li>\r\n<li>Die Wunde 1-2x t&auml;glich mit dem Aluspray bespr&uuml;hen.<\/li>\r\n<\/ol>\r\n<p>Um ein optimale Wirkung zu erzielen, sollte die Wunde vor der Erstanwendung gr&uuml;ndlich ges&auml;ubert, desinfiziert und, so notwendig gen&auml;ht werden.<\/p>\r\n<p><span style=\"text-decoration: underline;\">Dosierung:<br \/><\/span>-<\/p>\r\n<p><span style=\"text-decoration: underline;\">Verpackung:<br \/><\/span>Spray 210ml<\/p>","_de_post_name":"vetoquinol-aluspray","_de_post_excerpt":"","_de_post_title":"Aluspray 210 ml","_fr_post_content":"<p>Aluspray de la marque Vetoquinol prot&egrave;ge les plaies avec une couche protectrice. Aluspray prot&egrave;ge la plaie avec une couche respirante, ce qui la prot&egrave;ge contre les salet&eacute;s et les bact&eacute;ries. Aluspray peut &ecirc;tre utilis&eacute; pour toutes sortes de plaies. La plaie peut gu&eacute;rir plus rapidement puisque la plaie est couverte et moins de salet&eacute;s et bact&eacute;ries peuvent atteindre la plaie. Cela r&eacute;sulte en moins de cicatrices.<\/p>\r\n<p>Aluspray laisse une trace d&rsquo;aluminium sur la surface de la plaie, ceci est la couche protectrice. <br \/>Aluspray convient pour les chiens, chats, chevaux, bovins, cochons, moutons et oiseaux. Aluspray peut &ecirc;tre utilis&eacute; chez les femelles portantes.<\/p>\r\n<p>Administration <br \/>Bien secouer Aluspray avant utilisation <\/p>\r\n<p>Appliquer le spray deux ou trois fois par jour sur la surface de la plaie<br \/>Pour utilisation optimale (si n&eacute;cessaire) : nettoyer la plaie, d&eacute;sinfecter et recoudre avant d&rsquo;appliquer le spray.<\/p>\r\n<p>Emballage <br \/>Spray de 210ml<br \/><br \/><\/p>","_fr_post_name":"vetoquinol-aluspray","_fr_post_excerpt":"","_fr_post_title":"Aluspray 210 ml","_es_post_content":"<p>El spray para heridas Aluspray de Vetoquinol proporciona a las heridas abiertas una capa protectora. Aluspray cubre la herida abierta de forma permeable al aire, de modo que las bacterias u otra suciedad no puedan entrar en la herida, pero la herida pueda seguir respirando. Aluspray se puede utilizar en todo tipo de heridas. Debido a que la herida est\u00e1 cubierta y pueden entrar menos suciedad y bacterias, la cicatrizaci\u00f3n es m\u00e1s r\u00e1pida y se producir\u00e1n menos cicatrices.<\/p>\r\n<p>Aluspray deja una fina niebla de aluminio sobre la superficie de la herida, que forma la pel\u00edcula protectora.<br \/>Aluspray es adecuado para perros, gatos, caballos, bovinos, porcinos, ovinos y p\u00e1jaros. Aluspray tambi\u00e9n se puede utilizar en animales gestantes.<\/p>\r\n<p><span style=\"text-decoration: underline;\">Administraci\u00f3n:<\/span><\/p>\r\n<p>-\u00a0\u00a0\u00a0\u00a0\u00a0\u00a0\u00a0\u00a0\u00a0 Agitar bien Aluspray antes de usar<br \/>-\u00a0\u00a0\u00a0\u00a0\u00a0\u00a0\u00a0\u00a0\u00a0 Aplicar el spray de 1 a 2 veces al d\u00eda sobre la superficie de la herida.<br \/>Para un uso \u00f3ptimo (si es necesario): limpie, desinfecte y suture la herida antes de aplicar el spray para heridas.<\/p>\r\n<p><span style=\"text-decoration: underline;\">Embalaje:<\/span><br \/>Pulverizar a 210 ml<\/p>","_es_post_name":"vetoquinol-aluspray","_es_post_excerpt":"","_es_post_title":"Aluspray 210 ml","edit_language":"nl"},"product_brand":[],"product_cat":[2023,1891,1861,1820,1892,1862,1821,1117,1118,1857,1809],"product_tag":[],"class_list":{"0":"post-118440","1":"product","2":"type-product","3":"status-publish","4":"has-post-thumbnail","6":"product_cat-aluspray","7":"product_cat-benodigdheden","10":"product_cat-ehbo","13":"product_cat-honden","14":"product_cat-katten","15":"product_cat-merken","16":"product_cat-paarden","17":"pa_aandoening-wond_ehbo","18":"pa_doeldier-hond","19":"pa_doeldier-kat","20":"pa_fabricatieland-frankrijk","21":"pa_merkfilter-aluspray","22":"pa_merkgroep-vetoquinol","23":"pa_productsoort-diergeneesmiddelvrij_ura","24":"pa_seo_canonical_store_id-not_found_value","25":"pa_seo_category-not_found_value","26":"pa_seo_meta_robots-not_found_value","27":"pa_toedieningswijze-spray","28":"pa_unit_pricing_base_measure-100ml","29":"pa_unit_pricing_measure-210ml","30":"pa_werkzamestof-aluminium","32":"first","33":"instock","34":"taxable","35":"shipping-taxable","36":"purchasable","37":"product-type-simple"},"yoast_head":"<!-- This site is optimized with the Yoast SEO plugin v27.5 - https:\/\/yoast.com\/product\/yoast-seo-wordpress\/ -->\n<title>Aluspray | Wondspray voor dieren | Aluminiumspray<\/title>\n<meta name=\"description\" content=\"Aluspray zorgt voor een beschermend laagje op open wonden, vuil en bacteri\u00ebn worden afgestoten terwijl de wond rustig kan ademen. Voor snellere genezing.\" \/>\n<meta name=\"robots\" content=\"index, follow, max-snippet:-1, max-image-preview:large, max-video-preview:-1\" \/>\n<link rel=\"canonical\" href=\"https:\/\/p4p-nl.bootmine.com\/%product-slug%\/vetoquinol-aluspray\" \/>\n<meta property=\"og:locale\" content=\"nl_NL\" \/>\n<meta property=\"og:type\" content=\"article\" \/>\n<meta property=\"og:title\" content=\"Aluspray | Wondspray voor dieren | Aluminiumspray\" \/>\n<meta property=\"og:description\" content=\"Aluspray zorgt voor een beschermend laagje op open wonden, vuil en bacteri\u00ebn worden afgestoten terwijl de wond rustig kan ademen. Voor snellere genezing.\" \/>\n<meta property=\"og:url\" content=\"https:\/\/p4p-nl.bootmine.com\/%product-slug%\/vetoquinol-aluspray\" \/>\n<meta property=\"og:site_name\" content=\"Pharmacy4pets\" \/>\n<meta property=\"article:publisher\" content=\"https:\/\/www.facebook.com\/people\/Pharmacy4petsnl\/100063484989896\/\" \/>\n<meta property=\"article:modified_time\" content=\"2026-04-14T08:02:39+00:00\" \/>\n<meta property=\"og:image\" content=\"https:\/\/p4p-nl.bootmine.com\/wp-content\/uploads\/2017\/07\/13429.jpg\" \/>\n\t<meta property=\"og:image:width\" content=\"310\" \/>\n\t<meta property=\"og:image:height\" content=\"310\" \/>\n\t<meta property=\"og:image:type\" content=\"image\/jpeg\" \/>\n<meta name=\"twitter:card\" content=\"summary_large_image\" \/>\n<meta name=\"twitter:label1\" content=\"Geschatte leestijd\" \/>\n\t<meta name=\"twitter:data1\" content=\"1 minuut\" \/>\n<script type=\"application\/ld+json\" class=\"yoast-schema-graph\">{\"@context\":\"https:\\\/\\\/schema.org\",\"@graph\":[{\"@type\":\"WebPage\",\"@id\":\"https:\\\/\\\/p4p-nl.bootmine.com\\\/%product-slug%\\\/vetoquinol-aluspray\",\"url\":\"https:\\\/\\\/p4p-nl.bootmine.com\\\/%product-slug%\\\/vetoquinol-aluspray\",\"name\":\"Aluspray | Wondspray voor dieren | Aluminiumspray\",\"isPartOf\":{\"@id\":\"http:\\\/\\\/www.pharmacy4pets.nl\\\/#website\"},\"primaryImageOfPage\":{\"@id\":\"https:\\\/\\\/p4p-nl.bootmine.com\\\/%product-slug%\\\/vetoquinol-aluspray#primaryimage\"},\"image\":{\"@id\":\"https:\\\/\\\/p4p-nl.bootmine.com\\\/%product-slug%\\\/vetoquinol-aluspray#primaryimage\"},\"thumbnailUrl\":\"https:\\\/\\\/www.pharmacy4pets.nl\\\/wp-content\\\/uploads\\\/2017\\\/07\\\/13429.jpg\",\"datePublished\":\"2017-07-21T13:59:33+00:00\",\"dateModified\":\"2026-04-14T08:02:39+00:00\",\"description\":\"Aluspray zorgt voor een beschermend laagje op open wonden, vuil en bacteri\u00ebn worden afgestoten terwijl de wond rustig kan ademen. Voor snellere genezing.\",\"breadcrumb\":{\"@id\":\"https:\\\/\\\/p4p-nl.bootmine.com\\\/%product-slug%\\\/vetoquinol-aluspray#breadcrumb\"},\"inLanguage\":\"nl-NL\",\"potentialAction\":[{\"@type\":\"ReadAction\",\"target\":[\"https:\\\/\\\/p4p-nl.bootmine.com\\\/%product-slug%\\\/vetoquinol-aluspray\"]}]},{\"@type\":\"ImageObject\",\"inLanguage\":\"nl-NL\",\"@id\":\"https:\\\/\\\/p4p-nl.bootmine.com\\\/%product-slug%\\\/vetoquinol-aluspray#primaryimage\",\"url\":\"https:\\\/\\\/www.pharmacy4pets.nl\\\/wp-content\\\/uploads\\\/2017\\\/07\\\/13429.jpg\",\"contentUrl\":\"https:\\\/\\\/www.pharmacy4pets.nl\\\/wp-content\\\/uploads\\\/2017\\\/07\\\/13429.jpg\",\"width\":310,\"height\":310,\"caption\":\"Aluspray\"},{\"@type\":\"BreadcrumbList\",\"@id\":\"https:\\\/\\\/p4p-nl.bootmine.com\\\/%product-slug%\\\/vetoquinol-aluspray#breadcrumb\",\"itemListElement\":[{\"@type\":\"ListItem\",\"position\":1,\"name\":\"Home\",\"item\":\"https:\\\/\\\/p4p-nl.bootmine.com\\\/\"},{\"@type\":\"ListItem\",\"position\":2,\"name\":\"Winkel\",\"item\":\"https:\\\/\\\/p4p-nl.bootmine.com\\\/winkel\"},{\"@type\":\"ListItem\",\"position\":3,\"name\":\"Aluspray 210 ml\"}]},{\"@type\":\"WebSite\",\"@id\":\"http:\\\/\\\/www.pharmacy4pets.nl\\\/#website\",\"url\":\"http:\\\/\\\/www.pharmacy4pets.nl\\\/\",\"name\":\"Pharmacy4pets\",\"description\":\"Pharmacy4pets.nl is d\u00e9 online apotheek waar u terecht kunt voor alle diergeneesmiddelen, verzorgingsproducten en dieetvoeding voor uw huisdier.\",\"publisher\":{\"@id\":\"http:\\\/\\\/www.pharmacy4pets.nl\\\/#organization\"},\"potentialAction\":[{\"@type\":\"SearchAction\",\"target\":{\"@type\":\"EntryPoint\",\"urlTemplate\":\"http:\\\/\\\/www.pharmacy4pets.nl\\\/?s={search_term_string}\"},\"query-input\":{\"@type\":\"PropertyValueSpecification\",\"valueRequired\":true,\"valueName\":\"search_term_string\"}}],\"inLanguage\":\"nl-NL\"},{\"@type\":\"Organization\",\"@id\":\"http:\\\/\\\/www.pharmacy4pets.nl\\\/#organization\",\"name\":\"Pharmacy4pets\",\"url\":\"http:\\\/\\\/www.pharmacy4pets.nl\\\/\",\"logo\":{\"@type\":\"ImageObject\",\"inLanguage\":\"nl-NL\",\"@id\":\"http:\\\/\\\/www.pharmacy4pets.nl\\\/#\\\/schema\\\/logo\\\/image\\\/\",\"url\":\"https:\\\/\\\/p4p-nl.bootmine.com\\\/wp-content\\\/uploads\\\/2026\\\/03\\\/logo-pharmacy4pets.png\",\"contentUrl\":\"https:\\\/\\\/p4p-nl.bootmine.com\\\/wp-content\\\/uploads\\\/2026\\\/03\\\/logo-pharmacy4pets.png\",\"width\":1024,\"height\":135,\"caption\":\"Pharmacy4pets\"},\"image\":{\"@id\":\"http:\\\/\\\/www.pharmacy4pets.nl\\\/#\\\/schema\\\/logo\\\/image\\\/\"},\"sameAs\":[\"https:\\\/\\\/www.facebook.com\\\/people\\\/Pharmacy4petsnl\\\/100063484989896\\\/\",\"https:\\\/\\\/www.youtube.com\\\/channel\\\/UCGPTIgucgli03tP2_kvLkHg\\\/featured\",\"https:\\\/\\\/www.instagram.com\\\/pharmacy4pets.nl\"]}]}<\/script>\n<!-- \/ Yoast SEO plugin. -->","yoast_head_json":{"title":"Aluspray | Wondspray voor dieren | Aluminiumspray","description":"Aluspray zorgt voor een beschermend laagje op open wonden, vuil en bacteri\u00ebn worden afgestoten terwijl de wond rustig kan ademen. Voor snellere genezing.","robots":{"index":"index","follow":"follow","max-snippet":"max-snippet:-1","max-image-preview":"max-image-preview:large","max-video-preview":"max-video-preview:-1"},"canonical":"https:\/\/p4p-nl.bootmine.com\/%product-slug%\/vetoquinol-aluspray","og_locale":"nl_NL","og_type":"article","og_title":"Aluspray | Wondspray voor dieren | Aluminiumspray","og_description":"Aluspray zorgt voor een beschermend laagje op open wonden, vuil en bacteri\u00ebn worden afgestoten terwijl de wond rustig kan ademen. Voor snellere genezing.","og_url":"https:\/\/p4p-nl.bootmine.com\/%product-slug%\/vetoquinol-aluspray","og_site_name":"Pharmacy4pets","article_publisher":"https:\/\/www.facebook.com\/people\/Pharmacy4petsnl\/100063484989896\/","article_modified_time":"2026-04-14T08:02:39+00:00","og_image":[{"width":310,"height":310,"url":"https:\/\/p4p-nl.bootmine.com\/wp-content\/uploads\/2017\/07\/13429.jpg","type":"image\/jpeg"}],"twitter_card":"summary_large_image","twitter_misc":{"Geschatte leestijd":"1 minuut"},"schema":{"@context":"https:\/\/schema.org","@graph":[{"@type":"WebPage","@id":"https:\/\/p4p-nl.bootmine.com\/%product-slug%\/vetoquinol-aluspray","url":"https:\/\/p4p-nl.bootmine.com\/%product-slug%\/vetoquinol-aluspray","name":"Aluspray | Wondspray voor dieren | Aluminiumspray","isPartOf":{"@id":"http:\/\/www.pharmacy4pets.nl\/#website"},"primaryImageOfPage":{"@id":"https:\/\/p4p-nl.bootmine.com\/%product-slug%\/vetoquinol-aluspray#primaryimage"},"image":{"@id":"https:\/\/p4p-nl.bootmine.com\/%product-slug%\/vetoquinol-aluspray#primaryimage"},"thumbnailUrl":"https:\/\/www.pharmacy4pets.nl\/wp-content\/uploads\/2017\/07\/13429.jpg","datePublished":"2017-07-21T13:59:33+00:00","dateModified":"2026-04-14T08:02:39+00:00","description":"Aluspray zorgt voor een beschermend laagje op open wonden, vuil en bacteri\u00ebn worden afgestoten terwijl de wond rustig kan ademen. Voor snellere genezing.","breadcrumb":{"@id":"https:\/\/p4p-nl.bootmine.com\/%product-slug%\/vetoquinol-aluspray#breadcrumb"},"inLanguage":"nl-NL","potentialAction":[{"@type":"ReadAction","target":["https:\/\/p4p-nl.bootmine.com\/%product-slug%\/vetoquinol-aluspray"]}]},{"@type":"ImageObject","inLanguage":"nl-NL","@id":"https:\/\/p4p-nl.bootmine.com\/%product-slug%\/vetoquinol-aluspray#primaryimage","url":"https:\/\/www.pharmacy4pets.nl\/wp-content\/uploads\/2017\/07\/13429.jpg","contentUrl":"https:\/\/www.pharmacy4pets.nl\/wp-content\/uploads\/2017\/07\/13429.jpg","width":310,"height":310,"caption":"Aluspray"},{"@type":"BreadcrumbList","@id":"https:\/\/p4p-nl.bootmine.com\/%product-slug%\/vetoquinol-aluspray#breadcrumb","itemListElement":[{"@type":"ListItem","position":1,"name":"Home","item":"https:\/\/p4p-nl.bootmine.com\/"},{"@type":"ListItem","position":2,"name":"Winkel","item":"https:\/\/p4p-nl.bootmine.com\/winkel"},{"@type":"ListItem","position":3,"name":"Aluspray 210 ml"}]},{"@type":"WebSite","@id":"http:\/\/www.pharmacy4pets.nl\/#website","url":"http:\/\/www.pharmacy4pets.nl\/","name":"Pharmacy4pets","description":"Pharmacy4pets.nl is d\u00e9 online apotheek waar u terecht kunt voor alle diergeneesmiddelen, verzorgingsproducten en dieetvoeding voor uw huisdier.","publisher":{"@id":"http:\/\/www.pharmacy4pets.nl\/#organization"},"potentialAction":[{"@type":"SearchAction","target":{"@type":"EntryPoint","urlTemplate":"http:\/\/www.pharmacy4pets.nl\/?s={search_term_string}"},"query-input":{"@type":"PropertyValueSpecification","valueRequired":true,"valueName":"search_term_string"}}],"inLanguage":"nl-NL"},{"@type":"Organization","@id":"http:\/\/www.pharmacy4pets.nl\/#organization","name":"Pharmacy4pets","url":"http:\/\/www.pharmacy4pets.nl\/","logo":{"@type":"ImageObject","inLanguage":"nl-NL","@id":"http:\/\/www.pharmacy4pets.nl\/#\/schema\/logo\/image\/","url":"https:\/\/p4p-nl.bootmine.com\/wp-content\/uploads\/2026\/03\/logo-pharmacy4pets.png","contentUrl":"https:\/\/p4p-nl.bootmine.com\/wp-content\/uploads\/2026\/03\/logo-pharmacy4pets.png","width":1024,"height":135,"caption":"Pharmacy4pets"},"image":{"@id":"http:\/\/www.pharmacy4pets.nl\/#\/schema\/logo\/image\/"},"sameAs":["https:\/\/www.facebook.com\/people\/Pharmacy4petsnl\/100063484989896\/","https:\/\/www.youtube.com\/channel\/UCGPTIgucgli03tP2_kvLkHg\/featured","https:\/\/www.instagram.com\/pharmacy4pets.nl"]}]}},"market_data":{"nl":{"price":0,"sale_price":0,"active":false,"url":null,"parent_url":"","tax_rate":0,"price_inc_tax":0,"sale_price_inc_tax":0},"de":{"price":0,"sale_price":0,"active":false,"url":null,"parent_url":"","tax_rate":0,"price_inc_tax":0,"sale_price_inc_tax":0},"be":{"price":0,"sale_price":0,"active":false,"url":null,"parent_url":"","tax_rate":0,"price_inc_tax":0,"sale_price_inc_tax":0},"fr":{"price":0,"sale_price":0,"active":false,"url":null,"parent_url":"","tax_rate":0,"price_inc_tax":0,"sale_price_inc_tax":0},"ch":{"price":0,"sale_price":0,"active":false,"url":null,"parent_url":"","tax_rate":0,"price_inc_tax":0,"sale_price_inc_tax":0},"at":{"price":0,"sale_price":0,"active":false,"url":null,"parent_url":"","tax_rate":0,"price_inc_tax":0,"sale_price_inc_tax":0},"es":{"price":0,"sale_price":0,"active":false,"url":null,"parent_url":"","tax_rate":0,"price_inc_tax":0,"sale_price_inc_tax":0},"dk":{"price":0,"sale_price":0,"active":false,"url":null,"parent_url":"","tax_rate":0,"price_inc_tax":0,"sale_price_inc_tax":0},"com":{"price":0,"sale_price":0,"active":false,"url":null,"parent_url":"","tax_rate":0,"price_inc_tax":0,"sale_price_inc_tax":0}},"market_nl_price":0,"market_nl_sale_price":0,"market_nl_active":false,"market_nl_url":null,"market_nl_parent_url":"","market_nl_tax_rate":0,"market_nl_price_inc_tax":0,"market_nl_sale_price_inc_tax":0,"market_de_price":0,"market_de_sale_price":0,"market_de_active":false,"market_de_url":null,"market_de_parent_url":"","market_de_tax_rate":0,"market_de_price_inc_tax":0,"market_de_sale_price_inc_tax":0,"market_be_price":0,"market_be_sale_price":0,"market_be_active":false,"market_be_url":null,"market_be_parent_url":"","market_be_tax_rate":0,"market_be_price_inc_tax":0,"market_be_sale_price_inc_tax":0,"market_fr_price":0,"market_fr_sale_price":0,"market_fr_active":false,"market_fr_url":null,"market_fr_parent_url":"","market_fr_tax_rate":0,"market_fr_price_inc_tax":0,"market_fr_sale_price_inc_tax":0,"market_ch_price":0,"market_ch_sale_price":0,"market_ch_active":false,"market_ch_url":null,"market_ch_parent_url":"","market_ch_tax_rate":0,"market_ch_price_inc_tax":0,"market_ch_sale_price_inc_tax":0,"market_at_price":0,"market_at_sale_price":0,"market_at_active":false,"market_at_url":null,"market_at_parent_url":"","market_at_tax_rate":0,"market_at_price_inc_tax":0,"market_at_sale_price_inc_tax":0,"market_es_price":0,"market_es_sale_price":0,"market_es_active":false,"market_es_url":null,"market_es_parent_url":"","market_es_tax_rate":0,"market_es_price_inc_tax":0,"market_es_sale_price_inc_tax":0,"market_dk_price":0,"market_dk_sale_price":0,"market_dk_active":false,"market_dk_url":null,"market_dk_parent_url":"","market_dk_tax_rate":0,"market_dk_price_inc_tax":0,"market_dk_sale_price_inc_tax":0,"market_com_price":0,"market_com_sale_price":0,"market_com_active":false,"market_com_url":null,"market_com_parent_url":"","market_com_tax_rate":0,"market_com_price_inc_tax":0,"market_com_sale_price_inc_tax":0,"acf":[],"_links":{"self":[{"href":"https:\/\/www.pharmacy4pets.nl\/be\/wp-json\/wp\/v2\/product\/118440","targetHints":{"allow":["GET"]}}],"collection":[{"href":"https:\/\/www.pharmacy4pets.nl\/be\/wp-json\/wp\/v2\/product"}],"about":[{"href":"https:\/\/www.pharmacy4pets.nl\/be\/wp-json\/wp\/v2\/types\/product"}],"replies":[{"embeddable":true,"href":"https:\/\/www.pharmacy4pets.nl\/be\/wp-json\/wp\/v2\/comments?post=118440"}],"wp:featuredmedia":[{"embeddable":true,"href":"https:\/\/www.pharmacy4pets.nl\/be\/wp-json\/wp\/v2\/media\/118437"}],"wp:attachment":[{"href":"https:\/\/www.pharmacy4pets.nl\/be\/wp-json\/wp\/v2\/media?parent=118440"}],"wp:term":[{"taxonomy":"product_brand","embeddable":true,"href":"https:\/\/www.pharmacy4pets.nl\/be\/wp-json\/wp\/v2\/product_brand?post=118440"},{"taxonomy":"product_cat","embeddable":true,"href":"https:\/\/www.pharmacy4pets.nl\/be\/wp-json\/wp\/v2\/product_cat?post=118440"},{"taxonomy":"product_tag","embeddable":true,"href":"https:\/\/www.pharmacy4pets.nl\/be\/wp-json\/wp\/v2\/product_tag?post=118440"}],"curies":[{"name":"wp","href":"https:\/\/api.w.org\/{rel}","templated":true}]}}