{"id":118419,"date":"2017-07-21T12:29:33","date_gmt":"2017-07-21T12:29:33","guid":{"rendered":"https:\/\/p4p.test\/aavet-aa-laxulon-2"},"modified":"2026-05-01T11:26:30","modified_gmt":"2026-05-01T09:26:30","slug":"aavet-aa-laxulon","status":"publish","type":"product","link":"https:\/\/www.pharmacy4pets.nl\/be\/aavet-aa-laxulon","title":{"rendered":"AA Laxulon New 125 ml"},"content":{"rendered":"<h1><strong>Laxulon New<\/strong><\/h1>\n<p>Laxulon van het merk AA-Vet is een vloeibaar hulpmiddel dat de darmwerking van honden en katten bevordert.<\/p>\n<p>AA Laxulon is vernieuwd naar AA Laxulon New! Naast lactulose bevat AA Laxulon New nu ook magnesiumsulfaat heptahydraat (0,1%) en lijnzaadolie (0,001%) voor een betere werking ter ondersteuning van een gezonde darmpassage.<\/p>\n<p>\u00a0<\/p>\n<p>In de dikke darm wordt lactulose omgezet in specifieke stoffen die de natuurlijke darmwerking bevordert met als gevolg de vorming van een natuurlijke ontlasting. Het kan enkele dagen duren voordat de gewenste werking optreedt.<\/p>\n<p><span style=\"text-decoration: underline;\">Toediening:<br \/><\/span>Dosering toevoegen aan het voer of drinkwater, of direct in de bek aanbrengen.<\/p>\n<p><span style=\"text-decoration: underline;\">Dosering:<br \/><\/span>Dosering ter bevordering van de darmpassage: 3 ml per 5 kg lichaamsgewicht, 1 maal daags.<\/p>\n<p><span style=\"text-decoration: underline;\">Verpakking:<br \/><\/span>125ml<\/p>\n","protected":false},"excerpt":{"rendered":"<p>Laxulon New Laxulon van het merk AA-Vet is een vloeibaar hulpmiddel dat de darmwerking van honden en katten bevordert. AA Laxulon is vernieuwd naar AA Laxulon New! Naast lactulose bevat AA Laxulon New nu ook magnesiumsulfaat heptahydraat (0,1%) en lijnzaadolie (0,001%) voor een betere werking ter ondersteuning van een gezonde darmpassage. \u00a0 In de dikke [&hellip;]<\/p>\n","protected":false},"featured_media":118405,"comment_status":"open","ping_status":"closed","template":"","meta":{"_acf_changed":false,"_nl_post_content":"<h1><strong>Laxulon New<\/strong><\/h1>\r\n<p>Laxulon van het merk AA-Vet is een vloeibaar hulpmiddel dat de darmwerking van honden en katten bevordert.<\/p>\r\n<p>AA Laxulon is vernieuwd naar AA Laxulon New! Naast lactulose bevat AA Laxulon New nu ook magnesiumsulfaat heptahydraat (0,1%) en lijnzaadolie (0,001%) voor een betere werking ter ondersteuning van een gezonde darmpassage.<\/p>\r\n<p>\u00a0<\/p>\r\n<p>In de dikke darm wordt lactulose omgezet in specifieke stoffen die de natuurlijke darmwerking bevordert met als gevolg de vorming van een natuurlijke ontlasting. Het kan enkele dagen duren voordat de gewenste werking optreedt.<\/p>\r\n<p><span style=\"text-decoration: underline;\">Toediening:<br \/><\/span>Dosering toevoegen aan het voer of drinkwater, of direct in de bek aanbrengen.<\/p>\r\n<p><span style=\"text-decoration: underline;\">Dosering:<br \/><\/span>Dosering ter bevordering van de darmpassage: 3 ml per 5 kg lichaamsgewicht, 1 maal daags.<\/p>\r\n<p><span style=\"text-decoration: underline;\">Verpakking:<br \/><\/span>125ml<\/p>","_nl_post_name":"aavet-aa-laxulon","_nl_post_excerpt":"","_nl_post_title":"AA Laxulon New 125 ml","_en_post_content":"<p>AA Laxulon is a liquid formula designed to stimulate bowel function in dogs and cats. In addition, Laxulon can be administered as a supplement to help fight off bacterial bowel infections.&nbsp;<br \/>Lactulose belongs to the group of so-called osmotic action laxatives (medication to prevent constipation). In the colon, lactulose is converted into specific substances that stimulate and regulate natural bowel function, resulting in the formation of a natural stool. It may take several days before the desired action occurs.<\/p>\r\n<p><span style=\"text-decoration: underline;\">Administration:<br \/><\/span>Laxulon can be mixed with food or drinking water, or administered directly into the mouth.<\/p>\r\n<p><span style=\"text-decoration: underline;\">Dosage:<br \/><\/span>Dosage to prevent constipation problems:&nbsp;3 ml per 5 kg of body weight once daily.<br \/>Dosage to support the fight against bacterial bowel infections:&nbsp;3 ml per 5 kg of body weight, 3 times daily.<\/p>\r\n<p><span style=\"text-decoration: underline;\">Package:<br \/><\/span>125ml<\/p>","_en_post_name":"aavet-aa-laxulon","_en_post_excerpt":"","_en_post_title":"AA Laxulon 125 ml","_de_post_content":"<p>AA Laxulon von AA-Vet ist ein fl&uuml;ssiges Hilfsmittel zur Vorbeugung von Obstipationsproblemen bei Hunden und Katzen. Dar&uuml;ber hinaus kann Laxulon als Erg&auml;nzung bei der Bek&auml;mpfung von bakteriellen Darminfektionen verabreicht werden. <\/p>\r\n<p><span style=\"text-decoration: underline;\">Anwendung:<br \/><\/span>Laxulon kann mit dem Futter oder Trinkwasser vermengt oder direkt verabreicht werden.<\/p>\r\n<p><span style=\"text-decoration: underline;\">Dosierung:<br \/><\/span>Dosierung zur Vorbeugung von Obstipationsproblemen: 3 ml pro 5 kg K&ouml;rpergewicht, 1-mal t&auml;glich.<br \/>Dosierung zur Unterst&uuml;tzung bei der Bek&auml;mpfung von bakteriellen Darminfektionen: 3 ml pro 5 kg K&ouml;rpergewicht, 3-mal t&auml;glich.<\/p>\r\n<p><span style=\"text-decoration: underline;\">Verpackung:<\/span><\/p>\r\n<p>125ml<\/p>","_de_post_name":"aavet-aa-laxulon","_de_post_excerpt":"","_de_post_title":"AA Laxulon 125 ml","_fr_post_content":"<p>AA Laxulon de la marque AA-Vet est une aide liquide qui favorise le transit intestinal chez les chiens et les chats. AA Laxulon contient du lactulose, pour un meilleur transit intestinal.<\/p>\n<p>Dans le gros intestin, le lactulose est transform\u00e9 en substances sp\u00e9cifiques qui favorisent le fonctionnement naturel de l'intestin, ce qui entra\u00eene la formation de selles naturelles. L'effet d\u00e9sir\u00e9 peut prendre plusieurs jours.<\/p>\n<p><u>Administration :<\/u><br \/>Ajouter la dose \u00e0 la nourriture ou \u00e0 l'eau de boisson, ou l'appliquer directement dans la bouche.<\/p>\n<p><u>Dosage :<\/u><br \/>Dosage pour favoriser le passage intestinal : 3 ml par 5 kg de poids corporel, une fois par jour.<\/p>\n<p><u>Conditionnement :<\/u><br \/>125 ml<\/p>","_fr_post_name":"aavet-aa-laxulon-new-125ml","_fr_post_excerpt":"","_fr_post_title":"AA Laxulon New 125 ml","_es_post_content":"<p>AA Laxulon de AA-Vet es una ayuda l\u00edquida para estimular la funci\u00f3n intestinal en perros y gatos con estre\u00f1imiento. Adem\u00e1s, Laxulon puede administrarse como complemento en la lucha contra las infecciones intestinales bacterianas. La lactulosa pertenece al grupo de los llamados laxantes de acci\u00f3n osm\u00f3tica (para un mejor tr\u00e1nsito intestinal). En el intestino grueso, la lactulosa se convierte en sustancias espec\u00edficas que estimulan y regulan el funcionamiento natural de los intestinos, dando como resultado la formaci\u00f3n de heces naturales. Pueden pasar algunos d\u00edas hasta que se produzca el efecto deseado.<\/p>\r\n<p><span style=\"text-decoration: underline;\">Administraci\u00f3n:<\/span><br \/>A\u00f1adir una dosis a la comida o agua de bebida, o aplicar directamente en la boca.<\/p>\r\n<p><span style=\"text-decoration: underline;\">Dosis:<\/span><br \/>Dosis para favorecer el tr\u00e1nsito intestinal: 3 ml. por 5 kg. peso corporal una vez al d\u00eda.<br \/>Dosis de apoyo a la prevenci\u00f3n de infecciones intestinales bacterianas: 3 ml. por 5 kg. peso corporal 3 veces al d\u00eda.<\/p>\r\n<p><span style=\"text-decoration: underline;\">Embalaje:<\/span><br \/>125 ml<\/p>","_es_post_name":"aavet-aa-laxulon-new-125ml","_es_post_excerpt":"","_es_post_title":"AA Laxulon New 125 ml","edit_language":"nl"},"product_brand":[],"product_cat":[2108,1117,1118,1848,1879,1871,1839,1857,1976,1995],"product_tag":[],"class_list":{"0":"post-118419","1":"product","2":"type-product","3":"status-publish","4":"has-post-thumbnail","6":"product_cat-a-a-laxulon","7":"product_cat-honden","8":"product_cat-katten","9":"product_cat-maag-darmen","11":"product_cat-medicijnen-supplementen","13":"product_cat-merken","14":"product_cat-obstipatie","16":"pa_aandoening-maag_darmen","17":"pa_doeldier-hond","18":"pa_doeldier-kat","19":"pa_fabricatieland-nederland","20":"pa_merkfilter-a_a_laxulon","21":"pa_merkgroep-aa_vet","22":"pa_productsoort-voedingssupplement","23":"pa_seo_canonical_store_id-not_found_value","24":"pa_seo_category-not_found_value","25":"pa_seo_meta_robots-not_found_value","26":"pa_toedieningswijze-vloeistof","27":"pa_unit_pricing_base_measure-100ml","28":"pa_unit_pricing_measure-125ml","29":"pa_werkzamestof-overig","31":"first","32":"instock","33":"taxable","34":"shipping-taxable","35":"purchasable","36":"product-type-simple"},"yoast_head":"<!-- This site is optimized with the Yoast SEO plugin v27.5 - https:\/\/yoast.com\/product\/yoast-seo-wordpress\/ -->\n<title>AA Laxulon | Darmwerking Hond &amp; Kat<\/title>\n<meta name=\"description\" content=\"AA Laxulon van het merk AA-Vet is een vloeibaar hulpmiddel ter stimulering van de darmwerking van hond en kat. Gevolg: vorming van natuurlijke ontlasting.\" \/>\n<meta name=\"robots\" content=\"index, follow, max-snippet:-1, max-image-preview:large, max-video-preview:-1\" \/>\n<link rel=\"canonical\" href=\"https:\/\/p4p-nl.bootmine.com\/aavet-aa-laxulon\" \/>\n<meta property=\"og:locale\" content=\"nl_NL\" \/>\n<meta property=\"og:type\" content=\"article\" \/>\n<meta property=\"og:title\" content=\"AA Laxulon | Darmwerking Hond &amp; Kat\" \/>\n<meta property=\"og:description\" content=\"AA Laxulon van het merk AA-Vet is een vloeibaar hulpmiddel ter stimulering van de darmwerking van hond en kat. Gevolg: vorming van natuurlijke ontlasting.\" \/>\n<meta property=\"og:url\" content=\"https:\/\/p4p-nl.bootmine.com\/aavet-aa-laxulon\" \/>\n<meta property=\"og:site_name\" content=\"Pharmacy4pets\" \/>\n<meta property=\"article:publisher\" content=\"https:\/\/www.facebook.com\/people\/Pharmacy4petsnl\/100063484989896\/\" \/>\n<meta property=\"article:modified_time\" content=\"2026-05-01T09:26:30+00:00\" \/>\n<meta property=\"og:image\" content=\"https:\/\/p4p-nl.bootmine.com\/wp-content\/uploads\/2017\/07\/aa_laxulon_125_white_background_1.png\" \/>\n\t<meta property=\"og:image:width\" content=\"1190\" \/>\n\t<meta property=\"og:image:height\" content=\"1684\" \/>\n\t<meta property=\"og:image:type\" content=\"image\/png\" \/>\n<meta name=\"twitter:card\" content=\"summary_large_image\" \/>\n<meta name=\"twitter:label1\" content=\"Geschatte leestijd\" \/>\n\t<meta name=\"twitter:data1\" content=\"1 minuut\" \/>\n<script type=\"application\/ld+json\" class=\"yoast-schema-graph\">{\"@context\":\"https:\\\/\\\/schema.org\",\"@graph\":[{\"@type\":\"WebPage\",\"@id\":\"https:\\\/\\\/p4p-nl.bootmine.com\\\/aavet-aa-laxulon\",\"url\":\"https:\\\/\\\/p4p-nl.bootmine.com\\\/aavet-aa-laxulon\",\"name\":\"AA Laxulon | Darmwerking Hond & Kat\",\"isPartOf\":{\"@id\":\"http:\\\/\\\/www.pharmacy4pets.nl\\\/#website\"},\"primaryImageOfPage\":{\"@id\":\"https:\\\/\\\/p4p-nl.bootmine.com\\\/aavet-aa-laxulon#primaryimage\"},\"image\":{\"@id\":\"https:\\\/\\\/p4p-nl.bootmine.com\\\/aavet-aa-laxulon#primaryimage\"},\"thumbnailUrl\":\"https:\\\/\\\/www.pharmacy4pets.nl\\\/wp-content\\\/uploads\\\/2017\\\/07\\\/aa_laxulon_125_white_background_1.png\",\"datePublished\":\"2017-07-21T12:29:33+00:00\",\"dateModified\":\"2026-05-01T09:26:30+00:00\",\"description\":\"AA Laxulon van het merk AA-Vet is een vloeibaar hulpmiddel ter stimulering van de darmwerking van hond en kat. Gevolg: vorming van natuurlijke ontlasting.\",\"breadcrumb\":{\"@id\":\"https:\\\/\\\/p4p-nl.bootmine.com\\\/aavet-aa-laxulon#breadcrumb\"},\"inLanguage\":\"nl-NL\",\"potentialAction\":[{\"@type\":\"ReadAction\",\"target\":[\"https:\\\/\\\/p4p-nl.bootmine.com\\\/aavet-aa-laxulon\"]}]},{\"@type\":\"ImageObject\",\"inLanguage\":\"nl-NL\",\"@id\":\"https:\\\/\\\/p4p-nl.bootmine.com\\\/aavet-aa-laxulon#primaryimage\",\"url\":\"https:\\\/\\\/www.pharmacy4pets.nl\\\/wp-content\\\/uploads\\\/2017\\\/07\\\/aa_laxulon_125_white_background_1.png\",\"contentUrl\":\"https:\\\/\\\/www.pharmacy4pets.nl\\\/wp-content\\\/uploads\\\/2017\\\/07\\\/aa_laxulon_125_white_background_1.png\",\"width\":1190,\"height\":1684,\"caption\":\"AA Laxulon New 125 ml-0\"},{\"@type\":\"BreadcrumbList\",\"@id\":\"https:\\\/\\\/p4p-nl.bootmine.com\\\/aavet-aa-laxulon#breadcrumb\",\"itemListElement\":[{\"@type\":\"ListItem\",\"position\":1,\"name\":\"Home\",\"item\":\"https:\\\/\\\/p4p-nl.bootmine.com\\\/\"},{\"@type\":\"ListItem\",\"position\":2,\"name\":\"Winkel\",\"item\":\"https:\\\/\\\/p4p-nl.bootmine.com\\\/winkel\"},{\"@type\":\"ListItem\",\"position\":3,\"name\":\"AA Laxulon New 125 ml\"}]},{\"@type\":\"WebSite\",\"@id\":\"http:\\\/\\\/www.pharmacy4pets.nl\\\/#website\",\"url\":\"http:\\\/\\\/www.pharmacy4pets.nl\\\/\",\"name\":\"Pharmacy4pets\",\"description\":\"Pharmacy4pets.nl is d\u00e9 online apotheek waar u terecht kunt voor alle diergeneesmiddelen, verzorgingsproducten en dieetvoeding voor uw huisdier.\",\"publisher\":{\"@id\":\"http:\\\/\\\/www.pharmacy4pets.nl\\\/#organization\"},\"potentialAction\":[{\"@type\":\"SearchAction\",\"target\":{\"@type\":\"EntryPoint\",\"urlTemplate\":\"http:\\\/\\\/www.pharmacy4pets.nl\\\/?s={search_term_string}\"},\"query-input\":{\"@type\":\"PropertyValueSpecification\",\"valueRequired\":true,\"valueName\":\"search_term_string\"}}],\"inLanguage\":\"nl-NL\"},{\"@type\":\"Organization\",\"@id\":\"http:\\\/\\\/www.pharmacy4pets.nl\\\/#organization\",\"name\":\"Pharmacy4pets\",\"url\":\"http:\\\/\\\/www.pharmacy4pets.nl\\\/\",\"logo\":{\"@type\":\"ImageObject\",\"inLanguage\":\"nl-NL\",\"@id\":\"http:\\\/\\\/www.pharmacy4pets.nl\\\/#\\\/schema\\\/logo\\\/image\\\/\",\"url\":\"https:\\\/\\\/p4p-nl.bootmine.com\\\/wp-content\\\/uploads\\\/2026\\\/03\\\/logo-pharmacy4pets.png\",\"contentUrl\":\"https:\\\/\\\/p4p-nl.bootmine.com\\\/wp-content\\\/uploads\\\/2026\\\/03\\\/logo-pharmacy4pets.png\",\"width\":1024,\"height\":135,\"caption\":\"Pharmacy4pets\"},\"image\":{\"@id\":\"http:\\\/\\\/www.pharmacy4pets.nl\\\/#\\\/schema\\\/logo\\\/image\\\/\"},\"sameAs\":[\"https:\\\/\\\/www.facebook.com\\\/people\\\/Pharmacy4petsnl\\\/100063484989896\\\/\",\"https:\\\/\\\/www.youtube.com\\\/channel\\\/UCGPTIgucgli03tP2_kvLkHg\\\/featured\",\"https:\\\/\\\/www.instagram.com\\\/pharmacy4pets.nl\"]}]}<\/script>\n<!-- \/ Yoast SEO plugin. -->","yoast_head_json":{"title":"AA Laxulon | Darmwerking Hond & Kat","description":"AA Laxulon van het merk AA-Vet is een vloeibaar hulpmiddel ter stimulering van de darmwerking van hond en kat. Gevolg: vorming van natuurlijke ontlasting.","robots":{"index":"index","follow":"follow","max-snippet":"max-snippet:-1","max-image-preview":"max-image-preview:large","max-video-preview":"max-video-preview:-1"},"canonical":"https:\/\/p4p-nl.bootmine.com\/aavet-aa-laxulon","og_locale":"nl_NL","og_type":"article","og_title":"AA Laxulon | Darmwerking Hond & Kat","og_description":"AA Laxulon van het merk AA-Vet is een vloeibaar hulpmiddel ter stimulering van de darmwerking van hond en kat. Gevolg: vorming van natuurlijke ontlasting.","og_url":"https:\/\/p4p-nl.bootmine.com\/aavet-aa-laxulon","og_site_name":"Pharmacy4pets","article_publisher":"https:\/\/www.facebook.com\/people\/Pharmacy4petsnl\/100063484989896\/","article_modified_time":"2026-05-01T09:26:30+00:00","og_image":[{"width":1190,"height":1684,"url":"https:\/\/p4p-nl.bootmine.com\/wp-content\/uploads\/2017\/07\/aa_laxulon_125_white_background_1.png","type":"image\/png"}],"twitter_card":"summary_large_image","twitter_misc":{"Geschatte leestijd":"1 minuut"},"schema":{"@context":"https:\/\/schema.org","@graph":[{"@type":"WebPage","@id":"https:\/\/p4p-nl.bootmine.com\/aavet-aa-laxulon","url":"https:\/\/p4p-nl.bootmine.com\/aavet-aa-laxulon","name":"AA Laxulon | Darmwerking Hond & Kat","isPartOf":{"@id":"http:\/\/www.pharmacy4pets.nl\/#website"},"primaryImageOfPage":{"@id":"https:\/\/p4p-nl.bootmine.com\/aavet-aa-laxulon#primaryimage"},"image":{"@id":"https:\/\/p4p-nl.bootmine.com\/aavet-aa-laxulon#primaryimage"},"thumbnailUrl":"https:\/\/www.pharmacy4pets.nl\/wp-content\/uploads\/2017\/07\/aa_laxulon_125_white_background_1.png","datePublished":"2017-07-21T12:29:33+00:00","dateModified":"2026-05-01T09:26:30+00:00","description":"AA Laxulon van het merk AA-Vet is een vloeibaar hulpmiddel ter stimulering van de darmwerking van hond en kat. Gevolg: vorming van natuurlijke ontlasting.","breadcrumb":{"@id":"https:\/\/p4p-nl.bootmine.com\/aavet-aa-laxulon#breadcrumb"},"inLanguage":"nl-NL","potentialAction":[{"@type":"ReadAction","target":["https:\/\/p4p-nl.bootmine.com\/aavet-aa-laxulon"]}]},{"@type":"ImageObject","inLanguage":"nl-NL","@id":"https:\/\/p4p-nl.bootmine.com\/aavet-aa-laxulon#primaryimage","url":"https:\/\/www.pharmacy4pets.nl\/wp-content\/uploads\/2017\/07\/aa_laxulon_125_white_background_1.png","contentUrl":"https:\/\/www.pharmacy4pets.nl\/wp-content\/uploads\/2017\/07\/aa_laxulon_125_white_background_1.png","width":1190,"height":1684,"caption":"AA Laxulon New 125 ml-0"},{"@type":"BreadcrumbList","@id":"https:\/\/p4p-nl.bootmine.com\/aavet-aa-laxulon#breadcrumb","itemListElement":[{"@type":"ListItem","position":1,"name":"Home","item":"https:\/\/p4p-nl.bootmine.com\/"},{"@type":"ListItem","position":2,"name":"Winkel","item":"https:\/\/p4p-nl.bootmine.com\/winkel"},{"@type":"ListItem","position":3,"name":"AA Laxulon New 125 ml"}]},{"@type":"WebSite","@id":"http:\/\/www.pharmacy4pets.nl\/#website","url":"http:\/\/www.pharmacy4pets.nl\/","name":"Pharmacy4pets","description":"Pharmacy4pets.nl is d\u00e9 online apotheek waar u terecht kunt voor alle diergeneesmiddelen, verzorgingsproducten en dieetvoeding voor uw huisdier.","publisher":{"@id":"http:\/\/www.pharmacy4pets.nl\/#organization"},"potentialAction":[{"@type":"SearchAction","target":{"@type":"EntryPoint","urlTemplate":"http:\/\/www.pharmacy4pets.nl\/?s={search_term_string}"},"query-input":{"@type":"PropertyValueSpecification","valueRequired":true,"valueName":"search_term_string"}}],"inLanguage":"nl-NL"},{"@type":"Organization","@id":"http:\/\/www.pharmacy4pets.nl\/#organization","name":"Pharmacy4pets","url":"http:\/\/www.pharmacy4pets.nl\/","logo":{"@type":"ImageObject","inLanguage":"nl-NL","@id":"http:\/\/www.pharmacy4pets.nl\/#\/schema\/logo\/image\/","url":"https:\/\/p4p-nl.bootmine.com\/wp-content\/uploads\/2026\/03\/logo-pharmacy4pets.png","contentUrl":"https:\/\/p4p-nl.bootmine.com\/wp-content\/uploads\/2026\/03\/logo-pharmacy4pets.png","width":1024,"height":135,"caption":"Pharmacy4pets"},"image":{"@id":"http:\/\/www.pharmacy4pets.nl\/#\/schema\/logo\/image\/"},"sameAs":["https:\/\/www.facebook.com\/people\/Pharmacy4petsnl\/100063484989896\/","https:\/\/www.youtube.com\/channel\/UCGPTIgucgli03tP2_kvLkHg\/featured","https:\/\/www.instagram.com\/pharmacy4pets.nl"]}]}},"market_data":{"nl":{"price":0,"sale_price":0,"active":false,"url":null,"parent_url":"","tax_rate":0,"price_inc_tax":0,"sale_price_inc_tax":0},"de":{"price":0,"sale_price":0,"active":false,"url":null,"parent_url":"","tax_rate":0,"price_inc_tax":0,"sale_price_inc_tax":0},"be":{"price":0,"sale_price":0,"active":false,"url":null,"parent_url":"","tax_rate":0,"price_inc_tax":0,"sale_price_inc_tax":0},"fr":{"price":0,"sale_price":0,"active":false,"url":null,"parent_url":"","tax_rate":0,"price_inc_tax":0,"sale_price_inc_tax":0},"ch":{"price":0,"sale_price":0,"active":false,"url":null,"parent_url":"","tax_rate":0,"price_inc_tax":0,"sale_price_inc_tax":0},"at":{"price":0,"sale_price":0,"active":false,"url":null,"parent_url":"","tax_rate":0,"price_inc_tax":0,"sale_price_inc_tax":0},"es":{"price":0,"sale_price":0,"active":false,"url":null,"parent_url":"","tax_rate":0,"price_inc_tax":0,"sale_price_inc_tax":0},"dk":{"price":0,"sale_price":0,"active":false,"url":null,"parent_url":"","tax_rate":0,"price_inc_tax":0,"sale_price_inc_tax":0},"com":{"price":0,"sale_price":0,"active":false,"url":null,"parent_url":"","tax_rate":0,"price_inc_tax":0,"sale_price_inc_tax":0}},"market_nl_price":0,"market_nl_sale_price":0,"market_nl_active":false,"market_nl_url":null,"market_nl_parent_url":"","market_nl_tax_rate":0,"market_nl_price_inc_tax":0,"market_nl_sale_price_inc_tax":0,"market_de_price":0,"market_de_sale_price":0,"market_de_active":false,"market_de_url":null,"market_de_parent_url":"","market_de_tax_rate":0,"market_de_price_inc_tax":0,"market_de_sale_price_inc_tax":0,"market_be_price":0,"market_be_sale_price":0,"market_be_active":false,"market_be_url":null,"market_be_parent_url":"","market_be_tax_rate":0,"market_be_price_inc_tax":0,"market_be_sale_price_inc_tax":0,"market_fr_price":0,"market_fr_sale_price":0,"market_fr_active":false,"market_fr_url":null,"market_fr_parent_url":"","market_fr_tax_rate":0,"market_fr_price_inc_tax":0,"market_fr_sale_price_inc_tax":0,"market_ch_price":0,"market_ch_sale_price":0,"market_ch_active":false,"market_ch_url":null,"market_ch_parent_url":"","market_ch_tax_rate":0,"market_ch_price_inc_tax":0,"market_ch_sale_price_inc_tax":0,"market_at_price":0,"market_at_sale_price":0,"market_at_active":false,"market_at_url":null,"market_at_parent_url":"","market_at_tax_rate":0,"market_at_price_inc_tax":0,"market_at_sale_price_inc_tax":0,"market_es_price":0,"market_es_sale_price":0,"market_es_active":false,"market_es_url":null,"market_es_parent_url":"","market_es_tax_rate":0,"market_es_price_inc_tax":0,"market_es_sale_price_inc_tax":0,"market_dk_price":0,"market_dk_sale_price":0,"market_dk_active":false,"market_dk_url":null,"market_dk_parent_url":"","market_dk_tax_rate":0,"market_dk_price_inc_tax":0,"market_dk_sale_price_inc_tax":0,"market_com_price":0,"market_com_sale_price":0,"market_com_active":false,"market_com_url":null,"market_com_parent_url":"","market_com_tax_rate":0,"market_com_price_inc_tax":0,"market_com_sale_price_inc_tax":0,"acf":[],"_links":{"self":[{"href":"https:\/\/www.pharmacy4pets.nl\/be\/wp-json\/wp\/v2\/product\/118419","targetHints":{"allow":["GET"]}}],"collection":[{"href":"https:\/\/www.pharmacy4pets.nl\/be\/wp-json\/wp\/v2\/product"}],"about":[{"href":"https:\/\/www.pharmacy4pets.nl\/be\/wp-json\/wp\/v2\/types\/product"}],"replies":[{"embeddable":true,"href":"https:\/\/www.pharmacy4pets.nl\/be\/wp-json\/wp\/v2\/comments?post=118419"}],"wp:featuredmedia":[{"embeddable":true,"href":"https:\/\/www.pharmacy4pets.nl\/be\/wp-json\/wp\/v2\/media\/118405"}],"wp:attachment":[{"href":"https:\/\/www.pharmacy4pets.nl\/be\/wp-json\/wp\/v2\/media?parent=118419"}],"wp:term":[{"taxonomy":"product_brand","embeddable":true,"href":"https:\/\/www.pharmacy4pets.nl\/be\/wp-json\/wp\/v2\/product_brand?post=118419"},{"taxonomy":"product_cat","embeddable":true,"href":"https:\/\/www.pharmacy4pets.nl\/be\/wp-json\/wp\/v2\/product_cat?post=118419"},{"taxonomy":"product_tag","embeddable":true,"href":"https:\/\/www.pharmacy4pets.nl\/be\/wp-json\/wp\/v2\/product_tag?post=118419"}],"curies":[{"name":"wp","href":"https:\/\/api.w.org\/{rel}","templated":true}]}}