{"id":118415,"date":"2017-07-21T11:08:55","date_gmt":"2017-07-21T11:08:55","guid":{"rendered":"https:\/\/p4p.test\/aavet-aa-glucachon-500-400-2"},"modified":"2026-04-14T08:02:38","modified_gmt":"2026-04-14T08:02:38","slug":"aavet-aa-glucachon-500-400","status":"publish","type":"product","link":"https:\/\/www.pharmacy4pets.nl\/be\/aavet-aa-glucachon-500-400","title":{"rendered":"AA Glucachon 500\/400 30 tabletten"},"content":{"rendered":"<p>AA Glucachon van AA-Vet is een smakelijk voedingssupplement voor honden met stijve gewrichten. AA Glucachon werkt door een juiste dosering van de combinatie glucosamine en chondroitinesulfaat. Het ondersteunt het gewricht, houdt het soepel en is goed voor de aanmaak en de opbouw van kraakbeen in de gewrichten.&nbsp;<br \/>Glucachon is een natuurlijke substantie die door het lichaam van uw hond ook zelf wordt aangemaakt, wordt deze stof goed door uw hond verdragen.<\/p>\n<p><span style=\"text-decoration: underline;\">Toediening:<br \/><\/span>Glucachon 500\/400: eenmaal daags 1 tablet per 15 &#8211; 30 kg lichaamsgewicht<\/p>\n<p><span style=\"text-decoration: underline;\">Dosering:<br \/><\/span>De aanbevolen dagelijkse hoeveelheid is 20mg\/ kg lichaamsgewicht:<\/p>\n<p><span style=\"text-decoration: underline;\">Verpakking:<br \/><\/span>30 tabletten<\/p>\n","protected":false},"excerpt":{"rendered":"<p>AA Glucachon van AA-Vet is een smakelijk voedingssupplement voor honden met stijve gewrichten. AA Glucachon werkt door een juiste dosering van de combinatie glucosamine en chondroitinesulfaat. Het ondersteunt het gewricht, houdt het soepel en is goed voor de aanmaak en de opbouw van kraakbeen in de gewrichten.&nbsp;Glucachon is een natuurlijke substantie die door het lichaam [&hellip;]<\/p>\n","protected":false},"featured_media":118393,"comment_status":"open","ping_status":"closed","template":"","meta":{"_acf_changed":false,"_nl_post_content":"<p>AA Glucachon van AA-Vet is een smakelijk voedingssupplement voor honden met stijve gewrichten. AA Glucachon werkt door een juiste dosering van de combinatie glucosamine en chondroitinesulfaat. Het ondersteunt het gewricht, houdt het soepel en is goed voor de aanmaak en de opbouw van kraakbeen in de gewrichten.&nbsp;<br \/>Glucachon is een natuurlijke substantie die door het lichaam van uw hond ook zelf wordt aangemaakt, wordt deze stof goed door uw hond verdragen.<\/p>\r\n<p><span style=\"text-decoration: underline;\">Toediening:<br \/><\/span>Glucachon 500\/400: eenmaal daags 1 tablet per 15 - 30 kg lichaamsgewicht<\/p>\r\n<p><span style=\"text-decoration: underline;\">Dosering:<br \/><\/span>De aanbevolen dagelijkse hoeveelheid is 20mg\/ kg lichaamsgewicht:<\/p>\r\n<p><span style=\"text-decoration: underline;\">Verpakking:<br \/><\/span>30 tabletten<\/p>","_nl_post_name":"aavet-aa-glucachon-500-400","_nl_post_excerpt":"","_nl_post_title":"AA Glucachon 500\/400 30 tabletten","_en_post_content":"<p>AA Glucachon from AA-Vet is a tasty nutritional supplement for dogs with stiff joints. AA Glucachon works because of the perfect combination of glucosamine and chondroitin sulfate. It supports the joint, keeps it flexible and is good for the formation and build-up of cartilage in the joints.<\/p>\r\n<p>Glucachon is a natural substance made by your dog&rsquo;s own body, the substance will be tolerated very well by your dog.<\/p>\r\n<p><span style=\"text-decoration: underline;\">Administration:<br \/><\/span>Glucachon 500\/400: Daily 1 tablet per 15 - 30 kg body weight<\/p>\r\n<p><span style=\"text-decoration: underline;\">Dosage:<br \/><\/span>-<\/p>\r\n<p><span style=\"text-decoration: underline;\">Package:<br \/><\/span>30 tablets<\/p>","_en_post_name":"aavet-aa-glucachon-500-400","_en_post_excerpt":"","_en_post_title":"AA Glucachon 500\/400 30 tablets","_de_post_content":"<p>AA Glucachon von AA-Vet ist ein Erg&auml;nzungsfuttermittel f&uuml;r Hunde mit steifen Gelenken. AA Glucachon hilft durch eine richtige Dosierung der Kombination von Glucosamin und Chondroitinsulfat. Es unterst&uuml;tzt die Gelenke, h&auml;lt sie geschmeidig und ist gut f&uuml;r die Schaffung und die Struktur des Knorpels in den Gelenken.<\/p>\r\n<p><span style=\"text-decoration: underline;\">Anwendung:<br \/><\/span>Glucachon 500\/400: 1 Tablette pro 15 - 30 kg<\/p>\r\n<p><span style=\"text-decoration: underline;\">Dosierung:<br \/><\/span>-<\/p>\r\n<p><span style=\"text-decoration: underline;\">Verpackung:<br \/><\/span>30 Tabletten<\/p>","_de_post_name":"aavet-aa-glucachon-500-400","_de_post_excerpt":"","_de_post_title":"AA Glucachon 500\/400 30 Tabletten","_fr_post_content":"<p>AA Glucachon van AA-Vet is een smakelijk voedingssupplement voor honden met stijve gewrichten. AA Glucachon werkt door een juiste dosering van de combinatie glucosamine en chondroitinesulfaat. Het ondersteunt het gewricht, houdt het soepel en is goed voor de aanmaak en de opbouw van kraakbeen in de gewrichten.&nbsp;<br \/>Glucachon is een natuurlijke substantie die door het lichaam van uw hond ook zelf wordt aangemaakt, wordt deze stof goed door uw hond verdragen.<\/p>\r\n<p><span style=\"text-decoration: underline;\">Toediening:<br \/><\/span>Glucachon 500\/400: eenmaal daags 1 tablet per 15 - 30 kg lichaamsgewicht<\/p>\r\n<p><span style=\"text-decoration: underline;\">Dosering:<br \/><\/span>De aanbevolen dagelijkse hoeveelheid is 20mg\/ kg lichaamsgewicht:<\/p>\r\n<p><span style=\"text-decoration: underline;\">Verpakking:<br \/><\/span>30 tabletten<\/p>","_fr_post_name":"aavet-aa-glucachon-500-400","_fr_post_excerpt":"","_fr_post_title":"AA Glucachon 500\/400 30 tabletten","_es_post_content":"<p>AA Glucachon de AA-Vet es un sabroso complemento alimenticio para perros con rigidez en las articulaciones. AA Glucachone funciona a trav\u00e9s de una dosis correcta de la combinaci\u00f3n de glucosamina y sulfato de condroitina. Da soporte a la articulaci\u00f3n, la mantiene flexible y es bueno para la producci\u00f3n y construcci\u00f3n de cart\u00edlago en las articulaciones.<br \/>La glucachona es una sustancia natural que el cuerpo de su perro tambi\u00e9n produce, esta sustancia es bien tolerada por su perro.<\/p>\r\n<p><span style=\"text-decoration: underline;\">Administraci\u00f3n:<\/span><br \/>Glucachone 500\/400: una vez al d\u00eda 1 comprimido por cada 15 - 30 kg de peso corporal<\/p>\r\n<p><span style=\"text-decoration: underline;\">Dosis:<\/span><br \/>La cantidad diaria recomendada es de 20 mg\/kg de peso corporal:<\/p>\r\n<p><span style=\"text-decoration: underline;\">Embalaje:<\/span><br \/>30 tabletas<\/p>","_es_post_name":"aavet-aa-glucachon-500-400","_es_post_excerpt":"","_es_post_title":"AA Glucachon 500\/400 30 pastillas","edit_language":"nl"},"product_brand":[],"product_cat":[1898,1972,1843,1117,1839,1857],"product_tag":[],"class_list":{"0":"post-118415","1":"product","2":"type-product","3":"status-publish","4":"has-post-thumbnail","6":"product_cat-a-a-glucachon","7":"product_cat-artrose","8":"product_cat-gewrichten","9":"product_cat-honden","10":"product_cat-medicijnen-supplementen","11":"product_cat-merken","12":"pa_aandoening-gewrichten","13":"pa_doeldier-hond","14":"pa_fabricatieland-nederland","15":"pa_merkfilter-a_a_glucachon","16":"pa_merkgroep-aa_vet","17":"pa_productsoort-voedingssupplement","18":"pa_seo_canonical_store_id-not_found_value","19":"pa_seo_category-not_found_value","20":"pa_seo_meta_robots-not_found_value","21":"pa_toedieningswijze-tabletten","22":"pa_unit_pricing_base_measure-1ct","23":"pa_unit_pricing_measure-30ct","24":"pa_werkzamestof-overig","26":"first","27":"instock","28":"taxable","29":"shipping-taxable","30":"purchasable","31":"product-type-simple"},"yoast_head":"<!-- This site is optimized with the Yoast SEO plugin v27.5 - https:\/\/yoast.com\/product\/yoast-seo-wordpress\/ -->\n<title>AA Glucachon | AA-Vet | Gewrichten Hond<\/title>\n<meta name=\"description\" content=\"AA Glucachon van AA-Vet is een smakelijk voedingssupplement voor honden met stijve gewrichten. Ondersteunt het gewricht en houdt het soepel.\" \/>\n<meta name=\"robots\" content=\"index, follow, max-snippet:-1, max-image-preview:large, max-video-preview:-1\" \/>\n<link rel=\"canonical\" href=\"https:\/\/p4p-nl.bootmine.com\/%product-slug%\/aavet-aa-glucachon-500-400\" \/>\n<meta property=\"og:locale\" content=\"nl_NL\" \/>\n<meta property=\"og:type\" content=\"article\" \/>\n<meta property=\"og:title\" content=\"AA Glucachon | AA-Vet | Gewrichten Hond\" \/>\n<meta property=\"og:description\" content=\"AA Glucachon van AA-Vet is een smakelijk voedingssupplement voor honden met stijve gewrichten. Ondersteunt het gewricht en houdt het soepel.\" \/>\n<meta property=\"og:url\" content=\"https:\/\/p4p-nl.bootmine.com\/%product-slug%\/aavet-aa-glucachon-500-400\" \/>\n<meta property=\"og:site_name\" content=\"Pharmacy4pets\" \/>\n<meta property=\"article:publisher\" content=\"https:\/\/www.facebook.com\/people\/Pharmacy4petsnl\/100063484989896\/\" \/>\n<meta property=\"article:modified_time\" content=\"2026-04-14T08:02:38+00:00\" \/>\n<meta property=\"og:image\" content=\"https:\/\/p4p-nl.bootmine.com\/wp-content\/uploads\/2017\/07\/aa-glucachon-500_1.jpg\" \/>\n\t<meta property=\"og:image:width\" content=\"1000\" \/>\n\t<meta property=\"og:image:height\" content=\"1000\" \/>\n\t<meta property=\"og:image:type\" content=\"image\/jpeg\" \/>\n<meta name=\"twitter:card\" content=\"summary_large_image\" \/>\n<script type=\"application\/ld+json\" class=\"yoast-schema-graph\">{\"@context\":\"https:\\\/\\\/schema.org\",\"@graph\":[{\"@type\":\"WebPage\",\"@id\":\"https:\\\/\\\/p4p-nl.bootmine.com\\\/%product-slug%\\\/aavet-aa-glucachon-500-400\",\"url\":\"https:\\\/\\\/p4p-nl.bootmine.com\\\/%product-slug%\\\/aavet-aa-glucachon-500-400\",\"name\":\"AA Glucachon | AA-Vet | Gewrichten Hond\",\"isPartOf\":{\"@id\":\"http:\\\/\\\/www.pharmacy4pets.nl\\\/#website\"},\"primaryImageOfPage\":{\"@id\":\"https:\\\/\\\/p4p-nl.bootmine.com\\\/%product-slug%\\\/aavet-aa-glucachon-500-400#primaryimage\"},\"image\":{\"@id\":\"https:\\\/\\\/p4p-nl.bootmine.com\\\/%product-slug%\\\/aavet-aa-glucachon-500-400#primaryimage\"},\"thumbnailUrl\":\"https:\\\/\\\/www.pharmacy4pets.nl\\\/wp-content\\\/uploads\\\/2017\\\/07\\\/aa-glucachon-500_1.jpg\",\"datePublished\":\"2017-07-21T11:08:55+00:00\",\"dateModified\":\"2026-04-14T08:02:38+00:00\",\"description\":\"AA Glucachon van AA-Vet is een smakelijk voedingssupplement voor honden met stijve gewrichten. Ondersteunt het gewricht en houdt het soepel.\",\"breadcrumb\":{\"@id\":\"https:\\\/\\\/p4p-nl.bootmine.com\\\/%product-slug%\\\/aavet-aa-glucachon-500-400#breadcrumb\"},\"inLanguage\":\"nl-NL\",\"potentialAction\":[{\"@type\":\"ReadAction\",\"target\":[\"https:\\\/\\\/p4p-nl.bootmine.com\\\/%product-slug%\\\/aavet-aa-glucachon-500-400\"]}]},{\"@type\":\"ImageObject\",\"inLanguage\":\"nl-NL\",\"@id\":\"https:\\\/\\\/p4p-nl.bootmine.com\\\/%product-slug%\\\/aavet-aa-glucachon-500-400#primaryimage\",\"url\":\"https:\\\/\\\/www.pharmacy4pets.nl\\\/wp-content\\\/uploads\\\/2017\\\/07\\\/aa-glucachon-500_1.jpg\",\"contentUrl\":\"https:\\\/\\\/www.pharmacy4pets.nl\\\/wp-content\\\/uploads\\\/2017\\\/07\\\/aa-glucachon-500_1.jpg\",\"width\":1000,\"height\":1000,\"caption\":\"AA-Glucachon 500-400\"},{\"@type\":\"BreadcrumbList\",\"@id\":\"https:\\\/\\\/p4p-nl.bootmine.com\\\/%product-slug%\\\/aavet-aa-glucachon-500-400#breadcrumb\",\"itemListElement\":[{\"@type\":\"ListItem\",\"position\":1,\"name\":\"Home\",\"item\":\"https:\\\/\\\/p4p-nl.bootmine.com\\\/\"},{\"@type\":\"ListItem\",\"position\":2,\"name\":\"Winkel\",\"item\":\"https:\\\/\\\/p4p-nl.bootmine.com\\\/winkel\"},{\"@type\":\"ListItem\",\"position\":3,\"name\":\"AA Glucachon 500\\\/400 30 tabletten\"}]},{\"@type\":\"WebSite\",\"@id\":\"http:\\\/\\\/www.pharmacy4pets.nl\\\/#website\",\"url\":\"http:\\\/\\\/www.pharmacy4pets.nl\\\/\",\"name\":\"Pharmacy4pets\",\"description\":\"Pharmacy4pets.nl is d\u00e9 online apotheek waar u terecht kunt voor alle diergeneesmiddelen, verzorgingsproducten en dieetvoeding voor uw huisdier.\",\"publisher\":{\"@id\":\"http:\\\/\\\/www.pharmacy4pets.nl\\\/#organization\"},\"potentialAction\":[{\"@type\":\"SearchAction\",\"target\":{\"@type\":\"EntryPoint\",\"urlTemplate\":\"http:\\\/\\\/www.pharmacy4pets.nl\\\/?s={search_term_string}\"},\"query-input\":{\"@type\":\"PropertyValueSpecification\",\"valueRequired\":true,\"valueName\":\"search_term_string\"}}],\"inLanguage\":\"nl-NL\"},{\"@type\":\"Organization\",\"@id\":\"http:\\\/\\\/www.pharmacy4pets.nl\\\/#organization\",\"name\":\"Pharmacy4pets\",\"url\":\"http:\\\/\\\/www.pharmacy4pets.nl\\\/\",\"logo\":{\"@type\":\"ImageObject\",\"inLanguage\":\"nl-NL\",\"@id\":\"http:\\\/\\\/www.pharmacy4pets.nl\\\/#\\\/schema\\\/logo\\\/image\\\/\",\"url\":\"https:\\\/\\\/p4p-nl.bootmine.com\\\/wp-content\\\/uploads\\\/2026\\\/03\\\/logo-pharmacy4pets.png\",\"contentUrl\":\"https:\\\/\\\/p4p-nl.bootmine.com\\\/wp-content\\\/uploads\\\/2026\\\/03\\\/logo-pharmacy4pets.png\",\"width\":1024,\"height\":135,\"caption\":\"Pharmacy4pets\"},\"image\":{\"@id\":\"http:\\\/\\\/www.pharmacy4pets.nl\\\/#\\\/schema\\\/logo\\\/image\\\/\"},\"sameAs\":[\"https:\\\/\\\/www.facebook.com\\\/people\\\/Pharmacy4petsnl\\\/100063484989896\\\/\",\"https:\\\/\\\/www.youtube.com\\\/channel\\\/UCGPTIgucgli03tP2_kvLkHg\\\/featured\",\"https:\\\/\\\/www.instagram.com\\\/pharmacy4pets.nl\"]}]}<\/script>\n<!-- \/ Yoast SEO plugin. -->","yoast_head_json":{"title":"AA Glucachon | AA-Vet | Gewrichten Hond","description":"AA Glucachon van AA-Vet is een smakelijk voedingssupplement voor honden met stijve gewrichten. Ondersteunt het gewricht en houdt het soepel.","robots":{"index":"index","follow":"follow","max-snippet":"max-snippet:-1","max-image-preview":"max-image-preview:large","max-video-preview":"max-video-preview:-1"},"canonical":"https:\/\/p4p-nl.bootmine.com\/%product-slug%\/aavet-aa-glucachon-500-400","og_locale":"nl_NL","og_type":"article","og_title":"AA Glucachon | AA-Vet | Gewrichten Hond","og_description":"AA Glucachon van AA-Vet is een smakelijk voedingssupplement voor honden met stijve gewrichten. Ondersteunt het gewricht en houdt het soepel.","og_url":"https:\/\/p4p-nl.bootmine.com\/%product-slug%\/aavet-aa-glucachon-500-400","og_site_name":"Pharmacy4pets","article_publisher":"https:\/\/www.facebook.com\/people\/Pharmacy4petsnl\/100063484989896\/","article_modified_time":"2026-04-14T08:02:38+00:00","og_image":[{"width":1000,"height":1000,"url":"https:\/\/p4p-nl.bootmine.com\/wp-content\/uploads\/2017\/07\/aa-glucachon-500_1.jpg","type":"image\/jpeg"}],"twitter_card":"summary_large_image","schema":{"@context":"https:\/\/schema.org","@graph":[{"@type":"WebPage","@id":"https:\/\/p4p-nl.bootmine.com\/%product-slug%\/aavet-aa-glucachon-500-400","url":"https:\/\/p4p-nl.bootmine.com\/%product-slug%\/aavet-aa-glucachon-500-400","name":"AA Glucachon | AA-Vet | Gewrichten Hond","isPartOf":{"@id":"http:\/\/www.pharmacy4pets.nl\/#website"},"primaryImageOfPage":{"@id":"https:\/\/p4p-nl.bootmine.com\/%product-slug%\/aavet-aa-glucachon-500-400#primaryimage"},"image":{"@id":"https:\/\/p4p-nl.bootmine.com\/%product-slug%\/aavet-aa-glucachon-500-400#primaryimage"},"thumbnailUrl":"https:\/\/www.pharmacy4pets.nl\/wp-content\/uploads\/2017\/07\/aa-glucachon-500_1.jpg","datePublished":"2017-07-21T11:08:55+00:00","dateModified":"2026-04-14T08:02:38+00:00","description":"AA Glucachon van AA-Vet is een smakelijk voedingssupplement voor honden met stijve gewrichten. Ondersteunt het gewricht en houdt het soepel.","breadcrumb":{"@id":"https:\/\/p4p-nl.bootmine.com\/%product-slug%\/aavet-aa-glucachon-500-400#breadcrumb"},"inLanguage":"nl-NL","potentialAction":[{"@type":"ReadAction","target":["https:\/\/p4p-nl.bootmine.com\/%product-slug%\/aavet-aa-glucachon-500-400"]}]},{"@type":"ImageObject","inLanguage":"nl-NL","@id":"https:\/\/p4p-nl.bootmine.com\/%product-slug%\/aavet-aa-glucachon-500-400#primaryimage","url":"https:\/\/www.pharmacy4pets.nl\/wp-content\/uploads\/2017\/07\/aa-glucachon-500_1.jpg","contentUrl":"https:\/\/www.pharmacy4pets.nl\/wp-content\/uploads\/2017\/07\/aa-glucachon-500_1.jpg","width":1000,"height":1000,"caption":"AA-Glucachon 500-400"},{"@type":"BreadcrumbList","@id":"https:\/\/p4p-nl.bootmine.com\/%product-slug%\/aavet-aa-glucachon-500-400#breadcrumb","itemListElement":[{"@type":"ListItem","position":1,"name":"Home","item":"https:\/\/p4p-nl.bootmine.com\/"},{"@type":"ListItem","position":2,"name":"Winkel","item":"https:\/\/p4p-nl.bootmine.com\/winkel"},{"@type":"ListItem","position":3,"name":"AA Glucachon 500\/400 30 tabletten"}]},{"@type":"WebSite","@id":"http:\/\/www.pharmacy4pets.nl\/#website","url":"http:\/\/www.pharmacy4pets.nl\/","name":"Pharmacy4pets","description":"Pharmacy4pets.nl is d\u00e9 online apotheek waar u terecht kunt voor alle diergeneesmiddelen, verzorgingsproducten en dieetvoeding voor uw huisdier.","publisher":{"@id":"http:\/\/www.pharmacy4pets.nl\/#organization"},"potentialAction":[{"@type":"SearchAction","target":{"@type":"EntryPoint","urlTemplate":"http:\/\/www.pharmacy4pets.nl\/?s={search_term_string}"},"query-input":{"@type":"PropertyValueSpecification","valueRequired":true,"valueName":"search_term_string"}}],"inLanguage":"nl-NL"},{"@type":"Organization","@id":"http:\/\/www.pharmacy4pets.nl\/#organization","name":"Pharmacy4pets","url":"http:\/\/www.pharmacy4pets.nl\/","logo":{"@type":"ImageObject","inLanguage":"nl-NL","@id":"http:\/\/www.pharmacy4pets.nl\/#\/schema\/logo\/image\/","url":"https:\/\/p4p-nl.bootmine.com\/wp-content\/uploads\/2026\/03\/logo-pharmacy4pets.png","contentUrl":"https:\/\/p4p-nl.bootmine.com\/wp-content\/uploads\/2026\/03\/logo-pharmacy4pets.png","width":1024,"height":135,"caption":"Pharmacy4pets"},"image":{"@id":"http:\/\/www.pharmacy4pets.nl\/#\/schema\/logo\/image\/"},"sameAs":["https:\/\/www.facebook.com\/people\/Pharmacy4petsnl\/100063484989896\/","https:\/\/www.youtube.com\/channel\/UCGPTIgucgli03tP2_kvLkHg\/featured","https:\/\/www.instagram.com\/pharmacy4pets.nl"]}]}},"market_data":{"nl":{"price":0,"sale_price":0,"active":false,"url":null,"parent_url":"","tax_rate":0,"price_inc_tax":0,"sale_price_inc_tax":0},"de":{"price":0,"sale_price":0,"active":false,"url":null,"parent_url":"","tax_rate":0,"price_inc_tax":0,"sale_price_inc_tax":0},"be":{"price":0,"sale_price":0,"active":false,"url":null,"parent_url":"","tax_rate":0,"price_inc_tax":0,"sale_price_inc_tax":0},"fr":{"price":0,"sale_price":0,"active":false,"url":null,"parent_url":"","tax_rate":0,"price_inc_tax":0,"sale_price_inc_tax":0},"ch":{"price":0,"sale_price":0,"active":false,"url":null,"parent_url":"","tax_rate":0,"price_inc_tax":0,"sale_price_inc_tax":0},"at":{"price":0,"sale_price":0,"active":false,"url":null,"parent_url":"","tax_rate":0,"price_inc_tax":0,"sale_price_inc_tax":0},"es":{"price":0,"sale_price":0,"active":false,"url":null,"parent_url":"","tax_rate":0,"price_inc_tax":0,"sale_price_inc_tax":0},"dk":{"price":0,"sale_price":0,"active":false,"url":null,"parent_url":"","tax_rate":0,"price_inc_tax":0,"sale_price_inc_tax":0},"com":{"price":0,"sale_price":0,"active":false,"url":null,"parent_url":"","tax_rate":0,"price_inc_tax":0,"sale_price_inc_tax":0}},"market_nl_price":0,"market_nl_sale_price":0,"market_nl_active":false,"market_nl_url":null,"market_nl_parent_url":"","market_nl_tax_rate":0,"market_nl_price_inc_tax":0,"market_nl_sale_price_inc_tax":0,"market_de_price":0,"market_de_sale_price":0,"market_de_active":false,"market_de_url":null,"market_de_parent_url":"","market_de_tax_rate":0,"market_de_price_inc_tax":0,"market_de_sale_price_inc_tax":0,"market_be_price":0,"market_be_sale_price":0,"market_be_active":false,"market_be_url":null,"market_be_parent_url":"","market_be_tax_rate":0,"market_be_price_inc_tax":0,"market_be_sale_price_inc_tax":0,"market_fr_price":0,"market_fr_sale_price":0,"market_fr_active":false,"market_fr_url":null,"market_fr_parent_url":"","market_fr_tax_rate":0,"market_fr_price_inc_tax":0,"market_fr_sale_price_inc_tax":0,"market_ch_price":0,"market_ch_sale_price":0,"market_ch_active":false,"market_ch_url":null,"market_ch_parent_url":"","market_ch_tax_rate":0,"market_ch_price_inc_tax":0,"market_ch_sale_price_inc_tax":0,"market_at_price":0,"market_at_sale_price":0,"market_at_active":false,"market_at_url":null,"market_at_parent_url":"","market_at_tax_rate":0,"market_at_price_inc_tax":0,"market_at_sale_price_inc_tax":0,"market_es_price":0,"market_es_sale_price":0,"market_es_active":false,"market_es_url":null,"market_es_parent_url":"","market_es_tax_rate":0,"market_es_price_inc_tax":0,"market_es_sale_price_inc_tax":0,"market_dk_price":0,"market_dk_sale_price":0,"market_dk_active":false,"market_dk_url":null,"market_dk_parent_url":"","market_dk_tax_rate":0,"market_dk_price_inc_tax":0,"market_dk_sale_price_inc_tax":0,"market_com_price":0,"market_com_sale_price":0,"market_com_active":false,"market_com_url":null,"market_com_parent_url":"","market_com_tax_rate":0,"market_com_price_inc_tax":0,"market_com_sale_price_inc_tax":0,"acf":[],"_links":{"self":[{"href":"https:\/\/www.pharmacy4pets.nl\/be\/wp-json\/wp\/v2\/product\/118415","targetHints":{"allow":["GET"]}}],"collection":[{"href":"https:\/\/www.pharmacy4pets.nl\/be\/wp-json\/wp\/v2\/product"}],"about":[{"href":"https:\/\/www.pharmacy4pets.nl\/be\/wp-json\/wp\/v2\/types\/product"}],"replies":[{"embeddable":true,"href":"https:\/\/www.pharmacy4pets.nl\/be\/wp-json\/wp\/v2\/comments?post=118415"}],"wp:featuredmedia":[{"embeddable":true,"href":"https:\/\/www.pharmacy4pets.nl\/be\/wp-json\/wp\/v2\/media\/118393"}],"wp:attachment":[{"href":"https:\/\/www.pharmacy4pets.nl\/be\/wp-json\/wp\/v2\/media?parent=118415"}],"wp:term":[{"taxonomy":"product_brand","embeddable":true,"href":"https:\/\/www.pharmacy4pets.nl\/be\/wp-json\/wp\/v2\/product_brand?post=118415"},{"taxonomy":"product_cat","embeddable":true,"href":"https:\/\/www.pharmacy4pets.nl\/be\/wp-json\/wp\/v2\/product_cat?post=118415"},{"taxonomy":"product_tag","embeddable":true,"href":"https:\/\/www.pharmacy4pets.nl\/be\/wp-json\/wp\/v2\/product_tag?post=118415"}],"curies":[{"name":"wp","href":"https:\/\/api.w.org\/{rel}","templated":true}]}}