{"id":118412,"date":"2017-07-21T09:45:07","date_gmt":"2017-07-21T09:45:07","guid":{"rendered":"https:\/\/p4p.test\/aavet-aa-diarstop-large-dog-30-2"},"modified":"2026-04-14T08:02:37","modified_gmt":"2026-04-14T08:02:37","slug":"aavet-aa-diarstop-large-dog-30","status":"publish","type":"product","link":"https:\/\/www.pharmacy4pets.nl\/be\/aavet-aa-diarstop-large-dog-30","title":{"rendered":"AA Diarstop Large Dog 3&#215;10 tabletten"},"content":{"rendered":"<p>AA Diarstop is een aanvullend diervoeder voor grote honden dat helpt de ontlasting dikker te maken en het behoud van een normale zuurgraad in de maag ondersteunt. AA Diarstop bevordert een normale en natuurlijke darmwerking en ondersteunt dieetmaatregelen.<\/p>\n<p><span style=\"text-decoration: underline;\">Toediening:<br \/><\/span>Uitsluitend oraal toedienen, rechtstreeks in de bek of met het voer vermengen.<br \/>AA Diarstop Large Dog: 1 tablet per 25 kg lichaamsgewicht, tweemaal daags, gedurende 2-3 dagen.<\/p>\n<p><span style=\"text-decoration: underline;\">Dosering:<br \/><\/span>1 tablet per 25kg lichaamsgewicht<\/p>\n<p><span style=\"text-decoration: underline;\">Verpakking:<br \/><\/span>3&#215;10 tabletten<\/p>\n","protected":false},"excerpt":{"rendered":"<p>AA Diarstop is een aanvullend diervoeder voor grote honden dat helpt de ontlasting dikker te maken en het behoud van een normale zuurgraad in de maag ondersteunt. AA Diarstop bevordert een normale en natuurlijke darmwerking en ondersteunt dieetmaatregelen. Toediening:Uitsluitend oraal toedienen, rechtstreeks in de bek of met het voer vermengen.AA Diarstop Large Dog: 1 tablet [&hellip;]<\/p>\n","protected":false},"featured_media":118380,"comment_status":"open","ping_status":"closed","template":"","meta":{"_acf_changed":false,"_nl_post_content":"<p>AA Diarstop is een aanvullend diervoeder voor grote honden dat helpt de ontlasting dikker te maken en het behoud van een normale zuurgraad in de maag ondersteunt. AA Diarstop bevordert een normale en natuurlijke darmwerking en ondersteunt dieetmaatregelen.<\/p>\r\n<p><span style=\"text-decoration: underline;\">Toediening:<br \/><\/span>Uitsluitend oraal toedienen, rechtstreeks in de bek of met het voer vermengen.<br \/>AA Diarstop Large Dog: 1 tablet per 25 kg lichaamsgewicht, tweemaal daags, gedurende 2-3 dagen.<\/p>\r\n<p><span style=\"text-decoration: underline;\">Dosering:<br \/><\/span>1 tablet per 25kg lichaamsgewicht<\/p>\r\n<p><span style=\"text-decoration: underline;\">Verpakking:<br \/><\/span>3x10 tabletten<\/p>","_nl_post_name":"aavet-aa-diarstop-large-dog-30","_nl_post_excerpt":"","_nl_post_title":"AA Diarstop Large Dog 3x10 tabletten","_en_post_content":"<p>AA Diarstop from AA-Vet is an additional nutrition supplement for large dogs, for gastrointestinal disorders such as diarrhea and stomach acid.<br \/>AA Diarstop reduces absorption-disturbances in acute and thin feces and gives a protective layer to the intestinal mucosa. It contributes to normal and natural bowel movement and supports dietary measures.<br \/>AA Diarstop supports an antibacterial \/ anti-parasitic treatment of diseases of the intestinal tract.<\/p>\r\n<p><span style=\"text-decoration: underline;\">Administration:<br \/><\/span>Only for oral use, give directly into the mouth or mix with the food.<br \/>AA Diarstop: 1 tablet per 25kg body weight, twice a day, repeat for 2-3 days<\/p>\r\n<p><span style=\"text-decoration: underline;\">Dosage:<br \/><\/span>1 tablet per 25kg body weight<\/p>\r\n<p><span style=\"text-decoration: underline;\">Package:<br \/><\/span>3x10 tablets.<\/p>","_en_post_name":"aavet-aa-diarstop-large-dog-30","_en_post_excerpt":"","_en_post_title":"AA Diarstop Large Dog 3x10 tablets","_de_post_content":"<p>AA Diarstop von AA-Vet ist ein Erg&auml;nzungsfuttermittel f&uuml;r gro&szlig;e Hunde, f&uuml;r Magen-Darm-Erkrankungen wie Durchfall und Magens&auml;ure.<br \/>Die Inhaltsstoffe legen sich sch&uuml;tzend &uuml;ber die Darmschleimhaut. Damit f&ouml;rdert Diarstop die nat&uuml;rliche Verdauung und unterst&uuml;tzt das Di&auml;tfutter Ihres Haustieres.<br \/>AA Diarstop unterst&uuml;tzt eine antibakterielle \/ anti-parasit&auml;re Behandlung von Erkrankungen des Verdauungstraktes.<\/p>\r\n<p><span style=\"text-decoration: underline;\">Anwendung:<br \/><\/span>Tabletten direkt ins Maul geben oder unter das Futter mischen.<br \/>AA Diarstop Large Dog: 1 Tablette pro 25 kg K&ouml;rpergewicht, 2 mal t&auml;glich, Dauer 2-3 Tage.<\/p>\r\n<p><span style=\"text-decoration: underline;\">Dosierung:<br \/><\/span>1 Tablette pro 25kg K&ouml;rpergewicht<\/p>\r\n<p><span style=\"text-decoration: underline;\">Verpackung:<br \/><\/span>3x10 Tabletten<\/p>","_de_post_name":"aavet-aa-diarstop-large-dog-30","_de_post_excerpt":"","_de_post_title":"AA Diarstop Large Dog 3x10 Tabletten","_fr_post_content":"<p>AA-Vet AA Diarstop est un aliment compl\u00e9mentaire pour chiens et chats pour les troubles gastro-intestinaux tels que la diarrh\u00e9e et les br\u00fblures d'estomac.<\/p>\r\n<p>Il r\u00e9duit les troubles d'absorption dans les selles aigu\u00ebs et molles et fournit une couche protectrice sur la muqueuse intestinale. AA Diarstop contribue \u00e0 une fonction intestinale normale et naturelle et soutient les mesures di\u00e9t\u00e9tiques.<\/p>\r\n<p>AA Diarstop soutient un traitement antibact\u00e9rien\/antiparasitaire des troubles du tractus intestinal.<\/p>\r\n<p><span style=\"text-decoration-line: underline;\">Administration\u00a0:<br \/><\/span>Administrer uniquement par voie orale, directement dans la bouche ou m\u00e9langer avec de la nourriture.<br \/>AA Diarstop\u00a0: 1 comprim\u00e9 par 10\u00a0kg de poids corporel, deux fois par jour, pendant 2 \u00e0 3\u00a0jours.<br \/>AA Diarstop Grand Chien\u00a0: 1 comprim\u00e9 par 25\u00a0kg de poids corporel, deux fois par jour, pendant 2-3 jours.<\/p>","_fr_post_name":"aa-diarstop-grand-chien-30-comprimes","_fr_post_excerpt":"","_fr_post_title":"AA Diarstop grand chien 3x10 comprim\u00e9s","_es_post_content":"<p>AA Diarstop Large Dog de AA-Vet es un complemento alimenticio para perros grandes, para trastornos del tracto gastrointestinal como diarrea y acidez estomacal. Reduce los trastornos de absorci\u00f3n en heces agudas y blandas y proporciona una capa protectora sobre la mucosa intestinal. AA Diarstop contribuye a una funci\u00f3n intestinal normal y natural y apoya las medidas diet\u00e9ticas.<br \/>AA Diarstop apoya un tratamiento antibacteriano\/antiparasitario de los trastornos del tracto intestinal.<\/p>\r\n<p><span style=\"text-decoration: underline;\">Administraci\u00f3n:<\/span><br \/>Administrar \u00fanicamente por v\u00eda oral, directamente en la boca o mezclado con los alimentos.<br \/>AA Diarstop Large Dog: 1 comprimido por cada 25 kg de peso corporal, dos veces al d\u00eda, durante 2-3 d\u00edas.<\/p>\r\n<p><span style=\"text-decoration: underline;\">Dosis:<\/span><br \/>1 comprimido por cada 25 kg de peso corporal<\/p>\r\n<p><span style=\"text-decoration: underline;\">Embalaje:<\/span><br \/>3x10 tabletas<\/p>","_es_post_name":"aavet-aa-diarstop-large-dog-30","_es_post_excerpt":"","_es_post_title":"AA Diarstop Large Dog 3x10 pastillas","edit_language":"nl"},"product_brand":[],"product_cat":[1897,1975,1117,1848,1839,1857],"product_tag":[],"class_list":{"0":"post-118412","1":"product","2":"type-product","3":"status-publish","4":"has-post-thumbnail","6":"product_cat-a-a-diarstop","7":"product_cat-diarree","8":"product_cat-honden","9":"product_cat-maag-darmen","10":"product_cat-medicijnen-supplementen","11":"product_cat-merken","12":"pa_aandoening-maag_darmen","13":"pa_doeldier-hond","14":"pa_fabricatieland-nederland","15":"pa_merkfilter-a_a_diarstop","16":"pa_merkgroep-aa_vet","17":"pa_productsoort-voedingssupplement","18":"pa_seo_canonical_store_id-not_found_value","19":"pa_seo_category-not_found_value","20":"pa_seo_meta_robots-not_found_value","21":"pa_toedieningswijze-tabletten","22":"pa_unit_pricing_base_measure-1ct","23":"pa_unit_pricing_measure-30ct","24":"pa_werkzamestof-overig","26":"first","27":"instock","28":"taxable","29":"shipping-taxable","30":"purchasable","31":"product-type-simple"},"yoast_head":"<!-- This site is optimized with the Yoast SEO plugin v27.5 - https:\/\/yoast.com\/product\/yoast-seo-wordpress\/ -->\n<title>AA Diarstop Large Dog | AA-Vet | Diarree Hond<\/title>\n<meta name=\"description\" content=\"AA Diarstop van AA-Vet is een aanvullend diervoeder voor grote honden, bij aandoeningen van het maag-darmkanaal zoals diarree en maagzuur.\" \/>\n<meta name=\"robots\" content=\"index, follow, max-snippet:-1, max-image-preview:large, max-video-preview:-1\" \/>\n<link rel=\"canonical\" href=\"https:\/\/p4p-nl.bootmine.com\/%product-slug%\/aavet-aa-diarstop-large-dog-30\" \/>\n<meta property=\"og:locale\" content=\"nl_NL\" \/>\n<meta property=\"og:type\" content=\"article\" \/>\n<meta property=\"og:title\" content=\"AA Diarstop Large Dog | AA-Vet | Diarree Hond\" \/>\n<meta property=\"og:description\" content=\"AA Diarstop van AA-Vet is een aanvullend diervoeder voor grote honden, bij aandoeningen van het maag-darmkanaal zoals diarree en maagzuur.\" \/>\n<meta property=\"og:url\" content=\"https:\/\/p4p-nl.bootmine.com\/%product-slug%\/aavet-aa-diarstop-large-dog-30\" \/>\n<meta property=\"og:site_name\" content=\"Pharmacy4pets\" \/>\n<meta property=\"article:publisher\" content=\"https:\/\/www.facebook.com\/people\/Pharmacy4petsnl\/100063484989896\/\" \/>\n<meta property=\"article:modified_time\" content=\"2026-04-14T08:02:37+00:00\" \/>\n<meta property=\"og:image\" content=\"https:\/\/p4p-nl.bootmine.com\/wp-content\/uploads\/2017\/07\/23124_en_23123.jpg\" \/>\n\t<meta property=\"og:image:width\" content=\"600\" \/>\n\t<meta property=\"og:image:height\" content=\"600\" \/>\n\t<meta property=\"og:image:type\" content=\"image\/jpeg\" \/>\n<meta name=\"twitter:card\" content=\"summary_large_image\" \/>\n<script type=\"application\/ld+json\" class=\"yoast-schema-graph\">{\"@context\":\"https:\\\/\\\/schema.org\",\"@graph\":[{\"@type\":\"WebPage\",\"@id\":\"https:\\\/\\\/p4p-nl.bootmine.com\\\/%product-slug%\\\/aavet-aa-diarstop-large-dog-30\",\"url\":\"https:\\\/\\\/p4p-nl.bootmine.com\\\/%product-slug%\\\/aavet-aa-diarstop-large-dog-30\",\"name\":\"AA Diarstop Large Dog | AA-Vet | Diarree Hond\",\"isPartOf\":{\"@id\":\"http:\\\/\\\/www.pharmacy4pets.nl\\\/#website\"},\"primaryImageOfPage\":{\"@id\":\"https:\\\/\\\/p4p-nl.bootmine.com\\\/%product-slug%\\\/aavet-aa-diarstop-large-dog-30#primaryimage\"},\"image\":{\"@id\":\"https:\\\/\\\/p4p-nl.bootmine.com\\\/%product-slug%\\\/aavet-aa-diarstop-large-dog-30#primaryimage\"},\"thumbnailUrl\":\"https:\\\/\\\/www.pharmacy4pets.nl\\\/wp-content\\\/uploads\\\/2017\\\/07\\\/23124_en_23123.jpg\",\"datePublished\":\"2017-07-21T09:45:07+00:00\",\"dateModified\":\"2026-04-14T08:02:37+00:00\",\"description\":\"AA Diarstop van AA-Vet is een aanvullend diervoeder voor grote honden, bij aandoeningen van het maag-darmkanaal zoals diarree en maagzuur.\",\"breadcrumb\":{\"@id\":\"https:\\\/\\\/p4p-nl.bootmine.com\\\/%product-slug%\\\/aavet-aa-diarstop-large-dog-30#breadcrumb\"},\"inLanguage\":\"nl-NL\",\"potentialAction\":[{\"@type\":\"ReadAction\",\"target\":[\"https:\\\/\\\/p4p-nl.bootmine.com\\\/%product-slug%\\\/aavet-aa-diarstop-large-dog-30\"]}]},{\"@type\":\"ImageObject\",\"inLanguage\":\"nl-NL\",\"@id\":\"https:\\\/\\\/p4p-nl.bootmine.com\\\/%product-slug%\\\/aavet-aa-diarstop-large-dog-30#primaryimage\",\"url\":\"https:\\\/\\\/www.pharmacy4pets.nl\\\/wp-content\\\/uploads\\\/2017\\\/07\\\/23124_en_23123.jpg\",\"contentUrl\":\"https:\\\/\\\/www.pharmacy4pets.nl\\\/wp-content\\\/uploads\\\/2017\\\/07\\\/23124_en_23123.jpg\",\"width\":600,\"height\":600,\"caption\":\"A.A. Diarstop Large Dog 3 x 10\"},{\"@type\":\"BreadcrumbList\",\"@id\":\"https:\\\/\\\/p4p-nl.bootmine.com\\\/%product-slug%\\\/aavet-aa-diarstop-large-dog-30#breadcrumb\",\"itemListElement\":[{\"@type\":\"ListItem\",\"position\":1,\"name\":\"Home\",\"item\":\"https:\\\/\\\/p4p-nl.bootmine.com\\\/\"},{\"@type\":\"ListItem\",\"position\":2,\"name\":\"Winkel\",\"item\":\"https:\\\/\\\/p4p-nl.bootmine.com\\\/winkel\"},{\"@type\":\"ListItem\",\"position\":3,\"name\":\"AA Diarstop Large Dog 3&#215;10 tabletten\"}]},{\"@type\":\"WebSite\",\"@id\":\"http:\\\/\\\/www.pharmacy4pets.nl\\\/#website\",\"url\":\"http:\\\/\\\/www.pharmacy4pets.nl\\\/\",\"name\":\"Pharmacy4pets\",\"description\":\"Pharmacy4pets.nl is d\u00e9 online apotheek waar u terecht kunt voor alle diergeneesmiddelen, verzorgingsproducten en dieetvoeding voor uw huisdier.\",\"publisher\":{\"@id\":\"http:\\\/\\\/www.pharmacy4pets.nl\\\/#organization\"},\"potentialAction\":[{\"@type\":\"SearchAction\",\"target\":{\"@type\":\"EntryPoint\",\"urlTemplate\":\"http:\\\/\\\/www.pharmacy4pets.nl\\\/?s={search_term_string}\"},\"query-input\":{\"@type\":\"PropertyValueSpecification\",\"valueRequired\":true,\"valueName\":\"search_term_string\"}}],\"inLanguage\":\"nl-NL\"},{\"@type\":\"Organization\",\"@id\":\"http:\\\/\\\/www.pharmacy4pets.nl\\\/#organization\",\"name\":\"Pharmacy4pets\",\"url\":\"http:\\\/\\\/www.pharmacy4pets.nl\\\/\",\"logo\":{\"@type\":\"ImageObject\",\"inLanguage\":\"nl-NL\",\"@id\":\"http:\\\/\\\/www.pharmacy4pets.nl\\\/#\\\/schema\\\/logo\\\/image\\\/\",\"url\":\"https:\\\/\\\/p4p-nl.bootmine.com\\\/wp-content\\\/uploads\\\/2026\\\/03\\\/logo-pharmacy4pets.png\",\"contentUrl\":\"https:\\\/\\\/p4p-nl.bootmine.com\\\/wp-content\\\/uploads\\\/2026\\\/03\\\/logo-pharmacy4pets.png\",\"width\":1024,\"height\":135,\"caption\":\"Pharmacy4pets\"},\"image\":{\"@id\":\"http:\\\/\\\/www.pharmacy4pets.nl\\\/#\\\/schema\\\/logo\\\/image\\\/\"},\"sameAs\":[\"https:\\\/\\\/www.facebook.com\\\/people\\\/Pharmacy4petsnl\\\/100063484989896\\\/\",\"https:\\\/\\\/www.youtube.com\\\/channel\\\/UCGPTIgucgli03tP2_kvLkHg\\\/featured\",\"https:\\\/\\\/www.instagram.com\\\/pharmacy4pets.nl\"]}]}<\/script>\n<!-- \/ Yoast SEO plugin. -->","yoast_head_json":{"title":"AA Diarstop Large Dog | AA-Vet | Diarree Hond","description":"AA Diarstop van AA-Vet is een aanvullend diervoeder voor grote honden, bij aandoeningen van het maag-darmkanaal zoals diarree en maagzuur.","robots":{"index":"index","follow":"follow","max-snippet":"max-snippet:-1","max-image-preview":"max-image-preview:large","max-video-preview":"max-video-preview:-1"},"canonical":"https:\/\/p4p-nl.bootmine.com\/%product-slug%\/aavet-aa-diarstop-large-dog-30","og_locale":"nl_NL","og_type":"article","og_title":"AA Diarstop Large Dog | AA-Vet | Diarree Hond","og_description":"AA Diarstop van AA-Vet is een aanvullend diervoeder voor grote honden, bij aandoeningen van het maag-darmkanaal zoals diarree en maagzuur.","og_url":"https:\/\/p4p-nl.bootmine.com\/%product-slug%\/aavet-aa-diarstop-large-dog-30","og_site_name":"Pharmacy4pets","article_publisher":"https:\/\/www.facebook.com\/people\/Pharmacy4petsnl\/100063484989896\/","article_modified_time":"2026-04-14T08:02:37+00:00","og_image":[{"width":600,"height":600,"url":"https:\/\/p4p-nl.bootmine.com\/wp-content\/uploads\/2017\/07\/23124_en_23123.jpg","type":"image\/jpeg"}],"twitter_card":"summary_large_image","schema":{"@context":"https:\/\/schema.org","@graph":[{"@type":"WebPage","@id":"https:\/\/p4p-nl.bootmine.com\/%product-slug%\/aavet-aa-diarstop-large-dog-30","url":"https:\/\/p4p-nl.bootmine.com\/%product-slug%\/aavet-aa-diarstop-large-dog-30","name":"AA Diarstop Large Dog | AA-Vet | Diarree Hond","isPartOf":{"@id":"http:\/\/www.pharmacy4pets.nl\/#website"},"primaryImageOfPage":{"@id":"https:\/\/p4p-nl.bootmine.com\/%product-slug%\/aavet-aa-diarstop-large-dog-30#primaryimage"},"image":{"@id":"https:\/\/p4p-nl.bootmine.com\/%product-slug%\/aavet-aa-diarstop-large-dog-30#primaryimage"},"thumbnailUrl":"https:\/\/www.pharmacy4pets.nl\/wp-content\/uploads\/2017\/07\/23124_en_23123.jpg","datePublished":"2017-07-21T09:45:07+00:00","dateModified":"2026-04-14T08:02:37+00:00","description":"AA Diarstop van AA-Vet is een aanvullend diervoeder voor grote honden, bij aandoeningen van het maag-darmkanaal zoals diarree en maagzuur.","breadcrumb":{"@id":"https:\/\/p4p-nl.bootmine.com\/%product-slug%\/aavet-aa-diarstop-large-dog-30#breadcrumb"},"inLanguage":"nl-NL","potentialAction":[{"@type":"ReadAction","target":["https:\/\/p4p-nl.bootmine.com\/%product-slug%\/aavet-aa-diarstop-large-dog-30"]}]},{"@type":"ImageObject","inLanguage":"nl-NL","@id":"https:\/\/p4p-nl.bootmine.com\/%product-slug%\/aavet-aa-diarstop-large-dog-30#primaryimage","url":"https:\/\/www.pharmacy4pets.nl\/wp-content\/uploads\/2017\/07\/23124_en_23123.jpg","contentUrl":"https:\/\/www.pharmacy4pets.nl\/wp-content\/uploads\/2017\/07\/23124_en_23123.jpg","width":600,"height":600,"caption":"A.A. Diarstop Large Dog 3 x 10"},{"@type":"BreadcrumbList","@id":"https:\/\/p4p-nl.bootmine.com\/%product-slug%\/aavet-aa-diarstop-large-dog-30#breadcrumb","itemListElement":[{"@type":"ListItem","position":1,"name":"Home","item":"https:\/\/p4p-nl.bootmine.com\/"},{"@type":"ListItem","position":2,"name":"Winkel","item":"https:\/\/p4p-nl.bootmine.com\/winkel"},{"@type":"ListItem","position":3,"name":"AA Diarstop Large Dog 3&#215;10 tabletten"}]},{"@type":"WebSite","@id":"http:\/\/www.pharmacy4pets.nl\/#website","url":"http:\/\/www.pharmacy4pets.nl\/","name":"Pharmacy4pets","description":"Pharmacy4pets.nl is d\u00e9 online apotheek waar u terecht kunt voor alle diergeneesmiddelen, verzorgingsproducten en dieetvoeding voor uw huisdier.","publisher":{"@id":"http:\/\/www.pharmacy4pets.nl\/#organization"},"potentialAction":[{"@type":"SearchAction","target":{"@type":"EntryPoint","urlTemplate":"http:\/\/www.pharmacy4pets.nl\/?s={search_term_string}"},"query-input":{"@type":"PropertyValueSpecification","valueRequired":true,"valueName":"search_term_string"}}],"inLanguage":"nl-NL"},{"@type":"Organization","@id":"http:\/\/www.pharmacy4pets.nl\/#organization","name":"Pharmacy4pets","url":"http:\/\/www.pharmacy4pets.nl\/","logo":{"@type":"ImageObject","inLanguage":"nl-NL","@id":"http:\/\/www.pharmacy4pets.nl\/#\/schema\/logo\/image\/","url":"https:\/\/p4p-nl.bootmine.com\/wp-content\/uploads\/2026\/03\/logo-pharmacy4pets.png","contentUrl":"https:\/\/p4p-nl.bootmine.com\/wp-content\/uploads\/2026\/03\/logo-pharmacy4pets.png","width":1024,"height":135,"caption":"Pharmacy4pets"},"image":{"@id":"http:\/\/www.pharmacy4pets.nl\/#\/schema\/logo\/image\/"},"sameAs":["https:\/\/www.facebook.com\/people\/Pharmacy4petsnl\/100063484989896\/","https:\/\/www.youtube.com\/channel\/UCGPTIgucgli03tP2_kvLkHg\/featured","https:\/\/www.instagram.com\/pharmacy4pets.nl"]}]}},"market_data":{"nl":{"price":0,"sale_price":0,"active":false,"url":null,"parent_url":"","tax_rate":0,"price_inc_tax":0,"sale_price_inc_tax":0},"de":{"price":0,"sale_price":0,"active":false,"url":null,"parent_url":"","tax_rate":0,"price_inc_tax":0,"sale_price_inc_tax":0},"be":{"price":0,"sale_price":0,"active":false,"url":null,"parent_url":"","tax_rate":0,"price_inc_tax":0,"sale_price_inc_tax":0},"fr":{"price":0,"sale_price":0,"active":false,"url":null,"parent_url":"","tax_rate":0,"price_inc_tax":0,"sale_price_inc_tax":0},"ch":{"price":0,"sale_price":0,"active":false,"url":null,"parent_url":"","tax_rate":0,"price_inc_tax":0,"sale_price_inc_tax":0},"at":{"price":0,"sale_price":0,"active":false,"url":null,"parent_url":"","tax_rate":0,"price_inc_tax":0,"sale_price_inc_tax":0},"es":{"price":0,"sale_price":0,"active":false,"url":null,"parent_url":"","tax_rate":0,"price_inc_tax":0,"sale_price_inc_tax":0},"dk":{"price":0,"sale_price":0,"active":false,"url":null,"parent_url":"","tax_rate":0,"price_inc_tax":0,"sale_price_inc_tax":0},"com":{"price":0,"sale_price":0,"active":false,"url":null,"parent_url":"","tax_rate":0,"price_inc_tax":0,"sale_price_inc_tax":0}},"market_nl_price":0,"market_nl_sale_price":0,"market_nl_active":false,"market_nl_url":null,"market_nl_parent_url":"","market_nl_tax_rate":0,"market_nl_price_inc_tax":0,"market_nl_sale_price_inc_tax":0,"market_de_price":0,"market_de_sale_price":0,"market_de_active":false,"market_de_url":null,"market_de_parent_url":"","market_de_tax_rate":0,"market_de_price_inc_tax":0,"market_de_sale_price_inc_tax":0,"market_be_price":0,"market_be_sale_price":0,"market_be_active":false,"market_be_url":null,"market_be_parent_url":"","market_be_tax_rate":0,"market_be_price_inc_tax":0,"market_be_sale_price_inc_tax":0,"market_fr_price":0,"market_fr_sale_price":0,"market_fr_active":false,"market_fr_url":null,"market_fr_parent_url":"","market_fr_tax_rate":0,"market_fr_price_inc_tax":0,"market_fr_sale_price_inc_tax":0,"market_ch_price":0,"market_ch_sale_price":0,"market_ch_active":false,"market_ch_url":null,"market_ch_parent_url":"","market_ch_tax_rate":0,"market_ch_price_inc_tax":0,"market_ch_sale_price_inc_tax":0,"market_at_price":0,"market_at_sale_price":0,"market_at_active":false,"market_at_url":null,"market_at_parent_url":"","market_at_tax_rate":0,"market_at_price_inc_tax":0,"market_at_sale_price_inc_tax":0,"market_es_price":0,"market_es_sale_price":0,"market_es_active":false,"market_es_url":null,"market_es_parent_url":"","market_es_tax_rate":0,"market_es_price_inc_tax":0,"market_es_sale_price_inc_tax":0,"market_dk_price":0,"market_dk_sale_price":0,"market_dk_active":false,"market_dk_url":null,"market_dk_parent_url":"","market_dk_tax_rate":0,"market_dk_price_inc_tax":0,"market_dk_sale_price_inc_tax":0,"market_com_price":0,"market_com_sale_price":0,"market_com_active":false,"market_com_url":null,"market_com_parent_url":"","market_com_tax_rate":0,"market_com_price_inc_tax":0,"market_com_sale_price_inc_tax":0,"acf":[],"_links":{"self":[{"href":"https:\/\/www.pharmacy4pets.nl\/be\/wp-json\/wp\/v2\/product\/118412","targetHints":{"allow":["GET"]}}],"collection":[{"href":"https:\/\/www.pharmacy4pets.nl\/be\/wp-json\/wp\/v2\/product"}],"about":[{"href":"https:\/\/www.pharmacy4pets.nl\/be\/wp-json\/wp\/v2\/types\/product"}],"replies":[{"embeddable":true,"href":"https:\/\/www.pharmacy4pets.nl\/be\/wp-json\/wp\/v2\/comments?post=118412"}],"wp:featuredmedia":[{"embeddable":true,"href":"https:\/\/www.pharmacy4pets.nl\/be\/wp-json\/wp\/v2\/media\/118380"}],"wp:attachment":[{"href":"https:\/\/www.pharmacy4pets.nl\/be\/wp-json\/wp\/v2\/media?parent=118412"}],"wp:term":[{"taxonomy":"product_brand","embeddable":true,"href":"https:\/\/www.pharmacy4pets.nl\/be\/wp-json\/wp\/v2\/product_brand?post=118412"},{"taxonomy":"product_cat","embeddable":true,"href":"https:\/\/www.pharmacy4pets.nl\/be\/wp-json\/wp\/v2\/product_cat?post=118412"},{"taxonomy":"product_tag","embeddable":true,"href":"https:\/\/www.pharmacy4pets.nl\/be\/wp-json\/wp\/v2\/product_tag?post=118412"}],"curies":[{"name":"wp","href":"https:\/\/api.w.org\/{rel}","templated":true}]}}