{"id":118409,"date":"2017-07-19T12:21:53","date_gmt":"2017-07-19T12:21:53","guid":{"rendered":"https:\/\/p4p.test\/cdvet-zeckex-spot-on-2"},"modified":"2026-03-25T11:57:52","modified_gmt":"2026-03-25T11:57:52","slug":"cdvet-zeckex-spot-on","status":"publish","type":"product","link":"https:\/\/www.pharmacy4pets.nl\/be\/cdvet-zeckex-spot-on","title":{"rendered":"ZeckEx SpotOn 10 ml"},"content":{"rendered":"<p>ZeckEx SpotOn van cdVet is het plantaardige alternatief van chemische, insecten werende middelen. ZeckEx SpotOn werkt zeer effectief en heeft een langdurige werking. De betrouwbare formule op basis van geraniol hecht aan de haren van het dier. ZeckEx heeft voor insecten een onaantrekkelijke geur wat werkt als een natuurlijk schild. Uitstekende bescherming voor alle gewervelde dieren, ook geschikt voor katten en jongen honden.<\/p>\n<p>ZeckEx SpotOn is geschikt voor honden, katten, knaagdieren en paarden<\/p>\n<p><span style=\"text-decoration: underline;\">Toediening:<br \/><\/span>Dagelijks, 3 weken lang, 1 druppel op de vinger aanbrengen en bij elke oor aanzet inmasseren. Of 1 druppel op de vinger aanbrengen en inmasseren tussen de schouderbladen en de basis van de staart (rechtstreeks op de huid aanbrengen).<\/p>\n<p>Indien de basis stabilisatie is bereikt, voldoet een toepassing van 1-2 keer per week. (Bij veel teken in de omgeving, kan de toepassing aangepast worden naar 4-6 keer per week)<\/p>\n<p>Knaagdieren: 3 weken lang, 2 keer per week 1 druppel op de vinger aanbrengen en over de hals van het knaagdier wrijven. Indien de basis stabilisatie bereikt is, voldoet 1x per week.<\/p>\n<p>Paarden: gedurende 3 weken, 1 druppel op de vinger aanbrengen en inmasseren rond de binnenkant van de dijen, achter het hoor en rond het zadelgebied. Indien de basis stabilisatie is bereikt, voldoet 1x per week.<\/p>\n<p><span style=\"text-decoration: underline;\">Dosering:<br \/><\/span>&#8211;<\/p>\n<p><span style=\"text-decoration: underline;\">Verpakking:<br \/><\/span>10ml<\/p>\n","protected":false},"excerpt":{"rendered":"<p>ZeckEx SpotOn van cdVet is het plantaardige alternatief van chemische, insecten werende middelen. ZeckEx SpotOn werkt zeer effectief en heeft een langdurige werking. De betrouwbare formule op basis van geraniol hecht aan de haren van het dier. ZeckEx heeft voor insecten een onaantrekkelijke geur wat werkt als een natuurlijk schild. Uitstekende bescherming voor alle gewervelde [&hellip;]<\/p>\n","protected":false},"featured_media":118369,"comment_status":"open","ping_status":"closed","template":"","meta":{"_acf_changed":false,"_nl_post_content":"<p>ZeckEx SpotOn van cdVet is het plantaardige alternatief van chemische, insecten werende middelen. ZeckEx SpotOn werkt zeer effectief en heeft een langdurige werking. De betrouwbare formule op basis van geraniol hecht aan de haren van het dier. ZeckEx heeft voor insecten een onaantrekkelijke geur wat werkt als een natuurlijk schild. Uitstekende bescherming voor alle gewervelde dieren, ook geschikt voor katten en jongen honden.<\/p>\r\n<p>ZeckEx SpotOn is geschikt voor honden, katten, knaagdieren en paarden<\/p>\r\n<p><span style=\"text-decoration: underline;\">Toediening:<br \/><\/span>Dagelijks, 3 weken lang, 1 druppel op de vinger aanbrengen en bij elke oor aanzet inmasseren. Of 1 druppel op de vinger aanbrengen en inmasseren tussen de schouderbladen en de basis van de staart (rechtstreeks op de huid aanbrengen).<\/p>\r\n<p>Indien de basis stabilisatie is bereikt, voldoet een toepassing van 1-2 keer per week. (Bij veel teken in de omgeving, kan de toepassing aangepast worden naar 4-6 keer per week)<\/p>\r\n<p>Knaagdieren: 3 weken lang, 2 keer per week 1 druppel op de vinger aanbrengen en over de hals van het knaagdier wrijven. Indien de basis stabilisatie bereikt is, voldoet 1x per week.<\/p>\r\n<p>Paarden: gedurende 3 weken, 1 druppel op de vinger aanbrengen en inmasseren rond de binnenkant van de dijen, achter het hoor en rond het zadelgebied. Indien de basis stabilisatie is bereikt, voldoet 1x per week.<\/p>\r\n<p><span style=\"text-decoration: underline;\">Dosering:<br \/><\/span>-<\/p>\r\n<p><span style=\"text-decoration: underline;\">Verpakking:<br \/><\/span>10ml<\/p>","_nl_post_name":"cdvet-zeckex-spot-on","_nl_post_excerpt":"","_nl_post_title":"ZeckEx SpotOn 10 ml","_en_post_content":"<p>ZeckEx SpotOn from cdVet is the natural alternative to chemical repellents. Excellent long-term protection for all vertebrates, also suitable for cats and young dogs. ZeckEx SpotOn is an additional protection against fleas, mites and flying insects. Contains pure plant ingredients and is easy to use. ZeckEx SpotOn is waterproof in the rain and suitable for bathing. However, after shampooing it should be applied again.<\/p>\r\n<p>ZeckEx SpotOn is suitable for dogs, cats, rodents and horses.<\/p>\r\n<p>Contains geraniol, which can cause allergic reactions.<\/p>\r\n<p><span style=\"text-decoration: underline;\">Administration:<br \/><\/span>For 3 weeks daily 1 drop on the finger and massage into both ear plugs. Or 1 drop on the finger and massage between the shoulder blades and the root attachment (directly on the skin)&nbsp;<\/p>\r\n<p>Once the basic stabilization has been achieved, an application is sufficient depending on the body weight of 1-2 times a week. The application can be individually adapted to 4-5 times if the tick is severely affected.<\/p>\r\n<p>Rodent: for 3 weeks, 2 times a week, 1 drop on the finger and rub it on the neck. Once the basic stabilization has been achieved, 1 application per week is sufficient.<\/p>\r\n<p>Horses: for 3 weeks, daily, 1 drop on the finger an massage on both sides in the belt position, in the rear inner limbs as well as on the ear base. Once basic stabilization has been achieved, one application per week is sufficient.<\/p>\r\n<p><span style=\"text-decoration: underline;\">Dosage:<br \/><\/span>-<\/p>\r\n<p><span style=\"text-decoration: underline;\">Package:<br \/><\/span>10ml<\/p>","_en_post_name":"cdvet-zeckex-spot-on","_en_post_excerpt":"","_en_post_title":"ZeckEx SpotOn 10 ml","_de_post_content":"<p>ZeckEx SpotOn von cdVet ist die pflanzliche Alternative zu den chemischen Repellentien. Hervorragender Langzeitschutz f&uuml;r alle Wirbeltiere, auch f&uuml;r Katzen und Junghunde geeignet. ZeckEx SpotOn ist ein zus&auml;tzlicher Schutz vor Fl&ouml;he, Milbe, Haarlingen und fliegenden Insekten wie Steckm&uuml;cken und Bremsen. Enth&auml;lt rein pflanzliche Inhaltsstoffe und ist einfach in der Anwendung.<\/p>\r\n<p>ZeckEx SpotOn ist bei Regen und dem Baden in Gew&auml;ssern grunds&auml;tzlich wasserfest. Nach dem Shampoonieren sollte es jedoch erneut aufgetragen werden.<br \/>ZeckEx SpotOn ist geeignet f&uuml;r Hunde, Katzen, Nager und Pferde<\/p>\r\n<p>Enth&auml;lt Geraniol. Kann allergische Reaktionen hervorrufen.<\/p>\r\n<p><span style=\"text-decoration: underline;\">Anwendung:<br \/><\/span>&uuml;ber drei Wochen t&auml;glich je 1 Tropfen auf den Finger geben und in beide Ohrzapfen einmassieren oder je einen Tropfen auf den Finger geben und zwischen den Schulterbl&auml;ttern und am Rutenansatz (direkt auf die Haut) einmassieren.<\/p>\r\n<p>Ist die Grundstabilisierung erreicht, gen&uuml;gt eine Anwendung je nach K&ouml;rpergewicht von 1 - 2 mal w&ouml;chentlich. Bei starker regionaler Zeckenbelastung kann die Anwendung individuell auf 4 - 5 mal angepasst werden.<\/p>\r\n<p>Nager: &Uuml;ber 3 Wochen 2x pro Woche 1 Tropfen auf den Finger geben und im Nacken einmassieren. Ist die Grundstabilisierung erreicht, gen&uuml;gt eine Anwendung 1x pro Woche.<\/p>\r\n<p>Pferde: &Uuml;ber 3 Wochen je 1 Tropfen auf den Finger geben und beidseitig in der Gurt Lage, in den hinteren Innenschenkeln sowie am Ohr Grund einmassieren. Ist die Grundstabilisierung erreicht, gen&uuml;gt eine Anwendung 1x pro Woche.<\/p>\r\n<p><span style=\"text-decoration: underline;\">Dosierung:<br \/><\/span>-<\/p>\r\n<p><span style=\"text-decoration: underline;\">Verpackung:<br \/><\/span>10ml&nbsp;<\/p>","_de_post_name":"cdvet-zeckex-spot-on","_de_post_excerpt":"","_de_post_title":"ZeckEx SpotOn 10 ml","_fr_post_content":"<p>ZeckEx SpotOn van cdVet is het plantaardige alternatief van chemische, insecten werende middelen. ZeckEx SpotOn werkt zeer effectief en heeft een langdurige werking. De betrouwbare formule op basis van geraniol hecht aan de haren van het dier. ZeckEx heeft voor insecten een onaantrekkelijke geur wat werkt als een natuurlijk schild. Uitstekende bescherming voor alle gewervelde dieren, ook geschikt voor katten en jongen honden.<\/p>\r\n<p>ZeckEx SpotOn is geschikt voor honden, katten, knaagdieren en paarden<\/p>\r\n<p><span style=\"text-decoration: underline;\">Toediening:<br \/><\/span>Dagelijks, 3 weken lang, 1 druppel op de vinger aanbrengen en bij elke oor aanzet inmasseren. Of 1 druppel op de vinger aanbrengen en inmasseren tussen de schouderbladen en de basis van de staart (rechtstreeks op de huid aanbrengen).<\/p>\r\n<p>Indien de basis stabilisatie is bereikt, voldoet een toepassing van 1-2 keer per week. (Bij veel teken in de omgeving, kan de toepassing aangepast worden naar 4-6 keer per week)<\/p>\r\n<p>Knaagdieren: 3 weken lang, 2 keer per week 1 druppel op de vinger aanbrengen en over de hals van het knaagdier wrijven. Indien de basis stabilisatie bereikt is, voldoet 1x per week.<\/p>\r\n<p>Paarden: gedurende 3 weken, 1 druppel op de vinger aanbrengen en inmasseren rond de binnenkant van de dijen, achter het hoor en rond het zadelgebied. Indien de basis stabilisatie is bereikt, voldoet 1x per week.<\/p>\r\n<p><span style=\"text-decoration: underline;\">Dosering:<br \/><\/span>-<\/p>\r\n<p><span style=\"text-decoration: underline;\">Verpakking:<br \/><\/span>10ml<\/p>","_fr_post_name":"cdvet-zeckex-spot-on","_fr_post_excerpt":"","_fr_post_title":"ZeckEx SpotOn 10 ml","_es_post_content":"<p>ZeckEx SpotOn de cdVet es la alternativa de origen vegetal a los repelentes de insectos qu\u00edmicos. ZeckEx SpotOn funciona de manera muy efectiva y tiene un efecto duradero. La f\u00f3rmula confiable a base de geraniol se adhiere al pelo del animal. ZeckEx tiene un olor poco atractivo para los insectos, que act\u00faa como un escudo natural. Excelente protecci\u00f3n para todos los vertebrados, tambi\u00e9n apto para gatos y perros j\u00f3venes.<\/p>\r\n<p>ZeckEx SpotOn es adecuado para perros, gatos, roedores y caballos.<\/p>\r\n<p><span style=\"text-decoration: underline;\">Administraci\u00f3n y dosis:<\/span><br \/>Diariamente, durante 3 semanas, aplicar 1 gota en el dedo y masajear en cada oreja. O aplicar 1 gota en el dedo y masajear entre los om\u00f3platos y la base de la cola (aplicar directamente sobre la piel).<\/p>\r\n<p>Una vez lograda la estabilizaci\u00f3n b\u00e1sica, es suficiente una aplicaci\u00f3n de 1-2 veces por semana. (Si hay muchas garrapatas en el \u00e1rea, la aplicaci\u00f3n se puede ajustar a 4-6 veces por semana)<\/p>\r\n<p>Roedores: Durante 3 semanas, aplicar 1 gota en el dedo dos veces por semana y frotar sobre el cuello del roedor. Si se ha logrado la estabilizaci\u00f3n b\u00e1sica, 1 vez por semana es suficiente.<\/p>\r\n<p>Caballos: durante 3 semanas, aplicar 1 gota en el dedo y masajear en la cara interna de los muslos, detr\u00e1s de los cuernos y en la zona de la montura. Si se ha logrado una estabilizaci\u00f3n b\u00e1sica, una vez a la semana es suficiente.<\/p>\r\n<p><span style=\"text-decoration: underline;\">Embalaje:<\/span><br \/>10 ml.<\/p>","_es_post_name":"cdvet-zeckex-spot-on","_es_post_excerpt":"","_es_post_title":"ZeckEx SpotOn 10 ml","edit_language":"nl"},"product_brand":[],"product_cat":[1117,1845,1876,1118,1871,1839,1857,1869,1836,1835,1868,1867,1834,2339,2340,1967],"product_tag":[],"class_list":{"0":"post-118409","1":"product","2":"type-product","3":"status-publish","4":"has-post-thumbnail","6":"product_cat-honden","7":"product_cat-huid-vacht","9":"product_cat-katten","10":"product_cat-medicijnen-supplementen","12":"product_cat-merken","13":"product_cat-teken","15":"product_cat-vlooien","17":"product_cat-vlooien-teken-insecten","19":"product_cat-vlooienallergie","21":"product_cat-zeckex","22":"pa_aandoening-insecten","23":"pa_aandoening-teken","24":"pa_doeldier-ezel","25":"pa_doeldier-hond","26":"pa_doeldier-kat","27":"pa_doeldier-knaagdier","28":"pa_doeldier-konijn","29":"pa_doeldier-paard","30":"pa_fabricatieland-zwitserland","31":"pa_merkfilter-zeckex","32":"pa_merkgroep-cdvet","33":"pa_productsoort-overig","34":"pa_seo_canonical_store_id-not_found_value","35":"pa_seo_category-not_found_value","36":"pa_seo_meta_robots-not_found_value","37":"pa_toedieningswijze-spot_on","38":"pa_unit_pricing_base_measure-1ml","39":"pa_unit_pricing_measure-10ml","40":"pa_werkzamestof-overig","42":"first","43":"instock","44":"taxable","45":"shipping-taxable","46":"purchasable","47":"product-type-simple"},"yoast_head":"<!-- This site is optimized with the Yoast SEO plugin v27.5 - https:\/\/yoast.com\/product\/yoast-seo-wordpress\/ -->\n<title>ZeckEx Spot On | cdVet | anti-teek Hond &amp; Kat<\/title>\n<meta name=\"description\" content=\"ZeckEx SpotOn is het plantaardige alternatief van chemische, insecten werende middelen. ZeckEx SpotOn werkt zeer effectief en heeft een langdurige werking.\" \/>\n<meta name=\"robots\" content=\"index, follow, max-snippet:-1, max-image-preview:large, max-video-preview:-1\" \/>\n<link rel=\"canonical\" href=\"https:\/\/p4p-nl.bootmine.com\/%product-slug%\/cdvet-zeckex-spot-on\" \/>\n<meta property=\"og:locale\" content=\"nl_NL\" \/>\n<meta property=\"og:type\" content=\"article\" \/>\n<meta property=\"og:title\" content=\"ZeckEx Spot On | cdVet | anti-teek Hond &amp; Kat\" \/>\n<meta property=\"og:description\" content=\"ZeckEx SpotOn is het plantaardige alternatief van chemische, insecten werende middelen. ZeckEx SpotOn werkt zeer effectief en heeft een langdurige werking.\" \/>\n<meta property=\"og:url\" content=\"https:\/\/p4p-nl.bootmine.com\/%product-slug%\/cdvet-zeckex-spot-on\" \/>\n<meta property=\"og:site_name\" content=\"Pharmacy4pets\" \/>\n<meta property=\"article:publisher\" content=\"https:\/\/www.facebook.com\/people\/Pharmacy4petsnl\/100063484989896\/\" \/>\n<meta property=\"article:modified_time\" content=\"2026-03-25T11:57:52+00:00\" \/>\n<meta property=\"og:image\" content=\"https:\/\/p4p-nl.bootmine.com\/wp-content\/uploads\/2017\/07\/23635.png\" \/>\n\t<meta property=\"og:image:width\" content=\"288\" \/>\n\t<meta property=\"og:image:height\" content=\"288\" \/>\n\t<meta property=\"og:image:type\" content=\"image\/png\" \/>\n<meta name=\"twitter:card\" content=\"summary_large_image\" \/>\n<meta name=\"twitter:label1\" content=\"Geschatte leestijd\" \/>\n\t<meta name=\"twitter:data1\" content=\"1 minuut\" \/>\n<script type=\"application\/ld+json\" class=\"yoast-schema-graph\">{\"@context\":\"https:\\\/\\\/schema.org\",\"@graph\":[{\"@type\":\"WebPage\",\"@id\":\"https:\\\/\\\/p4p-nl.bootmine.com\\\/%product-slug%\\\/cdvet-zeckex-spot-on\",\"url\":\"https:\\\/\\\/p4p-nl.bootmine.com\\\/%product-slug%\\\/cdvet-zeckex-spot-on\",\"name\":\"ZeckEx Spot On | cdVet | anti-teek Hond & Kat\",\"isPartOf\":{\"@id\":\"http:\\\/\\\/www.pharmacy4pets.nl\\\/#website\"},\"primaryImageOfPage\":{\"@id\":\"https:\\\/\\\/p4p-nl.bootmine.com\\\/%product-slug%\\\/cdvet-zeckex-spot-on#primaryimage\"},\"image\":{\"@id\":\"https:\\\/\\\/p4p-nl.bootmine.com\\\/%product-slug%\\\/cdvet-zeckex-spot-on#primaryimage\"},\"thumbnailUrl\":\"https:\\\/\\\/www.pharmacy4pets.nl\\\/wp-content\\\/uploads\\\/2017\\\/07\\\/23635.png\",\"datePublished\":\"2017-07-19T12:21:53+00:00\",\"dateModified\":\"2026-03-25T11:57:52+00:00\",\"description\":\"ZeckEx SpotOn is het plantaardige alternatief van chemische, insecten werende middelen. ZeckEx SpotOn werkt zeer effectief en heeft een langdurige werking.\",\"breadcrumb\":{\"@id\":\"https:\\\/\\\/p4p-nl.bootmine.com\\\/%product-slug%\\\/cdvet-zeckex-spot-on#breadcrumb\"},\"inLanguage\":\"nl-NL\",\"potentialAction\":[{\"@type\":\"ReadAction\",\"target\":[\"https:\\\/\\\/p4p-nl.bootmine.com\\\/%product-slug%\\\/cdvet-zeckex-spot-on\"]}]},{\"@type\":\"ImageObject\",\"inLanguage\":\"nl-NL\",\"@id\":\"https:\\\/\\\/p4p-nl.bootmine.com\\\/%product-slug%\\\/cdvet-zeckex-spot-on#primaryimage\",\"url\":\"https:\\\/\\\/www.pharmacy4pets.nl\\\/wp-content\\\/uploads\\\/2017\\\/07\\\/23635.png\",\"contentUrl\":\"https:\\\/\\\/www.pharmacy4pets.nl\\\/wp-content\\\/uploads\\\/2017\\\/07\\\/23635.png\",\"width\":288,\"height\":288,\"caption\":\"ZeckEx\"},{\"@type\":\"BreadcrumbList\",\"@id\":\"https:\\\/\\\/p4p-nl.bootmine.com\\\/%product-slug%\\\/cdvet-zeckex-spot-on#breadcrumb\",\"itemListElement\":[{\"@type\":\"ListItem\",\"position\":1,\"name\":\"Home\",\"item\":\"https:\\\/\\\/p4p-nl.bootmine.com\\\/\"},{\"@type\":\"ListItem\",\"position\":2,\"name\":\"Winkel\",\"item\":\"https:\\\/\\\/p4p-nl.bootmine.com\\\/winkel\"},{\"@type\":\"ListItem\",\"position\":3,\"name\":\"ZeckEx SpotOn 10 ml\"}]},{\"@type\":\"WebSite\",\"@id\":\"http:\\\/\\\/www.pharmacy4pets.nl\\\/#website\",\"url\":\"http:\\\/\\\/www.pharmacy4pets.nl\\\/\",\"name\":\"Pharmacy4pets\",\"description\":\"Pharmacy4pets.nl is d\u00e9 online apotheek waar u terecht kunt voor alle diergeneesmiddelen, verzorgingsproducten en dieetvoeding voor uw huisdier.\",\"publisher\":{\"@id\":\"http:\\\/\\\/www.pharmacy4pets.nl\\\/#organization\"},\"potentialAction\":[{\"@type\":\"SearchAction\",\"target\":{\"@type\":\"EntryPoint\",\"urlTemplate\":\"http:\\\/\\\/www.pharmacy4pets.nl\\\/?s={search_term_string}\"},\"query-input\":{\"@type\":\"PropertyValueSpecification\",\"valueRequired\":true,\"valueName\":\"search_term_string\"}}],\"inLanguage\":\"nl-NL\"},{\"@type\":\"Organization\",\"@id\":\"http:\\\/\\\/www.pharmacy4pets.nl\\\/#organization\",\"name\":\"Pharmacy4pets\",\"url\":\"http:\\\/\\\/www.pharmacy4pets.nl\\\/\",\"logo\":{\"@type\":\"ImageObject\",\"inLanguage\":\"nl-NL\",\"@id\":\"http:\\\/\\\/www.pharmacy4pets.nl\\\/#\\\/schema\\\/logo\\\/image\\\/\",\"url\":\"https:\\\/\\\/p4p-nl.bootmine.com\\\/wp-content\\\/uploads\\\/2026\\\/03\\\/logo-pharmacy4pets.png\",\"contentUrl\":\"https:\\\/\\\/p4p-nl.bootmine.com\\\/wp-content\\\/uploads\\\/2026\\\/03\\\/logo-pharmacy4pets.png\",\"width\":1024,\"height\":135,\"caption\":\"Pharmacy4pets\"},\"image\":{\"@id\":\"http:\\\/\\\/www.pharmacy4pets.nl\\\/#\\\/schema\\\/logo\\\/image\\\/\"},\"sameAs\":[\"https:\\\/\\\/www.facebook.com\\\/people\\\/Pharmacy4petsnl\\\/100063484989896\\\/\",\"https:\\\/\\\/www.youtube.com\\\/channel\\\/UCGPTIgucgli03tP2_kvLkHg\\\/featured\",\"https:\\\/\\\/www.instagram.com\\\/pharmacy4pets.nl\"]}]}<\/script>\n<!-- \/ Yoast SEO plugin. -->","yoast_head_json":{"title":"ZeckEx Spot On | cdVet | anti-teek Hond & Kat","description":"ZeckEx SpotOn is het plantaardige alternatief van chemische, insecten werende middelen. ZeckEx SpotOn werkt zeer effectief en heeft een langdurige werking.","robots":{"index":"index","follow":"follow","max-snippet":"max-snippet:-1","max-image-preview":"max-image-preview:large","max-video-preview":"max-video-preview:-1"},"canonical":"https:\/\/p4p-nl.bootmine.com\/%product-slug%\/cdvet-zeckex-spot-on","og_locale":"nl_NL","og_type":"article","og_title":"ZeckEx Spot On | cdVet | anti-teek Hond & Kat","og_description":"ZeckEx SpotOn is het plantaardige alternatief van chemische, insecten werende middelen. ZeckEx SpotOn werkt zeer effectief en heeft een langdurige werking.","og_url":"https:\/\/p4p-nl.bootmine.com\/%product-slug%\/cdvet-zeckex-spot-on","og_site_name":"Pharmacy4pets","article_publisher":"https:\/\/www.facebook.com\/people\/Pharmacy4petsnl\/100063484989896\/","article_modified_time":"2026-03-25T11:57:52+00:00","og_image":[{"width":288,"height":288,"url":"https:\/\/p4p-nl.bootmine.com\/wp-content\/uploads\/2017\/07\/23635.png","type":"image\/png"}],"twitter_card":"summary_large_image","twitter_misc":{"Geschatte leestijd":"1 minuut"},"schema":{"@context":"https:\/\/schema.org","@graph":[{"@type":"WebPage","@id":"https:\/\/p4p-nl.bootmine.com\/%product-slug%\/cdvet-zeckex-spot-on","url":"https:\/\/p4p-nl.bootmine.com\/%product-slug%\/cdvet-zeckex-spot-on","name":"ZeckEx Spot On | cdVet | anti-teek Hond & Kat","isPartOf":{"@id":"http:\/\/www.pharmacy4pets.nl\/#website"},"primaryImageOfPage":{"@id":"https:\/\/p4p-nl.bootmine.com\/%product-slug%\/cdvet-zeckex-spot-on#primaryimage"},"image":{"@id":"https:\/\/p4p-nl.bootmine.com\/%product-slug%\/cdvet-zeckex-spot-on#primaryimage"},"thumbnailUrl":"https:\/\/www.pharmacy4pets.nl\/wp-content\/uploads\/2017\/07\/23635.png","datePublished":"2017-07-19T12:21:53+00:00","dateModified":"2026-03-25T11:57:52+00:00","description":"ZeckEx SpotOn is het plantaardige alternatief van chemische, insecten werende middelen. ZeckEx SpotOn werkt zeer effectief en heeft een langdurige werking.","breadcrumb":{"@id":"https:\/\/p4p-nl.bootmine.com\/%product-slug%\/cdvet-zeckex-spot-on#breadcrumb"},"inLanguage":"nl-NL","potentialAction":[{"@type":"ReadAction","target":["https:\/\/p4p-nl.bootmine.com\/%product-slug%\/cdvet-zeckex-spot-on"]}]},{"@type":"ImageObject","inLanguage":"nl-NL","@id":"https:\/\/p4p-nl.bootmine.com\/%product-slug%\/cdvet-zeckex-spot-on#primaryimage","url":"https:\/\/www.pharmacy4pets.nl\/wp-content\/uploads\/2017\/07\/23635.png","contentUrl":"https:\/\/www.pharmacy4pets.nl\/wp-content\/uploads\/2017\/07\/23635.png","width":288,"height":288,"caption":"ZeckEx"},{"@type":"BreadcrumbList","@id":"https:\/\/p4p-nl.bootmine.com\/%product-slug%\/cdvet-zeckex-spot-on#breadcrumb","itemListElement":[{"@type":"ListItem","position":1,"name":"Home","item":"https:\/\/p4p-nl.bootmine.com\/"},{"@type":"ListItem","position":2,"name":"Winkel","item":"https:\/\/p4p-nl.bootmine.com\/winkel"},{"@type":"ListItem","position":3,"name":"ZeckEx SpotOn 10 ml"}]},{"@type":"WebSite","@id":"http:\/\/www.pharmacy4pets.nl\/#website","url":"http:\/\/www.pharmacy4pets.nl\/","name":"Pharmacy4pets","description":"Pharmacy4pets.nl is d\u00e9 online apotheek waar u terecht kunt voor alle diergeneesmiddelen, verzorgingsproducten en dieetvoeding voor uw huisdier.","publisher":{"@id":"http:\/\/www.pharmacy4pets.nl\/#organization"},"potentialAction":[{"@type":"SearchAction","target":{"@type":"EntryPoint","urlTemplate":"http:\/\/www.pharmacy4pets.nl\/?s={search_term_string}"},"query-input":{"@type":"PropertyValueSpecification","valueRequired":true,"valueName":"search_term_string"}}],"inLanguage":"nl-NL"},{"@type":"Organization","@id":"http:\/\/www.pharmacy4pets.nl\/#organization","name":"Pharmacy4pets","url":"http:\/\/www.pharmacy4pets.nl\/","logo":{"@type":"ImageObject","inLanguage":"nl-NL","@id":"http:\/\/www.pharmacy4pets.nl\/#\/schema\/logo\/image\/","url":"https:\/\/p4p-nl.bootmine.com\/wp-content\/uploads\/2026\/03\/logo-pharmacy4pets.png","contentUrl":"https:\/\/p4p-nl.bootmine.com\/wp-content\/uploads\/2026\/03\/logo-pharmacy4pets.png","width":1024,"height":135,"caption":"Pharmacy4pets"},"image":{"@id":"http:\/\/www.pharmacy4pets.nl\/#\/schema\/logo\/image\/"},"sameAs":["https:\/\/www.facebook.com\/people\/Pharmacy4petsnl\/100063484989896\/","https:\/\/www.youtube.com\/channel\/UCGPTIgucgli03tP2_kvLkHg\/featured","https:\/\/www.instagram.com\/pharmacy4pets.nl"]}]}},"market_data":{"nl":{"price":0,"sale_price":0,"active":false,"url":null,"parent_url":"","tax_rate":0,"price_inc_tax":0,"sale_price_inc_tax":0},"de":{"price":0,"sale_price":0,"active":false,"url":null,"parent_url":"","tax_rate":0,"price_inc_tax":0,"sale_price_inc_tax":0},"be":{"price":0,"sale_price":0,"active":false,"url":null,"parent_url":"","tax_rate":0,"price_inc_tax":0,"sale_price_inc_tax":0},"fr":{"price":0,"sale_price":0,"active":false,"url":null,"parent_url":"","tax_rate":0,"price_inc_tax":0,"sale_price_inc_tax":0},"ch":{"price":0,"sale_price":0,"active":false,"url":null,"parent_url":"","tax_rate":0,"price_inc_tax":0,"sale_price_inc_tax":0},"at":{"price":0,"sale_price":0,"active":false,"url":null,"parent_url":"","tax_rate":0,"price_inc_tax":0,"sale_price_inc_tax":0},"es":{"price":0,"sale_price":0,"active":false,"url":null,"parent_url":"","tax_rate":0,"price_inc_tax":0,"sale_price_inc_tax":0},"dk":{"price":0,"sale_price":0,"active":false,"url":null,"parent_url":"","tax_rate":0,"price_inc_tax":0,"sale_price_inc_tax":0},"com":{"price":0,"sale_price":0,"active":false,"url":null,"parent_url":"","tax_rate":0,"price_inc_tax":0,"sale_price_inc_tax":0}},"market_nl_price":0,"market_nl_sale_price":0,"market_nl_active":false,"market_nl_url":null,"market_nl_parent_url":"","market_nl_tax_rate":0,"market_nl_price_inc_tax":0,"market_nl_sale_price_inc_tax":0,"market_de_price":0,"market_de_sale_price":0,"market_de_active":false,"market_de_url":null,"market_de_parent_url":"","market_de_tax_rate":0,"market_de_price_inc_tax":0,"market_de_sale_price_inc_tax":0,"market_be_price":0,"market_be_sale_price":0,"market_be_active":false,"market_be_url":null,"market_be_parent_url":"","market_be_tax_rate":0,"market_be_price_inc_tax":0,"market_be_sale_price_inc_tax":0,"market_fr_price":0,"market_fr_sale_price":0,"market_fr_active":false,"market_fr_url":null,"market_fr_parent_url":"","market_fr_tax_rate":0,"market_fr_price_inc_tax":0,"market_fr_sale_price_inc_tax":0,"market_ch_price":0,"market_ch_sale_price":0,"market_ch_active":false,"market_ch_url":null,"market_ch_parent_url":"","market_ch_tax_rate":0,"market_ch_price_inc_tax":0,"market_ch_sale_price_inc_tax":0,"market_at_price":0,"market_at_sale_price":0,"market_at_active":false,"market_at_url":null,"market_at_parent_url":"","market_at_tax_rate":0,"market_at_price_inc_tax":0,"market_at_sale_price_inc_tax":0,"market_es_price":0,"market_es_sale_price":0,"market_es_active":false,"market_es_url":null,"market_es_parent_url":"","market_es_tax_rate":0,"market_es_price_inc_tax":0,"market_es_sale_price_inc_tax":0,"market_dk_price":0,"market_dk_sale_price":0,"market_dk_active":false,"market_dk_url":null,"market_dk_parent_url":"","market_dk_tax_rate":0,"market_dk_price_inc_tax":0,"market_dk_sale_price_inc_tax":0,"market_com_price":0,"market_com_sale_price":0,"market_com_active":false,"market_com_url":null,"market_com_parent_url":"","market_com_tax_rate":0,"market_com_price_inc_tax":0,"market_com_sale_price_inc_tax":0,"acf":[],"_links":{"self":[{"href":"https:\/\/www.pharmacy4pets.nl\/be\/wp-json\/wp\/v2\/product\/118409","targetHints":{"allow":["GET"]}}],"collection":[{"href":"https:\/\/www.pharmacy4pets.nl\/be\/wp-json\/wp\/v2\/product"}],"about":[{"href":"https:\/\/www.pharmacy4pets.nl\/be\/wp-json\/wp\/v2\/types\/product"}],"replies":[{"embeddable":true,"href":"https:\/\/www.pharmacy4pets.nl\/be\/wp-json\/wp\/v2\/comments?post=118409"}],"wp:featuredmedia":[{"embeddable":true,"href":"https:\/\/www.pharmacy4pets.nl\/be\/wp-json\/wp\/v2\/media\/118369"}],"wp:attachment":[{"href":"https:\/\/www.pharmacy4pets.nl\/be\/wp-json\/wp\/v2\/media?parent=118409"}],"wp:term":[{"taxonomy":"product_brand","embeddable":true,"href":"https:\/\/www.pharmacy4pets.nl\/be\/wp-json\/wp\/v2\/product_brand?post=118409"},{"taxonomy":"product_cat","embeddable":true,"href":"https:\/\/www.pharmacy4pets.nl\/be\/wp-json\/wp\/v2\/product_cat?post=118409"},{"taxonomy":"product_tag","embeddable":true,"href":"https:\/\/www.pharmacy4pets.nl\/be\/wp-json\/wp\/v2\/product_tag?post=118409"}],"curies":[{"name":"wp","href":"https:\/\/api.w.org\/{rel}","templated":true}]}}