{"id":118403,"date":"2017-07-19T10:22:06","date_gmt":"2017-07-19T10:22:06","guid":{"rendered":"https:\/\/p4p.test\/cdvet-zeckex-spray-100ml-2"},"modified":"2026-03-25T11:57:49","modified_gmt":"2026-03-25T11:57:49","slug":"cdvet-zeckex-spray-100ml","status":"publish","type":"product","link":"https:\/\/www.pharmacy4pets.nl\/be\/cdvet-zeckex-spray-100ml","title":{"rendered":"ZeckEx Spray 100ml"},"content":{"rendered":"<p>ZeckEx Spray van cdVet is een zeer effectieve antitekenspray met effectieve, langdurige werking. De afwerende geur blijft tot 6 uur actief. Betrouwbare bescherming op basis van citroen eucalyptus. Deze uiterst werkzame stof hecht aan de haren van de behandelde dieren. ZeckEx heeft een onaantrekkelijke geur wat werkt als natuurlijk schild. Hierdoor kunnen katten en honden vrij lopen met verminderde kans op een tekenbeet.<\/p>\n<p>Kenmerken<br \/>&#8211;&nbsp;&nbsp;&nbsp;&nbsp;&nbsp;&nbsp;&nbsp;&nbsp;&nbsp; Uitstekende, onmiddellijke werking voor alle gewervelde dieren<br \/>&#8211;&nbsp;&nbsp;&nbsp;&nbsp;&nbsp;&nbsp;&nbsp;&nbsp;&nbsp; Ook geschikt voor katten en jonge honden<br \/>&#8211;&nbsp;&nbsp;&nbsp;&nbsp;&nbsp;&nbsp;&nbsp;&nbsp;&nbsp; Tot 6 uur een beschermend schild<br \/>&#8211;&nbsp;&nbsp;&nbsp;&nbsp;&nbsp;&nbsp;&nbsp;&nbsp;&nbsp; Voor afweer in de zomermaanden<br \/>&#8211;&nbsp;&nbsp;&nbsp;&nbsp;&nbsp;&nbsp;&nbsp;&nbsp;&nbsp; Extra bescherming tegen mijten, luizen en vliegende insecten<br \/>&#8211;&nbsp;&nbsp;&nbsp;&nbsp;&nbsp;&nbsp;&nbsp;&nbsp;&nbsp; Maakt de huid vrij van teken<\/p>\n<p><span style=\"text-decoration: underline;\">Toediening:<\/span><\/p>\n<ol>\n<li>ZeckEx schudden voor gebruik<\/li>\n<li>ZeckEx 2x daags opspuiten tegen de richting van de haren in. De vacht gelijkmatig insprayen en daarna inmasseren.<\/li>\n<\/ol>\n<p>Niet direct op ogen en gezicht sprayen, deze kunt u met uw natgemaakte hand inmasseren.<br \/>Vermijd direct contact met ogen en slijmvliezen.<br \/>Op een droge koele plaats bewaren (onder 18&deg; C.)<\/p>\n<p><span style=\"text-decoration: underline;\">Dosering:<br \/><\/span>&#8211;<\/p>\n<p><span style=\"text-decoration: underline;\">Verpakking:<br \/><\/span>Spray 100ml<\/p>\n","protected":false},"excerpt":{"rendered":"<p>ZeckEx Spray van cdVet is een zeer effectieve antitekenspray met effectieve, langdurige werking. De afwerende geur blijft tot 6 uur actief. Betrouwbare bescherming op basis van citroen eucalyptus. Deze uiterst werkzame stof hecht aan de haren van de behandelde dieren. ZeckEx heeft een onaantrekkelijke geur wat werkt als natuurlijk schild. Hierdoor kunnen katten en honden [&hellip;]<\/p>\n","protected":false},"featured_media":118347,"comment_status":"open","ping_status":"closed","template":"","meta":{"_acf_changed":false,"_nl_post_content":"<p>ZeckEx Spray van cdVet is een zeer effectieve antitekenspray met effectieve, langdurige werking. De afwerende geur blijft tot 6 uur actief. Betrouwbare bescherming op basis van citroen eucalyptus. Deze uiterst werkzame stof hecht aan de haren van de behandelde dieren. ZeckEx heeft een onaantrekkelijke geur wat werkt als natuurlijk schild. Hierdoor kunnen katten en honden vrij lopen met verminderde kans op een tekenbeet.<\/p>\r\n<p>Kenmerken<br \/>-&nbsp;&nbsp;&nbsp;&nbsp;&nbsp;&nbsp;&nbsp;&nbsp;&nbsp; Uitstekende, onmiddellijke werking voor alle gewervelde dieren<br \/>-&nbsp;&nbsp;&nbsp;&nbsp;&nbsp;&nbsp;&nbsp;&nbsp;&nbsp; Ook geschikt voor katten en jonge honden<br \/>-&nbsp;&nbsp;&nbsp;&nbsp;&nbsp;&nbsp;&nbsp;&nbsp;&nbsp; Tot 6 uur een beschermend schild<br \/>-&nbsp;&nbsp;&nbsp;&nbsp;&nbsp;&nbsp;&nbsp;&nbsp;&nbsp; Voor afweer in de zomermaanden<br \/>-&nbsp;&nbsp;&nbsp;&nbsp;&nbsp;&nbsp;&nbsp;&nbsp;&nbsp; Extra bescherming tegen mijten, luizen en vliegende insecten<br \/>-&nbsp;&nbsp;&nbsp;&nbsp;&nbsp;&nbsp;&nbsp;&nbsp;&nbsp; Maakt de huid vrij van teken<\/p>\r\n<p><span style=\"text-decoration: underline;\">Toediening:<\/span><\/p>\r\n<ol>\r\n<li>ZeckEx schudden voor gebruik<\/li>\r\n<li>ZeckEx 2x daags opspuiten tegen de richting van de haren in. De vacht gelijkmatig insprayen en daarna inmasseren.<\/li>\r\n<\/ol>\r\n<p>Niet direct op ogen en gezicht sprayen, deze kunt u met uw natgemaakte hand inmasseren.<br \/>Vermijd direct contact met ogen en slijmvliezen.<br \/>Op een droge koele plaats bewaren (onder 18&deg; C.)<\/p>\r\n<p><span style=\"text-decoration: underline;\">Dosering:<br \/><\/span>-<\/p>\r\n<p><span style=\"text-decoration: underline;\">Verpakking:<br \/><\/span>Spray 100ml<\/p>","_nl_post_name":"cdvet-zeckex-spray-100ml","_nl_post_excerpt":"","_nl_post_title":"ZeckEx Spray 100ml","_en_post_content":"<p>ZeckEx Spray from cdVet is a highly effective, long lasting Anti-tick Spray. The repellent smell remains active for 6 hours. Reliable protection based on lemon eucalyptus. This highly active substance attaches to the hairs of the treated animals. ZeckEx has an unattractive odour that acts as a natural shield. This allows cats and dogs to run freely with reduced chance of a tick bite.&nbsp;<\/p>\r\n<p>Product details<\/p>\r\n<p>-&nbsp;&nbsp;&nbsp;&nbsp;&nbsp;&nbsp;&nbsp;&nbsp;&nbsp; Excellent immediate effect for all vertebrate animals<br \/>-&nbsp;&nbsp;&nbsp;&nbsp;&nbsp;&nbsp;&nbsp;&nbsp;&nbsp; Also suitable for cats and young dogs<br \/>-&nbsp;&nbsp;&nbsp;&nbsp;&nbsp;&nbsp;&nbsp;&nbsp;&nbsp; Up to 6 hours a protective shield<br \/>-&nbsp;&nbsp;&nbsp;&nbsp;&nbsp;&nbsp;&nbsp;&nbsp;&nbsp; For protection during the Summer<br \/>-&nbsp;&nbsp;&nbsp;&nbsp;&nbsp;&nbsp;&nbsp;&nbsp;&nbsp; Extra protection against mites, lice and flying insects<br \/>-&nbsp;&nbsp;&nbsp;&nbsp;&nbsp;&nbsp;&nbsp;&nbsp;&nbsp; Clears the skin of tick and other small insects<\/p>\r\n<p><span style=\"text-decoration: underline;\">Administration:<\/span><\/p>\r\n<ol>\r\n<li>Shake ZeckEx before use<\/li>\r\n<li>Spray ZeckEx two times a day against the direction of the hair. Spray the coat evenly and then massage it.<\/li>\r\n<\/ol>\r\n<p>Do not spray directly on eyes and face, you can massage them with a wet hand.<br \/>Avoid direct contact with eyes and mucous membranes.<br \/>Store in a dry cool place (below 18&deg;C)<\/p>\r\n<p><span style=\"text-decoration: underline;\">Dosage:<br \/><\/span>-<\/p>\r\n<p><span style=\"text-decoration: underline;\">Package:<br \/><\/span>Spray 100ml<\/p>","_en_post_name":"cdvet-zeckex-spray-100ml","_en_post_excerpt":"","_en_post_title":"ZeckEx Spray 100ml","_de_post_content":"<p>ZeckEx von cdVet ist ein hochwirksames Zecken-Abwehrspray mit effektiver Langzeitwirkung. Die Zecken werden ohne synthetische Zus&auml;tze geruchsbedingt vom Bei&szlig;en abgehalten. Somit kann beim Spaziergang mit dem Hund oder dem Freilauf der Katze die Gefahr eines Zeckenbisses reduziert werden.<\/p>\r\n<p>Der zuverl&auml;ssige Schutz auf Basis des Eucalyptus citriodora Blattes h&auml;lt Zecken fern. Dieser im Spray enthaltene Wirkstoff aus den Bl&auml;ttern des Zitroneneukalyptus haftet auf Haut und Haar des behandelten Tieres. Der repellente Wirkstoff hat einen f&uuml;r Zecken unattraktiven Geruch und verhindert erfolgreich Parasitenbefall.<\/p>\r\n<p>-&nbsp;&nbsp;&nbsp;&nbsp;&nbsp;&nbsp;&nbsp;&nbsp;&nbsp; Hervorragender Sofortschutz f&uuml;r alle Wirbeltiere<br \/>-&nbsp;&nbsp;&nbsp;&nbsp;&nbsp;&nbsp;&nbsp;&nbsp;&nbsp; Auch f&uuml;r Katzen und Junghunde geeignet<br \/>-&nbsp;&nbsp;&nbsp;&nbsp;&nbsp;&nbsp;&nbsp;&nbsp;&nbsp; Bis zu 5 Stunden Schutz vor Zecken<br \/>-&nbsp;&nbsp;&nbsp;&nbsp;&nbsp;&nbsp;&nbsp;&nbsp;&nbsp; Zus&auml;tzlicher Schutz vor Milben, Haarlingen und fliegenden Insekten wie Stechm&uuml;cken und Bremsen<br \/>-&nbsp;&nbsp;&nbsp;&nbsp;&nbsp;&nbsp;&nbsp;&nbsp;&nbsp; Befreit das Fell von Zecken<\/p>\r\n<p><span style=\"text-decoration: underline;\">Anwendung:<\/span><\/p>\r\n<ol>\r\n<li>ZeckEx bitte vor Gebrauch sch&uuml;tteln.<\/li>\r\n<li>ZeckEx 1 - 2x t&auml;glich gegen den Fellstrich aufspr&uuml;hen, Fell gleichm&auml;&szlig;ig durchfeuchten, dann einmassieren.<\/li>\r\n<\/ol>\r\n<p>Gesicht und Augenbereich nicht direkt einspr&uuml;hen, sondern mit den noch feuchten H&auml;nden entsprechend behandeln. Lagerung nicht unter 18&deg;C.<br \/>Direkten Kontakt mit Augen und Schleimh&auml;uten vermeiden!&nbsp;<\/p>\r\n<p><span style=\"text-decoration: underline;\">Dosierung:<br \/><\/span>-<\/p>\r\n<p><span style=\"text-decoration: underline;\">Verpackung:<br \/><\/span>Spray 100ml<\/p>","_de_post_name":"cdvet-zeckex-spray-100ml","_de_post_excerpt":"","_de_post_title":"ZeckEx Spray 100ml","_fr_post_content":"<p>ZeckEx Spray van cdVet is een zeer effectieve antitekenspray met effectieve, langdurige werking. De afwerende geur blijft tot 6 uur actief. Betrouwbare bescherming op basis van citroen eucalyptus. Deze uiterst werkzame stof hecht aan de haren van de behandelde dieren. ZeckEx heeft een onaantrekkelijke geur wat werkt als natuurlijk schild. Hierdoor kunnen katten en honden vrij lopen met verminderde kans op een tekenbeet.<\/p>\r\n<p>Kenmerken<br \/>-&nbsp;&nbsp;&nbsp;&nbsp;&nbsp;&nbsp;&nbsp;&nbsp;&nbsp; Uitstekende, onmiddellijke werking voor alle gewervelde dieren<br \/>-&nbsp;&nbsp;&nbsp;&nbsp;&nbsp;&nbsp;&nbsp;&nbsp;&nbsp; Ook geschikt voor katten en jonge honden<br \/>-&nbsp;&nbsp;&nbsp;&nbsp;&nbsp;&nbsp;&nbsp;&nbsp;&nbsp; Tot 6 uur een beschermend schild<br \/>-&nbsp;&nbsp;&nbsp;&nbsp;&nbsp;&nbsp;&nbsp;&nbsp;&nbsp; Voor afweer in de zomermaanden<br \/>-&nbsp;&nbsp;&nbsp;&nbsp;&nbsp;&nbsp;&nbsp;&nbsp;&nbsp; Extra bescherming tegen mijten, luizen en vliegende insecten<br \/>-&nbsp;&nbsp;&nbsp;&nbsp;&nbsp;&nbsp;&nbsp;&nbsp;&nbsp; Maakt de huid vrij van teken<\/p>\r\n<p><span style=\"text-decoration: underline;\">Toediening:<\/span><\/p>\r\n<ol>\r\n<li>ZeckEx schudden voor gebruik<\/li>\r\n<li>ZeckEx 2x daags opspuiten tegen de richting van de haren in. De vacht gelijkmatig insprayen en daarna inmasseren.<\/li>\r\n<\/ol>\r\n<p>Niet direct op ogen en gezicht sprayen, deze kunt u met uw natgemaakte hand inmasseren.<br \/>Vermijd direct contact met ogen en slijmvliezen.<br \/>Op een droge koele plaats bewaren (onder 18&deg; C.)<\/p>\r\n<p><span style=\"text-decoration: underline;\">Dosering:<br \/><\/span>-<\/p>\r\n<p><span style=\"text-decoration: underline;\">Verpakking:<br \/><\/span>Spray 100ml<\/p>","_fr_post_name":"cdvet-zeckex-spray-100ml","_fr_post_excerpt":"","_fr_post_title":"ZeckEx Spray 100ml","_es_post_content":"<p>ZeckEx Spray 100 ml de cdVet es un spray antigarrapatas altamente efectivo con un efecto eficaz y duradero. El aroma repelente permanece activo hasta por 6 horas. Protecci\u00f3n fiable a base de eucalipto lim\u00f3n. Esta sustancia extremadamente activa se adhiere al pelo de los animales tratados. ZeckEx tiene un olor desagradable que act\u00faa como un escudo natural. Esto permite que los gatos y los perros caminen libremente con un riesgo reducido de picadura de garrapata.<\/p>\r\n<p><span style=\"text-decoration: underline;\">Caracter\u00edsticas:<\/span><br \/>- \u00a0 \u00a0 \u00a0 \u00a0 \u00a0Excelente efecto inmediato en todos los vertebrados<br \/>- \u00a0 \u00a0 \u00a0 \u00a0 \u00a0Tambi\u00e9n apto para gatos y perros j\u00f3venes<br \/>- \u00a0 \u00a0 \u00a0 \u00a0 \u00a0Un escudo protector por hasta 6 horas<br \/>- \u00a0 \u00a0 \u00a0 \u00a0 \u00a0Para las defensas en los meses de verano<br \/>- \u00a0 \u00a0 \u00a0 \u00a0 \u00a0Protecci\u00f3n extra contra \u00e1caros, piojos e insectos voladores<br \/>- \u00a0 \u00a0 \u00a0 \u00a0 \u00a0Hace que la piel no tenga garrapatas<\/p>\r\n<p>El ZeckEx Spray est\u00e1 disponible en las siguientes variantes:<br \/>- \u00a0 \u00a0 \u00a0 \u00a0 \u00a0ZeckEx Spray 50 ml<br \/>- \u00a0 \u00a0 \u00a0 \u00a0 \u00a0ZeckEx Spray 100 ml<\/p>\r\n<p><span style=\"text-decoration: underline;\">Administraci\u00f3n:<\/span><\/p>\r\n<p>Agite ZeckEx antes de usar<br \/>Roc\u00ede ZeckEx 2 veces al d\u00eda en direcci\u00f3n contraria al cabello. Roc\u00ede la capa uniformemente y luego masajee.<\/p>\r\n<p>No roc\u00ede directamente sobre los ojos y la cara, puede masajearlo con la mano h\u00fameda.<br \/>Evite el contacto directo con los ojos y las mucosas.<br \/>Conservar en un lugar seco y fresco (por debajo de 18\u00b0C.)<\/p>","_es_post_name":"cdvet-zeckex-spray-100-ml","_es_post_excerpt":"","_es_post_title":"ZeckEx Spray 100 ml","edit_language":"nl"},"product_brand":[],"product_cat":[1117,1118,1857,1869,1836,1834,1867,1967],"product_tag":[],"class_list":{"0":"post-118403","1":"product","2":"type-product","3":"status-publish","4":"has-post-thumbnail","6":"product_cat-honden","7":"product_cat-katten","8":"product_cat-merken","9":"product_cat-teken","11":"product_cat-vlooien-teken-insecten","13":"product_cat-zeckex","14":"pa_aandoening-insecten","15":"pa_aandoening-teken","16":"pa_doeldier-hond","17":"pa_doeldier-kat","18":"pa_fabricatieland-zwitserland","19":"pa_merkfilter-zeckex","20":"pa_merkgroep-cdvet","21":"pa_productsoort-overig","22":"pa_toedieningswijze-spray","23":"pa_unit_pricing_base_measure-10ml","24":"pa_unit_pricing_measure-100ml","25":"pa_werkzamestof-overig","27":"first","28":"instock","29":"taxable","30":"shipping-taxable","31":"purchasable","32":"product-type-simple"},"yoast_head":"<!-- This site is optimized with the Yoast SEO plugin v27.5 - https:\/\/yoast.com\/product\/yoast-seo-wordpress\/ -->\n<title>ZeckEx Spray | antitekenspray voor Hond &amp; Kat<\/title>\n<meta name=\"description\" content=\"ZeckEx Spray van cdVet is een zeer effectieve antitekenspray met effectieve, langdurige werking. De afwerende geur blijft tot 6 uur actief.\" \/>\n<meta name=\"robots\" content=\"index, follow, max-snippet:-1, max-image-preview:large, max-video-preview:-1\" \/>\n<link rel=\"canonical\" href=\"https:\/\/p4p-nl.bootmine.com\/%product-slug%\/cdvet-zeckex-spray-100ml\" \/>\n<meta property=\"og:locale\" content=\"nl_NL\" \/>\n<meta property=\"og:type\" content=\"article\" \/>\n<meta property=\"og:title\" content=\"ZeckEx Spray | antitekenspray voor Hond &amp; Kat\" \/>\n<meta property=\"og:description\" content=\"ZeckEx Spray van cdVet is een zeer effectieve antitekenspray met effectieve, langdurige werking. De afwerende geur blijft tot 6 uur actief.\" \/>\n<meta property=\"og:url\" content=\"https:\/\/p4p-nl.bootmine.com\/%product-slug%\/cdvet-zeckex-spray-100ml\" \/>\n<meta property=\"og:site_name\" content=\"Pharmacy4pets\" \/>\n<meta property=\"article:publisher\" content=\"https:\/\/www.facebook.com\/people\/Pharmacy4petsnl\/100063484989896\/\" \/>\n<meta property=\"article:modified_time\" content=\"2026-03-25T11:57:49+00:00\" \/>\n<meta property=\"og:image\" content=\"https:\/\/p4p-nl.bootmine.com\/wp-content\/uploads\/2017\/07\/23633_1.png\" \/>\n\t<meta property=\"og:image:width\" content=\"288\" \/>\n\t<meta property=\"og:image:height\" content=\"288\" \/>\n\t<meta property=\"og:image:type\" content=\"image\/png\" \/>\n<meta name=\"twitter:card\" content=\"summary_large_image\" \/>\n<meta name=\"twitter:label1\" content=\"Geschatte leestijd\" \/>\n\t<meta name=\"twitter:data1\" content=\"1 minuut\" \/>\n<script type=\"application\/ld+json\" class=\"yoast-schema-graph\">{\"@context\":\"https:\\\/\\\/schema.org\",\"@graph\":[{\"@type\":\"WebPage\",\"@id\":\"https:\\\/\\\/p4p-nl.bootmine.com\\\/%product-slug%\\\/cdvet-zeckex-spray-100ml\",\"url\":\"https:\\\/\\\/p4p-nl.bootmine.com\\\/%product-slug%\\\/cdvet-zeckex-spray-100ml\",\"name\":\"ZeckEx Spray | antitekenspray voor Hond & Kat\",\"isPartOf\":{\"@id\":\"http:\\\/\\\/www.pharmacy4pets.nl\\\/#website\"},\"primaryImageOfPage\":{\"@id\":\"https:\\\/\\\/p4p-nl.bootmine.com\\\/%product-slug%\\\/cdvet-zeckex-spray-100ml#primaryimage\"},\"image\":{\"@id\":\"https:\\\/\\\/p4p-nl.bootmine.com\\\/%product-slug%\\\/cdvet-zeckex-spray-100ml#primaryimage\"},\"thumbnailUrl\":\"https:\\\/\\\/www.pharmacy4pets.nl\\\/wp-content\\\/uploads\\\/2017\\\/07\\\/23633_1.png\",\"datePublished\":\"2017-07-19T10:22:06+00:00\",\"dateModified\":\"2026-03-25T11:57:49+00:00\",\"description\":\"ZeckEx Spray van cdVet is een zeer effectieve antitekenspray met effectieve, langdurige werking. De afwerende geur blijft tot 6 uur actief.\",\"breadcrumb\":{\"@id\":\"https:\\\/\\\/p4p-nl.bootmine.com\\\/%product-slug%\\\/cdvet-zeckex-spray-100ml#breadcrumb\"},\"inLanguage\":\"nl-NL\",\"potentialAction\":[{\"@type\":\"ReadAction\",\"target\":[\"https:\\\/\\\/p4p-nl.bootmine.com\\\/%product-slug%\\\/cdvet-zeckex-spray-100ml\"]}]},{\"@type\":\"ImageObject\",\"inLanguage\":\"nl-NL\",\"@id\":\"https:\\\/\\\/p4p-nl.bootmine.com\\\/%product-slug%\\\/cdvet-zeckex-spray-100ml#primaryimage\",\"url\":\"https:\\\/\\\/www.pharmacy4pets.nl\\\/wp-content\\\/uploads\\\/2017\\\/07\\\/23633_1.png\",\"contentUrl\":\"https:\\\/\\\/www.pharmacy4pets.nl\\\/wp-content\\\/uploads\\\/2017\\\/07\\\/23633_1.png\",\"width\":288,\"height\":288,\"caption\":\"ZeckEx\"},{\"@type\":\"BreadcrumbList\",\"@id\":\"https:\\\/\\\/p4p-nl.bootmine.com\\\/%product-slug%\\\/cdvet-zeckex-spray-100ml#breadcrumb\",\"itemListElement\":[{\"@type\":\"ListItem\",\"position\":1,\"name\":\"Home\",\"item\":\"https:\\\/\\\/p4p-nl.bootmine.com\\\/\"},{\"@type\":\"ListItem\",\"position\":2,\"name\":\"Winkel\",\"item\":\"https:\\\/\\\/p4p-nl.bootmine.com\\\/winkel\"},{\"@type\":\"ListItem\",\"position\":3,\"name\":\"ZeckEx Spray 100ml\"}]},{\"@type\":\"WebSite\",\"@id\":\"http:\\\/\\\/www.pharmacy4pets.nl\\\/#website\",\"url\":\"http:\\\/\\\/www.pharmacy4pets.nl\\\/\",\"name\":\"Pharmacy4pets\",\"description\":\"Pharmacy4pets.nl is d\u00e9 online apotheek waar u terecht kunt voor alle diergeneesmiddelen, verzorgingsproducten en dieetvoeding voor uw huisdier.\",\"publisher\":{\"@id\":\"http:\\\/\\\/www.pharmacy4pets.nl\\\/#organization\"},\"potentialAction\":[{\"@type\":\"SearchAction\",\"target\":{\"@type\":\"EntryPoint\",\"urlTemplate\":\"http:\\\/\\\/www.pharmacy4pets.nl\\\/?s={search_term_string}\"},\"query-input\":{\"@type\":\"PropertyValueSpecification\",\"valueRequired\":true,\"valueName\":\"search_term_string\"}}],\"inLanguage\":\"nl-NL\"},{\"@type\":\"Organization\",\"@id\":\"http:\\\/\\\/www.pharmacy4pets.nl\\\/#organization\",\"name\":\"Pharmacy4pets\",\"url\":\"http:\\\/\\\/www.pharmacy4pets.nl\\\/\",\"logo\":{\"@type\":\"ImageObject\",\"inLanguage\":\"nl-NL\",\"@id\":\"http:\\\/\\\/www.pharmacy4pets.nl\\\/#\\\/schema\\\/logo\\\/image\\\/\",\"url\":\"https:\\\/\\\/p4p-nl.bootmine.com\\\/wp-content\\\/uploads\\\/2026\\\/03\\\/logo-pharmacy4pets.png\",\"contentUrl\":\"https:\\\/\\\/p4p-nl.bootmine.com\\\/wp-content\\\/uploads\\\/2026\\\/03\\\/logo-pharmacy4pets.png\",\"width\":1024,\"height\":135,\"caption\":\"Pharmacy4pets\"},\"image\":{\"@id\":\"http:\\\/\\\/www.pharmacy4pets.nl\\\/#\\\/schema\\\/logo\\\/image\\\/\"},\"sameAs\":[\"https:\\\/\\\/www.facebook.com\\\/people\\\/Pharmacy4petsnl\\\/100063484989896\\\/\",\"https:\\\/\\\/www.youtube.com\\\/channel\\\/UCGPTIgucgli03tP2_kvLkHg\\\/featured\",\"https:\\\/\\\/www.instagram.com\\\/pharmacy4pets.nl\"]}]}<\/script>\n<!-- \/ Yoast SEO plugin. -->","yoast_head_json":{"title":"ZeckEx Spray | antitekenspray voor Hond & Kat","description":"ZeckEx Spray van cdVet is een zeer effectieve antitekenspray met effectieve, langdurige werking. De afwerende geur blijft tot 6 uur actief.","robots":{"index":"index","follow":"follow","max-snippet":"max-snippet:-1","max-image-preview":"max-image-preview:large","max-video-preview":"max-video-preview:-1"},"canonical":"https:\/\/p4p-nl.bootmine.com\/%product-slug%\/cdvet-zeckex-spray-100ml","og_locale":"nl_NL","og_type":"article","og_title":"ZeckEx Spray | antitekenspray voor Hond & Kat","og_description":"ZeckEx Spray van cdVet is een zeer effectieve antitekenspray met effectieve, langdurige werking. De afwerende geur blijft tot 6 uur actief.","og_url":"https:\/\/p4p-nl.bootmine.com\/%product-slug%\/cdvet-zeckex-spray-100ml","og_site_name":"Pharmacy4pets","article_publisher":"https:\/\/www.facebook.com\/people\/Pharmacy4petsnl\/100063484989896\/","article_modified_time":"2026-03-25T11:57:49+00:00","og_image":[{"width":288,"height":288,"url":"https:\/\/p4p-nl.bootmine.com\/wp-content\/uploads\/2017\/07\/23633_1.png","type":"image\/png"}],"twitter_card":"summary_large_image","twitter_misc":{"Geschatte leestijd":"1 minuut"},"schema":{"@context":"https:\/\/schema.org","@graph":[{"@type":"WebPage","@id":"https:\/\/p4p-nl.bootmine.com\/%product-slug%\/cdvet-zeckex-spray-100ml","url":"https:\/\/p4p-nl.bootmine.com\/%product-slug%\/cdvet-zeckex-spray-100ml","name":"ZeckEx Spray | antitekenspray voor Hond & Kat","isPartOf":{"@id":"http:\/\/www.pharmacy4pets.nl\/#website"},"primaryImageOfPage":{"@id":"https:\/\/p4p-nl.bootmine.com\/%product-slug%\/cdvet-zeckex-spray-100ml#primaryimage"},"image":{"@id":"https:\/\/p4p-nl.bootmine.com\/%product-slug%\/cdvet-zeckex-spray-100ml#primaryimage"},"thumbnailUrl":"https:\/\/www.pharmacy4pets.nl\/wp-content\/uploads\/2017\/07\/23633_1.png","datePublished":"2017-07-19T10:22:06+00:00","dateModified":"2026-03-25T11:57:49+00:00","description":"ZeckEx Spray van cdVet is een zeer effectieve antitekenspray met effectieve, langdurige werking. De afwerende geur blijft tot 6 uur actief.","breadcrumb":{"@id":"https:\/\/p4p-nl.bootmine.com\/%product-slug%\/cdvet-zeckex-spray-100ml#breadcrumb"},"inLanguage":"nl-NL","potentialAction":[{"@type":"ReadAction","target":["https:\/\/p4p-nl.bootmine.com\/%product-slug%\/cdvet-zeckex-spray-100ml"]}]},{"@type":"ImageObject","inLanguage":"nl-NL","@id":"https:\/\/p4p-nl.bootmine.com\/%product-slug%\/cdvet-zeckex-spray-100ml#primaryimage","url":"https:\/\/www.pharmacy4pets.nl\/wp-content\/uploads\/2017\/07\/23633_1.png","contentUrl":"https:\/\/www.pharmacy4pets.nl\/wp-content\/uploads\/2017\/07\/23633_1.png","width":288,"height":288,"caption":"ZeckEx"},{"@type":"BreadcrumbList","@id":"https:\/\/p4p-nl.bootmine.com\/%product-slug%\/cdvet-zeckex-spray-100ml#breadcrumb","itemListElement":[{"@type":"ListItem","position":1,"name":"Home","item":"https:\/\/p4p-nl.bootmine.com\/"},{"@type":"ListItem","position":2,"name":"Winkel","item":"https:\/\/p4p-nl.bootmine.com\/winkel"},{"@type":"ListItem","position":3,"name":"ZeckEx Spray 100ml"}]},{"@type":"WebSite","@id":"http:\/\/www.pharmacy4pets.nl\/#website","url":"http:\/\/www.pharmacy4pets.nl\/","name":"Pharmacy4pets","description":"Pharmacy4pets.nl is d\u00e9 online apotheek waar u terecht kunt voor alle diergeneesmiddelen, verzorgingsproducten en dieetvoeding voor uw huisdier.","publisher":{"@id":"http:\/\/www.pharmacy4pets.nl\/#organization"},"potentialAction":[{"@type":"SearchAction","target":{"@type":"EntryPoint","urlTemplate":"http:\/\/www.pharmacy4pets.nl\/?s={search_term_string}"},"query-input":{"@type":"PropertyValueSpecification","valueRequired":true,"valueName":"search_term_string"}}],"inLanguage":"nl-NL"},{"@type":"Organization","@id":"http:\/\/www.pharmacy4pets.nl\/#organization","name":"Pharmacy4pets","url":"http:\/\/www.pharmacy4pets.nl\/","logo":{"@type":"ImageObject","inLanguage":"nl-NL","@id":"http:\/\/www.pharmacy4pets.nl\/#\/schema\/logo\/image\/","url":"https:\/\/p4p-nl.bootmine.com\/wp-content\/uploads\/2026\/03\/logo-pharmacy4pets.png","contentUrl":"https:\/\/p4p-nl.bootmine.com\/wp-content\/uploads\/2026\/03\/logo-pharmacy4pets.png","width":1024,"height":135,"caption":"Pharmacy4pets"},"image":{"@id":"http:\/\/www.pharmacy4pets.nl\/#\/schema\/logo\/image\/"},"sameAs":["https:\/\/www.facebook.com\/people\/Pharmacy4petsnl\/100063484989896\/","https:\/\/www.youtube.com\/channel\/UCGPTIgucgli03tP2_kvLkHg\/featured","https:\/\/www.instagram.com\/pharmacy4pets.nl"]}]}},"market_data":{"nl":{"price":0,"sale_price":0,"active":false,"url":null,"parent_url":"","tax_rate":0,"price_inc_tax":0,"sale_price_inc_tax":0},"de":{"price":0,"sale_price":0,"active":false,"url":null,"parent_url":"","tax_rate":0,"price_inc_tax":0,"sale_price_inc_tax":0},"be":{"price":0,"sale_price":0,"active":false,"url":null,"parent_url":"","tax_rate":0,"price_inc_tax":0,"sale_price_inc_tax":0},"fr":{"price":0,"sale_price":0,"active":false,"url":null,"parent_url":"","tax_rate":0,"price_inc_tax":0,"sale_price_inc_tax":0},"ch":{"price":0,"sale_price":0,"active":false,"url":null,"parent_url":"","tax_rate":0,"price_inc_tax":0,"sale_price_inc_tax":0},"at":{"price":0,"sale_price":0,"active":false,"url":null,"parent_url":"","tax_rate":0,"price_inc_tax":0,"sale_price_inc_tax":0},"es":{"price":0,"sale_price":0,"active":false,"url":null,"parent_url":"","tax_rate":0,"price_inc_tax":0,"sale_price_inc_tax":0},"dk":{"price":0,"sale_price":0,"active":false,"url":null,"parent_url":"","tax_rate":0,"price_inc_tax":0,"sale_price_inc_tax":0},"com":{"price":0,"sale_price":0,"active":false,"url":null,"parent_url":"","tax_rate":0,"price_inc_tax":0,"sale_price_inc_tax":0}},"market_nl_price":0,"market_nl_sale_price":0,"market_nl_active":false,"market_nl_url":null,"market_nl_parent_url":"","market_nl_tax_rate":0,"market_nl_price_inc_tax":0,"market_nl_sale_price_inc_tax":0,"market_de_price":0,"market_de_sale_price":0,"market_de_active":false,"market_de_url":null,"market_de_parent_url":"","market_de_tax_rate":0,"market_de_price_inc_tax":0,"market_de_sale_price_inc_tax":0,"market_be_price":0,"market_be_sale_price":0,"market_be_active":false,"market_be_url":null,"market_be_parent_url":"","market_be_tax_rate":0,"market_be_price_inc_tax":0,"market_be_sale_price_inc_tax":0,"market_fr_price":0,"market_fr_sale_price":0,"market_fr_active":false,"market_fr_url":null,"market_fr_parent_url":"","market_fr_tax_rate":0,"market_fr_price_inc_tax":0,"market_fr_sale_price_inc_tax":0,"market_ch_price":0,"market_ch_sale_price":0,"market_ch_active":false,"market_ch_url":null,"market_ch_parent_url":"","market_ch_tax_rate":0,"market_ch_price_inc_tax":0,"market_ch_sale_price_inc_tax":0,"market_at_price":0,"market_at_sale_price":0,"market_at_active":false,"market_at_url":null,"market_at_parent_url":"","market_at_tax_rate":0,"market_at_price_inc_tax":0,"market_at_sale_price_inc_tax":0,"market_es_price":0,"market_es_sale_price":0,"market_es_active":false,"market_es_url":null,"market_es_parent_url":"","market_es_tax_rate":0,"market_es_price_inc_tax":0,"market_es_sale_price_inc_tax":0,"market_dk_price":0,"market_dk_sale_price":0,"market_dk_active":false,"market_dk_url":null,"market_dk_parent_url":"","market_dk_tax_rate":0,"market_dk_price_inc_tax":0,"market_dk_sale_price_inc_tax":0,"market_com_price":0,"market_com_sale_price":0,"market_com_active":false,"market_com_url":null,"market_com_parent_url":"","market_com_tax_rate":0,"market_com_price_inc_tax":0,"market_com_sale_price_inc_tax":0,"acf":[],"_links":{"self":[{"href":"https:\/\/www.pharmacy4pets.nl\/be\/wp-json\/wp\/v2\/product\/118403","targetHints":{"allow":["GET"]}}],"collection":[{"href":"https:\/\/www.pharmacy4pets.nl\/be\/wp-json\/wp\/v2\/product"}],"about":[{"href":"https:\/\/www.pharmacy4pets.nl\/be\/wp-json\/wp\/v2\/types\/product"}],"replies":[{"embeddable":true,"href":"https:\/\/www.pharmacy4pets.nl\/be\/wp-json\/wp\/v2\/comments?post=118403"}],"wp:featuredmedia":[{"embeddable":true,"href":"https:\/\/www.pharmacy4pets.nl\/be\/wp-json\/wp\/v2\/media\/118347"}],"wp:attachment":[{"href":"https:\/\/www.pharmacy4pets.nl\/be\/wp-json\/wp\/v2\/media?parent=118403"}],"wp:term":[{"taxonomy":"product_brand","embeddable":true,"href":"https:\/\/www.pharmacy4pets.nl\/be\/wp-json\/wp\/v2\/product_brand?post=118403"},{"taxonomy":"product_cat","embeddable":true,"href":"https:\/\/www.pharmacy4pets.nl\/be\/wp-json\/wp\/v2\/product_cat?post=118403"},{"taxonomy":"product_tag","embeddable":true,"href":"https:\/\/www.pharmacy4pets.nl\/be\/wp-json\/wp\/v2\/product_tag?post=118403"}],"curies":[{"name":"wp","href":"https:\/\/api.w.org\/{rel}","templated":true}]}}