{"id":118397,"date":"2017-07-19T07:40:31","date_gmt":"2017-07-19T07:40:31","guid":{"rendered":"https:\/\/p4p.test\/formel-z-cat-3"},"modified":"2026-03-25T11:57:47","modified_gmt":"2026-03-25T11:57:47","slug":"formel-z-cat","status":"publish","type":"product","link":"https:\/\/www.pharmacy4pets.nl\/be\/formel-z-cat","title":{"rendered":"Formel-Z | Kat | 125 gr"},"content":{"rendered":"<p>Formel-Z is een voedingssupplement dat uw kat voorziet van voldoende vitamine B. Het vitamine B-complex kent vele voordelen voor de gezondheid. Zo speelt het een belangrijke rol bij de koolhydraten-, energie- en huidstofwisseling van uw huisdier. Naast de vitamine B biedt Formel-Z een evenwichtige, natuurlijke combinatie van andere vitaminen en mineralen uit gist. Hierdoor worden voedingstekorten en nerveuze irritaties voorkomen. De maag- en darmflora wordt positief gestimuleerd, voor een gezonde huidstofwisseling van uw dier.<\/p>\n<p>Aanbevolen voor:<br \/>&#8211;&nbsp;&nbsp;&nbsp;&nbsp;&nbsp;&nbsp;&nbsp;&nbsp;&nbsp; Preventie van vitamine B tekort (verlies van eetlust, haaruitval, nervositeit)<br \/>&#8211;&nbsp;&nbsp;&nbsp;&nbsp;&nbsp;&nbsp;&nbsp;&nbsp;&nbsp; Vorming van gezonde darmflora<br \/>&#8211;&nbsp;&nbsp;&nbsp;&nbsp;&nbsp;&nbsp;&nbsp;&nbsp;&nbsp; Natuurlijke werkzame stoffen, zonder chemische toevoegingen<\/p>\n<p><span style=\"text-decoration: underline;\">Toediening:<br \/><\/span>Formel-Z is eenvoudig toe te voegen aan het voer van de kat of uit de hand te geven. Dagelijks 1 &agrave; 2 tabletten aan uw kat geven. De tabletten zijn gemakkelijk in stukjes te breken en daarmee ook geschikt voor gevoelige katten.<\/p>\n<p><span style=\"text-decoration: underline;\">Dosering:<br \/><\/span>&#8211;<\/p>\n<p><span style=\"text-decoration: underline;\">Verpakking:<br \/><\/span>125 gram (Ongeveer 104 tabletten)<\/p>\n","protected":false},"excerpt":{"rendered":"<p>Formel-Z is een voedingssupplement dat uw kat voorziet van voldoende vitamine B. Het vitamine B-complex kent vele voordelen voor de gezondheid. Zo speelt het een belangrijke rol bij de koolhydraten-, energie- en huidstofwisseling van uw huisdier. Naast de vitamine B biedt Formel-Z een evenwichtige, natuurlijke combinatie van andere vitaminen en mineralen uit gist. Hierdoor worden [&hellip;]<\/p>\n","protected":false},"featured_media":118336,"comment_status":"open","ping_status":"closed","template":"","meta":{"_acf_changed":false,"_nl_post_content":"<p>Formel-Z is een voedingssupplement dat uw kat voorziet van voldoende vitamine B. Het vitamine B-complex kent vele voordelen voor de gezondheid. Zo speelt het een belangrijke rol bij de koolhydraten-, energie- en huidstofwisseling van uw huisdier. Naast de vitamine B biedt Formel-Z een evenwichtige, natuurlijke combinatie van andere vitaminen en mineralen uit gist. Hierdoor worden voedingstekorten en nerveuze irritaties voorkomen. De maag- en darmflora wordt positief gestimuleerd, voor een gezonde huidstofwisseling van uw dier.<\/p>\r\n<p>Aanbevolen voor:<br \/>-&nbsp;&nbsp;&nbsp;&nbsp;&nbsp;&nbsp;&nbsp;&nbsp;&nbsp; Preventie van vitamine B tekort (verlies van eetlust, haaruitval, nervositeit)<br \/>-&nbsp;&nbsp;&nbsp;&nbsp;&nbsp;&nbsp;&nbsp;&nbsp;&nbsp; Vorming van gezonde darmflora<br \/>-&nbsp;&nbsp;&nbsp;&nbsp;&nbsp;&nbsp;&nbsp;&nbsp;&nbsp; Natuurlijke werkzame stoffen, zonder chemische toevoegingen<\/p>\r\n<p><span style=\"text-decoration: underline;\">Toediening:<br \/><\/span>Formel-Z is eenvoudig toe te voegen aan het voer van de kat of uit de hand te geven. Dagelijks 1 &agrave; 2 tabletten aan uw kat geven. De tabletten zijn gemakkelijk in stukjes te breken en daarmee ook geschikt voor gevoelige katten.<\/p>\r\n<p><span style=\"text-decoration: underline;\">Dosering:<br \/><\/span>-<\/p>\r\n<p><span style=\"text-decoration: underline;\">Verpakking:<br \/><\/span>125 gram (Ongeveer 104 tabletten)<\/p>","_nl_post_name":"formel-z-cat","_nl_post_excerpt":"","_nl_post_title":"Formel-Z | Kat | 125 gr","_en_post_content":"<p>Formel-Z Cat is a nutritional supplement that provides your cat with enough vitamin B. The Vitamin B complex from the yeast in Formel-Z has a number of health promoting properties and plays a central role in the carbohydrate, energy and skin metabolism of your cat. <br \/> In addition to B vitamins, Formel-Z provides a balanced and natural combination of other vitamins and minerals from the yeast. Thus, nutrition-related deficiency symptoms and nervous rehydration are pre-selected. The stomach and intestinal flora is positively stimulated - for a healthy skin metabolism of your animal.<\/p>\r\n<p>Advantages:<br \/>-&nbsp;&nbsp;&nbsp;&nbsp;&nbsp;&nbsp;&nbsp;&nbsp;&nbsp; Prevention of vitamin B deficiency symptoms such as loss of appetite, hair loss and nervousness<br \/>-&nbsp;&nbsp;&nbsp;&nbsp;&nbsp;&nbsp;&nbsp;&nbsp;&nbsp; Formation of a healthy stomach and intestinal flora<br \/>-&nbsp;&nbsp;&nbsp;&nbsp;&nbsp;&nbsp;&nbsp;&nbsp;&nbsp; Natural active ingredient, without chemical additives<\/p>\r\n<p><span style=\"text-decoration: underline;\">Administration:<br \/><\/span>Daily 1-2 tablets, mixed with the feed or fed from the hand. Due to the practical break-in notch in Formel-Z cat tablets can easily be divided.<\/p>\r\n<p><span style=\"text-decoration: underline;\">Dosage:<br \/><\/span>-<\/p>\r\n<p><span style=\"text-decoration: underline;\">Package:<\/span><\/p>\r\n<p>125 grams tablets (approximately 104 pieces)<\/p>","_en_post_name":"formel-z-cat","_en_post_excerpt":"","_en_post_title":"Formel-Z | Cat | 125 gr","_de_post_content":"<p>Formel-Z katze von ist ein Nahrungserg&auml;nzungsmittel, die Ihre Katze gen&uuml;gend Vitamin B gibt. Der in Formel-Z enthaltene nat&uuml;rliche Vitamin-B-Komplex aus der Hefe hat eine Reihe gesundheitsf&ouml;rdernder Eigenschaften und spielt eine zentrale Rolle im Kohlenhydrat- und Energie- sowie Hautstoffwechsel der Katze.<\/p>\r\n<p>Neben B-Vitaminen bietet Formel-Z eine ausgewogene nat&uuml;rliche Kombination weiterer Vitamine und Mineralstoffe aus der Hefe. So wird ern&auml;hrungsbedingten Mangelerscheinungen und nerv&ouml;sen Reizzust&auml;nden vorgebeugt. Die Magen- und Darmflora wird positiv angeregt &ndash; f&uuml;r einen gesunden Hautstoffwechsel Ihres Tieres.<\/p>\r\n<p>Vorteile<\/p>\r\n<p>-&nbsp;&nbsp;&nbsp;&nbsp;&nbsp;&nbsp;&nbsp;&nbsp;&nbsp; Vorbeugung von Vitamin-B- Mangelerscheinungen wie Appetitlosigkeit, Haarausfall und Nervosit&auml;t<br \/>-&nbsp;&nbsp;&nbsp;&nbsp;&nbsp;&nbsp;&nbsp;&nbsp;&nbsp; Bildung einer gesunden Magen- und Darmflora<br \/>-&nbsp;&nbsp;&nbsp;&nbsp;&nbsp;&nbsp;&nbsp;&nbsp;&nbsp; Nat&uuml;rlicher Wirkstoff, ohne chemische Zus&auml;tze<\/p>\r\n<p><span style=\"text-decoration: underline;\">Anwendung:<br \/><\/span>T&auml;glich 1-2 Tabletten, dem Futter beigemischt oder aus der Hand. Aufgrund der praktischen Bruchkerbe k&ouml;nnen die Formel-Z Katzen Tabletten einfach geteilt werden.<\/p>\r\n<p><span style=\"text-decoration: underline;\">Dosierung:<br \/><\/span>-<\/p>\r\n<p><span style=\"text-decoration: underline;\">Verpackung:<br \/><\/span>125 Gramm Tabletten (ca. 104 St&uuml;ck).<\/p>","_de_post_name":"formel-z-cat","_de_post_excerpt":"","_de_post_title":"Formel-Z | Katze | 125 gr","_fr_post_content":"<p>Formel-Z is een voedingssupplement dat uw kat voorziet van voldoende vitamine B. Het vitamine B-complex kent vele voordelen voor de gezondheid. Zo speelt het een belangrijke rol bij de koolhydraten-, energie- en huidstofwisseling van uw huisdier. Naast de vitamine B biedt Formel-Z een evenwichtige, natuurlijke combinatie van andere vitaminen en mineralen uit gist. Hierdoor worden voedingstekorten en nerveuze irritaties voorkomen. De maag- en darmflora wordt positief gestimuleerd, voor een gezonde huidstofwisseling van uw dier.<\/p>\r\n<p>Aanbevolen voor:<br \/>-&nbsp;&nbsp;&nbsp;&nbsp;&nbsp;&nbsp;&nbsp;&nbsp;&nbsp; Preventie van vitamine B tekort (verlies van eetlust, haaruitval, nervositeit)<br \/>-&nbsp;&nbsp;&nbsp;&nbsp;&nbsp;&nbsp;&nbsp;&nbsp;&nbsp; Vorming van gezonde darmflora<br \/>-&nbsp;&nbsp;&nbsp;&nbsp;&nbsp;&nbsp;&nbsp;&nbsp;&nbsp; Natuurlijke werkzame stoffen, zonder chemische toevoegingen<\/p>\r\n<p><span style=\"text-decoration: underline;\">Toediening:<br \/><\/span>Formel-Z is eenvoudig toe te voegen aan het voer van de kat of uit de hand te geven. Dagelijks 1 &agrave; 2 tabletten aan uw kat geven. De tabletten zijn gemakkelijk in stukjes te breken en daarmee ook geschikt voor gevoelige katten.<\/p>\r\n<p><span style=\"text-decoration: underline;\">Dosering:<br \/><\/span>-<\/p>\r\n<p><span style=\"text-decoration: underline;\">Verpakking:<br \/><\/span>125 gram (Ongeveer 104 tabletten)<\/p>","_fr_post_name":"formel-z-cat","_fr_post_excerpt":"","_fr_post_title":"Formel-Z | Kat | 125 gr","_es_post_content":"<p>Formel-Z es un suplemento alimenticio que aporta a su gato suficiente vitamina B. El complejo vitam\u00ednico B tiene muchos beneficios para la salud. Desempe\u00f1a un papel importante en el metabolismo de los carbohidratos, la energ\u00eda y la piel de su mascota. Adem\u00e1s de la vitamina B, Formel-Z ofrece una combinaci\u00f3n natural y equilibrada de otras vitaminas y minerales de la levadura. Esto previene carencias nutricionales e irritaciones nerviosas. La flora estomacal e intestinal se estimula positivamente, para un metabolismo saludable de la piel de su animal.<\/p>\r\n<p>Recomendado para:<\/p>\r\n<ul>\r\n<li>Prevenci\u00f3n del d\u00e9ficit de vitamina B (p\u00e9rdida de apetito, ca\u00edda del cabello, nerviosismo)<\/li>\r\n<li>Formaci\u00f3n de una flora intestinal saludable<\/li>\r\n<li>Principios activos naturales, sin aditivos qu\u00edmicos<\/li>\r\n<\/ul>\r\n<p><span style=\"text-decoration: underline;\">Administraci\u00f3n:<\/span><br \/>Formel-Z es f\u00e1cil de a\u00f1adir a la comida del gato o de dar sin control. D\u00e9 1 a 2 comprimidos a su gato diariamente. Los comprimidos son f\u00e1ciles de romper en pedazos y, por lo tanto, tambi\u00e9n son adecuadas para gatos sensibles.<\/p>\r\n<p><span style=\"text-decoration: underline;\">Dosis:<\/span><\/p>\r\n<p>-<\/p>\r\n<p><span style=\"text-decoration: underline;\">Embalaje:<br \/><\/span>125 gramos (Alrededor 104 comprimidos).<\/p>","_es_post_name":"formel-z-gatos","_es_post_excerpt":"","_es_post_title":"Formel-Z | Gatos | 125 gr","edit_language":"nl"},"product_brand":[],"product_cat":[1927,1876,1118,1871,1857],"product_tag":[],"class_list":{"0":"post-118397","1":"product","2":"type-product","3":"status-publish","4":"has-post-thumbnail","6":"product_cat-formel-z","7":"product_cat-huid-vacht","8":"product_cat-katten","9":"product_cat-medicijnen-supplementen","10":"product_cat-merken","11":"pa_aandoening-maag_darmen","12":"pa_doeldier-kat","13":"pa_fabricatieland-zwitserland","14":"pa_merkfilter-formel_z","15":"pa_merkgroep-formel_z","16":"pa_productsoort-voedingssupplement","17":"pa_seo_canonical_store_id-not_found_value","18":"pa_seo_category-not_found_value","19":"pa_seo_meta_robots-not_found_value","20":"pa_toedieningswijze-tabletten","21":"pa_unit_pricing_base_measure-100g","22":"pa_unit_pricing_measure-125g","23":"pa_werkzamestof-overig","25":"first","26":"instock","27":"taxable","28":"shipping-taxable","29":"purchasable","30":"product-type-simple"},"yoast_head":"<!-- This site is optimized with the Yoast SEO plugin v27.5 - https:\/\/yoast.com\/product\/yoast-seo-wordpress\/ -->\n<title>Formel Z Kat | voedingssupplement Kat Vitamine B<\/title>\n<meta name=\"description\" content=\"Formel-Z Kat is een voedingssupplement dat uw kat voorziet van voldoende vitamine B. Werkt op verschillende manieren aan de gezondheid van uw kat.\" \/>\n<meta name=\"robots\" content=\"index, follow, max-snippet:-1, max-image-preview:large, max-video-preview:-1\" \/>\n<link rel=\"canonical\" href=\"https:\/\/p4p-nl.bootmine.com\/%product-slug%\/formel-z-cat\" \/>\n<meta property=\"og:locale\" content=\"nl_NL\" \/>\n<meta property=\"og:type\" content=\"article\" \/>\n<meta property=\"og:title\" content=\"Formel Z Kat | voedingssupplement Kat Vitamine B\" \/>\n<meta property=\"og:description\" content=\"Formel-Z Kat is een voedingssupplement dat uw kat voorziet van voldoende vitamine B. Werkt op verschillende manieren aan de gezondheid van uw kat.\" \/>\n<meta property=\"og:url\" content=\"https:\/\/p4p-nl.bootmine.com\/%product-slug%\/formel-z-cat\" \/>\n<meta property=\"og:site_name\" content=\"Pharmacy4pets\" \/>\n<meta property=\"article:publisher\" content=\"https:\/\/www.facebook.com\/people\/Pharmacy4petsnl\/100063484989896\/\" \/>\n<meta property=\"article:modified_time\" content=\"2026-03-25T11:57:47+00:00\" \/>\n<meta property=\"og:image\" content=\"https:\/\/p4p-nl.bootmine.com\/wp-content\/uploads\/2017\/07\/23630.png\" \/>\n\t<meta property=\"og:image:width\" content=\"250\" \/>\n\t<meta property=\"og:image:height\" content=\"250\" \/>\n\t<meta property=\"og:image:type\" content=\"image\/png\" \/>\n<meta name=\"twitter:card\" content=\"summary_large_image\" \/>\n<meta name=\"twitter:label1\" content=\"Geschatte leestijd\" \/>\n\t<meta name=\"twitter:data1\" content=\"1 minuut\" \/>\n<script type=\"application\/ld+json\" class=\"yoast-schema-graph\">{\"@context\":\"https:\\\/\\\/schema.org\",\"@graph\":[{\"@type\":\"WebPage\",\"@id\":\"https:\\\/\\\/p4p-nl.bootmine.com\\\/%product-slug%\\\/formel-z-cat\",\"url\":\"https:\\\/\\\/p4p-nl.bootmine.com\\\/%product-slug%\\\/formel-z-cat\",\"name\":\"Formel Z Kat | voedingssupplement Kat Vitamine B\",\"isPartOf\":{\"@id\":\"http:\\\/\\\/www.pharmacy4pets.nl\\\/#website\"},\"primaryImageOfPage\":{\"@id\":\"https:\\\/\\\/p4p-nl.bootmine.com\\\/%product-slug%\\\/formel-z-cat#primaryimage\"},\"image\":{\"@id\":\"https:\\\/\\\/p4p-nl.bootmine.com\\\/%product-slug%\\\/formel-z-cat#primaryimage\"},\"thumbnailUrl\":\"https:\\\/\\\/www.pharmacy4pets.nl\\\/wp-content\\\/uploads\\\/2017\\\/07\\\/23630.png\",\"datePublished\":\"2017-07-19T07:40:31+00:00\",\"dateModified\":\"2026-03-25T11:57:47+00:00\",\"description\":\"Formel-Z Kat is een voedingssupplement dat uw kat voorziet van voldoende vitamine B. Werkt op verschillende manieren aan de gezondheid van uw kat.\",\"breadcrumb\":{\"@id\":\"https:\\\/\\\/p4p-nl.bootmine.com\\\/%product-slug%\\\/formel-z-cat#breadcrumb\"},\"inLanguage\":\"nl-NL\",\"potentialAction\":[{\"@type\":\"ReadAction\",\"target\":[\"https:\\\/\\\/p4p-nl.bootmine.com\\\/%product-slug%\\\/formel-z-cat\"]}]},{\"@type\":\"ImageObject\",\"inLanguage\":\"nl-NL\",\"@id\":\"https:\\\/\\\/p4p-nl.bootmine.com\\\/%product-slug%\\\/formel-z-cat#primaryimage\",\"url\":\"https:\\\/\\\/www.pharmacy4pets.nl\\\/wp-content\\\/uploads\\\/2017\\\/07\\\/23630.png\",\"contentUrl\":\"https:\\\/\\\/www.pharmacy4pets.nl\\\/wp-content\\\/uploads\\\/2017\\\/07\\\/23630.png\",\"width\":250,\"height\":250,\"caption\":\"Formel-Z\"},{\"@type\":\"BreadcrumbList\",\"@id\":\"https:\\\/\\\/p4p-nl.bootmine.com\\\/%product-slug%\\\/formel-z-cat#breadcrumb\",\"itemListElement\":[{\"@type\":\"ListItem\",\"position\":1,\"name\":\"Home\",\"item\":\"https:\\\/\\\/p4p-nl.bootmine.com\\\/\"},{\"@type\":\"ListItem\",\"position\":2,\"name\":\"Winkel\",\"item\":\"https:\\\/\\\/p4p-nl.bootmine.com\\\/winkel\"},{\"@type\":\"ListItem\",\"position\":3,\"name\":\"Formel-Z | Kat | 125 gr\"}]},{\"@type\":\"WebSite\",\"@id\":\"http:\\\/\\\/www.pharmacy4pets.nl\\\/#website\",\"url\":\"http:\\\/\\\/www.pharmacy4pets.nl\\\/\",\"name\":\"Pharmacy4pets\",\"description\":\"Pharmacy4pets.nl is d\u00e9 online apotheek waar u terecht kunt voor alle diergeneesmiddelen, verzorgingsproducten en dieetvoeding voor uw huisdier.\",\"publisher\":{\"@id\":\"http:\\\/\\\/www.pharmacy4pets.nl\\\/#organization\"},\"potentialAction\":[{\"@type\":\"SearchAction\",\"target\":{\"@type\":\"EntryPoint\",\"urlTemplate\":\"http:\\\/\\\/www.pharmacy4pets.nl\\\/?s={search_term_string}\"},\"query-input\":{\"@type\":\"PropertyValueSpecification\",\"valueRequired\":true,\"valueName\":\"search_term_string\"}}],\"inLanguage\":\"nl-NL\"},{\"@type\":\"Organization\",\"@id\":\"http:\\\/\\\/www.pharmacy4pets.nl\\\/#organization\",\"name\":\"Pharmacy4pets\",\"url\":\"http:\\\/\\\/www.pharmacy4pets.nl\\\/\",\"logo\":{\"@type\":\"ImageObject\",\"inLanguage\":\"nl-NL\",\"@id\":\"http:\\\/\\\/www.pharmacy4pets.nl\\\/#\\\/schema\\\/logo\\\/image\\\/\",\"url\":\"https:\\\/\\\/p4p-nl.bootmine.com\\\/wp-content\\\/uploads\\\/2026\\\/03\\\/logo-pharmacy4pets.png\",\"contentUrl\":\"https:\\\/\\\/p4p-nl.bootmine.com\\\/wp-content\\\/uploads\\\/2026\\\/03\\\/logo-pharmacy4pets.png\",\"width\":1024,\"height\":135,\"caption\":\"Pharmacy4pets\"},\"image\":{\"@id\":\"http:\\\/\\\/www.pharmacy4pets.nl\\\/#\\\/schema\\\/logo\\\/image\\\/\"},\"sameAs\":[\"https:\\\/\\\/www.facebook.com\\\/people\\\/Pharmacy4petsnl\\\/100063484989896\\\/\",\"https:\\\/\\\/www.youtube.com\\\/channel\\\/UCGPTIgucgli03tP2_kvLkHg\\\/featured\",\"https:\\\/\\\/www.instagram.com\\\/pharmacy4pets.nl\"]}]}<\/script>\n<!-- \/ Yoast SEO plugin. -->","yoast_head_json":{"title":"Formel Z Kat | voedingssupplement Kat Vitamine B","description":"Formel-Z Kat is een voedingssupplement dat uw kat voorziet van voldoende vitamine B. Werkt op verschillende manieren aan de gezondheid van uw kat.","robots":{"index":"index","follow":"follow","max-snippet":"max-snippet:-1","max-image-preview":"max-image-preview:large","max-video-preview":"max-video-preview:-1"},"canonical":"https:\/\/p4p-nl.bootmine.com\/%product-slug%\/formel-z-cat","og_locale":"nl_NL","og_type":"article","og_title":"Formel Z Kat | voedingssupplement Kat Vitamine B","og_description":"Formel-Z Kat is een voedingssupplement dat uw kat voorziet van voldoende vitamine B. Werkt op verschillende manieren aan de gezondheid van uw kat.","og_url":"https:\/\/p4p-nl.bootmine.com\/%product-slug%\/formel-z-cat","og_site_name":"Pharmacy4pets","article_publisher":"https:\/\/www.facebook.com\/people\/Pharmacy4petsnl\/100063484989896\/","article_modified_time":"2026-03-25T11:57:47+00:00","og_image":[{"width":250,"height":250,"url":"https:\/\/p4p-nl.bootmine.com\/wp-content\/uploads\/2017\/07\/23630.png","type":"image\/png"}],"twitter_card":"summary_large_image","twitter_misc":{"Geschatte leestijd":"1 minuut"},"schema":{"@context":"https:\/\/schema.org","@graph":[{"@type":"WebPage","@id":"https:\/\/p4p-nl.bootmine.com\/%product-slug%\/formel-z-cat","url":"https:\/\/p4p-nl.bootmine.com\/%product-slug%\/formel-z-cat","name":"Formel Z Kat | voedingssupplement Kat Vitamine B","isPartOf":{"@id":"http:\/\/www.pharmacy4pets.nl\/#website"},"primaryImageOfPage":{"@id":"https:\/\/p4p-nl.bootmine.com\/%product-slug%\/formel-z-cat#primaryimage"},"image":{"@id":"https:\/\/p4p-nl.bootmine.com\/%product-slug%\/formel-z-cat#primaryimage"},"thumbnailUrl":"https:\/\/www.pharmacy4pets.nl\/wp-content\/uploads\/2017\/07\/23630.png","datePublished":"2017-07-19T07:40:31+00:00","dateModified":"2026-03-25T11:57:47+00:00","description":"Formel-Z Kat is een voedingssupplement dat uw kat voorziet van voldoende vitamine B. Werkt op verschillende manieren aan de gezondheid van uw kat.","breadcrumb":{"@id":"https:\/\/p4p-nl.bootmine.com\/%product-slug%\/formel-z-cat#breadcrumb"},"inLanguage":"nl-NL","potentialAction":[{"@type":"ReadAction","target":["https:\/\/p4p-nl.bootmine.com\/%product-slug%\/formel-z-cat"]}]},{"@type":"ImageObject","inLanguage":"nl-NL","@id":"https:\/\/p4p-nl.bootmine.com\/%product-slug%\/formel-z-cat#primaryimage","url":"https:\/\/www.pharmacy4pets.nl\/wp-content\/uploads\/2017\/07\/23630.png","contentUrl":"https:\/\/www.pharmacy4pets.nl\/wp-content\/uploads\/2017\/07\/23630.png","width":250,"height":250,"caption":"Formel-Z"},{"@type":"BreadcrumbList","@id":"https:\/\/p4p-nl.bootmine.com\/%product-slug%\/formel-z-cat#breadcrumb","itemListElement":[{"@type":"ListItem","position":1,"name":"Home","item":"https:\/\/p4p-nl.bootmine.com\/"},{"@type":"ListItem","position":2,"name":"Winkel","item":"https:\/\/p4p-nl.bootmine.com\/winkel"},{"@type":"ListItem","position":3,"name":"Formel-Z | Kat | 125 gr"}]},{"@type":"WebSite","@id":"http:\/\/www.pharmacy4pets.nl\/#website","url":"http:\/\/www.pharmacy4pets.nl\/","name":"Pharmacy4pets","description":"Pharmacy4pets.nl is d\u00e9 online apotheek waar u terecht kunt voor alle diergeneesmiddelen, verzorgingsproducten en dieetvoeding voor uw huisdier.","publisher":{"@id":"http:\/\/www.pharmacy4pets.nl\/#organization"},"potentialAction":[{"@type":"SearchAction","target":{"@type":"EntryPoint","urlTemplate":"http:\/\/www.pharmacy4pets.nl\/?s={search_term_string}"},"query-input":{"@type":"PropertyValueSpecification","valueRequired":true,"valueName":"search_term_string"}}],"inLanguage":"nl-NL"},{"@type":"Organization","@id":"http:\/\/www.pharmacy4pets.nl\/#organization","name":"Pharmacy4pets","url":"http:\/\/www.pharmacy4pets.nl\/","logo":{"@type":"ImageObject","inLanguage":"nl-NL","@id":"http:\/\/www.pharmacy4pets.nl\/#\/schema\/logo\/image\/","url":"https:\/\/p4p-nl.bootmine.com\/wp-content\/uploads\/2026\/03\/logo-pharmacy4pets.png","contentUrl":"https:\/\/p4p-nl.bootmine.com\/wp-content\/uploads\/2026\/03\/logo-pharmacy4pets.png","width":1024,"height":135,"caption":"Pharmacy4pets"},"image":{"@id":"http:\/\/www.pharmacy4pets.nl\/#\/schema\/logo\/image\/"},"sameAs":["https:\/\/www.facebook.com\/people\/Pharmacy4petsnl\/100063484989896\/","https:\/\/www.youtube.com\/channel\/UCGPTIgucgli03tP2_kvLkHg\/featured","https:\/\/www.instagram.com\/pharmacy4pets.nl"]}]}},"market_data":{"nl":{"price":0,"sale_price":0,"active":false,"url":null,"parent_url":"","tax_rate":0,"price_inc_tax":0,"sale_price_inc_tax":0},"de":{"price":0,"sale_price":0,"active":false,"url":null,"parent_url":"","tax_rate":0,"price_inc_tax":0,"sale_price_inc_tax":0},"be":{"price":0,"sale_price":0,"active":false,"url":null,"parent_url":"","tax_rate":0,"price_inc_tax":0,"sale_price_inc_tax":0},"fr":{"price":0,"sale_price":0,"active":false,"url":null,"parent_url":"","tax_rate":0,"price_inc_tax":0,"sale_price_inc_tax":0},"ch":{"price":0,"sale_price":0,"active":false,"url":null,"parent_url":"","tax_rate":0,"price_inc_tax":0,"sale_price_inc_tax":0},"at":{"price":0,"sale_price":0,"active":false,"url":null,"parent_url":"","tax_rate":0,"price_inc_tax":0,"sale_price_inc_tax":0},"es":{"price":0,"sale_price":0,"active":false,"url":null,"parent_url":"","tax_rate":0,"price_inc_tax":0,"sale_price_inc_tax":0},"dk":{"price":0,"sale_price":0,"active":false,"url":null,"parent_url":"","tax_rate":0,"price_inc_tax":0,"sale_price_inc_tax":0},"com":{"price":0,"sale_price":0,"active":false,"url":null,"parent_url":"","tax_rate":0,"price_inc_tax":0,"sale_price_inc_tax":0}},"market_nl_price":0,"market_nl_sale_price":0,"market_nl_active":false,"market_nl_url":null,"market_nl_parent_url":"","market_nl_tax_rate":0,"market_nl_price_inc_tax":0,"market_nl_sale_price_inc_tax":0,"market_de_price":0,"market_de_sale_price":0,"market_de_active":false,"market_de_url":null,"market_de_parent_url":"","market_de_tax_rate":0,"market_de_price_inc_tax":0,"market_de_sale_price_inc_tax":0,"market_be_price":0,"market_be_sale_price":0,"market_be_active":false,"market_be_url":null,"market_be_parent_url":"","market_be_tax_rate":0,"market_be_price_inc_tax":0,"market_be_sale_price_inc_tax":0,"market_fr_price":0,"market_fr_sale_price":0,"market_fr_active":false,"market_fr_url":null,"market_fr_parent_url":"","market_fr_tax_rate":0,"market_fr_price_inc_tax":0,"market_fr_sale_price_inc_tax":0,"market_ch_price":0,"market_ch_sale_price":0,"market_ch_active":false,"market_ch_url":null,"market_ch_parent_url":"","market_ch_tax_rate":0,"market_ch_price_inc_tax":0,"market_ch_sale_price_inc_tax":0,"market_at_price":0,"market_at_sale_price":0,"market_at_active":false,"market_at_url":null,"market_at_parent_url":"","market_at_tax_rate":0,"market_at_price_inc_tax":0,"market_at_sale_price_inc_tax":0,"market_es_price":0,"market_es_sale_price":0,"market_es_active":false,"market_es_url":null,"market_es_parent_url":"","market_es_tax_rate":0,"market_es_price_inc_tax":0,"market_es_sale_price_inc_tax":0,"market_dk_price":0,"market_dk_sale_price":0,"market_dk_active":false,"market_dk_url":null,"market_dk_parent_url":"","market_dk_tax_rate":0,"market_dk_price_inc_tax":0,"market_dk_sale_price_inc_tax":0,"market_com_price":0,"market_com_sale_price":0,"market_com_active":false,"market_com_url":null,"market_com_parent_url":"","market_com_tax_rate":0,"market_com_price_inc_tax":0,"market_com_sale_price_inc_tax":0,"acf":[],"_links":{"self":[{"href":"https:\/\/www.pharmacy4pets.nl\/be\/wp-json\/wp\/v2\/product\/118397","targetHints":{"allow":["GET"]}}],"collection":[{"href":"https:\/\/www.pharmacy4pets.nl\/be\/wp-json\/wp\/v2\/product"}],"about":[{"href":"https:\/\/www.pharmacy4pets.nl\/be\/wp-json\/wp\/v2\/types\/product"}],"replies":[{"embeddable":true,"href":"https:\/\/www.pharmacy4pets.nl\/be\/wp-json\/wp\/v2\/comments?post=118397"}],"wp:featuredmedia":[{"embeddable":true,"href":"https:\/\/www.pharmacy4pets.nl\/be\/wp-json\/wp\/v2\/media\/118336"}],"wp:attachment":[{"href":"https:\/\/www.pharmacy4pets.nl\/be\/wp-json\/wp\/v2\/media?parent=118397"}],"wp:term":[{"taxonomy":"product_brand","embeddable":true,"href":"https:\/\/www.pharmacy4pets.nl\/be\/wp-json\/wp\/v2\/product_brand?post=118397"},{"taxonomy":"product_cat","embeddable":true,"href":"https:\/\/www.pharmacy4pets.nl\/be\/wp-json\/wp\/v2\/product_cat?post=118397"},{"taxonomy":"product_tag","embeddable":true,"href":"https:\/\/www.pharmacy4pets.nl\/be\/wp-json\/wp\/v2\/product_tag?post=118397"}],"curies":[{"name":"wp","href":"https:\/\/api.w.org\/{rel}","templated":true}]}}