{"id":118394,"date":"2017-07-18T13:39:29","date_gmt":"2017-07-18T13:39:29","guid":{"rendered":"https:\/\/p4p.test\/arthrogreen-plus-2"},"modified":"2026-03-25T11:57:46","modified_gmt":"2026-03-25T11:57:46","slug":"arthrogreen-plus","status":"publish","type":"product","link":"https:\/\/www.pharmacy4pets.nl\/be\/arthrogreen-plus","title":{"rendered":"ArthroGreen Plus &#8211; 75 gram"},"content":{"rendered":"<p>ArthroGreen Plus van cdVet is een voedingssupplement voor honden die nodig zijn voor een optimale werking van de gewrichten en het gehele bewegingsapparaat.<\/p>\n<p>ArthroGreen Plus bevat de bewezen ArthroGreen receptuur en is verrijkt met rozenbottel en wilgenbast. Dit maakt het bijzonder geschikt ter ondersteuning van het bewegingsapparaat en gewichten in acute fasen. De rozenbottelschillen bewijzen door hun hoge vitamine-C gehalte hun dienst. Vitamine C is van grote betekenis voor de collageenbiosynthese en daarmee voor de botte en het kraakbeen. Door de uitgebalanceerde combinatie binnen de formule kan ArthroGreen Plus een natuurlijke ondersteuning van de voeding zijn.<\/p>\n<p><span style=\"text-decoration: underline;\">Toediening:<br \/><\/span>Dagelijks toedienen, als dit wenselijk is.<\/p>\n<p><span style=\"text-decoration: underline;\">Dosering:<\/span><\/p>\n<table style=\"\" border=\"1\">\n<thead>\n<tr>\n<td colspan=\"2\">\n<p style=\"text-align: center;\"><strong>Dosering<\/strong><\/p>\n<\/td>\n<\/tr>\n<\/thead>\n<tbody>\n<tr>\n<td>\n<p><strong><i>Diersoort en gewicht<\/i><\/strong><\/p>\n<\/td>\n<td>\n<p><strong><i>Aanbevolen dosering<\/i><\/strong><\/p>\n<\/td>\n<\/tr>\n<tr>\n<td>\n<p>Kleine hond &lt;10 kg<\/p>\n<\/td>\n<td>\n<p>1 maatlepel<\/p>\n<\/td>\n<\/tr>\n<tr>\n<td>\n<p>Middelgrote hond 10-35 kg<\/p>\n<\/td>\n<td>\n<p>1 &#8211; 2 maatlepel<\/p>\n<\/td>\n<\/tr>\n<tr>\n<td>\n<p>Grote hond &gt;35 kg<\/p>\n<\/td>\n<td>\n<p>2 &ndash; 4 maatlepel<\/p>\n<\/td>\n<\/tr>\n<\/tbody>\n<\/table>\n<p><span style=\"text-decoration: underline;\">Verpakking:<br \/><\/span>75 gram<\/p>\n","protected":false},"excerpt":{"rendered":"<p>ArthroGreen Plus van cdVet is een voedingssupplement voor honden die nodig zijn voor een optimale werking van de gewrichten en het gehele bewegingsapparaat. ArthroGreen Plus bevat de bewezen ArthroGreen receptuur en is verrijkt met rozenbottel en wilgenbast. Dit maakt het bijzonder geschikt ter ondersteuning van het bewegingsapparaat en gewichten in acute fasen. De rozenbottelschillen bewijzen [&hellip;]<\/p>\n","protected":false},"featured_media":118332,"comment_status":"open","ping_status":"closed","template":"","meta":{"_acf_changed":false,"_nl_post_content":"<p>ArthroGreen Plus van cdVet is een voedingssupplement voor honden die nodig zijn voor een optimale werking van de gewrichten en het gehele bewegingsapparaat.<\/p>\r\n<p>ArthroGreen Plus bevat de bewezen ArthroGreen receptuur en is verrijkt met rozenbottel en wilgenbast. Dit maakt het bijzonder geschikt ter ondersteuning van het bewegingsapparaat en gewichten in acute fasen. De rozenbottelschillen bewijzen door hun hoge vitamine-C gehalte hun dienst. Vitamine C is van grote betekenis voor de collageenbiosynthese en daarmee voor de botte en het kraakbeen. Door de uitgebalanceerde combinatie binnen de formule kan ArthroGreen Plus een natuurlijke ondersteuning van de voeding zijn.<\/p>\r\n<p><span style=\"text-decoration: underline;\">Toediening:<br \/><\/span>Dagelijks toedienen, als dit wenselijk is.<\/p>\r\n<p><span style=\"text-decoration: underline;\">Dosering:<\/span><\/p>\r\n<table style=\"\" border=\"1\">\r\n<thead>\r\n<tr>\r\n<td colspan=\"2\">\r\n<p style=\"text-align: center;\"><strong>Dosering<\/strong><\/p>\r\n<\/td>\r\n<\/tr>\r\n<\/thead>\r\n<tbody>\r\n<tr>\r\n<td>\r\n<p><strong><i>Diersoort en gewicht<\/i><\/strong><\/p>\r\n<\/td>\r\n<td>\r\n<p><strong><i>Aanbevolen dosering<\/i><\/strong><\/p>\r\n<\/td>\r\n<\/tr>\r\n<tr>\r\n<td>\r\n<p>Kleine hond &lt;10 kg<\/p>\r\n<\/td>\r\n<td>\r\n<p>1 maatlepel<\/p>\r\n<\/td>\r\n<\/tr>\r\n<tr>\r\n<td>\r\n<p>Middelgrote hond 10-35 kg<\/p>\r\n<\/td>\r\n<td>\r\n<p>1 - 2 maatlepel<\/p>\r\n<\/td>\r\n<\/tr>\r\n<tr>\r\n<td>\r\n<p>Grote hond &gt;35 kg<\/p>\r\n<\/td>\r\n<td>\r\n<p>2 &ndash; 4 maatlepel<\/p>\r\n<\/td>\r\n<\/tr>\r\n<\/tbody>\r\n<\/table>\r\n<p><span style=\"text-decoration: underline;\">Verpakking:<br \/><\/span>75 gram<\/p>","_nl_post_name":"arthrogreen-plus","_nl_post_excerpt":"","_nl_post_title":"ArthroGreen Plus - 75 gram","_en_post_content":"<p>ArthroGreen Plus from cdVet is a nutritional supplement for dogs that are necessary for the optimal functioning of the joints and the entire muscular device. ArthroGreen Plus contains the proven ArthroGreen recipe and is additionally enriched with rose bottle and willow bark. This makes it particularly suitable to support the musculature and joints in acute phases. Due to their high vitamin-C content, the rose bottle shells have proven very effective. Vitamin C is of great significance for collagen biosynthesis and therefore also for the bones and cartilage. Due to the balanced combination within the formula, ArthroGreen Plus can be a natural support of the diet.<\/p>\r\n<p><span style=\"text-decoration: underline;\">Administration:<br \/><\/span>If necessary; daily administration<\/p>\r\n<p><span style=\"text-decoration: underline;\">Dosage:<\/span><\/p>\r\n<table style=\"\" border=\"1\">\r\n<thead>\r\n<tr>\r\n<td colspan=\"2\">\r\n<p style=\"text-align: center;\"><strong>Dosage<\/strong><\/p>\r\n<\/td>\r\n<\/tr>\r\n<\/thead>\r\n<tbody>\r\n<tr>\r\n<td>\r\n<p><strong><i>Animal and weight<\/i><\/strong><\/p>\r\n<\/td>\r\n<td>\r\n<p><strong><i>Optimum dosage<\/i><\/strong><\/p>\r\n<\/td>\r\n<\/tr>\r\n<tr>\r\n<td>\r\n<p>Small dog&nbsp;&lt;10 kg<\/p>\r\n<\/td>\r\n<td>\r\n<p>1 Measuring Spoon<\/p>\r\n<\/td>\r\n<\/tr>\r\n<tr>\r\n<td>\r\n<p>Medium dog 10-35 kg<\/p>\r\n<\/td>\r\n<td>\r\n<p>1-2 Measuring Spoon<\/p>\r\n<\/td>\r\n<\/tr>\r\n<tr>\r\n<td>\r\n<p>Large dog &gt;35 kg<\/p>\r\n<\/td>\r\n<td>\r\n<p>2-4 Measuring Spoon<\/p>\r\n<\/td>\r\n<\/tr>\r\n<\/tbody>\r\n<\/table>\r\n<p><span style=\"text-decoration-line: underline;\">Package:<\/span><\/p>\r\n<p>75 gram.<\/p>","_en_post_name":"arthrogreen-plus","_en_post_excerpt":"","_en_post_title":"ArthroGreen Plus - 75 grams","_de_post_content":"<p>ArthroGreen Plus von cdVet ist ein Eg&auml;nzungsfuttermittel f&uuml;r Hunde.<\/p>\r\n<p>ArthroGreen plus enth&auml;lt die bew&auml;hrte ArthroGreen Rezeptur und wurde zus&auml;tzlich mit Hagebutte und Weidenrinde angereichert. Dadurch eignet es sich besonders um den Bewegungsapparat und die Gelenke in akuten Phasen optimal auf nat&uuml;rliche Weise zu unterst&uuml;tzen. Die enthaltenen Hagebuttenschalen zeichnen sich durch ihren hohen Gehalt an Vitamin C, Pektinen, Fruchts&auml;uren und Carotinoiden aus. Vitamin C ist von gro&szlig;er Bedeutung f&uuml;r die Kollagenbiosynthese und damit f&uuml;r die Festigkeit von Knochen und Knorpel. Durch die ausgew&auml;hlte Kombination mit dem in der Weidenrinde enthaltenen Salicin kann ArthroGreen plus eine nat&uuml;rliche, ern&auml;hrungsbedingte Unterst&uuml;tzung sein.<\/p>\r\n<p>Eine optimale Versorgung mit Vitaminen, Spurenelementen, Aminos&auml;uren und ausgesuchten Kr&auml;utern unterst&uuml;tzt die physiologischen Organfunktionen und Stoffwechselvorg&auml;nge die f&uuml;r eine optimale Funktion der Gelenke und des Bewegungsapparates notwendig sind.<\/p>\r\n<p><span style=\"text-decoration: underline;\">Anwendung:<br \/><\/span>T&auml;glich, je nach Bedarf.<\/p>\r\n<p><span style=\"text-decoration: underline;\">Dosierung:<\/span><\/p>\r\n<table style=\"\" border=\"1\">\r\n<thead>\r\n<tr>\r\n<td colspan=\"2\">\r\n<p style=\"text-align: center;\"><strong>Dosierung<\/strong><\/p>\r\n<\/td>\r\n<\/tr>\r\n<\/thead>\r\n<tbody>\r\n<tr>\r\n<td>\r\n<p><strong><i>Tier und Gewicht<\/i><\/strong><\/p>\r\n<\/td>\r\n<td>\r\n<p><strong><i>Optimale Dosierung<\/i><\/strong><\/p>\r\n<\/td>\r\n<\/tr>\r\n<tr>\r\n<td>\r\n<p>Kleine Hund &lt;10 kg<\/p>\r\n<\/td>\r\n<td>\r\n<p>1 Messl&ouml;ffel<\/p>\r\n<\/td>\r\n<\/tr>\r\n<tr>\r\n<td>\r\n<p>Mittelgro&szlig;e Hund 10-35 kg<\/p>\r\n<\/td>\r\n<td>\r\n<p>1 bis 2 Messl&ouml;ffel<\/p>\r\n<\/td>\r\n<\/tr>\r\n<tr>\r\n<td>\r\n<p>Gro&szlig;e Hund &gt;30 kg<\/p>\r\n<\/td>\r\n<td>\r\n<p>2 bis 4 Messl&ouml;ffel<\/p>\r\n<\/td>\r\n<\/tr>\r\n<\/tbody>\r\n<\/table>\r\n<p><span style=\"text-decoration-line: underline;\">Verpackung:<\/span><\/p>\r\n<p>75 Gramm<\/p>","_de_post_name":"arthrogreen-plus","_de_post_excerpt":"","_de_post_title":"ArthroGreen Plus 75 Gramm","_fr_post_content":"<p>ArthroGreen Plus est un compl&eacute;ment nutritionnel de la marque cdVet sp&eacute;cialement con&ccedil;u pour un fonctionnement optimal des articulations et de l'ensemble du syst&egrave;me musculo-squelettique chez le chien.<br \/><br \/>La recette &eacute;prouv&eacute;e d'ArthroGreen Plus est enrichie des ingr&eacute;dients de l'&eacute;glantier et de l'&eacute;corce de saule. Cela le rend particuli&egrave;rement adapt&eacute; pour soutenir le syst&egrave;me musculo-squelettique et les poids en phase aigu&euml;. Les &eacute;corces d'&eacute;glantier font leurs preuves en raison de leur teneur &eacute;lev&eacute;e en vitamine C. La vitamine C est d'une grande importance pour la biosynth&egrave;se du collag&egrave;ne et donc pour les os et le cartilage. Gr&acirc;ce &agrave; la combinaison &eacute;quilibr&eacute;e de cette formule, ArthroGreen Plus offre un soutien naturel dans l'alimentation de votre (vos) chien(s).<br \/><br \/><span style=\"text-decoration: underline;\">Administration:<\/span><br \/>Administrer quotidiennement, si d&eacute;sir&eacute;.<br \/><br \/><span style=\"text-decoration: underline;\">Dosage:<\/span><\/p>\r\n<table border=\"1\" style=\"\">\r\n<thead>\r\n<tr>\r\n<td colspan=\"2\">\r\n<p style=\"text-align: center;\"><strong>Dosage<\/strong><\/p>\r\n<\/td>\r\n<\/tr>\r\n<\/thead>\r\n<tbody>\r\n<tr>\r\n<td>\r\n<p><strong><em>Type et poids de l'animal<\/em><\/strong><\/p>\r\n<\/td>\r\n<td>\r\n<p><strong><em>Dosage recommand&eacute;<\/em><\/strong><\/p>\r\n<\/td>\r\n<\/tr>\r\n<tr>\r\n<td>\r\n<p>Petit chien &lt;10 kg<\/p>\r\n<\/td>\r\n<td>\r\n<p>1 cuill&egrave;re &agrave; mesurer<\/p>\r\n<\/td>\r\n<\/tr>\r\n<tr>\r\n<td>\r\n<p>Moyen chien 10-35 kg<\/p>\r\n<\/td>\r\n<td>\r\n<p>1 - 2 cuill&egrave;re &agrave; mesurer<\/p>\r\n<\/td>\r\n<\/tr>\r\n<tr>\r\n<td>\r\n<p>Gros chien &gt;35 kg<\/p>\r\n<\/td>\r\n<td>\r\n<p>2 &ndash; 4 cuill&egrave;re &agrave; mesurer<\/p>\r\n<\/td>\r\n<\/tr>\r\n<\/tbody>\r\n<\/table>","_fr_post_name":"arthrogreen-plus-75-grammes","_fr_post_excerpt":"","_fr_post_title":"ArthroGreen Plus - 75 grammes","_es_post_content":"<p>ArthroGreen Plus 75 gramos es un complemento alimenticio de cdVet que ha sido especialmente elaborado para el \u00f3ptimo funcionamiento de las articulaciones y de todo el sistema musculoesquel\u00e9tico de los perros.<\/p>\r\n<p>La receta comprobada de ArthroGreen Plus est\u00e1 enriquecida con los ingredientes rosa mosqueta y corteza de sauce. Esto lo hace especialmente adecuado para soportar el sistema musculoesquel\u00e9tico y los pesos en la fase aguda. Las pieles de rosa mosqueta demuestran su valor por su alto contenido en vitamina C. La vitamina C es de gran importancia para la bios\u00edntesis del col\u00e1geno y, por tanto, para los huesos y cart\u00edlagos. Debido a la combinaci\u00f3n equilibrada de esta f\u00f3rmula, ArthroGreen Plus ofrece un apoyo natural en la dieta de su(s) perro(s).<\/p>\r\n<p><span style=\"text-decoration: underline;\">Administraci\u00f3n:<\/span><br \/>Administrar diariamente, si se desea.<\/p>\r\n<p><span style=\"text-decoration: underline;\">Dosis:<\/span><\/p>\r\n<table style=\"\" border=\"1\">\r\n<thead>\r\n<tr>\r\n<td colspan=\"2\">\r\n<p style=\"text-align: center;\">Dosis<\/p>\r\n<\/td>\r\n<\/tr>\r\n<\/thead>\r\n<tbody>\r\n<tr>\r\n<td>\r\n<p>Tipo de animal y peso<\/p>\r\n<\/td>\r\n<td>\r\n<p>D\u00f3sis recomendada<\/p>\r\n<\/td>\r\n<\/tr>\r\n<tr>\r\n<td>\r\n<p>Perros peque\u00f1os &lt;10 kg<\/p>\r\n<\/td>\r\n<td>\r\n<p>1 cuchara medidora<\/p>\r\n<\/td>\r\n<\/tr>\r\n<tr>\r\n<td>\r\n<p>Perros medianos 10-35 kg<\/p>\r\n<\/td>\r\n<td>\r\n<p>1 - 2 cucharas medidoras<\/p>\r\n<\/td>\r\n<\/tr>\r\n<tr>\r\n<td>\r\n<p>Perros grandes &gt;35 kg<\/p>\r\n<\/td>\r\n<td>\r\n<p>2 \u2013 4 cucharas medidoras<\/p>\r\n<\/td>\r\n<\/tr>\r\n<\/tbody>\r\n<\/table>","_es_post_name":"arthrogreen-plus-75-gramos","_es_post_excerpt":"","_es_post_title":"ArthroGreen Plus - 75 gramos","edit_language":"nl"},"product_brand":[],"product_cat":[1906,1972,1843,1117,1839,1857],"product_tag":[],"class_list":{"0":"post-118394","1":"product","2":"type-product","3":"status-publish","4":"has-post-thumbnail","6":"product_cat-arthrogreen","7":"product_cat-artrose","8":"product_cat-gewrichten","9":"product_cat-honden","10":"product_cat-medicijnen-supplementen","11":"product_cat-merken","12":"pa_aandoening-gewrichten","13":"pa_doeldier-hond","14":"pa_fabricatieland-duitsland","15":"pa_merkfilter-arthrogreen","16":"pa_merkgroep-cdvet","17":"pa_productsoort-voedingssupplement","18":"pa_seo_canonical_store_id-not_found_value","19":"pa_seo_category-not_found_value","20":"pa_seo_meta_robots-not_found_value","21":"pa_toedieningswijze-poeder","22":"pa_unit_pricing_base_measure-10g","23":"pa_unit_pricing_measure-75g","24":"pa_werkzamestof-overig","26":"first","27":"instock","28":"taxable","29":"shipping-taxable","30":"purchasable","31":"product-type-simple"},"yoast_head":"<!-- This site is optimized with the Yoast SEO plugin v27.5 - https:\/\/yoast.com\/product\/yoast-seo-wordpress\/ -->\n<title>ArthroGreen Plus | Gewrichten | Hond<\/title>\n<meta name=\"description\" content=\"ArthroGreen Plus van cdVet is een voedingssupplement voor honden welke nodig is voor een optimale werking van de gewrichten en het gehele bewegingsapparaat\" \/>\n<meta name=\"robots\" content=\"index, follow, max-snippet:-1, max-image-preview:large, max-video-preview:-1\" \/>\n<link rel=\"canonical\" href=\"https:\/\/p4p-nl.bootmine.com\/%product-slug%\/arthrogreen-plus\" \/>\n<meta property=\"og:locale\" content=\"nl_NL\" \/>\n<meta property=\"og:type\" content=\"article\" \/>\n<meta property=\"og:title\" content=\"ArthroGreen Plus | Gewrichten | Hond\" \/>\n<meta property=\"og:description\" content=\"ArthroGreen Plus van cdVet is een voedingssupplement voor honden welke nodig is voor een optimale werking van de gewrichten en het gehele bewegingsapparaat\" \/>\n<meta property=\"og:url\" content=\"https:\/\/p4p-nl.bootmine.com\/%product-slug%\/arthrogreen-plus\" \/>\n<meta property=\"og:site_name\" content=\"Pharmacy4pets\" \/>\n<meta property=\"article:publisher\" content=\"https:\/\/www.facebook.com\/people\/Pharmacy4petsnl\/100063484989896\/\" \/>\n<meta property=\"article:modified_time\" content=\"2026-03-25T11:57:46+00:00\" \/>\n<meta property=\"og:image\" content=\"https:\/\/p4p-nl.bootmine.com\/wp-content\/uploads\/2017\/07\/23636.png\" \/>\n\t<meta property=\"og:image:width\" content=\"203\" \/>\n\t<meta property=\"og:image:height\" content=\"317\" \/>\n\t<meta property=\"og:image:type\" content=\"image\/png\" \/>\n<meta name=\"twitter:card\" content=\"summary_large_image\" \/>\n<meta name=\"twitter:label1\" content=\"Geschatte leestijd\" \/>\n\t<meta name=\"twitter:data1\" content=\"1 minuut\" \/>\n<script type=\"application\/ld+json\" class=\"yoast-schema-graph\">{\"@context\":\"https:\\\/\\\/schema.org\",\"@graph\":[{\"@type\":\"WebPage\",\"@id\":\"https:\\\/\\\/p4p-nl.bootmine.com\\\/%product-slug%\\\/arthrogreen-plus\",\"url\":\"https:\\\/\\\/p4p-nl.bootmine.com\\\/%product-slug%\\\/arthrogreen-plus\",\"name\":\"ArthroGreen Plus | Gewrichten | Hond\",\"isPartOf\":{\"@id\":\"http:\\\/\\\/www.pharmacy4pets.nl\\\/#website\"},\"primaryImageOfPage\":{\"@id\":\"https:\\\/\\\/p4p-nl.bootmine.com\\\/%product-slug%\\\/arthrogreen-plus#primaryimage\"},\"image\":{\"@id\":\"https:\\\/\\\/p4p-nl.bootmine.com\\\/%product-slug%\\\/arthrogreen-plus#primaryimage\"},\"thumbnailUrl\":\"https:\\\/\\\/www.pharmacy4pets.nl\\\/wp-content\\\/uploads\\\/2017\\\/07\\\/23636.png\",\"datePublished\":\"2017-07-18T13:39:29+00:00\",\"dateModified\":\"2026-03-25T11:57:46+00:00\",\"description\":\"ArthroGreen Plus van cdVet is een voedingssupplement voor honden welke nodig is voor een optimale werking van de gewrichten en het gehele bewegingsapparaat\",\"breadcrumb\":{\"@id\":\"https:\\\/\\\/p4p-nl.bootmine.com\\\/%product-slug%\\\/arthrogreen-plus#breadcrumb\"},\"inLanguage\":\"nl-NL\",\"potentialAction\":[{\"@type\":\"ReadAction\",\"target\":[\"https:\\\/\\\/p4p-nl.bootmine.com\\\/%product-slug%\\\/arthrogreen-plus\"]}]},{\"@type\":\"ImageObject\",\"inLanguage\":\"nl-NL\",\"@id\":\"https:\\\/\\\/p4p-nl.bootmine.com\\\/%product-slug%\\\/arthrogreen-plus#primaryimage\",\"url\":\"https:\\\/\\\/www.pharmacy4pets.nl\\\/wp-content\\\/uploads\\\/2017\\\/07\\\/23636.png\",\"contentUrl\":\"https:\\\/\\\/www.pharmacy4pets.nl\\\/wp-content\\\/uploads\\\/2017\\\/07\\\/23636.png\",\"width\":203,\"height\":317,\"caption\":\"ArthroGreen\"},{\"@type\":\"BreadcrumbList\",\"@id\":\"https:\\\/\\\/p4p-nl.bootmine.com\\\/%product-slug%\\\/arthrogreen-plus#breadcrumb\",\"itemListElement\":[{\"@type\":\"ListItem\",\"position\":1,\"name\":\"Home\",\"item\":\"https:\\\/\\\/p4p-nl.bootmine.com\\\/\"},{\"@type\":\"ListItem\",\"position\":2,\"name\":\"Winkel\",\"item\":\"https:\\\/\\\/p4p-nl.bootmine.com\\\/winkel\"},{\"@type\":\"ListItem\",\"position\":3,\"name\":\"ArthroGreen Plus &#8211; 75 gram\"}]},{\"@type\":\"WebSite\",\"@id\":\"http:\\\/\\\/www.pharmacy4pets.nl\\\/#website\",\"url\":\"http:\\\/\\\/www.pharmacy4pets.nl\\\/\",\"name\":\"Pharmacy4pets\",\"description\":\"Pharmacy4pets.nl is d\u00e9 online apotheek waar u terecht kunt voor alle diergeneesmiddelen, verzorgingsproducten en dieetvoeding voor uw huisdier.\",\"publisher\":{\"@id\":\"http:\\\/\\\/www.pharmacy4pets.nl\\\/#organization\"},\"potentialAction\":[{\"@type\":\"SearchAction\",\"target\":{\"@type\":\"EntryPoint\",\"urlTemplate\":\"http:\\\/\\\/www.pharmacy4pets.nl\\\/?s={search_term_string}\"},\"query-input\":{\"@type\":\"PropertyValueSpecification\",\"valueRequired\":true,\"valueName\":\"search_term_string\"}}],\"inLanguage\":\"nl-NL\"},{\"@type\":\"Organization\",\"@id\":\"http:\\\/\\\/www.pharmacy4pets.nl\\\/#organization\",\"name\":\"Pharmacy4pets\",\"url\":\"http:\\\/\\\/www.pharmacy4pets.nl\\\/\",\"logo\":{\"@type\":\"ImageObject\",\"inLanguage\":\"nl-NL\",\"@id\":\"http:\\\/\\\/www.pharmacy4pets.nl\\\/#\\\/schema\\\/logo\\\/image\\\/\",\"url\":\"https:\\\/\\\/p4p-nl.bootmine.com\\\/wp-content\\\/uploads\\\/2026\\\/03\\\/logo-pharmacy4pets.png\",\"contentUrl\":\"https:\\\/\\\/p4p-nl.bootmine.com\\\/wp-content\\\/uploads\\\/2026\\\/03\\\/logo-pharmacy4pets.png\",\"width\":1024,\"height\":135,\"caption\":\"Pharmacy4pets\"},\"image\":{\"@id\":\"http:\\\/\\\/www.pharmacy4pets.nl\\\/#\\\/schema\\\/logo\\\/image\\\/\"},\"sameAs\":[\"https:\\\/\\\/www.facebook.com\\\/people\\\/Pharmacy4petsnl\\\/100063484989896\\\/\",\"https:\\\/\\\/www.youtube.com\\\/channel\\\/UCGPTIgucgli03tP2_kvLkHg\\\/featured\",\"https:\\\/\\\/www.instagram.com\\\/pharmacy4pets.nl\"]}]}<\/script>\n<!-- \/ Yoast SEO plugin. -->","yoast_head_json":{"title":"ArthroGreen Plus | Gewrichten | Hond","description":"ArthroGreen Plus van cdVet is een voedingssupplement voor honden welke nodig is voor een optimale werking van de gewrichten en het gehele bewegingsapparaat","robots":{"index":"index","follow":"follow","max-snippet":"max-snippet:-1","max-image-preview":"max-image-preview:large","max-video-preview":"max-video-preview:-1"},"canonical":"https:\/\/p4p-nl.bootmine.com\/%product-slug%\/arthrogreen-plus","og_locale":"nl_NL","og_type":"article","og_title":"ArthroGreen Plus | Gewrichten | Hond","og_description":"ArthroGreen Plus van cdVet is een voedingssupplement voor honden welke nodig is voor een optimale werking van de gewrichten en het gehele bewegingsapparaat","og_url":"https:\/\/p4p-nl.bootmine.com\/%product-slug%\/arthrogreen-plus","og_site_name":"Pharmacy4pets","article_publisher":"https:\/\/www.facebook.com\/people\/Pharmacy4petsnl\/100063484989896\/","article_modified_time":"2026-03-25T11:57:46+00:00","og_image":[{"width":203,"height":317,"url":"https:\/\/p4p-nl.bootmine.com\/wp-content\/uploads\/2017\/07\/23636.png","type":"image\/png"}],"twitter_card":"summary_large_image","twitter_misc":{"Geschatte leestijd":"1 minuut"},"schema":{"@context":"https:\/\/schema.org","@graph":[{"@type":"WebPage","@id":"https:\/\/p4p-nl.bootmine.com\/%product-slug%\/arthrogreen-plus","url":"https:\/\/p4p-nl.bootmine.com\/%product-slug%\/arthrogreen-plus","name":"ArthroGreen Plus | Gewrichten | Hond","isPartOf":{"@id":"http:\/\/www.pharmacy4pets.nl\/#website"},"primaryImageOfPage":{"@id":"https:\/\/p4p-nl.bootmine.com\/%product-slug%\/arthrogreen-plus#primaryimage"},"image":{"@id":"https:\/\/p4p-nl.bootmine.com\/%product-slug%\/arthrogreen-plus#primaryimage"},"thumbnailUrl":"https:\/\/www.pharmacy4pets.nl\/wp-content\/uploads\/2017\/07\/23636.png","datePublished":"2017-07-18T13:39:29+00:00","dateModified":"2026-03-25T11:57:46+00:00","description":"ArthroGreen Plus van cdVet is een voedingssupplement voor honden welke nodig is voor een optimale werking van de gewrichten en het gehele bewegingsapparaat","breadcrumb":{"@id":"https:\/\/p4p-nl.bootmine.com\/%product-slug%\/arthrogreen-plus#breadcrumb"},"inLanguage":"nl-NL","potentialAction":[{"@type":"ReadAction","target":["https:\/\/p4p-nl.bootmine.com\/%product-slug%\/arthrogreen-plus"]}]},{"@type":"ImageObject","inLanguage":"nl-NL","@id":"https:\/\/p4p-nl.bootmine.com\/%product-slug%\/arthrogreen-plus#primaryimage","url":"https:\/\/www.pharmacy4pets.nl\/wp-content\/uploads\/2017\/07\/23636.png","contentUrl":"https:\/\/www.pharmacy4pets.nl\/wp-content\/uploads\/2017\/07\/23636.png","width":203,"height":317,"caption":"ArthroGreen"},{"@type":"BreadcrumbList","@id":"https:\/\/p4p-nl.bootmine.com\/%product-slug%\/arthrogreen-plus#breadcrumb","itemListElement":[{"@type":"ListItem","position":1,"name":"Home","item":"https:\/\/p4p-nl.bootmine.com\/"},{"@type":"ListItem","position":2,"name":"Winkel","item":"https:\/\/p4p-nl.bootmine.com\/winkel"},{"@type":"ListItem","position":3,"name":"ArthroGreen Plus &#8211; 75 gram"}]},{"@type":"WebSite","@id":"http:\/\/www.pharmacy4pets.nl\/#website","url":"http:\/\/www.pharmacy4pets.nl\/","name":"Pharmacy4pets","description":"Pharmacy4pets.nl is d\u00e9 online apotheek waar u terecht kunt voor alle diergeneesmiddelen, verzorgingsproducten en dieetvoeding voor uw huisdier.","publisher":{"@id":"http:\/\/www.pharmacy4pets.nl\/#organization"},"potentialAction":[{"@type":"SearchAction","target":{"@type":"EntryPoint","urlTemplate":"http:\/\/www.pharmacy4pets.nl\/?s={search_term_string}"},"query-input":{"@type":"PropertyValueSpecification","valueRequired":true,"valueName":"search_term_string"}}],"inLanguage":"nl-NL"},{"@type":"Organization","@id":"http:\/\/www.pharmacy4pets.nl\/#organization","name":"Pharmacy4pets","url":"http:\/\/www.pharmacy4pets.nl\/","logo":{"@type":"ImageObject","inLanguage":"nl-NL","@id":"http:\/\/www.pharmacy4pets.nl\/#\/schema\/logo\/image\/","url":"https:\/\/p4p-nl.bootmine.com\/wp-content\/uploads\/2026\/03\/logo-pharmacy4pets.png","contentUrl":"https:\/\/p4p-nl.bootmine.com\/wp-content\/uploads\/2026\/03\/logo-pharmacy4pets.png","width":1024,"height":135,"caption":"Pharmacy4pets"},"image":{"@id":"http:\/\/www.pharmacy4pets.nl\/#\/schema\/logo\/image\/"},"sameAs":["https:\/\/www.facebook.com\/people\/Pharmacy4petsnl\/100063484989896\/","https:\/\/www.youtube.com\/channel\/UCGPTIgucgli03tP2_kvLkHg\/featured","https:\/\/www.instagram.com\/pharmacy4pets.nl"]}]}},"market_data":{"nl":{"price":0,"sale_price":0,"active":false,"url":null,"parent_url":"","tax_rate":0,"price_inc_tax":0,"sale_price_inc_tax":0},"de":{"price":0,"sale_price":0,"active":false,"url":null,"parent_url":"","tax_rate":0,"price_inc_tax":0,"sale_price_inc_tax":0},"be":{"price":0,"sale_price":0,"active":false,"url":null,"parent_url":"","tax_rate":0,"price_inc_tax":0,"sale_price_inc_tax":0},"fr":{"price":0,"sale_price":0,"active":false,"url":null,"parent_url":"","tax_rate":0,"price_inc_tax":0,"sale_price_inc_tax":0},"ch":{"price":0,"sale_price":0,"active":false,"url":null,"parent_url":"","tax_rate":0,"price_inc_tax":0,"sale_price_inc_tax":0},"at":{"price":0,"sale_price":0,"active":false,"url":null,"parent_url":"","tax_rate":0,"price_inc_tax":0,"sale_price_inc_tax":0},"es":{"price":0,"sale_price":0,"active":false,"url":null,"parent_url":"","tax_rate":0,"price_inc_tax":0,"sale_price_inc_tax":0},"dk":{"price":0,"sale_price":0,"active":false,"url":null,"parent_url":"","tax_rate":0,"price_inc_tax":0,"sale_price_inc_tax":0},"com":{"price":0,"sale_price":0,"active":false,"url":null,"parent_url":"","tax_rate":0,"price_inc_tax":0,"sale_price_inc_tax":0}},"market_nl_price":0,"market_nl_sale_price":0,"market_nl_active":false,"market_nl_url":null,"market_nl_parent_url":"","market_nl_tax_rate":0,"market_nl_price_inc_tax":0,"market_nl_sale_price_inc_tax":0,"market_de_price":0,"market_de_sale_price":0,"market_de_active":false,"market_de_url":null,"market_de_parent_url":"","market_de_tax_rate":0,"market_de_price_inc_tax":0,"market_de_sale_price_inc_tax":0,"market_be_price":0,"market_be_sale_price":0,"market_be_active":false,"market_be_url":null,"market_be_parent_url":"","market_be_tax_rate":0,"market_be_price_inc_tax":0,"market_be_sale_price_inc_tax":0,"market_fr_price":0,"market_fr_sale_price":0,"market_fr_active":false,"market_fr_url":null,"market_fr_parent_url":"","market_fr_tax_rate":0,"market_fr_price_inc_tax":0,"market_fr_sale_price_inc_tax":0,"market_ch_price":0,"market_ch_sale_price":0,"market_ch_active":false,"market_ch_url":null,"market_ch_parent_url":"","market_ch_tax_rate":0,"market_ch_price_inc_tax":0,"market_ch_sale_price_inc_tax":0,"market_at_price":0,"market_at_sale_price":0,"market_at_active":false,"market_at_url":null,"market_at_parent_url":"","market_at_tax_rate":0,"market_at_price_inc_tax":0,"market_at_sale_price_inc_tax":0,"market_es_price":0,"market_es_sale_price":0,"market_es_active":false,"market_es_url":null,"market_es_parent_url":"","market_es_tax_rate":0,"market_es_price_inc_tax":0,"market_es_sale_price_inc_tax":0,"market_dk_price":0,"market_dk_sale_price":0,"market_dk_active":false,"market_dk_url":null,"market_dk_parent_url":"","market_dk_tax_rate":0,"market_dk_price_inc_tax":0,"market_dk_sale_price_inc_tax":0,"market_com_price":0,"market_com_sale_price":0,"market_com_active":false,"market_com_url":null,"market_com_parent_url":"","market_com_tax_rate":0,"market_com_price_inc_tax":0,"market_com_sale_price_inc_tax":0,"acf":[],"_links":{"self":[{"href":"https:\/\/www.pharmacy4pets.nl\/be\/wp-json\/wp\/v2\/product\/118394","targetHints":{"allow":["GET"]}}],"collection":[{"href":"https:\/\/www.pharmacy4pets.nl\/be\/wp-json\/wp\/v2\/product"}],"about":[{"href":"https:\/\/www.pharmacy4pets.nl\/be\/wp-json\/wp\/v2\/types\/product"}],"replies":[{"embeddable":true,"href":"https:\/\/www.pharmacy4pets.nl\/be\/wp-json\/wp\/v2\/comments?post=118394"}],"wp:featuredmedia":[{"embeddable":true,"href":"https:\/\/www.pharmacy4pets.nl\/be\/wp-json\/wp\/v2\/media\/118332"}],"wp:attachment":[{"href":"https:\/\/www.pharmacy4pets.nl\/be\/wp-json\/wp\/v2\/media?parent=118394"}],"wp:term":[{"taxonomy":"product_brand","embeddable":true,"href":"https:\/\/www.pharmacy4pets.nl\/be\/wp-json\/wp\/v2\/product_brand?post=118394"},{"taxonomy":"product_cat","embeddable":true,"href":"https:\/\/www.pharmacy4pets.nl\/be\/wp-json\/wp\/v2\/product_cat?post=118394"},{"taxonomy":"product_tag","embeddable":true,"href":"https:\/\/www.pharmacy4pets.nl\/be\/wp-json\/wp\/v2\/product_tag?post=118394"}],"curies":[{"name":"wp","href":"https:\/\/api.w.org\/{rel}","templated":true}]}}