{"id":118392,"date":"2017-07-18T13:22:50","date_gmt":"2017-07-18T13:22:50","guid":{"rendered":"https:\/\/p4p.test\/cdvet-arthrogreen-lauf-fit-2"},"modified":"2026-03-25T11:57:46","modified_gmt":"2026-03-25T11:57:46","slug":"cdvet-arthrogreen-lauf-fit","status":"publish","type":"product","link":"https:\/\/www.pharmacy4pets.nl\/be\/cdvet-arthrogreen-lauf-fit","title":{"rendered":"ArthroGreen Lauf-Fit"},"content":{"rendered":"<p>ArthroGreen Lauf-Fit van cdVet is een voedingssupplement voor paarden en honden om het gehele bewegingsapparaat en de gewrichten te ondersteunen en eventuele voedseltekorten te verminderen.<\/p>\n<p>Om het bewegingsapparaat en de gewrichten te ondersteunen en voeding gerelateerde tekorten te verlagen kan een optimale combinatie van puur natuurlijke kruiden een waardevolle bijdrage leveren. Zo bevat duivelsklauw Iridoidglycoside en hier in het bijzonder Harpagosid alsmede Flavoide welke voeding gerelateerd een uitstekende ondersteuning voor belastte gewrichten kunnen hebben. Met de etherische oli&euml;n van de goudsbloem en van de ginkgo in combinatie met de flavono&iuml;den wordt de stofwisseling van de gewrichten aangezet en de vrije radicalen tegengewerkt welke de celstructuren beschadigen. Deze geselecteerde combinatie laat een optimale voeding gerelateerde ondersteuning van het gehele beweging apparaat bij sterke belasting toe, zoals b.v. kan voorkomen bij sportieve activiteiten. .<\/p>\n<p>De ArthroGreen Lauf-Fit is verkrijgbaar in de volgende varianten:<br \/>&#8211;&nbsp;&nbsp;&nbsp;&nbsp;&nbsp;&nbsp;&nbsp;&nbsp;&nbsp; ArthroGreen Lauf-Fit 100ml<br \/>&#8211;&nbsp;&nbsp;&nbsp;&nbsp;&nbsp;&nbsp;&nbsp;&nbsp;&nbsp; ArthroGreen Lauf-Fit 250ml<br \/>&#8211;&nbsp;&nbsp;&nbsp;&nbsp;&nbsp;&nbsp;&nbsp;&nbsp;&nbsp; ArthroGreen Lauf-Fit 500ml<\/p>\n<p><span style=\"text-decoration: underline;\">Toediening:<br \/><\/span>Bij behoefte: Voeg 2 maal daags 10ml ArthroGreen Lauf-Fit toe aan het voedsel, gedurende minimaal 4 weken.<br \/>Bij behoefte voor een heel jaar: 2 maal per week 10ml toedienen.<\/p>\n<p><span style=\"text-decoration: underline;\">Dosering:<br \/><\/span>10ml<\/p>\n","protected":false},"excerpt":{"rendered":"<p>ArthroGreen Lauf-Fit van cdVet is een voedingssupplement voor paarden en honden om het gehele bewegingsapparaat en de gewrichten te ondersteunen en eventuele voedseltekorten te verminderen. Om het bewegingsapparaat en de gewrichten te ondersteunen en voeding gerelateerde tekorten te verlagen kan een optimale combinatie van puur natuurlijke kruiden een waardevolle bijdrage leveren. Zo bevat duivelsklauw Iridoidglycoside [&hellip;]<\/p>\n","protected":false},"featured_media":118328,"comment_status":"open","ping_status":"closed","template":"","meta":{"_acf_changed":false,"_nl_post_content":"<p>ArthroGreen Lauf-Fit van cdVet is een voedingssupplement voor paarden en honden om het gehele bewegingsapparaat en de gewrichten te ondersteunen en eventuele voedseltekorten te verminderen.<\/p>\r\n<p>Om het bewegingsapparaat en de gewrichten te ondersteunen en voeding gerelateerde tekorten te verlagen kan een optimale combinatie van puur natuurlijke kruiden een waardevolle bijdrage leveren. Zo bevat duivelsklauw Iridoidglycoside en hier in het bijzonder Harpagosid alsmede Flavoide welke voeding gerelateerd een uitstekende ondersteuning voor belastte gewrichten kunnen hebben. Met de etherische oli&euml;n van de goudsbloem en van de ginkgo in combinatie met de flavono&iuml;den wordt de stofwisseling van de gewrichten aangezet en de vrije radicalen tegengewerkt welke de celstructuren beschadigen. Deze geselecteerde combinatie laat een optimale voeding gerelateerde ondersteuning van het gehele beweging apparaat bij sterke belasting toe, zoals b.v. kan voorkomen bij sportieve activiteiten. .<\/p>\r\n<p>De ArthroGreen Lauf-Fit is verkrijgbaar in de volgende varianten:<br \/>-&nbsp;&nbsp;&nbsp;&nbsp;&nbsp;&nbsp;&nbsp;&nbsp;&nbsp; ArthroGreen Lauf-Fit 100ml<br \/>-&nbsp;&nbsp;&nbsp;&nbsp;&nbsp;&nbsp;&nbsp;&nbsp;&nbsp; ArthroGreen Lauf-Fit 250ml<br \/>-&nbsp;&nbsp;&nbsp;&nbsp;&nbsp;&nbsp;&nbsp;&nbsp;&nbsp; ArthroGreen Lauf-Fit 500ml<\/p>\r\n<p><span style=\"text-decoration: underline;\">Toediening:<br \/><\/span>Bij behoefte: Voeg 2 maal daags 10ml ArthroGreen Lauf-Fit toe aan het voedsel, gedurende minimaal 4 weken.<br \/>Bij behoefte voor een heel jaar: 2 maal per week 10ml toedienen.<\/p>\r\n<p><span style=\"text-decoration: underline;\">Dosering:<br \/><\/span>10ml<\/p>","_nl_post_name":"cdvet-arthrogreen-lauf-fit","_nl_post_excerpt":"","_nl_post_title":"ArthroGreen Lauf-Fit","_en_post_content":"<p>ArthroGreen Lauf-Fit from cdVet is a nutritional supplement for horses and dogs, to support the entire musculature and joints and reduce any nutrition-related deficiencies.<\/p>\r\n<p>In order the musculature and the joints and to reduce nutrition-related deficiencies, an optimal combination of purely natural herbs can make a valuable contribution. Thus, the devil&rsquo;s claw contains iridoid glycosides, in particular harpagoside as well as flavonoids, which can have excellent support for stressed joints as a result of nutrition. The metabolism is stimulated and free radicals are counteracted, which can damage cell structures. The selected combination allows optimum nutritional support for the entire musculature under severe stress, such as e.g. in sports.<\/p>\r\n<p>ArthroGreen Lauf-Fit is available in the following types:<br \/>-&nbsp;&nbsp;&nbsp;&nbsp;&nbsp;&nbsp;&nbsp;&nbsp;&nbsp; ArthroGreen Lauf-Fit 100ml<br \/>-&nbsp;&nbsp;&nbsp;&nbsp;&nbsp;&nbsp;&nbsp;&nbsp;&nbsp; ArthroGreen Lauf-Fit 250ml<br \/>-&nbsp;&nbsp;&nbsp;&nbsp;&nbsp;&nbsp;&nbsp;&nbsp;&nbsp; ArthroGreen Lauf-Fit 500ml<\/p>\r\n<p><span style=\"text-decoration: underline;\">Administration:<br \/><\/span>If necessary: Add 2 times a day 10 ml of ArthroGreen Lauf-fit to the food, for at least 4 weeks.<br \/>If feeding is necessary for a whole year: apply 10ml twice a week<\/p>\r\n<p><span style=\"text-decoration: underline;\">Dosage:<br \/><\/span>10ml<\/p>","_en_post_name":"cdvet-arthrogreen-lauf-fit","_en_post_excerpt":"","_en_post_title":"ArthroGreen Lauf-Fit ","_de_post_content":"<p>ArthroGreen Lauf-Fit von cdVet ist ein Erg&auml;nzungsfuttermittel f&uuml;r Pferde und Hunde um den Bewegungsapparat und die Gelenke zu unterst&uuml;tzen und f&uuml;tterungsbedingte M&auml;ngel zu mindern.<\/p>\r\n<p>Um den Bewegungsapparat und die Gelenke zu unterst&uuml;tzen und f&uuml;tterungsbedingte M&auml;ngel zu mindern, kann eine optimale Kombination aus rein nat&uuml;rlichen Kr&auml;utern einen wertvollen Beitrag leisten. So enth&auml;lt die Teufelskralle Iridoidglykoside, und hier insbesondere Harpagosid sowie Flavonoide, welche ern&auml;hrungsbedingt eine hervorragende Unterst&uuml;tzung f&uuml;r beanspruchte Gelenke haben k&ouml;nnen. Diese ausgew&auml;hlte Kombination erlaubt eine optimale ern&auml;hrungsbedingte Unterst&uuml;tzung des gesamten Bewegungsapparates bei starker Beanspruchung, wie sie z.B. im sportlichen Einsatz auftreten kann.<\/p>\r\n<p>ArthroGreen Lauf-Fit ist in den folgenden Varianten:<br \/>-&nbsp;&nbsp;&nbsp;&nbsp;&nbsp;&nbsp;&nbsp;&nbsp;&nbsp; ArthroGreen Lauf-Fit 100ml<br \/>-&nbsp;&nbsp;&nbsp;&nbsp;&nbsp;&nbsp;&nbsp;&nbsp;&nbsp; ArthroGreen Lauf-Fit 250ml<br \/>-&nbsp;&nbsp;&nbsp;&nbsp;&nbsp;&nbsp;&nbsp;&nbsp;&nbsp; ArthroGreen Lauf-Fit 500ml<\/p>\r\n<p><span style=\"text-decoration: underline;\">Anwendung:<br \/><\/span>bei Bedarf: 2 mal t&auml;glich 10ml &uuml;ber mind. 4 Wochen &uuml;ber das Futter geben;<br \/>F&uuml;tterung bei ganzj&auml;hrigem Bedarf: 2 mal w&ouml;chentlich 10ml<\/p>\r\n<p><span style=\"text-decoration: underline;\">Dosierung:<br \/><\/span>10ml<\/p>","_de_post_name":"cdvet-arthrogreen-lauf-fit","_de_post_excerpt":"","_de_post_title":"ArthroGreen Lauf-Fit ","_fr_post_content":"<p>ArthroGreen Lauf-Fit van cdVet is een voedingssupplement voor paarden en honden om het gehele bewegingsapparaat en de gewrichten te ondersteunen en eventuele voedseltekorten te verminderen.<\/p>\r\n<p>Om het bewegingsapparaat en de gewrichten te ondersteunen en voeding gerelateerde tekorten te verlagen kan een optimale combinatie van puur natuurlijke kruiden een waardevolle bijdrage leveren. Zo bevat duivelsklauw Iridoidglycoside en hier in het bijzonder Harpagosid alsmede Flavoide welke voeding gerelateerd een uitstekende ondersteuning voor belastte gewrichten kunnen hebben. Met de etherische oli&euml;n van de goudsbloem en van de ginkgo in combinatie met de flavono&iuml;den wordt de stofwisseling van de gewrichten aangezet en de vrije radicalen tegengewerkt welke de celstructuren beschadigen. Deze geselecteerde combinatie laat een optimale voeding gerelateerde ondersteuning van het gehele beweging apparaat bij sterke belasting toe, zoals b.v. kan voorkomen bij sportieve activiteiten. .<\/p>\r\n<p>De ArthroGreen Lauf-Fit is verkrijgbaar in de volgende varianten:<br \/>-&nbsp;&nbsp;&nbsp;&nbsp;&nbsp;&nbsp;&nbsp;&nbsp;&nbsp; ArthroGreen Lauf-Fit 100ml<br \/>-&nbsp;&nbsp;&nbsp;&nbsp;&nbsp;&nbsp;&nbsp;&nbsp;&nbsp; ArthroGreen Lauf-Fit 250ml<br \/>-&nbsp;&nbsp;&nbsp;&nbsp;&nbsp;&nbsp;&nbsp;&nbsp;&nbsp; ArthroGreen Lauf-Fit 500ml<\/p>\r\n<p><span style=\"text-decoration: underline;\">Toediening:<br \/><\/span>Bij behoefte: Voeg 2 maal daags 10ml ArthroGreen Lauf-Fit toe aan het voedsel, gedurende minimaal 4 weken.<br \/>Bij behoefte voor een heel jaar: 2 maal per week 10ml toedienen.<\/p>\r\n<p><span style=\"text-decoration: underline;\">Dosering:<br \/><\/span>10ml<\/p>","_fr_post_name":"cdvet-arthrogreen-lauf-fit","_fr_post_excerpt":"","_fr_post_title":"ArthroGreen Lauf-Fit ","_es_post_content":"<p>ArthroGreen Lauf-Fit de cdVet es un suplemento nutricional para caballos y perros para apoyar todo el sistema musculoesquel\u00e9tico y las articulaciones y para reducir la escasez de alimentos.<\/p>\r\n<p>Una combinaci\u00f3n \u00f3ptima de hierbas puramente naturales puede hacer una valiosa contribuci\u00f3n para apoyar el sistema musculoesquel\u00e9tico y las articulaciones y para reducir las deficiencias relacionadas con la nutrici\u00f3n. Por ejemplo, la garra del diablo contiene gluc\u00f3sido iridoide y aqu\u00ed, en particular, Harpagosid y Flavoide, que en relaci\u00f3n con los alimentos pueden tener un excelente apoyo para las articulaciones estresadas. Con los aceites esenciales de cal\u00e9ndula y ginkgo en combinaci\u00f3n con los flavonoides se activa el metabolismo de las articulaciones y se contrarrestan los radicales libres que da\u00f1an las estructuras celulares. Esta combinaci\u00f3n seleccionada permite un soporte \u00f3ptimo relacionado con la nutrici\u00f3n de todo el sistema musculoesquel\u00e9tico bajo cargas pesadas, como p. puede ocurrir durante las actividades deportivas.<\/p>\r\n<p><span style=\"text-decoration: underline;\">Administraci\u00f3n:<\/span><br \/>Cuando sea necesario: A\u00f1adir 10 ml de ArthroGreen Lauf-Fit 2 veces al d\u00eda a la comida, durante un m\u00ednimo de 4 semanas.<br \/>Si se requiere durante todo un a\u00f1o: administrar 10ml dos veces por semana.<\/p>\r\n<p><span style=\"text-decoration: underline;\">Dosis:<\/span><br \/>10ml<\/p>","_es_post_name":"cdvet-arthrogreen-lauf-fit","_es_post_excerpt":"","_es_post_title":"ArthroGreen Lauf-Fit ","edit_language":"nl"},"product_brand":[],"product_cat":[1906,1972,1843,1812,1117,1811,1839,1857,1809],"product_tag":[],"class_list":{"0":"post-118392","1":"product","2":"type-product","3":"status-publish","4":"has-post-thumbnail","6":"product_cat-arthrogreen","7":"product_cat-artrose","8":"product_cat-gewrichten","9":"product_cat-gewrichten-spieren","10":"product_cat-honden","11":"product_cat-medicijnen-supplementen","13":"product_cat-merken","14":"product_cat-paarden","15":"pa_aandoening-gewrichten","16":"pa_doeldier-ezel","17":"pa_doeldier-hond","18":"pa_doeldier-paard","19":"pa_fabricatieland-duitsland","20":"pa_merkfilter-arthrogreen","21":"pa_merkgroep-cdvet","22":"pa_productsoort-voedingssupplement","23":"pa_seo_canonical_store_id-not_found_value","24":"pa_seo_category-not_found_value","25":"pa_seo_meta_robots-not_found_value","26":"pa_toedieningswijze-vloeistof","27":"pa_werkzamestof-overig","29":"first","30":"instock","31":"taxable","32":"shipping-taxable","33":"product-type-grouped"},"yoast_head":"<!-- This site is optimized with the Yoast SEO plugin v27.5 - https:\/\/yoast.com\/product\/yoast-seo-wordpress\/ -->\n<title>ArthroGreen Lauf-Fit | cdVet | Paard en Hond<\/title>\n<meta name=\"description\" content=\"ArthroGreen Lauf-Fit van cdVet is een voedingssupplement voor paarden en honden om het gehele bewegingsapparaat en de gewrichten te ondersteunen.\" \/>\n<meta name=\"robots\" content=\"index, follow, max-snippet:-1, max-image-preview:large, max-video-preview:-1\" \/>\n<link rel=\"canonical\" href=\"https:\/\/p4p-nl.bootmine.com\/%product-slug%\/cdvet-arthrogreen-lauf-fit\" \/>\n<meta property=\"og:locale\" content=\"nl_NL\" \/>\n<meta property=\"og:type\" content=\"article\" \/>\n<meta property=\"og:title\" content=\"ArthroGreen Lauf-Fit | cdVet | Paard en Hond\" \/>\n<meta property=\"og:description\" content=\"ArthroGreen Lauf-Fit van cdVet is een voedingssupplement voor paarden en honden om het gehele bewegingsapparaat en de gewrichten te ondersteunen.\" \/>\n<meta property=\"og:url\" content=\"https:\/\/p4p-nl.bootmine.com\/%product-slug%\/cdvet-arthrogreen-lauf-fit\" \/>\n<meta property=\"og:site_name\" content=\"Pharmacy4pets\" \/>\n<meta property=\"article:publisher\" content=\"https:\/\/www.facebook.com\/people\/Pharmacy4petsnl\/100063484989896\/\" \/>\n<meta property=\"article:modified_time\" content=\"2026-03-25T11:57:46+00:00\" \/>\n<meta property=\"og:image\" content=\"https:\/\/p4p-nl.bootmine.com\/wp-content\/uploads\/2017\/07\/23642_2.png\" \/>\n\t<meta property=\"og:image:width\" content=\"310\" \/>\n\t<meta property=\"og:image:height\" content=\"310\" \/>\n\t<meta property=\"og:image:type\" content=\"image\/png\" \/>\n<meta name=\"twitter:card\" content=\"summary_large_image\" \/>\n<meta name=\"twitter:label1\" content=\"Geschatte leestijd\" \/>\n\t<meta name=\"twitter:data1\" content=\"1 minuut\" \/>\n<script type=\"application\/ld+json\" class=\"yoast-schema-graph\">{\"@context\":\"https:\\\/\\\/schema.org\",\"@graph\":[{\"@type\":\"WebPage\",\"@id\":\"https:\\\/\\\/p4p-nl.bootmine.com\\\/%product-slug%\\\/cdvet-arthrogreen-lauf-fit\",\"url\":\"https:\\\/\\\/p4p-nl.bootmine.com\\\/%product-slug%\\\/cdvet-arthrogreen-lauf-fit\",\"name\":\"ArthroGreen Lauf-Fit | cdVet | Paard en Hond\",\"isPartOf\":{\"@id\":\"http:\\\/\\\/www.pharmacy4pets.nl\\\/#website\"},\"primaryImageOfPage\":{\"@id\":\"https:\\\/\\\/p4p-nl.bootmine.com\\\/%product-slug%\\\/cdvet-arthrogreen-lauf-fit#primaryimage\"},\"image\":{\"@id\":\"https:\\\/\\\/p4p-nl.bootmine.com\\\/%product-slug%\\\/cdvet-arthrogreen-lauf-fit#primaryimage\"},\"thumbnailUrl\":\"https:\\\/\\\/www.pharmacy4pets.nl\\\/wp-content\\\/uploads\\\/2017\\\/07\\\/23642_2.png\",\"datePublished\":\"2017-07-18T13:22:50+00:00\",\"dateModified\":\"2026-03-25T11:57:46+00:00\",\"description\":\"ArthroGreen Lauf-Fit van cdVet is een voedingssupplement voor paarden en honden om het gehele bewegingsapparaat en de gewrichten te ondersteunen.\",\"breadcrumb\":{\"@id\":\"https:\\\/\\\/p4p-nl.bootmine.com\\\/%product-slug%\\\/cdvet-arthrogreen-lauf-fit#breadcrumb\"},\"inLanguage\":\"nl-NL\",\"potentialAction\":[{\"@type\":\"ReadAction\",\"target\":[\"https:\\\/\\\/p4p-nl.bootmine.com\\\/%product-slug%\\\/cdvet-arthrogreen-lauf-fit\"]}]},{\"@type\":\"ImageObject\",\"inLanguage\":\"nl-NL\",\"@id\":\"https:\\\/\\\/p4p-nl.bootmine.com\\\/%product-slug%\\\/cdvet-arthrogreen-lauf-fit#primaryimage\",\"url\":\"https:\\\/\\\/www.pharmacy4pets.nl\\\/wp-content\\\/uploads\\\/2017\\\/07\\\/23642_2.png\",\"contentUrl\":\"https:\\\/\\\/www.pharmacy4pets.nl\\\/wp-content\\\/uploads\\\/2017\\\/07\\\/23642_2.png\",\"width\":310,\"height\":310,\"caption\":\"ArthroGreen\"},{\"@type\":\"BreadcrumbList\",\"@id\":\"https:\\\/\\\/p4p-nl.bootmine.com\\\/%product-slug%\\\/cdvet-arthrogreen-lauf-fit#breadcrumb\",\"itemListElement\":[{\"@type\":\"ListItem\",\"position\":1,\"name\":\"Home\",\"item\":\"https:\\\/\\\/p4p-nl.bootmine.com\\\/\"},{\"@type\":\"ListItem\",\"position\":2,\"name\":\"Winkel\",\"item\":\"https:\\\/\\\/p4p-nl.bootmine.com\\\/winkel\"},{\"@type\":\"ListItem\",\"position\":3,\"name\":\"ArthroGreen Lauf-Fit\"}]},{\"@type\":\"WebSite\",\"@id\":\"http:\\\/\\\/www.pharmacy4pets.nl\\\/#website\",\"url\":\"http:\\\/\\\/www.pharmacy4pets.nl\\\/\",\"name\":\"Pharmacy4pets\",\"description\":\"Pharmacy4pets.nl is d\u00e9 online apotheek waar u terecht kunt voor alle diergeneesmiddelen, verzorgingsproducten en dieetvoeding voor uw huisdier.\",\"publisher\":{\"@id\":\"http:\\\/\\\/www.pharmacy4pets.nl\\\/#organization\"},\"potentialAction\":[{\"@type\":\"SearchAction\",\"target\":{\"@type\":\"EntryPoint\",\"urlTemplate\":\"http:\\\/\\\/www.pharmacy4pets.nl\\\/?s={search_term_string}\"},\"query-input\":{\"@type\":\"PropertyValueSpecification\",\"valueRequired\":true,\"valueName\":\"search_term_string\"}}],\"inLanguage\":\"nl-NL\"},{\"@type\":\"Organization\",\"@id\":\"http:\\\/\\\/www.pharmacy4pets.nl\\\/#organization\",\"name\":\"Pharmacy4pets\",\"url\":\"http:\\\/\\\/www.pharmacy4pets.nl\\\/\",\"logo\":{\"@type\":\"ImageObject\",\"inLanguage\":\"nl-NL\",\"@id\":\"http:\\\/\\\/www.pharmacy4pets.nl\\\/#\\\/schema\\\/logo\\\/image\\\/\",\"url\":\"https:\\\/\\\/p4p-nl.bootmine.com\\\/wp-content\\\/uploads\\\/2026\\\/03\\\/logo-pharmacy4pets.png\",\"contentUrl\":\"https:\\\/\\\/p4p-nl.bootmine.com\\\/wp-content\\\/uploads\\\/2026\\\/03\\\/logo-pharmacy4pets.png\",\"width\":1024,\"height\":135,\"caption\":\"Pharmacy4pets\"},\"image\":{\"@id\":\"http:\\\/\\\/www.pharmacy4pets.nl\\\/#\\\/schema\\\/logo\\\/image\\\/\"},\"sameAs\":[\"https:\\\/\\\/www.facebook.com\\\/people\\\/Pharmacy4petsnl\\\/100063484989896\\\/\",\"https:\\\/\\\/www.youtube.com\\\/channel\\\/UCGPTIgucgli03tP2_kvLkHg\\\/featured\",\"https:\\\/\\\/www.instagram.com\\\/pharmacy4pets.nl\"]}]}<\/script>\n<!-- \/ Yoast SEO plugin. -->","yoast_head_json":{"title":"ArthroGreen Lauf-Fit | cdVet | Paard en Hond","description":"ArthroGreen Lauf-Fit van cdVet is een voedingssupplement voor paarden en honden om het gehele bewegingsapparaat en de gewrichten te ondersteunen.","robots":{"index":"index","follow":"follow","max-snippet":"max-snippet:-1","max-image-preview":"max-image-preview:large","max-video-preview":"max-video-preview:-1"},"canonical":"https:\/\/p4p-nl.bootmine.com\/%product-slug%\/cdvet-arthrogreen-lauf-fit","og_locale":"nl_NL","og_type":"article","og_title":"ArthroGreen Lauf-Fit | cdVet | Paard en Hond","og_description":"ArthroGreen Lauf-Fit van cdVet is een voedingssupplement voor paarden en honden om het gehele bewegingsapparaat en de gewrichten te ondersteunen.","og_url":"https:\/\/p4p-nl.bootmine.com\/%product-slug%\/cdvet-arthrogreen-lauf-fit","og_site_name":"Pharmacy4pets","article_publisher":"https:\/\/www.facebook.com\/people\/Pharmacy4petsnl\/100063484989896\/","article_modified_time":"2026-03-25T11:57:46+00:00","og_image":[{"width":310,"height":310,"url":"https:\/\/p4p-nl.bootmine.com\/wp-content\/uploads\/2017\/07\/23642_2.png","type":"image\/png"}],"twitter_card":"summary_large_image","twitter_misc":{"Geschatte leestijd":"1 minuut"},"schema":{"@context":"https:\/\/schema.org","@graph":[{"@type":"WebPage","@id":"https:\/\/p4p-nl.bootmine.com\/%product-slug%\/cdvet-arthrogreen-lauf-fit","url":"https:\/\/p4p-nl.bootmine.com\/%product-slug%\/cdvet-arthrogreen-lauf-fit","name":"ArthroGreen Lauf-Fit | cdVet | Paard en Hond","isPartOf":{"@id":"http:\/\/www.pharmacy4pets.nl\/#website"},"primaryImageOfPage":{"@id":"https:\/\/p4p-nl.bootmine.com\/%product-slug%\/cdvet-arthrogreen-lauf-fit#primaryimage"},"image":{"@id":"https:\/\/p4p-nl.bootmine.com\/%product-slug%\/cdvet-arthrogreen-lauf-fit#primaryimage"},"thumbnailUrl":"https:\/\/www.pharmacy4pets.nl\/wp-content\/uploads\/2017\/07\/23642_2.png","datePublished":"2017-07-18T13:22:50+00:00","dateModified":"2026-03-25T11:57:46+00:00","description":"ArthroGreen Lauf-Fit van cdVet is een voedingssupplement voor paarden en honden om het gehele bewegingsapparaat en de gewrichten te ondersteunen.","breadcrumb":{"@id":"https:\/\/p4p-nl.bootmine.com\/%product-slug%\/cdvet-arthrogreen-lauf-fit#breadcrumb"},"inLanguage":"nl-NL","potentialAction":[{"@type":"ReadAction","target":["https:\/\/p4p-nl.bootmine.com\/%product-slug%\/cdvet-arthrogreen-lauf-fit"]}]},{"@type":"ImageObject","inLanguage":"nl-NL","@id":"https:\/\/p4p-nl.bootmine.com\/%product-slug%\/cdvet-arthrogreen-lauf-fit#primaryimage","url":"https:\/\/www.pharmacy4pets.nl\/wp-content\/uploads\/2017\/07\/23642_2.png","contentUrl":"https:\/\/www.pharmacy4pets.nl\/wp-content\/uploads\/2017\/07\/23642_2.png","width":310,"height":310,"caption":"ArthroGreen"},{"@type":"BreadcrumbList","@id":"https:\/\/p4p-nl.bootmine.com\/%product-slug%\/cdvet-arthrogreen-lauf-fit#breadcrumb","itemListElement":[{"@type":"ListItem","position":1,"name":"Home","item":"https:\/\/p4p-nl.bootmine.com\/"},{"@type":"ListItem","position":2,"name":"Winkel","item":"https:\/\/p4p-nl.bootmine.com\/winkel"},{"@type":"ListItem","position":3,"name":"ArthroGreen Lauf-Fit"}]},{"@type":"WebSite","@id":"http:\/\/www.pharmacy4pets.nl\/#website","url":"http:\/\/www.pharmacy4pets.nl\/","name":"Pharmacy4pets","description":"Pharmacy4pets.nl is d\u00e9 online apotheek waar u terecht kunt voor alle diergeneesmiddelen, verzorgingsproducten en dieetvoeding voor uw huisdier.","publisher":{"@id":"http:\/\/www.pharmacy4pets.nl\/#organization"},"potentialAction":[{"@type":"SearchAction","target":{"@type":"EntryPoint","urlTemplate":"http:\/\/www.pharmacy4pets.nl\/?s={search_term_string}"},"query-input":{"@type":"PropertyValueSpecification","valueRequired":true,"valueName":"search_term_string"}}],"inLanguage":"nl-NL"},{"@type":"Organization","@id":"http:\/\/www.pharmacy4pets.nl\/#organization","name":"Pharmacy4pets","url":"http:\/\/www.pharmacy4pets.nl\/","logo":{"@type":"ImageObject","inLanguage":"nl-NL","@id":"http:\/\/www.pharmacy4pets.nl\/#\/schema\/logo\/image\/","url":"https:\/\/p4p-nl.bootmine.com\/wp-content\/uploads\/2026\/03\/logo-pharmacy4pets.png","contentUrl":"https:\/\/p4p-nl.bootmine.com\/wp-content\/uploads\/2026\/03\/logo-pharmacy4pets.png","width":1024,"height":135,"caption":"Pharmacy4pets"},"image":{"@id":"http:\/\/www.pharmacy4pets.nl\/#\/schema\/logo\/image\/"},"sameAs":["https:\/\/www.facebook.com\/people\/Pharmacy4petsnl\/100063484989896\/","https:\/\/www.youtube.com\/channel\/UCGPTIgucgli03tP2_kvLkHg\/featured","https:\/\/www.instagram.com\/pharmacy4pets.nl"]}]}},"market_data":{"nl":{"price":0,"sale_price":0,"active":false,"url":null,"parent_url":"","tax_rate":0,"price_inc_tax":0,"sale_price_inc_tax":0},"de":{"price":0,"sale_price":0,"active":false,"url":null,"parent_url":"","tax_rate":0,"price_inc_tax":0,"sale_price_inc_tax":0},"be":{"price":0,"sale_price":0,"active":false,"url":null,"parent_url":"","tax_rate":0,"price_inc_tax":0,"sale_price_inc_tax":0},"fr":{"price":0,"sale_price":0,"active":false,"url":null,"parent_url":"","tax_rate":0,"price_inc_tax":0,"sale_price_inc_tax":0},"ch":{"price":0,"sale_price":0,"active":false,"url":null,"parent_url":"","tax_rate":0,"price_inc_tax":0,"sale_price_inc_tax":0},"at":{"price":0,"sale_price":0,"active":false,"url":null,"parent_url":"","tax_rate":0,"price_inc_tax":0,"sale_price_inc_tax":0},"es":{"price":0,"sale_price":0,"active":false,"url":null,"parent_url":"","tax_rate":0,"price_inc_tax":0,"sale_price_inc_tax":0},"dk":{"price":0,"sale_price":0,"active":false,"url":null,"parent_url":"","tax_rate":0,"price_inc_tax":0,"sale_price_inc_tax":0},"com":{"price":0,"sale_price":0,"active":false,"url":null,"parent_url":"","tax_rate":0,"price_inc_tax":0,"sale_price_inc_tax":0}},"market_nl_price":0,"market_nl_sale_price":0,"market_nl_active":false,"market_nl_url":null,"market_nl_parent_url":"","market_nl_tax_rate":0,"market_nl_price_inc_tax":0,"market_nl_sale_price_inc_tax":0,"market_de_price":0,"market_de_sale_price":0,"market_de_active":false,"market_de_url":null,"market_de_parent_url":"","market_de_tax_rate":0,"market_de_price_inc_tax":0,"market_de_sale_price_inc_tax":0,"market_be_price":0,"market_be_sale_price":0,"market_be_active":false,"market_be_url":null,"market_be_parent_url":"","market_be_tax_rate":0,"market_be_price_inc_tax":0,"market_be_sale_price_inc_tax":0,"market_fr_price":0,"market_fr_sale_price":0,"market_fr_active":false,"market_fr_url":null,"market_fr_parent_url":"","market_fr_tax_rate":0,"market_fr_price_inc_tax":0,"market_fr_sale_price_inc_tax":0,"market_ch_price":0,"market_ch_sale_price":0,"market_ch_active":false,"market_ch_url":null,"market_ch_parent_url":"","market_ch_tax_rate":0,"market_ch_price_inc_tax":0,"market_ch_sale_price_inc_tax":0,"market_at_price":0,"market_at_sale_price":0,"market_at_active":false,"market_at_url":null,"market_at_parent_url":"","market_at_tax_rate":0,"market_at_price_inc_tax":0,"market_at_sale_price_inc_tax":0,"market_es_price":0,"market_es_sale_price":0,"market_es_active":false,"market_es_url":null,"market_es_parent_url":"","market_es_tax_rate":0,"market_es_price_inc_tax":0,"market_es_sale_price_inc_tax":0,"market_dk_price":0,"market_dk_sale_price":0,"market_dk_active":false,"market_dk_url":null,"market_dk_parent_url":"","market_dk_tax_rate":0,"market_dk_price_inc_tax":0,"market_dk_sale_price_inc_tax":0,"market_com_price":0,"market_com_sale_price":0,"market_com_active":false,"market_com_url":null,"market_com_parent_url":"","market_com_tax_rate":0,"market_com_price_inc_tax":0,"market_com_sale_price_inc_tax":0,"acf":[],"_links":{"self":[{"href":"https:\/\/www.pharmacy4pets.nl\/be\/wp-json\/wp\/v2\/product\/118392","targetHints":{"allow":["GET"]}}],"collection":[{"href":"https:\/\/www.pharmacy4pets.nl\/be\/wp-json\/wp\/v2\/product"}],"about":[{"href":"https:\/\/www.pharmacy4pets.nl\/be\/wp-json\/wp\/v2\/types\/product"}],"replies":[{"embeddable":true,"href":"https:\/\/www.pharmacy4pets.nl\/be\/wp-json\/wp\/v2\/comments?post=118392"}],"wp:featuredmedia":[{"embeddable":true,"href":"https:\/\/www.pharmacy4pets.nl\/be\/wp-json\/wp\/v2\/media\/118328"}],"wp:attachment":[{"href":"https:\/\/www.pharmacy4pets.nl\/be\/wp-json\/wp\/v2\/media?parent=118392"}],"wp:term":[{"taxonomy":"product_brand","embeddable":true,"href":"https:\/\/www.pharmacy4pets.nl\/be\/wp-json\/wp\/v2\/product_brand?post=118392"},{"taxonomy":"product_cat","embeddable":true,"href":"https:\/\/www.pharmacy4pets.nl\/be\/wp-json\/wp\/v2\/product_cat?post=118392"},{"taxonomy":"product_tag","embeddable":true,"href":"https:\/\/www.pharmacy4pets.nl\/be\/wp-json\/wp\/v2\/product_tag?post=118392"}],"curies":[{"name":"wp","href":"https:\/\/api.w.org\/{rel}","templated":true}]}}