{"id":118317,"date":"2017-07-18T10:10:14","date_gmt":"2017-07-18T10:10:14","guid":{"rendered":"https:\/\/p4p.test\/arthrogreen-gelenkfit-hd-2"},"modified":"2026-03-25T11:57:44","modified_gmt":"2026-03-25T11:57:44","slug":"arthrogreen-gelenkfit-hd","status":"publish","type":"product","link":"https:\/\/www.pharmacy4pets.nl\/be\/arthrogreen-gelenkfit-hd","title":{"rendered":"ArthroGreen Gelenkfit HD  70 gram"},"content":{"rendered":"<p>ArthroGreen Gelenkfit HD van het merk cdVet is een voedingssupplement ter ondersteuning van de functies van het gehele bewegingsapparaat. Het ondersteunt intensief de banden, pezen en het bindweefsel. ArthroGreen Gelenkfit HD bevat kruidenextracten die essentieel zijn voor het onderhoud van de gewrichten en pezen. Met name de functies binnen het lichaam die de banden en pezen controleren, worden door dit extra voedingsmiddel geoptimaliseerd.<\/p>\n<p>ArthroGreen Gelenkfit HD is geschikt voor honden, katten en paarden.<\/p>\n<p>Tip van de experts: Jonge honden van een groter ras kunnen extra ondersteund worden met ArthroGreen Gelenkfit HD. Het stabiliseert op natuurlijke wijze de pezen en banden in de groei. Aanbevolen voeding vanaf 8 weken oud.<\/p>\n<p><span style=\"text-decoration: underline;\">Toediening:<br \/><\/span>Voor 2 maanden ArthroGreen Gelenkfit HD toedienen<\/p>\n<p><span style=\"text-decoration: underline;\">Dosering:<\/span><\/p>\n<table style=\"\" border=\"1\">\n<thead>\n<tr>\n<td colspan=\"2\">\n<p style=\"text-align: center;\"><strong>Dosering<\/strong><\/p>\n<\/td>\n<\/tr>\n<\/thead>\n<tbody>\n<tr>\n<td>\n<p><strong><i>Diersoort en Gewicht<\/i><\/strong><\/p>\n<\/td>\n<td>\n<p><strong><i>Aanbevolen dosering<\/i><\/strong><\/p>\n<\/td>\n<\/tr>\n<tr>\n<td>\n<p>Hond &amp; Kat<\/p>\n<\/td>\n<td>\n<p>1 maatlepel<\/p>\n<\/td>\n<\/tr>\n<tr>\n<td>\n<p>Paard<\/p>\n<\/td>\n<td>\n<p>1-2 maatlepel<\/p>\n<\/td>\n<\/tr>\n<\/tbody>\n<\/table>\n<p><span style=\"text-decoration: underline;\">Verpakking:<br \/><\/span>70 gram<\/p>\n","protected":false},"excerpt":{"rendered":"<p>ArthroGreen Gelenkfit HD van het merk cdVet is een voedingssupplement ter ondersteuning van de functies van het gehele bewegingsapparaat. Het ondersteunt intensief de banden, pezen en het bindweefsel. ArthroGreen Gelenkfit HD bevat kruidenextracten die essentieel zijn voor het onderhoud van de gewrichten en pezen. Met name de functies binnen het lichaam die de banden en [&hellip;]<\/p>\n","protected":false},"featured_media":118314,"comment_status":"open","ping_status":"closed","template":"","meta":{"_acf_changed":false,"_nl_post_content":"<p>ArthroGreen Gelenkfit HD van het merk cdVet is een voedingssupplement ter ondersteuning van de functies van het gehele bewegingsapparaat. Het ondersteunt intensief de banden, pezen en het bindweefsel. ArthroGreen Gelenkfit HD bevat kruidenextracten die essentieel zijn voor het onderhoud van de gewrichten en pezen. Met name de functies binnen het lichaam die de banden en pezen controleren, worden door dit extra voedingsmiddel geoptimaliseerd.<\/p>\r\n<p>ArthroGreen Gelenkfit HD is geschikt voor honden, katten en paarden.<\/p>\r\n<p>Tip van de experts: Jonge honden van een groter ras kunnen extra ondersteund worden met ArthroGreen Gelenkfit HD. Het stabiliseert op natuurlijke wijze de pezen en banden in de groei. Aanbevolen voeding vanaf 8 weken oud.<\/p>\r\n<p><span style=\"text-decoration: underline;\">Toediening:<br \/><\/span>Voor 2 maanden ArthroGreen Gelenkfit HD toedienen<\/p>\r\n<p><span style=\"text-decoration: underline;\">Dosering:<\/span><\/p>\r\n<table style=\"\" border=\"1\">\r\n<thead>\r\n<tr>\r\n<td colspan=\"2\">\r\n<p style=\"text-align: center;\"><strong>Dosering<\/strong><\/p>\r\n<\/td>\r\n<\/tr>\r\n<\/thead>\r\n<tbody>\r\n<tr>\r\n<td>\r\n<p><strong><i>Diersoort en Gewicht<\/i><\/strong><\/p>\r\n<\/td>\r\n<td>\r\n<p><strong><i>Aanbevolen dosering<\/i><\/strong><\/p>\r\n<\/td>\r\n<\/tr>\r\n<tr>\r\n<td>\r\n<p>Hond &amp; Kat<\/p>\r\n<\/td>\r\n<td>\r\n<p>1 maatlepel<\/p>\r\n<\/td>\r\n<\/tr>\r\n<tr>\r\n<td>\r\n<p>Paard<\/p>\r\n<\/td>\r\n<td>\r\n<p>1-2 maatlepel<\/p>\r\n<\/td>\r\n<\/tr>\r\n<\/tbody>\r\n<\/table>\r\n<p><span style=\"text-decoration: underline;\">Verpakking:<br \/><\/span>70 gram<\/p>","_nl_post_name":"arthrogreen-gelenkfit-hd","_nl_post_excerpt":"","_nl_post_title":"ArthroGreen Gelenkfit HD  70 gram","_en_post_content":"<p>ArthroGreen Gelenkfit HD from cdVet is a nutritional supplement that supports the functions of the entire body. It takes care of the ligaments, tendons and connective tissue. ArthroGreen Gelenkfit HD contains herbal extracts that are essential for the maintenance of joints and tendons. In particular, the functions within the body that control the joints and tendons are optimized by this nutritional supplement.<\/p>\r\n<p>ArthroGreen Gelenkfit HD is suitable for dogs, cats and horses.<\/p>\r\n<p>Expert tip: Young dogs of a larger breed can be supported by ArthroGreen Gelenkfit HD. It stabilizes the tendons and ligaments in growth. Recommended to dogs older than 8 weeks.<\/p>\r\n<p><span style=\"text-decoration: underline;\">Administration:<br \/><\/span>Daily admission for 2 months<\/p>\r\n<p><span style=\"text-decoration: underline;\">Dosage:<\/span><\/p>\r\n<table style=\"\" border=\"1\">\r\n<thead>\r\n<tr>\r\n<td colspan=\"2\">\r\n<p style=\"text-align: center;\"><strong>Dosage<\/strong><\/p>\r\n<\/td>\r\n<\/tr>\r\n<\/thead>\r\n<tbody>\r\n<tr>\r\n<td>\r\n<p><strong><i>Species and weight<\/i><\/strong><\/p>\r\n<\/td>\r\n<td>\r\n<p><strong><i>Recommended Dosage<\/i><\/strong><\/p>\r\n<\/td>\r\n<\/tr>\r\n<tr>\r\n<td>\r\n<p>Cat &amp; Dog<\/p>\r\n<\/td>\r\n<td>\r\n<p>1 measuring spoon<\/p>\r\n<\/td>\r\n<\/tr>\r\n<tr>\r\n<td>\r\n<p>Horse<\/p>\r\n<\/td>\r\n<td>\r\n<p>1-2 measuring spoons<\/p>\r\n<\/td>\r\n<\/tr>\r\n<\/tbody>\r\n<\/table>\r\n<p><span style=\"text-decoration-line: underline;\">Package:<br \/><\/span>The package contains 70 grams.<\/p>","_en_post_name":"arthrogreen-gelenkfit-hd","_en_post_excerpt":"","_en_post_title":"ArthroGreen Gelenkfit HD  70 gram","_de_post_content":"<p>ArthroGreen Gelenkfit HD von cdVet dient der ern&auml;hrungsbedingten Unterst&uuml;tzung der Funktion des Bewegungsapparates. Es unterst&uuml;tzt intensiv die Versorgung der B&auml;nder, Sehnen und Bindegewebe. ArthroGreen Gelenkfit HD enth&auml;lt Kr&auml;uterausz&uuml;ge, die f&uuml;r die Versorgung der Gelenke und Sehnen wichtig sind. Insbesondere die Informationen im K&ouml;rper, die zur Straffung des B&auml;nder- und Sehnenapparates hilfreich sind, werden durch ern&auml;hrungsbedingte Unterst&uuml;tzung optimiert.<\/p>\r\n<p>Erg&auml;nzungsfuttermittel f&uuml;r Hunde, Katzen und Pferde<\/p>\r\n<p>Expertentipp: Gerade Welpen\/Junghunde einer gro&szlig;en Rasse k&ouml;nnen Sie zus&auml;tzlich noch mit ArthroGreen Gelenkfit HD unterst&uuml;tzen. Es stabilisiert auf nat&uuml;rliche Weise den Sehnen- und B&auml;nderapparat im Wachstum. Eine zu F&uuml;tterung ab der 8. Lebenswoche ist empfehlenswert.<\/p>\r\n<p><span style=\"text-decoration: underline;\">Anwendung:<br \/><\/span>1 mal t&auml;glich f&uuml;r 2 Monate &uuml;ber das Futter geben<\/p>\r\n<p><span style=\"text-decoration: underline;\">Dosierung:<\/span><\/p>\r\n<table style=\"\" border=\"1\">\r\n<thead>\r\n<tr>\r\n<td colspan=\"2\">\r\n<p style=\"text-align: center;\"><strong>Dosierung<\/strong><\/p>\r\n<\/td>\r\n<\/tr>\r\n<\/thead>\r\n<tbody>\r\n<tr>\r\n<td>\r\n<p><strong><i>Tier und Gewicht<\/i><\/strong><\/p>\r\n<\/td>\r\n<td>\r\n<p><strong><i>Empfohlene Dosierung<\/i><\/strong><\/p>\r\n<\/td>\r\n<\/tr>\r\n<tr>\r\n<td>\r\n<p>Hunde &amp; Katzen<\/p>\r\n<\/td>\r\n<td>\r\n<p>1 Messl&ouml;ffel<\/p>\r\n<\/td>\r\n<\/tr>\r\n<tr>\r\n<td>\r\n<p>Pferde<\/p>\r\n<\/td>\r\n<td>\r\n<p>1-2 Messl&ouml;ffel<\/p>\r\n<\/td>\r\n<\/tr>\r\n<\/tbody>\r\n<\/table>\r\n<p><span style=\"text-decoration: underline;\">Verpackung:<br \/><\/span>70 Gramm<\/p>","_de_post_name":"arthrogreen-gelenkfit-hd","_de_post_excerpt":"","_de_post_title":"ArthroGreen Gelenkfit HD  70 gram","_fr_post_content":"<p>ArthroGreen Gelenkfit HD van het merk cdVet is een voedingssupplement ter ondersteuning van de functies van het gehele bewegingsapparaat. Het ondersteunt intensief de banden, pezen en het bindweefsel. ArthroGreen Gelenkfit HD bevat kruidenextracten die essentieel zijn voor het onderhoud van de gewrichten en pezen. Met name de functies binnen het lichaam die de banden en pezen controleren, worden door dit extra voedingsmiddel geoptimaliseerd.<\/p>\r\n<p>ArthroGreen Gelenkfit HD is geschikt voor honden, katten en paarden.<\/p>\r\n<p>Tip van de experts: Jonge honden van een groter ras kunnen extra ondersteund worden met ArthroGreen Gelenkfit HD. Het stabiliseert op natuurlijke wijze de pezen en banden in de groei. Aanbevolen voeding vanaf 8 weken oud.<\/p>\r\n<p><span style=\"text-decoration: underline;\">Toediening:<br \/><\/span>Voor 2 maanden ArthroGreen Gelenkfit HD toedienen<\/p>\r\n<p><span style=\"text-decoration: underline;\">Dosering:<\/span><\/p>\r\n<table style=\"\" border=\"1\">\r\n<thead>\r\n<tr>\r\n<td colspan=\"2\">\r\n<p style=\"text-align: center;\"><strong>Dosering<\/strong><\/p>\r\n<\/td>\r\n<\/tr>\r\n<\/thead>\r\n<tbody>\r\n<tr>\r\n<td>\r\n<p><strong><i>Diersoort en Gewicht<\/i><\/strong><\/p>\r\n<\/td>\r\n<td>\r\n<p><strong><i>Aanbevolen dosering<\/i><\/strong><\/p>\r\n<\/td>\r\n<\/tr>\r\n<tr>\r\n<td>\r\n<p>Hond &amp; Kat<\/p>\r\n<\/td>\r\n<td>\r\n<p>1 maatlepel<\/p>\r\n<\/td>\r\n<\/tr>\r\n<tr>\r\n<td>\r\n<p>Paard<\/p>\r\n<\/td>\r\n<td>\r\n<p>1-2 maatlepel<\/p>\r\n<\/td>\r\n<\/tr>\r\n<\/tbody>\r\n<\/table>\r\n<p><span style=\"text-decoration: underline;\">Verpakking:<br \/><\/span>70 gram<\/p>","_fr_post_name":"arthrogreen-gelenkfit-hd","_fr_post_excerpt":"","_fr_post_title":"ArthroGreen Gelenkfit HD  70 gram","_es_post_content":"<p>ArthroGreen Gelenkfit HD de cdVet es un suplemento nutricional para apoyar las funciones de todo el sistema musculoesquel\u00e9tico. Apoya intensamente los ligamentos, tendones y tejido conectivo. ArthroGreen Gelenkfit HD contiene extractos de hierbas que son esenciales para el mantenimiento de las articulaciones y los tendones. En particular, las funciones dentro del cuerpo que controlan los ligamentos y tendones se optimizan con este alimento adicional.<\/p>\r\n<p>ArthroGreen Gelenkfit HD es adecuado para perros, gatos y caballos.<\/p>\r\n<p>Sugerencia de experto: los perros j\u00f3venes de una raza m\u00e1s grande tambi\u00e9n pueden recibir apoyo con ArthroGreen Gelenkfit HD. Estabiliza naturalmente los tendones y ligamentos en crecimiento. Alimento recomendado a partir de las 8 semanas de edad.<\/p>\r\n<h2>Administraci\u00f3n y posolog\u00eda<\/h2>\r\n<p>Administrar ArthroGreen Gelenkfit HD durante 2 meses. 1 cuchara dosificadora corresponde aprox. 1 gramos.<\/p>\r\n<table style=\"\" border=\"1\">\r\n<thead>\r\n<tr>\r\n<td colspan=\"2\">\r\n<p style=\"text-align: center;\"><strong>D\u00f3sis<\/strong><\/p>\r\n<\/td>\r\n<\/tr>\r\n<\/thead>\r\n<tbody>\r\n<tr>\r\n<td>\r\n<p><strong><em>Tipo de animal y peso<\/em><\/strong><\/p>\r\n<\/td>\r\n<td>\r\n<p><strong><em>D\u00f3sis recomendada<\/em><\/strong><\/p>\r\n<\/td>\r\n<\/tr>\r\n<tr>\r\n<td>\r\n<p>Perros &amp; gatos<\/p>\r\n<\/td>\r\n<td>\r\n<p>1 cuchara medidora<\/p>\r\n<\/td>\r\n<\/tr>\r\n<tr>\r\n<td>\r\n<p>Caballos<\/p>\r\n<\/td>\r\n<td>\r\n<p>1-2 cuchara medidora<\/p>\r\n<\/td>\r\n<\/tr>\r\n<\/tbody>\r\n<\/table>","_es_post_name":"arthrogreen-gelenkfit-hd","_es_post_excerpt":"","_es_post_title":"ArthroGreen Gelenkfit HD  70 gramos","edit_language":"nl"},"product_brand":[],"product_cat":[1906,1991,1972,1874,1843,1812,1117,1118,1811,1839,1871,1857,1809],"product_tag":[],"class_list":{"0":"post-118317","1":"product","2":"type-product","3":"status-publish","4":"has-post-thumbnail","6":"product_cat-arthrogreen","7":"product_cat-artrose","9":"product_cat-gewrichten","11":"product_cat-gewrichten-spieren","12":"product_cat-honden","13":"product_cat-katten","14":"product_cat-medicijnen-supplementen","17":"product_cat-merken","18":"product_cat-paarden","19":"pa_aandoening-gewrichten","20":"pa_doeldier-ezel","21":"pa_doeldier-hond","22":"pa_doeldier-kat","23":"pa_doeldier-paard","24":"pa_fabricatieland-duitsland","25":"pa_merkfilter-arthrogreen","26":"pa_merkgroep-cdvet","27":"pa_productsoort-voedingssupplement","28":"pa_seo_canonical_store_id-not_found_value","29":"pa_seo_category-not_found_value","30":"pa_seo_meta_robots-not_found_value","31":"pa_toedieningswijze-poeder","32":"pa_unit_pricing_base_measure-10g","33":"pa_unit_pricing_measure-70g","34":"pa_werkzamestof-overig","36":"first","37":"instock","38":"taxable","39":"shipping-taxable","40":"purchasable","41":"product-type-simple"},"yoast_head":"<!-- This site is optimized with the Yoast SEO plugin v27.5 - https:\/\/yoast.com\/product\/yoast-seo-wordpress\/ -->\n<title>ArthroGreen Gelenkfit HD | cdVet | Gewrichten Kat, Hond &amp; Paard<\/title>\n<meta name=\"description\" content=\"ArthroGreen Gelenkfit HD van cdVet is een voedingssupplement ter ondersteuning van de functies van het gehele bewegingsapparaat. Voor hond, kat &amp; paard.\" \/>\n<meta name=\"robots\" content=\"index, follow, max-snippet:-1, max-image-preview:large, max-video-preview:-1\" \/>\n<link rel=\"canonical\" href=\"https:\/\/www.pharmacy4pets.nl\/arthrogreen-gelenkfit-hd\" \/>\n<meta property=\"og:locale\" content=\"nl_NL\" \/>\n<meta property=\"og:type\" content=\"article\" \/>\n<meta property=\"og:title\" content=\"ArthroGreen Gelenkfit HD | cdVet | Gewrichten Kat, Hond &amp; Paard\" \/>\n<meta property=\"og:description\" content=\"ArthroGreen Gelenkfit HD van cdVet is een voedingssupplement ter ondersteuning van de functies van het gehele bewegingsapparaat. Voor hond, kat &amp; paard.\" \/>\n<meta property=\"og:url\" content=\"https:\/\/www.pharmacy4pets.nl\/arthrogreen-gelenkfit-hd\" \/>\n<meta property=\"og:site_name\" content=\"Pharmacy4pets\" \/>\n<meta property=\"article:publisher\" content=\"https:\/\/www.facebook.com\/people\/Pharmacy4petsnl\/100063484989896\/\" \/>\n<meta property=\"article:modified_time\" content=\"2026-03-25T11:57:44+00:00\" \/>\n<meta property=\"og:image\" content=\"https:\/\/www.pharmacy4pets.nl\/wp-content\/uploads\/2017\/07\/23641.png\" \/>\n\t<meta property=\"og:image:width\" content=\"310\" \/>\n\t<meta property=\"og:image:height\" content=\"310\" \/>\n\t<meta property=\"og:image:type\" content=\"image\/png\" \/>\n<meta name=\"twitter:card\" content=\"summary_large_image\" \/>\n<meta name=\"twitter:label1\" content=\"Geschatte leestijd\" \/>\n\t<meta name=\"twitter:data1\" content=\"1 minuut\" \/>\n<script type=\"application\/ld+json\" class=\"yoast-schema-graph\">{\"@context\":\"https:\\\/\\\/schema.org\",\"@graph\":[{\"@type\":\"WebPage\",\"@id\":\"https:\\\/\\\/www.pharmacy4pets.nl\\\/arthrogreen-gelenkfit-hd\",\"url\":\"https:\\\/\\\/www.pharmacy4pets.nl\\\/arthrogreen-gelenkfit-hd\",\"name\":\"ArthroGreen Gelenkfit HD | cdVet | Gewrichten Kat, Hond & Paard\",\"isPartOf\":{\"@id\":\"http:\\\/\\\/www.pharmacy4pets.nl\\\/#website\"},\"primaryImageOfPage\":{\"@id\":\"https:\\\/\\\/www.pharmacy4pets.nl\\\/arthrogreen-gelenkfit-hd#primaryimage\"},\"image\":{\"@id\":\"https:\\\/\\\/www.pharmacy4pets.nl\\\/arthrogreen-gelenkfit-hd#primaryimage\"},\"thumbnailUrl\":\"https:\\\/\\\/www.pharmacy4pets.nl\\\/wp-content\\\/uploads\\\/2017\\\/07\\\/23641.png\",\"datePublished\":\"2017-07-18T10:10:14+00:00\",\"dateModified\":\"2026-03-25T11:57:44+00:00\",\"description\":\"ArthroGreen Gelenkfit HD van cdVet is een voedingssupplement ter ondersteuning van de functies van het gehele bewegingsapparaat. Voor hond, kat & paard.\",\"breadcrumb\":{\"@id\":\"https:\\\/\\\/www.pharmacy4pets.nl\\\/arthrogreen-gelenkfit-hd#breadcrumb\"},\"inLanguage\":\"nl-NL\",\"potentialAction\":[{\"@type\":\"ReadAction\",\"target\":[\"https:\\\/\\\/www.pharmacy4pets.nl\\\/arthrogreen-gelenkfit-hd\"]}]},{\"@type\":\"ImageObject\",\"inLanguage\":\"nl-NL\",\"@id\":\"https:\\\/\\\/www.pharmacy4pets.nl\\\/arthrogreen-gelenkfit-hd#primaryimage\",\"url\":\"https:\\\/\\\/www.pharmacy4pets.nl\\\/wp-content\\\/uploads\\\/2017\\\/07\\\/23641.png\",\"contentUrl\":\"https:\\\/\\\/www.pharmacy4pets.nl\\\/wp-content\\\/uploads\\\/2017\\\/07\\\/23641.png\",\"width\":310,\"height\":310,\"caption\":\"ArthroGreen\"},{\"@type\":\"BreadcrumbList\",\"@id\":\"https:\\\/\\\/www.pharmacy4pets.nl\\\/arthrogreen-gelenkfit-hd#breadcrumb\",\"itemListElement\":[{\"@type\":\"ListItem\",\"position\":1,\"name\":\"Home\",\"item\":\"https:\\\/\\\/p4p-nl.bootmine.com\\\/\"},{\"@type\":\"ListItem\",\"position\":2,\"name\":\"Winkel\",\"item\":\"https:\\\/\\\/p4p-nl.bootmine.com\\\/winkel\"},{\"@type\":\"ListItem\",\"position\":3,\"name\":\"ArthroGreen Gelenkfit HD 70 gram\"}]},{\"@type\":\"WebSite\",\"@id\":\"http:\\\/\\\/www.pharmacy4pets.nl\\\/#website\",\"url\":\"http:\\\/\\\/www.pharmacy4pets.nl\\\/\",\"name\":\"Pharmacy4pets\",\"description\":\"Pharmacy4pets.nl is d\u00e9 online apotheek waar u terecht kunt voor alle diergeneesmiddelen, verzorgingsproducten en dieetvoeding voor uw huisdier.\",\"publisher\":{\"@id\":\"http:\\\/\\\/www.pharmacy4pets.nl\\\/#organization\"},\"potentialAction\":[{\"@type\":\"SearchAction\",\"target\":{\"@type\":\"EntryPoint\",\"urlTemplate\":\"http:\\\/\\\/www.pharmacy4pets.nl\\\/?s={search_term_string}\"},\"query-input\":{\"@type\":\"PropertyValueSpecification\",\"valueRequired\":true,\"valueName\":\"search_term_string\"}}],\"inLanguage\":\"nl-NL\"},{\"@type\":\"Organization\",\"@id\":\"http:\\\/\\\/www.pharmacy4pets.nl\\\/#organization\",\"name\":\"Pharmacy4pets\",\"url\":\"http:\\\/\\\/www.pharmacy4pets.nl\\\/\",\"logo\":{\"@type\":\"ImageObject\",\"inLanguage\":\"nl-NL\",\"@id\":\"http:\\\/\\\/www.pharmacy4pets.nl\\\/#\\\/schema\\\/logo\\\/image\\\/\",\"url\":\"https:\\\/\\\/p4p-nl.bootmine.com\\\/wp-content\\\/uploads\\\/2026\\\/03\\\/logo-pharmacy4pets.png\",\"contentUrl\":\"https:\\\/\\\/p4p-nl.bootmine.com\\\/wp-content\\\/uploads\\\/2026\\\/03\\\/logo-pharmacy4pets.png\",\"width\":1024,\"height\":135,\"caption\":\"Pharmacy4pets\"},\"image\":{\"@id\":\"http:\\\/\\\/www.pharmacy4pets.nl\\\/#\\\/schema\\\/logo\\\/image\\\/\"},\"sameAs\":[\"https:\\\/\\\/www.facebook.com\\\/people\\\/Pharmacy4petsnl\\\/100063484989896\\\/\",\"https:\\\/\\\/www.youtube.com\\\/channel\\\/UCGPTIgucgli03tP2_kvLkHg\\\/featured\",\"https:\\\/\\\/www.instagram.com\\\/pharmacy4pets.nl\"]}]}<\/script>\n<!-- \/ Yoast SEO plugin. -->","yoast_head_json":{"title":"ArthroGreen Gelenkfit HD | cdVet | Gewrichten Kat, Hond & Paard","description":"ArthroGreen Gelenkfit HD van cdVet is een voedingssupplement ter ondersteuning van de functies van het gehele bewegingsapparaat. Voor hond, kat & paard.","robots":{"index":"index","follow":"follow","max-snippet":"max-snippet:-1","max-image-preview":"max-image-preview:large","max-video-preview":"max-video-preview:-1"},"canonical":"https:\/\/www.pharmacy4pets.nl\/arthrogreen-gelenkfit-hd","og_locale":"nl_NL","og_type":"article","og_title":"ArthroGreen Gelenkfit HD | cdVet | Gewrichten Kat, Hond & Paard","og_description":"ArthroGreen Gelenkfit HD van cdVet is een voedingssupplement ter ondersteuning van de functies van het gehele bewegingsapparaat. Voor hond, kat & paard.","og_url":"https:\/\/www.pharmacy4pets.nl\/arthrogreen-gelenkfit-hd","og_site_name":"Pharmacy4pets","article_publisher":"https:\/\/www.facebook.com\/people\/Pharmacy4petsnl\/100063484989896\/","article_modified_time":"2026-03-25T11:57:44+00:00","og_image":[{"width":310,"height":310,"url":"https:\/\/www.pharmacy4pets.nl\/wp-content\/uploads\/2017\/07\/23641.png","type":"image\/png"}],"twitter_card":"summary_large_image","twitter_misc":{"Geschatte leestijd":"1 minuut"},"schema":{"@context":"https:\/\/schema.org","@graph":[{"@type":"WebPage","@id":"https:\/\/www.pharmacy4pets.nl\/arthrogreen-gelenkfit-hd","url":"https:\/\/www.pharmacy4pets.nl\/arthrogreen-gelenkfit-hd","name":"ArthroGreen Gelenkfit HD | cdVet | Gewrichten Kat, Hond & Paard","isPartOf":{"@id":"http:\/\/www.pharmacy4pets.nl\/#website"},"primaryImageOfPage":{"@id":"https:\/\/www.pharmacy4pets.nl\/arthrogreen-gelenkfit-hd#primaryimage"},"image":{"@id":"https:\/\/www.pharmacy4pets.nl\/arthrogreen-gelenkfit-hd#primaryimage"},"thumbnailUrl":"https:\/\/www.pharmacy4pets.nl\/wp-content\/uploads\/2017\/07\/23641.png","datePublished":"2017-07-18T10:10:14+00:00","dateModified":"2026-03-25T11:57:44+00:00","description":"ArthroGreen Gelenkfit HD van cdVet is een voedingssupplement ter ondersteuning van de functies van het gehele bewegingsapparaat. Voor hond, kat & paard.","breadcrumb":{"@id":"https:\/\/www.pharmacy4pets.nl\/arthrogreen-gelenkfit-hd#breadcrumb"},"inLanguage":"nl-NL","potentialAction":[{"@type":"ReadAction","target":["https:\/\/www.pharmacy4pets.nl\/arthrogreen-gelenkfit-hd"]}]},{"@type":"ImageObject","inLanguage":"nl-NL","@id":"https:\/\/www.pharmacy4pets.nl\/arthrogreen-gelenkfit-hd#primaryimage","url":"https:\/\/www.pharmacy4pets.nl\/wp-content\/uploads\/2017\/07\/23641.png","contentUrl":"https:\/\/www.pharmacy4pets.nl\/wp-content\/uploads\/2017\/07\/23641.png","width":310,"height":310,"caption":"ArthroGreen"},{"@type":"BreadcrumbList","@id":"https:\/\/www.pharmacy4pets.nl\/arthrogreen-gelenkfit-hd#breadcrumb","itemListElement":[{"@type":"ListItem","position":1,"name":"Home","item":"https:\/\/p4p-nl.bootmine.com\/"},{"@type":"ListItem","position":2,"name":"Winkel","item":"https:\/\/p4p-nl.bootmine.com\/winkel"},{"@type":"ListItem","position":3,"name":"ArthroGreen Gelenkfit HD 70 gram"}]},{"@type":"WebSite","@id":"http:\/\/www.pharmacy4pets.nl\/#website","url":"http:\/\/www.pharmacy4pets.nl\/","name":"Pharmacy4pets","description":"Pharmacy4pets.nl is d\u00e9 online apotheek waar u terecht kunt voor alle diergeneesmiddelen, verzorgingsproducten en dieetvoeding voor uw huisdier.","publisher":{"@id":"http:\/\/www.pharmacy4pets.nl\/#organization"},"potentialAction":[{"@type":"SearchAction","target":{"@type":"EntryPoint","urlTemplate":"http:\/\/www.pharmacy4pets.nl\/?s={search_term_string}"},"query-input":{"@type":"PropertyValueSpecification","valueRequired":true,"valueName":"search_term_string"}}],"inLanguage":"nl-NL"},{"@type":"Organization","@id":"http:\/\/www.pharmacy4pets.nl\/#organization","name":"Pharmacy4pets","url":"http:\/\/www.pharmacy4pets.nl\/","logo":{"@type":"ImageObject","inLanguage":"nl-NL","@id":"http:\/\/www.pharmacy4pets.nl\/#\/schema\/logo\/image\/","url":"https:\/\/p4p-nl.bootmine.com\/wp-content\/uploads\/2026\/03\/logo-pharmacy4pets.png","contentUrl":"https:\/\/p4p-nl.bootmine.com\/wp-content\/uploads\/2026\/03\/logo-pharmacy4pets.png","width":1024,"height":135,"caption":"Pharmacy4pets"},"image":{"@id":"http:\/\/www.pharmacy4pets.nl\/#\/schema\/logo\/image\/"},"sameAs":["https:\/\/www.facebook.com\/people\/Pharmacy4petsnl\/100063484989896\/","https:\/\/www.youtube.com\/channel\/UCGPTIgucgli03tP2_kvLkHg\/featured","https:\/\/www.instagram.com\/pharmacy4pets.nl"]}]}},"market_data":{"nl":{"price":0,"sale_price":0,"active":false,"url":null,"parent_url":"","tax_rate":0,"price_inc_tax":0,"sale_price_inc_tax":0},"de":{"price":0,"sale_price":0,"active":false,"url":null,"parent_url":"","tax_rate":0,"price_inc_tax":0,"sale_price_inc_tax":0},"be":{"price":0,"sale_price":0,"active":false,"url":null,"parent_url":"","tax_rate":0,"price_inc_tax":0,"sale_price_inc_tax":0},"fr":{"price":0,"sale_price":0,"active":false,"url":null,"parent_url":"","tax_rate":0,"price_inc_tax":0,"sale_price_inc_tax":0},"ch":{"price":0,"sale_price":0,"active":false,"url":null,"parent_url":"","tax_rate":0,"price_inc_tax":0,"sale_price_inc_tax":0},"at":{"price":0,"sale_price":0,"active":false,"url":null,"parent_url":"","tax_rate":0,"price_inc_tax":0,"sale_price_inc_tax":0},"es":{"price":0,"sale_price":0,"active":false,"url":null,"parent_url":"","tax_rate":0,"price_inc_tax":0,"sale_price_inc_tax":0},"dk":{"price":0,"sale_price":0,"active":false,"url":null,"parent_url":"","tax_rate":0,"price_inc_tax":0,"sale_price_inc_tax":0},"com":{"price":0,"sale_price":0,"active":false,"url":null,"parent_url":"","tax_rate":0,"price_inc_tax":0,"sale_price_inc_tax":0}},"market_nl_price":0,"market_nl_sale_price":0,"market_nl_active":false,"market_nl_url":null,"market_nl_parent_url":"","market_nl_tax_rate":0,"market_nl_price_inc_tax":0,"market_nl_sale_price_inc_tax":0,"market_de_price":0,"market_de_sale_price":0,"market_de_active":false,"market_de_url":null,"market_de_parent_url":"","market_de_tax_rate":0,"market_de_price_inc_tax":0,"market_de_sale_price_inc_tax":0,"market_be_price":0,"market_be_sale_price":0,"market_be_active":false,"market_be_url":null,"market_be_parent_url":"","market_be_tax_rate":0,"market_be_price_inc_tax":0,"market_be_sale_price_inc_tax":0,"market_fr_price":0,"market_fr_sale_price":0,"market_fr_active":false,"market_fr_url":null,"market_fr_parent_url":"","market_fr_tax_rate":0,"market_fr_price_inc_tax":0,"market_fr_sale_price_inc_tax":0,"market_ch_price":0,"market_ch_sale_price":0,"market_ch_active":false,"market_ch_url":null,"market_ch_parent_url":"","market_ch_tax_rate":0,"market_ch_price_inc_tax":0,"market_ch_sale_price_inc_tax":0,"market_at_price":0,"market_at_sale_price":0,"market_at_active":false,"market_at_url":null,"market_at_parent_url":"","market_at_tax_rate":0,"market_at_price_inc_tax":0,"market_at_sale_price_inc_tax":0,"market_es_price":0,"market_es_sale_price":0,"market_es_active":false,"market_es_url":null,"market_es_parent_url":"","market_es_tax_rate":0,"market_es_price_inc_tax":0,"market_es_sale_price_inc_tax":0,"market_dk_price":0,"market_dk_sale_price":0,"market_dk_active":false,"market_dk_url":null,"market_dk_parent_url":"","market_dk_tax_rate":0,"market_dk_price_inc_tax":0,"market_dk_sale_price_inc_tax":0,"market_com_price":0,"market_com_sale_price":0,"market_com_active":false,"market_com_url":null,"market_com_parent_url":"","market_com_tax_rate":0,"market_com_price_inc_tax":0,"market_com_sale_price_inc_tax":0,"acf":[],"_links":{"self":[{"href":"https:\/\/www.pharmacy4pets.nl\/be\/wp-json\/wp\/v2\/product\/118317","targetHints":{"allow":["GET"]}}],"collection":[{"href":"https:\/\/www.pharmacy4pets.nl\/be\/wp-json\/wp\/v2\/product"}],"about":[{"href":"https:\/\/www.pharmacy4pets.nl\/be\/wp-json\/wp\/v2\/types\/product"}],"replies":[{"embeddable":true,"href":"https:\/\/www.pharmacy4pets.nl\/be\/wp-json\/wp\/v2\/comments?post=118317"}],"wp:featuredmedia":[{"embeddable":true,"href":"https:\/\/www.pharmacy4pets.nl\/be\/wp-json\/wp\/v2\/media\/118314"}],"wp:attachment":[{"href":"https:\/\/www.pharmacy4pets.nl\/be\/wp-json\/wp\/v2\/media?parent=118317"}],"wp:term":[{"taxonomy":"product_brand","embeddable":true,"href":"https:\/\/www.pharmacy4pets.nl\/be\/wp-json\/wp\/v2\/product_brand?post=118317"},{"taxonomy":"product_cat","embeddable":true,"href":"https:\/\/www.pharmacy4pets.nl\/be\/wp-json\/wp\/v2\/product_cat?post=118317"},{"taxonomy":"product_tag","embeddable":true,"href":"https:\/\/www.pharmacy4pets.nl\/be\/wp-json\/wp\/v2\/product_tag?post=118317"}],"curies":[{"name":"wp","href":"https:\/\/api.w.org\/{rel}","templated":true}]}}