{"id":118288,"date":"2017-07-12T08:48:57","date_gmt":"2017-07-12T08:48:57","guid":{"rendered":"https:\/\/p4p.test\/bogar-bogadent-tartar-remover-dog-2"},"modified":"2026-03-25T11:57:40","modified_gmt":"2026-03-25T11:57:40","slug":"bogar-bogadent-tartar-remover-dog","status":"publish","type":"product","link":"https:\/\/www.pharmacy4pets.nl\/be\/bogar-bogadent-tartar-remover-dog","title":{"rendered":"Bogadent Tartar Remover 2 stuks | Hond"},"content":{"rendered":"<p>Bogadent Tartar Remover Hond van Bogar zijn 2 verschillende instrumenten die ideaal zijn om de tandsteen zeer effectief te verwijderen, met een zachte werking op de tanden.<\/p>\n<p>Als tandplak niet regelmatig wordt, vormt het harde tandsteen vooral rond de hoektanden. Dit kan permanente schade aan het tandvlees veroorzaken. Tandsteen moet daarom zo snel mogelijk en regelmatig verwijderd worden. Hiervoor is in samenwerking met dierenartsen en specialisten de Bogadent Tartar Remover ontwikkeld. Het bijzonder harde plastic verwijdert tandsteen zeer effectief, maar is nog steeds zacht voor het gebit. De set bestaat uit 2 verschillende instrumenten gemaakt van speciaal hard plastic voor het effectief en voorzichtig verwijderen van tandsteen.<\/p>\n<p>Laat uw huisdier zo jong mogelijk wennen aan mond- en gebitshygi&euml;ne, wees zeer zacht en maak zo veel mogelijk gebruik van een speelse benadering<\/p>\n<p><span style=\"text-decoration: underline;\">Toediening:<\/span><\/p>\n<ol>\n<li>Gebruik het langere instrument met het vlakke, afgeschuinde uiteinde op de bovenkant van het tandsteen en trek het met een snelle maar voorzichtige beweging naar beneden (weg van het tandvlees) Herhaal dit tot het tandsteen volledig verwijderd is<\/li>\n<li>Met het spitse instrument kan het tandsteen in de ruimtes tussen de tanden en in de tandgroeven worden verwijderd. Het vlakke uiteinde van dit instrument is door de sterkere kromming uitstekend geschikt voor de binnenzijden van de tanden<\/li>\n<\/ol>\n<p><span style=\"text-decoration: underline;\">Dosering:<br \/><\/span>&#8211;<\/p>\n<p><span style=\"text-decoration: underline;\">Verpakking:<br \/><\/span>2 Stuks<\/p>\n","protected":false},"excerpt":{"rendered":"<p>Bogadent Tartar Remover Hond van Bogar zijn 2 verschillende instrumenten die ideaal zijn om de tandsteen zeer effectief te verwijderen, met een zachte werking op de tanden. Als tandplak niet regelmatig wordt, vormt het harde tandsteen vooral rond de hoektanden. Dit kan permanente schade aan het tandvlees veroorzaken. Tandsteen moet daarom zo snel mogelijk en [&hellip;]<\/p>\n","protected":false},"featured_media":118285,"comment_status":"open","ping_status":"closed","template":"","meta":{"_acf_changed":false,"_nl_post_content":"<p>Bogadent Tartar Remover Hond van Bogar zijn 2 verschillende instrumenten die ideaal zijn om de tandsteen zeer effectief te verwijderen, met een zachte werking op de tanden.<\/p>\r\n<p>Als tandplak niet regelmatig wordt, vormt het harde tandsteen vooral rond de hoektanden. Dit kan permanente schade aan het tandvlees veroorzaken. Tandsteen moet daarom zo snel mogelijk en regelmatig verwijderd worden. Hiervoor is in samenwerking met dierenartsen en specialisten de Bogadent Tartar Remover ontwikkeld. Het bijzonder harde plastic verwijdert tandsteen zeer effectief, maar is nog steeds zacht voor het gebit. De set bestaat uit 2 verschillende instrumenten gemaakt van speciaal hard plastic voor het effectief en voorzichtig verwijderen van tandsteen.<\/p>\r\n<p>Laat uw huisdier zo jong mogelijk wennen aan mond- en gebitshygi&euml;ne, wees zeer zacht en maak zo veel mogelijk gebruik van een speelse benadering<\/p>\r\n<p><span style=\"text-decoration: underline;\">Toediening:<\/span><\/p>\r\n<ol>\r\n<li>Gebruik het langere instrument met het vlakke, afgeschuinde uiteinde op de bovenkant van het tandsteen en trek het met een snelle maar voorzichtige beweging naar beneden (weg van het tandvlees) Herhaal dit tot het tandsteen volledig verwijderd is<\/li>\r\n<li>Met het spitse instrument kan het tandsteen in de ruimtes tussen de tanden en in de tandgroeven worden verwijderd. Het vlakke uiteinde van dit instrument is door de sterkere kromming uitstekend geschikt voor de binnenzijden van de tanden<\/li>\r\n<\/ol>\r\n<p><span style=\"text-decoration: underline;\">Dosering:<br \/><\/span>-<\/p>\r\n<p><span style=\"text-decoration: underline;\">Verpakking:<br \/><\/span>2 Stuks<\/p>","_nl_post_name":"bogar-bogadent-tartar-remover-dog","_nl_post_excerpt":"","_nl_post_title":"Bogadent Tartar Remover 2 stuks | Hond","_en_post_content":"<p>Bogadent Tartar Remover Dog from Bogar are 2 different instruments which are ideal to remove tartar very effectively, yet are still gentle on the teeth.<\/p>\r\n<p>If plaque is not regularly removed through daily cleaning of the teeth, it forms hard tartar, particularly around the canines and the molars. This can cause permanent damage to the gums and the periodontium. Tartar should thus be removed as early as possible and on a regular basis. For this purpose, Bogar has developed the unique Bogadent Tartar Remover in collaboration with veterinary surgeons and specialists. The particularly hard plastic removes tartar very effectively, yet is still gentle on the teeth. 2 different instruments made of special hard plastic for effectively and gently removing of tartar.<\/p>\r\n<p>Get your pet used to teeth-cleaning and oral hygiene as soon as possible, be extremely gentle and introduce as much play as possible to ensure care is effective.<\/p>\r\n<p><span style=\"text-decoration: underline;\">Administration:<br \/><\/span>Place the longer instrument with the flat, bevelled end on the upper edge of the tartar (1) and pull it downwards with a quick but careful movement (away from the gums); repeat until the tartar has been entirely removed. With the pointed instrument, you can remove the tartar from the interdental spaces and in the furrows of the teeth (2). Because of its greater curvature, the flat end of this instrument is ideally suited for the inner areas of the tooth.<\/p>\r\n<p><span style=\"text-decoration: underline;\">Dosage:<br \/><\/span>-<\/p>\r\n<p><span style=\"text-decoration: underline;\">Package:<br \/><\/span>2 pieces<\/p>","_en_post_name":"bogar-bogadent-tartar-remover-dog","_en_post_excerpt":"","_en_post_title":"Bogadent Tartar Remover 2 pieces | Dog","_de_post_content":"<p>Bogadent Tartar Remover von Bogar sind 2 verschieden Instrumente, die ideal sind, Zahnstein sehr effektiv zu entfernen, ist aber trotzdem schonend zu den Z&auml;hnen.<\/p>\r\n<p>Wird Plaque durch t&auml;gliche Zahnreinigung nicht regelm&auml;&szlig;ig und gr&uuml;ndlich entfernt, bildet sich daraus harter Zahnstein, besonders im Bereich der Eck- und Backenz&auml;hne. Dieser kann das Zahnfleisch und den Zahnhalteapparat dauerhaft sch&auml;digen. Deshalb sollte Zahnstein m&ouml;glichst fr&uuml;h und regelm&auml;&szlig;ig entfernt werden. Zu diesem Zweck haben wir mit Tier&auml;rzten und Spezialisten den einzigartigen Bogadent Tartar Remover entwickelt. Der besonders harte Kunststoff entfernt Zahnstein sehr effektiv, ist aber trotzdem schonend zu den Z&auml;hnen. 2 unterschiedliche Instrumente aus Hart-Kunststoff (kein Metall) f&uuml;r eine effiziente und schonende Entfernung von Zahnstein.<\/p>\r\n<p>Gew&ouml;hnen Sie Ihren Haustier m&ouml;glichst fr&uuml;h, behutsam und spielerisch an eine effektive Zahn- und Mundhygiene.<\/p>\r\n<p><span style=\"text-decoration: underline;\">Anwendung:<br \/><\/span>Setzen Sie das l&auml;ngere Instrument mit den flachen, abgeschr&auml;gten Enden an der oberen Kante des Zahnsteines an (1) und ziehen Sie es mit einer schnellen aber vorsichtigen Bewegung nach unten (vom Zahnfleisch weg). Wiederholen Sie dies bis der Zahnstein vollst&auml;ndig entfernt ist. Mit dem spitzen Instrument k&ouml;nnen Sie den Zahnstein in den Zahnzwischenr&auml;umen und in den Zahnfurchen entfernen (2).<\/p>\r\n<p><span style=\"text-decoration: underline;\">Dosierung:<br \/><\/span>-<\/p>\r\n<p><span style=\"text-decoration: underline;\">Verpackung:<br \/><\/span>2 St&uuml;ck<\/p>","_de_post_name":"bogar-bogadent-tartar-remover-dog","_de_post_excerpt":"","_de_post_title":"Bogadent Tartar Remover 2 St\u00fccke | Hund","_fr_post_content":"<p>Bogadent Tartar Remover Dog de Bogar sont 2 instruments diff\u00e9rents parfaits pour \u00e9liminer le tartre tr\u00e8s efficacement, avec une action douce sur les dents.<\/p>\r\n<p>Si la plaque n'est pas \u00e9limin\u00e9e r\u00e9guli\u00e8rement, du tartre dur se forme, notamment autour des canines. Cela peut causer des dommages permanents aux gencives. Le tartre doit donc \u00eatre \u00e9limin\u00e9 le plus t\u00f4t possible et r\u00e9guli\u00e8rement. C'est dans ce but que le d\u00e9tartrant Bogadent a \u00e9t\u00e9 d\u00e9velopp\u00e9 en collaboration avec des v\u00e9t\u00e9rinaires et des sp\u00e9cialistes. Le plastique particuli\u00e8rement dur \u00e9limine le tartre de mani\u00e8re tr\u00e8s efficace, tout en \u00e9tant doux pour les dents. Le set se compose de 2 instruments diff\u00e9rents en plastique dur sp\u00e9cial pour un d\u00e9tartrage efficace et en douceur.<\/p>\r\n<p>Habituez votre animal \u00e0 l'hygi\u00e8ne buccale et dentaire le plus t\u00f4t possible, soyez tr\u00e8s doux et utilisez une approche ludique autant que possible.<\/p>\r\n<p>Administration :<\/p>\r\n<p>Utilisez l'instrument le plus long avec l'extr\u00e9mit\u00e9 plate et biseaut\u00e9e sur le dessus du tartre et tirez-le vers le bas (en l'\u00e9loignant de la gencive) d'un mouvement rapide mais doux. R\u00e9p\u00e9tez jusqu'\u00e0 ce que le tartre soit compl\u00e8tement \u00e9limin\u00e9.<br \/>L'instrument pointu peut \u00eatre utilis\u00e9 pour \u00e9liminer le tartre dans les espaces entre les dents et dans les sillons dentaires. L'extr\u00e9mit\u00e9 plate de cet instrument est excellente pour les faces internes des dents en raison de sa courbure plus forte.<\/p>\r\n<p>Dosage :<br \/>-<\/p>\r\n<p>Emballage :<br \/>2 pi\u00e8ces<\/p>","_fr_post_name":"bogar-bogadent-tartar-remover-chien","_fr_post_excerpt":"","_fr_post_title":"Bogadent Tartar Remover 2 pi\u00e8ces | Chien","_es_post_content":"<p>El set Bogadent Tartar Remover para perros de Bogar contiene 2 herramientas diferentes que son ideales para eliminar el sarro de forma muy eficaz, con una acci\u00f3n suave sobre los dientes.<\/p>\r\n<p>Si la placa no se regulariza, forma sarro duro, especialmente alrededor de los dientes caninos. Esto puede causar da\u00f1o permanente a las enc\u00edas. Por lo tanto, el sarro debe eliminarse lo antes posible y con regularidad. El removedor de sarro Bogadent ha sido desarrollado para esto en colaboraci\u00f3n con veterinarios y especialistas. El pl\u00e1stico particularmente duro elimina el sarro de manera muy efectiva, pero sigue siendo suave con los dientes. El juego consta de 2 instrumentos diferentes hechos de pl\u00e1stico duro especial para la eliminaci\u00f3n eficaz y suave del sarro.<\/p>\r\n<p>Acostumbre a su mascota a la higiene bucal y dental lo antes posible, sea muy amable y use un enfoque l\u00fadico tanto como sea posible<\/p>\r\n<p><span style=\"text-decoration: underline;\">Administraci\u00f3n:<\/span><\/p>\r\n<p>Use la herramienta m\u00e1s larga con el extremo plano y biselado en la parte superior del c\u00e1lculo y j\u00e1lela hacia abajo (alej\u00e1ndola de las enc\u00edas) con un movimiento r\u00e1pido pero suave. Repita hasta que el c\u00e1lculo se elimine por completo.<br \/>Con el instrumento puntiagudo, se puede eliminar el sarro en los espacios entre los dientes y en los surcos de los dientes. El extremo plano de este instrumento es excelente para los lados internos de los dientes debido a la curvatura m\u00e1s fuerte.<\/p>\r\n<p><span style=\"text-decoration: underline;\">Dosis:<\/span><br \/>-<\/p>\r\n<p><span style=\"text-decoration: underline;\">Embalaje:<\/span><br \/>2 piezas.<\/p>","_es_post_name":"bogar-bogadent-tartar-remover-perros","_es_post_excerpt":"","_es_post_title":"Bogadent Tartar Remover 2 piezas | Perros","edit_language":"nl"},"product_brand":[],"product_cat":[2029,1842,1117,1839,1857],"product_tag":[],"class_list":{"0":"post-118288","1":"product","2":"type-product","3":"status-publish","4":"has-post-thumbnail","6":"product_cat-bogadent","7":"product_cat-gebit","8":"product_cat-honden","9":"product_cat-medicijnen-supplementen","10":"product_cat-merken","11":"pa_aandoening-gebit","12":"pa_doeldier-hond","13":"pa_fabricatieland-zwitserland","14":"pa_merkfilter-bogadent","15":"pa_merkgroep-bogar","16":"pa_productsoort-overig","17":"pa_seo_canonical_store_id-not_found_value","18":"pa_seo_category-not_found_value","19":"pa_seo_meta_robots-not_found_value","20":"pa_toedieningswijze-tandsteenverwijderaar","21":"pa_unit_pricing_base_measure-1ct","22":"pa_unit_pricing_measure-2ct","23":"pa_werkzamestof-overig","25":"first","26":"instock","27":"taxable","28":"shipping-taxable","29":"purchasable","30":"product-type-simple"},"yoast_head":"<!-- This site is optimized with the Yoast SEO plugin v27.5 - https:\/\/yoast.com\/product\/yoast-seo-wordpress\/ -->\n<title>Bogadent Tartar Remover Hond | Tandsteen verwijderen hond<\/title>\n<meta name=\"description\" content=\"Bogadent Tartar Remover Hond zijn 2 verschillende instrumenten die ideaal zijn om de tandsteen effectief te verwijderen, met een zachte werking op het gebit.\" \/>\n<meta name=\"robots\" content=\"index, follow, max-snippet:-1, max-image-preview:large, max-video-preview:-1\" \/>\n<link rel=\"canonical\" href=\"https:\/\/www.pharmacy4pets.nl\/bogar-bogadent-tartar-remover-dog\" \/>\n<meta property=\"og:locale\" content=\"nl_NL\" \/>\n<meta property=\"og:type\" content=\"article\" \/>\n<meta property=\"og:title\" content=\"Bogadent Tartar Remover Hond | Tandsteen verwijderen hond\" \/>\n<meta property=\"og:description\" content=\"Bogadent Tartar Remover Hond zijn 2 verschillende instrumenten die ideaal zijn om de tandsteen effectief te verwijderen, met een zachte werking op het gebit.\" \/>\n<meta property=\"og:url\" content=\"https:\/\/www.pharmacy4pets.nl\/bogar-bogadent-tartar-remover-dog\" \/>\n<meta property=\"og:site_name\" content=\"Pharmacy4pets\" \/>\n<meta property=\"article:publisher\" content=\"https:\/\/www.facebook.com\/people\/Pharmacy4petsnl\/100063484989896\/\" \/>\n<meta property=\"article:modified_time\" content=\"2026-03-25T11:57:40+00:00\" \/>\n<meta property=\"og:image\" content=\"https:\/\/www.pharmacy4pets.nl\/wp-content\/uploads\/2017\/07\/23615.jpg\" \/>\n\t<meta property=\"og:image:width\" content=\"310\" \/>\n\t<meta property=\"og:image:height\" content=\"310\" \/>\n\t<meta property=\"og:image:type\" content=\"image\/jpeg\" \/>\n<meta name=\"twitter:card\" content=\"summary_large_image\" \/>\n<meta name=\"twitter:label1\" content=\"Geschatte leestijd\" \/>\n\t<meta name=\"twitter:data1\" content=\"1 minuut\" \/>\n<script type=\"application\/ld+json\" class=\"yoast-schema-graph\">{\"@context\":\"https:\\\/\\\/schema.org\",\"@graph\":[{\"@type\":\"WebPage\",\"@id\":\"https:\\\/\\\/www.pharmacy4pets.nl\\\/bogar-bogadent-tartar-remover-dog\",\"url\":\"https:\\\/\\\/www.pharmacy4pets.nl\\\/bogar-bogadent-tartar-remover-dog\",\"name\":\"Bogadent Tartar Remover Hond | Tandsteen verwijderen hond\",\"isPartOf\":{\"@id\":\"http:\\\/\\\/www.pharmacy4pets.nl\\\/#website\"},\"primaryImageOfPage\":{\"@id\":\"https:\\\/\\\/www.pharmacy4pets.nl\\\/bogar-bogadent-tartar-remover-dog#primaryimage\"},\"image\":{\"@id\":\"https:\\\/\\\/www.pharmacy4pets.nl\\\/bogar-bogadent-tartar-remover-dog#primaryimage\"},\"thumbnailUrl\":\"https:\\\/\\\/www.pharmacy4pets.nl\\\/wp-content\\\/uploads\\\/2017\\\/07\\\/23615.jpg\",\"datePublished\":\"2017-07-12T08:48:57+00:00\",\"dateModified\":\"2026-03-25T11:57:40+00:00\",\"description\":\"Bogadent Tartar Remover Hond zijn 2 verschillende instrumenten die ideaal zijn om de tandsteen effectief te verwijderen, met een zachte werking op het gebit.\",\"breadcrumb\":{\"@id\":\"https:\\\/\\\/www.pharmacy4pets.nl\\\/bogar-bogadent-tartar-remover-dog#breadcrumb\"},\"inLanguage\":\"nl-NL\",\"potentialAction\":[{\"@type\":\"ReadAction\",\"target\":[\"https:\\\/\\\/www.pharmacy4pets.nl\\\/bogar-bogadent-tartar-remover-dog\"]}]},{\"@type\":\"ImageObject\",\"inLanguage\":\"nl-NL\",\"@id\":\"https:\\\/\\\/www.pharmacy4pets.nl\\\/bogar-bogadent-tartar-remover-dog#primaryimage\",\"url\":\"https:\\\/\\\/www.pharmacy4pets.nl\\\/wp-content\\\/uploads\\\/2017\\\/07\\\/23615.jpg\",\"contentUrl\":\"https:\\\/\\\/www.pharmacy4pets.nl\\\/wp-content\\\/uploads\\\/2017\\\/07\\\/23615.jpg\",\"width\":310,\"height\":310,\"caption\":\"Bogadent\"},{\"@type\":\"BreadcrumbList\",\"@id\":\"https:\\\/\\\/www.pharmacy4pets.nl\\\/bogar-bogadent-tartar-remover-dog#breadcrumb\",\"itemListElement\":[{\"@type\":\"ListItem\",\"position\":1,\"name\":\"Home\",\"item\":\"https:\\\/\\\/p4p-nl.bootmine.com\\\/\"},{\"@type\":\"ListItem\",\"position\":2,\"name\":\"Winkel\",\"item\":\"https:\\\/\\\/p4p-nl.bootmine.com\\\/winkel\"},{\"@type\":\"ListItem\",\"position\":3,\"name\":\"Bogadent Tartar Remover 2 stuks | Hond\"}]},{\"@type\":\"WebSite\",\"@id\":\"http:\\\/\\\/www.pharmacy4pets.nl\\\/#website\",\"url\":\"http:\\\/\\\/www.pharmacy4pets.nl\\\/\",\"name\":\"Pharmacy4pets\",\"description\":\"Pharmacy4pets.nl is d\u00e9 online apotheek waar u terecht kunt voor alle diergeneesmiddelen, verzorgingsproducten en dieetvoeding voor uw huisdier.\",\"publisher\":{\"@id\":\"http:\\\/\\\/www.pharmacy4pets.nl\\\/#organization\"},\"potentialAction\":[{\"@type\":\"SearchAction\",\"target\":{\"@type\":\"EntryPoint\",\"urlTemplate\":\"http:\\\/\\\/www.pharmacy4pets.nl\\\/?s={search_term_string}\"},\"query-input\":{\"@type\":\"PropertyValueSpecification\",\"valueRequired\":true,\"valueName\":\"search_term_string\"}}],\"inLanguage\":\"nl-NL\"},{\"@type\":\"Organization\",\"@id\":\"http:\\\/\\\/www.pharmacy4pets.nl\\\/#organization\",\"name\":\"Pharmacy4pets\",\"url\":\"http:\\\/\\\/www.pharmacy4pets.nl\\\/\",\"logo\":{\"@type\":\"ImageObject\",\"inLanguage\":\"nl-NL\",\"@id\":\"http:\\\/\\\/www.pharmacy4pets.nl\\\/#\\\/schema\\\/logo\\\/image\\\/\",\"url\":\"https:\\\/\\\/p4p-nl.bootmine.com\\\/wp-content\\\/uploads\\\/2026\\\/03\\\/logo-pharmacy4pets.png\",\"contentUrl\":\"https:\\\/\\\/p4p-nl.bootmine.com\\\/wp-content\\\/uploads\\\/2026\\\/03\\\/logo-pharmacy4pets.png\",\"width\":1024,\"height\":135,\"caption\":\"Pharmacy4pets\"},\"image\":{\"@id\":\"http:\\\/\\\/www.pharmacy4pets.nl\\\/#\\\/schema\\\/logo\\\/image\\\/\"},\"sameAs\":[\"https:\\\/\\\/www.facebook.com\\\/people\\\/Pharmacy4petsnl\\\/100063484989896\\\/\",\"https:\\\/\\\/www.youtube.com\\\/channel\\\/UCGPTIgucgli03tP2_kvLkHg\\\/featured\",\"https:\\\/\\\/www.instagram.com\\\/pharmacy4pets.nl\"]}]}<\/script>\n<!-- \/ Yoast SEO plugin. -->","yoast_head_json":{"title":"Bogadent Tartar Remover Hond | Tandsteen verwijderen hond","description":"Bogadent Tartar Remover Hond zijn 2 verschillende instrumenten die ideaal zijn om de tandsteen effectief te verwijderen, met een zachte werking op het gebit.","robots":{"index":"index","follow":"follow","max-snippet":"max-snippet:-1","max-image-preview":"max-image-preview:large","max-video-preview":"max-video-preview:-1"},"canonical":"https:\/\/www.pharmacy4pets.nl\/bogar-bogadent-tartar-remover-dog","og_locale":"nl_NL","og_type":"article","og_title":"Bogadent Tartar Remover Hond | Tandsteen verwijderen hond","og_description":"Bogadent Tartar Remover Hond zijn 2 verschillende instrumenten die ideaal zijn om de tandsteen effectief te verwijderen, met een zachte werking op het gebit.","og_url":"https:\/\/www.pharmacy4pets.nl\/bogar-bogadent-tartar-remover-dog","og_site_name":"Pharmacy4pets","article_publisher":"https:\/\/www.facebook.com\/people\/Pharmacy4petsnl\/100063484989896\/","article_modified_time":"2026-03-25T11:57:40+00:00","og_image":[{"width":310,"height":310,"url":"https:\/\/www.pharmacy4pets.nl\/wp-content\/uploads\/2017\/07\/23615.jpg","type":"image\/jpeg"}],"twitter_card":"summary_large_image","twitter_misc":{"Geschatte leestijd":"1 minuut"},"schema":{"@context":"https:\/\/schema.org","@graph":[{"@type":"WebPage","@id":"https:\/\/www.pharmacy4pets.nl\/bogar-bogadent-tartar-remover-dog","url":"https:\/\/www.pharmacy4pets.nl\/bogar-bogadent-tartar-remover-dog","name":"Bogadent Tartar Remover Hond | Tandsteen verwijderen hond","isPartOf":{"@id":"http:\/\/www.pharmacy4pets.nl\/#website"},"primaryImageOfPage":{"@id":"https:\/\/www.pharmacy4pets.nl\/bogar-bogadent-tartar-remover-dog#primaryimage"},"image":{"@id":"https:\/\/www.pharmacy4pets.nl\/bogar-bogadent-tartar-remover-dog#primaryimage"},"thumbnailUrl":"https:\/\/www.pharmacy4pets.nl\/wp-content\/uploads\/2017\/07\/23615.jpg","datePublished":"2017-07-12T08:48:57+00:00","dateModified":"2026-03-25T11:57:40+00:00","description":"Bogadent Tartar Remover Hond zijn 2 verschillende instrumenten die ideaal zijn om de tandsteen effectief te verwijderen, met een zachte werking op het gebit.","breadcrumb":{"@id":"https:\/\/www.pharmacy4pets.nl\/bogar-bogadent-tartar-remover-dog#breadcrumb"},"inLanguage":"nl-NL","potentialAction":[{"@type":"ReadAction","target":["https:\/\/www.pharmacy4pets.nl\/bogar-bogadent-tartar-remover-dog"]}]},{"@type":"ImageObject","inLanguage":"nl-NL","@id":"https:\/\/www.pharmacy4pets.nl\/bogar-bogadent-tartar-remover-dog#primaryimage","url":"https:\/\/www.pharmacy4pets.nl\/wp-content\/uploads\/2017\/07\/23615.jpg","contentUrl":"https:\/\/www.pharmacy4pets.nl\/wp-content\/uploads\/2017\/07\/23615.jpg","width":310,"height":310,"caption":"Bogadent"},{"@type":"BreadcrumbList","@id":"https:\/\/www.pharmacy4pets.nl\/bogar-bogadent-tartar-remover-dog#breadcrumb","itemListElement":[{"@type":"ListItem","position":1,"name":"Home","item":"https:\/\/p4p-nl.bootmine.com\/"},{"@type":"ListItem","position":2,"name":"Winkel","item":"https:\/\/p4p-nl.bootmine.com\/winkel"},{"@type":"ListItem","position":3,"name":"Bogadent Tartar Remover 2 stuks | Hond"}]},{"@type":"WebSite","@id":"http:\/\/www.pharmacy4pets.nl\/#website","url":"http:\/\/www.pharmacy4pets.nl\/","name":"Pharmacy4pets","description":"Pharmacy4pets.nl is d\u00e9 online apotheek waar u terecht kunt voor alle diergeneesmiddelen, verzorgingsproducten en dieetvoeding voor uw huisdier.","publisher":{"@id":"http:\/\/www.pharmacy4pets.nl\/#organization"},"potentialAction":[{"@type":"SearchAction","target":{"@type":"EntryPoint","urlTemplate":"http:\/\/www.pharmacy4pets.nl\/?s={search_term_string}"},"query-input":{"@type":"PropertyValueSpecification","valueRequired":true,"valueName":"search_term_string"}}],"inLanguage":"nl-NL"},{"@type":"Organization","@id":"http:\/\/www.pharmacy4pets.nl\/#organization","name":"Pharmacy4pets","url":"http:\/\/www.pharmacy4pets.nl\/","logo":{"@type":"ImageObject","inLanguage":"nl-NL","@id":"http:\/\/www.pharmacy4pets.nl\/#\/schema\/logo\/image\/","url":"https:\/\/p4p-nl.bootmine.com\/wp-content\/uploads\/2026\/03\/logo-pharmacy4pets.png","contentUrl":"https:\/\/p4p-nl.bootmine.com\/wp-content\/uploads\/2026\/03\/logo-pharmacy4pets.png","width":1024,"height":135,"caption":"Pharmacy4pets"},"image":{"@id":"http:\/\/www.pharmacy4pets.nl\/#\/schema\/logo\/image\/"},"sameAs":["https:\/\/www.facebook.com\/people\/Pharmacy4petsnl\/100063484989896\/","https:\/\/www.youtube.com\/channel\/UCGPTIgucgli03tP2_kvLkHg\/featured","https:\/\/www.instagram.com\/pharmacy4pets.nl"]}]}},"market_data":{"nl":{"price":0,"sale_price":0,"active":false,"url":null,"parent_url":"","tax_rate":0,"price_inc_tax":0,"sale_price_inc_tax":0},"de":{"price":0,"sale_price":0,"active":false,"url":null,"parent_url":"","tax_rate":0,"price_inc_tax":0,"sale_price_inc_tax":0},"be":{"price":0,"sale_price":0,"active":false,"url":null,"parent_url":"","tax_rate":0,"price_inc_tax":0,"sale_price_inc_tax":0},"fr":{"price":0,"sale_price":0,"active":false,"url":null,"parent_url":"","tax_rate":0,"price_inc_tax":0,"sale_price_inc_tax":0},"ch":{"price":0,"sale_price":0,"active":false,"url":null,"parent_url":"","tax_rate":0,"price_inc_tax":0,"sale_price_inc_tax":0},"at":{"price":0,"sale_price":0,"active":false,"url":null,"parent_url":"","tax_rate":0,"price_inc_tax":0,"sale_price_inc_tax":0},"es":{"price":0,"sale_price":0,"active":false,"url":null,"parent_url":"","tax_rate":0,"price_inc_tax":0,"sale_price_inc_tax":0},"dk":{"price":0,"sale_price":0,"active":false,"url":null,"parent_url":"","tax_rate":0,"price_inc_tax":0,"sale_price_inc_tax":0},"com":{"price":0,"sale_price":0,"active":false,"url":null,"parent_url":"","tax_rate":0,"price_inc_tax":0,"sale_price_inc_tax":0}},"market_nl_price":0,"market_nl_sale_price":0,"market_nl_active":false,"market_nl_url":null,"market_nl_parent_url":"","market_nl_tax_rate":0,"market_nl_price_inc_tax":0,"market_nl_sale_price_inc_tax":0,"market_de_price":0,"market_de_sale_price":0,"market_de_active":false,"market_de_url":null,"market_de_parent_url":"","market_de_tax_rate":0,"market_de_price_inc_tax":0,"market_de_sale_price_inc_tax":0,"market_be_price":0,"market_be_sale_price":0,"market_be_active":false,"market_be_url":null,"market_be_parent_url":"","market_be_tax_rate":0,"market_be_price_inc_tax":0,"market_be_sale_price_inc_tax":0,"market_fr_price":0,"market_fr_sale_price":0,"market_fr_active":false,"market_fr_url":null,"market_fr_parent_url":"","market_fr_tax_rate":0,"market_fr_price_inc_tax":0,"market_fr_sale_price_inc_tax":0,"market_ch_price":0,"market_ch_sale_price":0,"market_ch_active":false,"market_ch_url":null,"market_ch_parent_url":"","market_ch_tax_rate":0,"market_ch_price_inc_tax":0,"market_ch_sale_price_inc_tax":0,"market_at_price":0,"market_at_sale_price":0,"market_at_active":false,"market_at_url":null,"market_at_parent_url":"","market_at_tax_rate":0,"market_at_price_inc_tax":0,"market_at_sale_price_inc_tax":0,"market_es_price":0,"market_es_sale_price":0,"market_es_active":false,"market_es_url":null,"market_es_parent_url":"","market_es_tax_rate":0,"market_es_price_inc_tax":0,"market_es_sale_price_inc_tax":0,"market_dk_price":0,"market_dk_sale_price":0,"market_dk_active":false,"market_dk_url":null,"market_dk_parent_url":"","market_dk_tax_rate":0,"market_dk_price_inc_tax":0,"market_dk_sale_price_inc_tax":0,"market_com_price":0,"market_com_sale_price":0,"market_com_active":false,"market_com_url":null,"market_com_parent_url":"","market_com_tax_rate":0,"market_com_price_inc_tax":0,"market_com_sale_price_inc_tax":0,"acf":[],"_links":{"self":[{"href":"https:\/\/www.pharmacy4pets.nl\/be\/wp-json\/wp\/v2\/product\/118288","targetHints":{"allow":["GET"]}}],"collection":[{"href":"https:\/\/www.pharmacy4pets.nl\/be\/wp-json\/wp\/v2\/product"}],"about":[{"href":"https:\/\/www.pharmacy4pets.nl\/be\/wp-json\/wp\/v2\/types\/product"}],"replies":[{"embeddable":true,"href":"https:\/\/www.pharmacy4pets.nl\/be\/wp-json\/wp\/v2\/comments?post=118288"}],"wp:featuredmedia":[{"embeddable":true,"href":"https:\/\/www.pharmacy4pets.nl\/be\/wp-json\/wp\/v2\/media\/118285"}],"wp:attachment":[{"href":"https:\/\/www.pharmacy4pets.nl\/be\/wp-json\/wp\/v2\/media?parent=118288"}],"wp:term":[{"taxonomy":"product_brand","embeddable":true,"href":"https:\/\/www.pharmacy4pets.nl\/be\/wp-json\/wp\/v2\/product_brand?post=118288"},{"taxonomy":"product_cat","embeddable":true,"href":"https:\/\/www.pharmacy4pets.nl\/be\/wp-json\/wp\/v2\/product_cat?post=118288"},{"taxonomy":"product_tag","embeddable":true,"href":"https:\/\/www.pharmacy4pets.nl\/be\/wp-json\/wp\/v2\/product_tag?post=118288"}],"curies":[{"name":"wp","href":"https:\/\/api.w.org\/{rel}","templated":true}]}}