{"id":118276,"date":"2017-07-12T08:33:59","date_gmt":"2017-07-12T08:33:59","guid":{"rendered":"https:\/\/p4p.test\/bogar-bogadent-plaque-stop-dog-3"},"modified":"2026-03-25T11:57:39","modified_gmt":"2026-03-25T11:57:39","slug":"bogar-bogadent-plaque-stop-dog","status":"publish","type":"product","link":"https:\/\/www.pharmacy4pets.nl\/be\/bogar-bogadent-plaque-stop-dog","title":{"rendered":"Bogadent Plaque-Stop | Hond | 70 gr"},"content":{"rendered":"<p>Bogadent Plaque-Stop Hond van Bogar is een voedingssupplement in de vorm van en gehomogeniseerd poeder. Het wordt gebruikt tegen tandplak, tandsteen en slechte adem. Het helpt bij het verminderen van tandplak en het oplossen van bestaande tandsteen. Daarnaast wordt het tandvlees ondersteund door de waardevolle ingredi&euml;nten uit de gebruikte gist. Hoge inhoud van aminozuren, mineralen, sporenelementen en vitaminen.<\/p>\n<p>Gemakkelijke toepassing: Sprenkel eenmaal per dag over nat eten.<\/p>\n<p><span style=\"text-decoration: underline;\">Toediening:<br \/><\/span>Strooi 1 meetlepel per 5kg lichaamsgewicht eenmaal daags in nat voedsel of op bevochtigd droog voedsel. In elk blik bevindt zich &eacute;&eacute;n meetlepel.<\/p>\n<p>Let op: Het product bevat een natuurlijke jodiumbron. Raadpleeg alstublieft een dierenarts voor gebruik als uw hond een bekende ziekte heeft met betrekking tot schildklieren.<\/p>\n<p><span style=\"text-decoration: underline;\">Dosering:<br \/><\/span>&#8211;<\/p>\n<p><span style=\"text-decoration: underline;\">Verpakking:<br \/><\/span>Poeder &agrave; 70gram.<\/p>\n","protected":false},"excerpt":{"rendered":"<p>Bogadent Plaque-Stop Hond van Bogar is een voedingssupplement in de vorm van en gehomogeniseerd poeder. Het wordt gebruikt tegen tandplak, tandsteen en slechte adem. Het helpt bij het verminderen van tandplak en het oplossen van bestaande tandsteen. Daarnaast wordt het tandvlees ondersteund door de waardevolle ingredi&euml;nten uit de gebruikte gist. Hoge inhoud van aminozuren, mineralen, [&hellip;]<\/p>\n","protected":false},"featured_media":118273,"comment_status":"open","ping_status":"closed","template":"","meta":{"_acf_changed":false,"_nl_post_content":"<p>Bogadent Plaque-Stop Hond van Bogar is een voedingssupplement in de vorm van en gehomogeniseerd poeder. Het wordt gebruikt tegen tandplak, tandsteen en slechte adem. Het helpt bij het verminderen van tandplak en het oplossen van bestaande tandsteen. Daarnaast wordt het tandvlees ondersteund door de waardevolle ingredi&euml;nten uit de gebruikte gist. Hoge inhoud van aminozuren, mineralen, sporenelementen en vitaminen.<\/p>\r\n<p>Gemakkelijke toepassing: Sprenkel eenmaal per dag over nat eten.<\/p>\r\n<p><span style=\"text-decoration: underline;\">Toediening:<br \/><\/span>Strooi 1 meetlepel per 5kg lichaamsgewicht eenmaal daags in nat voedsel of op bevochtigd droog voedsel. In elk blik bevindt zich &eacute;&eacute;n meetlepel.<\/p>\r\n<p>Let op: Het product bevat een natuurlijke jodiumbron. Raadpleeg alstublieft een dierenarts voor gebruik als uw hond een bekende ziekte heeft met betrekking tot schildklieren.<\/p>\r\n<p><span style=\"text-decoration: underline;\">Dosering:<br \/><\/span>-<\/p>\r\n<p><span style=\"text-decoration: underline;\">Verpakking:<br \/><\/span>Poeder &agrave; 70gram.<\/p>","_nl_post_name":"bogar-bogadent-plaque-stop-dog","_nl_post_excerpt":"","_nl_post_title":"Bogadent Plaque-Stop | Hond | 70 gr","_en_post_content":"<p>Bogadent Plaque-Stop Dog from Bogar is a feed supplement in the form of a homogenized powder. It is being used against plaque, tartar and bad breath. It helps to reduce plaque and dissolve consisting tartar. Additionally the parodontium is being supported by the valuable ingredients out of the yeast. High content of amino acids, minerals, trace elements. 100% natural.<\/p>\r\n<p>Easy application: Sprinkle over wet food once daily<\/p>\r\n<p><span style=\"text-decoration: underline;\">Administration:<br \/><\/span>Sprinkle 1 measuring spoon per 5 kg body weight once daily in wet food or on moistened dry food. One measuring spoon is contained in each can.<\/p>\r\n<p>Notice: The product contains a natural iodine resource. Please consult a veterinary before use if your dog has a known disease concerning thyroid glands.<\/p>\r\n<p><span style=\"text-decoration: underline;\">Dosage:<br \/><\/span>-<\/p>\r\n<p><span style=\"text-decoration: underline;\">Package:<br \/><\/span>Bottle 70g<\/p>","_en_post_name":"bogar-bogadent-plaque-stop-dog","_en_post_excerpt":"","_en_post_title":"Bogadent Plaque-Stop | Dog | 70 gr","_de_post_content":"<p>Bogadent Plaque-Stop von Bogar &nbsp;ist ein Futterzusatz in Form eines homogenisierten Pulvers. Es wird bei Zahnbelag, Zahnstein und schlechtem Atem eingesetzt. Sie hilft Plaque zu reduzieren und bestehenden Zahnstein aufzuweichen. Zus&auml;tzlich unterst&uuml;tzen die wertvollen Inhaltsstoffe aus der Hefe einen gesunden Zahnhalteapparat. Mit wertvollen Aminos&auml;uren, Mineralstoffen, Spurenelementen und Vitaminen. 100% nat&uuml;rlich.<\/p>\r\n<p>Einfache Anwendung: einmal t&auml;glich &uuml;ber das Futter streuen.<\/p>\r\n<p><span style=\"text-decoration: underline;\">Anwendung:<br \/><\/span>Streuen Sie einmal t&auml;glich 1 Messl&ouml;ffel &uuml;ber das Nass- oder angefeuchtete Trockenfutter. Ein Messl&ouml;ffel ist in der Dose enthalten.<\/p>\r\n<p>Hinweis: Das Produkt enth&auml;lt eine nat&uuml;rliche Jodquelle. Bei bekannten Erkrankungen im Bereich der Schilddr&uuml;se konsultieren Sie vor Verwendung bitte Ihren Tierarzt.<\/p>\r\n<p><span style=\"text-decoration: underline;\">Dosierung:<br \/><\/span>-<\/p>\r\n<p><span style=\"text-decoration: underline;\">Verpackung:<br \/><\/span>Pulver 70 Gramm<\/p>","_de_post_name":"bogar-bogadent-plaque-stop-dog","_de_post_excerpt":"","_de_post_title":"Bogadent Plaque-Stop | Hund | 70 gr","_fr_post_content":"<p>Bogadent Plaque-Stop Chien de Bogar est un compl\u00e9ment alimentaire sous forme de poudre homog\u00e9n\u00e9is\u00e9e. Il est utilis\u00e9 contre la plaque dentaire, le tartre et la mauvaise haleine. Il aide \u00e0 r\u00e9duire la plaque et \u00e0 dissoudre le tartre existant. De plus, les gommes sont soutenues par les pr\u00e9cieux ingr\u00e9dients de la levure utilis\u00e9e. Teneur \u00e9lev\u00e9e en acides amin\u00e9s, min\u00e9raux, oligo-\u00e9l\u00e9ments et vitamines.<\/p>\r\n<p>Application facile : saupoudrer sur les aliments humides une fois par jour.<\/p>\r\n<p>Administration:<br \/>Saupoudrer 1 cuill\u00e8re doseuse par 5 kg de poids corporel une fois par jour dans la nourriture humide ou la nourriture s\u00e8che humidifi\u00e9e. Il y a une cuill\u00e8re \u00e0 mesurer dans chaque bo\u00eete.<\/p>\r\n<p>Remarque : Le produit contient une source naturelle d'iode. Veuillez consulter un v\u00e9t\u00e9rinaire avant utilisation si votre chien a une maladie connue li\u00e9e aux glandes thyro\u00efde.<\/p>\r\n<p>Dosage:<br \/>-<\/p>\r\n<p>Emballage:<br \/>Poudre de 70 grammes.<\/p>","_fr_post_name":"bogadent-plaque-stop-chien-70-grammes","_fr_post_excerpt":"","_fr_post_title":"Bogadent Plaque-Stop | Chien | 70 grammes","_es_post_content":"<p>Bogadent Plaque-Stop para perros de Bogar es un complemento alimenticio en forma de polvo homogeneizado. Se utiliza contra la placa, el sarro y el mal aliento. Ayuda a reducir la placa y disolver el sarro existente. Adem\u00e1s, las gomas est\u00e1n respaldadas por los valiosos ingredientes de la levadura utilizada. Alto contenido en amino\u00e1cidos, minerales, oligoelementos y vitaminas.<\/p>\r\n<p>F\u00e1cil aplicaci\u00f3n: Roc\u00ede sobre alimentos h\u00famedos una vez al d\u00eda.<\/p>\r\n<p><span style=\"text-decoration: underline;\">Administraci\u00f3n:<\/span><br \/>Espolvorear 1 cuchara dosificadora por cada 5 kg de peso corporal una vez al d\u00eda en comida h\u00fameda o en comida seca humedecida. Hay una cuchara dosificadora en cada lata.<\/p>\r\n<p>Nota: El producto contiene una fuente de yodo natural. Consulte a un veterinario antes de usar si su perro tiene una enfermedad conocida relacionada con las gl\u00e1ndulas tiroides.<\/p>\r\n<p><span style=\"text-decoration: underline;\">Dosis:<\/span><br \/>-<\/p>\r\n<p><span style=\"text-decoration: underline;\">Embalaje:<\/span><br \/>Polvo de 70 gramos.<\/p>","_es_post_name":"bogar-bogadent-plaque-stop-perros","_es_post_excerpt":"","_es_post_title":"Bogadent Plaque-Stop | Perros | 70 gramos","edit_language":"nl"},"product_brand":[],"product_cat":[2029,1842,1117,1839,1857],"product_tag":[],"class_list":{"0":"post-118276","1":"product","2":"type-product","3":"status-publish","4":"has-post-thumbnail","6":"product_cat-bogadent","7":"product_cat-gebit","8":"product_cat-honden","9":"product_cat-medicijnen-supplementen","10":"product_cat-merken","11":"pa_aandoening-gebit","12":"pa_doeldier-hond","13":"pa_fabricatieland-zwitserland","14":"pa_merkfilter-bogadent","15":"pa_merkgroep-bogar","16":"pa_productsoort-voedingssupplement","17":"pa_seo_canonical_store_id-not_found_value","18":"pa_seo_category-not_found_value","19":"pa_seo_meta_robots-not_found_value","20":"pa_toedieningswijze-poeder","21":"pa_unit_pricing_base_measure-10g","22":"pa_unit_pricing_measure-70g","23":"pa_werkzamestof-overig","25":"first","26":"instock","27":"taxable","28":"shipping-taxable","29":"purchasable","30":"product-type-simple"},"yoast_head":"<!-- This site is optimized with the Yoast SEO plugin v27.5 - https:\/\/yoast.com\/product\/yoast-seo-wordpress\/ -->\n<title>Bogadent Plaque-Stop Hond | Poeder<\/title>\n<meta name=\"description\" content=\"Bogadent Plaque-Stop Hond is een voedingssupplement in de vorm van en gehomogeniseerd poeder. Het wordt gebruikt tegen tandplak, tandsteen en slechte adem.\" \/>\n<meta name=\"robots\" content=\"index, follow, max-snippet:-1, max-image-preview:large, max-video-preview:-1\" \/>\n<link rel=\"canonical\" href=\"https:\/\/www.pharmacy4pets.nl\/bogar-bogadent-plaque-stop-dog\" \/>\n<meta property=\"og:locale\" content=\"nl_NL\" \/>\n<meta property=\"og:type\" content=\"article\" \/>\n<meta property=\"og:title\" content=\"Bogadent Plaque-Stop Hond | Poeder\" \/>\n<meta property=\"og:description\" content=\"Bogadent Plaque-Stop Hond is een voedingssupplement in de vorm van en gehomogeniseerd poeder. Het wordt gebruikt tegen tandplak, tandsteen en slechte adem.\" \/>\n<meta property=\"og:url\" content=\"https:\/\/www.pharmacy4pets.nl\/bogar-bogadent-plaque-stop-dog\" \/>\n<meta property=\"og:site_name\" content=\"Pharmacy4pets\" \/>\n<meta property=\"article:publisher\" content=\"https:\/\/www.facebook.com\/people\/Pharmacy4petsnl\/100063484989896\/\" \/>\n<meta property=\"article:modified_time\" content=\"2026-03-25T11:57:39+00:00\" \/>\n<meta property=\"og:image\" content=\"https:\/\/www.pharmacy4pets.nl\/wp-content\/uploads\/2017\/07\/23613.jpg\" \/>\n\t<meta property=\"og:image:width\" content=\"550\" \/>\n\t<meta property=\"og:image:height\" content=\"550\" \/>\n\t<meta property=\"og:image:type\" content=\"image\/jpeg\" \/>\n<meta name=\"twitter:card\" content=\"summary_large_image\" \/>\n<meta name=\"twitter:label1\" content=\"Geschatte leestijd\" \/>\n\t<meta name=\"twitter:data1\" content=\"1 minuut\" \/>\n<script type=\"application\/ld+json\" class=\"yoast-schema-graph\">{\"@context\":\"https:\\\/\\\/schema.org\",\"@graph\":[{\"@type\":\"WebPage\",\"@id\":\"https:\\\/\\\/www.pharmacy4pets.nl\\\/bogar-bogadent-plaque-stop-dog\",\"url\":\"https:\\\/\\\/www.pharmacy4pets.nl\\\/bogar-bogadent-plaque-stop-dog\",\"name\":\"Bogadent Plaque-Stop Hond | Poeder\",\"isPartOf\":{\"@id\":\"http:\\\/\\\/www.pharmacy4pets.nl\\\/#website\"},\"primaryImageOfPage\":{\"@id\":\"https:\\\/\\\/www.pharmacy4pets.nl\\\/bogar-bogadent-plaque-stop-dog#primaryimage\"},\"image\":{\"@id\":\"https:\\\/\\\/www.pharmacy4pets.nl\\\/bogar-bogadent-plaque-stop-dog#primaryimage\"},\"thumbnailUrl\":\"https:\\\/\\\/www.pharmacy4pets.nl\\\/wp-content\\\/uploads\\\/2017\\\/07\\\/23613.jpg\",\"datePublished\":\"2017-07-12T08:33:59+00:00\",\"dateModified\":\"2026-03-25T11:57:39+00:00\",\"description\":\"Bogadent Plaque-Stop Hond is een voedingssupplement in de vorm van en gehomogeniseerd poeder. Het wordt gebruikt tegen tandplak, tandsteen en slechte adem.\",\"breadcrumb\":{\"@id\":\"https:\\\/\\\/www.pharmacy4pets.nl\\\/bogar-bogadent-plaque-stop-dog#breadcrumb\"},\"inLanguage\":\"nl-NL\",\"potentialAction\":[{\"@type\":\"ReadAction\",\"target\":[\"https:\\\/\\\/www.pharmacy4pets.nl\\\/bogar-bogadent-plaque-stop-dog\"]}]},{\"@type\":\"ImageObject\",\"inLanguage\":\"nl-NL\",\"@id\":\"https:\\\/\\\/www.pharmacy4pets.nl\\\/bogar-bogadent-plaque-stop-dog#primaryimage\",\"url\":\"https:\\\/\\\/www.pharmacy4pets.nl\\\/wp-content\\\/uploads\\\/2017\\\/07\\\/23613.jpg\",\"contentUrl\":\"https:\\\/\\\/www.pharmacy4pets.nl\\\/wp-content\\\/uploads\\\/2017\\\/07\\\/23613.jpg\",\"width\":550,\"height\":550,\"caption\":\"Bogadent\"},{\"@type\":\"BreadcrumbList\",\"@id\":\"https:\\\/\\\/www.pharmacy4pets.nl\\\/bogar-bogadent-plaque-stop-dog#breadcrumb\",\"itemListElement\":[{\"@type\":\"ListItem\",\"position\":1,\"name\":\"Home\",\"item\":\"https:\\\/\\\/p4p-nl.bootmine.com\\\/\"},{\"@type\":\"ListItem\",\"position\":2,\"name\":\"Winkel\",\"item\":\"https:\\\/\\\/p4p-nl.bootmine.com\\\/winkel\"},{\"@type\":\"ListItem\",\"position\":3,\"name\":\"Bogadent Plaque-Stop | Hond | 70 gr\"}]},{\"@type\":\"WebSite\",\"@id\":\"http:\\\/\\\/www.pharmacy4pets.nl\\\/#website\",\"url\":\"http:\\\/\\\/www.pharmacy4pets.nl\\\/\",\"name\":\"Pharmacy4pets\",\"description\":\"Pharmacy4pets.nl is d\u00e9 online apotheek waar u terecht kunt voor alle diergeneesmiddelen, verzorgingsproducten en dieetvoeding voor uw huisdier.\",\"publisher\":{\"@id\":\"http:\\\/\\\/www.pharmacy4pets.nl\\\/#organization\"},\"potentialAction\":[{\"@type\":\"SearchAction\",\"target\":{\"@type\":\"EntryPoint\",\"urlTemplate\":\"http:\\\/\\\/www.pharmacy4pets.nl\\\/?s={search_term_string}\"},\"query-input\":{\"@type\":\"PropertyValueSpecification\",\"valueRequired\":true,\"valueName\":\"search_term_string\"}}],\"inLanguage\":\"nl-NL\"},{\"@type\":\"Organization\",\"@id\":\"http:\\\/\\\/www.pharmacy4pets.nl\\\/#organization\",\"name\":\"Pharmacy4pets\",\"url\":\"http:\\\/\\\/www.pharmacy4pets.nl\\\/\",\"logo\":{\"@type\":\"ImageObject\",\"inLanguage\":\"nl-NL\",\"@id\":\"http:\\\/\\\/www.pharmacy4pets.nl\\\/#\\\/schema\\\/logo\\\/image\\\/\",\"url\":\"https:\\\/\\\/p4p-nl.bootmine.com\\\/wp-content\\\/uploads\\\/2026\\\/03\\\/logo-pharmacy4pets.png\",\"contentUrl\":\"https:\\\/\\\/p4p-nl.bootmine.com\\\/wp-content\\\/uploads\\\/2026\\\/03\\\/logo-pharmacy4pets.png\",\"width\":1024,\"height\":135,\"caption\":\"Pharmacy4pets\"},\"image\":{\"@id\":\"http:\\\/\\\/www.pharmacy4pets.nl\\\/#\\\/schema\\\/logo\\\/image\\\/\"},\"sameAs\":[\"https:\\\/\\\/www.facebook.com\\\/people\\\/Pharmacy4petsnl\\\/100063484989896\\\/\",\"https:\\\/\\\/www.youtube.com\\\/channel\\\/UCGPTIgucgli03tP2_kvLkHg\\\/featured\",\"https:\\\/\\\/www.instagram.com\\\/pharmacy4pets.nl\"]}]}<\/script>\n<!-- \/ Yoast SEO plugin. -->","yoast_head_json":{"title":"Bogadent Plaque-Stop Hond | Poeder","description":"Bogadent Plaque-Stop Hond is een voedingssupplement in de vorm van en gehomogeniseerd poeder. Het wordt gebruikt tegen tandplak, tandsteen en slechte adem.","robots":{"index":"index","follow":"follow","max-snippet":"max-snippet:-1","max-image-preview":"max-image-preview:large","max-video-preview":"max-video-preview:-1"},"canonical":"https:\/\/www.pharmacy4pets.nl\/bogar-bogadent-plaque-stop-dog","og_locale":"nl_NL","og_type":"article","og_title":"Bogadent Plaque-Stop Hond | Poeder","og_description":"Bogadent Plaque-Stop Hond is een voedingssupplement in de vorm van en gehomogeniseerd poeder. Het wordt gebruikt tegen tandplak, tandsteen en slechte adem.","og_url":"https:\/\/www.pharmacy4pets.nl\/bogar-bogadent-plaque-stop-dog","og_site_name":"Pharmacy4pets","article_publisher":"https:\/\/www.facebook.com\/people\/Pharmacy4petsnl\/100063484989896\/","article_modified_time":"2026-03-25T11:57:39+00:00","og_image":[{"width":550,"height":550,"url":"https:\/\/www.pharmacy4pets.nl\/wp-content\/uploads\/2017\/07\/23613.jpg","type":"image\/jpeg"}],"twitter_card":"summary_large_image","twitter_misc":{"Geschatte leestijd":"1 minuut"},"schema":{"@context":"https:\/\/schema.org","@graph":[{"@type":"WebPage","@id":"https:\/\/www.pharmacy4pets.nl\/bogar-bogadent-plaque-stop-dog","url":"https:\/\/www.pharmacy4pets.nl\/bogar-bogadent-plaque-stop-dog","name":"Bogadent Plaque-Stop Hond | Poeder","isPartOf":{"@id":"http:\/\/www.pharmacy4pets.nl\/#website"},"primaryImageOfPage":{"@id":"https:\/\/www.pharmacy4pets.nl\/bogar-bogadent-plaque-stop-dog#primaryimage"},"image":{"@id":"https:\/\/www.pharmacy4pets.nl\/bogar-bogadent-plaque-stop-dog#primaryimage"},"thumbnailUrl":"https:\/\/www.pharmacy4pets.nl\/wp-content\/uploads\/2017\/07\/23613.jpg","datePublished":"2017-07-12T08:33:59+00:00","dateModified":"2026-03-25T11:57:39+00:00","description":"Bogadent Plaque-Stop Hond is een voedingssupplement in de vorm van en gehomogeniseerd poeder. Het wordt gebruikt tegen tandplak, tandsteen en slechte adem.","breadcrumb":{"@id":"https:\/\/www.pharmacy4pets.nl\/bogar-bogadent-plaque-stop-dog#breadcrumb"},"inLanguage":"nl-NL","potentialAction":[{"@type":"ReadAction","target":["https:\/\/www.pharmacy4pets.nl\/bogar-bogadent-plaque-stop-dog"]}]},{"@type":"ImageObject","inLanguage":"nl-NL","@id":"https:\/\/www.pharmacy4pets.nl\/bogar-bogadent-plaque-stop-dog#primaryimage","url":"https:\/\/www.pharmacy4pets.nl\/wp-content\/uploads\/2017\/07\/23613.jpg","contentUrl":"https:\/\/www.pharmacy4pets.nl\/wp-content\/uploads\/2017\/07\/23613.jpg","width":550,"height":550,"caption":"Bogadent"},{"@type":"BreadcrumbList","@id":"https:\/\/www.pharmacy4pets.nl\/bogar-bogadent-plaque-stop-dog#breadcrumb","itemListElement":[{"@type":"ListItem","position":1,"name":"Home","item":"https:\/\/p4p-nl.bootmine.com\/"},{"@type":"ListItem","position":2,"name":"Winkel","item":"https:\/\/p4p-nl.bootmine.com\/winkel"},{"@type":"ListItem","position":3,"name":"Bogadent Plaque-Stop | Hond | 70 gr"}]},{"@type":"WebSite","@id":"http:\/\/www.pharmacy4pets.nl\/#website","url":"http:\/\/www.pharmacy4pets.nl\/","name":"Pharmacy4pets","description":"Pharmacy4pets.nl is d\u00e9 online apotheek waar u terecht kunt voor alle diergeneesmiddelen, verzorgingsproducten en dieetvoeding voor uw huisdier.","publisher":{"@id":"http:\/\/www.pharmacy4pets.nl\/#organization"},"potentialAction":[{"@type":"SearchAction","target":{"@type":"EntryPoint","urlTemplate":"http:\/\/www.pharmacy4pets.nl\/?s={search_term_string}"},"query-input":{"@type":"PropertyValueSpecification","valueRequired":true,"valueName":"search_term_string"}}],"inLanguage":"nl-NL"},{"@type":"Organization","@id":"http:\/\/www.pharmacy4pets.nl\/#organization","name":"Pharmacy4pets","url":"http:\/\/www.pharmacy4pets.nl\/","logo":{"@type":"ImageObject","inLanguage":"nl-NL","@id":"http:\/\/www.pharmacy4pets.nl\/#\/schema\/logo\/image\/","url":"https:\/\/p4p-nl.bootmine.com\/wp-content\/uploads\/2026\/03\/logo-pharmacy4pets.png","contentUrl":"https:\/\/p4p-nl.bootmine.com\/wp-content\/uploads\/2026\/03\/logo-pharmacy4pets.png","width":1024,"height":135,"caption":"Pharmacy4pets"},"image":{"@id":"http:\/\/www.pharmacy4pets.nl\/#\/schema\/logo\/image\/"},"sameAs":["https:\/\/www.facebook.com\/people\/Pharmacy4petsnl\/100063484989896\/","https:\/\/www.youtube.com\/channel\/UCGPTIgucgli03tP2_kvLkHg\/featured","https:\/\/www.instagram.com\/pharmacy4pets.nl"]}]}},"market_data":{"nl":{"price":0,"sale_price":0,"active":false,"url":null,"parent_url":"","tax_rate":0,"price_inc_tax":0,"sale_price_inc_tax":0},"de":{"price":0,"sale_price":0,"active":false,"url":null,"parent_url":"","tax_rate":0,"price_inc_tax":0,"sale_price_inc_tax":0},"be":{"price":0,"sale_price":0,"active":false,"url":null,"parent_url":"","tax_rate":0,"price_inc_tax":0,"sale_price_inc_tax":0},"fr":{"price":0,"sale_price":0,"active":false,"url":null,"parent_url":"","tax_rate":0,"price_inc_tax":0,"sale_price_inc_tax":0},"ch":{"price":0,"sale_price":0,"active":false,"url":null,"parent_url":"","tax_rate":0,"price_inc_tax":0,"sale_price_inc_tax":0},"at":{"price":0,"sale_price":0,"active":false,"url":null,"parent_url":"","tax_rate":0,"price_inc_tax":0,"sale_price_inc_tax":0},"es":{"price":0,"sale_price":0,"active":false,"url":null,"parent_url":"","tax_rate":0,"price_inc_tax":0,"sale_price_inc_tax":0},"dk":{"price":0,"sale_price":0,"active":false,"url":null,"parent_url":"","tax_rate":0,"price_inc_tax":0,"sale_price_inc_tax":0},"com":{"price":0,"sale_price":0,"active":false,"url":null,"parent_url":"","tax_rate":0,"price_inc_tax":0,"sale_price_inc_tax":0}},"market_nl_price":0,"market_nl_sale_price":0,"market_nl_active":false,"market_nl_url":null,"market_nl_parent_url":"","market_nl_tax_rate":0,"market_nl_price_inc_tax":0,"market_nl_sale_price_inc_tax":0,"market_de_price":0,"market_de_sale_price":0,"market_de_active":false,"market_de_url":null,"market_de_parent_url":"","market_de_tax_rate":0,"market_de_price_inc_tax":0,"market_de_sale_price_inc_tax":0,"market_be_price":0,"market_be_sale_price":0,"market_be_active":false,"market_be_url":null,"market_be_parent_url":"","market_be_tax_rate":0,"market_be_price_inc_tax":0,"market_be_sale_price_inc_tax":0,"market_fr_price":0,"market_fr_sale_price":0,"market_fr_active":false,"market_fr_url":null,"market_fr_parent_url":"","market_fr_tax_rate":0,"market_fr_price_inc_tax":0,"market_fr_sale_price_inc_tax":0,"market_ch_price":0,"market_ch_sale_price":0,"market_ch_active":false,"market_ch_url":null,"market_ch_parent_url":"","market_ch_tax_rate":0,"market_ch_price_inc_tax":0,"market_ch_sale_price_inc_tax":0,"market_at_price":0,"market_at_sale_price":0,"market_at_active":false,"market_at_url":null,"market_at_parent_url":"","market_at_tax_rate":0,"market_at_price_inc_tax":0,"market_at_sale_price_inc_tax":0,"market_es_price":0,"market_es_sale_price":0,"market_es_active":false,"market_es_url":null,"market_es_parent_url":"","market_es_tax_rate":0,"market_es_price_inc_tax":0,"market_es_sale_price_inc_tax":0,"market_dk_price":0,"market_dk_sale_price":0,"market_dk_active":false,"market_dk_url":null,"market_dk_parent_url":"","market_dk_tax_rate":0,"market_dk_price_inc_tax":0,"market_dk_sale_price_inc_tax":0,"market_com_price":0,"market_com_sale_price":0,"market_com_active":false,"market_com_url":null,"market_com_parent_url":"","market_com_tax_rate":0,"market_com_price_inc_tax":0,"market_com_sale_price_inc_tax":0,"acf":[],"_links":{"self":[{"href":"https:\/\/www.pharmacy4pets.nl\/be\/wp-json\/wp\/v2\/product\/118276","targetHints":{"allow":["GET"]}}],"collection":[{"href":"https:\/\/www.pharmacy4pets.nl\/be\/wp-json\/wp\/v2\/product"}],"about":[{"href":"https:\/\/www.pharmacy4pets.nl\/be\/wp-json\/wp\/v2\/types\/product"}],"replies":[{"embeddable":true,"href":"https:\/\/www.pharmacy4pets.nl\/be\/wp-json\/wp\/v2\/comments?post=118276"}],"wp:featuredmedia":[{"embeddable":true,"href":"https:\/\/www.pharmacy4pets.nl\/be\/wp-json\/wp\/v2\/media\/118273"}],"wp:attachment":[{"href":"https:\/\/www.pharmacy4pets.nl\/be\/wp-json\/wp\/v2\/media?parent=118276"}],"wp:term":[{"taxonomy":"product_brand","embeddable":true,"href":"https:\/\/www.pharmacy4pets.nl\/be\/wp-json\/wp\/v2\/product_brand?post=118276"},{"taxonomy":"product_cat","embeddable":true,"href":"https:\/\/www.pharmacy4pets.nl\/be\/wp-json\/wp\/v2\/product_cat?post=118276"},{"taxonomy":"product_tag","embeddable":true,"href":"https:\/\/www.pharmacy4pets.nl\/be\/wp-json\/wp\/v2\/product_tag?post=118276"}],"curies":[{"name":"wp","href":"https:\/\/api.w.org\/{rel}","templated":true}]}}