{"id":118268,"date":"2017-07-12T08:16:29","date_gmt":"2017-07-12T08:16:29","guid":{"rendered":"https:\/\/p4p.test\/bogar-bogadent-plaque-stop-sticks-dog"},"modified":"2026-03-25T11:57:38","modified_gmt":"2026-03-25T11:57:38","slug":"bogar-bogadent-plaque-stop-sticks-dog","status":"publish","type":"product","link":"https:\/\/www.pharmacy4pets.nl\/be\/bogar-bogadent-plaque-stop-sticks-dog","title":{"rendered":"Bogadent Plaque-Stop Sticks | Hond"},"content":{"rendered":"<p>Bogadent Plaque-Stop Sticks Hond van Bogar zijn smakelijke en functionele kauwsticks die de vorming van tandplak en tandsteen actief voorkomen. Het nieuw ontwikkelde plaque-stop complex met speciaal zeewier en zalm-olie wordt preventief gebruikt tegen tandplak en tandsteen. Het plaque-stop complex is op een innovatieve en zorgvuldige manier direct aangebracht op runderhuid strips. De sticks hebben een actieve werking via het bloed, de speekselklieren en de mondflora en traint tegelijkertijd de kauwspieren. 100% natuurlijk.<\/p>\n<p>De Bogadent Plaque-Stop Sticks Hond zijn verkrijgbaar in de volgende varianten:<br \/>&#8211;\u00a0\u00a0\u00a0\u00a0\u00a0\u00a0\u00a0\u00a0\u00a0 Bogadent Plaque-Stop Sticks Medium Hond 100gr<br \/>&#8211;\u00a0\u00a0\u00a0\u00a0\u00a0\u00a0\u00a0\u00a0\u00a0 Bogadent Plaque-Stop Sticks Mini Hond 100 gr<\/p>\n<p><span style=\"text-decoration: underline;\">Toediening:<br \/><\/span>Dagelijks 1 \u00e0 2 Plaque-Stop Sticks tussen de maaltijd door, zorg voor voldoende vers drinkwater.<\/p>\n<p><span style=\"text-decoration: underline;\">Dosering:<br \/><\/span>&#8211;<\/p>\n<p><span style=\"text-decoration: underline;\">Verpakking:<br \/><\/span>100 gram.<\/p>\n","protected":false},"excerpt":{"rendered":"<p>Bogadent Plaque-Stop Sticks Hond van Bogar zijn smakelijke en functionele kauwsticks die de vorming van tandplak en tandsteen actief voorkomen. Het nieuw ontwikkelde plaque-stop complex met speciaal zeewier en zalm-olie wordt preventief gebruikt tegen tandplak en tandsteen. Het plaque-stop complex is op een innovatieve en zorgvuldige manier direct aangebracht op runderhuid strips. De sticks hebben [&hellip;]<\/p>\n","protected":false},"featured_media":118265,"comment_status":"open","ping_status":"closed","template":"","meta":{"_acf_changed":false,"_nl_post_content":"<p>Bogadent Plaque-Stop Sticks Hond van Bogar zijn smakelijke en functionele kauwsticks die de vorming van tandplak en tandsteen actief voorkomen. Het nieuw ontwikkelde plaque-stop complex met speciaal zeewier en zalm-olie wordt preventief gebruikt tegen tandplak en tandsteen. Het plaque-stop complex is op een innovatieve en zorgvuldige manier direct aangebracht op runderhuid strips. De sticks hebben een actieve werking via het bloed, de speekselklieren en de mondflora en traint tegelijkertijd de kauwspieren. 100% natuurlijk.<\/p>\r\n<p>De Bogadent Plaque-Stop Sticks Hond zijn verkrijgbaar in de volgende varianten:<br \/>-\u00a0\u00a0\u00a0\u00a0\u00a0\u00a0\u00a0\u00a0\u00a0 Bogadent Plaque-Stop Sticks Medium Hond 100gr<br \/>-\u00a0\u00a0\u00a0\u00a0\u00a0\u00a0\u00a0\u00a0\u00a0 Bogadent Plaque-Stop Sticks Mini Hond 100 gr<\/p>\r\n<p><span style=\"text-decoration: underline;\">Toediening:<br \/><\/span>Dagelijks 1 \u00e0 2 Plaque-Stop Sticks tussen de maaltijd door, zorg voor voldoende vers drinkwater.<\/p>\r\n<p><span style=\"text-decoration: underline;\">Dosering:<br \/><\/span>-<\/p>\r\n<p><span style=\"text-decoration: underline;\">Verpakking:<br \/><\/span>100 gram.<\/p>","_nl_post_name":"bogar-bogadent-plaque-stop-sticks-dog","_nl_post_excerpt":"","_nl_post_title":"Bogadent Plaque-Stop Sticks | Hond","_en_post_content":"<p>Bogadent Plaque-Stop Sticks Dog from Bogar are a tasty and functional chewing snack that actively prevents the formation of plaque and tartar. Made from seaweed and salmon oil, the newly developed Plaque-Stop complex is used to prevent plaque and tartar. The complex is applied directly to rawhide strips in a gentle an innovative process. Active effect via blood, salivary glands and mouth flora. 100% natural.&nbsp;<\/p>\r\n<p>The Bogadent Plaque-Stop Sticks are available in the following types:<br \/>-&nbsp;&nbsp;&nbsp;&nbsp;&nbsp;&nbsp;&nbsp;&nbsp;&nbsp; Bogadent Plaque-Stop Sticks Medium Dog 100gr<br \/>-&nbsp;&nbsp;&nbsp;&nbsp;&nbsp;&nbsp;&nbsp;&nbsp;&nbsp; Bogadent Plaque-Stop Sticks Mini Dog 100gr<\/p>\r\n<p><span style=\"text-decoration: underline;\">Administration:<br \/><\/span>1-2 Bogadent Plaque-Stop Sticks daily between meals. Always make sure there is sufficient supply of fresh drinking water.<\/p>\r\n<p><span style=\"text-decoration: underline;\">Dosage:<br \/><\/span>-<\/p>\r\n<p><span style=\"text-decoration: underline;\">Package:<br \/><\/span>100 grams<\/p>","_en_post_name":"bogar-bogadent-plaque-stop-sticks-dog","_en_post_excerpt":"","_en_post_title":"Bogadent Plaque-Stop Sticks | Dog","_de_post_content":"<p>Bogadent Plaque-Stop Sticks Hund von Bogar sind die ideale L&ouml;sung, Zahnpflege und Kauvergn&uuml;gen zu verbinden. Sie sch&uuml;tzt vor Plaque- und Zahnsteinbildung und kann Zahnfleischirritationen vorbeugen. Die besonders schmackhafte Rinderhaut der Plaque-Stop Sticks reinigt die Z&auml;hne zus&auml;tzlich beim genussvollen Kauen. Wirkung &uuml;ber Blut, Speicheldr&uuml;sen und Mundflora und Trainiert die Kaumuskulatur. 100% nat&uuml;rlich.<\/p>\r\n<p>Die Bogadent Plaque-Stop Sticks ist in den folgenden Varianten:<br \/>-&nbsp;&nbsp;&nbsp;&nbsp;&nbsp;&nbsp;&nbsp;&nbsp;&nbsp; Bogadent Plaque-Stop Sticks Medium Hund 100gr<br \/>-&nbsp;&nbsp;&nbsp;&nbsp;&nbsp;&nbsp;&nbsp;&nbsp;&nbsp; Bogadent Plaque-Stop Sticks Mini Hund 100gr<\/p>\r\n<p><span style=\"text-decoration: underline;\">Anwendung:<br \/><\/span>1-2 Bogadent Plaque-Stop Sticks t&auml;glich zwischen den Mahlzeiten. Stellen Sie stets gen&uuml;gend frisches Trinkwasser bereit.<\/p>\r\n<p><span style=\"text-decoration: underline;\">Dosierung:<br \/><\/span>-<\/p>\r\n<p><span style=\"text-decoration: underline;\">Verpackung:<br \/><\/span>100 Gramm<\/p>","_de_post_name":"bogar-bogadent-plaque-stop-sticks-dog","_de_post_excerpt":"","_de_post_title":"Bogadent Plaque-Stop Sticks | Hund","_fr_post_content":"<p>Les b\u00e2tonnets \u00e0 m\u00e2cher Bogadent Plaque-Stop Sticks Dog de Bogar sont des b\u00e2tonnets \u00e0 m\u00e2cher savoureux et fonctionnels qui pr\u00e9viennent activement la formation de la plaque et du tartre. Le complexe anti-tartre nouvellement d\u00e9velopp\u00e9 \u00e0 base d'algues et d'huile de saumon est utilis\u00e9 \u00e0 titre pr\u00e9ventif contre la plaque dentaire et le tartre. Le complexe plaque-stop est appliqu\u00e9 directement sur les bandes de cuir brut d'une mani\u00e8re innovante et soign\u00e9e. Les b\u00e2tonnets ont une action active sur le sang, les glandes salivaires et la flore buccale et entra\u00eenent simultan\u00e9ment les muscles masticateurs. 100% naturel.<\/p>\r\n<p>Les b\u00e2tonnets antiplaques Bogadent pour chiens sont disponibles dans les vari\u00e9t\u00e9s suivantes :<br \/>- Bogadent Plaque-Stop Sticks Medium Dog 100gr<br \/>- Bogadent Plaque-Stop Sticks Mini Dog 100gr<\/p>\r\n<p>Administration :<br \/>1 \u00e0 2 b\u00e2tonnets Plaque-Stop par jour entre les repas, veiller \u00e0 boire beaucoup d'eau fra\u00eeche.<\/p>\r\n<p>Dosage :<br \/>-<\/p>\r\n<p>Emballage :<br \/>100 g.<\/p>","_fr_post_name":"bogar-bogadent-plaque-stop-sticks-chien","_fr_post_excerpt":"","_fr_post_title":"Bogadent Plaque-Stop Sticks | Chien ","_es_post_content":"<p>Bogadent Plaque-Stop Sticks para perros de Bogar son sabrosos y funcionales sticks masticables que previenen activamente la formaci\u00f3n de placa y sarro. El complejo recientemente desarrollado para detener la placa con algas marinas especiales y aceite de salm\u00f3n se usa de forma preventiva contra la placa y el sarro. El complejo placa-stop se aplica directamente sobre las tiras de cuero crudo de una manera innovadora y cuidadosa. Los sticks tienen un efecto activo a trav\u00e9s de la sangre, las gl\u00e1ndulas salivales y la flora oral y al mismo tiempo entrenan los m\u00fasculos de la masticaci\u00f3n. 100% natural.<\/p>\r\n<p>Los Bogadent Plaque-Stop Sticks para perros est\u00e1n disponibles en las siguientes variantes:<\/p>\r\n<ul>\r\n<li>Bogadent Plaque-Stop Sticks Medium para perros medianos 100 gramos<\/li>\r\n<li>Bogadent Plaque-Stop Sticks Mini para perros peque\u00f1os 100 gramos<\/li>\r\n<\/ul>\r\n<p><span style=\"text-decoration: underline;\">Administraci\u00f3n:<\/span><br \/>1 a 2 Plaque-Stop Sticks diariamente entre comidas, aseg\u00farese de tener suficiente agua potable fresca.<\/p>\r\n<p><span style=\"text-decoration: underline;\">Dosis:<\/span><br \/>-<\/p>\r\n<p><span style=\"text-decoration: underline;\">Embalaje:<\/span><br \/>100 gramos.<\/p>","_es_post_name":"bogar-bogadent-plaque-stop-sticks-perros","_es_post_excerpt":"","_es_post_title":"Bogadent Plaque-Stop Sticks | Perros","edit_language":"nl"},"product_brand":[],"product_cat":[2029,1842,1117,1839,1857],"product_tag":[],"class_list":{"0":"post-118268","1":"product","2":"type-product","3":"status-publish","4":"has-post-thumbnail","6":"product_cat-bogadent","7":"product_cat-gebit","8":"product_cat-honden","9":"product_cat-medicijnen-supplementen","10":"product_cat-merken","11":"pa_aandoening-gebit","12":"pa_doeldier-hond","13":"pa_fabricatieland-zwitserland","14":"pa_merkfilter-bogadent","15":"pa_merkgroep-bogar","16":"pa_productsoort-voeding","17":"pa_seo_canonical_store_id-not_found_value","18":"pa_seo_category-not_found_value","19":"pa_seo_meta_robots-not_found_value","20":"pa_toedieningswijze-kauwstrips","21":"pa_werkzamestof-overig","23":"first","24":"instock","25":"taxable","26":"shipping-taxable","27":"product-type-grouped"},"yoast_head":"<!-- This site is optimized with the Yoast SEO plugin v27.5 - https:\/\/yoast.com\/product\/yoast-seo-wordpress\/ -->\n<title>Bogadent Plaque-Stop Sticks Hond - Kauwsticks Hond<\/title>\n<meta name=\"description\" content=\"Bogadent Plaque-Stop Sticks Hond van Bogar zijn smakelijke en functionele kauwsticks die de vorming van tandplak en tandsteen actief voorkomen.\" \/>\n<meta name=\"robots\" content=\"index, follow, max-snippet:-1, max-image-preview:large, max-video-preview:-1\" \/>\n<link rel=\"canonical\" href=\"https:\/\/p4p-nl.bootmine.com\/%product-slug%\/bogar-bogadent-plaque-stop-sticks-dog\" \/>\n<meta property=\"og:locale\" content=\"nl_NL\" \/>\n<meta property=\"og:type\" content=\"article\" \/>\n<meta property=\"og:title\" content=\"Bogadent Plaque-Stop Sticks Hond - Kauwsticks Hond\" \/>\n<meta property=\"og:description\" content=\"Bogadent Plaque-Stop Sticks Hond van Bogar zijn smakelijke en functionele kauwsticks die de vorming van tandplak en tandsteen actief voorkomen.\" \/>\n<meta property=\"og:url\" content=\"https:\/\/p4p-nl.bootmine.com\/%product-slug%\/bogar-bogadent-plaque-stop-sticks-dog\" \/>\n<meta property=\"og:site_name\" content=\"Pharmacy4pets\" \/>\n<meta property=\"article:publisher\" content=\"https:\/\/www.facebook.com\/people\/Pharmacy4petsnl\/100063484989896\/\" \/>\n<meta property=\"article:modified_time\" content=\"2026-03-25T11:57:38+00:00\" \/>\n<meta property=\"og:image\" content=\"https:\/\/p4p-nl.bootmine.com\/wp-content\/uploads\/2017\/07\/99261.jpg\" \/>\n\t<meta property=\"og:image:width\" content=\"310\" \/>\n\t<meta property=\"og:image:height\" content=\"310\" \/>\n\t<meta property=\"og:image:type\" content=\"image\/jpeg\" \/>\n<meta name=\"twitter:card\" content=\"summary_large_image\" \/>\n<meta name=\"twitter:label1\" content=\"Geschatte leestijd\" \/>\n\t<meta name=\"twitter:data1\" content=\"1 minuut\" \/>\n<script type=\"application\/ld+json\" class=\"yoast-schema-graph\">{\"@context\":\"https:\\\/\\\/schema.org\",\"@graph\":[{\"@type\":\"WebPage\",\"@id\":\"https:\\\/\\\/p4p-nl.bootmine.com\\\/%product-slug%\\\/bogar-bogadent-plaque-stop-sticks-dog\",\"url\":\"https:\\\/\\\/p4p-nl.bootmine.com\\\/%product-slug%\\\/bogar-bogadent-plaque-stop-sticks-dog\",\"name\":\"Bogadent Plaque-Stop Sticks Hond - Kauwsticks Hond\",\"isPartOf\":{\"@id\":\"http:\\\/\\\/www.pharmacy4pets.nl\\\/#website\"},\"primaryImageOfPage\":{\"@id\":\"https:\\\/\\\/p4p-nl.bootmine.com\\\/%product-slug%\\\/bogar-bogadent-plaque-stop-sticks-dog#primaryimage\"},\"image\":{\"@id\":\"https:\\\/\\\/p4p-nl.bootmine.com\\\/%product-slug%\\\/bogar-bogadent-plaque-stop-sticks-dog#primaryimage\"},\"thumbnailUrl\":\"https:\\\/\\\/www.pharmacy4pets.nl\\\/wp-content\\\/uploads\\\/2017\\\/07\\\/99261.jpg\",\"datePublished\":\"2017-07-12T08:16:29+00:00\",\"dateModified\":\"2026-03-25T11:57:38+00:00\",\"description\":\"Bogadent Plaque-Stop Sticks Hond van Bogar zijn smakelijke en functionele kauwsticks die de vorming van tandplak en tandsteen actief voorkomen.\",\"breadcrumb\":{\"@id\":\"https:\\\/\\\/p4p-nl.bootmine.com\\\/%product-slug%\\\/bogar-bogadent-plaque-stop-sticks-dog#breadcrumb\"},\"inLanguage\":\"nl-NL\",\"potentialAction\":[{\"@type\":\"ReadAction\",\"target\":[\"https:\\\/\\\/p4p-nl.bootmine.com\\\/%product-slug%\\\/bogar-bogadent-plaque-stop-sticks-dog\"]}]},{\"@type\":\"ImageObject\",\"inLanguage\":\"nl-NL\",\"@id\":\"https:\\\/\\\/p4p-nl.bootmine.com\\\/%product-slug%\\\/bogar-bogadent-plaque-stop-sticks-dog#primaryimage\",\"url\":\"https:\\\/\\\/www.pharmacy4pets.nl\\\/wp-content\\\/uploads\\\/2017\\\/07\\\/99261.jpg\",\"contentUrl\":\"https:\\\/\\\/www.pharmacy4pets.nl\\\/wp-content\\\/uploads\\\/2017\\\/07\\\/99261.jpg\",\"width\":310,\"height\":310,\"caption\":\"Bogadent\"},{\"@type\":\"BreadcrumbList\",\"@id\":\"https:\\\/\\\/p4p-nl.bootmine.com\\\/%product-slug%\\\/bogar-bogadent-plaque-stop-sticks-dog#breadcrumb\",\"itemListElement\":[{\"@type\":\"ListItem\",\"position\":1,\"name\":\"Home\",\"item\":\"https:\\\/\\\/p4p-nl.bootmine.com\\\/\"},{\"@type\":\"ListItem\",\"position\":2,\"name\":\"Winkel\",\"item\":\"https:\\\/\\\/p4p-nl.bootmine.com\\\/winkel\"},{\"@type\":\"ListItem\",\"position\":3,\"name\":\"Bogadent Plaque-Stop Sticks | Hond\"}]},{\"@type\":\"WebSite\",\"@id\":\"http:\\\/\\\/www.pharmacy4pets.nl\\\/#website\",\"url\":\"http:\\\/\\\/www.pharmacy4pets.nl\\\/\",\"name\":\"Pharmacy4pets\",\"description\":\"Pharmacy4pets.nl is d\u00e9 online apotheek waar u terecht kunt voor alle diergeneesmiddelen, verzorgingsproducten en dieetvoeding voor uw huisdier.\",\"publisher\":{\"@id\":\"http:\\\/\\\/www.pharmacy4pets.nl\\\/#organization\"},\"potentialAction\":[{\"@type\":\"SearchAction\",\"target\":{\"@type\":\"EntryPoint\",\"urlTemplate\":\"http:\\\/\\\/www.pharmacy4pets.nl\\\/?s={search_term_string}\"},\"query-input\":{\"@type\":\"PropertyValueSpecification\",\"valueRequired\":true,\"valueName\":\"search_term_string\"}}],\"inLanguage\":\"nl-NL\"},{\"@type\":\"Organization\",\"@id\":\"http:\\\/\\\/www.pharmacy4pets.nl\\\/#organization\",\"name\":\"Pharmacy4pets\",\"url\":\"http:\\\/\\\/www.pharmacy4pets.nl\\\/\",\"logo\":{\"@type\":\"ImageObject\",\"inLanguage\":\"nl-NL\",\"@id\":\"http:\\\/\\\/www.pharmacy4pets.nl\\\/#\\\/schema\\\/logo\\\/image\\\/\",\"url\":\"https:\\\/\\\/p4p-nl.bootmine.com\\\/wp-content\\\/uploads\\\/2026\\\/03\\\/logo-pharmacy4pets.png\",\"contentUrl\":\"https:\\\/\\\/p4p-nl.bootmine.com\\\/wp-content\\\/uploads\\\/2026\\\/03\\\/logo-pharmacy4pets.png\",\"width\":1024,\"height\":135,\"caption\":\"Pharmacy4pets\"},\"image\":{\"@id\":\"http:\\\/\\\/www.pharmacy4pets.nl\\\/#\\\/schema\\\/logo\\\/image\\\/\"},\"sameAs\":[\"https:\\\/\\\/www.facebook.com\\\/people\\\/Pharmacy4petsnl\\\/100063484989896\\\/\",\"https:\\\/\\\/www.youtube.com\\\/channel\\\/UCGPTIgucgli03tP2_kvLkHg\\\/featured\",\"https:\\\/\\\/www.instagram.com\\\/pharmacy4pets.nl\"]}]}<\/script>\n<!-- \/ Yoast SEO plugin. -->","yoast_head_json":{"title":"Bogadent Plaque-Stop Sticks Hond - Kauwsticks Hond","description":"Bogadent Plaque-Stop Sticks Hond van Bogar zijn smakelijke en functionele kauwsticks die de vorming van tandplak en tandsteen actief voorkomen.","robots":{"index":"index","follow":"follow","max-snippet":"max-snippet:-1","max-image-preview":"max-image-preview:large","max-video-preview":"max-video-preview:-1"},"canonical":"https:\/\/p4p-nl.bootmine.com\/%product-slug%\/bogar-bogadent-plaque-stop-sticks-dog","og_locale":"nl_NL","og_type":"article","og_title":"Bogadent Plaque-Stop Sticks Hond - Kauwsticks Hond","og_description":"Bogadent Plaque-Stop Sticks Hond van Bogar zijn smakelijke en functionele kauwsticks die de vorming van tandplak en tandsteen actief voorkomen.","og_url":"https:\/\/p4p-nl.bootmine.com\/%product-slug%\/bogar-bogadent-plaque-stop-sticks-dog","og_site_name":"Pharmacy4pets","article_publisher":"https:\/\/www.facebook.com\/people\/Pharmacy4petsnl\/100063484989896\/","article_modified_time":"2026-03-25T11:57:38+00:00","og_image":[{"width":310,"height":310,"url":"https:\/\/p4p-nl.bootmine.com\/wp-content\/uploads\/2017\/07\/99261.jpg","type":"image\/jpeg"}],"twitter_card":"summary_large_image","twitter_misc":{"Geschatte leestijd":"1 minuut"},"schema":{"@context":"https:\/\/schema.org","@graph":[{"@type":"WebPage","@id":"https:\/\/p4p-nl.bootmine.com\/%product-slug%\/bogar-bogadent-plaque-stop-sticks-dog","url":"https:\/\/p4p-nl.bootmine.com\/%product-slug%\/bogar-bogadent-plaque-stop-sticks-dog","name":"Bogadent Plaque-Stop Sticks Hond - Kauwsticks Hond","isPartOf":{"@id":"http:\/\/www.pharmacy4pets.nl\/#website"},"primaryImageOfPage":{"@id":"https:\/\/p4p-nl.bootmine.com\/%product-slug%\/bogar-bogadent-plaque-stop-sticks-dog#primaryimage"},"image":{"@id":"https:\/\/p4p-nl.bootmine.com\/%product-slug%\/bogar-bogadent-plaque-stop-sticks-dog#primaryimage"},"thumbnailUrl":"https:\/\/www.pharmacy4pets.nl\/wp-content\/uploads\/2017\/07\/99261.jpg","datePublished":"2017-07-12T08:16:29+00:00","dateModified":"2026-03-25T11:57:38+00:00","description":"Bogadent Plaque-Stop Sticks Hond van Bogar zijn smakelijke en functionele kauwsticks die de vorming van tandplak en tandsteen actief voorkomen.","breadcrumb":{"@id":"https:\/\/p4p-nl.bootmine.com\/%product-slug%\/bogar-bogadent-plaque-stop-sticks-dog#breadcrumb"},"inLanguage":"nl-NL","potentialAction":[{"@type":"ReadAction","target":["https:\/\/p4p-nl.bootmine.com\/%product-slug%\/bogar-bogadent-plaque-stop-sticks-dog"]}]},{"@type":"ImageObject","inLanguage":"nl-NL","@id":"https:\/\/p4p-nl.bootmine.com\/%product-slug%\/bogar-bogadent-plaque-stop-sticks-dog#primaryimage","url":"https:\/\/www.pharmacy4pets.nl\/wp-content\/uploads\/2017\/07\/99261.jpg","contentUrl":"https:\/\/www.pharmacy4pets.nl\/wp-content\/uploads\/2017\/07\/99261.jpg","width":310,"height":310,"caption":"Bogadent"},{"@type":"BreadcrumbList","@id":"https:\/\/p4p-nl.bootmine.com\/%product-slug%\/bogar-bogadent-plaque-stop-sticks-dog#breadcrumb","itemListElement":[{"@type":"ListItem","position":1,"name":"Home","item":"https:\/\/p4p-nl.bootmine.com\/"},{"@type":"ListItem","position":2,"name":"Winkel","item":"https:\/\/p4p-nl.bootmine.com\/winkel"},{"@type":"ListItem","position":3,"name":"Bogadent Plaque-Stop Sticks | Hond"}]},{"@type":"WebSite","@id":"http:\/\/www.pharmacy4pets.nl\/#website","url":"http:\/\/www.pharmacy4pets.nl\/","name":"Pharmacy4pets","description":"Pharmacy4pets.nl is d\u00e9 online apotheek waar u terecht kunt voor alle diergeneesmiddelen, verzorgingsproducten en dieetvoeding voor uw huisdier.","publisher":{"@id":"http:\/\/www.pharmacy4pets.nl\/#organization"},"potentialAction":[{"@type":"SearchAction","target":{"@type":"EntryPoint","urlTemplate":"http:\/\/www.pharmacy4pets.nl\/?s={search_term_string}"},"query-input":{"@type":"PropertyValueSpecification","valueRequired":true,"valueName":"search_term_string"}}],"inLanguage":"nl-NL"},{"@type":"Organization","@id":"http:\/\/www.pharmacy4pets.nl\/#organization","name":"Pharmacy4pets","url":"http:\/\/www.pharmacy4pets.nl\/","logo":{"@type":"ImageObject","inLanguage":"nl-NL","@id":"http:\/\/www.pharmacy4pets.nl\/#\/schema\/logo\/image\/","url":"https:\/\/p4p-nl.bootmine.com\/wp-content\/uploads\/2026\/03\/logo-pharmacy4pets.png","contentUrl":"https:\/\/p4p-nl.bootmine.com\/wp-content\/uploads\/2026\/03\/logo-pharmacy4pets.png","width":1024,"height":135,"caption":"Pharmacy4pets"},"image":{"@id":"http:\/\/www.pharmacy4pets.nl\/#\/schema\/logo\/image\/"},"sameAs":["https:\/\/www.facebook.com\/people\/Pharmacy4petsnl\/100063484989896\/","https:\/\/www.youtube.com\/channel\/UCGPTIgucgli03tP2_kvLkHg\/featured","https:\/\/www.instagram.com\/pharmacy4pets.nl"]}]}},"market_data":{"nl":{"price":0,"sale_price":0,"active":false,"url":null,"parent_url":"","tax_rate":0,"price_inc_tax":0,"sale_price_inc_tax":0},"de":{"price":0,"sale_price":0,"active":false,"url":null,"parent_url":"","tax_rate":0,"price_inc_tax":0,"sale_price_inc_tax":0},"be":{"price":0,"sale_price":0,"active":false,"url":null,"parent_url":"","tax_rate":0,"price_inc_tax":0,"sale_price_inc_tax":0},"fr":{"price":0,"sale_price":0,"active":false,"url":null,"parent_url":"","tax_rate":0,"price_inc_tax":0,"sale_price_inc_tax":0},"ch":{"price":0,"sale_price":0,"active":false,"url":null,"parent_url":"","tax_rate":0,"price_inc_tax":0,"sale_price_inc_tax":0},"at":{"price":0,"sale_price":0,"active":false,"url":null,"parent_url":"","tax_rate":0,"price_inc_tax":0,"sale_price_inc_tax":0},"es":{"price":0,"sale_price":0,"active":false,"url":null,"parent_url":"","tax_rate":0,"price_inc_tax":0,"sale_price_inc_tax":0},"dk":{"price":0,"sale_price":0,"active":false,"url":null,"parent_url":"","tax_rate":0,"price_inc_tax":0,"sale_price_inc_tax":0},"com":{"price":0,"sale_price":0,"active":false,"url":null,"parent_url":"","tax_rate":0,"price_inc_tax":0,"sale_price_inc_tax":0}},"market_nl_price":0,"market_nl_sale_price":0,"market_nl_active":false,"market_nl_url":null,"market_nl_parent_url":"","market_nl_tax_rate":0,"market_nl_price_inc_tax":0,"market_nl_sale_price_inc_tax":0,"market_de_price":0,"market_de_sale_price":0,"market_de_active":false,"market_de_url":null,"market_de_parent_url":"","market_de_tax_rate":0,"market_de_price_inc_tax":0,"market_de_sale_price_inc_tax":0,"market_be_price":0,"market_be_sale_price":0,"market_be_active":false,"market_be_url":null,"market_be_parent_url":"","market_be_tax_rate":0,"market_be_price_inc_tax":0,"market_be_sale_price_inc_tax":0,"market_fr_price":0,"market_fr_sale_price":0,"market_fr_active":false,"market_fr_url":null,"market_fr_parent_url":"","market_fr_tax_rate":0,"market_fr_price_inc_tax":0,"market_fr_sale_price_inc_tax":0,"market_ch_price":0,"market_ch_sale_price":0,"market_ch_active":false,"market_ch_url":null,"market_ch_parent_url":"","market_ch_tax_rate":0,"market_ch_price_inc_tax":0,"market_ch_sale_price_inc_tax":0,"market_at_price":0,"market_at_sale_price":0,"market_at_active":false,"market_at_url":null,"market_at_parent_url":"","market_at_tax_rate":0,"market_at_price_inc_tax":0,"market_at_sale_price_inc_tax":0,"market_es_price":0,"market_es_sale_price":0,"market_es_active":false,"market_es_url":null,"market_es_parent_url":"","market_es_tax_rate":0,"market_es_price_inc_tax":0,"market_es_sale_price_inc_tax":0,"market_dk_price":0,"market_dk_sale_price":0,"market_dk_active":false,"market_dk_url":null,"market_dk_parent_url":"","market_dk_tax_rate":0,"market_dk_price_inc_tax":0,"market_dk_sale_price_inc_tax":0,"market_com_price":0,"market_com_sale_price":0,"market_com_active":false,"market_com_url":null,"market_com_parent_url":"","market_com_tax_rate":0,"market_com_price_inc_tax":0,"market_com_sale_price_inc_tax":0,"acf":[],"_links":{"self":[{"href":"https:\/\/www.pharmacy4pets.nl\/be\/wp-json\/wp\/v2\/product\/118268","targetHints":{"allow":["GET"]}}],"collection":[{"href":"https:\/\/www.pharmacy4pets.nl\/be\/wp-json\/wp\/v2\/product"}],"about":[{"href":"https:\/\/www.pharmacy4pets.nl\/be\/wp-json\/wp\/v2\/types\/product"}],"replies":[{"embeddable":true,"href":"https:\/\/www.pharmacy4pets.nl\/be\/wp-json\/wp\/v2\/comments?post=118268"}],"wp:featuredmedia":[{"embeddable":true,"href":"https:\/\/www.pharmacy4pets.nl\/be\/wp-json\/wp\/v2\/media\/118265"}],"wp:attachment":[{"href":"https:\/\/www.pharmacy4pets.nl\/be\/wp-json\/wp\/v2\/media?parent=118268"}],"wp:term":[{"taxonomy":"product_brand","embeddable":true,"href":"https:\/\/www.pharmacy4pets.nl\/be\/wp-json\/wp\/v2\/product_brand?post=118268"},{"taxonomy":"product_cat","embeddable":true,"href":"https:\/\/www.pharmacy4pets.nl\/be\/wp-json\/wp\/v2\/product_cat?post=118268"},{"taxonomy":"product_tag","embeddable":true,"href":"https:\/\/www.pharmacy4pets.nl\/be\/wp-json\/wp\/v2\/product_tag?post=118268"}],"curies":[{"name":"wp","href":"https:\/\/api.w.org\/{rel}","templated":true}]}}