{"id":118234,"date":"2017-07-12T07:35:29","date_gmt":"2017-07-12T07:35:29","guid":{"rendered":"https:\/\/p4p.test\/bogar-bogadent-ergo-dual-brush-2"},"modified":"2026-03-25T11:57:34","modified_gmt":"2026-03-25T11:57:34","slug":"bogar-bogadent-ergo-dual-brush","status":"publish","type":"product","link":"https:\/\/www.pharmacy4pets.nl\/be\/bogar-bogadent-ergo-dual-brush","title":{"rendered":"Bogadent Ergo Dual Brush | Hond"},"content":{"rendered":"<p>Bogadent Ergo Dual Brush van het merk Bogar is een volledig nieuw-ontwikkelde type tandenborstel. Het specifieke ergonomische en functionele design zorgt ervoor dat de tanden eenvoudig en effectief worden gereinigd. Tandplak vormt zich voornamelijk bij de kiezen en verandert door mineralisatie in hard tandsteen. Tandsteen kan het tandvlees en het gehele gebit blijvend beschadigen. Tandplak moet daarom preventief en regelmatig verwijderd worden. Hiervoor heeft Bogar in samenwerking met dierenartsen een geheel nieuwe tandenborstel ontwikkeld.<\/p>\n<p>Productdetails:<br \/>&#8211;&nbsp;&nbsp;&nbsp;&nbsp;&nbsp;&nbsp;&nbsp;&nbsp;&nbsp; Om plak te elimineren, ook in de moeilijk bereikbare gebieden<br \/>&#8211;&nbsp;&nbsp;&nbsp;&nbsp;&nbsp;&nbsp;&nbsp;&nbsp;&nbsp; Grote borstelkop voor de buitenoppervlakken, kleinere borstelkop voor de binnen oppervlakken<br \/>&#8211;&nbsp;&nbsp;&nbsp;&nbsp;&nbsp;&nbsp;&nbsp;&nbsp;&nbsp; Antislip handgreep voor extra goede ligging in de hand<br \/>&#8211;&nbsp;&nbsp;&nbsp;&nbsp;&nbsp;&nbsp;&nbsp;&nbsp;&nbsp; Medium borsteldruk waardoor ook tussen de tanden eenvoudig gepoetst kan worden<br \/>&#8211;&nbsp;&nbsp;&nbsp;&nbsp;&nbsp;&nbsp;&nbsp;&nbsp;&nbsp; Ontwikkeld door dierenartsen en tandartsen<\/p>\n<p><span style=\"text-decoration: underline;\">Toediening:<br \/><\/span>Breng wat Bogadent Dental Creme tandpasta aan op de grote tandenborstelkop. Houd de lippen omhoog en maak de buitenoppervlakken schoon door middel van cirkelvormige bewegingen. Voor de binnenkant van de tanden, gebruik de kleine borstelkop.<\/p>\n<p><span style=\"text-decoration: underline;\">Dosering:<br \/><\/span>&#8211;<\/p>\n<p><span style=\"text-decoration: underline;\">Verpakking:<br \/><\/span>1 Stuk<\/p>\n","protected":false},"excerpt":{"rendered":"<p>Bogadent Ergo Dual Brush van het merk Bogar is een volledig nieuw-ontwikkelde type tandenborstel. Het specifieke ergonomische en functionele design zorgt ervoor dat de tanden eenvoudig en effectief worden gereinigd. Tandplak vormt zich voornamelijk bij de kiezen en verandert door mineralisatie in hard tandsteen. Tandsteen kan het tandvlees en het gehele gebit blijvend beschadigen. Tandplak [&hellip;]<\/p>\n","protected":false},"featured_media":118231,"comment_status":"open","ping_status":"closed","template":"","meta":{"_acf_changed":false,"_nl_post_content":"<p>Bogadent Ergo Dual Brush van het merk Bogar is een volledig nieuw-ontwikkelde type tandenborstel. Het specifieke ergonomische en functionele design zorgt ervoor dat de tanden eenvoudig en effectief worden gereinigd. Tandplak vormt zich voornamelijk bij de kiezen en verandert door mineralisatie in hard tandsteen. Tandsteen kan het tandvlees en het gehele gebit blijvend beschadigen. Tandplak moet daarom preventief en regelmatig verwijderd worden. Hiervoor heeft Bogar in samenwerking met dierenartsen een geheel nieuwe tandenborstel ontwikkeld.<\/p>\r\n<p>Productdetails:<br \/>-&nbsp;&nbsp;&nbsp;&nbsp;&nbsp;&nbsp;&nbsp;&nbsp;&nbsp; Om plak te elimineren, ook in de moeilijk bereikbare gebieden<br \/>-&nbsp;&nbsp;&nbsp;&nbsp;&nbsp;&nbsp;&nbsp;&nbsp;&nbsp; Grote borstelkop voor de buitenoppervlakken, kleinere borstelkop voor de binnen oppervlakken<br \/>-&nbsp;&nbsp;&nbsp;&nbsp;&nbsp;&nbsp;&nbsp;&nbsp;&nbsp; Antislip handgreep voor extra goede ligging in de hand<br \/>-&nbsp;&nbsp;&nbsp;&nbsp;&nbsp;&nbsp;&nbsp;&nbsp;&nbsp; Medium borsteldruk waardoor ook tussen de tanden eenvoudig gepoetst kan worden<br \/>-&nbsp;&nbsp;&nbsp;&nbsp;&nbsp;&nbsp;&nbsp;&nbsp;&nbsp; Ontwikkeld door dierenartsen en tandartsen<\/p>\r\n<p><span style=\"text-decoration: underline;\">Toediening:<br \/><\/span>Breng wat Bogadent Dental Creme tandpasta aan op de grote tandenborstelkop. Houd de lippen omhoog en maak de buitenoppervlakken schoon door middel van cirkelvormige bewegingen. Voor de binnenkant van de tanden, gebruik de kleine borstelkop.<\/p>\r\n<p><span style=\"text-decoration: underline;\">Dosering:<br \/><\/span>-<\/p>\r\n<p><span style=\"text-decoration: underline;\">Verpakking:<br \/><\/span>1 Stuk<\/p>","_nl_post_name":"bogar-bogadent-ergo-dual-brush","_nl_post_excerpt":"","_nl_post_title":"Bogadent Ergo Dual Brush | Hond","_en_post_content":"<p>The Bogadent Ergo Dual Brush from Bogar is a completely new type of toothbrush. Its specific ergonomic and functional design enables teeth to be cleaned simply and effectively. Plaque and tartar build up particularly around the molars and can cause permanent damage to the gums and the supporting connective tissue. Plaque should therefore be removed pre-emptively and regularly. To do this, Bogar has developed a completely new toothbrush, in collaboration with vets.<\/p>\r\n<p>Product Details<\/p>\r\n<ul>\r\n<li>To eliminate plaque, also in those hard-to-reach areas, particularly the back teeth (premolars, molars)<\/li>\r\n<li>Large brush head for the outer surfaces, smaller brush head for the inner surfaces<\/li>\r\n<li>Non-slip grip area, flex zone to avoid applying too much pressure<\/li>\r\n<li>Medium brush pressure, graded bristles for interdental spaces<\/li>\r\n<li>Developed by veterinarians and dentists<\/li>\r\n<\/ul>\r\n<p><span style=\"text-decoration: underline;\">Administration:<br \/><\/span>Apply some Bogadent Dental Creme toothpaste to the large toothbrush head. Then lift the lips and clean the outer surfaces of the molars using a uniform circular motion. For the inner surfaces of the teeth, use the same method. Use the specially designed smaller brush head for this.<\/p>\r\n<p><span style=\"text-decoration: underline;\">Dosage:<br \/><\/span>-<\/p>\r\n<p><span style=\"text-decoration: underline;\">Package:<br \/><\/span>1 piece&nbsp;<\/p>","_en_post_name":"bogar-bogadent-ergo-dual-brush","_en_post_excerpt":"","_en_post_title":"Bogadent Ergo Dual Brush | Dog","_de_post_content":"<p>Bogadent Ergo Dual Brush von Bogar ist eine v&ouml;llig neue Zahnb&uuml;rste. Ihre besondere ergonomische und funktionelle Form erm&ouml;glicht ein einfaches und effektives Z&auml;hneputzen. Plaque und Zahnstein bildet sich besonders im Bereich der Backenz&auml;hne und kann das Zahnfleisch und den Zahnhalteapparat dauerhaft sch&auml;digen. Deshalb sollte Plaque pr&auml;ventiv und regelm&auml;&szlig;ig entfernt werden. F&uuml;r diesen Zweck haben wir in Zusammenarbeit mit Tier&auml;rzten die absolut neuartige Zahnb&uuml;rste entwickelt.<\/p>\r\n<p>Produktdetails<br \/>-&nbsp;&nbsp;&nbsp;&nbsp;&nbsp;&nbsp;&nbsp;&nbsp;&nbsp; Zur Beseitigung von Plaque, auch an schwer zu erreichenden Stellen, besonders im Bereich der Backenz&auml;hne (Premolars, Molars)<br \/>-&nbsp;&nbsp;&nbsp;&nbsp;&nbsp;&nbsp;&nbsp;&nbsp;&nbsp; Gro&szlig;er B&uuml;rstenkopf f&uuml;r die Au&szlig;enfl&auml;chen, kleiner B&uuml;rstenkopf f&uuml;r die Innenfl&auml;chen<br \/>-&nbsp;&nbsp;&nbsp;&nbsp;&nbsp;&nbsp;&nbsp;&nbsp;&nbsp; Grip-Bereich gegen Abrutschen, Flex-Zone gegen zu viel Druck<br \/>-&nbsp;&nbsp;&nbsp;&nbsp;&nbsp;&nbsp;&nbsp;&nbsp;&nbsp; Mittlerer Borstendruck, gestufte Borsten f&uuml;r Zahnzwischenr&auml;ume<br \/>-&nbsp;&nbsp;&nbsp;&nbsp;&nbsp;&nbsp;&nbsp;&nbsp;&nbsp; Mit Tier&auml;rzten und Zahn&auml;rzten entwickelt<\/p>\r\n<p><span style=\"text-decoration: underline;\">Anwendung:<br \/><\/span>Tragen Sie etwas Bogadent Dental Creme Zahncreme auf den Gro&szlig;en Zahnb&uuml;rstenkopf auf. Dann heben Sie die Lefzen an und reinigen Sie die Au&szlig;enfl&auml;chen der hinteren Backenz&auml;hne mit gleichm&auml;&szlig;ig kreisenden Bewegungen. F&uuml;r die Zahn-Innenfl&auml;chen verfahren Sie in gleicher Weise. Verwenden Sie dazu den speziell geformten kleineren B&uuml;rstenkopf.<\/p>\r\n<p><span style=\"text-decoration: underline;\">Dosierung:<br \/><\/span>-<\/p>\r\n<p><span style=\"text-decoration: underline;\">Verpackung:<br \/><\/span>1 St&uuml;ck<\/p>","_de_post_name":"bogar-bogadent-ergo-dual-brush","_de_post_excerpt":"","_de_post_title":"Bogadent Ergo Dual Brush | Hund","_fr_post_content":"<p>La brosse \u00e0 dents Bogadent Ergo Dual de la marque Bogar est un type de brosse \u00e0 dents enti\u00e8rement nouveau. Son design sp\u00e9cifique, ergonomique et fonctionnel, assure un nettoyage facile et efficace des dents. La plaque dentaire se forme principalement pr\u00e8s des molaires et se transforme en tartre dur par min\u00e9ralisation. Le tartre peut endommager de fa\u00e7on permanente les gencives et les dents enti\u00e8res. La plaque dentaire doit donc \u00eatre \u00e9limin\u00e9e de mani\u00e8re pr\u00e9ventive et r\u00e9guli\u00e8re. \u00c0 cette fin, Bogar a d\u00e9velopp\u00e9 une toute nouvelle brosse \u00e0 dents en collaboration avec des v\u00e9t\u00e9rinaires.<\/p>\r\n<p>D\u00e9tails du produit :<br \/>- Pour \u00e9liminer la plaque dentaire m\u00eame dans les zones difficiles \u00e0 atteindre<br \/>- Grande t\u00eate de brosse pour les surfaces ext\u00e9rieures, petite t\u00eate de brosse pour les surfaces int\u00e9rieures.<br \/>- Poign\u00e9e antid\u00e9rapante pour une bonne position dans la main.<br \/>- Pression moyenne de la brosse permettant un brossage facile m\u00eame entre les dents<br \/>- D\u00e9velopp\u00e9 par des v\u00e9t\u00e9rinaires et des dentistes<\/p>\r\n<p>Administration :<br \/>Appliquez un peu de dentifrice Bogadent Dental Creme sur la grande t\u00eate de la brosse \u00e0 dents. Tenez les l\u00e8vres et nettoyez les surfaces ext\u00e9rieures par des mouvements circulaires. Pour l'int\u00e9rieur des dents, utilisez la petite t\u00eate de brosse.<\/p>\r\n<p>Dosage :<br \/>-<\/p>\r\n<p>Emballage :<br \/>1 pi\u00e8ce<\/p>","_fr_post_name":"bogar-bogadent-ergo-dual-brush","_fr_post_excerpt":"","_fr_post_title":"Bogadent Ergo Dual Brush | Chien","_es_post_content":"<p>Bogadent Ergo Dual Brush de Bogar es un innovador cepillo de dientes para perros. El dise\u00f1o ergon\u00f3mico y funcional espec\u00edfico asegura que los dientes se limpien f\u00e1cil y efectivamente. La placa se forma principalmente en los molares y se convierte en sarro duro a trav\u00e9s de la mineralizaci\u00f3n. El sarro puede da\u00f1ar permanentemente las enc\u00edas y los dientes enteros. Por lo tanto, la placa debe eliminarse de manera preventiva y regular. Para ello, Bogar ha desarrollado un cepillo de dientes completamente nuevo en colaboraci\u00f3n con veterinarios.<\/p>\r\n<p><span style=\"text-decoration: underline;\">Detalles de producto:<\/span><\/p>\r\n<ul>\r\n<li>Para eliminar la placa, incluso en las zonas de dif\u00edcil acceso<\/li>\r\n<li>Cabezal de cepillo grande para las superficies exteriores, cabezal de cepillo m\u00e1s peque\u00f1o para las superficies interiores<\/li>\r\n<li>Mango antideslizante para una mejor ubicaci\u00f3n en la mano<\/li>\r\n<li>Presi\u00f3n media del cepillo para que tambi\u00e9n puedas cepillarte f\u00e1cilmente entre los dientes<\/li>\r\n<li>Desarrollado por veterinarios y dentistas<\/li>\r\n<\/ul>\r\n<p><span style=\"text-decoration: underline;\">Administraci\u00f3n:<\/span><br \/>Aplique un poco de pasta de dientes Bogadent Dental Creme en el cabezal grande del cepillo de dientes. Mantenga los labios hacia arriba y limpie las superficies exteriores con movimientos circulares. Para el interior de los dientes, utilice el cabezal de cepillo peque\u00f1o.<\/p>\r\n<p><span style=\"text-decoration: underline;\">Dosis:<\/span><br \/>-<\/p>\r\n<p><span style=\"text-decoration: underline;\">Embalaje:<\/span><br \/>1 pieza.<\/p>","_es_post_name":"bogar-bogadent-ergo-dual-brush-cepillo-de-dientes-para-perros","_es_post_excerpt":"","_es_post_title":"Bogadent Ergo Dual Brush | Cepillo de dientes para perros","edit_language":"nl"},"product_brand":[],"product_cat":[1861,2029,1842,1117,1839,1857,2128,1863],"product_tag":[],"class_list":{"0":"post-118234","1":"product","2":"type-product","3":"status-publish","4":"has-post-thumbnail","6":"product_cat-benodigdheden","7":"product_cat-bogadent","8":"product_cat-gebit","9":"product_cat-honden","10":"product_cat-medicijnen-supplementen","11":"product_cat-merken","12":"product_cat-tandenborstels-en-tandpasta","13":"product_cat-verzorging","14":"pa_aandoening-gebit","15":"pa_doeldier-hond","16":"pa_fabricatieland-zwitserland","17":"pa_merkfilter-bogadent","18":"pa_merkgroep-bogar","19":"pa_productsoort-overig","20":"pa_toedieningswijze-tandenborstel","21":"pa_unit_pricing_base_measure-1ct","22":"pa_unit_pricing_measure-1ct","23":"pa_werkzamestof-overig","25":"first","26":"instock","27":"taxable","28":"shipping-taxable","29":"purchasable","30":"product-type-simple"},"yoast_head":"<!-- This site is optimized with the Yoast SEO plugin v27.5 - https:\/\/yoast.com\/product\/yoast-seo-wordpress\/ -->\n<title>Bogadent Ergo Dual Brush Hond | Tandenborstel Hond<\/title>\n<meta name=\"description\" content=\"Bogadent Ergo Dual Brush van Bogar is een volledig nieuw type tandenborstel, speciaal ontwikkeld voor eenvoudige en effectieve reiniging van het gehele gebit.\" \/>\n<meta name=\"robots\" content=\"index, follow, max-snippet:-1, max-image-preview:large, max-video-preview:-1\" \/>\n<link rel=\"canonical\" href=\"https:\/\/p4p-nl.bootmine.com\/%product-slug%\/bogar-bogadent-ergo-dual-brush\" \/>\n<meta property=\"og:locale\" content=\"nl_NL\" \/>\n<meta property=\"og:type\" content=\"article\" \/>\n<meta property=\"og:title\" content=\"Bogadent Ergo Dual Brush Hond | Tandenborstel Hond\" \/>\n<meta property=\"og:description\" content=\"Bogadent Ergo Dual Brush van Bogar is een volledig nieuw type tandenborstel, speciaal ontwikkeld voor eenvoudige en effectieve reiniging van het gehele gebit.\" \/>\n<meta property=\"og:url\" content=\"https:\/\/p4p-nl.bootmine.com\/%product-slug%\/bogar-bogadent-ergo-dual-brush\" \/>\n<meta property=\"og:site_name\" content=\"Pharmacy4pets\" \/>\n<meta property=\"article:publisher\" content=\"https:\/\/www.facebook.com\/people\/Pharmacy4petsnl\/100063484989896\/\" \/>\n<meta property=\"article:modified_time\" content=\"2026-03-25T11:57:34+00:00\" \/>\n<meta property=\"og:image\" content=\"https:\/\/p4p-nl.bootmine.com\/wp-content\/uploads\/2017\/07\/23603.jpg\" \/>\n\t<meta property=\"og:image:width\" content=\"310\" \/>\n\t<meta property=\"og:image:height\" content=\"310\" \/>\n\t<meta property=\"og:image:type\" content=\"image\/jpeg\" \/>\n<meta name=\"twitter:card\" content=\"summary_large_image\" \/>\n<meta name=\"twitter:label1\" content=\"Geschatte leestijd\" \/>\n\t<meta name=\"twitter:data1\" content=\"1 minuut\" \/>\n<script type=\"application\/ld+json\" class=\"yoast-schema-graph\">{\"@context\":\"https:\\\/\\\/schema.org\",\"@graph\":[{\"@type\":\"WebPage\",\"@id\":\"https:\\\/\\\/p4p-nl.bootmine.com\\\/%product-slug%\\\/bogar-bogadent-ergo-dual-brush\",\"url\":\"https:\\\/\\\/p4p-nl.bootmine.com\\\/%product-slug%\\\/bogar-bogadent-ergo-dual-brush\",\"name\":\"Bogadent Ergo Dual Brush Hond | Tandenborstel Hond\",\"isPartOf\":{\"@id\":\"http:\\\/\\\/www.pharmacy4pets.nl\\\/#website\"},\"primaryImageOfPage\":{\"@id\":\"https:\\\/\\\/p4p-nl.bootmine.com\\\/%product-slug%\\\/bogar-bogadent-ergo-dual-brush#primaryimage\"},\"image\":{\"@id\":\"https:\\\/\\\/p4p-nl.bootmine.com\\\/%product-slug%\\\/bogar-bogadent-ergo-dual-brush#primaryimage\"},\"thumbnailUrl\":\"https:\\\/\\\/www.pharmacy4pets.nl\\\/wp-content\\\/uploads\\\/2017\\\/07\\\/23603.jpg\",\"datePublished\":\"2017-07-12T07:35:29+00:00\",\"dateModified\":\"2026-03-25T11:57:34+00:00\",\"description\":\"Bogadent Ergo Dual Brush van Bogar is een volledig nieuw type tandenborstel, speciaal ontwikkeld voor eenvoudige en effectieve reiniging van het gehele gebit.\",\"breadcrumb\":{\"@id\":\"https:\\\/\\\/p4p-nl.bootmine.com\\\/%product-slug%\\\/bogar-bogadent-ergo-dual-brush#breadcrumb\"},\"inLanguage\":\"nl-NL\",\"potentialAction\":[{\"@type\":\"ReadAction\",\"target\":[\"https:\\\/\\\/p4p-nl.bootmine.com\\\/%product-slug%\\\/bogar-bogadent-ergo-dual-brush\"]}]},{\"@type\":\"ImageObject\",\"inLanguage\":\"nl-NL\",\"@id\":\"https:\\\/\\\/p4p-nl.bootmine.com\\\/%product-slug%\\\/bogar-bogadent-ergo-dual-brush#primaryimage\",\"url\":\"https:\\\/\\\/www.pharmacy4pets.nl\\\/wp-content\\\/uploads\\\/2017\\\/07\\\/23603.jpg\",\"contentUrl\":\"https:\\\/\\\/www.pharmacy4pets.nl\\\/wp-content\\\/uploads\\\/2017\\\/07\\\/23603.jpg\",\"width\":310,\"height\":310,\"caption\":\"Bogadent\"},{\"@type\":\"BreadcrumbList\",\"@id\":\"https:\\\/\\\/p4p-nl.bootmine.com\\\/%product-slug%\\\/bogar-bogadent-ergo-dual-brush#breadcrumb\",\"itemListElement\":[{\"@type\":\"ListItem\",\"position\":1,\"name\":\"Home\",\"item\":\"https:\\\/\\\/p4p-nl.bootmine.com\\\/\"},{\"@type\":\"ListItem\",\"position\":2,\"name\":\"Winkel\",\"item\":\"https:\\\/\\\/p4p-nl.bootmine.com\\\/winkel\"},{\"@type\":\"ListItem\",\"position\":3,\"name\":\"Bogadent Ergo Dual Brush | Hond\"}]},{\"@type\":\"WebSite\",\"@id\":\"http:\\\/\\\/www.pharmacy4pets.nl\\\/#website\",\"url\":\"http:\\\/\\\/www.pharmacy4pets.nl\\\/\",\"name\":\"Pharmacy4pets\",\"description\":\"Pharmacy4pets.nl is d\u00e9 online apotheek waar u terecht kunt voor alle diergeneesmiddelen, verzorgingsproducten en dieetvoeding voor uw huisdier.\",\"publisher\":{\"@id\":\"http:\\\/\\\/www.pharmacy4pets.nl\\\/#organization\"},\"potentialAction\":[{\"@type\":\"SearchAction\",\"target\":{\"@type\":\"EntryPoint\",\"urlTemplate\":\"http:\\\/\\\/www.pharmacy4pets.nl\\\/?s={search_term_string}\"},\"query-input\":{\"@type\":\"PropertyValueSpecification\",\"valueRequired\":true,\"valueName\":\"search_term_string\"}}],\"inLanguage\":\"nl-NL\"},{\"@type\":\"Organization\",\"@id\":\"http:\\\/\\\/www.pharmacy4pets.nl\\\/#organization\",\"name\":\"Pharmacy4pets\",\"url\":\"http:\\\/\\\/www.pharmacy4pets.nl\\\/\",\"logo\":{\"@type\":\"ImageObject\",\"inLanguage\":\"nl-NL\",\"@id\":\"http:\\\/\\\/www.pharmacy4pets.nl\\\/#\\\/schema\\\/logo\\\/image\\\/\",\"url\":\"https:\\\/\\\/p4p-nl.bootmine.com\\\/wp-content\\\/uploads\\\/2026\\\/03\\\/logo-pharmacy4pets.png\",\"contentUrl\":\"https:\\\/\\\/p4p-nl.bootmine.com\\\/wp-content\\\/uploads\\\/2026\\\/03\\\/logo-pharmacy4pets.png\",\"width\":1024,\"height\":135,\"caption\":\"Pharmacy4pets\"},\"image\":{\"@id\":\"http:\\\/\\\/www.pharmacy4pets.nl\\\/#\\\/schema\\\/logo\\\/image\\\/\"},\"sameAs\":[\"https:\\\/\\\/www.facebook.com\\\/people\\\/Pharmacy4petsnl\\\/100063484989896\\\/\",\"https:\\\/\\\/www.youtube.com\\\/channel\\\/UCGPTIgucgli03tP2_kvLkHg\\\/featured\",\"https:\\\/\\\/www.instagram.com\\\/pharmacy4pets.nl\"]}]}<\/script>\n<!-- \/ Yoast SEO plugin. -->","yoast_head_json":{"title":"Bogadent Ergo Dual Brush Hond | Tandenborstel Hond","description":"Bogadent Ergo Dual Brush van Bogar is een volledig nieuw type tandenborstel, speciaal ontwikkeld voor eenvoudige en effectieve reiniging van het gehele gebit.","robots":{"index":"index","follow":"follow","max-snippet":"max-snippet:-1","max-image-preview":"max-image-preview:large","max-video-preview":"max-video-preview:-1"},"canonical":"https:\/\/p4p-nl.bootmine.com\/%product-slug%\/bogar-bogadent-ergo-dual-brush","og_locale":"nl_NL","og_type":"article","og_title":"Bogadent Ergo Dual Brush Hond | Tandenborstel Hond","og_description":"Bogadent Ergo Dual Brush van Bogar is een volledig nieuw type tandenborstel, speciaal ontwikkeld voor eenvoudige en effectieve reiniging van het gehele gebit.","og_url":"https:\/\/p4p-nl.bootmine.com\/%product-slug%\/bogar-bogadent-ergo-dual-brush","og_site_name":"Pharmacy4pets","article_publisher":"https:\/\/www.facebook.com\/people\/Pharmacy4petsnl\/100063484989896\/","article_modified_time":"2026-03-25T11:57:34+00:00","og_image":[{"width":310,"height":310,"url":"https:\/\/p4p-nl.bootmine.com\/wp-content\/uploads\/2017\/07\/23603.jpg","type":"image\/jpeg"}],"twitter_card":"summary_large_image","twitter_misc":{"Geschatte leestijd":"1 minuut"},"schema":{"@context":"https:\/\/schema.org","@graph":[{"@type":"WebPage","@id":"https:\/\/p4p-nl.bootmine.com\/%product-slug%\/bogar-bogadent-ergo-dual-brush","url":"https:\/\/p4p-nl.bootmine.com\/%product-slug%\/bogar-bogadent-ergo-dual-brush","name":"Bogadent Ergo Dual Brush Hond | Tandenborstel Hond","isPartOf":{"@id":"http:\/\/www.pharmacy4pets.nl\/#website"},"primaryImageOfPage":{"@id":"https:\/\/p4p-nl.bootmine.com\/%product-slug%\/bogar-bogadent-ergo-dual-brush#primaryimage"},"image":{"@id":"https:\/\/p4p-nl.bootmine.com\/%product-slug%\/bogar-bogadent-ergo-dual-brush#primaryimage"},"thumbnailUrl":"https:\/\/www.pharmacy4pets.nl\/wp-content\/uploads\/2017\/07\/23603.jpg","datePublished":"2017-07-12T07:35:29+00:00","dateModified":"2026-03-25T11:57:34+00:00","description":"Bogadent Ergo Dual Brush van Bogar is een volledig nieuw type tandenborstel, speciaal ontwikkeld voor eenvoudige en effectieve reiniging van het gehele gebit.","breadcrumb":{"@id":"https:\/\/p4p-nl.bootmine.com\/%product-slug%\/bogar-bogadent-ergo-dual-brush#breadcrumb"},"inLanguage":"nl-NL","potentialAction":[{"@type":"ReadAction","target":["https:\/\/p4p-nl.bootmine.com\/%product-slug%\/bogar-bogadent-ergo-dual-brush"]}]},{"@type":"ImageObject","inLanguage":"nl-NL","@id":"https:\/\/p4p-nl.bootmine.com\/%product-slug%\/bogar-bogadent-ergo-dual-brush#primaryimage","url":"https:\/\/www.pharmacy4pets.nl\/wp-content\/uploads\/2017\/07\/23603.jpg","contentUrl":"https:\/\/www.pharmacy4pets.nl\/wp-content\/uploads\/2017\/07\/23603.jpg","width":310,"height":310,"caption":"Bogadent"},{"@type":"BreadcrumbList","@id":"https:\/\/p4p-nl.bootmine.com\/%product-slug%\/bogar-bogadent-ergo-dual-brush#breadcrumb","itemListElement":[{"@type":"ListItem","position":1,"name":"Home","item":"https:\/\/p4p-nl.bootmine.com\/"},{"@type":"ListItem","position":2,"name":"Winkel","item":"https:\/\/p4p-nl.bootmine.com\/winkel"},{"@type":"ListItem","position":3,"name":"Bogadent Ergo Dual Brush | Hond"}]},{"@type":"WebSite","@id":"http:\/\/www.pharmacy4pets.nl\/#website","url":"http:\/\/www.pharmacy4pets.nl\/","name":"Pharmacy4pets","description":"Pharmacy4pets.nl is d\u00e9 online apotheek waar u terecht kunt voor alle diergeneesmiddelen, verzorgingsproducten en dieetvoeding voor uw huisdier.","publisher":{"@id":"http:\/\/www.pharmacy4pets.nl\/#organization"},"potentialAction":[{"@type":"SearchAction","target":{"@type":"EntryPoint","urlTemplate":"http:\/\/www.pharmacy4pets.nl\/?s={search_term_string}"},"query-input":{"@type":"PropertyValueSpecification","valueRequired":true,"valueName":"search_term_string"}}],"inLanguage":"nl-NL"},{"@type":"Organization","@id":"http:\/\/www.pharmacy4pets.nl\/#organization","name":"Pharmacy4pets","url":"http:\/\/www.pharmacy4pets.nl\/","logo":{"@type":"ImageObject","inLanguage":"nl-NL","@id":"http:\/\/www.pharmacy4pets.nl\/#\/schema\/logo\/image\/","url":"https:\/\/p4p-nl.bootmine.com\/wp-content\/uploads\/2026\/03\/logo-pharmacy4pets.png","contentUrl":"https:\/\/p4p-nl.bootmine.com\/wp-content\/uploads\/2026\/03\/logo-pharmacy4pets.png","width":1024,"height":135,"caption":"Pharmacy4pets"},"image":{"@id":"http:\/\/www.pharmacy4pets.nl\/#\/schema\/logo\/image\/"},"sameAs":["https:\/\/www.facebook.com\/people\/Pharmacy4petsnl\/100063484989896\/","https:\/\/www.youtube.com\/channel\/UCGPTIgucgli03tP2_kvLkHg\/featured","https:\/\/www.instagram.com\/pharmacy4pets.nl"]}]}},"market_data":{"nl":{"price":0,"sale_price":0,"active":false,"url":null,"parent_url":"","tax_rate":0,"price_inc_tax":0,"sale_price_inc_tax":0},"de":{"price":0,"sale_price":0,"active":false,"url":null,"parent_url":"","tax_rate":0,"price_inc_tax":0,"sale_price_inc_tax":0},"be":{"price":0,"sale_price":0,"active":false,"url":null,"parent_url":"","tax_rate":0,"price_inc_tax":0,"sale_price_inc_tax":0},"fr":{"price":0,"sale_price":0,"active":false,"url":null,"parent_url":"","tax_rate":0,"price_inc_tax":0,"sale_price_inc_tax":0},"ch":{"price":0,"sale_price":0,"active":false,"url":null,"parent_url":"","tax_rate":0,"price_inc_tax":0,"sale_price_inc_tax":0},"at":{"price":0,"sale_price":0,"active":false,"url":null,"parent_url":"","tax_rate":0,"price_inc_tax":0,"sale_price_inc_tax":0},"es":{"price":0,"sale_price":0,"active":false,"url":null,"parent_url":"","tax_rate":0,"price_inc_tax":0,"sale_price_inc_tax":0},"dk":{"price":0,"sale_price":0,"active":false,"url":null,"parent_url":"","tax_rate":0,"price_inc_tax":0,"sale_price_inc_tax":0},"com":{"price":0,"sale_price":0,"active":false,"url":null,"parent_url":"","tax_rate":0,"price_inc_tax":0,"sale_price_inc_tax":0}},"market_nl_price":0,"market_nl_sale_price":0,"market_nl_active":false,"market_nl_url":null,"market_nl_parent_url":"","market_nl_tax_rate":0,"market_nl_price_inc_tax":0,"market_nl_sale_price_inc_tax":0,"market_de_price":0,"market_de_sale_price":0,"market_de_active":false,"market_de_url":null,"market_de_parent_url":"","market_de_tax_rate":0,"market_de_price_inc_tax":0,"market_de_sale_price_inc_tax":0,"market_be_price":0,"market_be_sale_price":0,"market_be_active":false,"market_be_url":null,"market_be_parent_url":"","market_be_tax_rate":0,"market_be_price_inc_tax":0,"market_be_sale_price_inc_tax":0,"market_fr_price":0,"market_fr_sale_price":0,"market_fr_active":false,"market_fr_url":null,"market_fr_parent_url":"","market_fr_tax_rate":0,"market_fr_price_inc_tax":0,"market_fr_sale_price_inc_tax":0,"market_ch_price":0,"market_ch_sale_price":0,"market_ch_active":false,"market_ch_url":null,"market_ch_parent_url":"","market_ch_tax_rate":0,"market_ch_price_inc_tax":0,"market_ch_sale_price_inc_tax":0,"market_at_price":0,"market_at_sale_price":0,"market_at_active":false,"market_at_url":null,"market_at_parent_url":"","market_at_tax_rate":0,"market_at_price_inc_tax":0,"market_at_sale_price_inc_tax":0,"market_es_price":0,"market_es_sale_price":0,"market_es_active":false,"market_es_url":null,"market_es_parent_url":"","market_es_tax_rate":0,"market_es_price_inc_tax":0,"market_es_sale_price_inc_tax":0,"market_dk_price":0,"market_dk_sale_price":0,"market_dk_active":false,"market_dk_url":null,"market_dk_parent_url":"","market_dk_tax_rate":0,"market_dk_price_inc_tax":0,"market_dk_sale_price_inc_tax":0,"market_com_price":0,"market_com_sale_price":0,"market_com_active":false,"market_com_url":null,"market_com_parent_url":"","market_com_tax_rate":0,"market_com_price_inc_tax":0,"market_com_sale_price_inc_tax":0,"acf":[],"_links":{"self":[{"href":"https:\/\/www.pharmacy4pets.nl\/be\/wp-json\/wp\/v2\/product\/118234","targetHints":{"allow":["GET"]}}],"collection":[{"href":"https:\/\/www.pharmacy4pets.nl\/be\/wp-json\/wp\/v2\/product"}],"about":[{"href":"https:\/\/www.pharmacy4pets.nl\/be\/wp-json\/wp\/v2\/types\/product"}],"replies":[{"embeddable":true,"href":"https:\/\/www.pharmacy4pets.nl\/be\/wp-json\/wp\/v2\/comments?post=118234"}],"wp:featuredmedia":[{"embeddable":true,"href":"https:\/\/www.pharmacy4pets.nl\/be\/wp-json\/wp\/v2\/media\/118231"}],"wp:attachment":[{"href":"https:\/\/www.pharmacy4pets.nl\/be\/wp-json\/wp\/v2\/media?parent=118234"}],"wp:term":[{"taxonomy":"product_brand","embeddable":true,"href":"https:\/\/www.pharmacy4pets.nl\/be\/wp-json\/wp\/v2\/product_brand?post=118234"},{"taxonomy":"product_cat","embeddable":true,"href":"https:\/\/www.pharmacy4pets.nl\/be\/wp-json\/wp\/v2\/product_cat?post=118234"},{"taxonomy":"product_tag","embeddable":true,"href":"https:\/\/www.pharmacy4pets.nl\/be\/wp-json\/wp\/v2\/product_tag?post=118234"}],"curies":[{"name":"wp","href":"https:\/\/api.w.org\/{rel}","templated":true}]}}