{"id":118226,"date":"2017-07-12T07:26:37","date_gmt":"2017-07-12T07:26:37","guid":{"rendered":"https:\/\/p4p.test\/bogar-bogadent-dental-water-additive-cat"},"modified":"2026-03-25T11:57:34","modified_gmt":"2026-03-25T11:57:34","slug":"bogar-bogadent-dental-water-additive-cat","status":"publish","type":"product","link":"https:\/\/www.pharmacy4pets.nl\/be\/bogar-bogadent-dental-water-additive-cat","title":{"rendered":"Bogadent Dental Water Additive | Kat | 250 ml"},"content":{"rendered":"<p>Bogadent Dental Water Additive kat van Bogar is een toevoeging voor in het drinkwater om tandplak en tandsteen preventief te verwijderen. Het remt de hechting van bacteri&euml;n aan het tandoppervlak, heeft een antibacteri&euml;le werking en vermindert tandplak en tandsteen.<\/p>\n<p><span style=\"text-decoration: underline;\">Toediening:<\/span><\/p>\n<ol>\n<li>Schud de fles<\/li>\n<li>Voeg dagelijks 5ml Water Additive toe aan het drinkwater of de kattenmelk (afmeten middels doseringsdop)<\/li>\n<li>Zorg voor vers drinkwater elke 24 uur<\/li>\n<\/ol>\n<p>Bogadent Dental Water Additive is niet geschikt voor in de drinkfontein.<\/p>\n<p><span style=\"text-decoration: underline;\">Dosering:<br \/><\/span>5ml<\/p>\n<p><span style=\"text-decoration: underline;\">Verpakking:<br \/><\/span>Fles &agrave; 250ml.<\/p>\n","protected":false},"excerpt":{"rendered":"<p>Bogadent Dental Water Additive kat van Bogar is een toevoeging voor in het drinkwater om tandplak en tandsteen preventief te verwijderen. Het remt de hechting van bacteri&euml;n aan het tandoppervlak, heeft een antibacteri&euml;le werking en vermindert tandplak en tandsteen. Toediening: Schud de fles Voeg dagelijks 5ml Water Additive toe aan het drinkwater of de kattenmelk [&hellip;]<\/p>\n","protected":false},"featured_media":118223,"comment_status":"open","ping_status":"closed","template":"","meta":{"_acf_changed":false,"_nl_post_content":"<p>Bogadent Dental Water Additive kat van Bogar is een toevoeging voor in het drinkwater om tandplak en tandsteen preventief te verwijderen. Het remt de hechting van bacteri&euml;n aan het tandoppervlak, heeft een antibacteri&euml;le werking en vermindert tandplak en tandsteen.<\/p>\r\n<p><span style=\"text-decoration: underline;\">Toediening:<\/span><\/p>\r\n<ol>\r\n<li>Schud de fles<\/li>\r\n<li>Voeg dagelijks 5ml Water Additive toe aan het drinkwater of de kattenmelk (afmeten middels doseringsdop)<\/li>\r\n<li>Zorg voor vers drinkwater elke 24 uur<\/li>\r\n<\/ol>\r\n<p>Bogadent Dental Water Additive is niet geschikt voor in de drinkfontein.<\/p>\r\n<p><span style=\"text-decoration: underline;\">Dosering:<br \/><\/span>5ml<\/p>\r\n<p><span style=\"text-decoration: underline;\">Verpakking:<br \/><\/span>Fles &agrave; 250ml.<\/p>","_nl_post_name":"bogar-bogadent-dental-water-additive-cat","_nl_post_excerpt":"","_nl_post_title":"Bogadent Dental Water Additive | Kat | 250 ml","_en_post_content":"<p>Bogadent Dental Water Additive Cat from Bogar is a drinking water additive used as a plaque- and tartar prophylaxis. It reduces the attachment of bacteria to the surface of the teeth, has an antibacterial effect thus reducing plaque and tartar.<\/p>\r\n<p><span style=\"text-decoration: underline;\">Administration:<\/span><\/p>\r\n<ol>\r\n<li>Shake well before use<\/li>\r\n<li>Add daily 5ml of Water Additive to the drinking water or cat milk (using the included dosing cap)<\/li>\r\n<li>Provide fresh drinking water every 24 hours.<\/li>\r\n<\/ol>\r\n<p>The Bogadent Dental Water Additive is unsuitable to use for the drinking fountain.<\/p>\r\n<p><span style=\"text-decoration: underline;\">Dosage:<br \/><\/span>5ml<\/p>\r\n<p><span style=\"text-decoration: underline;\">Package:<br \/><\/span>Bottle 250ml<\/p>","_en_post_name":"bogar-bogadent-dental-water-additive-cat","_en_post_excerpt":"","_en_post_title":"Bogadent Dental Water Additive | Cat | 250 ml","_de_post_content":"<p>Bogadent Dental Water Additive Katze von Bogar ist ein Trinkwasser-Zusatz zur Plaque- und Zahnsteinprophylaxe. Sie hemmt die Anhaftung von Bakterien an die Zahnoberfl&auml;che, wirkt antibakteriell und reduziert so Plaque und Zahnstein.<\/p>\r\n<p><span style=\"text-decoration: underline;\">Anwendung:<\/span><\/p>\r\n<ol>\r\n<li>Vor Gebrauch gut sch&uuml;tteln.<\/li>\r\n<li>Einmal t&auml;glich 5 ml des Konzentrats mittels Dosierbecher dem Trinkwasser beif&uuml;gen.<\/li>\r\n<li>Alle 24 Stunden frisches Trinkwasser bereitstellen.<\/li>\r\n<\/ol>\r\n<p>Das Water Additive ist nicht geeignet zur Anwendung in Trinkbrunnen.<\/p>\r\n<p><span style=\"text-decoration: underline;\">Dosierung:<br \/><\/span>5ml<\/p>\r\n<p><span style=\"text-decoration: underline;\">Verpackung:<br \/><\/span>Flasche 250ml<\/p>","_de_post_name":"bogar-bogadent-dental-water-additive-cat","_de_post_excerpt":"","_de_post_title":"Bogadent Dental Water Additive | Katze | 250 ml","_fr_post_content":"<p>Bogadent Dental Water Additive cat by Bogar est un additif \u00e0 utiliser dans l'eau de boisson pour \u00e9liminer pr\u00e9ventivement la plaque dentaire et le tartre. Il emp\u00eache l'adh\u00e9sion des bact\u00e9ries \u00e0 la surface des dents, a un effet antibact\u00e9rien et r\u00e9duit la plaque dentaire et le tartre.<\/p>\r\n<p>Administration :<\/p>\r\n<ul>\r\n<li>Secouez la bouteille<\/li>\r\n<li>Ajoutez quotidiennement 5ml d'additif pour eau \u00e0 l'eau de boisson ou au lait du chat (mesurez avec le bouchon doseur).<\/li>\r\n<li>Fournir de l'eau fra\u00eeche toutes les 24 heures<\/li>\r\n<li>L'additif pour eau dentaire Bogadent ne convient pas pour les fontaines \u00e0 eau.<\/li>\r\n<\/ul>\r\n<p>Dosage :<br \/>5ml<\/p>\r\n<p>Emballage :<br \/>Bouteille de 250ml.<\/p>","_fr_post_name":"bogar-bogadent-dental-water-additive-chat","_fr_post_excerpt":"","_fr_post_title":"Bogadent Dental Water Additive | Chat | 250 ml","_es_post_content":"<p>Bogadent Dental Water Additive para gatos de Bogar es un a\u00f1adido al agua de bebida para prevenir la placa y el sarro de forma preventiva. Inhibe la adhesi\u00f3n de bacterias a la superficie dental, tiene un efecto antibacteriano y reduce la placa y el sarro.<\/p>\r\n<p><span style=\"text-decoration: underline;\">Administraci\u00f3n:<\/span><\/p>\r\n<ol>\r\n<li>Agita la botella<\/li>\r\n<li>A\u00f1adir 5 ml de Water Additive diariamente al agua de bebida o a la leche de la gata (medir con un tap\u00f3n dosificador)<\/li>\r\n<li>Proporcionar agua potable fresca cada 24 horas.<\/li>\r\n<\/ol>\r\n<p>Bogadent Dental Water Additive no es adecuado para su uso en el bebedero.<\/p>\r\n<p><span style=\"text-decoration: underline;\">Dosis:<\/span><br \/>5 ml<\/p>\r\n<p><span style=\"text-decoration: underline;\">Embalaje:<\/span><br \/>Botella de 250 ml.<\/p>","_es_post_name":"bogar-bogadent-dental-water-additive-gatos","_es_post_excerpt":"","_es_post_title":"Bogadent Dental Water Additive | Gatos | 250 ml","edit_language":"nl"},"product_brand":[],"product_cat":[2029,1873,1118,1871,1857],"product_tag":[],"class_list":{"0":"post-118226","1":"product","2":"type-product","3":"status-publish","4":"has-post-thumbnail","6":"product_cat-bogadent","7":"product_cat-gebit","8":"product_cat-katten","9":"product_cat-medicijnen-supplementen","10":"product_cat-merken","11":"pa_aandoening-gebit","12":"pa_doeldier-kat","13":"pa_fabricatieland-zwitserland","14":"pa_merkfilter-bogadent","15":"pa_merkgroep-bogar","16":"pa_productsoort-overig","17":"pa_seo_canonical_store_id-not_found_value","18":"pa_seo_category-not_found_value","19":"pa_seo_meta_robots-not_found_value","20":"pa_toedieningswijze-vloeistof","21":"pa_unit_pricing_base_measure-100ml","22":"pa_unit_pricing_measure-250ml","23":"pa_werkzamestof-overig","25":"first","26":"instock","27":"taxable","28":"shipping-taxable","29":"purchasable","30":"product-type-simple"},"yoast_head":"<!-- This site is optimized with the Yoast SEO plugin v27.5 - https:\/\/yoast.com\/product\/yoast-seo-wordpress\/ -->\n<title>Bogadent Dental Water Additive Kat<\/title>\n<meta name=\"description\" content=\"Bogadent Dental Water Additive Kat is een toevoeging voor in het drinkwater om tandplak en tandsteen preventief te verwijderen.\" \/>\n<meta name=\"robots\" content=\"index, follow, max-snippet:-1, max-image-preview:large, max-video-preview:-1\" \/>\n<link rel=\"canonical\" href=\"https:\/\/www.pharmacy4pets.nl\/be\/bogar-bogadent-dental-water-additive-cat\" \/>\n<meta property=\"og:locale\" content=\"nl_NL\" \/>\n<meta property=\"og:type\" content=\"article\" \/>\n<meta property=\"og:title\" content=\"Bogadent Dental Water Additive Kat\" \/>\n<meta property=\"og:description\" content=\"Bogadent Dental Water Additive Kat is een toevoeging voor in het drinkwater om tandplak en tandsteen preventief te verwijderen.\" \/>\n<meta property=\"og:url\" content=\"https:\/\/www.pharmacy4pets.nl\/be\/bogar-bogadent-dental-water-additive-cat\" \/>\n<meta property=\"og:site_name\" content=\"Pharmacy4pets\" \/>\n<meta property=\"article:publisher\" content=\"https:\/\/www.facebook.com\/people\/Pharmacy4petsnl\/100063484989896\/\" \/>\n<meta property=\"article:modified_time\" content=\"2026-03-25T11:57:34+00:00\" \/>\n<meta property=\"og:image\" content=\"https:\/\/www.pharmacy4pets.nl\/wp-content\/uploads\/2017\/07\/23623.png\" \/>\n\t<meta property=\"og:image:width\" content=\"147\" \/>\n\t<meta property=\"og:image:height\" content=\"300\" \/>\n\t<meta property=\"og:image:type\" content=\"image\/png\" \/>\n<meta name=\"twitter:card\" content=\"summary_large_image\" \/>\n<script type=\"application\/ld+json\" class=\"yoast-schema-graph\">{\"@context\":\"https:\\\/\\\/schema.org\",\"@graph\":[{\"@type\":\"WebPage\",\"@id\":\"https:\\\/\\\/www.pharmacy4pets.nl\\\/be\\\/bogar-bogadent-dental-water-additive-cat\",\"url\":\"https:\\\/\\\/www.pharmacy4pets.nl\\\/be\\\/bogar-bogadent-dental-water-additive-cat\",\"name\":\"Bogadent Dental Water Additive Kat\",\"isPartOf\":{\"@id\":\"http:\\\/\\\/www.pharmacy4pets.nl\\\/#website\"},\"primaryImageOfPage\":{\"@id\":\"https:\\\/\\\/www.pharmacy4pets.nl\\\/be\\\/bogar-bogadent-dental-water-additive-cat#primaryimage\"},\"image\":{\"@id\":\"https:\\\/\\\/www.pharmacy4pets.nl\\\/be\\\/bogar-bogadent-dental-water-additive-cat#primaryimage\"},\"thumbnailUrl\":\"https:\\\/\\\/www.pharmacy4pets.nl\\\/wp-content\\\/uploads\\\/2017\\\/07\\\/23623.png\",\"datePublished\":\"2017-07-12T07:26:37+00:00\",\"dateModified\":\"2026-03-25T11:57:34+00:00\",\"description\":\"Bogadent Dental Water Additive Kat is een toevoeging voor in het drinkwater om tandplak en tandsteen preventief te verwijderen.\",\"breadcrumb\":{\"@id\":\"https:\\\/\\\/www.pharmacy4pets.nl\\\/be\\\/bogar-bogadent-dental-water-additive-cat#breadcrumb\"},\"inLanguage\":\"nl-NL\",\"potentialAction\":[{\"@type\":\"ReadAction\",\"target\":[\"https:\\\/\\\/www.pharmacy4pets.nl\\\/be\\\/bogar-bogadent-dental-water-additive-cat\"]}]},{\"@type\":\"ImageObject\",\"inLanguage\":\"nl-NL\",\"@id\":\"https:\\\/\\\/www.pharmacy4pets.nl\\\/be\\\/bogar-bogadent-dental-water-additive-cat#primaryimage\",\"url\":\"https:\\\/\\\/www.pharmacy4pets.nl\\\/wp-content\\\/uploads\\\/2017\\\/07\\\/23623.png\",\"contentUrl\":\"https:\\\/\\\/www.pharmacy4pets.nl\\\/wp-content\\\/uploads\\\/2017\\\/07\\\/23623.png\",\"width\":147,\"height\":300,\"caption\":\"Bogadent\"},{\"@type\":\"BreadcrumbList\",\"@id\":\"https:\\\/\\\/www.pharmacy4pets.nl\\\/be\\\/bogar-bogadent-dental-water-additive-cat#breadcrumb\",\"itemListElement\":[{\"@type\":\"ListItem\",\"position\":1,\"name\":\"Home\",\"item\":\"https:\\\/\\\/p4p-nl.bootmine.com\\\/\"},{\"@type\":\"ListItem\",\"position\":2,\"name\":\"Winkel\",\"item\":\"https:\\\/\\\/p4p-nl.bootmine.com\\\/winkel\"},{\"@type\":\"ListItem\",\"position\":3,\"name\":\"Bogadent Dental Water Additive | Kat | 250 ml\"}]},{\"@type\":\"WebSite\",\"@id\":\"http:\\\/\\\/www.pharmacy4pets.nl\\\/#website\",\"url\":\"http:\\\/\\\/www.pharmacy4pets.nl\\\/\",\"name\":\"Pharmacy4pets\",\"description\":\"Pharmacy4pets.nl is d\u00e9 online apotheek waar u terecht kunt voor alle diergeneesmiddelen, verzorgingsproducten en dieetvoeding voor uw huisdier.\",\"publisher\":{\"@id\":\"http:\\\/\\\/www.pharmacy4pets.nl\\\/#organization\"},\"potentialAction\":[{\"@type\":\"SearchAction\",\"target\":{\"@type\":\"EntryPoint\",\"urlTemplate\":\"http:\\\/\\\/www.pharmacy4pets.nl\\\/?s={search_term_string}\"},\"query-input\":{\"@type\":\"PropertyValueSpecification\",\"valueRequired\":true,\"valueName\":\"search_term_string\"}}],\"inLanguage\":\"nl-NL\"},{\"@type\":\"Organization\",\"@id\":\"http:\\\/\\\/www.pharmacy4pets.nl\\\/#organization\",\"name\":\"Pharmacy4pets\",\"url\":\"http:\\\/\\\/www.pharmacy4pets.nl\\\/\",\"logo\":{\"@type\":\"ImageObject\",\"inLanguage\":\"nl-NL\",\"@id\":\"http:\\\/\\\/www.pharmacy4pets.nl\\\/#\\\/schema\\\/logo\\\/image\\\/\",\"url\":\"https:\\\/\\\/p4p-nl.bootmine.com\\\/wp-content\\\/uploads\\\/2026\\\/03\\\/logo-pharmacy4pets.png\",\"contentUrl\":\"https:\\\/\\\/p4p-nl.bootmine.com\\\/wp-content\\\/uploads\\\/2026\\\/03\\\/logo-pharmacy4pets.png\",\"width\":1024,\"height\":135,\"caption\":\"Pharmacy4pets\"},\"image\":{\"@id\":\"http:\\\/\\\/www.pharmacy4pets.nl\\\/#\\\/schema\\\/logo\\\/image\\\/\"},\"sameAs\":[\"https:\\\/\\\/www.facebook.com\\\/people\\\/Pharmacy4petsnl\\\/100063484989896\\\/\",\"https:\\\/\\\/www.youtube.com\\\/channel\\\/UCGPTIgucgli03tP2_kvLkHg\\\/featured\",\"https:\\\/\\\/www.instagram.com\\\/pharmacy4pets.nl\"]}]}<\/script>\n<!-- \/ Yoast SEO plugin. -->","yoast_head_json":{"title":"Bogadent Dental Water Additive Kat","description":"Bogadent Dental Water Additive Kat is een toevoeging voor in het drinkwater om tandplak en tandsteen preventief te verwijderen.","robots":{"index":"index","follow":"follow","max-snippet":"max-snippet:-1","max-image-preview":"max-image-preview:large","max-video-preview":"max-video-preview:-1"},"canonical":"https:\/\/www.pharmacy4pets.nl\/be\/bogar-bogadent-dental-water-additive-cat","og_locale":"nl_NL","og_type":"article","og_title":"Bogadent Dental Water Additive Kat","og_description":"Bogadent Dental Water Additive Kat is een toevoeging voor in het drinkwater om tandplak en tandsteen preventief te verwijderen.","og_url":"https:\/\/www.pharmacy4pets.nl\/be\/bogar-bogadent-dental-water-additive-cat","og_site_name":"Pharmacy4pets","article_publisher":"https:\/\/www.facebook.com\/people\/Pharmacy4petsnl\/100063484989896\/","article_modified_time":"2026-03-25T11:57:34+00:00","og_image":[{"width":147,"height":300,"url":"https:\/\/www.pharmacy4pets.nl\/wp-content\/uploads\/2017\/07\/23623.png","type":"image\/png"}],"twitter_card":"summary_large_image","schema":{"@context":"https:\/\/schema.org","@graph":[{"@type":"WebPage","@id":"https:\/\/www.pharmacy4pets.nl\/be\/bogar-bogadent-dental-water-additive-cat","url":"https:\/\/www.pharmacy4pets.nl\/be\/bogar-bogadent-dental-water-additive-cat","name":"Bogadent Dental Water Additive Kat","isPartOf":{"@id":"http:\/\/www.pharmacy4pets.nl\/#website"},"primaryImageOfPage":{"@id":"https:\/\/www.pharmacy4pets.nl\/be\/bogar-bogadent-dental-water-additive-cat#primaryimage"},"image":{"@id":"https:\/\/www.pharmacy4pets.nl\/be\/bogar-bogadent-dental-water-additive-cat#primaryimage"},"thumbnailUrl":"https:\/\/www.pharmacy4pets.nl\/wp-content\/uploads\/2017\/07\/23623.png","datePublished":"2017-07-12T07:26:37+00:00","dateModified":"2026-03-25T11:57:34+00:00","description":"Bogadent Dental Water Additive Kat is een toevoeging voor in het drinkwater om tandplak en tandsteen preventief te verwijderen.","breadcrumb":{"@id":"https:\/\/www.pharmacy4pets.nl\/be\/bogar-bogadent-dental-water-additive-cat#breadcrumb"},"inLanguage":"nl-NL","potentialAction":[{"@type":"ReadAction","target":["https:\/\/www.pharmacy4pets.nl\/be\/bogar-bogadent-dental-water-additive-cat"]}]},{"@type":"ImageObject","inLanguage":"nl-NL","@id":"https:\/\/www.pharmacy4pets.nl\/be\/bogar-bogadent-dental-water-additive-cat#primaryimage","url":"https:\/\/www.pharmacy4pets.nl\/wp-content\/uploads\/2017\/07\/23623.png","contentUrl":"https:\/\/www.pharmacy4pets.nl\/wp-content\/uploads\/2017\/07\/23623.png","width":147,"height":300,"caption":"Bogadent"},{"@type":"BreadcrumbList","@id":"https:\/\/www.pharmacy4pets.nl\/be\/bogar-bogadent-dental-water-additive-cat#breadcrumb","itemListElement":[{"@type":"ListItem","position":1,"name":"Home","item":"https:\/\/p4p-nl.bootmine.com\/"},{"@type":"ListItem","position":2,"name":"Winkel","item":"https:\/\/p4p-nl.bootmine.com\/winkel"},{"@type":"ListItem","position":3,"name":"Bogadent Dental Water Additive | Kat | 250 ml"}]},{"@type":"WebSite","@id":"http:\/\/www.pharmacy4pets.nl\/#website","url":"http:\/\/www.pharmacy4pets.nl\/","name":"Pharmacy4pets","description":"Pharmacy4pets.nl is d\u00e9 online apotheek waar u terecht kunt voor alle diergeneesmiddelen, verzorgingsproducten en dieetvoeding voor uw huisdier.","publisher":{"@id":"http:\/\/www.pharmacy4pets.nl\/#organization"},"potentialAction":[{"@type":"SearchAction","target":{"@type":"EntryPoint","urlTemplate":"http:\/\/www.pharmacy4pets.nl\/?s={search_term_string}"},"query-input":{"@type":"PropertyValueSpecification","valueRequired":true,"valueName":"search_term_string"}}],"inLanguage":"nl-NL"},{"@type":"Organization","@id":"http:\/\/www.pharmacy4pets.nl\/#organization","name":"Pharmacy4pets","url":"http:\/\/www.pharmacy4pets.nl\/","logo":{"@type":"ImageObject","inLanguage":"nl-NL","@id":"http:\/\/www.pharmacy4pets.nl\/#\/schema\/logo\/image\/","url":"https:\/\/p4p-nl.bootmine.com\/wp-content\/uploads\/2026\/03\/logo-pharmacy4pets.png","contentUrl":"https:\/\/p4p-nl.bootmine.com\/wp-content\/uploads\/2026\/03\/logo-pharmacy4pets.png","width":1024,"height":135,"caption":"Pharmacy4pets"},"image":{"@id":"http:\/\/www.pharmacy4pets.nl\/#\/schema\/logo\/image\/"},"sameAs":["https:\/\/www.facebook.com\/people\/Pharmacy4petsnl\/100063484989896\/","https:\/\/www.youtube.com\/channel\/UCGPTIgucgli03tP2_kvLkHg\/featured","https:\/\/www.instagram.com\/pharmacy4pets.nl"]}]}},"market_data":{"nl":{"price":0,"sale_price":0,"active":false,"url":null,"parent_url":"","tax_rate":0,"price_inc_tax":0,"sale_price_inc_tax":0},"de":{"price":0,"sale_price":0,"active":false,"url":null,"parent_url":"","tax_rate":0,"price_inc_tax":0,"sale_price_inc_tax":0},"be":{"price":0,"sale_price":0,"active":false,"url":null,"parent_url":"","tax_rate":0,"price_inc_tax":0,"sale_price_inc_tax":0},"fr":{"price":0,"sale_price":0,"active":false,"url":null,"parent_url":"","tax_rate":0,"price_inc_tax":0,"sale_price_inc_tax":0},"ch":{"price":0,"sale_price":0,"active":false,"url":null,"parent_url":"","tax_rate":0,"price_inc_tax":0,"sale_price_inc_tax":0},"at":{"price":0,"sale_price":0,"active":false,"url":null,"parent_url":"","tax_rate":0,"price_inc_tax":0,"sale_price_inc_tax":0},"es":{"price":0,"sale_price":0,"active":false,"url":null,"parent_url":"","tax_rate":0,"price_inc_tax":0,"sale_price_inc_tax":0},"dk":{"price":0,"sale_price":0,"active":false,"url":null,"parent_url":"","tax_rate":0,"price_inc_tax":0,"sale_price_inc_tax":0},"com":{"price":0,"sale_price":0,"active":false,"url":null,"parent_url":"","tax_rate":0,"price_inc_tax":0,"sale_price_inc_tax":0}},"market_nl_price":0,"market_nl_sale_price":0,"market_nl_active":false,"market_nl_url":null,"market_nl_parent_url":"","market_nl_tax_rate":0,"market_nl_price_inc_tax":0,"market_nl_sale_price_inc_tax":0,"market_de_price":0,"market_de_sale_price":0,"market_de_active":false,"market_de_url":null,"market_de_parent_url":"","market_de_tax_rate":0,"market_de_price_inc_tax":0,"market_de_sale_price_inc_tax":0,"market_be_price":0,"market_be_sale_price":0,"market_be_active":false,"market_be_url":null,"market_be_parent_url":"","market_be_tax_rate":0,"market_be_price_inc_tax":0,"market_be_sale_price_inc_tax":0,"market_fr_price":0,"market_fr_sale_price":0,"market_fr_active":false,"market_fr_url":null,"market_fr_parent_url":"","market_fr_tax_rate":0,"market_fr_price_inc_tax":0,"market_fr_sale_price_inc_tax":0,"market_ch_price":0,"market_ch_sale_price":0,"market_ch_active":false,"market_ch_url":null,"market_ch_parent_url":"","market_ch_tax_rate":0,"market_ch_price_inc_tax":0,"market_ch_sale_price_inc_tax":0,"market_at_price":0,"market_at_sale_price":0,"market_at_active":false,"market_at_url":null,"market_at_parent_url":"","market_at_tax_rate":0,"market_at_price_inc_tax":0,"market_at_sale_price_inc_tax":0,"market_es_price":0,"market_es_sale_price":0,"market_es_active":false,"market_es_url":null,"market_es_parent_url":"","market_es_tax_rate":0,"market_es_price_inc_tax":0,"market_es_sale_price_inc_tax":0,"market_dk_price":0,"market_dk_sale_price":0,"market_dk_active":false,"market_dk_url":null,"market_dk_parent_url":"","market_dk_tax_rate":0,"market_dk_price_inc_tax":0,"market_dk_sale_price_inc_tax":0,"market_com_price":0,"market_com_sale_price":0,"market_com_active":false,"market_com_url":null,"market_com_parent_url":"","market_com_tax_rate":0,"market_com_price_inc_tax":0,"market_com_sale_price_inc_tax":0,"acf":[],"_links":{"self":[{"href":"https:\/\/www.pharmacy4pets.nl\/be\/wp-json\/wp\/v2\/product\/118226","targetHints":{"allow":["GET"]}}],"collection":[{"href":"https:\/\/www.pharmacy4pets.nl\/be\/wp-json\/wp\/v2\/product"}],"about":[{"href":"https:\/\/www.pharmacy4pets.nl\/be\/wp-json\/wp\/v2\/types\/product"}],"replies":[{"embeddable":true,"href":"https:\/\/www.pharmacy4pets.nl\/be\/wp-json\/wp\/v2\/comments?post=118226"}],"wp:featuredmedia":[{"embeddable":true,"href":"https:\/\/www.pharmacy4pets.nl\/be\/wp-json\/wp\/v2\/media\/118223"}],"wp:attachment":[{"href":"https:\/\/www.pharmacy4pets.nl\/be\/wp-json\/wp\/v2\/media?parent=118226"}],"wp:term":[{"taxonomy":"product_brand","embeddable":true,"href":"https:\/\/www.pharmacy4pets.nl\/be\/wp-json\/wp\/v2\/product_brand?post=118226"},{"taxonomy":"product_cat","embeddable":true,"href":"https:\/\/www.pharmacy4pets.nl\/be\/wp-json\/wp\/v2\/product_cat?post=118226"},{"taxonomy":"product_tag","embeddable":true,"href":"https:\/\/www.pharmacy4pets.nl\/be\/wp-json\/wp\/v2\/product_tag?post=118226"}],"curies":[{"name":"wp","href":"https:\/\/api.w.org\/{rel}","templated":true}]}}