{"id":118210,"date":"2017-07-11T13:17:56","date_gmt":"2017-07-11T13:17:56","guid":{"rendered":"https:\/\/p4p.test\/bogar-bogadent-dental-lipo-gel-dog-3"},"modified":"2026-03-25T11:57:33","modified_gmt":"2026-03-25T11:57:33","slug":"bogar-bogadent-dental-lipo-gel-dog","status":"publish","type":"product","link":"https:\/\/www.pharmacy4pets.nl\/be\/bogar-bogadent-dental-lipo-gel-dog","title":{"rendered":"Bogadent Dental Lipo Gel | Hond | 100 ml"},"content":{"rendered":"<p>Bogadent Dental Lipo-Gel van het merk Bogar is een tandreinigende gel die bestaat uit zachte reinigingsmiddelen en geselecteerde oli&euml;n. De innovatieve formule reinigt de tanden effectief en vormt een beschermende laag op de tanden en het tandvlees. Bogadent Dental Lipo-Gel is het meest effectief wanneer het gebruikt wordt in combinatie met de Bogadent Anti-Plaque Finger of Silicone Finger. Inslikken van de tandgel door uw hond is ongevaarlijk.<\/p>\n<p>Receptuur met amandel- en distelolie voor een ontstekingsremmend effect en helpen tandsteen te voorkomen en gaan een slechte adem tegen. Met zachte schurende deeltjes die zorgen voor een verbeterde verwijdering van tandplak en een verbeterde reiniging. Vitamine E beschermt het tandvlees en houdt deze vochtig.<\/p>\n<p>Laat uw huisdier zo jong mogelijk wennen aan mond- en gebitshygi&euml;ne, wees zeer zacht en maak zo veel mogelijk gebruik van een speelse benadering<\/p>\n<p><span style=\"text-decoration: underline;\">Toediening:<br \/><\/span>Gebruik Lipo-Gel voor dagelijkse reiniging samen met de Bogadent Anti-Plaque Finger of Silicone Finger.<br \/>Breng een beetje Dental Lipo-Gel aan en poets de tanden zowel aan de binnen- als buitenkant met zachte cirkelvormige bewegingen.<\/p>\n<p><span style=\"text-decoration: underline;\">Dosering:<br \/><\/span>&#8211;<\/p>\n<p><span style=\"text-decoration: underline;\">Verpakking:<br \/><\/span>Tube 100ml<\/p>\n","protected":false},"excerpt":{"rendered":"<p>Bogadent Dental Lipo-Gel van het merk Bogar is een tandreinigende gel die bestaat uit zachte reinigingsmiddelen en geselecteerde oli&euml;n. De innovatieve formule reinigt de tanden effectief en vormt een beschermende laag op de tanden en het tandvlees. Bogadent Dental Lipo-Gel is het meest effectief wanneer het gebruikt wordt in combinatie met de Bogadent Anti-Plaque Finger [&hellip;]<\/p>\n","protected":false},"featured_media":118209,"comment_status":"open","ping_status":"closed","template":"","meta":{"_acf_changed":false,"_nl_post_content":"<p>Bogadent Dental Lipo-Gel van het merk Bogar is een tandreinigende gel die bestaat uit zachte reinigingsmiddelen en geselecteerde oli&euml;n. De innovatieve formule reinigt de tanden effectief en vormt een beschermende laag op de tanden en het tandvlees. Bogadent Dental Lipo-Gel is het meest effectief wanneer het gebruikt wordt in combinatie met de Bogadent Anti-Plaque Finger of Silicone Finger. Inslikken van de tandgel door uw hond is ongevaarlijk.<\/p>\r\n<p>Receptuur met amandel- en distelolie voor een ontstekingsremmend effect en helpen tandsteen te voorkomen en gaan een slechte adem tegen. Met zachte schurende deeltjes die zorgen voor een verbeterde verwijdering van tandplak en een verbeterde reiniging. Vitamine E beschermt het tandvlees en houdt deze vochtig.<\/p>\r\n<p>Laat uw huisdier zo jong mogelijk wennen aan mond- en gebitshygi&euml;ne, wees zeer zacht en maak zo veel mogelijk gebruik van een speelse benadering<\/p>\r\n<p><span style=\"text-decoration: underline;\">Toediening:<br \/><\/span>Gebruik Lipo-Gel voor dagelijkse reiniging samen met de Bogadent Anti-Plaque Finger of Silicone Finger.<br \/>Breng een beetje Dental Lipo-Gel aan en poets de tanden zowel aan de binnen- als buitenkant met zachte cirkelvormige bewegingen.<\/p>\r\n<p><span style=\"text-decoration: underline;\">Dosering:<br \/><\/span>-<\/p>\r\n<p><span style=\"text-decoration: underline;\">Verpakking:<br \/><\/span>Tube 100ml<\/p>","_nl_post_name":"bogar-bogadent-dental-lipo-gel-dog","_nl_post_excerpt":"","_nl_post_title":"Bogadent Dental Lipo Gel | Hond | 100 ml","_en_post_content":"<p>Bogadent Dental Lipo-Gel from Bogar is a tooth-cleaning gel composed of gentle cleaning agents and selected oils. Its innovative formula cleans the teeth effectively and forms a protective film on the teeth and gums. Bogadent Dental Lipo-Gel is most effective when used together with our Bogadent Anti-Plaque Finger or Bogadent Silicone Finger. The tooth gel is harmless if swallowed.<\/p>\r\n<p>With almond and safflower oil for the prevention of tartar and bad breath. With soft abrasive particles for improved removal of plaque and cleaning. Oil film seals the periodontal pockets and softens tartar. Cell-protective vitamin E protects the gum and keeps it moist.<\/p>\r\n<p>Get your pet used to teeth-cleaning and oral hygiene as soon as possible, be extremely gentle and introduce as much play as possible to ensure care is effective.<\/p>\r\n<p><span style=\"text-decoration: underline;\">Administration:<br \/><\/span>Use Lipo-Gel for daily cleaning together with the Bogadent Anti-Plaque Finger or Silicone Finger.<br \/>Apply a little bit of Dental Lipo-Gel and clean the outer and inner areas of the canine and molar teeth with equal circling movements.<\/p>\r\n<p><span style=\"text-decoration: underline;\">Dosage:<br \/><\/span>-<\/p>\r\n<p><span style=\"text-decoration: underline;\">Package:<br \/><\/span>Tube 100ml.<\/p>","_en_post_name":"bogar-bogadent-dental-lipo-gel-dog","_en_post_excerpt":"","_en_post_title":"Bogadent Dental Lipo Gel | Dog | 100 ml","_de_post_content":"<p>Bogadent Dental Lipo-Gel Hund von Bogar ist ein besonders schmackhaftes Zahnreinigungs-Gel bestehend aus sanften Putzk&ouml;rperchen und erlesenen &Ouml;len. Die neuartige Rezeptur sorgt f&uuml;r eine effektive Zahnreinigung und bildet gleichzeitig einen Schutzfilm auf Z&auml;hnen und Zahnfleisch. Verwenden Sie das Bogadent Dental Lipo-Gel idealerweise mit unserem Bogadent Anti-Plaque Finger oder Bogadent Silicone Finger. Das Verschlucken des Zahn Gels ist unbedenklich.<\/p>\r\n<p>Mit Mandel- und Distel &Ouml;l f&uuml;r eine verbesserte Entfernung von Plaque und Reinigung. &Ouml;le bilden einen Schutzfilm auf den Z&auml;hnen und \"versiegeln\" die Zahntaschen. Vitamin E sch&uuml;tzt das Zahnfleisch und h&auml;lt es feucht<\/p>\r\n<p>Gew&ouml;hnen Sie Ihren Haustier m&ouml;glichst fr&uuml;h, behutsam und spielerisch an eine effektive Zahn- und Mundhygiene.<\/p>\r\n<p><span style=\"text-decoration: underline;\">Anwendung:<br \/><\/span>Benutzen Sie das Lipo-Gel f&uuml;r die t&auml;gliche Reinigung mit unserem Bogadent Anti-Plaque Finger oder Silicone Finger. Tragen Sie dazu etwas Dental Lipo-Gel auf und reinigen Sie die Au&szlig;enfl&auml;chen und Innenfl&auml;chen der Eck- und Backenz&auml;hne mit gleichm&auml;&szlig;ig kreisenden Bewegungen.<\/p>\r\n<p><span style=\"text-decoration: underline;\">Dosierung:<br \/><\/span>-<\/p>\r\n<p><span style=\"text-decoration: underline;\">Verpackung:<br \/><\/span>Tube 100ml<\/p>","_de_post_name":"bogar-bogadent-dental-lipo-gel-dog","_de_post_excerpt":"","_de_post_title":"Bogadent Dental Lipo Gel | Hund | 100 ml","_fr_post_content":"<p>Le Lipo-Gel dentaire Bogadent de la marque Bogar est un gel nettoyant pour les dents compos\u00e9 de nettoyants doux et d'huiles s\u00e9lectionn\u00e9es. La formule innovante nettoie efficacement les dents et forme une couche protectrice sur les dents et les gencives. Le Lipo-Gel dentaire Bogadent est plus efficace lorsqu'il est utilis\u00e9 en combinaison avec le Bogadent Anti-Plaque Finger ou le Silicone Finger. L'ingestion du gel dentaire par votre chien est inoffensive.<\/p>\r\n<p>Formul\u00e9 avec des huiles d'amande et de chardon pour un effet anti-inflammatoire et aide \u00e0 pr\u00e9venir le tartre et contre la mauvaise haleine. Avec des particules abrasives douces qui am\u00e9liorent l'\u00e9limination de la plaque et le nettoyage. La vitamine E prot\u00e8ge les gencives et les garde humides.<\/p>\r\n<p>Initiez votre animal \u00e0 l'hygi\u00e8ne buccale et dentaire d\u00e8s son plus jeune \u00e2ge, soyez tr\u00e8s doux et utilisez une approche ludique autant que possible.<\/p>\r\n<p>Administration :<br \/>Utilisez le Lipo-Gel pour le nettoyage quotidien avec le Bogadent Anti-Plaque Finger ou le Silicone Finger.<br \/>Appliquez un peu de Lipo-Gel dentaire et brossez les dents \u00e0 l'int\u00e9rieur et \u00e0 l'ext\u00e9rieur avec de l\u00e9gers mouvements circulaires.<\/p>\r\n<p>Dosage :<br \/>-<\/p>\r\n<p>Emballage :<br \/>Tube 100ml<\/p>","_fr_post_name":"bogar-bogadent-dental-lipo-gel-chien","_fr_post_excerpt":"","_fr_post_title":"Bogadent Dental Lipo Gel | Chien | 100 ml","_es_post_content":"<p>Bogadent Dental Lipo-Gel de Bogar es un gel de limpieza dental compuesto por agentes limpiadores suaves y aceites seleccionados. La f\u00f3rmula innovadora limpia los dientes de manera efectiva y forma una capa protectora sobre los dientes y las enc\u00edas. Bogadent Dental Lipo-Gel es m\u00e1s efectivo cuando se usa en combinaci\u00f3n con el dedo antiplaca de Bogadent o el dedo de silicona. La ingesti\u00f3n del gel dental por parte de su perro es inofensiva.<\/p>\r\n<p>Receta con aceite de almendras y cardo para un efecto antiinflamatorio y ayudar a prevenir el sarro y el mal aliento. Con part\u00edculas abrasivas suaves que proporcionan una mejor eliminaci\u00f3n y limpieza de la placa. La vitamina E protege las enc\u00edas y las mantiene h\u00famedas.<\/p>\r\n<p>Acostumbre a su mascota a la higiene bucal y dental lo antes posible, sea muy amable y use un enfoque l\u00fadico tanto como sea posible.<\/p>\r\n<p><span style=\"text-decoration: underline;\">Administraci\u00f3n:<\/span><br \/>Utilice Lipo-Gel para la limpieza diaria junto con el dedo antiplaca de Bogadent o el dedo de silicona.<br \/>Aplicar un poco de Dental Lipo-Gel y cepillar los dientes por dentro y por fuera con suaves movimientos circulares.<\/p>\r\n<p><span style=\"text-decoration: underline;\">Dosis:<\/span><br \/>-<\/p>\r\n<p><span style=\"text-decoration: underline;\">Embalaje:<\/span><br \/>Tubo 100ml.<\/p>","_es_post_name":"bogar-bogadent-dental-lipo-gel-perros","_es_post_excerpt":"","_es_post_title":"Bogadent Dental Lipo Gel | Perros | 100 ml","edit_language":"nl"},"product_brand":[],"product_cat":[1861,2029,1842,1117,1839,1857,2128,1863],"product_tag":[],"class_list":{"0":"post-118210","1":"product","2":"type-product","3":"status-publish","4":"has-post-thumbnail","6":"product_cat-benodigdheden","7":"product_cat-bogadent","8":"product_cat-gebit","9":"product_cat-honden","10":"product_cat-medicijnen-supplementen","11":"product_cat-merken","12":"product_cat-tandenborstels-en-tandpasta","13":"product_cat-verzorging","14":"pa_aandoening-gebit","15":"pa_doeldier-hond","16":"pa_fabricatieland-zwitserland","17":"pa_merkfilter-bogadent","18":"pa_merkgroep-bogar","19":"pa_productsoort-overig","20":"pa_seo_canonical_store_id-not_found_value","21":"pa_seo_category-not_found_value","22":"pa_seo_meta_robots-not_found_value","23":"pa_toedieningswijze-gel","24":"pa_unit_pricing_base_measure-10ml","25":"pa_unit_pricing_measure-100ml","26":"pa_werkzamestof-overig","28":"first","29":"instock","30":"taxable","31":"shipping-taxable","32":"purchasable","33":"product-type-simple"},"yoast_head":"<!-- This site is optimized with the Yoast SEO plugin v27.5 - https:\/\/yoast.com\/product\/yoast-seo-wordpress\/ -->\n<title>Bogadent Dental Lipo-Gel Hond<\/title>\n<meta name=\"description\" content=\"Bogadent Dental Lipo-Gel van Bogar is een tand reinigende gel die bestaat uit zachte reinigingsmiddelen en geselecteerde oli\u00ebn\" \/>\n<meta name=\"robots\" content=\"index, follow, max-snippet:-1, max-image-preview:large, max-video-preview:-1\" \/>\n<link rel=\"canonical\" href=\"https:\/\/p4p-nl.bootmine.com\/%product-slug%\/bogar-bogadent-dental-lipo-gel-dog\" \/>\n<meta property=\"og:locale\" content=\"nl_NL\" \/>\n<meta property=\"og:type\" content=\"article\" \/>\n<meta property=\"og:title\" content=\"Bogadent Dental Lipo-Gel Hond\" \/>\n<meta property=\"og:description\" content=\"Bogadent Dental Lipo-Gel van Bogar is een tand reinigende gel die bestaat uit zachte reinigingsmiddelen en geselecteerde oli\u00ebn\" \/>\n<meta property=\"og:url\" content=\"https:\/\/p4p-nl.bootmine.com\/%product-slug%\/bogar-bogadent-dental-lipo-gel-dog\" \/>\n<meta property=\"og:site_name\" content=\"Pharmacy4pets\" \/>\n<meta property=\"article:publisher\" content=\"https:\/\/www.facebook.com\/people\/Pharmacy4petsnl\/100063484989896\/\" \/>\n<meta property=\"article:modified_time\" content=\"2026-03-25T11:57:33+00:00\" \/>\n<meta property=\"og:image\" content=\"https:\/\/p4p-nl.bootmine.com\/wp-content\/uploads\/2017\/07\/23605.jpg\" \/>\n\t<meta property=\"og:image:width\" content=\"310\" \/>\n\t<meta property=\"og:image:height\" content=\"310\" \/>\n\t<meta property=\"og:image:type\" content=\"image\/jpeg\" \/>\n<meta name=\"twitter:card\" content=\"summary_large_image\" \/>\n<meta name=\"twitter:label1\" content=\"Geschatte leestijd\" \/>\n\t<meta name=\"twitter:data1\" content=\"1 minuut\" \/>\n<script type=\"application\/ld+json\" class=\"yoast-schema-graph\">{\"@context\":\"https:\\\/\\\/schema.org\",\"@graph\":[{\"@type\":\"WebPage\",\"@id\":\"https:\\\/\\\/p4p-nl.bootmine.com\\\/%product-slug%\\\/bogar-bogadent-dental-lipo-gel-dog\",\"url\":\"https:\\\/\\\/p4p-nl.bootmine.com\\\/%product-slug%\\\/bogar-bogadent-dental-lipo-gel-dog\",\"name\":\"Bogadent Dental Lipo-Gel Hond\",\"isPartOf\":{\"@id\":\"http:\\\/\\\/www.pharmacy4pets.nl\\\/#website\"},\"primaryImageOfPage\":{\"@id\":\"https:\\\/\\\/p4p-nl.bootmine.com\\\/%product-slug%\\\/bogar-bogadent-dental-lipo-gel-dog#primaryimage\"},\"image\":{\"@id\":\"https:\\\/\\\/p4p-nl.bootmine.com\\\/%product-slug%\\\/bogar-bogadent-dental-lipo-gel-dog#primaryimage\"},\"thumbnailUrl\":\"https:\\\/\\\/www.pharmacy4pets.nl\\\/wp-content\\\/uploads\\\/2017\\\/07\\\/23605.jpg\",\"datePublished\":\"2017-07-11T13:17:56+00:00\",\"dateModified\":\"2026-03-25T11:57:33+00:00\",\"description\":\"Bogadent Dental Lipo-Gel van Bogar is een tand reinigende gel die bestaat uit zachte reinigingsmiddelen en geselecteerde oli\u00ebn\",\"breadcrumb\":{\"@id\":\"https:\\\/\\\/p4p-nl.bootmine.com\\\/%product-slug%\\\/bogar-bogadent-dental-lipo-gel-dog#breadcrumb\"},\"inLanguage\":\"nl-NL\",\"potentialAction\":[{\"@type\":\"ReadAction\",\"target\":[\"https:\\\/\\\/p4p-nl.bootmine.com\\\/%product-slug%\\\/bogar-bogadent-dental-lipo-gel-dog\"]}]},{\"@type\":\"ImageObject\",\"inLanguage\":\"nl-NL\",\"@id\":\"https:\\\/\\\/p4p-nl.bootmine.com\\\/%product-slug%\\\/bogar-bogadent-dental-lipo-gel-dog#primaryimage\",\"url\":\"https:\\\/\\\/www.pharmacy4pets.nl\\\/wp-content\\\/uploads\\\/2017\\\/07\\\/23605.jpg\",\"contentUrl\":\"https:\\\/\\\/www.pharmacy4pets.nl\\\/wp-content\\\/uploads\\\/2017\\\/07\\\/23605.jpg\",\"width\":310,\"height\":310,\"caption\":\"Bogadent\"},{\"@type\":\"BreadcrumbList\",\"@id\":\"https:\\\/\\\/p4p-nl.bootmine.com\\\/%product-slug%\\\/bogar-bogadent-dental-lipo-gel-dog#breadcrumb\",\"itemListElement\":[{\"@type\":\"ListItem\",\"position\":1,\"name\":\"Home\",\"item\":\"https:\\\/\\\/p4p-nl.bootmine.com\\\/\"},{\"@type\":\"ListItem\",\"position\":2,\"name\":\"Winkel\",\"item\":\"https:\\\/\\\/p4p-nl.bootmine.com\\\/winkel\"},{\"@type\":\"ListItem\",\"position\":3,\"name\":\"Bogadent Dental Lipo Gel | Hond | 100 ml\"}]},{\"@type\":\"WebSite\",\"@id\":\"http:\\\/\\\/www.pharmacy4pets.nl\\\/#website\",\"url\":\"http:\\\/\\\/www.pharmacy4pets.nl\\\/\",\"name\":\"Pharmacy4pets\",\"description\":\"Pharmacy4pets.nl is d\u00e9 online apotheek waar u terecht kunt voor alle diergeneesmiddelen, verzorgingsproducten en dieetvoeding voor uw huisdier.\",\"publisher\":{\"@id\":\"http:\\\/\\\/www.pharmacy4pets.nl\\\/#organization\"},\"potentialAction\":[{\"@type\":\"SearchAction\",\"target\":{\"@type\":\"EntryPoint\",\"urlTemplate\":\"http:\\\/\\\/www.pharmacy4pets.nl\\\/?s={search_term_string}\"},\"query-input\":{\"@type\":\"PropertyValueSpecification\",\"valueRequired\":true,\"valueName\":\"search_term_string\"}}],\"inLanguage\":\"nl-NL\"},{\"@type\":\"Organization\",\"@id\":\"http:\\\/\\\/www.pharmacy4pets.nl\\\/#organization\",\"name\":\"Pharmacy4pets\",\"url\":\"http:\\\/\\\/www.pharmacy4pets.nl\\\/\",\"logo\":{\"@type\":\"ImageObject\",\"inLanguage\":\"nl-NL\",\"@id\":\"http:\\\/\\\/www.pharmacy4pets.nl\\\/#\\\/schema\\\/logo\\\/image\\\/\",\"url\":\"https:\\\/\\\/p4p-nl.bootmine.com\\\/wp-content\\\/uploads\\\/2026\\\/03\\\/logo-pharmacy4pets.png\",\"contentUrl\":\"https:\\\/\\\/p4p-nl.bootmine.com\\\/wp-content\\\/uploads\\\/2026\\\/03\\\/logo-pharmacy4pets.png\",\"width\":1024,\"height\":135,\"caption\":\"Pharmacy4pets\"},\"image\":{\"@id\":\"http:\\\/\\\/www.pharmacy4pets.nl\\\/#\\\/schema\\\/logo\\\/image\\\/\"},\"sameAs\":[\"https:\\\/\\\/www.facebook.com\\\/people\\\/Pharmacy4petsnl\\\/100063484989896\\\/\",\"https:\\\/\\\/www.youtube.com\\\/channel\\\/UCGPTIgucgli03tP2_kvLkHg\\\/featured\",\"https:\\\/\\\/www.instagram.com\\\/pharmacy4pets.nl\"]}]}<\/script>\n<!-- \/ Yoast SEO plugin. -->","yoast_head_json":{"title":"Bogadent Dental Lipo-Gel Hond","description":"Bogadent Dental Lipo-Gel van Bogar is een tand reinigende gel die bestaat uit zachte reinigingsmiddelen en geselecteerde oli\u00ebn","robots":{"index":"index","follow":"follow","max-snippet":"max-snippet:-1","max-image-preview":"max-image-preview:large","max-video-preview":"max-video-preview:-1"},"canonical":"https:\/\/p4p-nl.bootmine.com\/%product-slug%\/bogar-bogadent-dental-lipo-gel-dog","og_locale":"nl_NL","og_type":"article","og_title":"Bogadent Dental Lipo-Gel Hond","og_description":"Bogadent Dental Lipo-Gel van Bogar is een tand reinigende gel die bestaat uit zachte reinigingsmiddelen en geselecteerde oli\u00ebn","og_url":"https:\/\/p4p-nl.bootmine.com\/%product-slug%\/bogar-bogadent-dental-lipo-gel-dog","og_site_name":"Pharmacy4pets","article_publisher":"https:\/\/www.facebook.com\/people\/Pharmacy4petsnl\/100063484989896\/","article_modified_time":"2026-03-25T11:57:33+00:00","og_image":[{"width":310,"height":310,"url":"https:\/\/p4p-nl.bootmine.com\/wp-content\/uploads\/2017\/07\/23605.jpg","type":"image\/jpeg"}],"twitter_card":"summary_large_image","twitter_misc":{"Geschatte leestijd":"1 minuut"},"schema":{"@context":"https:\/\/schema.org","@graph":[{"@type":"WebPage","@id":"https:\/\/p4p-nl.bootmine.com\/%product-slug%\/bogar-bogadent-dental-lipo-gel-dog","url":"https:\/\/p4p-nl.bootmine.com\/%product-slug%\/bogar-bogadent-dental-lipo-gel-dog","name":"Bogadent Dental Lipo-Gel Hond","isPartOf":{"@id":"http:\/\/www.pharmacy4pets.nl\/#website"},"primaryImageOfPage":{"@id":"https:\/\/p4p-nl.bootmine.com\/%product-slug%\/bogar-bogadent-dental-lipo-gel-dog#primaryimage"},"image":{"@id":"https:\/\/p4p-nl.bootmine.com\/%product-slug%\/bogar-bogadent-dental-lipo-gel-dog#primaryimage"},"thumbnailUrl":"https:\/\/www.pharmacy4pets.nl\/wp-content\/uploads\/2017\/07\/23605.jpg","datePublished":"2017-07-11T13:17:56+00:00","dateModified":"2026-03-25T11:57:33+00:00","description":"Bogadent Dental Lipo-Gel van Bogar is een tand reinigende gel die bestaat uit zachte reinigingsmiddelen en geselecteerde oli\u00ebn","breadcrumb":{"@id":"https:\/\/p4p-nl.bootmine.com\/%product-slug%\/bogar-bogadent-dental-lipo-gel-dog#breadcrumb"},"inLanguage":"nl-NL","potentialAction":[{"@type":"ReadAction","target":["https:\/\/p4p-nl.bootmine.com\/%product-slug%\/bogar-bogadent-dental-lipo-gel-dog"]}]},{"@type":"ImageObject","inLanguage":"nl-NL","@id":"https:\/\/p4p-nl.bootmine.com\/%product-slug%\/bogar-bogadent-dental-lipo-gel-dog#primaryimage","url":"https:\/\/www.pharmacy4pets.nl\/wp-content\/uploads\/2017\/07\/23605.jpg","contentUrl":"https:\/\/www.pharmacy4pets.nl\/wp-content\/uploads\/2017\/07\/23605.jpg","width":310,"height":310,"caption":"Bogadent"},{"@type":"BreadcrumbList","@id":"https:\/\/p4p-nl.bootmine.com\/%product-slug%\/bogar-bogadent-dental-lipo-gel-dog#breadcrumb","itemListElement":[{"@type":"ListItem","position":1,"name":"Home","item":"https:\/\/p4p-nl.bootmine.com\/"},{"@type":"ListItem","position":2,"name":"Winkel","item":"https:\/\/p4p-nl.bootmine.com\/winkel"},{"@type":"ListItem","position":3,"name":"Bogadent Dental Lipo Gel | Hond | 100 ml"}]},{"@type":"WebSite","@id":"http:\/\/www.pharmacy4pets.nl\/#website","url":"http:\/\/www.pharmacy4pets.nl\/","name":"Pharmacy4pets","description":"Pharmacy4pets.nl is d\u00e9 online apotheek waar u terecht kunt voor alle diergeneesmiddelen, verzorgingsproducten en dieetvoeding voor uw huisdier.","publisher":{"@id":"http:\/\/www.pharmacy4pets.nl\/#organization"},"potentialAction":[{"@type":"SearchAction","target":{"@type":"EntryPoint","urlTemplate":"http:\/\/www.pharmacy4pets.nl\/?s={search_term_string}"},"query-input":{"@type":"PropertyValueSpecification","valueRequired":true,"valueName":"search_term_string"}}],"inLanguage":"nl-NL"},{"@type":"Organization","@id":"http:\/\/www.pharmacy4pets.nl\/#organization","name":"Pharmacy4pets","url":"http:\/\/www.pharmacy4pets.nl\/","logo":{"@type":"ImageObject","inLanguage":"nl-NL","@id":"http:\/\/www.pharmacy4pets.nl\/#\/schema\/logo\/image\/","url":"https:\/\/p4p-nl.bootmine.com\/wp-content\/uploads\/2026\/03\/logo-pharmacy4pets.png","contentUrl":"https:\/\/p4p-nl.bootmine.com\/wp-content\/uploads\/2026\/03\/logo-pharmacy4pets.png","width":1024,"height":135,"caption":"Pharmacy4pets"},"image":{"@id":"http:\/\/www.pharmacy4pets.nl\/#\/schema\/logo\/image\/"},"sameAs":["https:\/\/www.facebook.com\/people\/Pharmacy4petsnl\/100063484989896\/","https:\/\/www.youtube.com\/channel\/UCGPTIgucgli03tP2_kvLkHg\/featured","https:\/\/www.instagram.com\/pharmacy4pets.nl"]}]}},"market_data":{"nl":{"price":0,"sale_price":0,"active":false,"url":null,"parent_url":"","tax_rate":0,"price_inc_tax":0,"sale_price_inc_tax":0},"de":{"price":0,"sale_price":0,"active":false,"url":null,"parent_url":"","tax_rate":0,"price_inc_tax":0,"sale_price_inc_tax":0},"be":{"price":0,"sale_price":0,"active":false,"url":null,"parent_url":"","tax_rate":0,"price_inc_tax":0,"sale_price_inc_tax":0},"fr":{"price":0,"sale_price":0,"active":false,"url":null,"parent_url":"","tax_rate":0,"price_inc_tax":0,"sale_price_inc_tax":0},"ch":{"price":0,"sale_price":0,"active":false,"url":null,"parent_url":"","tax_rate":0,"price_inc_tax":0,"sale_price_inc_tax":0},"at":{"price":0,"sale_price":0,"active":false,"url":null,"parent_url":"","tax_rate":0,"price_inc_tax":0,"sale_price_inc_tax":0},"es":{"price":0,"sale_price":0,"active":false,"url":null,"parent_url":"","tax_rate":0,"price_inc_tax":0,"sale_price_inc_tax":0},"dk":{"price":0,"sale_price":0,"active":false,"url":null,"parent_url":"","tax_rate":0,"price_inc_tax":0,"sale_price_inc_tax":0},"com":{"price":0,"sale_price":0,"active":false,"url":null,"parent_url":"","tax_rate":0,"price_inc_tax":0,"sale_price_inc_tax":0}},"market_nl_price":0,"market_nl_sale_price":0,"market_nl_active":false,"market_nl_url":null,"market_nl_parent_url":"","market_nl_tax_rate":0,"market_nl_price_inc_tax":0,"market_nl_sale_price_inc_tax":0,"market_de_price":0,"market_de_sale_price":0,"market_de_active":false,"market_de_url":null,"market_de_parent_url":"","market_de_tax_rate":0,"market_de_price_inc_tax":0,"market_de_sale_price_inc_tax":0,"market_be_price":0,"market_be_sale_price":0,"market_be_active":false,"market_be_url":null,"market_be_parent_url":"","market_be_tax_rate":0,"market_be_price_inc_tax":0,"market_be_sale_price_inc_tax":0,"market_fr_price":0,"market_fr_sale_price":0,"market_fr_active":false,"market_fr_url":null,"market_fr_parent_url":"","market_fr_tax_rate":0,"market_fr_price_inc_tax":0,"market_fr_sale_price_inc_tax":0,"market_ch_price":0,"market_ch_sale_price":0,"market_ch_active":false,"market_ch_url":null,"market_ch_parent_url":"","market_ch_tax_rate":0,"market_ch_price_inc_tax":0,"market_ch_sale_price_inc_tax":0,"market_at_price":0,"market_at_sale_price":0,"market_at_active":false,"market_at_url":null,"market_at_parent_url":"","market_at_tax_rate":0,"market_at_price_inc_tax":0,"market_at_sale_price_inc_tax":0,"market_es_price":0,"market_es_sale_price":0,"market_es_active":false,"market_es_url":null,"market_es_parent_url":"","market_es_tax_rate":0,"market_es_price_inc_tax":0,"market_es_sale_price_inc_tax":0,"market_dk_price":0,"market_dk_sale_price":0,"market_dk_active":false,"market_dk_url":null,"market_dk_parent_url":"","market_dk_tax_rate":0,"market_dk_price_inc_tax":0,"market_dk_sale_price_inc_tax":0,"market_com_price":0,"market_com_sale_price":0,"market_com_active":false,"market_com_url":null,"market_com_parent_url":"","market_com_tax_rate":0,"market_com_price_inc_tax":0,"market_com_sale_price_inc_tax":0,"acf":[],"_links":{"self":[{"href":"https:\/\/www.pharmacy4pets.nl\/be\/wp-json\/wp\/v2\/product\/118210","targetHints":{"allow":["GET"]}}],"collection":[{"href":"https:\/\/www.pharmacy4pets.nl\/be\/wp-json\/wp\/v2\/product"}],"about":[{"href":"https:\/\/www.pharmacy4pets.nl\/be\/wp-json\/wp\/v2\/types\/product"}],"replies":[{"embeddable":true,"href":"https:\/\/www.pharmacy4pets.nl\/be\/wp-json\/wp\/v2\/comments?post=118210"}],"wp:featuredmedia":[{"embeddable":true,"href":"https:\/\/www.pharmacy4pets.nl\/be\/wp-json\/wp\/v2\/media\/118209"}],"wp:attachment":[{"href":"https:\/\/www.pharmacy4pets.nl\/be\/wp-json\/wp\/v2\/media?parent=118210"}],"wp:term":[{"taxonomy":"product_brand","embeddable":true,"href":"https:\/\/www.pharmacy4pets.nl\/be\/wp-json\/wp\/v2\/product_brand?post=118210"},{"taxonomy":"product_cat","embeddable":true,"href":"https:\/\/www.pharmacy4pets.nl\/be\/wp-json\/wp\/v2\/product_cat?post=118210"},{"taxonomy":"product_tag","embeddable":true,"href":"https:\/\/www.pharmacy4pets.nl\/be\/wp-json\/wp\/v2\/product_tag?post=118210"}],"curies":[{"name":"wp","href":"https:\/\/api.w.org\/{rel}","templated":true}]}}