{"id":118204,"date":"2017-07-11T13:08:21","date_gmt":"2017-07-11T13:08:21","guid":{"rendered":"https:\/\/p4p.test\/bogadent-dental-hydro-gel-hond"},"modified":"2026-03-25T11:57:32","modified_gmt":"2026-03-25T11:57:32","slug":"bogadent-dental-hydro-gel-hond","status":"publish","type":"product","link":"https:\/\/www.pharmacy4pets.nl\/be\/bogadent-dental-hydro-gel-hond","title":{"rendered":"Bogadent Dental Hydro Gel | Hond | 100 ml"},"content":{"rendered":"<p>Bogadent Dental Hydro-Gel van Bogar is een soort &lsquo;mondwater&rsquo; voor honden, te gebruiken direct na de reguliere mondreiniging. Breng de antibacteri&euml;le gel met de vingertoppen aan de binnen- en buitenkant van de tanden en langs de rand van het tandvlees. De gel zal de bacteri&euml;le groei remmen en de opbouw van tandplak en tandsteen verhinderen. Het doorslikken van de gel is niet schadelijk.<\/p>\n<p>De formule bevat levuline-zuur en anijszuur met antibacteri&euml;le werking om tandplak en een slechte adem bij uw hond te voorkomen. De gel bevochtigd en verzacht de slijmvliezen met een subtiele mint smaak.<\/p>\n<p><span style=\"text-decoration: underline;\">Toediening:<br \/><\/span>Laat uw huisdier zo jong mogelijk wennen aan mond- en gebitshygi&euml;ne, wees zeer zacht en maak zo veel mogelijk gebruik van een speelse benadering<br \/>Gebruik Bogadent Dental Hydro-Gel dagelijks direct na het schoonmaken van de tand of, afhankelijk van de behoefte, tijdens de behandeling.<br \/>1. Breng de antibacteri&euml;le gel aan met de vingertoppen op de binnen en buitenkant van de tanden en het tandvlees<br \/>Voor honden die zeer onrustig zijn tijdens de dagelijkse mondverzorging, kan deze Hydro-Gel als vervanging van de dagelijkse mondverzorging ingezet worden.<\/p>\n<p><span style=\"text-decoration: underline;\">Dosering:<br \/><\/span>&#8211;<\/p>\n<p><span style=\"text-decoration: underline;\">Verpakking:<br \/><\/span>Tube 100ml.&nbsp;<\/p>\n","protected":false},"excerpt":{"rendered":"<p>Bogadent Dental Hydro-Gel van Bogar is een soort &lsquo;mondwater&rsquo; voor honden, te gebruiken direct na de reguliere mondreiniging. Breng de antibacteri&euml;le gel met de vingertoppen aan de binnen- en buitenkant van de tanden en langs de rand van het tandvlees. De gel zal de bacteri&euml;le groei remmen en de opbouw van tandplak en tandsteen verhinderen. [&hellip;]<\/p>\n","protected":false},"featured_media":118201,"comment_status":"open","ping_status":"closed","template":"","meta":{"_acf_changed":false,"_nl_post_content":"<p>Bogadent Dental Hydro-Gel van Bogar is een soort &lsquo;mondwater&rsquo; voor honden, te gebruiken direct na de reguliere mondreiniging. Breng de antibacteri&euml;le gel met de vingertoppen aan de binnen- en buitenkant van de tanden en langs de rand van het tandvlees. De gel zal de bacteri&euml;le groei remmen en de opbouw van tandplak en tandsteen verhinderen. Het doorslikken van de gel is niet schadelijk.<\/p>\r\n<p>De formule bevat levuline-zuur en anijszuur met antibacteri&euml;le werking om tandplak en een slechte adem bij uw hond te voorkomen. De gel bevochtigd en verzacht de slijmvliezen met een subtiele mint smaak.<\/p>\r\n<p><span style=\"text-decoration: underline;\">Toediening:<br \/><\/span>Laat uw huisdier zo jong mogelijk wennen aan mond- en gebitshygi&euml;ne, wees zeer zacht en maak zo veel mogelijk gebruik van een speelse benadering<br \/>Gebruik Bogadent Dental Hydro-Gel dagelijks direct na het schoonmaken van de tand of, afhankelijk van de behoefte, tijdens de behandeling.<br \/>1. Breng de antibacteri&euml;le gel aan met de vingertoppen op de binnen en buitenkant van de tanden en het tandvlees<br \/>Voor honden die zeer onrustig zijn tijdens de dagelijkse mondverzorging, kan deze Hydro-Gel als vervanging van de dagelijkse mondverzorging ingezet worden.<\/p>\r\n<p><span style=\"text-decoration: underline;\">Dosering:<br \/><\/span>-<\/p>\r\n<p><span style=\"text-decoration: underline;\">Verpakking:<br \/><\/span>Tube 100ml.&nbsp;<\/p>","_nl_post_name":"bogadent-dental-hydro-gel-hond","_nl_post_excerpt":"","_nl_post_title":"Bogadent Dental Hydro Gel | Hond | 100 ml","_en_post_content":"<p>Bogadent Dental Hydro-Gel from Bogar is a kind of &lsquo;mouthwash&rsquo; for dogs which is used immediately after tooth cleaning. Apply the antibacterial gel with your fingertips to the inside and outside of the teeth and along the edge of the gum line. The gel will inhibit bacterial growth and prevent buildup of plaque and tartar. The gel is safe to swallow.<\/p>\r\n<p>The formula contains levulinic acid and anise acid as an anti-bacterial complex to fight plaque and prevention of tartar and bad breath. The gel moistens and soothes the mucous membranes with a subtle mint taste.<\/p>\r\n<p><span style=\"text-decoration: underline;\">Administration:<br \/><\/span>Get your pet used to teeth-cleaning and oral hygiene as soon as possible, be extremely gentle and introduce as much play as possible to ensure care is effective.<\/p>\r\n<p>Use Bogadent Dental-Hydro Gel daily right after tooth cleaning or depending on his needs also in between.<\/p>\r\n<ol>\r\n<li>Apply the antibacterial gel with the finger tip on the inner and outer area of the teeth and gums, especially in the area of canine and molar teeth.<\/li>\r\n<\/ol>\r\n<p>Dogs behaving unruly, where the tooth cleaning with toothbrush or finger is not possible Bogadent Dental Hydro-Gel can be used as compensation for daily tooth cleaning.<\/p>\r\n<p><span style=\"text-decoration: underline;\">Dosage:<br \/><\/span>-<\/p>\r\n<p><span style=\"text-decoration: underline;\">Package:<br \/><\/span>Tube 100ml<\/p>","_en_post_name":"bogadent-dental-hydro-gel-dog","_en_post_excerpt":"","_en_post_title":"Bogadent Dental Hydro Gel | Dog | 100 ml","_de_post_content":"<p>Bogadent Dental Hydro-Gel von Bogar ist die erste &sbquo;Mundsp&uuml;lung&lsquo; f&uuml;r Hunde in Form eines Gels. Das Hydro-Gel wird direkt nach der Zahnreinigung auf Z&auml;hnen und Zahnfleisch angewendet. Dort hemmt das Gel das Bakterienwachstum und reduziert die Bildung von Plaque und Zahnstein. Das Verschlucken des Gels ist unbedenklich.<\/p>\r\n<p>Die Formel enth&auml;lt Aniss&auml;ure und L&auml;vulins&auml;ure als antibakteriellem Wirkkomplex vor Vorbeugung gegen Plaque und Zahnstein und reduziert Mundgeruch. Das Gel befeuchtet und beruhigt die Schleimh&auml;ute mit dezentem Mint-Geschmack.<\/p>\r\n<p><span style=\"text-decoration: underline;\">Anwendung:<\/span><\/p>\r\n<p>Gew&ouml;hnen Sie Ihren Haustier m&ouml;glichst fr&uuml;h, behutsam und spielerisch an eine effektive Zahn- und Mundhygiene.<br \/>Benutzen Sie das Bogadent Dental Hydro-Gel t&auml;glich direkt nach der Zahnreinigung oder je nach Bedarf auch zwischendurch<\/p>\r\n<ol>\r\n<li>Tragen Sie dazu das antibakterielle Gel mit der Fingerspitze innen und Au&szlig;en auf Z&auml;hne und Zahnfleisch&uuml;bergang auf, vor allem im Bereich der Backen- und Eckz&auml;hne.<\/li>\r\n<\/ol>\r\n<p>Bei sehr widerspenstigen Hunden, wo eine Zahnreinigung mittels Zahnb&uuml;rste oder Fingerling nicht m&ouml;glich ist, kann das Hydro-Gel auch als Ersatz f&uuml;r die t&auml;gliche Zahnreinigung eingesetzt werden.<\/p>\r\n<p><span style=\"text-decoration: underline;\">Dosierung:<br \/><\/span>-<\/p>\r\n<p><span style=\"text-decoration: underline;\">Verpackung:<br \/><\/span>Tube 100gram<\/p>","_de_post_name":"bogadent-dental-hydro-gel-hund","_de_post_excerpt":"","_de_post_title":"Bogadent Dental Hydro Gel | Hund | 100 ml","_fr_post_content":"<p>Bogadent Dental Hydro-Gel de Bogar est une sorte de \"bain de bouche\" pour chiens, \u00e0 utiliser imm\u00e9diatement apr\u00e8s un nettoyage r\u00e9gulier de la bouche. Appliquez le gel antibact\u00e9rien du bout des doigts sur l'int\u00e9rieur et l'ext\u00e9rieur des dents et le long du bord des gencives. Le gel inhibe la croissance bact\u00e9rienne et emp\u00eache la formation de la plaque et du tartre. L'ingestion du gel n'est pas dangereuse.<\/p>\r\n<p>La formule contient de l'acide l\u00e9vulinique et de l'acide anisique \u00e0 action antibact\u00e9rienne pour pr\u00e9venir la plaque dentaire et la mauvaise haleine chez votre chien. Le gel hydrate et apaise les muqueuses avec un go\u00fbt subtil de menthe.<\/p>\r\n<p>Administration :<br \/>Initiez votre animal \u00e0 l'hygi\u00e8ne bucco-dentaire le plus t\u00f4t possible, soyez tr\u00e8s doux et utilisez une approche ludique autant que possible.<br \/>Utilisez l'Hydro-Gel dentaire Bogadent quotidiennement, imm\u00e9diatement apr\u00e8s le nettoyage de la dent ou, selon les besoins, pendant le traitement.<br \/>1. Appliquez le gel antibact\u00e9rien du bout des doigts sur l'int\u00e9rieur et l'ext\u00e9rieur des dents et des gencives.<br \/>Pour les chiens qui sont tr\u00e8s agit\u00e9s lors des soins buccaux quotidiens, cet Hydro-Gel peut \u00eatre utilis\u00e9 comme substitut aux soins buccaux quotidiens.<\/p>\r\n<p>Dosage :<br \/>-<\/p>\r\n<p>Emballage :<br \/>Tube 100ml.\u00a0<\/p>","_fr_post_name":"bogar-bogadent-dental-hydro-gel-chien","_fr_post_excerpt":"","_fr_post_title":"Bogadent Dental Hydro Gel | Chien | 100 ml","_es_post_content":"<p>Bogadent Dental Hydro-Gel de Bogar es una especie de 'enjuague bucal' para perros, que se utiliza inmediatamente despu\u00e9s de la limpieza dental habitual. Aplicar el gel antibacterial con las yemas de los dedos por dentro y por fuera de los dientes ya lo largo del borde de las enc\u00edas. El gel inhibir\u00e1 el crecimiento bacteriano y evitar\u00e1 la acumulaci\u00f3n de placa y sarro. Tragar el gel no es da\u00f1ino.<\/p>\r\n<p>La f\u00f3rmula contiene \u00e1cido levul\u00ednico y \u00e1cido an\u00edsico con acci\u00f3n antibacteriana para prevenir la placa y el mal aliento en su perro. El gel humedece y suaviza las mucosas con un sutil sabor a menta.<\/p>\r\n<p><span style=\"text-decoration: underline;\">Administraci\u00f3n:<\/span><\/p>\r\n<p>Acostumbre a su mascota a la higiene bucal y dental lo antes posible, sea muy amable y use un enfoque l\u00fadico tanto como sea posible. Use Bogadent Dental Hydro-Gel diariamente inmediatamente despu\u00e9s de limpiar el diente o, seg\u00fan la necesidad, durante el tratamiento.<br \/>1. Aplicar el gel antibacterial con las yemas de los dedos por dentro y por fuera de los dientes y enc\u00edas.<br \/>Para perros que est\u00e1n muy inquietos durante el cuidado dental diario, este Hydro-Gel puede usarse como reemplazo del cuidado dental diario.<\/p>\r\n<p><span style=\"text-decoration: underline;\">Dosis:<\/span><br \/>-<\/p>\r\n<p><span style=\"text-decoration: underline;\">Embalaje:<\/span><br \/>Tubo 100ml.<\/p>","_es_post_name":"bogar-bogadent-dental-hydro-gel-perros","_es_post_excerpt":"","_es_post_title":"Bogadent Dental Hydro Gel | Perros | 100 ml","edit_language":"nl"},"product_brand":[],"product_cat":[2029,1842,1117,1839,1857],"product_tag":[],"class_list":{"0":"post-118204","1":"product","2":"type-product","3":"status-publish","4":"has-post-thumbnail","6":"product_cat-bogadent","7":"product_cat-gebit","8":"product_cat-honden","9":"product_cat-medicijnen-supplementen","10":"product_cat-merken","11":"pa_aandoening-gebit","12":"pa_doeldier-hond","13":"pa_fabricatieland-zwitserland","14":"pa_merkfilter-bogadent","15":"pa_merkgroep-bogar","16":"pa_productsoort-overig","17":"pa_seo_canonical_store_id-not_found_value","18":"pa_seo_category-not_found_value","19":"pa_seo_meta_robots-not_found_value","20":"pa_toedieningswijze-gel","21":"pa_unit_pricing_base_measure-10ml","22":"pa_unit_pricing_measure-100ml","23":"pa_werkzamestof-overig","25":"first","26":"instock","27":"taxable","28":"shipping-taxable","29":"purchasable","30":"product-type-simple"},"yoast_head":"<!-- This site is optimized with the Yoast SEO plugin v27.5 - https:\/\/yoast.com\/product\/yoast-seo-wordpress\/ -->\n<title>Bogadent Dental Hydro-Gel Hond | Mondspoeling Hond<\/title>\n<meta name=\"description\" content=\"Bogadent Dental Hydro-Gel van Bogar is een soort \u2018mondwater\u2019 voor honden voor direct na de mondreiniging. Antibacteri\u00eble werking.\" \/>\n<meta name=\"robots\" content=\"index, follow, max-snippet:-1, max-image-preview:large, max-video-preview:-1\" \/>\n<link rel=\"canonical\" href=\"https:\/\/p4p-nl.bootmine.com\/%product-slug%\/bogadent-dental-hydro-gel-hond\" \/>\n<meta property=\"og:locale\" content=\"nl_NL\" \/>\n<meta property=\"og:type\" content=\"article\" \/>\n<meta property=\"og:title\" content=\"Bogadent Dental Hydro-Gel Hond | Mondspoeling Hond\" \/>\n<meta property=\"og:description\" content=\"Bogadent Dental Hydro-Gel van Bogar is een soort \u2018mondwater\u2019 voor honden voor direct na de mondreiniging. Antibacteri\u00eble werking.\" \/>\n<meta property=\"og:url\" content=\"https:\/\/p4p-nl.bootmine.com\/%product-slug%\/bogadent-dental-hydro-gel-hond\" \/>\n<meta property=\"og:site_name\" content=\"Pharmacy4pets\" \/>\n<meta property=\"article:publisher\" content=\"https:\/\/www.facebook.com\/people\/Pharmacy4petsnl\/100063484989896\/\" \/>\n<meta property=\"article:modified_time\" content=\"2026-03-25T11:57:32+00:00\" \/>\n<meta property=\"og:image\" content=\"https:\/\/p4p-nl.bootmine.com\/wp-content\/uploads\/2017\/07\/23606.jpeg\" \/>\n\t<meta property=\"og:image:width\" content=\"310\" \/>\n\t<meta property=\"og:image:height\" content=\"310\" \/>\n\t<meta property=\"og:image:type\" content=\"image\/jpeg\" \/>\n<meta name=\"twitter:card\" content=\"summary_large_image\" \/>\n<meta name=\"twitter:label1\" content=\"Geschatte leestijd\" \/>\n\t<meta name=\"twitter:data1\" content=\"1 minuut\" \/>\n<script type=\"application\/ld+json\" class=\"yoast-schema-graph\">{\"@context\":\"https:\\\/\\\/schema.org\",\"@graph\":[{\"@type\":\"WebPage\",\"@id\":\"https:\\\/\\\/p4p-nl.bootmine.com\\\/%product-slug%\\\/bogadent-dental-hydro-gel-hond\",\"url\":\"https:\\\/\\\/p4p-nl.bootmine.com\\\/%product-slug%\\\/bogadent-dental-hydro-gel-hond\",\"name\":\"Bogadent Dental Hydro-Gel Hond | Mondspoeling Hond\",\"isPartOf\":{\"@id\":\"http:\\\/\\\/www.pharmacy4pets.nl\\\/#website\"},\"primaryImageOfPage\":{\"@id\":\"https:\\\/\\\/p4p-nl.bootmine.com\\\/%product-slug%\\\/bogadent-dental-hydro-gel-hond#primaryimage\"},\"image\":{\"@id\":\"https:\\\/\\\/p4p-nl.bootmine.com\\\/%product-slug%\\\/bogadent-dental-hydro-gel-hond#primaryimage\"},\"thumbnailUrl\":\"https:\\\/\\\/www.pharmacy4pets.nl\\\/wp-content\\\/uploads\\\/2017\\\/07\\\/23606.jpeg\",\"datePublished\":\"2017-07-11T13:08:21+00:00\",\"dateModified\":\"2026-03-25T11:57:32+00:00\",\"description\":\"Bogadent Dental Hydro-Gel van Bogar is een soort \u2018mondwater\u2019 voor honden voor direct na de mondreiniging. Antibacteri\u00eble werking.\",\"breadcrumb\":{\"@id\":\"https:\\\/\\\/p4p-nl.bootmine.com\\\/%product-slug%\\\/bogadent-dental-hydro-gel-hond#breadcrumb\"},\"inLanguage\":\"nl-NL\",\"potentialAction\":[{\"@type\":\"ReadAction\",\"target\":[\"https:\\\/\\\/p4p-nl.bootmine.com\\\/%product-slug%\\\/bogadent-dental-hydro-gel-hond\"]}]},{\"@type\":\"ImageObject\",\"inLanguage\":\"nl-NL\",\"@id\":\"https:\\\/\\\/p4p-nl.bootmine.com\\\/%product-slug%\\\/bogadent-dental-hydro-gel-hond#primaryimage\",\"url\":\"https:\\\/\\\/www.pharmacy4pets.nl\\\/wp-content\\\/uploads\\\/2017\\\/07\\\/23606.jpeg\",\"contentUrl\":\"https:\\\/\\\/www.pharmacy4pets.nl\\\/wp-content\\\/uploads\\\/2017\\\/07\\\/23606.jpeg\",\"width\":310,\"height\":310,\"caption\":\"Bogadent\"},{\"@type\":\"BreadcrumbList\",\"@id\":\"https:\\\/\\\/p4p-nl.bootmine.com\\\/%product-slug%\\\/bogadent-dental-hydro-gel-hond#breadcrumb\",\"itemListElement\":[{\"@type\":\"ListItem\",\"position\":1,\"name\":\"Home\",\"item\":\"https:\\\/\\\/p4p-nl.bootmine.com\\\/\"},{\"@type\":\"ListItem\",\"position\":2,\"name\":\"Winkel\",\"item\":\"https:\\\/\\\/p4p-nl.bootmine.com\\\/winkel\"},{\"@type\":\"ListItem\",\"position\":3,\"name\":\"Bogadent Dental Hydro Gel | Hond | 100 ml\"}]},{\"@type\":\"WebSite\",\"@id\":\"http:\\\/\\\/www.pharmacy4pets.nl\\\/#website\",\"url\":\"http:\\\/\\\/www.pharmacy4pets.nl\\\/\",\"name\":\"Pharmacy4pets\",\"description\":\"Pharmacy4pets.nl is d\u00e9 online apotheek waar u terecht kunt voor alle diergeneesmiddelen, verzorgingsproducten en dieetvoeding voor uw huisdier.\",\"publisher\":{\"@id\":\"http:\\\/\\\/www.pharmacy4pets.nl\\\/#organization\"},\"potentialAction\":[{\"@type\":\"SearchAction\",\"target\":{\"@type\":\"EntryPoint\",\"urlTemplate\":\"http:\\\/\\\/www.pharmacy4pets.nl\\\/?s={search_term_string}\"},\"query-input\":{\"@type\":\"PropertyValueSpecification\",\"valueRequired\":true,\"valueName\":\"search_term_string\"}}],\"inLanguage\":\"nl-NL\"},{\"@type\":\"Organization\",\"@id\":\"http:\\\/\\\/www.pharmacy4pets.nl\\\/#organization\",\"name\":\"Pharmacy4pets\",\"url\":\"http:\\\/\\\/www.pharmacy4pets.nl\\\/\",\"logo\":{\"@type\":\"ImageObject\",\"inLanguage\":\"nl-NL\",\"@id\":\"http:\\\/\\\/www.pharmacy4pets.nl\\\/#\\\/schema\\\/logo\\\/image\\\/\",\"url\":\"https:\\\/\\\/p4p-nl.bootmine.com\\\/wp-content\\\/uploads\\\/2026\\\/03\\\/logo-pharmacy4pets.png\",\"contentUrl\":\"https:\\\/\\\/p4p-nl.bootmine.com\\\/wp-content\\\/uploads\\\/2026\\\/03\\\/logo-pharmacy4pets.png\",\"width\":1024,\"height\":135,\"caption\":\"Pharmacy4pets\"},\"image\":{\"@id\":\"http:\\\/\\\/www.pharmacy4pets.nl\\\/#\\\/schema\\\/logo\\\/image\\\/\"},\"sameAs\":[\"https:\\\/\\\/www.facebook.com\\\/people\\\/Pharmacy4petsnl\\\/100063484989896\\\/\",\"https:\\\/\\\/www.youtube.com\\\/channel\\\/UCGPTIgucgli03tP2_kvLkHg\\\/featured\",\"https:\\\/\\\/www.instagram.com\\\/pharmacy4pets.nl\"]}]}<\/script>\n<!-- \/ Yoast SEO plugin. -->","yoast_head_json":{"title":"Bogadent Dental Hydro-Gel Hond | Mondspoeling Hond","description":"Bogadent Dental Hydro-Gel van Bogar is een soort \u2018mondwater\u2019 voor honden voor direct na de mondreiniging. Antibacteri\u00eble werking.","robots":{"index":"index","follow":"follow","max-snippet":"max-snippet:-1","max-image-preview":"max-image-preview:large","max-video-preview":"max-video-preview:-1"},"canonical":"https:\/\/p4p-nl.bootmine.com\/%product-slug%\/bogadent-dental-hydro-gel-hond","og_locale":"nl_NL","og_type":"article","og_title":"Bogadent Dental Hydro-Gel Hond | Mondspoeling Hond","og_description":"Bogadent Dental Hydro-Gel van Bogar is een soort \u2018mondwater\u2019 voor honden voor direct na de mondreiniging. Antibacteri\u00eble werking.","og_url":"https:\/\/p4p-nl.bootmine.com\/%product-slug%\/bogadent-dental-hydro-gel-hond","og_site_name":"Pharmacy4pets","article_publisher":"https:\/\/www.facebook.com\/people\/Pharmacy4petsnl\/100063484989896\/","article_modified_time":"2026-03-25T11:57:32+00:00","og_image":[{"width":310,"height":310,"url":"https:\/\/p4p-nl.bootmine.com\/wp-content\/uploads\/2017\/07\/23606.jpeg","type":"image\/jpeg"}],"twitter_card":"summary_large_image","twitter_misc":{"Geschatte leestijd":"1 minuut"},"schema":{"@context":"https:\/\/schema.org","@graph":[{"@type":"WebPage","@id":"https:\/\/p4p-nl.bootmine.com\/%product-slug%\/bogadent-dental-hydro-gel-hond","url":"https:\/\/p4p-nl.bootmine.com\/%product-slug%\/bogadent-dental-hydro-gel-hond","name":"Bogadent Dental Hydro-Gel Hond | Mondspoeling Hond","isPartOf":{"@id":"http:\/\/www.pharmacy4pets.nl\/#website"},"primaryImageOfPage":{"@id":"https:\/\/p4p-nl.bootmine.com\/%product-slug%\/bogadent-dental-hydro-gel-hond#primaryimage"},"image":{"@id":"https:\/\/p4p-nl.bootmine.com\/%product-slug%\/bogadent-dental-hydro-gel-hond#primaryimage"},"thumbnailUrl":"https:\/\/www.pharmacy4pets.nl\/wp-content\/uploads\/2017\/07\/23606.jpeg","datePublished":"2017-07-11T13:08:21+00:00","dateModified":"2026-03-25T11:57:32+00:00","description":"Bogadent Dental Hydro-Gel van Bogar is een soort \u2018mondwater\u2019 voor honden voor direct na de mondreiniging. Antibacteri\u00eble werking.","breadcrumb":{"@id":"https:\/\/p4p-nl.bootmine.com\/%product-slug%\/bogadent-dental-hydro-gel-hond#breadcrumb"},"inLanguage":"nl-NL","potentialAction":[{"@type":"ReadAction","target":["https:\/\/p4p-nl.bootmine.com\/%product-slug%\/bogadent-dental-hydro-gel-hond"]}]},{"@type":"ImageObject","inLanguage":"nl-NL","@id":"https:\/\/p4p-nl.bootmine.com\/%product-slug%\/bogadent-dental-hydro-gel-hond#primaryimage","url":"https:\/\/www.pharmacy4pets.nl\/wp-content\/uploads\/2017\/07\/23606.jpeg","contentUrl":"https:\/\/www.pharmacy4pets.nl\/wp-content\/uploads\/2017\/07\/23606.jpeg","width":310,"height":310,"caption":"Bogadent"},{"@type":"BreadcrumbList","@id":"https:\/\/p4p-nl.bootmine.com\/%product-slug%\/bogadent-dental-hydro-gel-hond#breadcrumb","itemListElement":[{"@type":"ListItem","position":1,"name":"Home","item":"https:\/\/p4p-nl.bootmine.com\/"},{"@type":"ListItem","position":2,"name":"Winkel","item":"https:\/\/p4p-nl.bootmine.com\/winkel"},{"@type":"ListItem","position":3,"name":"Bogadent Dental Hydro Gel | Hond | 100 ml"}]},{"@type":"WebSite","@id":"http:\/\/www.pharmacy4pets.nl\/#website","url":"http:\/\/www.pharmacy4pets.nl\/","name":"Pharmacy4pets","description":"Pharmacy4pets.nl is d\u00e9 online apotheek waar u terecht kunt voor alle diergeneesmiddelen, verzorgingsproducten en dieetvoeding voor uw huisdier.","publisher":{"@id":"http:\/\/www.pharmacy4pets.nl\/#organization"},"potentialAction":[{"@type":"SearchAction","target":{"@type":"EntryPoint","urlTemplate":"http:\/\/www.pharmacy4pets.nl\/?s={search_term_string}"},"query-input":{"@type":"PropertyValueSpecification","valueRequired":true,"valueName":"search_term_string"}}],"inLanguage":"nl-NL"},{"@type":"Organization","@id":"http:\/\/www.pharmacy4pets.nl\/#organization","name":"Pharmacy4pets","url":"http:\/\/www.pharmacy4pets.nl\/","logo":{"@type":"ImageObject","inLanguage":"nl-NL","@id":"http:\/\/www.pharmacy4pets.nl\/#\/schema\/logo\/image\/","url":"https:\/\/p4p-nl.bootmine.com\/wp-content\/uploads\/2026\/03\/logo-pharmacy4pets.png","contentUrl":"https:\/\/p4p-nl.bootmine.com\/wp-content\/uploads\/2026\/03\/logo-pharmacy4pets.png","width":1024,"height":135,"caption":"Pharmacy4pets"},"image":{"@id":"http:\/\/www.pharmacy4pets.nl\/#\/schema\/logo\/image\/"},"sameAs":["https:\/\/www.facebook.com\/people\/Pharmacy4petsnl\/100063484989896\/","https:\/\/www.youtube.com\/channel\/UCGPTIgucgli03tP2_kvLkHg\/featured","https:\/\/www.instagram.com\/pharmacy4pets.nl"]}]}},"market_data":{"nl":{"price":0,"sale_price":0,"active":false,"url":null,"parent_url":"","tax_rate":0,"price_inc_tax":0,"sale_price_inc_tax":0},"de":{"price":0,"sale_price":0,"active":false,"url":null,"parent_url":"","tax_rate":0,"price_inc_tax":0,"sale_price_inc_tax":0},"be":{"price":0,"sale_price":0,"active":false,"url":null,"parent_url":"","tax_rate":0,"price_inc_tax":0,"sale_price_inc_tax":0},"fr":{"price":0,"sale_price":0,"active":false,"url":null,"parent_url":"","tax_rate":0,"price_inc_tax":0,"sale_price_inc_tax":0},"ch":{"price":0,"sale_price":0,"active":false,"url":null,"parent_url":"","tax_rate":0,"price_inc_tax":0,"sale_price_inc_tax":0},"at":{"price":0,"sale_price":0,"active":false,"url":null,"parent_url":"","tax_rate":0,"price_inc_tax":0,"sale_price_inc_tax":0},"es":{"price":0,"sale_price":0,"active":false,"url":null,"parent_url":"","tax_rate":0,"price_inc_tax":0,"sale_price_inc_tax":0},"dk":{"price":0,"sale_price":0,"active":false,"url":null,"parent_url":"","tax_rate":0,"price_inc_tax":0,"sale_price_inc_tax":0},"com":{"price":0,"sale_price":0,"active":false,"url":null,"parent_url":"","tax_rate":0,"price_inc_tax":0,"sale_price_inc_tax":0}},"market_nl_price":0,"market_nl_sale_price":0,"market_nl_active":false,"market_nl_url":null,"market_nl_parent_url":"","market_nl_tax_rate":0,"market_nl_price_inc_tax":0,"market_nl_sale_price_inc_tax":0,"market_de_price":0,"market_de_sale_price":0,"market_de_active":false,"market_de_url":null,"market_de_parent_url":"","market_de_tax_rate":0,"market_de_price_inc_tax":0,"market_de_sale_price_inc_tax":0,"market_be_price":0,"market_be_sale_price":0,"market_be_active":false,"market_be_url":null,"market_be_parent_url":"","market_be_tax_rate":0,"market_be_price_inc_tax":0,"market_be_sale_price_inc_tax":0,"market_fr_price":0,"market_fr_sale_price":0,"market_fr_active":false,"market_fr_url":null,"market_fr_parent_url":"","market_fr_tax_rate":0,"market_fr_price_inc_tax":0,"market_fr_sale_price_inc_tax":0,"market_ch_price":0,"market_ch_sale_price":0,"market_ch_active":false,"market_ch_url":null,"market_ch_parent_url":"","market_ch_tax_rate":0,"market_ch_price_inc_tax":0,"market_ch_sale_price_inc_tax":0,"market_at_price":0,"market_at_sale_price":0,"market_at_active":false,"market_at_url":null,"market_at_parent_url":"","market_at_tax_rate":0,"market_at_price_inc_tax":0,"market_at_sale_price_inc_tax":0,"market_es_price":0,"market_es_sale_price":0,"market_es_active":false,"market_es_url":null,"market_es_parent_url":"","market_es_tax_rate":0,"market_es_price_inc_tax":0,"market_es_sale_price_inc_tax":0,"market_dk_price":0,"market_dk_sale_price":0,"market_dk_active":false,"market_dk_url":null,"market_dk_parent_url":"","market_dk_tax_rate":0,"market_dk_price_inc_tax":0,"market_dk_sale_price_inc_tax":0,"market_com_price":0,"market_com_sale_price":0,"market_com_active":false,"market_com_url":null,"market_com_parent_url":"","market_com_tax_rate":0,"market_com_price_inc_tax":0,"market_com_sale_price_inc_tax":0,"acf":[],"_links":{"self":[{"href":"https:\/\/www.pharmacy4pets.nl\/be\/wp-json\/wp\/v2\/product\/118204","targetHints":{"allow":["GET"]}}],"collection":[{"href":"https:\/\/www.pharmacy4pets.nl\/be\/wp-json\/wp\/v2\/product"}],"about":[{"href":"https:\/\/www.pharmacy4pets.nl\/be\/wp-json\/wp\/v2\/types\/product"}],"replies":[{"embeddable":true,"href":"https:\/\/www.pharmacy4pets.nl\/be\/wp-json\/wp\/v2\/comments?post=118204"}],"wp:featuredmedia":[{"embeddable":true,"href":"https:\/\/www.pharmacy4pets.nl\/be\/wp-json\/wp\/v2\/media\/118201"}],"wp:attachment":[{"href":"https:\/\/www.pharmacy4pets.nl\/be\/wp-json\/wp\/v2\/media?parent=118204"}],"wp:term":[{"taxonomy":"product_brand","embeddable":true,"href":"https:\/\/www.pharmacy4pets.nl\/be\/wp-json\/wp\/v2\/product_brand?post=118204"},{"taxonomy":"product_cat","embeddable":true,"href":"https:\/\/www.pharmacy4pets.nl\/be\/wp-json\/wp\/v2\/product_cat?post=118204"},{"taxonomy":"product_tag","embeddable":true,"href":"https:\/\/www.pharmacy4pets.nl\/be\/wp-json\/wp\/v2\/product_tag?post=118204"}],"curies":[{"name":"wp","href":"https:\/\/api.w.org\/{rel}","templated":true}]}}