{"id":118184,"date":"2017-07-11T12:44:55","date_gmt":"2017-07-11T12:44:55","guid":{"rendered":"https:\/\/p4p.test\/bogar-bogadent-enzyme-chips-chicken-cat"},"modified":"2026-03-25T11:57:30","modified_gmt":"2026-03-25T11:57:30","slug":"bogar-bogadent-enzyme-chips-chicken-cat","status":"publish","type":"product","link":"https:\/\/www.pharmacy4pets.nl\/be\/bogar-bogadent-enzyme-chips-chicken-cat","title":{"rendered":"Bogadent Dental Enzyme Chips Chicken  | 50 gr"},"content":{"rendered":"<p>Bogadent Dental Enzyme Chips Chicken van het merk Bogar zijn heerlijke mondverzorgings-chips voor uw kat met 87% vlees. De chips combineren de dagelijkse mondverzorging met een beloning. De speciale consistentie van de Bogadent Dental Enzyme Chips reinigt de tanden tijdens het kauwen. De formule remt bacteri&euml;n en verhindert dat deze zich hechten aan het oppervlak van de tanden. Voorkomt de vorming van tandplak en tandsteen en voorkomt ge&iuml;rriteerd tandvlees.<\/p>\n<p>100% natuurlijk, Bewaren op een droge en koele plaats.<\/p>\n<p><span style=\"text-decoration: underline;\">Toediening:<br \/><\/span>Dagelijks 5-10 Bogadent Dental Enzyme Chips tussen de maaltijden door. Zorg altijd voor voldoende vers drinkwater.&nbsp;<\/p>\n<p><span style=\"text-decoration: underline;\">Dosering:<br \/><\/span>&#8211;<\/p>\n<p><span style=\"text-decoration: underline;\">Verpakking:<br \/><\/span>50gram<\/p>\n","protected":false},"excerpt":{"rendered":"<p>Bogadent Dental Enzyme Chips Chicken van het merk Bogar zijn heerlijke mondverzorgings-chips voor uw kat met 87% vlees. De chips combineren de dagelijkse mondverzorging met een beloning. De speciale consistentie van de Bogadent Dental Enzyme Chips reinigt de tanden tijdens het kauwen. De formule remt bacteri&euml;n en verhindert dat deze zich hechten aan het oppervlak [&hellip;]<\/p>\n","protected":false},"featured_media":118182,"comment_status":"open","ping_status":"closed","template":"","meta":{"_acf_changed":false,"_nl_post_content":"<p>Bogadent Dental Enzyme Chips Chicken van het merk Bogar zijn heerlijke mondverzorgings-chips voor uw kat met 87% vlees. De chips combineren de dagelijkse mondverzorging met een beloning. De speciale consistentie van de Bogadent Dental Enzyme Chips reinigt de tanden tijdens het kauwen. De formule remt bacteri&euml;n en verhindert dat deze zich hechten aan het oppervlak van de tanden. Voorkomt de vorming van tandplak en tandsteen en voorkomt ge&iuml;rriteerd tandvlees.<\/p>\r\n<p>100% natuurlijk, Bewaren op een droge en koele plaats.<\/p>\r\n<p><span style=\"text-decoration: underline;\">Toediening:<br \/><\/span>Dagelijks 5-10 Bogadent Dental Enzyme Chips tussen de maaltijden door. Zorg altijd voor voldoende vers drinkwater.&nbsp;<\/p>\r\n<p><span style=\"text-decoration: underline;\">Dosering:<br \/><\/span>-<\/p>\r\n<p><span style=\"text-decoration: underline;\">Verpakking:<br \/><\/span>50gram<\/p>","_nl_post_name":"bogar-bogadent-enzyme-chips-chicken-cat","_nl_post_excerpt":"","_nl_post_title":"Bogadent Dental Enzyme Chips Chicken  | 50 gr","_en_post_content":"<p>Bogadent Dental Enzyme Chips Chicken from Bogar are delicious dental care chips containing 87% meat. The chips combine daily dental care with a reward. The special consistency of the tasty Bogadent Dental Enzyme Chips also clean teeth during chewing. The special formula inhibits bacteria from attaching to the surface of the teeth. Prevents the formation of plaque and tartar. 100% Natural. Store in a cool, dry place.<\/p>\r\n<p><span style=\"text-decoration: underline;\">Administration:<br \/><\/span>5-10 Bogadent Dental Enzyme Chips daily between the meals. Always make sure there is a sufficient supply of fresh drinking water.<\/p>\r\n<p><span style=\"text-decoration: underline;\">Dosage:<br \/><\/span>-<\/p>\r\n<p><span style=\"text-decoration: underline;\">Package:<br \/><\/span>50 gram<\/p>","_en_post_name":"bogar-bogadent-enzyme-chips-chicken-cat","_en_post_excerpt":"","_en_post_title":"Bogadent Dental Enzyme Chips Chicken  | 50 gr","_de_post_content":"<p>Bogadent Dental Enzyme Chips Chicken von Bogar sind leckere Zahnpflege-Chips aus 87% Huhn. Die Chips kombinieren die t&auml;gliche Zahnpflege mit Belohnung. Die besondere Konsistenz der leckeren Bogadent Dental Enzyme Chips reinigt die Z&auml;hne beim Kauen und beugt dadurch Plaque und Zahnstein vor. Wirkung &uuml;ber Blut, Speicheldr&uuml;sen und Mundflora. 100% nat&uuml;rlich. K&uuml;hl und trocken lagern.<\/p>\r\n<p><span style=\"text-decoration: underline;\">Anwendung:<br \/><\/span>5-10 Bogadent Dental Enzyme Chips t&auml;glich zwischen den Mahlzeiten. Stellen Sie stets gen&uuml;gend frisches Trinkwasser bereit.<\/p>\r\n<p><span style=\"text-decoration: underline;\">Dosierung:<br \/><\/span>-<\/p>\r\n<p><span style=\"text-decoration: underline;\">Verpackung:<br \/><\/span>50 gram<\/p>","_de_post_name":"bogar-bogadent-enzyme-chips-chicken-cat","_de_post_excerpt":"","_de_post_title":"Bogadent Dental Enzyme Chips Chicken  | 50 gr","_fr_post_content":"<p>Les chips dentaires aux enzymes Bogadent Chicken de la marque Bogar sont de d\u00e9licieuses chips de soins bucco-dentaires pour votre chat, contenant 87 % de viande. Les puces combinent les soins bucco-dentaires quotidiens avec une r\u00e9compense. La consistance sp\u00e9ciale des copeaux d'enzymes dentaires Bogadent nettoie les dents pendant la mastication. La formule inhibe les bact\u00e9ries et les emp\u00eache d'adh\u00e9rer \u00e0 la surface des dents. Emp\u00eache la formation de la plaque dentaire et du tartre et pr\u00e9vient l'irritation des gencives.<\/p>\r\n<p>100% naturel, \u00e0 conserver dans un endroit sec et frais.<\/p>\r\n<p>Administration :<br \/>Tous les jours, 5 \u00e0 10 copeaux d'enzymes dentaires Bogadent entre les repas. Pr\u00e9voyez toujours une grande quantit\u00e9 d'eau potable fra\u00eeche.\u00a0<\/p>\r\n<p>Dosage :<br \/>-<\/p>\r\n<p>Emballage :<br \/>50 grammes<\/p>","_fr_post_name":"bogar-bogadent-enzyme-chips-chicken-chat","_fr_post_excerpt":"","_fr_post_title":"Bogadent Dental Enzyme Chips Chicken  | 50 gr","_es_post_content":"<p>Bogadent Dental Enzyme Chips de la marca Bogar son deliciosos chips con enzymas dentales para gatos.&nbsp; Los chips, con un 87% de carne, combinan el cuidado bucal diario con un premio. Al masticar la textura especial de los chips limpia los dientes de su gato. La f&oacute;rmula inhibe la formaci&oacute;n de bacterias y evita que se adhieran a la superficie de los dientes.&nbsp; Previene la formaci&oacute;n de placa y sarro y evita la irritaci&oacute;n de las enc&iacute;as.<\/p>\r\n<p>100% natural, Almacenar en un lugar seco y fresco.<\/p>\r\n<p><span style=\"text-decoration: underline;\">Administraci&oacute;n:<\/span><br \/>Diariamente 5-10 chips masticables de Bogadent entre comidas. Siempre hay que proveer suficiente agua potable fresca.<\/p>\r\n<p><span style=\"text-decoration: underline;\">El envase:<\/span><br \/>50 gramos<\/p>","_es_post_name":"bogar-bogadent-enzyme-chips-pollo-gato","_es_post_excerpt":"","_es_post_title":"Bogadent Dental Enzyme Chips Pollo | 50 gr","edit_language":"nl"},"product_brand":[],"product_cat":[2029,1873,1118,1871,1857],"product_tag":[],"class_list":{"0":"post-118184","1":"product","2":"type-product","3":"status-publish","4":"has-post-thumbnail","6":"product_cat-bogadent","7":"product_cat-gebit","8":"product_cat-katten","9":"product_cat-medicijnen-supplementen","10":"product_cat-merken","11":"pa_aandoening-gebit","12":"pa_doeldier-kat","13":"pa_fabricatieland-zwitserland","14":"pa_merkfilter-bogadent","15":"pa_merkgroep-bogar","16":"pa_productsoort-voeding","17":"pa_seo_canonical_store_id-not_found_value","18":"pa_seo_category-not_found_value","19":"pa_seo_meta_robots-not_found_value","20":"pa_toedieningswijze-kauwstrips","21":"pa_unit_pricing_base_measure-10g","22":"pa_unit_pricing_measure-50g","23":"pa_werkzamestof-overig","25":"first","26":"instock","27":"taxable","28":"shipping-taxable","29":"purchasable","30":"product-type-simple"},"yoast_head":"<!-- This site is optimized with the Yoast SEO plugin v27.5 - https:\/\/yoast.com\/product\/yoast-seo-wordpress\/ -->\n<title>Bogadent Dental Enzyme Chips Chicken voor Katten<\/title>\n<meta name=\"description\" content=\"Bogadent Dental Enzyme Chips Chicken van Bogar zijn heerlijke mondverzorgings-chips met 87% vlees. Combinatie van dagelijkse mondverzorging met een beloning.\" \/>\n<meta name=\"robots\" content=\"index, follow, max-snippet:-1, max-image-preview:large, max-video-preview:-1\" \/>\n<link rel=\"canonical\" href=\"https:\/\/p4p-nl.bootmine.com\/%product-slug%\/bogar-bogadent-enzyme-chips-chicken-cat\" \/>\n<meta property=\"og:locale\" content=\"nl_NL\" \/>\n<meta property=\"og:type\" content=\"article\" \/>\n<meta property=\"og:title\" content=\"Bogadent Dental Enzyme Chips Chicken voor Katten\" \/>\n<meta property=\"og:description\" content=\"Bogadent Dental Enzyme Chips Chicken van Bogar zijn heerlijke mondverzorgings-chips met 87% vlees. Combinatie van dagelijkse mondverzorging met een beloning.\" \/>\n<meta property=\"og:url\" content=\"https:\/\/p4p-nl.bootmine.com\/%product-slug%\/bogar-bogadent-enzyme-chips-chicken-cat\" \/>\n<meta property=\"og:site_name\" content=\"Pharmacy4pets\" \/>\n<meta property=\"article:publisher\" content=\"https:\/\/www.facebook.com\/people\/Pharmacy4petsnl\/100063484989896\/\" \/>\n<meta property=\"article:modified_time\" content=\"2026-03-25T11:57:30+00:00\" \/>\n<meta property=\"og:image\" content=\"https:\/\/p4p-nl.bootmine.com\/wp-content\/uploads\/2017\/07\/23621.png\" \/>\n\t<meta property=\"og:image:width\" content=\"231\" \/>\n\t<meta property=\"og:image:height\" content=\"317\" \/>\n\t<meta property=\"og:image:type\" content=\"image\/png\" \/>\n<meta name=\"twitter:card\" content=\"summary_large_image\" \/>\n<meta name=\"twitter:label1\" content=\"Geschatte leestijd\" \/>\n\t<meta name=\"twitter:data1\" content=\"1 minuut\" \/>\n<script type=\"application\/ld+json\" class=\"yoast-schema-graph\">{\"@context\":\"https:\\\/\\\/schema.org\",\"@graph\":[{\"@type\":\"WebPage\",\"@id\":\"https:\\\/\\\/p4p-nl.bootmine.com\\\/%product-slug%\\\/bogar-bogadent-enzyme-chips-chicken-cat\",\"url\":\"https:\\\/\\\/p4p-nl.bootmine.com\\\/%product-slug%\\\/bogar-bogadent-enzyme-chips-chicken-cat\",\"name\":\"Bogadent Dental Enzyme Chips Chicken voor Katten\",\"isPartOf\":{\"@id\":\"http:\\\/\\\/www.pharmacy4pets.nl\\\/#website\"},\"primaryImageOfPage\":{\"@id\":\"https:\\\/\\\/p4p-nl.bootmine.com\\\/%product-slug%\\\/bogar-bogadent-enzyme-chips-chicken-cat#primaryimage\"},\"image\":{\"@id\":\"https:\\\/\\\/p4p-nl.bootmine.com\\\/%product-slug%\\\/bogar-bogadent-enzyme-chips-chicken-cat#primaryimage\"},\"thumbnailUrl\":\"https:\\\/\\\/www.pharmacy4pets.nl\\\/wp-content\\\/uploads\\\/2017\\\/07\\\/23621.png\",\"datePublished\":\"2017-07-11T12:44:55+00:00\",\"dateModified\":\"2026-03-25T11:57:30+00:00\",\"description\":\"Bogadent Dental Enzyme Chips Chicken van Bogar zijn heerlijke mondverzorgings-chips met 87% vlees. Combinatie van dagelijkse mondverzorging met een beloning.\",\"breadcrumb\":{\"@id\":\"https:\\\/\\\/p4p-nl.bootmine.com\\\/%product-slug%\\\/bogar-bogadent-enzyme-chips-chicken-cat#breadcrumb\"},\"inLanguage\":\"nl-NL\",\"potentialAction\":[{\"@type\":\"ReadAction\",\"target\":[\"https:\\\/\\\/p4p-nl.bootmine.com\\\/%product-slug%\\\/bogar-bogadent-enzyme-chips-chicken-cat\"]}]},{\"@type\":\"ImageObject\",\"inLanguage\":\"nl-NL\",\"@id\":\"https:\\\/\\\/p4p-nl.bootmine.com\\\/%product-slug%\\\/bogar-bogadent-enzyme-chips-chicken-cat#primaryimage\",\"url\":\"https:\\\/\\\/www.pharmacy4pets.nl\\\/wp-content\\\/uploads\\\/2017\\\/07\\\/23621.png\",\"contentUrl\":\"https:\\\/\\\/www.pharmacy4pets.nl\\\/wp-content\\\/uploads\\\/2017\\\/07\\\/23621.png\",\"width\":231,\"height\":317,\"caption\":\"Bogadent\"},{\"@type\":\"BreadcrumbList\",\"@id\":\"https:\\\/\\\/p4p-nl.bootmine.com\\\/%product-slug%\\\/bogar-bogadent-enzyme-chips-chicken-cat#breadcrumb\",\"itemListElement\":[{\"@type\":\"ListItem\",\"position\":1,\"name\":\"Home\",\"item\":\"https:\\\/\\\/p4p-nl.bootmine.com\\\/\"},{\"@type\":\"ListItem\",\"position\":2,\"name\":\"Winkel\",\"item\":\"https:\\\/\\\/p4p-nl.bootmine.com\\\/winkel\"},{\"@type\":\"ListItem\",\"position\":3,\"name\":\"Bogadent Dental Enzyme Chips Chicken | 50 gr\"}]},{\"@type\":\"WebSite\",\"@id\":\"http:\\\/\\\/www.pharmacy4pets.nl\\\/#website\",\"url\":\"http:\\\/\\\/www.pharmacy4pets.nl\\\/\",\"name\":\"Pharmacy4pets\",\"description\":\"Pharmacy4pets.nl is d\u00e9 online apotheek waar u terecht kunt voor alle diergeneesmiddelen, verzorgingsproducten en dieetvoeding voor uw huisdier.\",\"publisher\":{\"@id\":\"http:\\\/\\\/www.pharmacy4pets.nl\\\/#organization\"},\"potentialAction\":[{\"@type\":\"SearchAction\",\"target\":{\"@type\":\"EntryPoint\",\"urlTemplate\":\"http:\\\/\\\/www.pharmacy4pets.nl\\\/?s={search_term_string}\"},\"query-input\":{\"@type\":\"PropertyValueSpecification\",\"valueRequired\":true,\"valueName\":\"search_term_string\"}}],\"inLanguage\":\"nl-NL\"},{\"@type\":\"Organization\",\"@id\":\"http:\\\/\\\/www.pharmacy4pets.nl\\\/#organization\",\"name\":\"Pharmacy4pets\",\"url\":\"http:\\\/\\\/www.pharmacy4pets.nl\\\/\",\"logo\":{\"@type\":\"ImageObject\",\"inLanguage\":\"nl-NL\",\"@id\":\"http:\\\/\\\/www.pharmacy4pets.nl\\\/#\\\/schema\\\/logo\\\/image\\\/\",\"url\":\"https:\\\/\\\/p4p-nl.bootmine.com\\\/wp-content\\\/uploads\\\/2026\\\/03\\\/logo-pharmacy4pets.png\",\"contentUrl\":\"https:\\\/\\\/p4p-nl.bootmine.com\\\/wp-content\\\/uploads\\\/2026\\\/03\\\/logo-pharmacy4pets.png\",\"width\":1024,\"height\":135,\"caption\":\"Pharmacy4pets\"},\"image\":{\"@id\":\"http:\\\/\\\/www.pharmacy4pets.nl\\\/#\\\/schema\\\/logo\\\/image\\\/\"},\"sameAs\":[\"https:\\\/\\\/www.facebook.com\\\/people\\\/Pharmacy4petsnl\\\/100063484989896\\\/\",\"https:\\\/\\\/www.youtube.com\\\/channel\\\/UCGPTIgucgli03tP2_kvLkHg\\\/featured\",\"https:\\\/\\\/www.instagram.com\\\/pharmacy4pets.nl\"]}]}<\/script>\n<!-- \/ Yoast SEO plugin. -->","yoast_head_json":{"title":"Bogadent Dental Enzyme Chips Chicken voor Katten","description":"Bogadent Dental Enzyme Chips Chicken van Bogar zijn heerlijke mondverzorgings-chips met 87% vlees. Combinatie van dagelijkse mondverzorging met een beloning.","robots":{"index":"index","follow":"follow","max-snippet":"max-snippet:-1","max-image-preview":"max-image-preview:large","max-video-preview":"max-video-preview:-1"},"canonical":"https:\/\/p4p-nl.bootmine.com\/%product-slug%\/bogar-bogadent-enzyme-chips-chicken-cat","og_locale":"nl_NL","og_type":"article","og_title":"Bogadent Dental Enzyme Chips Chicken voor Katten","og_description":"Bogadent Dental Enzyme Chips Chicken van Bogar zijn heerlijke mondverzorgings-chips met 87% vlees. Combinatie van dagelijkse mondverzorging met een beloning.","og_url":"https:\/\/p4p-nl.bootmine.com\/%product-slug%\/bogar-bogadent-enzyme-chips-chicken-cat","og_site_name":"Pharmacy4pets","article_publisher":"https:\/\/www.facebook.com\/people\/Pharmacy4petsnl\/100063484989896\/","article_modified_time":"2026-03-25T11:57:30+00:00","og_image":[{"width":231,"height":317,"url":"https:\/\/p4p-nl.bootmine.com\/wp-content\/uploads\/2017\/07\/23621.png","type":"image\/png"}],"twitter_card":"summary_large_image","twitter_misc":{"Geschatte leestijd":"1 minuut"},"schema":{"@context":"https:\/\/schema.org","@graph":[{"@type":"WebPage","@id":"https:\/\/p4p-nl.bootmine.com\/%product-slug%\/bogar-bogadent-enzyme-chips-chicken-cat","url":"https:\/\/p4p-nl.bootmine.com\/%product-slug%\/bogar-bogadent-enzyme-chips-chicken-cat","name":"Bogadent Dental Enzyme Chips Chicken voor Katten","isPartOf":{"@id":"http:\/\/www.pharmacy4pets.nl\/#website"},"primaryImageOfPage":{"@id":"https:\/\/p4p-nl.bootmine.com\/%product-slug%\/bogar-bogadent-enzyme-chips-chicken-cat#primaryimage"},"image":{"@id":"https:\/\/p4p-nl.bootmine.com\/%product-slug%\/bogar-bogadent-enzyme-chips-chicken-cat#primaryimage"},"thumbnailUrl":"https:\/\/www.pharmacy4pets.nl\/wp-content\/uploads\/2017\/07\/23621.png","datePublished":"2017-07-11T12:44:55+00:00","dateModified":"2026-03-25T11:57:30+00:00","description":"Bogadent Dental Enzyme Chips Chicken van Bogar zijn heerlijke mondverzorgings-chips met 87% vlees. Combinatie van dagelijkse mondverzorging met een beloning.","breadcrumb":{"@id":"https:\/\/p4p-nl.bootmine.com\/%product-slug%\/bogar-bogadent-enzyme-chips-chicken-cat#breadcrumb"},"inLanguage":"nl-NL","potentialAction":[{"@type":"ReadAction","target":["https:\/\/p4p-nl.bootmine.com\/%product-slug%\/bogar-bogadent-enzyme-chips-chicken-cat"]}]},{"@type":"ImageObject","inLanguage":"nl-NL","@id":"https:\/\/p4p-nl.bootmine.com\/%product-slug%\/bogar-bogadent-enzyme-chips-chicken-cat#primaryimage","url":"https:\/\/www.pharmacy4pets.nl\/wp-content\/uploads\/2017\/07\/23621.png","contentUrl":"https:\/\/www.pharmacy4pets.nl\/wp-content\/uploads\/2017\/07\/23621.png","width":231,"height":317,"caption":"Bogadent"},{"@type":"BreadcrumbList","@id":"https:\/\/p4p-nl.bootmine.com\/%product-slug%\/bogar-bogadent-enzyme-chips-chicken-cat#breadcrumb","itemListElement":[{"@type":"ListItem","position":1,"name":"Home","item":"https:\/\/p4p-nl.bootmine.com\/"},{"@type":"ListItem","position":2,"name":"Winkel","item":"https:\/\/p4p-nl.bootmine.com\/winkel"},{"@type":"ListItem","position":3,"name":"Bogadent Dental Enzyme Chips Chicken | 50 gr"}]},{"@type":"WebSite","@id":"http:\/\/www.pharmacy4pets.nl\/#website","url":"http:\/\/www.pharmacy4pets.nl\/","name":"Pharmacy4pets","description":"Pharmacy4pets.nl is d\u00e9 online apotheek waar u terecht kunt voor alle diergeneesmiddelen, verzorgingsproducten en dieetvoeding voor uw huisdier.","publisher":{"@id":"http:\/\/www.pharmacy4pets.nl\/#organization"},"potentialAction":[{"@type":"SearchAction","target":{"@type":"EntryPoint","urlTemplate":"http:\/\/www.pharmacy4pets.nl\/?s={search_term_string}"},"query-input":{"@type":"PropertyValueSpecification","valueRequired":true,"valueName":"search_term_string"}}],"inLanguage":"nl-NL"},{"@type":"Organization","@id":"http:\/\/www.pharmacy4pets.nl\/#organization","name":"Pharmacy4pets","url":"http:\/\/www.pharmacy4pets.nl\/","logo":{"@type":"ImageObject","inLanguage":"nl-NL","@id":"http:\/\/www.pharmacy4pets.nl\/#\/schema\/logo\/image\/","url":"https:\/\/p4p-nl.bootmine.com\/wp-content\/uploads\/2026\/03\/logo-pharmacy4pets.png","contentUrl":"https:\/\/p4p-nl.bootmine.com\/wp-content\/uploads\/2026\/03\/logo-pharmacy4pets.png","width":1024,"height":135,"caption":"Pharmacy4pets"},"image":{"@id":"http:\/\/www.pharmacy4pets.nl\/#\/schema\/logo\/image\/"},"sameAs":["https:\/\/www.facebook.com\/people\/Pharmacy4petsnl\/100063484989896\/","https:\/\/www.youtube.com\/channel\/UCGPTIgucgli03tP2_kvLkHg\/featured","https:\/\/www.instagram.com\/pharmacy4pets.nl"]}]}},"market_data":{"nl":{"price":0,"sale_price":0,"active":false,"url":null,"parent_url":"","tax_rate":0,"price_inc_tax":0,"sale_price_inc_tax":0},"de":{"price":0,"sale_price":0,"active":false,"url":null,"parent_url":"","tax_rate":0,"price_inc_tax":0,"sale_price_inc_tax":0},"be":{"price":0,"sale_price":0,"active":false,"url":null,"parent_url":"","tax_rate":0,"price_inc_tax":0,"sale_price_inc_tax":0},"fr":{"price":0,"sale_price":0,"active":false,"url":null,"parent_url":"","tax_rate":0,"price_inc_tax":0,"sale_price_inc_tax":0},"ch":{"price":0,"sale_price":0,"active":false,"url":null,"parent_url":"","tax_rate":0,"price_inc_tax":0,"sale_price_inc_tax":0},"at":{"price":0,"sale_price":0,"active":false,"url":null,"parent_url":"","tax_rate":0,"price_inc_tax":0,"sale_price_inc_tax":0},"es":{"price":0,"sale_price":0,"active":false,"url":null,"parent_url":"","tax_rate":0,"price_inc_tax":0,"sale_price_inc_tax":0},"dk":{"price":0,"sale_price":0,"active":false,"url":null,"parent_url":"","tax_rate":0,"price_inc_tax":0,"sale_price_inc_tax":0},"com":{"price":0,"sale_price":0,"active":false,"url":null,"parent_url":"","tax_rate":0,"price_inc_tax":0,"sale_price_inc_tax":0}},"market_nl_price":0,"market_nl_sale_price":0,"market_nl_active":false,"market_nl_url":null,"market_nl_parent_url":"","market_nl_tax_rate":0,"market_nl_price_inc_tax":0,"market_nl_sale_price_inc_tax":0,"market_de_price":0,"market_de_sale_price":0,"market_de_active":false,"market_de_url":null,"market_de_parent_url":"","market_de_tax_rate":0,"market_de_price_inc_tax":0,"market_de_sale_price_inc_tax":0,"market_be_price":0,"market_be_sale_price":0,"market_be_active":false,"market_be_url":null,"market_be_parent_url":"","market_be_tax_rate":0,"market_be_price_inc_tax":0,"market_be_sale_price_inc_tax":0,"market_fr_price":0,"market_fr_sale_price":0,"market_fr_active":false,"market_fr_url":null,"market_fr_parent_url":"","market_fr_tax_rate":0,"market_fr_price_inc_tax":0,"market_fr_sale_price_inc_tax":0,"market_ch_price":0,"market_ch_sale_price":0,"market_ch_active":false,"market_ch_url":null,"market_ch_parent_url":"","market_ch_tax_rate":0,"market_ch_price_inc_tax":0,"market_ch_sale_price_inc_tax":0,"market_at_price":0,"market_at_sale_price":0,"market_at_active":false,"market_at_url":null,"market_at_parent_url":"","market_at_tax_rate":0,"market_at_price_inc_tax":0,"market_at_sale_price_inc_tax":0,"market_es_price":0,"market_es_sale_price":0,"market_es_active":false,"market_es_url":null,"market_es_parent_url":"","market_es_tax_rate":0,"market_es_price_inc_tax":0,"market_es_sale_price_inc_tax":0,"market_dk_price":0,"market_dk_sale_price":0,"market_dk_active":false,"market_dk_url":null,"market_dk_parent_url":"","market_dk_tax_rate":0,"market_dk_price_inc_tax":0,"market_dk_sale_price_inc_tax":0,"market_com_price":0,"market_com_sale_price":0,"market_com_active":false,"market_com_url":null,"market_com_parent_url":"","market_com_tax_rate":0,"market_com_price_inc_tax":0,"market_com_sale_price_inc_tax":0,"acf":[],"_links":{"self":[{"href":"https:\/\/www.pharmacy4pets.nl\/be\/wp-json\/wp\/v2\/product\/118184","targetHints":{"allow":["GET"]}}],"collection":[{"href":"https:\/\/www.pharmacy4pets.nl\/be\/wp-json\/wp\/v2\/product"}],"about":[{"href":"https:\/\/www.pharmacy4pets.nl\/be\/wp-json\/wp\/v2\/types\/product"}],"replies":[{"embeddable":true,"href":"https:\/\/www.pharmacy4pets.nl\/be\/wp-json\/wp\/v2\/comments?post=118184"}],"wp:featuredmedia":[{"embeddable":true,"href":"https:\/\/www.pharmacy4pets.nl\/be\/wp-json\/wp\/v2\/media\/118182"}],"wp:attachment":[{"href":"https:\/\/www.pharmacy4pets.nl\/be\/wp-json\/wp\/v2\/media?parent=118184"}],"wp:term":[{"taxonomy":"product_brand","embeddable":true,"href":"https:\/\/www.pharmacy4pets.nl\/be\/wp-json\/wp\/v2\/product_brand?post=118184"},{"taxonomy":"product_cat","embeddable":true,"href":"https:\/\/www.pharmacy4pets.nl\/be\/wp-json\/wp\/v2\/product_cat?post=118184"},{"taxonomy":"product_tag","embeddable":true,"href":"https:\/\/www.pharmacy4pets.nl\/be\/wp-json\/wp\/v2\/product_tag?post=118184"}],"curies":[{"name":"wp","href":"https:\/\/api.w.org\/{rel}","templated":true}]}}