{"id":118178,"date":"2017-07-11T12:37:40","date_gmt":"2017-07-11T12:37:40","guid":{"rendered":"https:\/\/p4p.test\/bogar-bogadent-dental-creme-mint-dog"},"modified":"2026-03-25T11:57:29","modified_gmt":"2026-03-25T11:57:29","slug":"bogar-bogadent-dental-creme-mint-dog","status":"publish","type":"product","link":"https:\/\/www.pharmacy4pets.nl\/be\/bogar-bogadent-dental-creme-mint-dog","title":{"rendered":"Bogadent Dental Creme Mint | Hond  | 75ml"},"content":{"rendered":"<p>Bogadent Dental Creme Mint Hond van het merk Bogar is een nieuwe tandpasta met een subtiele mint smaak voor honden, voor een goede balans in de mondflora. De innovatieve formule voorkomt de vorming van tandplak en verzacht en bestrijd slechte adem. Voor een optimaal resultaat gebruikt men de Bogadent Ergo Dual Brush tandenborstel. Het doorslikken van de tandpasta door uw hond is geen enkel probleem. Gebruik de Bogadent Dental Creme voor het dagelijks schoonmaken van de mond en tanden.<\/p>\n<p><span style=\"text-decoration: underline;\">Toediening:<br \/><\/span>Laat uw huisdier zo jong mogelijk wennen aan mond- en gebitshygi\u00ebne, wees zeer zacht en maak zo veel mogelijk gebruik van een speelse benadering.<\/p>\n<ol>\n<li>Verwijder het aluminiumfolie van de tandpasta en breng de tandpasta aan op de tandenborstel. Begin met weinig tandpasta en verhoog de hoeveelheid als de hond er aan gewend is.<\/li>\n<li>Reinig de tanden gedurende drie minuten, met name tussen de tanden en voorzichtig langs de tandhalzen.<\/li>\n<\/ol>\n<p><span style=\"text-decoration: underline;\">Dosering:<br \/><\/span>&#8211;<\/p>\n<p><span style=\"text-decoration: underline;\">Verpakking:<br \/><\/span>Tube \u00e0 75ml<\/p>\n","protected":false},"excerpt":{"rendered":"<p>Bogadent Dental Creme Mint Hond van het merk Bogar is een nieuwe tandpasta met een subtiele mint smaak voor honden, voor een goede balans in de mondflora. De innovatieve formule voorkomt de vorming van tandplak en verzacht en bestrijd slechte adem. Voor een optimaal resultaat gebruikt men de Bogadent Ergo Dual Brush tandenborstel. Het doorslikken [&hellip;]<\/p>\n","protected":false},"featured_media":118176,"comment_status":"open","ping_status":"closed","template":"","meta":{"_acf_changed":false,"_nl_post_content":"<p>Bogadent Dental Creme Mint Hond van het merk Bogar is een nieuwe tandpasta met een subtiele mint smaak voor honden, voor een goede balans in de mondflora. De innovatieve formule voorkomt de vorming van tandplak en verzacht en bestrijd slechte adem. Voor een optimaal resultaat gebruikt men de Bogadent Ergo Dual Brush tandenborstel. Het doorslikken van de tandpasta door uw hond is geen enkel probleem. Gebruik de Bogadent Dental Creme voor het dagelijks schoonmaken van de mond en tanden.<\/p>\r\n<p><span style=\"text-decoration: underline;\">Toediening:<br \/><\/span>Laat uw huisdier zo jong mogelijk wennen aan mond- en gebitshygi\u00ebne, wees zeer zacht en maak zo veel mogelijk gebruik van een speelse benadering.<\/p>\r\n<ol>\r\n<li>Verwijder het aluminiumfolie van de tandpasta en breng de tandpasta aan op de tandenborstel. Begin met weinig tandpasta en verhoog de hoeveelheid als de hond er aan gewend is.<\/li>\r\n<li>Reinig de tanden gedurende drie minuten, met name tussen de tanden en voorzichtig langs de tandhalzen.<\/li>\r\n<\/ol>\r\n<p><span style=\"text-decoration: underline;\">Dosering:<br \/><\/span>-<\/p>\r\n<p><span style=\"text-decoration: underline;\">Verpakking:<br \/><\/span>Tube \u00e0 75ml<\/p>","_nl_post_name":"bogar-bogadent-dental-creme-mint-dog","_nl_post_excerpt":"","_nl_post_title":"Bogadent Dental Creme Mint | Hond  | 75ml","_en_post_content":"<p>Bogadent Dental Creme Mint Dog from Bogar is a new toothpaste with subtle mint flavour for dogs, for good oral flora balance. Its innovative formula prevents the formation of plaque, soothes and combats bad breath. For an optimum result, apply the toothpaste using our Bogadent Ergo Dual Brush toothbrush. Swallowing the toothpaste will not harm your dog, without fluoride of xylitol. Use the Bogadent Dental Cr\u00e8me Mint\u00a0 for daily cleaning.<\/p>\r\n<p><span style=\"text-decoration: underline;\">Administration:<br \/><\/span>Get your pet used to teeth-cleaning and oral hygiene as soon as possible, be extremely gentle and introduce as much play as possible to ensure care is effective.<\/p>\r\n<ol>\r\n<li>Remove the aluminium-sealing from the tip of the toothpaste and apply some Dental Cr\u00e8me on the toothbrush. Start with little toothpaste and increase the amount when the dog is used to it.<\/li>\r\n<li>A daily cleaning for at least 3 minutes, clean the outer area and inner area of the canine and molar teeth in equal and rotating movements.<\/li>\r\n<\/ol>\r\n<p><span style=\"text-decoration: underline;\">Dosage:<br \/><\/span>-<\/p>\r\n<p><span style=\"text-decoration: underline;\">Package:<br \/><\/span>Tube 75 ml<\/p>","_en_post_name":"bogar-bogadent-dental-creme-mint-dog","_en_post_excerpt":"","_en_post_title":"Bogadent Dental Creme Mint | Dog | 75 ml","_de_post_content":"<p>Bogadent Dental Creme Mint Hund von Bogar ist eine neuartige Zahncreme mit dezentem Minzgeschmack, sorgt f\u00fcr eine gute Bio-Balance im Maul. Die innovative Formulierung beugt Plaque und Zahnstein vor und sorgt f\u00fcr einen frischen Atem. F\u00fcr ein optimales Ergebnis verwenden Sie die Zahncreme zusammen mit Bogadent Ergo Dual Brush Zahnb\u00fcrste. Das Verschlucken der Zahncreme ist unbedenklich.<\/p>\r\n<p>WICHTIG: Verwenden Sie keine Zahncremen f\u00fcr Menschen, diese enthalten oft f\u00fcr Hunde sehr giftige Inhaltsstoffe.<\/p>\r\n<p><span style=\"text-decoration: underline;\">Anwendung:<br \/><\/span>Gew\u00f6hnen Sie Ihren Haustier m\u00f6glichst fr\u00fch, behutsam und spielerisch an eine effektive Zahn- und Mundhygiene.<\/p>\r\n<ol>\r\n<li>Entfernen Sie erst die Alu-Versiegelung von der Tubenspitze und tragen Sie etwas bogadent\u00ae DENTAL CREME auf die Zahnb\u00fcrste auf.<\/li>\r\n<li>Dann heben Sie die Lefzen an und reinigen Sie die Aussenfl\u00e4chen und Innenfl\u00e4chen der Eck- und Backenz\u00e4hne mit gleichm\u00e4ssig kreisenden Bewegungen.<\/li>\r\n<\/ol>\r\n<p><span style=\"text-decoration: underline;\">Dosierung:<br \/><\/span>-\u00a0<\/p>\r\n<p><span style=\"text-decoration: underline;\">Verpackung:<br \/><\/span>Tube 75 ml<\/p>","_de_post_name":"bogar-bogadent-dental-creme-mint-dog","_de_post_excerpt":"","_de_post_title":"Bogadent Dental Creme Mint | Hund  | 75 ml","_fr_post_content":"<p>Bogadent Dental Creme Mint Dog de la marque Bogar est un nouveau dentifrice au go\u00fbt subtil de menthe pour les chiens, pour un bon \u00e9quilibre de la flore buccale. La formule innovante pr\u00e9vient la formation de la plaque dentaire et apaise et combat la mauvaise haleine. Pour des r\u00e9sultats optimaux, utilisez la brosse \u00e0 dents Bogadent Ergo Dual Brush. L'ingestion du dentifrice par votre chien ne pose aucun probl\u00e8me. Utilisez la cr\u00e8me dentaire Bogadent pour le nettoyage quotidien de la bouche et des dents.<\/p>\r\n<p>Administration :<br \/>Initiez votre animal \u00e0 l'hygi\u00e8ne buccale et dentaire d\u00e8s son plus jeune \u00e2ge, soyez tr\u00e8s doux et utilisez une approche ludique autant que possible.<\/p>\r\n<p>Retirez la feuille d'aluminium du dentifrice et appliquez le dentifrice sur la brosse \u00e0 dents. Commencez avec peu de dentifrice et augmentez la quantit\u00e9 au fur et \u00e0 mesure que le chien s'y habitue.<br \/>Nettoyez les dents pendant trois minutes, surtout entre les dents et doucement le long des collets dentaires.<\/p>\r\n<p>Dosage :<br \/>-<\/p>\r\n<p>Emballage :<br \/>Tube de 75ml<\/p>","_fr_post_name":"bogar-bogadent-dental-creme-menthe-chien","_fr_post_excerpt":"","_fr_post_title":"Bogadent Dental Creme Menthe | Chien | 75ml","_es_post_content":"<p><span class=\"JLqJ4b ChMk0b\"><span class=\"Q4iAWc\">Bogadent Crema Dental Menta de la marca Bogar es una pasta de dientes para perros con un sutil sabor a menta para perros, para un buen equilibrio en la flora bucal.<\/span><\/span> <span class=\"JLqJ4b ChMk0b\"><span class=\"Q4iAWc\">La innovadora f\u00f3rmula previene la formaci\u00f3n de placa y alivia y combate el mal aliento.<\/span><\/span> <span class=\"JLqJ4b ChMk0b\"><span class=\"Q4iAWc\">Para obtener resultados \u00f3ptimos, utilice el cepillo de dientes Bogadent Ergo Dual Brush.<\/span><\/span> <span class=\"JLqJ4b ChMk0b\"><span class=\"Q4iAWc\">Tragar la pasta de dientes por su perro no es ning\u00fan problema.<\/span><\/span> <span class=\"JLqJ4b ChMk0b\"><span class=\"Q4iAWc\">Use la crema dental Bogadent para la limpieza diaria de la boca y los dientes.<\/span><\/span><\/p>\r\n<p><span style=\"text-decoration: underline;\"><span class=\"JLqJ4b ChMk0b\"><span class=\"Q4iAWc\">Administraci\u00f3n:<\/span><\/span><\/span><\/p>\r\n<p><span class=\"JLqJ4b ChMk0b\"><span class=\"Q4iAWc\">Acostumbre a su mascota a la higiene bucal y dental lo antes posible, sea muy amable y use un enfoque l\u00fadico tanto como sea posible.<\/span><\/span> <span class=\"JLqJ4b ChMk0b\"><span class=\"Q4iAWc\">Retire el papel de aluminio de la pasta de dientes y aplique la pasta de dientes al cepillo de dientes.<\/span><\/span> <span class=\"JLqJ4b ChMk0b\"><span class=\"Q4iAWc\">Comience con una peque\u00f1a cantidad de pasta de dientes y aumente la cantidad a medida que el perro se acostumbre.<\/span><\/span> <span class=\"JLqJ4b ChMk0b\"><span class=\"Q4iAWc\">Limpie los dientes durante tres minutos, especialmente entre los dientes y suavemente a lo largo del cuello de los dientes.<\/span><\/span><\/p>\r\n<p><span style=\"text-decoration: underline;\"><span class=\"JLqJ4b ChMk0b\"><span class=\"Q4iAWc\">Dosis:<\/span><\/span> <\/span><\/p>\r\n<p><span class=\"JLqJ4b ChMk0b\"><span class=\"Q4iAWc\">-<\/span><\/span><\/p>\r\n<p><span style=\"text-decoration: underline;\"><span class=\"JLqJ4b ChMk0b\"><span class=\"Q4iAWc\">Embalaje:<\/span><\/span> <\/span><\/p>\r\n<p><span class=\"JLqJ4b ChMk0b\"><span class=\"Q4iAWc\">Tubo de 75 ml.<\/span><\/span><\/p>","_es_post_name":"bogar-bogadent-crema-dental-menta-perros","_es_post_excerpt":"","_es_post_title":"Bogadent Crema Dental Menta | Pasta de dientes para perros  | 75 ml","edit_language":"nl"},"product_brand":[],"product_cat":[1861,2029,1842,1117,1839,1857,2128,1863],"product_tag":[],"class_list":{"0":"post-118178","1":"product","2":"type-product","3":"status-publish","4":"has-post-thumbnail","6":"product_cat-benodigdheden","7":"product_cat-bogadent","8":"product_cat-gebit","9":"product_cat-honden","10":"product_cat-medicijnen-supplementen","11":"product_cat-merken","12":"product_cat-tandenborstels-en-tandpasta","13":"product_cat-verzorging","14":"pa_aandoening-gebit","15":"pa_doeldier-hond","16":"pa_fabricatieland-zwitserland","17":"pa_merkfilter-bogadent","18":"pa_merkgroep-bogar","19":"pa_productsoort-overig","20":"pa_seo_canonical_store_id-not_found_value","21":"pa_seo_category-not_found_value","22":"pa_seo_meta_robots-not_found_value","23":"pa_toedieningswijze-tandpasta","24":"pa_unit_pricing_base_measure-10ml","25":"pa_unit_pricing_measure-75ml","26":"pa_werkzamestof-overig","28":"first","29":"instock","30":"taxable","31":"shipping-taxable","32":"purchasable","33":"product-type-simple"},"yoast_head":"<!-- This site is optimized with the Yoast SEO plugin v27.5 - https:\/\/yoast.com\/product\/yoast-seo-wordpress\/ -->\n<title>Bogadent Dental Cr\u00e8me Mint Hond | Hondentandpasta<\/title>\n<meta name=\"description\" content=\"Bogadent Dental Creme Mint Hond van Bogar is een nieuwe tandpasta met een subtiele mint smaak voor honden, voor een goede balans in de mondflora.\" \/>\n<meta name=\"robots\" content=\"index, follow, max-snippet:-1, max-image-preview:large, max-video-preview:-1\" \/>\n<link rel=\"canonical\" href=\"https:\/\/p4p-nl.bootmine.com\/%product-slug%\/bogar-bogadent-dental-creme-mint-dog\" \/>\n<meta property=\"og:locale\" content=\"nl_NL\" \/>\n<meta property=\"og:type\" content=\"article\" \/>\n<meta property=\"og:title\" content=\"Bogadent Dental Cr\u00e8me Mint Hond | Hondentandpasta\" \/>\n<meta property=\"og:description\" content=\"Bogadent Dental Creme Mint Hond van Bogar is een nieuwe tandpasta met een subtiele mint smaak voor honden, voor een goede balans in de mondflora.\" \/>\n<meta property=\"og:url\" content=\"https:\/\/p4p-nl.bootmine.com\/%product-slug%\/bogar-bogadent-dental-creme-mint-dog\" \/>\n<meta property=\"og:site_name\" content=\"Pharmacy4pets\" \/>\n<meta property=\"article:publisher\" content=\"https:\/\/www.facebook.com\/people\/Pharmacy4petsnl\/100063484989896\/\" \/>\n<meta property=\"article:modified_time\" content=\"2026-03-25T11:57:29+00:00\" \/>\n<meta property=\"og:image\" content=\"https:\/\/p4p-nl.bootmine.com\/wp-content\/uploads\/2017\/07\/23598.jpg\" \/>\n\t<meta property=\"og:image:width\" content=\"131\" \/>\n\t<meta property=\"og:image:height\" content=\"317\" \/>\n\t<meta property=\"og:image:type\" content=\"image\/jpeg\" \/>\n<meta name=\"twitter:card\" content=\"summary_large_image\" \/>\n<meta name=\"twitter:label1\" content=\"Geschatte leestijd\" \/>\n\t<meta name=\"twitter:data1\" content=\"1 minuut\" \/>\n<script type=\"application\/ld+json\" class=\"yoast-schema-graph\">{\"@context\":\"https:\\\/\\\/schema.org\",\"@graph\":[{\"@type\":\"WebPage\",\"@id\":\"https:\\\/\\\/p4p-nl.bootmine.com\\\/%product-slug%\\\/bogar-bogadent-dental-creme-mint-dog\",\"url\":\"https:\\\/\\\/p4p-nl.bootmine.com\\\/%product-slug%\\\/bogar-bogadent-dental-creme-mint-dog\",\"name\":\"Bogadent Dental Cr\u00e8me Mint Hond | Hondentandpasta\",\"isPartOf\":{\"@id\":\"http:\\\/\\\/www.pharmacy4pets.nl\\\/#website\"},\"primaryImageOfPage\":{\"@id\":\"https:\\\/\\\/p4p-nl.bootmine.com\\\/%product-slug%\\\/bogar-bogadent-dental-creme-mint-dog#primaryimage\"},\"image\":{\"@id\":\"https:\\\/\\\/p4p-nl.bootmine.com\\\/%product-slug%\\\/bogar-bogadent-dental-creme-mint-dog#primaryimage\"},\"thumbnailUrl\":\"https:\\\/\\\/www.pharmacy4pets.nl\\\/wp-content\\\/uploads\\\/2017\\\/07\\\/23598.jpg\",\"datePublished\":\"2017-07-11T12:37:40+00:00\",\"dateModified\":\"2026-03-25T11:57:29+00:00\",\"description\":\"Bogadent Dental Creme Mint Hond van Bogar is een nieuwe tandpasta met een subtiele mint smaak voor honden, voor een goede balans in de mondflora.\",\"breadcrumb\":{\"@id\":\"https:\\\/\\\/p4p-nl.bootmine.com\\\/%product-slug%\\\/bogar-bogadent-dental-creme-mint-dog#breadcrumb\"},\"inLanguage\":\"nl-NL\",\"potentialAction\":[{\"@type\":\"ReadAction\",\"target\":[\"https:\\\/\\\/p4p-nl.bootmine.com\\\/%product-slug%\\\/bogar-bogadent-dental-creme-mint-dog\"]}]},{\"@type\":\"ImageObject\",\"inLanguage\":\"nl-NL\",\"@id\":\"https:\\\/\\\/p4p-nl.bootmine.com\\\/%product-slug%\\\/bogar-bogadent-dental-creme-mint-dog#primaryimage\",\"url\":\"https:\\\/\\\/www.pharmacy4pets.nl\\\/wp-content\\\/uploads\\\/2017\\\/07\\\/23598.jpg\",\"contentUrl\":\"https:\\\/\\\/www.pharmacy4pets.nl\\\/wp-content\\\/uploads\\\/2017\\\/07\\\/23598.jpg\",\"width\":131,\"height\":317,\"caption\":\"Bogadent\"},{\"@type\":\"BreadcrumbList\",\"@id\":\"https:\\\/\\\/p4p-nl.bootmine.com\\\/%product-slug%\\\/bogar-bogadent-dental-creme-mint-dog#breadcrumb\",\"itemListElement\":[{\"@type\":\"ListItem\",\"position\":1,\"name\":\"Home\",\"item\":\"https:\\\/\\\/p4p-nl.bootmine.com\\\/\"},{\"@type\":\"ListItem\",\"position\":2,\"name\":\"Winkel\",\"item\":\"https:\\\/\\\/p4p-nl.bootmine.com\\\/winkel\"},{\"@type\":\"ListItem\",\"position\":3,\"name\":\"Bogadent Dental Creme Mint | Hond | 75ml\"}]},{\"@type\":\"WebSite\",\"@id\":\"http:\\\/\\\/www.pharmacy4pets.nl\\\/#website\",\"url\":\"http:\\\/\\\/www.pharmacy4pets.nl\\\/\",\"name\":\"Pharmacy4pets\",\"description\":\"Pharmacy4pets.nl is d\u00e9 online apotheek waar u terecht kunt voor alle diergeneesmiddelen, verzorgingsproducten en dieetvoeding voor uw huisdier.\",\"publisher\":{\"@id\":\"http:\\\/\\\/www.pharmacy4pets.nl\\\/#organization\"},\"potentialAction\":[{\"@type\":\"SearchAction\",\"target\":{\"@type\":\"EntryPoint\",\"urlTemplate\":\"http:\\\/\\\/www.pharmacy4pets.nl\\\/?s={search_term_string}\"},\"query-input\":{\"@type\":\"PropertyValueSpecification\",\"valueRequired\":true,\"valueName\":\"search_term_string\"}}],\"inLanguage\":\"nl-NL\"},{\"@type\":\"Organization\",\"@id\":\"http:\\\/\\\/www.pharmacy4pets.nl\\\/#organization\",\"name\":\"Pharmacy4pets\",\"url\":\"http:\\\/\\\/www.pharmacy4pets.nl\\\/\",\"logo\":{\"@type\":\"ImageObject\",\"inLanguage\":\"nl-NL\",\"@id\":\"http:\\\/\\\/www.pharmacy4pets.nl\\\/#\\\/schema\\\/logo\\\/image\\\/\",\"url\":\"https:\\\/\\\/p4p-nl.bootmine.com\\\/wp-content\\\/uploads\\\/2026\\\/03\\\/logo-pharmacy4pets.png\",\"contentUrl\":\"https:\\\/\\\/p4p-nl.bootmine.com\\\/wp-content\\\/uploads\\\/2026\\\/03\\\/logo-pharmacy4pets.png\",\"width\":1024,\"height\":135,\"caption\":\"Pharmacy4pets\"},\"image\":{\"@id\":\"http:\\\/\\\/www.pharmacy4pets.nl\\\/#\\\/schema\\\/logo\\\/image\\\/\"},\"sameAs\":[\"https:\\\/\\\/www.facebook.com\\\/people\\\/Pharmacy4petsnl\\\/100063484989896\\\/\",\"https:\\\/\\\/www.youtube.com\\\/channel\\\/UCGPTIgucgli03tP2_kvLkHg\\\/featured\",\"https:\\\/\\\/www.instagram.com\\\/pharmacy4pets.nl\"]}]}<\/script>\n<!-- \/ Yoast SEO plugin. -->","yoast_head_json":{"title":"Bogadent Dental Cr\u00e8me Mint Hond | Hondentandpasta","description":"Bogadent Dental Creme Mint Hond van Bogar is een nieuwe tandpasta met een subtiele mint smaak voor honden, voor een goede balans in de mondflora.","robots":{"index":"index","follow":"follow","max-snippet":"max-snippet:-1","max-image-preview":"max-image-preview:large","max-video-preview":"max-video-preview:-1"},"canonical":"https:\/\/p4p-nl.bootmine.com\/%product-slug%\/bogar-bogadent-dental-creme-mint-dog","og_locale":"nl_NL","og_type":"article","og_title":"Bogadent Dental Cr\u00e8me Mint Hond | Hondentandpasta","og_description":"Bogadent Dental Creme Mint Hond van Bogar is een nieuwe tandpasta met een subtiele mint smaak voor honden, voor een goede balans in de mondflora.","og_url":"https:\/\/p4p-nl.bootmine.com\/%product-slug%\/bogar-bogadent-dental-creme-mint-dog","og_site_name":"Pharmacy4pets","article_publisher":"https:\/\/www.facebook.com\/people\/Pharmacy4petsnl\/100063484989896\/","article_modified_time":"2026-03-25T11:57:29+00:00","og_image":[{"width":131,"height":317,"url":"https:\/\/p4p-nl.bootmine.com\/wp-content\/uploads\/2017\/07\/23598.jpg","type":"image\/jpeg"}],"twitter_card":"summary_large_image","twitter_misc":{"Geschatte leestijd":"1 minuut"},"schema":{"@context":"https:\/\/schema.org","@graph":[{"@type":"WebPage","@id":"https:\/\/p4p-nl.bootmine.com\/%product-slug%\/bogar-bogadent-dental-creme-mint-dog","url":"https:\/\/p4p-nl.bootmine.com\/%product-slug%\/bogar-bogadent-dental-creme-mint-dog","name":"Bogadent Dental Cr\u00e8me Mint Hond | Hondentandpasta","isPartOf":{"@id":"http:\/\/www.pharmacy4pets.nl\/#website"},"primaryImageOfPage":{"@id":"https:\/\/p4p-nl.bootmine.com\/%product-slug%\/bogar-bogadent-dental-creme-mint-dog#primaryimage"},"image":{"@id":"https:\/\/p4p-nl.bootmine.com\/%product-slug%\/bogar-bogadent-dental-creme-mint-dog#primaryimage"},"thumbnailUrl":"https:\/\/www.pharmacy4pets.nl\/wp-content\/uploads\/2017\/07\/23598.jpg","datePublished":"2017-07-11T12:37:40+00:00","dateModified":"2026-03-25T11:57:29+00:00","description":"Bogadent Dental Creme Mint Hond van Bogar is een nieuwe tandpasta met een subtiele mint smaak voor honden, voor een goede balans in de mondflora.","breadcrumb":{"@id":"https:\/\/p4p-nl.bootmine.com\/%product-slug%\/bogar-bogadent-dental-creme-mint-dog#breadcrumb"},"inLanguage":"nl-NL","potentialAction":[{"@type":"ReadAction","target":["https:\/\/p4p-nl.bootmine.com\/%product-slug%\/bogar-bogadent-dental-creme-mint-dog"]}]},{"@type":"ImageObject","inLanguage":"nl-NL","@id":"https:\/\/p4p-nl.bootmine.com\/%product-slug%\/bogar-bogadent-dental-creme-mint-dog#primaryimage","url":"https:\/\/www.pharmacy4pets.nl\/wp-content\/uploads\/2017\/07\/23598.jpg","contentUrl":"https:\/\/www.pharmacy4pets.nl\/wp-content\/uploads\/2017\/07\/23598.jpg","width":131,"height":317,"caption":"Bogadent"},{"@type":"BreadcrumbList","@id":"https:\/\/p4p-nl.bootmine.com\/%product-slug%\/bogar-bogadent-dental-creme-mint-dog#breadcrumb","itemListElement":[{"@type":"ListItem","position":1,"name":"Home","item":"https:\/\/p4p-nl.bootmine.com\/"},{"@type":"ListItem","position":2,"name":"Winkel","item":"https:\/\/p4p-nl.bootmine.com\/winkel"},{"@type":"ListItem","position":3,"name":"Bogadent Dental Creme Mint | Hond | 75ml"}]},{"@type":"WebSite","@id":"http:\/\/www.pharmacy4pets.nl\/#website","url":"http:\/\/www.pharmacy4pets.nl\/","name":"Pharmacy4pets","description":"Pharmacy4pets.nl is d\u00e9 online apotheek waar u terecht kunt voor alle diergeneesmiddelen, verzorgingsproducten en dieetvoeding voor uw huisdier.","publisher":{"@id":"http:\/\/www.pharmacy4pets.nl\/#organization"},"potentialAction":[{"@type":"SearchAction","target":{"@type":"EntryPoint","urlTemplate":"http:\/\/www.pharmacy4pets.nl\/?s={search_term_string}"},"query-input":{"@type":"PropertyValueSpecification","valueRequired":true,"valueName":"search_term_string"}}],"inLanguage":"nl-NL"},{"@type":"Organization","@id":"http:\/\/www.pharmacy4pets.nl\/#organization","name":"Pharmacy4pets","url":"http:\/\/www.pharmacy4pets.nl\/","logo":{"@type":"ImageObject","inLanguage":"nl-NL","@id":"http:\/\/www.pharmacy4pets.nl\/#\/schema\/logo\/image\/","url":"https:\/\/p4p-nl.bootmine.com\/wp-content\/uploads\/2026\/03\/logo-pharmacy4pets.png","contentUrl":"https:\/\/p4p-nl.bootmine.com\/wp-content\/uploads\/2026\/03\/logo-pharmacy4pets.png","width":1024,"height":135,"caption":"Pharmacy4pets"},"image":{"@id":"http:\/\/www.pharmacy4pets.nl\/#\/schema\/logo\/image\/"},"sameAs":["https:\/\/www.facebook.com\/people\/Pharmacy4petsnl\/100063484989896\/","https:\/\/www.youtube.com\/channel\/UCGPTIgucgli03tP2_kvLkHg\/featured","https:\/\/www.instagram.com\/pharmacy4pets.nl"]}]}},"market_data":{"nl":{"price":0,"sale_price":0,"active":false,"url":null,"parent_url":"","tax_rate":0,"price_inc_tax":0,"sale_price_inc_tax":0},"de":{"price":0,"sale_price":0,"active":false,"url":null,"parent_url":"","tax_rate":0,"price_inc_tax":0,"sale_price_inc_tax":0},"be":{"price":0,"sale_price":0,"active":false,"url":null,"parent_url":"","tax_rate":0,"price_inc_tax":0,"sale_price_inc_tax":0},"fr":{"price":0,"sale_price":0,"active":false,"url":null,"parent_url":"","tax_rate":0,"price_inc_tax":0,"sale_price_inc_tax":0},"ch":{"price":0,"sale_price":0,"active":false,"url":null,"parent_url":"","tax_rate":0,"price_inc_tax":0,"sale_price_inc_tax":0},"at":{"price":0,"sale_price":0,"active":false,"url":null,"parent_url":"","tax_rate":0,"price_inc_tax":0,"sale_price_inc_tax":0},"es":{"price":0,"sale_price":0,"active":false,"url":null,"parent_url":"","tax_rate":0,"price_inc_tax":0,"sale_price_inc_tax":0},"dk":{"price":0,"sale_price":0,"active":false,"url":null,"parent_url":"","tax_rate":0,"price_inc_tax":0,"sale_price_inc_tax":0},"com":{"price":0,"sale_price":0,"active":false,"url":null,"parent_url":"","tax_rate":0,"price_inc_tax":0,"sale_price_inc_tax":0}},"market_nl_price":0,"market_nl_sale_price":0,"market_nl_active":false,"market_nl_url":null,"market_nl_parent_url":"","market_nl_tax_rate":0,"market_nl_price_inc_tax":0,"market_nl_sale_price_inc_tax":0,"market_de_price":0,"market_de_sale_price":0,"market_de_active":false,"market_de_url":null,"market_de_parent_url":"","market_de_tax_rate":0,"market_de_price_inc_tax":0,"market_de_sale_price_inc_tax":0,"market_be_price":0,"market_be_sale_price":0,"market_be_active":false,"market_be_url":null,"market_be_parent_url":"","market_be_tax_rate":0,"market_be_price_inc_tax":0,"market_be_sale_price_inc_tax":0,"market_fr_price":0,"market_fr_sale_price":0,"market_fr_active":false,"market_fr_url":null,"market_fr_parent_url":"","market_fr_tax_rate":0,"market_fr_price_inc_tax":0,"market_fr_sale_price_inc_tax":0,"market_ch_price":0,"market_ch_sale_price":0,"market_ch_active":false,"market_ch_url":null,"market_ch_parent_url":"","market_ch_tax_rate":0,"market_ch_price_inc_tax":0,"market_ch_sale_price_inc_tax":0,"market_at_price":0,"market_at_sale_price":0,"market_at_active":false,"market_at_url":null,"market_at_parent_url":"","market_at_tax_rate":0,"market_at_price_inc_tax":0,"market_at_sale_price_inc_tax":0,"market_es_price":0,"market_es_sale_price":0,"market_es_active":false,"market_es_url":null,"market_es_parent_url":"","market_es_tax_rate":0,"market_es_price_inc_tax":0,"market_es_sale_price_inc_tax":0,"market_dk_price":0,"market_dk_sale_price":0,"market_dk_active":false,"market_dk_url":null,"market_dk_parent_url":"","market_dk_tax_rate":0,"market_dk_price_inc_tax":0,"market_dk_sale_price_inc_tax":0,"market_com_price":0,"market_com_sale_price":0,"market_com_active":false,"market_com_url":null,"market_com_parent_url":"","market_com_tax_rate":0,"market_com_price_inc_tax":0,"market_com_sale_price_inc_tax":0,"acf":[],"_links":{"self":[{"href":"https:\/\/www.pharmacy4pets.nl\/be\/wp-json\/wp\/v2\/product\/118178","targetHints":{"allow":["GET"]}}],"collection":[{"href":"https:\/\/www.pharmacy4pets.nl\/be\/wp-json\/wp\/v2\/product"}],"about":[{"href":"https:\/\/www.pharmacy4pets.nl\/be\/wp-json\/wp\/v2\/types\/product"}],"replies":[{"embeddable":true,"href":"https:\/\/www.pharmacy4pets.nl\/be\/wp-json\/wp\/v2\/comments?post=118178"}],"wp:featuredmedia":[{"embeddable":true,"href":"https:\/\/www.pharmacy4pets.nl\/be\/wp-json\/wp\/v2\/media\/118176"}],"wp:attachment":[{"href":"https:\/\/www.pharmacy4pets.nl\/be\/wp-json\/wp\/v2\/media?parent=118178"}],"wp:term":[{"taxonomy":"product_brand","embeddable":true,"href":"https:\/\/www.pharmacy4pets.nl\/be\/wp-json\/wp\/v2\/product_brand?post=118178"},{"taxonomy":"product_cat","embeddable":true,"href":"https:\/\/www.pharmacy4pets.nl\/be\/wp-json\/wp\/v2\/product_cat?post=118178"},{"taxonomy":"product_tag","embeddable":true,"href":"https:\/\/www.pharmacy4pets.nl\/be\/wp-json\/wp\/v2\/product_tag?post=118178"}],"curies":[{"name":"wp","href":"https:\/\/api.w.org\/{rel}","templated":true}]}}