{"id":118172,"date":"2017-07-11T12:30:11","date_gmt":"2017-07-11T12:30:11","guid":{"rendered":"https:\/\/p4p.test\/bogar-bogadent-dental-clean-bones-dog"},"modified":"2026-03-25T11:57:28","modified_gmt":"2026-03-25T11:57:28","slug":"bogar-bogadent-dental-clean-bones-dog","status":"publish","type":"product","link":"https:\/\/www.pharmacy4pets.nl\/be\/bogar-bogadent-dental-clean-bones-dog","title":{"rendered":"Bogadent Dental Clean Bones 2&#215;60 gram | Hond"},"content":{"rendered":"<p>Bogadent Dental Clean Bones van Bogar zijn de perfecte manier om kauwplezier en mondverzorging te combineren. De innovatieve XC2-effect-formule die bestaat uit een speciaal fruitextract en speciale mineralen, die beschermen tegen tandplak en tandsteen. De harde consistentie van de Bogadent Dental Clean Bones ondersteunt het afschuren van plak en tandsteen en versterkt gelijktijdig de kauwspieren. Hypoallergeen en glutenvrij, 100% natuurlijk.<\/p>\n<p><span style=\"text-decoration: underline;\">Toediening:<br \/><\/span>1 &agrave; 2 Bogadent Dental Clean Bones dagelijks tussen de maaltijden door. Zorg altijd voor voldoende vers drinkwater.<\/p>\n<p><span style=\"text-decoration: underline;\">Dosering:<br \/><\/span>&#8211;<\/p>\n<p><span style=\"text-decoration: underline;\">Verpakking:<br \/><\/span>2x 60 gram<\/p>\n","protected":false},"excerpt":{"rendered":"<p>Bogadent Dental Clean Bones van Bogar zijn de perfecte manier om kauwplezier en mondverzorging te combineren. De innovatieve XC2-effect-formule die bestaat uit een speciaal fruitextract en speciale mineralen, die beschermen tegen tandplak en tandsteen. De harde consistentie van de Bogadent Dental Clean Bones ondersteunt het afschuren van plak en tandsteen en versterkt gelijktijdig de kauwspieren. [&hellip;]<\/p>\n","protected":false},"featured_media":118171,"comment_status":"open","ping_status":"closed","template":"","meta":{"_acf_changed":false,"_nl_post_content":"<p>Bogadent Dental Clean Bones van Bogar zijn de perfecte manier om kauwplezier en mondverzorging te combineren. De innovatieve XC2-effect-formule die bestaat uit een speciaal fruitextract en speciale mineralen, die beschermen tegen tandplak en tandsteen. De harde consistentie van de Bogadent Dental Clean Bones ondersteunt het afschuren van plak en tandsteen en versterkt gelijktijdig de kauwspieren. Hypoallergeen en glutenvrij, 100% natuurlijk.<\/p>\r\n<p><span style=\"text-decoration: underline;\">Toediening:<br \/><\/span>1 &agrave; 2 Bogadent Dental Clean Bones dagelijks tussen de maaltijden door. Zorg altijd voor voldoende vers drinkwater.<\/p>\r\n<p><span style=\"text-decoration: underline;\">Dosering:<br \/><\/span>-<\/p>\r\n<p><span style=\"text-decoration: underline;\">Verpakking:<br \/><\/span>2x 60 gram<\/p>","_nl_post_name":"bogar-bogadent-dental-clean-bones-dog","_nl_post_excerpt":"","_nl_post_title":"Bogadent Dental Clean Bones 2x60 gram | Hond","_en_post_content":"<p>Bogadent Dental Clean Bones from Bogar are the perfect way to combine the joy of chewing with dental care. The innovative XC2-Effect-Formula consisting of a special fruit extract and special minerals, protects against plaque and tartar build-up. The hard consistency Bogadent Dental Clean Bones also promotes the mechanical abrasion of plaque and tartar while strengthening the muscles used to chew. Hypoallergenic and gluten-free. 100% natural.<\/p>\r\n<p><span style=\"text-decoration: underline;\">Administration:<br \/><\/span>1-2 Bogadent Dental Clean Bones daily between meals. Always make sure there is a sufficient supply of fresh drinking water.<\/p>\r\n<p><span style=\"text-decoration: underline;\">Dosage:<br \/><\/span>-<\/p>\r\n<p><span style=\"text-decoration: underline;\">Package:<br \/><\/span>2x 60 grams<\/p>","_en_post_name":"bogar-bogadent-dental-clean-bones-dog","_en_post_excerpt":"","_en_post_title":"Bogadent Dental Clean Bones 2x 60 grams | Dog","_de_post_content":"<p>Bogadent Dental Clean Bones von Bogar sind die ideale L&ouml;sung, Zahnpflege und Kauvergn&uuml;gen zu verbinden. Die innovative XC2-Effect-Formula bestehend aus einem besonderen Fruchtextrakt und aus speziellen Mineralstoffen, sch&uuml;tzt vor Plaque- und Zahnsteinbildung. Die harte Konsistenz der Bogadent Dental Clean Bones unterst&uuml;tzt zudem den mechanischen Abrieb von Plaque und Zahnstein und st&auml;rkt gleichzeitig die Kaumuskulatur. Hypoallergenen und Gluten-frei, 100% nat&uuml;rlich.<\/p>\r\n<p><span style=\"text-decoration: underline;\">Anwendung:<br \/><\/span>1-2 Bogadent Dental Clean Bones t&auml;glich zwischen den Mahlzeiten. Stellen Sie gen&uuml;gend frisches Trinkwasser bereit.<\/p>\r\n<p><span style=\"text-decoration: underline;\">Dosierung:<br \/><\/span>-<\/p>\r\n<p><span style=\"text-decoration: underline;\">Verpackung:<br \/><\/span>2x 60 Gramm<\/p>","_de_post_name":"bogar-bogadent-dental-clean-bones-dog","_de_post_excerpt":"","_de_post_title":"Bogadent Dental Clean Bones 2x 60 Gramm | Hund","_fr_post_content":"<p>Bogadent Dental Clean Bones de Bogar est le moyen id\u00e9al d'allier plaisir de la mastication et soins bucco-dentaires. La formule innovante \u00e0 effet XC2, compos\u00e9e d'un extrait de fruit sp\u00e9cial et de min\u00e9raux sp\u00e9ciaux, prot\u00e8ge contre la plaque dentaire et le tartre. La consistance dure de Bogadent Dental Clean Bones favorise l'abrasion de la plaque et du tartre et renforce simultan\u00e9ment les muscles de mastication. Hypoallerg\u00e9nique et sans gluten, 100% naturel.<\/p>\r\n<p>Administration :<br \/>1-2 Bogadent Dental Clean Bones par jour entre les repas. Pr\u00e9voyez toujours une grande quantit\u00e9 d'eau potable fra\u00eeche.<\/p>\r\n<p>Dosage :<br \/>-<\/p>\r\n<p>Emballage :<br \/>2x 60 grammes<\/p>","_fr_post_name":"bogar-bogadent-dental-clean-bones-chien","_fr_post_excerpt":"","_fr_post_title":"Bogadent Dental Clean Bones 2x60 gram | Chien","_es_post_content":"<p><span class=\"JLqJ4b ChMk0b\"><span class=\"Q4iAWc\">Bogadent Dental Clean Bones de Bogar son la manera perfecta de combinar el placer de masticar y el cuidado dental.<\/span><\/span> <span class=\"JLqJ4b ChMk0b\"><span class=\"Q4iAWc\">La innovadora f\u00f3rmula de efecto XC2 que consiste en un extracto de fruta especial y minerales especiales, que protegen contra la placa y el sarro.<\/span><\/span> <span class=\"JLqJ4b ChMk0b\"><span class=\"Q4iAWc\">La consistencia dura de Bogadent Dental Clean Bones favorece la abrasi\u00f3n de la placa y el sarro y al mismo tiempo fortalece los m\u00fasculos de la masticaci\u00f3n.<\/span><\/span> <span class=\"JLqJ4b ChMk0b\"><span class=\"Q4iAWc\">Hipoalerg\u00e9nico y sin gluten, 100% natural.<\/span><\/span><\/p>\r\n<p><span style=\"text-decoration: underline;\"><span class=\"JLqJ4b ChMk0b\"><span class=\"Q4iAWc\">Administraci\u00f3n:<\/span><\/span> <\/span><\/p>\r\n<p><span class=\"JLqJ4b ChMk0b\"><span class=\"Q4iAWc\">1 a 2 Bogadent Dental Clean Bones al d\u00eda entre comidas.<\/span><\/span> <span class=\"JLqJ4b ChMk0b\"><span class=\"Q4iAWc\">Proporcione siempre abundante agua potable fresca.<\/span><\/span><\/p>\r\n<p><span style=\"text-decoration: underline;\"><span class=\"JLqJ4b ChMk0b\"><span class=\"Q4iAWc\">Dosis:<\/span><\/span><\/span><\/p>\r\n<p><span class=\"JLqJ4b ChMk0b\"><span class=\"Q4iAWc\">-<\/span><\/span><\/p>\r\n<p><span style=\"text-decoration: underline;\"><span class=\"JLqJ4b ChMk0b\"><span class=\"Q4iAWc\">Embalaje:<\/span><\/span> <\/span><\/p>\r\n<p><span class=\"JLqJ4b ChMk0b\"><span class=\"Q4iAWc\">2x 60 gramos<\/span><\/span><\/p>","_es_post_name":"bogar-bogadent-dental-clean-bones-perros","_es_post_excerpt":"","_es_post_title":"Bogadent Dental Clean Bones 2x60 gramos | Perros","edit_language":"nl"},"product_brand":[],"product_cat":[2029,1842,1117,1839,1857],"product_tag":[],"class_list":{"0":"post-118172","1":"product","2":"type-product","3":"status-publish","4":"has-post-thumbnail","6":"product_cat-bogadent","7":"product_cat-gebit","8":"product_cat-honden","9":"product_cat-medicijnen-supplementen","10":"product_cat-merken","11":"pa_aandoening-gebit","12":"pa_doeldier-hond","13":"pa_fabricatieland-zwitserland","14":"pa_merkfilter-bogadent","15":"pa_merkgroep-bogar","16":"pa_productsoort-voeding","17":"pa_seo_canonical_store_id-not_found_value","18":"pa_seo_category-not_found_value","19":"pa_seo_meta_robots-not_found_value","20":"pa_toedieningswijze-kauwstrips","21":"pa_unit_pricing_base_measure-1ct","22":"pa_unit_pricing_measure-2ct","23":"pa_werkzamestof-overig","25":"first","26":"instock","27":"taxable","28":"shipping-taxable","29":"purchasable","30":"product-type-simple"},"yoast_head":"<!-- This site is optimized with the Yoast SEO plugin v27.5 - https:\/\/yoast.com\/product\/yoast-seo-wordpress\/ -->\n<title>Bogadent Dental Clean Bones Hond | Kauwbot Hond<\/title>\n<meta name=\"description\" content=\"Bogadent Dental Clean Bones van Bogar zijn de perfecte manier om kauwplezier en mondverzorging te combineren. Verwijdert effectief tandplak en tandsteen.\" \/>\n<meta name=\"robots\" content=\"index, follow, max-snippet:-1, max-image-preview:large, max-video-preview:-1\" \/>\n<link rel=\"canonical\" href=\"https:\/\/www.pharmacy4pets.nl\/bogar-bogadent-dental-clean-bones-dog\" \/>\n<meta property=\"og:locale\" content=\"nl_NL\" \/>\n<meta property=\"og:type\" content=\"article\" \/>\n<meta property=\"og:title\" content=\"Bogadent Dental Clean Bones Hond | Kauwbot Hond\" \/>\n<meta property=\"og:description\" content=\"Bogadent Dental Clean Bones van Bogar zijn de perfecte manier om kauwplezier en mondverzorging te combineren. Verwijdert effectief tandplak en tandsteen.\" \/>\n<meta property=\"og:url\" content=\"https:\/\/www.pharmacy4pets.nl\/bogar-bogadent-dental-clean-bones-dog\" \/>\n<meta property=\"og:site_name\" content=\"Pharmacy4pets\" \/>\n<meta property=\"article:publisher\" content=\"https:\/\/www.facebook.com\/people\/Pharmacy4petsnl\/100063484989896\/\" \/>\n<meta property=\"article:modified_time\" content=\"2026-03-25T11:57:28+00:00\" \/>\n<meta property=\"og:image\" content=\"https:\/\/www.pharmacy4pets.nl\/wp-content\/uploads\/2017\/07\/23602.jpg\" \/>\n\t<meta property=\"og:image:width\" content=\"160\" \/>\n\t<meta property=\"og:image:height\" content=\"317\" \/>\n\t<meta property=\"og:image:type\" content=\"image\/jpeg\" \/>\n<meta name=\"twitter:card\" content=\"summary_large_image\" \/>\n<script type=\"application\/ld+json\" class=\"yoast-schema-graph\">{\"@context\":\"https:\\\/\\\/schema.org\",\"@graph\":[{\"@type\":\"WebPage\",\"@id\":\"https:\\\/\\\/www.pharmacy4pets.nl\\\/bogar-bogadent-dental-clean-bones-dog\",\"url\":\"https:\\\/\\\/www.pharmacy4pets.nl\\\/bogar-bogadent-dental-clean-bones-dog\",\"name\":\"Bogadent Dental Clean Bones Hond | Kauwbot Hond\",\"isPartOf\":{\"@id\":\"http:\\\/\\\/www.pharmacy4pets.nl\\\/#website\"},\"primaryImageOfPage\":{\"@id\":\"https:\\\/\\\/www.pharmacy4pets.nl\\\/bogar-bogadent-dental-clean-bones-dog#primaryimage\"},\"image\":{\"@id\":\"https:\\\/\\\/www.pharmacy4pets.nl\\\/bogar-bogadent-dental-clean-bones-dog#primaryimage\"},\"thumbnailUrl\":\"https:\\\/\\\/www.pharmacy4pets.nl\\\/wp-content\\\/uploads\\\/2017\\\/07\\\/23602.jpg\",\"datePublished\":\"2017-07-11T12:30:11+00:00\",\"dateModified\":\"2026-03-25T11:57:28+00:00\",\"description\":\"Bogadent Dental Clean Bones van Bogar zijn de perfecte manier om kauwplezier en mondverzorging te combineren. Verwijdert effectief tandplak en tandsteen.\",\"breadcrumb\":{\"@id\":\"https:\\\/\\\/www.pharmacy4pets.nl\\\/bogar-bogadent-dental-clean-bones-dog#breadcrumb\"},\"inLanguage\":\"nl-NL\",\"potentialAction\":[{\"@type\":\"ReadAction\",\"target\":[\"https:\\\/\\\/www.pharmacy4pets.nl\\\/bogar-bogadent-dental-clean-bones-dog\"]}]},{\"@type\":\"ImageObject\",\"inLanguage\":\"nl-NL\",\"@id\":\"https:\\\/\\\/www.pharmacy4pets.nl\\\/bogar-bogadent-dental-clean-bones-dog#primaryimage\",\"url\":\"https:\\\/\\\/www.pharmacy4pets.nl\\\/wp-content\\\/uploads\\\/2017\\\/07\\\/23602.jpg\",\"contentUrl\":\"https:\\\/\\\/www.pharmacy4pets.nl\\\/wp-content\\\/uploads\\\/2017\\\/07\\\/23602.jpg\",\"width\":160,\"height\":317,\"caption\":\"Bogadent\"},{\"@type\":\"BreadcrumbList\",\"@id\":\"https:\\\/\\\/www.pharmacy4pets.nl\\\/bogar-bogadent-dental-clean-bones-dog#breadcrumb\",\"itemListElement\":[{\"@type\":\"ListItem\",\"position\":1,\"name\":\"Home\",\"item\":\"https:\\\/\\\/p4p-nl.bootmine.com\\\/\"},{\"@type\":\"ListItem\",\"position\":2,\"name\":\"Winkel\",\"item\":\"https:\\\/\\\/p4p-nl.bootmine.com\\\/winkel\"},{\"@type\":\"ListItem\",\"position\":3,\"name\":\"Bogadent Dental Clean Bones 2&#215;60 gram | Hond\"}]},{\"@type\":\"WebSite\",\"@id\":\"http:\\\/\\\/www.pharmacy4pets.nl\\\/#website\",\"url\":\"http:\\\/\\\/www.pharmacy4pets.nl\\\/\",\"name\":\"Pharmacy4pets\",\"description\":\"Pharmacy4pets.nl is d\u00e9 online apotheek waar u terecht kunt voor alle diergeneesmiddelen, verzorgingsproducten en dieetvoeding voor uw huisdier.\",\"publisher\":{\"@id\":\"http:\\\/\\\/www.pharmacy4pets.nl\\\/#organization\"},\"potentialAction\":[{\"@type\":\"SearchAction\",\"target\":{\"@type\":\"EntryPoint\",\"urlTemplate\":\"http:\\\/\\\/www.pharmacy4pets.nl\\\/?s={search_term_string}\"},\"query-input\":{\"@type\":\"PropertyValueSpecification\",\"valueRequired\":true,\"valueName\":\"search_term_string\"}}],\"inLanguage\":\"nl-NL\"},{\"@type\":\"Organization\",\"@id\":\"http:\\\/\\\/www.pharmacy4pets.nl\\\/#organization\",\"name\":\"Pharmacy4pets\",\"url\":\"http:\\\/\\\/www.pharmacy4pets.nl\\\/\",\"logo\":{\"@type\":\"ImageObject\",\"inLanguage\":\"nl-NL\",\"@id\":\"http:\\\/\\\/www.pharmacy4pets.nl\\\/#\\\/schema\\\/logo\\\/image\\\/\",\"url\":\"https:\\\/\\\/p4p-nl.bootmine.com\\\/wp-content\\\/uploads\\\/2026\\\/03\\\/logo-pharmacy4pets.png\",\"contentUrl\":\"https:\\\/\\\/p4p-nl.bootmine.com\\\/wp-content\\\/uploads\\\/2026\\\/03\\\/logo-pharmacy4pets.png\",\"width\":1024,\"height\":135,\"caption\":\"Pharmacy4pets\"},\"image\":{\"@id\":\"http:\\\/\\\/www.pharmacy4pets.nl\\\/#\\\/schema\\\/logo\\\/image\\\/\"},\"sameAs\":[\"https:\\\/\\\/www.facebook.com\\\/people\\\/Pharmacy4petsnl\\\/100063484989896\\\/\",\"https:\\\/\\\/www.youtube.com\\\/channel\\\/UCGPTIgucgli03tP2_kvLkHg\\\/featured\",\"https:\\\/\\\/www.instagram.com\\\/pharmacy4pets.nl\"]}]}<\/script>\n<!-- \/ Yoast SEO plugin. -->","yoast_head_json":{"title":"Bogadent Dental Clean Bones Hond | Kauwbot Hond","description":"Bogadent Dental Clean Bones van Bogar zijn de perfecte manier om kauwplezier en mondverzorging te combineren. Verwijdert effectief tandplak en tandsteen.","robots":{"index":"index","follow":"follow","max-snippet":"max-snippet:-1","max-image-preview":"max-image-preview:large","max-video-preview":"max-video-preview:-1"},"canonical":"https:\/\/www.pharmacy4pets.nl\/bogar-bogadent-dental-clean-bones-dog","og_locale":"nl_NL","og_type":"article","og_title":"Bogadent Dental Clean Bones Hond | Kauwbot Hond","og_description":"Bogadent Dental Clean Bones van Bogar zijn de perfecte manier om kauwplezier en mondverzorging te combineren. Verwijdert effectief tandplak en tandsteen.","og_url":"https:\/\/www.pharmacy4pets.nl\/bogar-bogadent-dental-clean-bones-dog","og_site_name":"Pharmacy4pets","article_publisher":"https:\/\/www.facebook.com\/people\/Pharmacy4petsnl\/100063484989896\/","article_modified_time":"2026-03-25T11:57:28+00:00","og_image":[{"width":160,"height":317,"url":"https:\/\/www.pharmacy4pets.nl\/wp-content\/uploads\/2017\/07\/23602.jpg","type":"image\/jpeg"}],"twitter_card":"summary_large_image","schema":{"@context":"https:\/\/schema.org","@graph":[{"@type":"WebPage","@id":"https:\/\/www.pharmacy4pets.nl\/bogar-bogadent-dental-clean-bones-dog","url":"https:\/\/www.pharmacy4pets.nl\/bogar-bogadent-dental-clean-bones-dog","name":"Bogadent Dental Clean Bones Hond | Kauwbot Hond","isPartOf":{"@id":"http:\/\/www.pharmacy4pets.nl\/#website"},"primaryImageOfPage":{"@id":"https:\/\/www.pharmacy4pets.nl\/bogar-bogadent-dental-clean-bones-dog#primaryimage"},"image":{"@id":"https:\/\/www.pharmacy4pets.nl\/bogar-bogadent-dental-clean-bones-dog#primaryimage"},"thumbnailUrl":"https:\/\/www.pharmacy4pets.nl\/wp-content\/uploads\/2017\/07\/23602.jpg","datePublished":"2017-07-11T12:30:11+00:00","dateModified":"2026-03-25T11:57:28+00:00","description":"Bogadent Dental Clean Bones van Bogar zijn de perfecte manier om kauwplezier en mondverzorging te combineren. Verwijdert effectief tandplak en tandsteen.","breadcrumb":{"@id":"https:\/\/www.pharmacy4pets.nl\/bogar-bogadent-dental-clean-bones-dog#breadcrumb"},"inLanguage":"nl-NL","potentialAction":[{"@type":"ReadAction","target":["https:\/\/www.pharmacy4pets.nl\/bogar-bogadent-dental-clean-bones-dog"]}]},{"@type":"ImageObject","inLanguage":"nl-NL","@id":"https:\/\/www.pharmacy4pets.nl\/bogar-bogadent-dental-clean-bones-dog#primaryimage","url":"https:\/\/www.pharmacy4pets.nl\/wp-content\/uploads\/2017\/07\/23602.jpg","contentUrl":"https:\/\/www.pharmacy4pets.nl\/wp-content\/uploads\/2017\/07\/23602.jpg","width":160,"height":317,"caption":"Bogadent"},{"@type":"BreadcrumbList","@id":"https:\/\/www.pharmacy4pets.nl\/bogar-bogadent-dental-clean-bones-dog#breadcrumb","itemListElement":[{"@type":"ListItem","position":1,"name":"Home","item":"https:\/\/p4p-nl.bootmine.com\/"},{"@type":"ListItem","position":2,"name":"Winkel","item":"https:\/\/p4p-nl.bootmine.com\/winkel"},{"@type":"ListItem","position":3,"name":"Bogadent Dental Clean Bones 2&#215;60 gram | Hond"}]},{"@type":"WebSite","@id":"http:\/\/www.pharmacy4pets.nl\/#website","url":"http:\/\/www.pharmacy4pets.nl\/","name":"Pharmacy4pets","description":"Pharmacy4pets.nl is d\u00e9 online apotheek waar u terecht kunt voor alle diergeneesmiddelen, verzorgingsproducten en dieetvoeding voor uw huisdier.","publisher":{"@id":"http:\/\/www.pharmacy4pets.nl\/#organization"},"potentialAction":[{"@type":"SearchAction","target":{"@type":"EntryPoint","urlTemplate":"http:\/\/www.pharmacy4pets.nl\/?s={search_term_string}"},"query-input":{"@type":"PropertyValueSpecification","valueRequired":true,"valueName":"search_term_string"}}],"inLanguage":"nl-NL"},{"@type":"Organization","@id":"http:\/\/www.pharmacy4pets.nl\/#organization","name":"Pharmacy4pets","url":"http:\/\/www.pharmacy4pets.nl\/","logo":{"@type":"ImageObject","inLanguage":"nl-NL","@id":"http:\/\/www.pharmacy4pets.nl\/#\/schema\/logo\/image\/","url":"https:\/\/p4p-nl.bootmine.com\/wp-content\/uploads\/2026\/03\/logo-pharmacy4pets.png","contentUrl":"https:\/\/p4p-nl.bootmine.com\/wp-content\/uploads\/2026\/03\/logo-pharmacy4pets.png","width":1024,"height":135,"caption":"Pharmacy4pets"},"image":{"@id":"http:\/\/www.pharmacy4pets.nl\/#\/schema\/logo\/image\/"},"sameAs":["https:\/\/www.facebook.com\/people\/Pharmacy4petsnl\/100063484989896\/","https:\/\/www.youtube.com\/channel\/UCGPTIgucgli03tP2_kvLkHg\/featured","https:\/\/www.instagram.com\/pharmacy4pets.nl"]}]}},"market_data":{"nl":{"price":0,"sale_price":0,"active":false,"url":null,"parent_url":"","tax_rate":0,"price_inc_tax":0,"sale_price_inc_tax":0},"de":{"price":0,"sale_price":0,"active":false,"url":null,"parent_url":"","tax_rate":0,"price_inc_tax":0,"sale_price_inc_tax":0},"be":{"price":0,"sale_price":0,"active":false,"url":null,"parent_url":"","tax_rate":0,"price_inc_tax":0,"sale_price_inc_tax":0},"fr":{"price":0,"sale_price":0,"active":false,"url":null,"parent_url":"","tax_rate":0,"price_inc_tax":0,"sale_price_inc_tax":0},"ch":{"price":0,"sale_price":0,"active":false,"url":null,"parent_url":"","tax_rate":0,"price_inc_tax":0,"sale_price_inc_tax":0},"at":{"price":0,"sale_price":0,"active":false,"url":null,"parent_url":"","tax_rate":0,"price_inc_tax":0,"sale_price_inc_tax":0},"es":{"price":0,"sale_price":0,"active":false,"url":null,"parent_url":"","tax_rate":0,"price_inc_tax":0,"sale_price_inc_tax":0},"dk":{"price":0,"sale_price":0,"active":false,"url":null,"parent_url":"","tax_rate":0,"price_inc_tax":0,"sale_price_inc_tax":0},"com":{"price":0,"sale_price":0,"active":false,"url":null,"parent_url":"","tax_rate":0,"price_inc_tax":0,"sale_price_inc_tax":0}},"market_nl_price":0,"market_nl_sale_price":0,"market_nl_active":false,"market_nl_url":null,"market_nl_parent_url":"","market_nl_tax_rate":0,"market_nl_price_inc_tax":0,"market_nl_sale_price_inc_tax":0,"market_de_price":0,"market_de_sale_price":0,"market_de_active":false,"market_de_url":null,"market_de_parent_url":"","market_de_tax_rate":0,"market_de_price_inc_tax":0,"market_de_sale_price_inc_tax":0,"market_be_price":0,"market_be_sale_price":0,"market_be_active":false,"market_be_url":null,"market_be_parent_url":"","market_be_tax_rate":0,"market_be_price_inc_tax":0,"market_be_sale_price_inc_tax":0,"market_fr_price":0,"market_fr_sale_price":0,"market_fr_active":false,"market_fr_url":null,"market_fr_parent_url":"","market_fr_tax_rate":0,"market_fr_price_inc_tax":0,"market_fr_sale_price_inc_tax":0,"market_ch_price":0,"market_ch_sale_price":0,"market_ch_active":false,"market_ch_url":null,"market_ch_parent_url":"","market_ch_tax_rate":0,"market_ch_price_inc_tax":0,"market_ch_sale_price_inc_tax":0,"market_at_price":0,"market_at_sale_price":0,"market_at_active":false,"market_at_url":null,"market_at_parent_url":"","market_at_tax_rate":0,"market_at_price_inc_tax":0,"market_at_sale_price_inc_tax":0,"market_es_price":0,"market_es_sale_price":0,"market_es_active":false,"market_es_url":null,"market_es_parent_url":"","market_es_tax_rate":0,"market_es_price_inc_tax":0,"market_es_sale_price_inc_tax":0,"market_dk_price":0,"market_dk_sale_price":0,"market_dk_active":false,"market_dk_url":null,"market_dk_parent_url":"","market_dk_tax_rate":0,"market_dk_price_inc_tax":0,"market_dk_sale_price_inc_tax":0,"market_com_price":0,"market_com_sale_price":0,"market_com_active":false,"market_com_url":null,"market_com_parent_url":"","market_com_tax_rate":0,"market_com_price_inc_tax":0,"market_com_sale_price_inc_tax":0,"acf":[],"_links":{"self":[{"href":"https:\/\/www.pharmacy4pets.nl\/be\/wp-json\/wp\/v2\/product\/118172","targetHints":{"allow":["GET"]}}],"collection":[{"href":"https:\/\/www.pharmacy4pets.nl\/be\/wp-json\/wp\/v2\/product"}],"about":[{"href":"https:\/\/www.pharmacy4pets.nl\/be\/wp-json\/wp\/v2\/types\/product"}],"replies":[{"embeddable":true,"href":"https:\/\/www.pharmacy4pets.nl\/be\/wp-json\/wp\/v2\/comments?post=118172"}],"wp:featuredmedia":[{"embeddable":true,"href":"https:\/\/www.pharmacy4pets.nl\/be\/wp-json\/wp\/v2\/media\/118171"}],"wp:attachment":[{"href":"https:\/\/www.pharmacy4pets.nl\/be\/wp-json\/wp\/v2\/media?parent=118172"}],"wp:term":[{"taxonomy":"product_brand","embeddable":true,"href":"https:\/\/www.pharmacy4pets.nl\/be\/wp-json\/wp\/v2\/product_brand?post=118172"},{"taxonomy":"product_cat","embeddable":true,"href":"https:\/\/www.pharmacy4pets.nl\/be\/wp-json\/wp\/v2\/product_cat?post=118172"},{"taxonomy":"product_tag","embeddable":true,"href":"https:\/\/www.pharmacy4pets.nl\/be\/wp-json\/wp\/v2\/product_tag?post=118172"}],"curies":[{"name":"wp","href":"https:\/\/api.w.org\/{rel}","templated":true}]}}