{"id":118167,"date":"2017-07-11T12:20:17","date_gmt":"2017-07-11T12:20:17","guid":{"rendered":"https:\/\/p4p.test\/bogar-bogadent-dental-care-spray-hond"},"modified":"2026-03-25T11:57:27","modified_gmt":"2026-03-25T11:57:27","slug":"bogar-bogadent-dental-care-spray-hond","status":"publish","type":"product","link":"https:\/\/www.pharmacy4pets.nl\/be\/bogar-bogadent-dental-care-spray-hond","title":{"rendered":"Bogadent Dental Care Spray | Hond | 50 ml"},"content":{"rendered":"<p>Bogadent Dental Care Spray Hond van het merk Bogar is een effectieve mondverzorgingsspray die bacteri&euml;n bestrijdt en tandsteen- en tandvleesziekten voorkomt. De spray is zeer eenvoudig in gebruik, spray simpelweg op de ge&iuml;rriteerde tanden en het tandvlees. Speciale formule met chloorhexidine, salie en enzymen om gingivitis en slechte adem te voorkomen<\/p>\n<p><span style=\"text-decoration: underline;\">Toediening:<br \/><\/span>Spray direct op de ge&iuml;rriteerde tanden en het tandvlees, 2 maal per dag. Geen voedsel of water geven 20 minuten voor en 20 minuten na de behandeling<\/p>\n<p><span style=\"text-decoration: underline;\">Dosering:<br \/><\/span>&#8211;<\/p>\n<p><span style=\"text-decoration: underline;\">Verpakking:<br \/><\/span>Spray &agrave; 50ml.<\/p>\n","protected":false},"excerpt":{"rendered":"<p>Bogadent Dental Care Spray Hond van het merk Bogar is een effectieve mondverzorgingsspray die bacteri&euml;n bestrijdt en tandsteen- en tandvleesziekten voorkomt. De spray is zeer eenvoudig in gebruik, spray simpelweg op de ge&iuml;rriteerde tanden en het tandvlees. Speciale formule met chloorhexidine, salie en enzymen om gingivitis en slechte adem te voorkomen Toediening:Spray direct op de [&hellip;]<\/p>\n","protected":false},"featured_media":118164,"comment_status":"open","ping_status":"closed","template":"","meta":{"_acf_changed":false,"_nl_post_content":"<p>Bogadent Dental Care Spray Hond van het merk Bogar is een effectieve mondverzorgingsspray die bacteri&euml;n bestrijdt en tandsteen- en tandvleesziekten voorkomt. De spray is zeer eenvoudig in gebruik, spray simpelweg op de ge&iuml;rriteerde tanden en het tandvlees. Speciale formule met chloorhexidine, salie en enzymen om gingivitis en slechte adem te voorkomen<\/p>\r\n<p><span style=\"text-decoration: underline;\">Toediening:<br \/><\/span>Spray direct op de ge&iuml;rriteerde tanden en het tandvlees, 2 maal per dag. Geen voedsel of water geven 20 minuten voor en 20 minuten na de behandeling<\/p>\r\n<p><span style=\"text-decoration: underline;\">Dosering:<br \/><\/span>-<\/p>\r\n<p><span style=\"text-decoration: underline;\">Verpakking:<br \/><\/span>Spray &agrave; 50ml.<\/p>","_nl_post_name":"bogar-bogadent-dental-care-spray-hond","_nl_post_excerpt":"","_nl_post_title":"Bogadent Dental Care Spray | Hond | 50 ml","_en_post_content":"<p>Bogadent Dental Care Spray Dog from Bogar is an effective dental care spray which fights bacteria and prevents tartar and gum diseases. Very easy to use, simply spray it on the affected teeth and gums. Special formula with chlorhexidine, sage and enzymes to prevent gingivitis and bad breath.<\/p>\r\n<p><span style=\"text-decoration: underline;\">Administration:<br \/><\/span>Spray on affected teeth and gums twice a day. Withhold food and water for 20 minutes before and after treatment.<\/p>\r\n<p><span style=\"text-decoration: underline;\">Dosage:<br \/><\/span>-<\/p>\r\n<p><span style=\"text-decoration: underline;\">Package:<br \/><\/span>Spray 50ml.<\/p>","_en_post_name":"bogar-bogadent-dental-care-spray-dog","_en_post_excerpt":"","_en_post_title":"Bogadent Dental Care Spray | Dog | 50 ml","_de_post_content":"<p>Bogadent Dental Care Spray von Bogar ist ein effektiven Zahnpflege Spray, bek&auml;mpft Bakterien und beugt Zahnstein sowie Zahnfleischirritationen aktiv vor. Sehr einfach zu bedienen, auf betroffene Z&auml;hne und Zahnfleisch aufspr&uuml;hen. Spezielle Formel mit Chlorhexidin, Salbei und Enzymen zur Vorbeugung gegen Zahnfleischentz&uuml;ndung und Mundgeruch.&nbsp;<\/p>\r\n<p><span style=\"text-decoration: underline;\">Anwendung:<br \/><\/span>Zweimal t&auml;glich auf betroffene Z&auml;hne und Zahnfleisch aufspr&uuml;hen. Keine F&uuml;tterung 20 Min. vor und nach Behandlung.<\/p>\r\n<p><span style=\"text-decoration: underline;\">Dosierung:<br \/><\/span>-<\/p>\r\n<p><span style=\"text-decoration: underline;\">Verpackung:<br \/><\/span>Spray 50ml.<\/p>","_de_post_name":"bogar-bogadent-dental-care-spray-hund","_de_post_excerpt":"","_de_post_title":"Bogadent Dental Care Spray | Hund | 50 ml","_fr_post_content":"<p>Bogadent Dental Care Spray Dog de la marque Bogar est un spray de soins bucco-dentaires efficace qui combat les bact\u00e9ries et pr\u00e9vient le tartre et les maladies des gencives. Le spray est tr\u00e8s facile \u00e0 utiliser, il suffit de le vaporiser sur les dents et les gencives irrit\u00e9es. Formule sp\u00e9ciale \u00e0 base de chlorhexidine, de sauge et d'enzymes pour pr\u00e9venir la gingivite et la mauvaise haleine.<\/p>\r\n<p>Administration :<br \/>Vaporisez directement sur les dents et les gencives irrit\u00e9es, 2 fois par jour. Ne pas donner de nourriture ou d'eau 20 minutes avant et 20 minutes apr\u00e8s le traitement.<\/p>\r\n<p>Dosage :<br \/>-<\/p>\r\n<p>Emballage :<br \/>Spray de 50ml.<\/p>","_fr_post_name":"bogar-bogadent-dental-care-spray-chien","_fr_post_excerpt":"","_fr_post_title":"Bogadent Dental Care Spray | Chien | 50 ml","_es_post_content":"<p><span class=\"JLqJ4b ChMk0b\"><span class=\"Q4iAWc\">Bogadent Dental Care Spray Perros de la marca Bogar es un eficaz spray para el cuidado dental que combate las bacterias y previene el sarro y las enfermedades de las enc\u00edas.<\/span><\/span> <span class=\"JLqJ4b ChMk0b\"><span class=\"Q4iAWc\">El spray bucal es muy f\u00e1cil de usar, simplemente roc\u00ede sobre los dientes y las enc\u00edas irritados.<\/span><\/span> <span class=\"JLqJ4b ChMk0b\"><span class=\"Q4iAWc\">F\u00f3rmula especial con clorhexidina, salvia y enzimas para prevenir la gingivitis y el mal aliento.<\/span><\/span><\/p>\r\n<p><span style=\"text-decoration: underline;\"><span class=\"JLqJ4b ChMk0b\"><span class=\"Q4iAWc\">Administraci\u00f3n:<\/span><\/span><\/span><\/p>\r\n<p><span class=\"JLqJ4b ChMk0b\"><span class=\"Q4iAWc\">Pulverizar directamente sobre dientes y enc\u00edas irritadas, 2 veces al d\u00eda.<\/span><\/span> <span class=\"JLqJ4b ChMk0b\"><span class=\"Q4iAWc\">No dar comida ni agua 20 minutos antes y 20 minutos despu\u00e9s del tratamiento.<\/span><\/span><\/p>\r\n<p><span style=\"text-decoration: underline;\"><span class=\"JLqJ4b ChMk0b\"><span class=\"Q4iAWc\">Dosis:<\/span><\/span> <\/span><\/p>\r\n<p><span class=\"JLqJ4b ChMk0b\"><span class=\"Q4iAWc\">-<\/span><\/span><\/p>\r\n<p><span style=\"text-decoration: underline;\"><span class=\"JLqJ4b ChMk0b\"><span class=\"Q4iAWc\">Embalaje:<\/span><\/span><\/span><\/p>\r\n<p><span class=\"JLqJ4b ChMk0b\"><span class=\"Q4iAWc\">Pulverizar a 50 ml.<\/span><\/span><\/p>","_es_post_name":"bogar-bogadent-dental-care-spray-perros","_es_post_excerpt":"","_es_post_title":"Bogadent Dental Care Spray | Perros | 50 ml","edit_language":"nl"},"product_brand":[],"product_cat":[2029,1842,1117,1839,1857],"product_tag":[],"class_list":{"0":"post-118167","1":"product","2":"type-product","3":"status-publish","4":"has-post-thumbnail","6":"product_cat-bogadent","7":"product_cat-gebit","8":"product_cat-honden","9":"product_cat-medicijnen-supplementen","10":"product_cat-merken","11":"pa_aandoening-gebit","12":"pa_doeldier-hond","13":"pa_fabricatieland-zwitserland","14":"pa_merkfilter-bogadent","15":"pa_merkgroep-bogar","16":"pa_productsoort-overig","17":"pa_seo_canonical_store_id-not_found_value","18":"pa_seo_category-not_found_value","19":"pa_seo_meta_robots-not_found_value","20":"pa_toedieningswijze-spray","21":"pa_unit_pricing_base_measure-10ml","22":"pa_unit_pricing_measure-50ml","23":"pa_werkzamestof-overig","25":"first","26":"instock","27":"taxable","28":"shipping-taxable","29":"purchasable","30":"product-type-simple"},"yoast_head":"<!-- This site is optimized with the Yoast SEO plugin v27.5 - https:\/\/yoast.com\/product\/yoast-seo-wordpress\/ -->\n<title>Bogadent Dental Care Spray Hond | Mondspray Hond<\/title>\n<meta name=\"description\" content=\"Bogadent Dental Care Spray Hond van het merk Bogar is een effectieve mondverzorgingsspray die bacteri\u00ebn bestrijdt en tandsteen- en tandvleesziekten voorkomt.\" \/>\n<meta name=\"robots\" content=\"index, follow, max-snippet:-1, max-image-preview:large, max-video-preview:-1\" \/>\n<link rel=\"canonical\" href=\"https:\/\/p4p-nl.bootmine.com\/%product-slug%\/bogar-bogadent-dental-care-spray-hond\" \/>\n<meta property=\"og:locale\" content=\"nl_NL\" \/>\n<meta property=\"og:type\" content=\"article\" \/>\n<meta property=\"og:title\" content=\"Bogadent Dental Care Spray Hond | Mondspray Hond\" \/>\n<meta property=\"og:description\" content=\"Bogadent Dental Care Spray Hond van het merk Bogar is een effectieve mondverzorgingsspray die bacteri\u00ebn bestrijdt en tandsteen- en tandvleesziekten voorkomt.\" \/>\n<meta property=\"og:url\" content=\"https:\/\/p4p-nl.bootmine.com\/%product-slug%\/bogar-bogadent-dental-care-spray-hond\" \/>\n<meta property=\"og:site_name\" content=\"Pharmacy4pets\" \/>\n<meta property=\"article:publisher\" content=\"https:\/\/www.facebook.com\/people\/Pharmacy4petsnl\/100063484989896\/\" \/>\n<meta property=\"article:modified_time\" content=\"2026-03-25T11:57:27+00:00\" \/>\n<meta property=\"og:image\" content=\"https:\/\/p4p-nl.bootmine.com\/wp-content\/uploads\/2017\/07\/23607.png\" \/>\n\t<meta property=\"og:image:width\" content=\"288\" \/>\n\t<meta property=\"og:image:height\" content=\"288\" \/>\n\t<meta property=\"og:image:type\" content=\"image\/png\" \/>\n<meta name=\"twitter:card\" content=\"summary_large_image\" \/>\n<script type=\"application\/ld+json\" class=\"yoast-schema-graph\">{\"@context\":\"https:\\\/\\\/schema.org\",\"@graph\":[{\"@type\":\"WebPage\",\"@id\":\"https:\\\/\\\/p4p-nl.bootmine.com\\\/%product-slug%\\\/bogar-bogadent-dental-care-spray-hond\",\"url\":\"https:\\\/\\\/p4p-nl.bootmine.com\\\/%product-slug%\\\/bogar-bogadent-dental-care-spray-hond\",\"name\":\"Bogadent Dental Care Spray Hond | Mondspray Hond\",\"isPartOf\":{\"@id\":\"http:\\\/\\\/www.pharmacy4pets.nl\\\/#website\"},\"primaryImageOfPage\":{\"@id\":\"https:\\\/\\\/p4p-nl.bootmine.com\\\/%product-slug%\\\/bogar-bogadent-dental-care-spray-hond#primaryimage\"},\"image\":{\"@id\":\"https:\\\/\\\/p4p-nl.bootmine.com\\\/%product-slug%\\\/bogar-bogadent-dental-care-spray-hond#primaryimage\"},\"thumbnailUrl\":\"https:\\\/\\\/www.pharmacy4pets.nl\\\/wp-content\\\/uploads\\\/2017\\\/07\\\/23607.png\",\"datePublished\":\"2017-07-11T12:20:17+00:00\",\"dateModified\":\"2026-03-25T11:57:27+00:00\",\"description\":\"Bogadent Dental Care Spray Hond van het merk Bogar is een effectieve mondverzorgingsspray die bacteri\u00ebn bestrijdt en tandsteen- en tandvleesziekten voorkomt.\",\"breadcrumb\":{\"@id\":\"https:\\\/\\\/p4p-nl.bootmine.com\\\/%product-slug%\\\/bogar-bogadent-dental-care-spray-hond#breadcrumb\"},\"inLanguage\":\"nl-NL\",\"potentialAction\":[{\"@type\":\"ReadAction\",\"target\":[\"https:\\\/\\\/p4p-nl.bootmine.com\\\/%product-slug%\\\/bogar-bogadent-dental-care-spray-hond\"]}]},{\"@type\":\"ImageObject\",\"inLanguage\":\"nl-NL\",\"@id\":\"https:\\\/\\\/p4p-nl.bootmine.com\\\/%product-slug%\\\/bogar-bogadent-dental-care-spray-hond#primaryimage\",\"url\":\"https:\\\/\\\/www.pharmacy4pets.nl\\\/wp-content\\\/uploads\\\/2017\\\/07\\\/23607.png\",\"contentUrl\":\"https:\\\/\\\/www.pharmacy4pets.nl\\\/wp-content\\\/uploads\\\/2017\\\/07\\\/23607.png\",\"width\":288,\"height\":288,\"caption\":\"Bogadent\"},{\"@type\":\"BreadcrumbList\",\"@id\":\"https:\\\/\\\/p4p-nl.bootmine.com\\\/%product-slug%\\\/bogar-bogadent-dental-care-spray-hond#breadcrumb\",\"itemListElement\":[{\"@type\":\"ListItem\",\"position\":1,\"name\":\"Home\",\"item\":\"https:\\\/\\\/p4p-nl.bootmine.com\\\/\"},{\"@type\":\"ListItem\",\"position\":2,\"name\":\"Winkel\",\"item\":\"https:\\\/\\\/p4p-nl.bootmine.com\\\/winkel\"},{\"@type\":\"ListItem\",\"position\":3,\"name\":\"Bogadent Dental Care Spray | Hond | 50 ml\"}]},{\"@type\":\"WebSite\",\"@id\":\"http:\\\/\\\/www.pharmacy4pets.nl\\\/#website\",\"url\":\"http:\\\/\\\/www.pharmacy4pets.nl\\\/\",\"name\":\"Pharmacy4pets\",\"description\":\"Pharmacy4pets.nl is d\u00e9 online apotheek waar u terecht kunt voor alle diergeneesmiddelen, verzorgingsproducten en dieetvoeding voor uw huisdier.\",\"publisher\":{\"@id\":\"http:\\\/\\\/www.pharmacy4pets.nl\\\/#organization\"},\"potentialAction\":[{\"@type\":\"SearchAction\",\"target\":{\"@type\":\"EntryPoint\",\"urlTemplate\":\"http:\\\/\\\/www.pharmacy4pets.nl\\\/?s={search_term_string}\"},\"query-input\":{\"@type\":\"PropertyValueSpecification\",\"valueRequired\":true,\"valueName\":\"search_term_string\"}}],\"inLanguage\":\"nl-NL\"},{\"@type\":\"Organization\",\"@id\":\"http:\\\/\\\/www.pharmacy4pets.nl\\\/#organization\",\"name\":\"Pharmacy4pets\",\"url\":\"http:\\\/\\\/www.pharmacy4pets.nl\\\/\",\"logo\":{\"@type\":\"ImageObject\",\"inLanguage\":\"nl-NL\",\"@id\":\"http:\\\/\\\/www.pharmacy4pets.nl\\\/#\\\/schema\\\/logo\\\/image\\\/\",\"url\":\"https:\\\/\\\/p4p-nl.bootmine.com\\\/wp-content\\\/uploads\\\/2026\\\/03\\\/logo-pharmacy4pets.png\",\"contentUrl\":\"https:\\\/\\\/p4p-nl.bootmine.com\\\/wp-content\\\/uploads\\\/2026\\\/03\\\/logo-pharmacy4pets.png\",\"width\":1024,\"height\":135,\"caption\":\"Pharmacy4pets\"},\"image\":{\"@id\":\"http:\\\/\\\/www.pharmacy4pets.nl\\\/#\\\/schema\\\/logo\\\/image\\\/\"},\"sameAs\":[\"https:\\\/\\\/www.facebook.com\\\/people\\\/Pharmacy4petsnl\\\/100063484989896\\\/\",\"https:\\\/\\\/www.youtube.com\\\/channel\\\/UCGPTIgucgli03tP2_kvLkHg\\\/featured\",\"https:\\\/\\\/www.instagram.com\\\/pharmacy4pets.nl\"]}]}<\/script>\n<!-- \/ Yoast SEO plugin. -->","yoast_head_json":{"title":"Bogadent Dental Care Spray Hond | Mondspray Hond","description":"Bogadent Dental Care Spray Hond van het merk Bogar is een effectieve mondverzorgingsspray die bacteri\u00ebn bestrijdt en tandsteen- en tandvleesziekten voorkomt.","robots":{"index":"index","follow":"follow","max-snippet":"max-snippet:-1","max-image-preview":"max-image-preview:large","max-video-preview":"max-video-preview:-1"},"canonical":"https:\/\/p4p-nl.bootmine.com\/%product-slug%\/bogar-bogadent-dental-care-spray-hond","og_locale":"nl_NL","og_type":"article","og_title":"Bogadent Dental Care Spray Hond | Mondspray Hond","og_description":"Bogadent Dental Care Spray Hond van het merk Bogar is een effectieve mondverzorgingsspray die bacteri\u00ebn bestrijdt en tandsteen- en tandvleesziekten voorkomt.","og_url":"https:\/\/p4p-nl.bootmine.com\/%product-slug%\/bogar-bogadent-dental-care-spray-hond","og_site_name":"Pharmacy4pets","article_publisher":"https:\/\/www.facebook.com\/people\/Pharmacy4petsnl\/100063484989896\/","article_modified_time":"2026-03-25T11:57:27+00:00","og_image":[{"width":288,"height":288,"url":"https:\/\/p4p-nl.bootmine.com\/wp-content\/uploads\/2017\/07\/23607.png","type":"image\/png"}],"twitter_card":"summary_large_image","schema":{"@context":"https:\/\/schema.org","@graph":[{"@type":"WebPage","@id":"https:\/\/p4p-nl.bootmine.com\/%product-slug%\/bogar-bogadent-dental-care-spray-hond","url":"https:\/\/p4p-nl.bootmine.com\/%product-slug%\/bogar-bogadent-dental-care-spray-hond","name":"Bogadent Dental Care Spray Hond | Mondspray Hond","isPartOf":{"@id":"http:\/\/www.pharmacy4pets.nl\/#website"},"primaryImageOfPage":{"@id":"https:\/\/p4p-nl.bootmine.com\/%product-slug%\/bogar-bogadent-dental-care-spray-hond#primaryimage"},"image":{"@id":"https:\/\/p4p-nl.bootmine.com\/%product-slug%\/bogar-bogadent-dental-care-spray-hond#primaryimage"},"thumbnailUrl":"https:\/\/www.pharmacy4pets.nl\/wp-content\/uploads\/2017\/07\/23607.png","datePublished":"2017-07-11T12:20:17+00:00","dateModified":"2026-03-25T11:57:27+00:00","description":"Bogadent Dental Care Spray Hond van het merk Bogar is een effectieve mondverzorgingsspray die bacteri\u00ebn bestrijdt en tandsteen- en tandvleesziekten voorkomt.","breadcrumb":{"@id":"https:\/\/p4p-nl.bootmine.com\/%product-slug%\/bogar-bogadent-dental-care-spray-hond#breadcrumb"},"inLanguage":"nl-NL","potentialAction":[{"@type":"ReadAction","target":["https:\/\/p4p-nl.bootmine.com\/%product-slug%\/bogar-bogadent-dental-care-spray-hond"]}]},{"@type":"ImageObject","inLanguage":"nl-NL","@id":"https:\/\/p4p-nl.bootmine.com\/%product-slug%\/bogar-bogadent-dental-care-spray-hond#primaryimage","url":"https:\/\/www.pharmacy4pets.nl\/wp-content\/uploads\/2017\/07\/23607.png","contentUrl":"https:\/\/www.pharmacy4pets.nl\/wp-content\/uploads\/2017\/07\/23607.png","width":288,"height":288,"caption":"Bogadent"},{"@type":"BreadcrumbList","@id":"https:\/\/p4p-nl.bootmine.com\/%product-slug%\/bogar-bogadent-dental-care-spray-hond#breadcrumb","itemListElement":[{"@type":"ListItem","position":1,"name":"Home","item":"https:\/\/p4p-nl.bootmine.com\/"},{"@type":"ListItem","position":2,"name":"Winkel","item":"https:\/\/p4p-nl.bootmine.com\/winkel"},{"@type":"ListItem","position":3,"name":"Bogadent Dental Care Spray | Hond | 50 ml"}]},{"@type":"WebSite","@id":"http:\/\/www.pharmacy4pets.nl\/#website","url":"http:\/\/www.pharmacy4pets.nl\/","name":"Pharmacy4pets","description":"Pharmacy4pets.nl is d\u00e9 online apotheek waar u terecht kunt voor alle diergeneesmiddelen, verzorgingsproducten en dieetvoeding voor uw huisdier.","publisher":{"@id":"http:\/\/www.pharmacy4pets.nl\/#organization"},"potentialAction":[{"@type":"SearchAction","target":{"@type":"EntryPoint","urlTemplate":"http:\/\/www.pharmacy4pets.nl\/?s={search_term_string}"},"query-input":{"@type":"PropertyValueSpecification","valueRequired":true,"valueName":"search_term_string"}}],"inLanguage":"nl-NL"},{"@type":"Organization","@id":"http:\/\/www.pharmacy4pets.nl\/#organization","name":"Pharmacy4pets","url":"http:\/\/www.pharmacy4pets.nl\/","logo":{"@type":"ImageObject","inLanguage":"nl-NL","@id":"http:\/\/www.pharmacy4pets.nl\/#\/schema\/logo\/image\/","url":"https:\/\/p4p-nl.bootmine.com\/wp-content\/uploads\/2026\/03\/logo-pharmacy4pets.png","contentUrl":"https:\/\/p4p-nl.bootmine.com\/wp-content\/uploads\/2026\/03\/logo-pharmacy4pets.png","width":1024,"height":135,"caption":"Pharmacy4pets"},"image":{"@id":"http:\/\/www.pharmacy4pets.nl\/#\/schema\/logo\/image\/"},"sameAs":["https:\/\/www.facebook.com\/people\/Pharmacy4petsnl\/100063484989896\/","https:\/\/www.youtube.com\/channel\/UCGPTIgucgli03tP2_kvLkHg\/featured","https:\/\/www.instagram.com\/pharmacy4pets.nl"]}]}},"market_data":{"nl":{"price":0,"sale_price":0,"active":false,"url":null,"parent_url":"","tax_rate":0,"price_inc_tax":0,"sale_price_inc_tax":0},"de":{"price":0,"sale_price":0,"active":false,"url":null,"parent_url":"","tax_rate":0,"price_inc_tax":0,"sale_price_inc_tax":0},"be":{"price":0,"sale_price":0,"active":false,"url":null,"parent_url":"","tax_rate":0,"price_inc_tax":0,"sale_price_inc_tax":0},"fr":{"price":0,"sale_price":0,"active":false,"url":null,"parent_url":"","tax_rate":0,"price_inc_tax":0,"sale_price_inc_tax":0},"ch":{"price":0,"sale_price":0,"active":false,"url":null,"parent_url":"","tax_rate":0,"price_inc_tax":0,"sale_price_inc_tax":0},"at":{"price":0,"sale_price":0,"active":false,"url":null,"parent_url":"","tax_rate":0,"price_inc_tax":0,"sale_price_inc_tax":0},"es":{"price":0,"sale_price":0,"active":false,"url":null,"parent_url":"","tax_rate":0,"price_inc_tax":0,"sale_price_inc_tax":0},"dk":{"price":0,"sale_price":0,"active":false,"url":null,"parent_url":"","tax_rate":0,"price_inc_tax":0,"sale_price_inc_tax":0},"com":{"price":0,"sale_price":0,"active":false,"url":null,"parent_url":"","tax_rate":0,"price_inc_tax":0,"sale_price_inc_tax":0}},"market_nl_price":0,"market_nl_sale_price":0,"market_nl_active":false,"market_nl_url":null,"market_nl_parent_url":"","market_nl_tax_rate":0,"market_nl_price_inc_tax":0,"market_nl_sale_price_inc_tax":0,"market_de_price":0,"market_de_sale_price":0,"market_de_active":false,"market_de_url":null,"market_de_parent_url":"","market_de_tax_rate":0,"market_de_price_inc_tax":0,"market_de_sale_price_inc_tax":0,"market_be_price":0,"market_be_sale_price":0,"market_be_active":false,"market_be_url":null,"market_be_parent_url":"","market_be_tax_rate":0,"market_be_price_inc_tax":0,"market_be_sale_price_inc_tax":0,"market_fr_price":0,"market_fr_sale_price":0,"market_fr_active":false,"market_fr_url":null,"market_fr_parent_url":"","market_fr_tax_rate":0,"market_fr_price_inc_tax":0,"market_fr_sale_price_inc_tax":0,"market_ch_price":0,"market_ch_sale_price":0,"market_ch_active":false,"market_ch_url":null,"market_ch_parent_url":"","market_ch_tax_rate":0,"market_ch_price_inc_tax":0,"market_ch_sale_price_inc_tax":0,"market_at_price":0,"market_at_sale_price":0,"market_at_active":false,"market_at_url":null,"market_at_parent_url":"","market_at_tax_rate":0,"market_at_price_inc_tax":0,"market_at_sale_price_inc_tax":0,"market_es_price":0,"market_es_sale_price":0,"market_es_active":false,"market_es_url":null,"market_es_parent_url":"","market_es_tax_rate":0,"market_es_price_inc_tax":0,"market_es_sale_price_inc_tax":0,"market_dk_price":0,"market_dk_sale_price":0,"market_dk_active":false,"market_dk_url":null,"market_dk_parent_url":"","market_dk_tax_rate":0,"market_dk_price_inc_tax":0,"market_dk_sale_price_inc_tax":0,"market_com_price":0,"market_com_sale_price":0,"market_com_active":false,"market_com_url":null,"market_com_parent_url":"","market_com_tax_rate":0,"market_com_price_inc_tax":0,"market_com_sale_price_inc_tax":0,"acf":[],"_links":{"self":[{"href":"https:\/\/www.pharmacy4pets.nl\/be\/wp-json\/wp\/v2\/product\/118167","targetHints":{"allow":["GET"]}}],"collection":[{"href":"https:\/\/www.pharmacy4pets.nl\/be\/wp-json\/wp\/v2\/product"}],"about":[{"href":"https:\/\/www.pharmacy4pets.nl\/be\/wp-json\/wp\/v2\/types\/product"}],"replies":[{"embeddable":true,"href":"https:\/\/www.pharmacy4pets.nl\/be\/wp-json\/wp\/v2\/comments?post=118167"}],"wp:featuredmedia":[{"embeddable":true,"href":"https:\/\/www.pharmacy4pets.nl\/be\/wp-json\/wp\/v2\/media\/118164"}],"wp:attachment":[{"href":"https:\/\/www.pharmacy4pets.nl\/be\/wp-json\/wp\/v2\/media?parent=118167"}],"wp:term":[{"taxonomy":"product_brand","embeddable":true,"href":"https:\/\/www.pharmacy4pets.nl\/be\/wp-json\/wp\/v2\/product_brand?post=118167"},{"taxonomy":"product_cat","embeddable":true,"href":"https:\/\/www.pharmacy4pets.nl\/be\/wp-json\/wp\/v2\/product_cat?post=118167"},{"taxonomy":"product_tag","embeddable":true,"href":"https:\/\/www.pharmacy4pets.nl\/be\/wp-json\/wp\/v2\/product_tag?post=118167"}],"curies":[{"name":"wp","href":"https:\/\/api.w.org\/{rel}","templated":true}]}}