{"id":118155,"date":"2017-07-11T11:14:13","date_gmt":"2017-07-11T11:14:13","guid":{"rendered":"https:\/\/p4p.test\/bogar-bogadent-dental-enzyme-stripes-mini-dog"},"modified":"2026-03-25T11:57:26","modified_gmt":"2026-03-25T11:57:26","slug":"bogar-bogadent-dental-enzyme-stripes-mini-dog","status":"publish","type":"product","link":"https:\/\/www.pharmacy4pets.nl\/be\/bogar-bogadent-dental-enzyme-stripes-mini-dog","title":{"rendered":"Bogadent Dental Enzyme Stripes Mini | 100 gr"},"content":{"rendered":"<p>Bogadent Dental Enzyme Stripes van Bogar zijn de ideale oplossing voor het combineren van tandheelkundige zorg met kauwplezier. De innovatieve XC3-effect-formule is gebaseerd op natuurlijke enzymen gemaakt van geconcentreerd wei-eiwit en twee extra actieve ingredi&euml;nten. Het beschermt tegen tandplak- en tandsteenopbouw en kan helpen om irritatie van het tandvlees te voorkomen. Een reinigend effect door de ruwe structuur van de runderhuid. Bogadent Dental Enzyme Stripes van Bogar combineren gebitsverzorging en kauwplezier op een ideale manier.<\/p>\n<p>Tijdens het kauwen reinigt het ruwe oppervlak van de Enzyme Stripes de tanden.<\/p>\n<p>100% natuurlijk. Bewaarin een koele, droge ruimte.<\/p>\n<p><span style=\"text-decoration: underline;\">Toediening:<br \/><\/span>Dagelijks 1 &agrave; 2 Dental Enzyme Stripes tussen de maaltijd door, zorg voor voldoende vers drinkwater.<\/p>\n<p><span style=\"text-decoration: underline;\">Dosering:<br \/><\/span>&#8211;<\/p>\n<p><span style=\"text-decoration: underline;\">Verpakking:<br \/><\/span>100gram<\/p>\n","protected":false},"excerpt":{"rendered":"<p>Bogadent Dental Enzyme Stripes van Bogar zijn de ideale oplossing voor het combineren van tandheelkundige zorg met kauwplezier. De innovatieve XC3-effect-formule is gebaseerd op natuurlijke enzymen gemaakt van geconcentreerd wei-eiwit en twee extra actieve ingredi&euml;nten. Het beschermt tegen tandplak- en tandsteenopbouw en kan helpen om irritatie van het tandvlees te voorkomen. Een reinigend effect door [&hellip;]<\/p>\n","protected":false},"featured_media":118152,"comment_status":"open","ping_status":"closed","template":"","meta":{"_acf_changed":false,"_nl_post_content":"<p>Bogadent Dental Enzyme Stripes van Bogar zijn de ideale oplossing voor het combineren van tandheelkundige zorg met kauwplezier. De innovatieve XC3-effect-formule is gebaseerd op natuurlijke enzymen gemaakt van geconcentreerd wei-eiwit en twee extra actieve ingredi&euml;nten. Het beschermt tegen tandplak- en tandsteenopbouw en kan helpen om irritatie van het tandvlees te voorkomen. Een reinigend effect door de ruwe structuur van de runderhuid. Bogadent Dental Enzyme Stripes van Bogar combineren gebitsverzorging en kauwplezier op een ideale manier.<\/p>\r\n<p>Tijdens het kauwen reinigt het ruwe oppervlak van de Enzyme Stripes de tanden.<\/p>\r\n<p>100% natuurlijk. Bewaarin een koele, droge ruimte.<\/p>\r\n<p><span style=\"text-decoration: underline;\">Toediening:<br \/><\/span>Dagelijks 1 &agrave; 2 Dental Enzyme Stripes tussen de maaltijd door, zorg voor voldoende vers drinkwater.<\/p>\r\n<p><span style=\"text-decoration: underline;\">Dosering:<br \/><\/span>-<\/p>\r\n<p><span style=\"text-decoration: underline;\">Verpakking:<br \/><\/span>100gram<\/p>","_nl_post_name":"bogar-bogadent-dental-enzyme-stripes-mini-dog","_nl_post_excerpt":"","_nl_post_title":"Bogadent Dental Enzyme Stripes Mini | 100 gr","_en_post_content":"<p>Bogadent Dental Enzyme Stripes Dog from Bogar are the ideal solution for combining dental care with chewing pleasure. The innovative XC3-Effect-Formula is based on natural enzymes made from concentrated whey protein and two additional active ingredients. It protects against plaque and tartar build-up and can help prevent gum irritation. The exceptionally tasty rawhide of the Bogadent Dental Enzyme Stripes even cleans your dog's teeth while &nbsp;he's happily chewing. Inhibits the bacteria from attaching to the surface of the teeth.<\/p>\r\n<p>100% natural. Store in a cool, dry place.<\/p>\r\n<p><span style=\"text-decoration: underline;\">Administration:<br \/><\/span>1-2 Bogadent Dental Enzyme Stripes daily between meals. Always make sure there is a sufficient supply of fresh drinking water. &nbsp;<\/p>\r\n<p><span style=\"text-decoration: underline;\">Dosage:<br \/><\/span>-<\/p>\r\n<p><span style=\"text-decoration: underline;\">Package:<br \/><\/span>100g<\/p>","_en_post_name":"bogar-bogadent-dental-enzyme-stripes-mini-dog","_en_post_excerpt":"","_en_post_title":"Bogadent Dental Enzyme Stripes Mini | 100 gr","_de_post_content":"<p>Bogadent Dental Enzyme Stripes Hund von Bogar sind die ideale L&ouml;sung, Zahnpflege und Kauvergn&uuml;gen zu verbinden. Die innovative XC3-Effect-Formula basiert auf nat&uuml;rlichen Enzymen aus konzentriertem Molkeneiweiss und auf 2 zus&auml;tzlichen Wirkstoffen. Sie sch&uuml;tzt vor Plaque- und Zahnsteinbildung und kann Zahnfleischirritationen vorbeugen. Die besonders schmackhafte Rinderhaut der Dental Enzyme Stripes reinigt die Z&auml;hne zus&auml;tzlich beim genussvollen Kauen.<\/p>\r\n<p>100% nat&uuml;rlich. K&uuml;hl und trocken lagern.<\/p>\r\n<p><span style=\"text-decoration: underline;\">Anwendung:<br \/><\/span>1-2 Bogadent Dental Enzyme Stripes t&auml;glich zwischen den Mahlzeiten. Stellen Sie stets gen&uuml;gend frisches Trinkwasser bereit.<\/p>\r\n<p><span style=\"text-decoration: underline;\">Dosierung:<br \/><\/span>-<\/p>\r\n<p><span style=\"text-decoration: underline;\">Verpackung:<br \/><\/span>100gr<\/p>","_de_post_name":"bogar-bogadent-dental-enzyme-stripes-mini-dog","_de_post_excerpt":"","_de_post_title":"Bogadent Dental Enzyme Stripes Mini | 100 gr","_fr_post_content":"<p>Les bandes dentaires enzymatiques Bogadent de Bogar sont la solution parfaite pour combiner les soins dentaires et le plaisir de la mastication. La formule innovante de l'effet XC3 est bas\u00e9e sur des enzymes naturels fabriqu\u00e9s \u00e0 partir de prot\u00e9ines de lactos\u00e9rum concentr\u00e9es et sur deux ingr\u00e9dients actifs suppl\u00e9mentaires. Il prot\u00e8ge contre l'accumulation de la plaque et du tartre et peut aider \u00e0 pr\u00e9venir l'irritation des gencives. Un effet nettoyant d\u00fb \u00e0 la structure rugueuse de la peau de vache. Les bandes dentaires enzymatiques Bogadent de Bogar combinent id\u00e9alement soins dentaires et plaisir de la mastication.<\/p>\r\n<p>Pendant la mastication, la surface rugueuse des bandes enzymatiques nettoie les dents.<\/p>\r\n<p>100% naturel. Conserver dans un endroit frais et sec.<\/p>\r\n<p>Administration :<br \/>1 \u00e0 2 bandes d'enzymes dentaires par jour entre les repas, veillez \u00e0 ce qu'il y ait beaucoup d'eau potable fra\u00eeche.<\/p>\r\n<p>Dosage :<br \/>-<\/p>\r\n<p>Emballage :<br \/>100 grammes<\/p>","_fr_post_name":"bogar-bogadent-dental-enzyme-stripes-mini-dog","_fr_post_excerpt":"","_fr_post_title":"Bogadent Dental Enzyme Stripes Mini | 100 gr","_es_post_content":"<p>Bogadent Dental Enzyme Stripes de Bogar son la soluci\u00f3n ideal para combinar el cuidado dental con el placer de masticar para su perro. La innovadora f\u00f3rmula de efecto XC3 se basa en enzimas naturales a base de prote\u00edna de suero concentrada y dos ingredientes activos adicionales. Protege contra la acumulaci\u00f3n de placa y sarro y puede ayudar a prevenir la irritaci\u00f3n de las enc\u00edas. Un efecto de limpieza debido a la estructura rugosa de la piel de vaca. Las tiras de enzimas dentales Bogadent de Bogar combinan de manera ideal el cuidado dental y el placer de masticar.<\/p>\r\n<p>Al masticar, la superficie rugosa de Enzyme Stripes limpia los dientes.<\/p>\r\n<p>100% natural. Almacenar en un \u00e1rea fresca y seca.<\/p>\r\n<p>Las tiras de enzimas dentales de Bogadent est\u00e1n disponibles en las siguientes variantes:<\/p>\r\n<ul>\r\n<li>Bogadent Dental Enzyme Stripes Maxi, para perros grandes<\/li>\r\n<li>Bogadent Dental Enzyme Stripes Medium, para perros medianos<\/li>\r\n<li>Bogadent Dental Enzyme Stripes Mini, para perros peque\u00f1os<\/li>\r\n<\/ul>\r\n<p><span style=\"text-decoration: underline;\">Administraci\u00f3n:<\/span><\/p>\r\n<p>Diariamente 1 o 2 Dental Enzyme Stripes entre comidas, aseg\u00farese de tener suficiente agua potable fresca.<\/p>\r\n<p><span style=\"text-decoration: underline;\">Dosis:<\/span><\/p>\r\n<p>-<\/p>\r\n<p><span style=\"text-decoration: underline;\">Embalaje:<\/span><\/p>\r\n<p>100 gramos.<\/p>","_es_post_name":"bogar-bogadent-dental-enzyme-stripes-mini-perros-pequenos","_es_post_excerpt":"","_es_post_title":"Bogadent Dental Enzyme Stripes Mini | Perros peque\u00f1os | 100 gramos","edit_language":"nl"},"product_brand":[],"product_cat":[2029,1842,1117,1839,1857],"product_tag":[],"class_list":{"0":"post-118155","1":"product","2":"type-product","3":"status-publish","4":"has-post-thumbnail","6":"product_cat-bogadent","7":"product_cat-gebit","8":"product_cat-honden","9":"product_cat-medicijnen-supplementen","10":"product_cat-merken","11":"pa_aandoening-gebit","12":"pa_doeldier-hond","13":"pa_fabricatieland-zwitserland","14":"pa_merkfilter-bogadent","15":"pa_merkgroep-bogar","16":"pa_productsoort-voeding","17":"pa_seo_canonical_store_id-not_found_value","18":"pa_seo_category-not_found_value","19":"pa_seo_meta_robots-not_found_value","20":"pa_toedieningswijze-kauwstrips","21":"pa_unit_pricing_base_measure-10g","22":"pa_unit_pricing_measure-100g","23":"pa_werkzamestof-overig","25":"first","26":"instock","27":"taxable","28":"shipping-taxable","29":"purchasable","30":"product-type-simple"},"yoast_head":"<!-- This site is optimized with the Yoast SEO plugin v27.5 - https:\/\/yoast.com\/product\/yoast-seo-wordpress\/ -->\n<title>Bogadent Dental Enzyme Stripes Mini Hond - Kauwsticks<\/title>\n<meta name=\"description\" content=\"Bogadent Dental Enzyme Stripes van Bogar zijn de ideale oplossing voor het combineren van tandheelkundige zorg met kauwplezier. 100% natuurlijk.\" \/>\n<meta name=\"robots\" content=\"index, follow, max-snippet:-1, max-image-preview:large, max-video-preview:-1\" \/>\n<link rel=\"canonical\" href=\"https:\/\/p4p-nl.bootmine.com\/%product-slug%\/bogar-bogadent-dental-enzyme-stripes-mini-dog\" \/>\n<meta property=\"og:locale\" content=\"nl_NL\" \/>\n<meta property=\"og:type\" content=\"article\" \/>\n<meta property=\"og:title\" content=\"Bogadent Dental Enzyme Stripes Mini Hond - Kauwsticks\" \/>\n<meta property=\"og:description\" content=\"Bogadent Dental Enzyme Stripes van Bogar zijn de ideale oplossing voor het combineren van tandheelkundige zorg met kauwplezier. 100% natuurlijk.\" \/>\n<meta property=\"og:url\" content=\"https:\/\/p4p-nl.bootmine.com\/%product-slug%\/bogar-bogadent-dental-enzyme-stripes-mini-dog\" \/>\n<meta property=\"og:site_name\" content=\"Pharmacy4pets\" \/>\n<meta property=\"article:publisher\" content=\"https:\/\/www.facebook.com\/people\/Pharmacy4petsnl\/100063484989896\/\" \/>\n<meta property=\"article:modified_time\" content=\"2026-03-25T11:57:26+00:00\" \/>\n<meta property=\"og:image\" content=\"https:\/\/p4p-nl.bootmine.com\/wp-content\/uploads\/2017\/07\/23610.jpg\" \/>\n\t<meta property=\"og:image:width\" content=\"210\" \/>\n\t<meta property=\"og:image:height\" content=\"317\" \/>\n\t<meta property=\"og:image:type\" content=\"image\/jpeg\" \/>\n<meta name=\"twitter:card\" content=\"summary_large_image\" \/>\n<meta name=\"twitter:label1\" content=\"Geschatte leestijd\" \/>\n\t<meta name=\"twitter:data1\" content=\"1 minuut\" \/>\n<script type=\"application\/ld+json\" class=\"yoast-schema-graph\">{\"@context\":\"https:\\\/\\\/schema.org\",\"@graph\":[{\"@type\":\"WebPage\",\"@id\":\"https:\\\/\\\/p4p-nl.bootmine.com\\\/%product-slug%\\\/bogar-bogadent-dental-enzyme-stripes-mini-dog\",\"url\":\"https:\\\/\\\/p4p-nl.bootmine.com\\\/%product-slug%\\\/bogar-bogadent-dental-enzyme-stripes-mini-dog\",\"name\":\"Bogadent Dental Enzyme Stripes Mini Hond - Kauwsticks\",\"isPartOf\":{\"@id\":\"http:\\\/\\\/www.pharmacy4pets.nl\\\/#website\"},\"primaryImageOfPage\":{\"@id\":\"https:\\\/\\\/p4p-nl.bootmine.com\\\/%product-slug%\\\/bogar-bogadent-dental-enzyme-stripes-mini-dog#primaryimage\"},\"image\":{\"@id\":\"https:\\\/\\\/p4p-nl.bootmine.com\\\/%product-slug%\\\/bogar-bogadent-dental-enzyme-stripes-mini-dog#primaryimage\"},\"thumbnailUrl\":\"https:\\\/\\\/www.pharmacy4pets.nl\\\/wp-content\\\/uploads\\\/2017\\\/07\\\/23610.jpg\",\"datePublished\":\"2017-07-11T11:14:13+00:00\",\"dateModified\":\"2026-03-25T11:57:26+00:00\",\"description\":\"Bogadent Dental Enzyme Stripes van Bogar zijn de ideale oplossing voor het combineren van tandheelkundige zorg met kauwplezier. 100% natuurlijk.\",\"breadcrumb\":{\"@id\":\"https:\\\/\\\/p4p-nl.bootmine.com\\\/%product-slug%\\\/bogar-bogadent-dental-enzyme-stripes-mini-dog#breadcrumb\"},\"inLanguage\":\"nl-NL\",\"potentialAction\":[{\"@type\":\"ReadAction\",\"target\":[\"https:\\\/\\\/p4p-nl.bootmine.com\\\/%product-slug%\\\/bogar-bogadent-dental-enzyme-stripes-mini-dog\"]}]},{\"@type\":\"ImageObject\",\"inLanguage\":\"nl-NL\",\"@id\":\"https:\\\/\\\/p4p-nl.bootmine.com\\\/%product-slug%\\\/bogar-bogadent-dental-enzyme-stripes-mini-dog#primaryimage\",\"url\":\"https:\\\/\\\/www.pharmacy4pets.nl\\\/wp-content\\\/uploads\\\/2017\\\/07\\\/23610.jpg\",\"contentUrl\":\"https:\\\/\\\/www.pharmacy4pets.nl\\\/wp-content\\\/uploads\\\/2017\\\/07\\\/23610.jpg\",\"width\":210,\"height\":317,\"caption\":\"Bogadent\"},{\"@type\":\"BreadcrumbList\",\"@id\":\"https:\\\/\\\/p4p-nl.bootmine.com\\\/%product-slug%\\\/bogar-bogadent-dental-enzyme-stripes-mini-dog#breadcrumb\",\"itemListElement\":[{\"@type\":\"ListItem\",\"position\":1,\"name\":\"Home\",\"item\":\"https:\\\/\\\/p4p-nl.bootmine.com\\\/\"},{\"@type\":\"ListItem\",\"position\":2,\"name\":\"Winkel\",\"item\":\"https:\\\/\\\/p4p-nl.bootmine.com\\\/winkel\"},{\"@type\":\"ListItem\",\"position\":3,\"name\":\"Bogadent Dental Enzyme Stripes Mini | 100 gr\"}]},{\"@type\":\"WebSite\",\"@id\":\"http:\\\/\\\/www.pharmacy4pets.nl\\\/#website\",\"url\":\"http:\\\/\\\/www.pharmacy4pets.nl\\\/\",\"name\":\"Pharmacy4pets\",\"description\":\"Pharmacy4pets.nl is d\u00e9 online apotheek waar u terecht kunt voor alle diergeneesmiddelen, verzorgingsproducten en dieetvoeding voor uw huisdier.\",\"publisher\":{\"@id\":\"http:\\\/\\\/www.pharmacy4pets.nl\\\/#organization\"},\"potentialAction\":[{\"@type\":\"SearchAction\",\"target\":{\"@type\":\"EntryPoint\",\"urlTemplate\":\"http:\\\/\\\/www.pharmacy4pets.nl\\\/?s={search_term_string}\"},\"query-input\":{\"@type\":\"PropertyValueSpecification\",\"valueRequired\":true,\"valueName\":\"search_term_string\"}}],\"inLanguage\":\"nl-NL\"},{\"@type\":\"Organization\",\"@id\":\"http:\\\/\\\/www.pharmacy4pets.nl\\\/#organization\",\"name\":\"Pharmacy4pets\",\"url\":\"http:\\\/\\\/www.pharmacy4pets.nl\\\/\",\"logo\":{\"@type\":\"ImageObject\",\"inLanguage\":\"nl-NL\",\"@id\":\"http:\\\/\\\/www.pharmacy4pets.nl\\\/#\\\/schema\\\/logo\\\/image\\\/\",\"url\":\"https:\\\/\\\/p4p-nl.bootmine.com\\\/wp-content\\\/uploads\\\/2026\\\/03\\\/logo-pharmacy4pets.png\",\"contentUrl\":\"https:\\\/\\\/p4p-nl.bootmine.com\\\/wp-content\\\/uploads\\\/2026\\\/03\\\/logo-pharmacy4pets.png\",\"width\":1024,\"height\":135,\"caption\":\"Pharmacy4pets\"},\"image\":{\"@id\":\"http:\\\/\\\/www.pharmacy4pets.nl\\\/#\\\/schema\\\/logo\\\/image\\\/\"},\"sameAs\":[\"https:\\\/\\\/www.facebook.com\\\/people\\\/Pharmacy4petsnl\\\/100063484989896\\\/\",\"https:\\\/\\\/www.youtube.com\\\/channel\\\/UCGPTIgucgli03tP2_kvLkHg\\\/featured\",\"https:\\\/\\\/www.instagram.com\\\/pharmacy4pets.nl\"]}]}<\/script>\n<!-- \/ Yoast SEO plugin. -->","yoast_head_json":{"title":"Bogadent Dental Enzyme Stripes Mini Hond - Kauwsticks","description":"Bogadent Dental Enzyme Stripes van Bogar zijn de ideale oplossing voor het combineren van tandheelkundige zorg met kauwplezier. 100% natuurlijk.","robots":{"index":"index","follow":"follow","max-snippet":"max-snippet:-1","max-image-preview":"max-image-preview:large","max-video-preview":"max-video-preview:-1"},"canonical":"https:\/\/p4p-nl.bootmine.com\/%product-slug%\/bogar-bogadent-dental-enzyme-stripes-mini-dog","og_locale":"nl_NL","og_type":"article","og_title":"Bogadent Dental Enzyme Stripes Mini Hond - Kauwsticks","og_description":"Bogadent Dental Enzyme Stripes van Bogar zijn de ideale oplossing voor het combineren van tandheelkundige zorg met kauwplezier. 100% natuurlijk.","og_url":"https:\/\/p4p-nl.bootmine.com\/%product-slug%\/bogar-bogadent-dental-enzyme-stripes-mini-dog","og_site_name":"Pharmacy4pets","article_publisher":"https:\/\/www.facebook.com\/people\/Pharmacy4petsnl\/100063484989896\/","article_modified_time":"2026-03-25T11:57:26+00:00","og_image":[{"width":210,"height":317,"url":"https:\/\/p4p-nl.bootmine.com\/wp-content\/uploads\/2017\/07\/23610.jpg","type":"image\/jpeg"}],"twitter_card":"summary_large_image","twitter_misc":{"Geschatte leestijd":"1 minuut"},"schema":{"@context":"https:\/\/schema.org","@graph":[{"@type":"WebPage","@id":"https:\/\/p4p-nl.bootmine.com\/%product-slug%\/bogar-bogadent-dental-enzyme-stripes-mini-dog","url":"https:\/\/p4p-nl.bootmine.com\/%product-slug%\/bogar-bogadent-dental-enzyme-stripes-mini-dog","name":"Bogadent Dental Enzyme Stripes Mini Hond - Kauwsticks","isPartOf":{"@id":"http:\/\/www.pharmacy4pets.nl\/#website"},"primaryImageOfPage":{"@id":"https:\/\/p4p-nl.bootmine.com\/%product-slug%\/bogar-bogadent-dental-enzyme-stripes-mini-dog#primaryimage"},"image":{"@id":"https:\/\/p4p-nl.bootmine.com\/%product-slug%\/bogar-bogadent-dental-enzyme-stripes-mini-dog#primaryimage"},"thumbnailUrl":"https:\/\/www.pharmacy4pets.nl\/wp-content\/uploads\/2017\/07\/23610.jpg","datePublished":"2017-07-11T11:14:13+00:00","dateModified":"2026-03-25T11:57:26+00:00","description":"Bogadent Dental Enzyme Stripes van Bogar zijn de ideale oplossing voor het combineren van tandheelkundige zorg met kauwplezier. 100% natuurlijk.","breadcrumb":{"@id":"https:\/\/p4p-nl.bootmine.com\/%product-slug%\/bogar-bogadent-dental-enzyme-stripes-mini-dog#breadcrumb"},"inLanguage":"nl-NL","potentialAction":[{"@type":"ReadAction","target":["https:\/\/p4p-nl.bootmine.com\/%product-slug%\/bogar-bogadent-dental-enzyme-stripes-mini-dog"]}]},{"@type":"ImageObject","inLanguage":"nl-NL","@id":"https:\/\/p4p-nl.bootmine.com\/%product-slug%\/bogar-bogadent-dental-enzyme-stripes-mini-dog#primaryimage","url":"https:\/\/www.pharmacy4pets.nl\/wp-content\/uploads\/2017\/07\/23610.jpg","contentUrl":"https:\/\/www.pharmacy4pets.nl\/wp-content\/uploads\/2017\/07\/23610.jpg","width":210,"height":317,"caption":"Bogadent"},{"@type":"BreadcrumbList","@id":"https:\/\/p4p-nl.bootmine.com\/%product-slug%\/bogar-bogadent-dental-enzyme-stripes-mini-dog#breadcrumb","itemListElement":[{"@type":"ListItem","position":1,"name":"Home","item":"https:\/\/p4p-nl.bootmine.com\/"},{"@type":"ListItem","position":2,"name":"Winkel","item":"https:\/\/p4p-nl.bootmine.com\/winkel"},{"@type":"ListItem","position":3,"name":"Bogadent Dental Enzyme Stripes Mini | 100 gr"}]},{"@type":"WebSite","@id":"http:\/\/www.pharmacy4pets.nl\/#website","url":"http:\/\/www.pharmacy4pets.nl\/","name":"Pharmacy4pets","description":"Pharmacy4pets.nl is d\u00e9 online apotheek waar u terecht kunt voor alle diergeneesmiddelen, verzorgingsproducten en dieetvoeding voor uw huisdier.","publisher":{"@id":"http:\/\/www.pharmacy4pets.nl\/#organization"},"potentialAction":[{"@type":"SearchAction","target":{"@type":"EntryPoint","urlTemplate":"http:\/\/www.pharmacy4pets.nl\/?s={search_term_string}"},"query-input":{"@type":"PropertyValueSpecification","valueRequired":true,"valueName":"search_term_string"}}],"inLanguage":"nl-NL"},{"@type":"Organization","@id":"http:\/\/www.pharmacy4pets.nl\/#organization","name":"Pharmacy4pets","url":"http:\/\/www.pharmacy4pets.nl\/","logo":{"@type":"ImageObject","inLanguage":"nl-NL","@id":"http:\/\/www.pharmacy4pets.nl\/#\/schema\/logo\/image\/","url":"https:\/\/p4p-nl.bootmine.com\/wp-content\/uploads\/2026\/03\/logo-pharmacy4pets.png","contentUrl":"https:\/\/p4p-nl.bootmine.com\/wp-content\/uploads\/2026\/03\/logo-pharmacy4pets.png","width":1024,"height":135,"caption":"Pharmacy4pets"},"image":{"@id":"http:\/\/www.pharmacy4pets.nl\/#\/schema\/logo\/image\/"},"sameAs":["https:\/\/www.facebook.com\/people\/Pharmacy4petsnl\/100063484989896\/","https:\/\/www.youtube.com\/channel\/UCGPTIgucgli03tP2_kvLkHg\/featured","https:\/\/www.instagram.com\/pharmacy4pets.nl"]}]}},"market_data":{"nl":{"price":0,"sale_price":0,"active":false,"url":null,"parent_url":"","tax_rate":0,"price_inc_tax":0,"sale_price_inc_tax":0},"de":{"price":0,"sale_price":0,"active":false,"url":null,"parent_url":"","tax_rate":0,"price_inc_tax":0,"sale_price_inc_tax":0},"be":{"price":0,"sale_price":0,"active":false,"url":null,"parent_url":"","tax_rate":0,"price_inc_tax":0,"sale_price_inc_tax":0},"fr":{"price":0,"sale_price":0,"active":false,"url":null,"parent_url":"","tax_rate":0,"price_inc_tax":0,"sale_price_inc_tax":0},"ch":{"price":0,"sale_price":0,"active":false,"url":null,"parent_url":"","tax_rate":0,"price_inc_tax":0,"sale_price_inc_tax":0},"at":{"price":0,"sale_price":0,"active":false,"url":null,"parent_url":"","tax_rate":0,"price_inc_tax":0,"sale_price_inc_tax":0},"es":{"price":0,"sale_price":0,"active":false,"url":null,"parent_url":"","tax_rate":0,"price_inc_tax":0,"sale_price_inc_tax":0},"dk":{"price":0,"sale_price":0,"active":false,"url":null,"parent_url":"","tax_rate":0,"price_inc_tax":0,"sale_price_inc_tax":0},"com":{"price":0,"sale_price":0,"active":false,"url":null,"parent_url":"","tax_rate":0,"price_inc_tax":0,"sale_price_inc_tax":0}},"market_nl_price":0,"market_nl_sale_price":0,"market_nl_active":false,"market_nl_url":null,"market_nl_parent_url":"","market_nl_tax_rate":0,"market_nl_price_inc_tax":0,"market_nl_sale_price_inc_tax":0,"market_de_price":0,"market_de_sale_price":0,"market_de_active":false,"market_de_url":null,"market_de_parent_url":"","market_de_tax_rate":0,"market_de_price_inc_tax":0,"market_de_sale_price_inc_tax":0,"market_be_price":0,"market_be_sale_price":0,"market_be_active":false,"market_be_url":null,"market_be_parent_url":"","market_be_tax_rate":0,"market_be_price_inc_tax":0,"market_be_sale_price_inc_tax":0,"market_fr_price":0,"market_fr_sale_price":0,"market_fr_active":false,"market_fr_url":null,"market_fr_parent_url":"","market_fr_tax_rate":0,"market_fr_price_inc_tax":0,"market_fr_sale_price_inc_tax":0,"market_ch_price":0,"market_ch_sale_price":0,"market_ch_active":false,"market_ch_url":null,"market_ch_parent_url":"","market_ch_tax_rate":0,"market_ch_price_inc_tax":0,"market_ch_sale_price_inc_tax":0,"market_at_price":0,"market_at_sale_price":0,"market_at_active":false,"market_at_url":null,"market_at_parent_url":"","market_at_tax_rate":0,"market_at_price_inc_tax":0,"market_at_sale_price_inc_tax":0,"market_es_price":0,"market_es_sale_price":0,"market_es_active":false,"market_es_url":null,"market_es_parent_url":"","market_es_tax_rate":0,"market_es_price_inc_tax":0,"market_es_sale_price_inc_tax":0,"market_dk_price":0,"market_dk_sale_price":0,"market_dk_active":false,"market_dk_url":null,"market_dk_parent_url":"","market_dk_tax_rate":0,"market_dk_price_inc_tax":0,"market_dk_sale_price_inc_tax":0,"market_com_price":0,"market_com_sale_price":0,"market_com_active":false,"market_com_url":null,"market_com_parent_url":"","market_com_tax_rate":0,"market_com_price_inc_tax":0,"market_com_sale_price_inc_tax":0,"acf":[],"_links":{"self":[{"href":"https:\/\/www.pharmacy4pets.nl\/be\/wp-json\/wp\/v2\/product\/118155","targetHints":{"allow":["GET"]}}],"collection":[{"href":"https:\/\/www.pharmacy4pets.nl\/be\/wp-json\/wp\/v2\/product"}],"about":[{"href":"https:\/\/www.pharmacy4pets.nl\/be\/wp-json\/wp\/v2\/types\/product"}],"replies":[{"embeddable":true,"href":"https:\/\/www.pharmacy4pets.nl\/be\/wp-json\/wp\/v2\/comments?post=118155"}],"wp:featuredmedia":[{"embeddable":true,"href":"https:\/\/www.pharmacy4pets.nl\/be\/wp-json\/wp\/v2\/media\/118152"}],"wp:attachment":[{"href":"https:\/\/www.pharmacy4pets.nl\/be\/wp-json\/wp\/v2\/media?parent=118155"}],"wp:term":[{"taxonomy":"product_brand","embeddable":true,"href":"https:\/\/www.pharmacy4pets.nl\/be\/wp-json\/wp\/v2\/product_brand?post=118155"},{"taxonomy":"product_cat","embeddable":true,"href":"https:\/\/www.pharmacy4pets.nl\/be\/wp-json\/wp\/v2\/product_cat?post=118155"},{"taxonomy":"product_tag","embeddable":true,"href":"https:\/\/www.pharmacy4pets.nl\/be\/wp-json\/wp\/v2\/product_tag?post=118155"}],"curies":[{"name":"wp","href":"https:\/\/api.w.org\/{rel}","templated":true}]}}