{"id":118101,"date":"2017-07-11T08:53:10","date_gmt":"2017-07-11T08:53:10","guid":{"rendered":"https:\/\/p4p.test\/bogar-bogacare-sensitive-ear-sticks"},"modified":"2026-03-25T11:57:21","modified_gmt":"2026-03-25T11:57:21","slug":"bogar-bogacare-sensitive-ear-sticks","status":"publish","type":"product","link":"https:\/\/www.pharmacy4pets.nl\/be\/bogar-bogacare-sensitive-ear-sticks","title":{"rendered":"Bogacare Sensitive Ear 30 Sticks | Hond"},"content":{"rendered":"<p>Bogacare Sensitive Ear Sticks van het merk Bogar zijn wattenstaafjes die speciaal zijn ontwikkeld voor de makkelijke, snelle en zachte reinig van de buiten-oor gang.&nbsp; De vorm van de katoenen uiteinden is speciaal aangepast aan de vorm van het oor van de hond, die de gemakkelijke en zachte reiniging van het oor kanaal vergemakkelijkt. De katoenen uiteinden zijn gemaakt van duurzaam bamboe en medische katoen wol.<\/p>\n<p>Ideaal voor het gebruik na de Bogacare Perfect Ear Cleaner.<\/p>\n<p><span style=\"text-decoration: underline;\">Toediening:<\/span><\/p>\n<ol>\n<li>Los eerst de gedroogde oorsmeer en afscheiding (bacteri&euml;n en schimmels) op door de zeer effectieve Bogacare Perfect Ear Cleaner te gebruiken.<\/li>\n<li>Verwijder de overgebleven onzuiverheden door gebruik te maken van de Bogacare Sensitive Ear Sticks<\/li>\n<li>Wees voorzichtig bij het gebruik van de Sensitive Ear Sticks en gebruik alleen op het buitenste en zichtbare gedeelte van het oor.<\/li>\n<\/ol>\n<p><span style=\"text-decoration: underline;\">Dosering:<br \/><\/span>&#8211;<\/p>\n<p><span style=\"text-decoration: underline;\">Verpakking:<br \/><\/span>30 stuks.<\/p>\n","protected":false},"excerpt":{"rendered":"<p>Bogacare Sensitive Ear Sticks van het merk Bogar zijn wattenstaafjes die speciaal zijn ontwikkeld voor de makkelijke, snelle en zachte reinig van de buiten-oor gang.&nbsp; De vorm van de katoenen uiteinden is speciaal aangepast aan de vorm van het oor van de hond, die de gemakkelijke en zachte reiniging van het oor kanaal vergemakkelijkt. De [&hellip;]<\/p>\n","protected":false},"featured_media":118097,"comment_status":"open","ping_status":"closed","template":"","meta":{"_acf_changed":false,"_nl_post_content":"<p>Bogacare Sensitive Ear Sticks van het merk Bogar zijn wattenstaafjes die speciaal zijn ontwikkeld voor de makkelijke, snelle en zachte reinig van de buiten-oor gang.&nbsp; De vorm van de katoenen uiteinden is speciaal aangepast aan de vorm van het oor van de hond, die de gemakkelijke en zachte reiniging van het oor kanaal vergemakkelijkt. De katoenen uiteinden zijn gemaakt van duurzaam bamboe en medische katoen wol.<\/p>\r\n<p>Ideaal voor het gebruik na de Bogacare Perfect Ear Cleaner.<\/p>\r\n<p><span style=\"text-decoration: underline;\">Toediening:<\/span><\/p>\r\n<ol>\r\n<li>Los eerst de gedroogde oorsmeer en afscheiding (bacteri&euml;n en schimmels) op door de zeer effectieve Bogacare Perfect Ear Cleaner te gebruiken.<\/li>\r\n<li>Verwijder de overgebleven onzuiverheden door gebruik te maken van de Bogacare Sensitive Ear Sticks<\/li>\r\n<li>Wees voorzichtig bij het gebruik van de Sensitive Ear Sticks en gebruik alleen op het buitenste en zichtbare gedeelte van het oor.<\/li>\r\n<\/ol>\r\n<p><span style=\"text-decoration: underline;\">Dosering:<br \/><\/span>-<\/p>\r\n<p><span style=\"text-decoration: underline;\">Verpakking:<br \/><\/span>30 stuks.<\/p>","_nl_post_name":"bogar-bogacare-sensitive-ear-sticks","_nl_post_excerpt":"","_nl_post_title":"Bogacare Sensitive Ear 30 Sticks | Hond","_en_post_content":"<p>Bogacare Sensitive Ear Sticks Dog form Bogar are cotton buds especially designed for the simple and gentle cleaning of the outer ear canal. The form of the cotton buds are especially adapted to the shape of the dog&rsquo;s ear which facilitates easy and gentle cleaning of the ear canal. The cotton buds are made from sustainable bamboo and medical cotton wool<\/p>\r\n<p>Ideal following application of Bogacare Perfect Ear Cleaner<\/p>\r\n<p><span style=\"text-decoration: underline;\">Administration:<\/span><\/p>\r\n<p>First, dissolve the dried-in ear wax and secretion (bacteria and fungi) by applying the highly effective Bogacare Perfect Ear Cleaner. Then remove the remaining impurities by using the Sensitive Ear Sticks. Take care when using the Sensitive Ear Sticks and only use on the outer and visible part of the ear.<\/p>\r\n<p><span style=\"text-decoration: underline;\">Dosage:<br \/><\/span>-<\/p>\r\n<p><span style=\"text-decoration: underline;\">Package:<br \/><\/span>30 pieces<\/p>","_en_post_name":"bogar-bogacare-sensitive-ear-sticks","_en_post_excerpt":"","_en_post_title":"Bogacare Sensitive Ear 30 Sticks | Dog","_de_post_content":"<p>Bogacare Sensitive Ear Sticks von Bogar sind Wattest&auml;bchen, die speziell f&uuml;r die einfache und schonende Reinigung des &Auml;u&szlig;eren Geh&ouml;rgangs entwickelt wurden. Die besondere, an das Hunde Ohr angepasste Form, erm&ouml;glicht eine einfache und schonende Reinigung des &Auml;u&szlig;eren Geh&ouml;rganges. Die Wattest&auml;bchen werden aus nachwachsendem Bambus und medizinischer Baumwolle hergestellt.<\/p>\r\n<p>Ideal nach Einsatz des Bogacare Perfect Ear Cleaner.<\/p>\r\n<p><span style=\"text-decoration: underline;\">Anwendung:<br \/><\/span>L&ouml;sen Sie zuerst eingetrockneten Ohrschmalz und Sekret (Bakterien und Pilze) durch Einsatz unseres &auml;usserst wirksamen Bogacare Perfect Ear Cleaner. Danach entfernen Sie die verbliebenen Verunreinigungen mit den Bogacare Sensitive Ear Sticks. Verwenden Sie die Bogacare Sensitive Ear Sticks vorsichtig und nur im &Auml;u&szlig;eren, sichtbaren Bereich des Ohres.<\/p>\r\n<p><span style=\"text-decoration: underline;\">Dosierung:<br \/><\/span>-<\/p>\r\n<p><span style=\"text-decoration: underline;\">Verpackung:<br \/><\/span>30 St&uuml;ck.&nbsp;<\/p>","_de_post_name":"bogar-bogacare-sensitive-ear-sticks","_de_post_excerpt":"","_de_post_title":"Bogacare Sensitive Ear 30 Sticks | Hund","_fr_post_content":"<p>Bogacare Sensitive Ear Sticks van het merk Bogar zijn wattenstaafjes die speciaal zijn ontwikkeld voor de makkelijke, snelle en zachte reinig van de buiten-oor gang.&nbsp; De vorm van de katoenen uiteinden is speciaal aangepast aan de vorm van het oor van de hond, die de gemakkelijke en zachte reiniging van het oor kanaal vergemakkelijkt. De katoenen uiteinden zijn gemaakt van duurzaam bamboe en medische katoen wol.<\/p>\r\n<p>Ideaal voor het gebruik na de Bogacare Perfect Ear Cleaner.<\/p>\r\n<p><span style=\"text-decoration: underline;\">Toediening:<\/span><\/p>\r\n<ol>\r\n<li>Los eerst de gedroogde oorsmeer en afscheiding (bacteri&euml;n en schimmels) op door de zeer effectieve Bogacare Perfect Ear Cleaner te gebruiken.<\/li>\r\n<li>Verwijder de overgebleven onzuiverheden door gebruik te maken van de Bogacare Sensitive Ear Sticks<\/li>\r\n<li>Wees voorzichtig bij het gebruik van de Sensitive Ear Sticks en gebruik alleen op het buitenste en zichtbare gedeelte van het oor.<\/li>\r\n<\/ol>\r\n<p><span style=\"text-decoration: underline;\">Dosering:<br \/><\/span>-<\/p>\r\n<p><span style=\"text-decoration: underline;\">Verpakking:<br \/><\/span>30 stuks.<\/p>","_fr_post_name":"bogar-bogacare-sensitive-ear-sticks","_fr_post_excerpt":"","_fr_post_title":"Bogacare Sensitive Ear 30 Sticks | Hond","_es_post_content":"<p>Bogacare Sensitive Ear Sticks para perros de la marca Bogar son bastoncillos de algod\u00f3n que han sido especialmente desarrollados para la limpieza f\u00e1cil, r\u00e1pida y suave del o\u00eddo externo. La forma de las puntas de algod\u00f3n est\u00e1 especialmente adaptada a la forma de la oreja del perro, lo que facilita la limpieza f\u00e1cil y suave del canal auditivo. Los extremos de algod\u00f3n est\u00e1n hechos de bamb\u00fa sostenible y algod\u00f3n m\u00e9dico.<\/p>\r\n<p>Ideal para usar despu\u00e9s de Bogacare Perfect Ear Cleaner para perros.<\/p>\r\n<p><span style=\"text-decoration: underline;\">Administraci\u00f3n:<\/span><\/p>\r\n<ol>\r\n<li>Primero disuelva el cerumen seco y las secreciones (bacterias y hongos) usando el limpiador de o\u00eddos Bogacare Perfect Ear Cleaner altamente efectivo.<\/li>\r\n<li>Elimine las impurezas restantes utilizando las varillas para o\u00eddos sensibles de Bogacare.<\/li>\r\n<li>Tenga cuidado al usar las varillas Sensitive Ear Sticks y util\u00edcelas solo en la parte externa y visible de la oreja.<\/li>\r\n<\/ol>\r\n<p><span style=\"text-decoration: underline;\">Dosis:<\/span><br \/>-<\/p>\r\n<p><span style=\"text-decoration: underline;\">Embalaje:<\/span><br \/>30 piezas.<\/p>","_es_post_name":"bogar-bogacare-sensitive-ear-sticks","_es_post_excerpt":"","_es_post_title":"Bogacare Sensitive Ear 30 Sticks | Perros","edit_language":"nl"},"product_brand":[],"product_cat":[1861,2027,1117,1857,1863],"product_tag":[],"class_list":{"0":"post-118101","1":"product","2":"type-product","3":"status-publish","4":"has-post-thumbnail","6":"product_cat-benodigdheden","7":"product_cat-bogacare","8":"product_cat-honden","9":"product_cat-merken","10":"product_cat-verzorging","11":"pa_aandoening-ogen_oren","12":"pa_doeldier-hond","13":"pa_fabricatieland-zwitserland","14":"pa_merkfilter-bogacare","15":"pa_merkgroep-bogar","16":"pa_productsoort-overig","17":"pa_seo_canonical_store_id-not_found_value","18":"pa_seo_category-not_found_value","19":"pa_seo_meta_robots-not_found_value","20":"pa_toedieningswijze-wattenstaafjes","21":"pa_unit_pricing_base_measure-1ct","22":"pa_unit_pricing_measure-30ct","23":"pa_werkzamestof-overig","25":"first","26":"instock","27":"taxable","28":"shipping-taxable","29":"purchasable","30":"product-type-simple"},"yoast_head":"<!-- This site is optimized with the Yoast SEO plugin v27.5 - https:\/\/yoast.com\/product\/yoast-seo-wordpress\/ -->\n<title>Bogacare Sensitive Ear Sticks Hond<\/title>\n<meta name=\"description\" content=\"Bogacare Sensitive Ear Sticks van Bogar zijn wattenstaafjes speciaal ontwikkeld voor de makkelijke, snelle en zachte reiniging van de buiten-oorgang.\" \/>\n<meta name=\"robots\" content=\"index, follow, max-snippet:-1, max-image-preview:large, max-video-preview:-1\" \/>\n<link rel=\"canonical\" href=\"https:\/\/p4p-nl.bootmine.com\/%product-slug%\/bogar-bogacare-sensitive-ear-sticks\" \/>\n<meta property=\"og:locale\" content=\"nl_NL\" \/>\n<meta property=\"og:type\" content=\"article\" \/>\n<meta property=\"og:title\" content=\"Bogacare Sensitive Ear Sticks Hond\" \/>\n<meta property=\"og:description\" content=\"Bogacare Sensitive Ear Sticks van Bogar zijn wattenstaafjes speciaal ontwikkeld voor de makkelijke, snelle en zachte reiniging van de buiten-oorgang.\" \/>\n<meta property=\"og:url\" content=\"https:\/\/p4p-nl.bootmine.com\/%product-slug%\/bogar-bogacare-sensitive-ear-sticks\" \/>\n<meta property=\"og:site_name\" content=\"Pharmacy4pets\" \/>\n<meta property=\"article:publisher\" content=\"https:\/\/www.facebook.com\/people\/Pharmacy4petsnl\/100063484989896\/\" \/>\n<meta property=\"article:modified_time\" content=\"2026-03-25T11:57:21+00:00\" \/>\n<meta property=\"og:image\" content=\"https:\/\/p4p-nl.bootmine.com\/wp-content\/uploads\/2017\/07\/23580.png\" \/>\n\t<meta property=\"og:image:width\" content=\"192\" \/>\n\t<meta property=\"og:image:height\" content=\"317\" \/>\n\t<meta property=\"og:image:type\" content=\"image\/png\" \/>\n<meta name=\"twitter:card\" content=\"summary_large_image\" \/>\n<meta name=\"twitter:label1\" content=\"Geschatte leestijd\" \/>\n\t<meta name=\"twitter:data1\" content=\"1 minuut\" \/>\n<script type=\"application\/ld+json\" class=\"yoast-schema-graph\">{\"@context\":\"https:\\\/\\\/schema.org\",\"@graph\":[{\"@type\":\"WebPage\",\"@id\":\"https:\\\/\\\/p4p-nl.bootmine.com\\\/%product-slug%\\\/bogar-bogacare-sensitive-ear-sticks\",\"url\":\"https:\\\/\\\/p4p-nl.bootmine.com\\\/%product-slug%\\\/bogar-bogacare-sensitive-ear-sticks\",\"name\":\"Bogacare Sensitive Ear Sticks Hond\",\"isPartOf\":{\"@id\":\"http:\\\/\\\/www.pharmacy4pets.nl\\\/#website\"},\"primaryImageOfPage\":{\"@id\":\"https:\\\/\\\/p4p-nl.bootmine.com\\\/%product-slug%\\\/bogar-bogacare-sensitive-ear-sticks#primaryimage\"},\"image\":{\"@id\":\"https:\\\/\\\/p4p-nl.bootmine.com\\\/%product-slug%\\\/bogar-bogacare-sensitive-ear-sticks#primaryimage\"},\"thumbnailUrl\":\"https:\\\/\\\/www.pharmacy4pets.nl\\\/wp-content\\\/uploads\\\/2017\\\/07\\\/23580.png\",\"datePublished\":\"2017-07-11T08:53:10+00:00\",\"dateModified\":\"2026-03-25T11:57:21+00:00\",\"description\":\"Bogacare Sensitive Ear Sticks van Bogar zijn wattenstaafjes speciaal ontwikkeld voor de makkelijke, snelle en zachte reiniging van de buiten-oorgang.\",\"breadcrumb\":{\"@id\":\"https:\\\/\\\/p4p-nl.bootmine.com\\\/%product-slug%\\\/bogar-bogacare-sensitive-ear-sticks#breadcrumb\"},\"inLanguage\":\"nl-NL\",\"potentialAction\":[{\"@type\":\"ReadAction\",\"target\":[\"https:\\\/\\\/p4p-nl.bootmine.com\\\/%product-slug%\\\/bogar-bogacare-sensitive-ear-sticks\"]}]},{\"@type\":\"ImageObject\",\"inLanguage\":\"nl-NL\",\"@id\":\"https:\\\/\\\/p4p-nl.bootmine.com\\\/%product-slug%\\\/bogar-bogacare-sensitive-ear-sticks#primaryimage\",\"url\":\"https:\\\/\\\/www.pharmacy4pets.nl\\\/wp-content\\\/uploads\\\/2017\\\/07\\\/23580.png\",\"contentUrl\":\"https:\\\/\\\/www.pharmacy4pets.nl\\\/wp-content\\\/uploads\\\/2017\\\/07\\\/23580.png\",\"width\":192,\"height\":317,\"caption\":\"Bogacare\"},{\"@type\":\"BreadcrumbList\",\"@id\":\"https:\\\/\\\/p4p-nl.bootmine.com\\\/%product-slug%\\\/bogar-bogacare-sensitive-ear-sticks#breadcrumb\",\"itemListElement\":[{\"@type\":\"ListItem\",\"position\":1,\"name\":\"Home\",\"item\":\"https:\\\/\\\/p4p-nl.bootmine.com\\\/\"},{\"@type\":\"ListItem\",\"position\":2,\"name\":\"Winkel\",\"item\":\"https:\\\/\\\/p4p-nl.bootmine.com\\\/winkel\"},{\"@type\":\"ListItem\",\"position\":3,\"name\":\"Bogacare Sensitive Ear 30 Sticks | Hond\"}]},{\"@type\":\"WebSite\",\"@id\":\"http:\\\/\\\/www.pharmacy4pets.nl\\\/#website\",\"url\":\"http:\\\/\\\/www.pharmacy4pets.nl\\\/\",\"name\":\"Pharmacy4pets\",\"description\":\"Pharmacy4pets.nl is d\u00e9 online apotheek waar u terecht kunt voor alle diergeneesmiddelen, verzorgingsproducten en dieetvoeding voor uw huisdier.\",\"publisher\":{\"@id\":\"http:\\\/\\\/www.pharmacy4pets.nl\\\/#organization\"},\"potentialAction\":[{\"@type\":\"SearchAction\",\"target\":{\"@type\":\"EntryPoint\",\"urlTemplate\":\"http:\\\/\\\/www.pharmacy4pets.nl\\\/?s={search_term_string}\"},\"query-input\":{\"@type\":\"PropertyValueSpecification\",\"valueRequired\":true,\"valueName\":\"search_term_string\"}}],\"inLanguage\":\"nl-NL\"},{\"@type\":\"Organization\",\"@id\":\"http:\\\/\\\/www.pharmacy4pets.nl\\\/#organization\",\"name\":\"Pharmacy4pets\",\"url\":\"http:\\\/\\\/www.pharmacy4pets.nl\\\/\",\"logo\":{\"@type\":\"ImageObject\",\"inLanguage\":\"nl-NL\",\"@id\":\"http:\\\/\\\/www.pharmacy4pets.nl\\\/#\\\/schema\\\/logo\\\/image\\\/\",\"url\":\"https:\\\/\\\/p4p-nl.bootmine.com\\\/wp-content\\\/uploads\\\/2026\\\/03\\\/logo-pharmacy4pets.png\",\"contentUrl\":\"https:\\\/\\\/p4p-nl.bootmine.com\\\/wp-content\\\/uploads\\\/2026\\\/03\\\/logo-pharmacy4pets.png\",\"width\":1024,\"height\":135,\"caption\":\"Pharmacy4pets\"},\"image\":{\"@id\":\"http:\\\/\\\/www.pharmacy4pets.nl\\\/#\\\/schema\\\/logo\\\/image\\\/\"},\"sameAs\":[\"https:\\\/\\\/www.facebook.com\\\/people\\\/Pharmacy4petsnl\\\/100063484989896\\\/\",\"https:\\\/\\\/www.youtube.com\\\/channel\\\/UCGPTIgucgli03tP2_kvLkHg\\\/featured\",\"https:\\\/\\\/www.instagram.com\\\/pharmacy4pets.nl\"]}]}<\/script>\n<!-- \/ Yoast SEO plugin. -->","yoast_head_json":{"title":"Bogacare Sensitive Ear Sticks Hond","description":"Bogacare Sensitive Ear Sticks van Bogar zijn wattenstaafjes speciaal ontwikkeld voor de makkelijke, snelle en zachte reiniging van de buiten-oorgang.","robots":{"index":"index","follow":"follow","max-snippet":"max-snippet:-1","max-image-preview":"max-image-preview:large","max-video-preview":"max-video-preview:-1"},"canonical":"https:\/\/p4p-nl.bootmine.com\/%product-slug%\/bogar-bogacare-sensitive-ear-sticks","og_locale":"nl_NL","og_type":"article","og_title":"Bogacare Sensitive Ear Sticks Hond","og_description":"Bogacare Sensitive Ear Sticks van Bogar zijn wattenstaafjes speciaal ontwikkeld voor de makkelijke, snelle en zachte reiniging van de buiten-oorgang.","og_url":"https:\/\/p4p-nl.bootmine.com\/%product-slug%\/bogar-bogacare-sensitive-ear-sticks","og_site_name":"Pharmacy4pets","article_publisher":"https:\/\/www.facebook.com\/people\/Pharmacy4petsnl\/100063484989896\/","article_modified_time":"2026-03-25T11:57:21+00:00","og_image":[{"width":192,"height":317,"url":"https:\/\/p4p-nl.bootmine.com\/wp-content\/uploads\/2017\/07\/23580.png","type":"image\/png"}],"twitter_card":"summary_large_image","twitter_misc":{"Geschatte leestijd":"1 minuut"},"schema":{"@context":"https:\/\/schema.org","@graph":[{"@type":"WebPage","@id":"https:\/\/p4p-nl.bootmine.com\/%product-slug%\/bogar-bogacare-sensitive-ear-sticks","url":"https:\/\/p4p-nl.bootmine.com\/%product-slug%\/bogar-bogacare-sensitive-ear-sticks","name":"Bogacare Sensitive Ear Sticks Hond","isPartOf":{"@id":"http:\/\/www.pharmacy4pets.nl\/#website"},"primaryImageOfPage":{"@id":"https:\/\/p4p-nl.bootmine.com\/%product-slug%\/bogar-bogacare-sensitive-ear-sticks#primaryimage"},"image":{"@id":"https:\/\/p4p-nl.bootmine.com\/%product-slug%\/bogar-bogacare-sensitive-ear-sticks#primaryimage"},"thumbnailUrl":"https:\/\/www.pharmacy4pets.nl\/wp-content\/uploads\/2017\/07\/23580.png","datePublished":"2017-07-11T08:53:10+00:00","dateModified":"2026-03-25T11:57:21+00:00","description":"Bogacare Sensitive Ear Sticks van Bogar zijn wattenstaafjes speciaal ontwikkeld voor de makkelijke, snelle en zachte reiniging van de buiten-oorgang.","breadcrumb":{"@id":"https:\/\/p4p-nl.bootmine.com\/%product-slug%\/bogar-bogacare-sensitive-ear-sticks#breadcrumb"},"inLanguage":"nl-NL","potentialAction":[{"@type":"ReadAction","target":["https:\/\/p4p-nl.bootmine.com\/%product-slug%\/bogar-bogacare-sensitive-ear-sticks"]}]},{"@type":"ImageObject","inLanguage":"nl-NL","@id":"https:\/\/p4p-nl.bootmine.com\/%product-slug%\/bogar-bogacare-sensitive-ear-sticks#primaryimage","url":"https:\/\/www.pharmacy4pets.nl\/wp-content\/uploads\/2017\/07\/23580.png","contentUrl":"https:\/\/www.pharmacy4pets.nl\/wp-content\/uploads\/2017\/07\/23580.png","width":192,"height":317,"caption":"Bogacare"},{"@type":"BreadcrumbList","@id":"https:\/\/p4p-nl.bootmine.com\/%product-slug%\/bogar-bogacare-sensitive-ear-sticks#breadcrumb","itemListElement":[{"@type":"ListItem","position":1,"name":"Home","item":"https:\/\/p4p-nl.bootmine.com\/"},{"@type":"ListItem","position":2,"name":"Winkel","item":"https:\/\/p4p-nl.bootmine.com\/winkel"},{"@type":"ListItem","position":3,"name":"Bogacare Sensitive Ear 30 Sticks | Hond"}]},{"@type":"WebSite","@id":"http:\/\/www.pharmacy4pets.nl\/#website","url":"http:\/\/www.pharmacy4pets.nl\/","name":"Pharmacy4pets","description":"Pharmacy4pets.nl is d\u00e9 online apotheek waar u terecht kunt voor alle diergeneesmiddelen, verzorgingsproducten en dieetvoeding voor uw huisdier.","publisher":{"@id":"http:\/\/www.pharmacy4pets.nl\/#organization"},"potentialAction":[{"@type":"SearchAction","target":{"@type":"EntryPoint","urlTemplate":"http:\/\/www.pharmacy4pets.nl\/?s={search_term_string}"},"query-input":{"@type":"PropertyValueSpecification","valueRequired":true,"valueName":"search_term_string"}}],"inLanguage":"nl-NL"},{"@type":"Organization","@id":"http:\/\/www.pharmacy4pets.nl\/#organization","name":"Pharmacy4pets","url":"http:\/\/www.pharmacy4pets.nl\/","logo":{"@type":"ImageObject","inLanguage":"nl-NL","@id":"http:\/\/www.pharmacy4pets.nl\/#\/schema\/logo\/image\/","url":"https:\/\/p4p-nl.bootmine.com\/wp-content\/uploads\/2026\/03\/logo-pharmacy4pets.png","contentUrl":"https:\/\/p4p-nl.bootmine.com\/wp-content\/uploads\/2026\/03\/logo-pharmacy4pets.png","width":1024,"height":135,"caption":"Pharmacy4pets"},"image":{"@id":"http:\/\/www.pharmacy4pets.nl\/#\/schema\/logo\/image\/"},"sameAs":["https:\/\/www.facebook.com\/people\/Pharmacy4petsnl\/100063484989896\/","https:\/\/www.youtube.com\/channel\/UCGPTIgucgli03tP2_kvLkHg\/featured","https:\/\/www.instagram.com\/pharmacy4pets.nl"]}]}},"market_data":{"nl":{"price":0,"sale_price":0,"active":false,"url":null,"parent_url":"","tax_rate":0,"price_inc_tax":0,"sale_price_inc_tax":0},"de":{"price":0,"sale_price":0,"active":false,"url":null,"parent_url":"","tax_rate":0,"price_inc_tax":0,"sale_price_inc_tax":0},"be":{"price":0,"sale_price":0,"active":false,"url":null,"parent_url":"","tax_rate":0,"price_inc_tax":0,"sale_price_inc_tax":0},"fr":{"price":0,"sale_price":0,"active":false,"url":null,"parent_url":"","tax_rate":0,"price_inc_tax":0,"sale_price_inc_tax":0},"ch":{"price":0,"sale_price":0,"active":false,"url":null,"parent_url":"","tax_rate":0,"price_inc_tax":0,"sale_price_inc_tax":0},"at":{"price":0,"sale_price":0,"active":false,"url":null,"parent_url":"","tax_rate":0,"price_inc_tax":0,"sale_price_inc_tax":0},"es":{"price":0,"sale_price":0,"active":false,"url":null,"parent_url":"","tax_rate":0,"price_inc_tax":0,"sale_price_inc_tax":0},"dk":{"price":0,"sale_price":0,"active":false,"url":null,"parent_url":"","tax_rate":0,"price_inc_tax":0,"sale_price_inc_tax":0},"com":{"price":0,"sale_price":0,"active":false,"url":null,"parent_url":"","tax_rate":0,"price_inc_tax":0,"sale_price_inc_tax":0}},"market_nl_price":0,"market_nl_sale_price":0,"market_nl_active":false,"market_nl_url":null,"market_nl_parent_url":"","market_nl_tax_rate":0,"market_nl_price_inc_tax":0,"market_nl_sale_price_inc_tax":0,"market_de_price":0,"market_de_sale_price":0,"market_de_active":false,"market_de_url":null,"market_de_parent_url":"","market_de_tax_rate":0,"market_de_price_inc_tax":0,"market_de_sale_price_inc_tax":0,"market_be_price":0,"market_be_sale_price":0,"market_be_active":false,"market_be_url":null,"market_be_parent_url":"","market_be_tax_rate":0,"market_be_price_inc_tax":0,"market_be_sale_price_inc_tax":0,"market_fr_price":0,"market_fr_sale_price":0,"market_fr_active":false,"market_fr_url":null,"market_fr_parent_url":"","market_fr_tax_rate":0,"market_fr_price_inc_tax":0,"market_fr_sale_price_inc_tax":0,"market_ch_price":0,"market_ch_sale_price":0,"market_ch_active":false,"market_ch_url":null,"market_ch_parent_url":"","market_ch_tax_rate":0,"market_ch_price_inc_tax":0,"market_ch_sale_price_inc_tax":0,"market_at_price":0,"market_at_sale_price":0,"market_at_active":false,"market_at_url":null,"market_at_parent_url":"","market_at_tax_rate":0,"market_at_price_inc_tax":0,"market_at_sale_price_inc_tax":0,"market_es_price":0,"market_es_sale_price":0,"market_es_active":false,"market_es_url":null,"market_es_parent_url":"","market_es_tax_rate":0,"market_es_price_inc_tax":0,"market_es_sale_price_inc_tax":0,"market_dk_price":0,"market_dk_sale_price":0,"market_dk_active":false,"market_dk_url":null,"market_dk_parent_url":"","market_dk_tax_rate":0,"market_dk_price_inc_tax":0,"market_dk_sale_price_inc_tax":0,"market_com_price":0,"market_com_sale_price":0,"market_com_active":false,"market_com_url":null,"market_com_parent_url":"","market_com_tax_rate":0,"market_com_price_inc_tax":0,"market_com_sale_price_inc_tax":0,"acf":[],"_links":{"self":[{"href":"https:\/\/www.pharmacy4pets.nl\/be\/wp-json\/wp\/v2\/product\/118101","targetHints":{"allow":["GET"]}}],"collection":[{"href":"https:\/\/www.pharmacy4pets.nl\/be\/wp-json\/wp\/v2\/product"}],"about":[{"href":"https:\/\/www.pharmacy4pets.nl\/be\/wp-json\/wp\/v2\/types\/product"}],"replies":[{"embeddable":true,"href":"https:\/\/www.pharmacy4pets.nl\/be\/wp-json\/wp\/v2\/comments?post=118101"}],"wp:featuredmedia":[{"embeddable":true,"href":"https:\/\/www.pharmacy4pets.nl\/be\/wp-json\/wp\/v2\/media\/118097"}],"wp:attachment":[{"href":"https:\/\/www.pharmacy4pets.nl\/be\/wp-json\/wp\/v2\/media?parent=118101"}],"wp:term":[{"taxonomy":"product_brand","embeddable":true,"href":"https:\/\/www.pharmacy4pets.nl\/be\/wp-json\/wp\/v2\/product_brand?post=118101"},{"taxonomy":"product_cat","embeddable":true,"href":"https:\/\/www.pharmacy4pets.nl\/be\/wp-json\/wp\/v2\/product_cat?post=118101"},{"taxonomy":"product_tag","embeddable":true,"href":"https:\/\/www.pharmacy4pets.nl\/be\/wp-json\/wp\/v2\/product_tag?post=118101"}],"curies":[{"name":"wp","href":"https:\/\/api.w.org\/{rel}","templated":true}]}}