{"id":118096,"date":"2017-07-10T15:36:04","date_gmt":"2017-07-10T15:36:04","guid":{"rendered":"https:\/\/p4p.test\/bogar-bogacare-shampoo-dog-2"},"modified":"2026-03-25T11:57:20","modified_gmt":"2026-03-25T11:57:20","slug":"bogar-bogacare-shampoo-dog","status":"publish","type":"product","link":"https:\/\/www.pharmacy4pets.nl\/be\/bogar-bogacare-shampoo-dog","title":{"rendered":"Bogacare Shampoo | Hond"},"content":{"rendered":"<p>Bogacare Shampoos \u00a0Hond van het merk Bogar zijn speciaal ontwikkeld voor de verschillende huid- en vachttypen van de hond. Alle shampoos zijn ontwikkeld in samenwerking met dierenartsen en specialisten, vrij van siliconen en vrij van parabenen en hebben een pH-waarde die speciaal is aangepast aan de huid van de hond. De verschillende shampoos hebben allen een unieke, hoogwaardige formule die zorgt voor een zachte en effectieve reiniging van huid en haar.<\/p>\n<p>Huid- en vachtverzorging voor honden is aanzienlijk meer gespecialiseerd dan men denkt. De anatomische verschillen tussen individuele hondenrassen zijn significant en dezelfde diversiteit geldt voor huid en jassen.<\/p>\n<p>De shampoo is verkrijgbaar in de volgende varianten:<br \/>&#8211; Small &amp; Sensitive<br \/>&#8211;\u00a0Universal<br \/>&#8211; White &amp; Pure<\/p>\n<p><span style=\"text-decoration: underline;\">Toediening:<\/span><\/p>\n<ol>\n<li>Reinig de vacht met warm water<\/li>\n<li>Breng de shampoo gelijkmatig aan over de natte vacht en masseer zachtjes in (De hoeveelheid shampoo is afhankelijk van de omvang en kwaliteit van de vacht)<\/li>\n<li>Shampoo gedurende 5 minuten in laten trekken. Spoel grondig uit.<\/li>\n<li>Afdrogen met een zachte handdoek of gebruik een f\u00f6hn<\/li>\n<\/ol>\n","protected":false},"excerpt":{"rendered":"<p>Bogacare Shampoos \u00a0Hond van het merk Bogar zijn speciaal ontwikkeld voor de verschillende huid- en vachttypen van de hond. Alle shampoos zijn ontwikkeld in samenwerking met dierenartsen en specialisten, vrij van siliconen en vrij van parabenen en hebben een pH-waarde die speciaal is aangepast aan de huid van de hond. De verschillende shampoos hebben allen [&hellip;]<\/p>\n","protected":false},"featured_media":118095,"comment_status":"open","ping_status":"closed","template":"","meta":{"_acf_changed":false,"_nl_post_content":"<p>Bogacare Shampoos \u00a0Hond van het merk Bogar zijn speciaal ontwikkeld voor de verschillende huid- en vachttypen van de hond. Alle shampoos zijn ontwikkeld in samenwerking met dierenartsen en specialisten, vrij van siliconen en vrij van parabenen en hebben een pH-waarde die speciaal is aangepast aan de huid van de hond. De verschillende shampoos hebben allen een unieke, hoogwaardige formule die zorgt voor een zachte en effectieve reiniging van huid en haar.<\/p>\n<p>Huid- en vachtverzorging voor honden is aanzienlijk meer gespecialiseerd dan men denkt. De anatomische verschillen tussen individuele hondenrassen zijn significant en dezelfde diversiteit geldt voor huid en jassen.<\/p>\n<p>De shampoo is verkrijgbaar in de volgende varianten:<br \/>- Small &amp; Sensitive<br \/>-\u00a0Universal<br \/>- White &amp; Pure<\/p>\n<p><span style=\"text-decoration: underline;\">Toediening:<\/span><\/p>\n<ol>\n<li>Reinig de vacht met warm water<\/li>\n<li>Breng de shampoo gelijkmatig aan over de natte vacht en masseer zachtjes in (De hoeveelheid shampoo is afhankelijk van de omvang en kwaliteit van de vacht)<\/li>\n<li>Shampoo gedurende 5 minuten in laten trekken. Spoel grondig uit.<\/li>\n<li>Afdrogen met een zachte handdoek of gebruik een f\u00f6hn<\/li>\n<\/ol>","_nl_post_name":"bogar-bogacare-shampoo-dog","_nl_post_excerpt":"","_nl_post_title":"Bogacare Shampoo | Hond","_en_post_content":"<p>Bogacare Shampoos Dog from Bogar are specially developed for the various skin and fur types of the dog. All shampoos are developed in collaboration with veterinarians and specialists, silicon and paraben-free. With pH-value specially adapted to the skin of dogs. The various shampoos all have a unique, high-quality formula that provides a gentle and effective cleansing of the skin and hair.<\/p>\n<p>Skin and coat care for dogs is considerably more specialized than one thinks. The anatomical differences between individual dog breeds are significant, and the same diversity applies to skin and coats.<\/p>\n<p>The shampoo is available in the following types:<br \/>- Small &amp; Sensitive<br \/>-\u00a0Universal<br \/>- White &amp; Pure<\/p>\n<p><span style=\"text-decoration: underline;\">Administration:<\/span><\/p>\n<ol>\n<li>Clean coat with warm water.<\/li>\n<li>Apply shampoo evenly to wet coat. The amount of shampoo depends on the size and coat quality.<\/li>\n<li>Massage in gently and leave to absorb for 5 minutes. Rinse coat thoroughly.<\/li>\n<li>Air-dry coat or rub dry with a soft towel.<\/li>\n<\/ol>","_en_post_name":"bogar-bogacare-shampoo-dog","_en_post_excerpt":"","_en_post_title":"Bogacare Shampoo | Dog","_de_post_content":"<p>Bogacare Shampoos Hund von Bogar sind speziell entwickelt f\u00fcr die verschiedenen Arten von Haut und Fell des Hundes. Alle Shampoos sind in Zusammenarbeit mit Tier\u00e4rzten und Spezialisten entwickelt und sind ohne Silikone und ohne Parabene. Speziell an die hundehaut angepasster pH-Wert. Die verschiedenen Shampoos haben alle eine einzigartige, hochwertige Formulierung, die eine sanfte und effektive Reinigung der Haut und Haar zur Verf\u00fcgung stellt.<\/p>\n<p>Die Pflege von Haut und Fell bei Hunden ist viel anspruchsvoller als man denkt. Die anatomischen Unterschiede zwischen den einzelnen Hunderassen sind Gro\u00df - und so verh\u00e4lt es sich auch mit Haut und Fell.<\/p>\n<p>Das Shampoo ist verf\u00fcgbar in den folgenden Varianten:<br \/>- Small &amp; Sensitive<br \/>-\u00a0Universal<br \/>- White &amp; Pure<\/p>\n<p><span style=\"text-decoration: underline;\">Anwendung:<\/span><\/p>\n<ol>\n<li>Fell mit warmem Wasser vorreinigen<\/li>\n<li>Shampoo auftragen und einmassieren, Shampoo Menge ist abh\u00e4ngig von Gr\u00f6\u00dfe und Fellqualit\u00e4t<\/li>\n<li>5 Min. einwirken lassen, aussp\u00fclen.<\/li>\n<li>Fell trocken f\u00f6hnen oder mit einem weichen Frotteetuch trocken reiben<\/li>\n<\/ol>","_de_post_name":"bogar-bogacare-shampoo-dog","_de_post_excerpt":"","_de_post_title":"Bogacare Shampoo | Hund","_fr_post_content":"<p>Bogacare Shampoos Hond van het merk Bogar zijn speciaal ontwikkeld voor de verschillende huid- en vachttypen van de hond. Alle shampoos zijn ontwikkeld in samenwerking met dierenartsen en specialisten, vrij van siliconen en vrij van parabenen en hebben een pH-waarde die speciaal is aangepast aan de huid van de hond. De verschillende shampoos hebben allen een unieke, hoogwaardige formule die zorgt voor een zachte en effectieve reiniging van huid en haar.<\/p>\r\n<p>Huid- en vachtverzorging voor honden is aanzienlijk meer gespecialiseerd dan men denkt. De anatomische verschillen tussen individuele hondenrassen zijn significant en dezelfde diversiteit geldt voor hun huid en vacht.<\/p>\r\n<p>De shampoo is verkrijgbaar in de volgende varianten:<br \/>-\u00a0\u00a0\u00a0\u00a0\u00a0\u00a0\u00a0\u00a0\u00a0 Bogacare Shampoo Small &amp; Sensitive Dog<br \/>-\u00a0\u00a0\u00a0\u00a0\u00a0\u00a0\u00a0\u00a0\u00a0 Bogacare Shampoo All Natural Dog<br \/>-\u00a0\u00a0\u00a0\u00a0\u00a0\u00a0\u00a0\u00a0\u00a0 Bogacare Shampoo Black &amp; Shiny Dog<br \/>-\u00a0\u00a0\u00a0\u00a0\u00a0\u00a0\u00a0\u00a0\u00a0 Bogacare Shampoo Oil &amp; Shiny Dog<\/p>\r\n<p><span style=\"text-decoration: underline;\">Toediening:<\/span><\/p>\r\n<ol>\r\n<li>Reinig de vacht met warm water<\/li>\r\n<li>Breng de shampoo gelijkmatig aan over de natte vacht en masseer zachtjes in (De hoeveelheid shampoo is afhankelijk van de omvang en kwaliteit van de vacht)<\/li>\r\n<li>Shampoo gedurende 5 minuten in laten trekken. Spoel grondig uit.<\/li>\r\n<li>Afdrogen met een zachte handdoek of gebruik een f\u00f6hn<\/li>\r\n<\/ol>","_fr_post_name":"bogar-bogacare-shampoo-dog","_fr_post_excerpt":"","_fr_post_title":"Bogacare Shampoo | Hond","_es_post_content":"<p>Los champ\u00fas para perros Bogacare de la marca Bogar han sido especialmente desarrollados para los diferentes tipos de piel y pelaje del perro. Todos los champ\u00fas est\u00e1n desarrollados en colaboraci\u00f3n con veterinarios y especialistas, libres de siliconas y libres de parabenos y tienen un valor de pH especialmente adaptado a la piel del perro. Todos los diferentes champ\u00fas tienen una f\u00f3rmula \u00fanica y de alta calidad que garantiza una limpieza suave y eficaz de la piel y el cabello.<\/p>\n<p>El cuidado de la piel y el pelaje de los perros es considerablemente m\u00e1s especializado de lo que se podr\u00eda pensar. Las diferencias anat\u00f3micas entre razas de perros individuales son significativas y la misma diversidad se aplica a su piel y pelaje.<\/p>\n<p><span style=\"text-decoration: underline;\">El champ\u00fa est\u00e1 disponible en las siguientes variantes:<\/span><\/p>\n<p>- Small &amp; Sensitive<br \/>-\u00a0Universal<br \/>- White &amp; Pure<\/p>\n<p><span style=\"text-decoration: underline;\">Administraci\u00f3n:<\/span><\/p>\n<ol>\n<li>Limpiar el pelaje con agua tibia<\/li>\n<li>Aplique el champ\u00fa de manera uniforme sobre el pelaje h\u00famedo y masajee suavemente (la cantidad de champ\u00fa depende del tama\u00f1o y la calidad del pelaje)<\/li>\n<li>Deja actuar el champ\u00fa durante 5 minutos. Enjuague bien.<\/li>\n<li>Seque con una toalla suave o use un secador de pelo.<\/li>\n<\/ol>","_es_post_name":"bogar-bogacare-champu-perros","_es_post_excerpt":"","_es_post_title":"Bogacare Champ\u00fa | Perros","edit_language":"nl"},"product_brand":[],"product_cat":[1861,2027,1117,1857,2125,1863],"product_tag":[],"class_list":{"0":"post-118096","1":"product","2":"type-product","3":"status-publish","4":"has-post-thumbnail","6":"product_cat-benodigdheden","7":"product_cat-bogacare","8":"product_cat-honden","9":"product_cat-merken","10":"product_cat-shampoos-en-conditioners","11":"product_cat-verzorging","12":"pa_aandoening-huid_vacht","13":"pa_doeldier-hond","14":"pa_fabricatieland-duitsland","15":"pa_fabricatieland-zwitserland","16":"pa_merkfilter-bogacare","17":"pa_merkgroep-bogar","18":"pa_productsoort-overig","19":"pa_seo_canonical_store_id-not_found_value","20":"pa_seo_category-not_found_value","21":"pa_seo_meta_robots-not_found_value","22":"pa_toedieningswijze-shampoo","23":"pa_werkzamestof-overig","25":"first","26":"instock","27":"taxable","28":"shipping-taxable","29":"product-type-grouped"},"yoast_head":"<!-- This site is optimized with the Yoast SEO plugin v27.5 - https:\/\/yoast.com\/product\/yoast-seo-wordpress\/ -->\n<title>Bogacare Shampoo Hond<\/title>\n<meta name=\"description\" content=\"Bogacare Shampoos Hond van Bogar zijn speciaal ontwikkeld voor de verschillende huid- en vachttypen van de hond. Verkrijgbaar in diverse varianten.\" \/>\n<meta name=\"robots\" content=\"index, follow, max-snippet:-1, max-image-preview:large, max-video-preview:-1\" \/>\n<link rel=\"canonical\" href=\"https:\/\/p4p-nl.bootmine.com\/%product-slug%\/bogar-bogacare-shampoo-dog\" \/>\n<meta property=\"og:locale\" content=\"nl_NL\" \/>\n<meta property=\"og:type\" content=\"article\" \/>\n<meta property=\"og:title\" content=\"Bogacare Shampoo Hond\" \/>\n<meta property=\"og:description\" content=\"Bogacare Shampoos Hond van Bogar zijn speciaal ontwikkeld voor de verschillende huid- en vachttypen van de hond. Verkrijgbaar in diverse varianten.\" \/>\n<meta property=\"og:url\" content=\"https:\/\/p4p-nl.bootmine.com\/%product-slug%\/bogar-bogacare-shampoo-dog\" \/>\n<meta property=\"og:site_name\" content=\"Pharmacy4pets\" \/>\n<meta property=\"article:publisher\" content=\"https:\/\/www.facebook.com\/people\/Pharmacy4petsnl\/100063484989896\/\" \/>\n<meta property=\"article:modified_time\" content=\"2026-03-25T11:57:20+00:00\" \/>\n<meta property=\"og:image\" content=\"https:\/\/p4p-nl.bootmine.com\/wp-content\/uploads\/2017\/07\/99257.jpg\" \/>\n\t<meta property=\"og:image:width\" content=\"310\" \/>\n\t<meta property=\"og:image:height\" content=\"310\" \/>\n\t<meta property=\"og:image:type\" content=\"image\/jpeg\" \/>\n<meta name=\"twitter:card\" content=\"summary_large_image\" \/>\n<meta name=\"twitter:label1\" content=\"Geschatte leestijd\" \/>\n\t<meta name=\"twitter:data1\" content=\"1 minuut\" \/>\n<script type=\"application\/ld+json\" class=\"yoast-schema-graph\">{\"@context\":\"https:\\\/\\\/schema.org\",\"@graph\":[{\"@type\":\"WebPage\",\"@id\":\"https:\\\/\\\/p4p-nl.bootmine.com\\\/%product-slug%\\\/bogar-bogacare-shampoo-dog\",\"url\":\"https:\\\/\\\/p4p-nl.bootmine.com\\\/%product-slug%\\\/bogar-bogacare-shampoo-dog\",\"name\":\"Bogacare Shampoo Hond\",\"isPartOf\":{\"@id\":\"http:\\\/\\\/www.pharmacy4pets.nl\\\/#website\"},\"primaryImageOfPage\":{\"@id\":\"https:\\\/\\\/p4p-nl.bootmine.com\\\/%product-slug%\\\/bogar-bogacare-shampoo-dog#primaryimage\"},\"image\":{\"@id\":\"https:\\\/\\\/p4p-nl.bootmine.com\\\/%product-slug%\\\/bogar-bogacare-shampoo-dog#primaryimage\"},\"thumbnailUrl\":\"https:\\\/\\\/www.pharmacy4pets.nl\\\/wp-content\\\/uploads\\\/2017\\\/07\\\/99257.jpg\",\"datePublished\":\"2017-07-10T15:36:04+00:00\",\"dateModified\":\"2026-03-25T11:57:20+00:00\",\"description\":\"Bogacare Shampoos Hond van Bogar zijn speciaal ontwikkeld voor de verschillende huid- en vachttypen van de hond. Verkrijgbaar in diverse varianten.\",\"breadcrumb\":{\"@id\":\"https:\\\/\\\/p4p-nl.bootmine.com\\\/%product-slug%\\\/bogar-bogacare-shampoo-dog#breadcrumb\"},\"inLanguage\":\"nl-NL\",\"potentialAction\":[{\"@type\":\"ReadAction\",\"target\":[\"https:\\\/\\\/p4p-nl.bootmine.com\\\/%product-slug%\\\/bogar-bogacare-shampoo-dog\"]}]},{\"@type\":\"ImageObject\",\"inLanguage\":\"nl-NL\",\"@id\":\"https:\\\/\\\/p4p-nl.bootmine.com\\\/%product-slug%\\\/bogar-bogacare-shampoo-dog#primaryimage\",\"url\":\"https:\\\/\\\/www.pharmacy4pets.nl\\\/wp-content\\\/uploads\\\/2017\\\/07\\\/99257.jpg\",\"contentUrl\":\"https:\\\/\\\/www.pharmacy4pets.nl\\\/wp-content\\\/uploads\\\/2017\\\/07\\\/99257.jpg\",\"width\":310,\"height\":310,\"caption\":\"Bogacare\"},{\"@type\":\"BreadcrumbList\",\"@id\":\"https:\\\/\\\/p4p-nl.bootmine.com\\\/%product-slug%\\\/bogar-bogacare-shampoo-dog#breadcrumb\",\"itemListElement\":[{\"@type\":\"ListItem\",\"position\":1,\"name\":\"Home\",\"item\":\"https:\\\/\\\/p4p-nl.bootmine.com\\\/\"},{\"@type\":\"ListItem\",\"position\":2,\"name\":\"Winkel\",\"item\":\"https:\\\/\\\/p4p-nl.bootmine.com\\\/winkel\"},{\"@type\":\"ListItem\",\"position\":3,\"name\":\"Bogacare Shampoo | Hond\"}]},{\"@type\":\"WebSite\",\"@id\":\"http:\\\/\\\/www.pharmacy4pets.nl\\\/#website\",\"url\":\"http:\\\/\\\/www.pharmacy4pets.nl\\\/\",\"name\":\"Pharmacy4pets\",\"description\":\"Pharmacy4pets.nl is d\u00e9 online apotheek waar u terecht kunt voor alle diergeneesmiddelen, verzorgingsproducten en dieetvoeding voor uw huisdier.\",\"publisher\":{\"@id\":\"http:\\\/\\\/www.pharmacy4pets.nl\\\/#organization\"},\"potentialAction\":[{\"@type\":\"SearchAction\",\"target\":{\"@type\":\"EntryPoint\",\"urlTemplate\":\"http:\\\/\\\/www.pharmacy4pets.nl\\\/?s={search_term_string}\"},\"query-input\":{\"@type\":\"PropertyValueSpecification\",\"valueRequired\":true,\"valueName\":\"search_term_string\"}}],\"inLanguage\":\"nl-NL\"},{\"@type\":\"Organization\",\"@id\":\"http:\\\/\\\/www.pharmacy4pets.nl\\\/#organization\",\"name\":\"Pharmacy4pets\",\"url\":\"http:\\\/\\\/www.pharmacy4pets.nl\\\/\",\"logo\":{\"@type\":\"ImageObject\",\"inLanguage\":\"nl-NL\",\"@id\":\"http:\\\/\\\/www.pharmacy4pets.nl\\\/#\\\/schema\\\/logo\\\/image\\\/\",\"url\":\"https:\\\/\\\/p4p-nl.bootmine.com\\\/wp-content\\\/uploads\\\/2026\\\/03\\\/logo-pharmacy4pets.png\",\"contentUrl\":\"https:\\\/\\\/p4p-nl.bootmine.com\\\/wp-content\\\/uploads\\\/2026\\\/03\\\/logo-pharmacy4pets.png\",\"width\":1024,\"height\":135,\"caption\":\"Pharmacy4pets\"},\"image\":{\"@id\":\"http:\\\/\\\/www.pharmacy4pets.nl\\\/#\\\/schema\\\/logo\\\/image\\\/\"},\"sameAs\":[\"https:\\\/\\\/www.facebook.com\\\/people\\\/Pharmacy4petsnl\\\/100063484989896\\\/\",\"https:\\\/\\\/www.youtube.com\\\/channel\\\/UCGPTIgucgli03tP2_kvLkHg\\\/featured\",\"https:\\\/\\\/www.instagram.com\\\/pharmacy4pets.nl\"]}]}<\/script>\n<!-- \/ Yoast SEO plugin. -->","yoast_head_json":{"title":"Bogacare Shampoo Hond","description":"Bogacare Shampoos Hond van Bogar zijn speciaal ontwikkeld voor de verschillende huid- en vachttypen van de hond. Verkrijgbaar in diverse varianten.","robots":{"index":"index","follow":"follow","max-snippet":"max-snippet:-1","max-image-preview":"max-image-preview:large","max-video-preview":"max-video-preview:-1"},"canonical":"https:\/\/p4p-nl.bootmine.com\/%product-slug%\/bogar-bogacare-shampoo-dog","og_locale":"nl_NL","og_type":"article","og_title":"Bogacare Shampoo Hond","og_description":"Bogacare Shampoos Hond van Bogar zijn speciaal ontwikkeld voor de verschillende huid- en vachttypen van de hond. Verkrijgbaar in diverse varianten.","og_url":"https:\/\/p4p-nl.bootmine.com\/%product-slug%\/bogar-bogacare-shampoo-dog","og_site_name":"Pharmacy4pets","article_publisher":"https:\/\/www.facebook.com\/people\/Pharmacy4petsnl\/100063484989896\/","article_modified_time":"2026-03-25T11:57:20+00:00","og_image":[{"width":310,"height":310,"url":"https:\/\/p4p-nl.bootmine.com\/wp-content\/uploads\/2017\/07\/99257.jpg","type":"image\/jpeg"}],"twitter_card":"summary_large_image","twitter_misc":{"Geschatte leestijd":"1 minuut"},"schema":{"@context":"https:\/\/schema.org","@graph":[{"@type":"WebPage","@id":"https:\/\/p4p-nl.bootmine.com\/%product-slug%\/bogar-bogacare-shampoo-dog","url":"https:\/\/p4p-nl.bootmine.com\/%product-slug%\/bogar-bogacare-shampoo-dog","name":"Bogacare Shampoo Hond","isPartOf":{"@id":"http:\/\/www.pharmacy4pets.nl\/#website"},"primaryImageOfPage":{"@id":"https:\/\/p4p-nl.bootmine.com\/%product-slug%\/bogar-bogacare-shampoo-dog#primaryimage"},"image":{"@id":"https:\/\/p4p-nl.bootmine.com\/%product-slug%\/bogar-bogacare-shampoo-dog#primaryimage"},"thumbnailUrl":"https:\/\/www.pharmacy4pets.nl\/wp-content\/uploads\/2017\/07\/99257.jpg","datePublished":"2017-07-10T15:36:04+00:00","dateModified":"2026-03-25T11:57:20+00:00","description":"Bogacare Shampoos Hond van Bogar zijn speciaal ontwikkeld voor de verschillende huid- en vachttypen van de hond. Verkrijgbaar in diverse varianten.","breadcrumb":{"@id":"https:\/\/p4p-nl.bootmine.com\/%product-slug%\/bogar-bogacare-shampoo-dog#breadcrumb"},"inLanguage":"nl-NL","potentialAction":[{"@type":"ReadAction","target":["https:\/\/p4p-nl.bootmine.com\/%product-slug%\/bogar-bogacare-shampoo-dog"]}]},{"@type":"ImageObject","inLanguage":"nl-NL","@id":"https:\/\/p4p-nl.bootmine.com\/%product-slug%\/bogar-bogacare-shampoo-dog#primaryimage","url":"https:\/\/www.pharmacy4pets.nl\/wp-content\/uploads\/2017\/07\/99257.jpg","contentUrl":"https:\/\/www.pharmacy4pets.nl\/wp-content\/uploads\/2017\/07\/99257.jpg","width":310,"height":310,"caption":"Bogacare"},{"@type":"BreadcrumbList","@id":"https:\/\/p4p-nl.bootmine.com\/%product-slug%\/bogar-bogacare-shampoo-dog#breadcrumb","itemListElement":[{"@type":"ListItem","position":1,"name":"Home","item":"https:\/\/p4p-nl.bootmine.com\/"},{"@type":"ListItem","position":2,"name":"Winkel","item":"https:\/\/p4p-nl.bootmine.com\/winkel"},{"@type":"ListItem","position":3,"name":"Bogacare Shampoo | Hond"}]},{"@type":"WebSite","@id":"http:\/\/www.pharmacy4pets.nl\/#website","url":"http:\/\/www.pharmacy4pets.nl\/","name":"Pharmacy4pets","description":"Pharmacy4pets.nl is d\u00e9 online apotheek waar u terecht kunt voor alle diergeneesmiddelen, verzorgingsproducten en dieetvoeding voor uw huisdier.","publisher":{"@id":"http:\/\/www.pharmacy4pets.nl\/#organization"},"potentialAction":[{"@type":"SearchAction","target":{"@type":"EntryPoint","urlTemplate":"http:\/\/www.pharmacy4pets.nl\/?s={search_term_string}"},"query-input":{"@type":"PropertyValueSpecification","valueRequired":true,"valueName":"search_term_string"}}],"inLanguage":"nl-NL"},{"@type":"Organization","@id":"http:\/\/www.pharmacy4pets.nl\/#organization","name":"Pharmacy4pets","url":"http:\/\/www.pharmacy4pets.nl\/","logo":{"@type":"ImageObject","inLanguage":"nl-NL","@id":"http:\/\/www.pharmacy4pets.nl\/#\/schema\/logo\/image\/","url":"https:\/\/p4p-nl.bootmine.com\/wp-content\/uploads\/2026\/03\/logo-pharmacy4pets.png","contentUrl":"https:\/\/p4p-nl.bootmine.com\/wp-content\/uploads\/2026\/03\/logo-pharmacy4pets.png","width":1024,"height":135,"caption":"Pharmacy4pets"},"image":{"@id":"http:\/\/www.pharmacy4pets.nl\/#\/schema\/logo\/image\/"},"sameAs":["https:\/\/www.facebook.com\/people\/Pharmacy4petsnl\/100063484989896\/","https:\/\/www.youtube.com\/channel\/UCGPTIgucgli03tP2_kvLkHg\/featured","https:\/\/www.instagram.com\/pharmacy4pets.nl"]}]}},"market_data":{"nl":{"price":0,"sale_price":0,"active":false,"url":null,"parent_url":"","tax_rate":0,"price_inc_tax":0,"sale_price_inc_tax":0},"de":{"price":0,"sale_price":0,"active":false,"url":null,"parent_url":"","tax_rate":0,"price_inc_tax":0,"sale_price_inc_tax":0},"be":{"price":0,"sale_price":0,"active":false,"url":null,"parent_url":"","tax_rate":0,"price_inc_tax":0,"sale_price_inc_tax":0},"fr":{"price":0,"sale_price":0,"active":false,"url":null,"parent_url":"","tax_rate":0,"price_inc_tax":0,"sale_price_inc_tax":0},"ch":{"price":0,"sale_price":0,"active":false,"url":null,"parent_url":"","tax_rate":0,"price_inc_tax":0,"sale_price_inc_tax":0},"at":{"price":0,"sale_price":0,"active":false,"url":null,"parent_url":"","tax_rate":0,"price_inc_tax":0,"sale_price_inc_tax":0},"es":{"price":0,"sale_price":0,"active":false,"url":null,"parent_url":"","tax_rate":0,"price_inc_tax":0,"sale_price_inc_tax":0},"dk":{"price":0,"sale_price":0,"active":false,"url":null,"parent_url":"","tax_rate":0,"price_inc_tax":0,"sale_price_inc_tax":0},"com":{"price":0,"sale_price":0,"active":false,"url":null,"parent_url":"","tax_rate":0,"price_inc_tax":0,"sale_price_inc_tax":0}},"market_nl_price":0,"market_nl_sale_price":0,"market_nl_active":false,"market_nl_url":null,"market_nl_parent_url":"","market_nl_tax_rate":0,"market_nl_price_inc_tax":0,"market_nl_sale_price_inc_tax":0,"market_de_price":0,"market_de_sale_price":0,"market_de_active":false,"market_de_url":null,"market_de_parent_url":"","market_de_tax_rate":0,"market_de_price_inc_tax":0,"market_de_sale_price_inc_tax":0,"market_be_price":0,"market_be_sale_price":0,"market_be_active":false,"market_be_url":null,"market_be_parent_url":"","market_be_tax_rate":0,"market_be_price_inc_tax":0,"market_be_sale_price_inc_tax":0,"market_fr_price":0,"market_fr_sale_price":0,"market_fr_active":false,"market_fr_url":null,"market_fr_parent_url":"","market_fr_tax_rate":0,"market_fr_price_inc_tax":0,"market_fr_sale_price_inc_tax":0,"market_ch_price":0,"market_ch_sale_price":0,"market_ch_active":false,"market_ch_url":null,"market_ch_parent_url":"","market_ch_tax_rate":0,"market_ch_price_inc_tax":0,"market_ch_sale_price_inc_tax":0,"market_at_price":0,"market_at_sale_price":0,"market_at_active":false,"market_at_url":null,"market_at_parent_url":"","market_at_tax_rate":0,"market_at_price_inc_tax":0,"market_at_sale_price_inc_tax":0,"market_es_price":0,"market_es_sale_price":0,"market_es_active":false,"market_es_url":null,"market_es_parent_url":"","market_es_tax_rate":0,"market_es_price_inc_tax":0,"market_es_sale_price_inc_tax":0,"market_dk_price":0,"market_dk_sale_price":0,"market_dk_active":false,"market_dk_url":null,"market_dk_parent_url":"","market_dk_tax_rate":0,"market_dk_price_inc_tax":0,"market_dk_sale_price_inc_tax":0,"market_com_price":0,"market_com_sale_price":0,"market_com_active":false,"market_com_url":null,"market_com_parent_url":"","market_com_tax_rate":0,"market_com_price_inc_tax":0,"market_com_sale_price_inc_tax":0,"acf":[],"_links":{"self":[{"href":"https:\/\/www.pharmacy4pets.nl\/be\/wp-json\/wp\/v2\/product\/118096","targetHints":{"allow":["GET"]}}],"collection":[{"href":"https:\/\/www.pharmacy4pets.nl\/be\/wp-json\/wp\/v2\/product"}],"about":[{"href":"https:\/\/www.pharmacy4pets.nl\/be\/wp-json\/wp\/v2\/types\/product"}],"replies":[{"embeddable":true,"href":"https:\/\/www.pharmacy4pets.nl\/be\/wp-json\/wp\/v2\/comments?post=118096"}],"wp:featuredmedia":[{"embeddable":true,"href":"https:\/\/www.pharmacy4pets.nl\/be\/wp-json\/wp\/v2\/media\/118095"}],"wp:attachment":[{"href":"https:\/\/www.pharmacy4pets.nl\/be\/wp-json\/wp\/v2\/media?parent=118096"}],"wp:term":[{"taxonomy":"product_brand","embeddable":true,"href":"https:\/\/www.pharmacy4pets.nl\/be\/wp-json\/wp\/v2\/product_brand?post=118096"},{"taxonomy":"product_cat","embeddable":true,"href":"https:\/\/www.pharmacy4pets.nl\/be\/wp-json\/wp\/v2\/product_cat?post=118096"},{"taxonomy":"product_tag","embeddable":true,"href":"https:\/\/www.pharmacy4pets.nl\/be\/wp-json\/wp\/v2\/product_tag?post=118096"}],"curies":[{"name":"wp","href":"https:\/\/api.w.org\/{rel}","templated":true}]}}