{"id":118088,"date":"2017-07-10T14:51:03","date_gmt":"2017-07-10T14:51:03","guid":{"rendered":"https:\/\/p4p.test\/bogar-bogacare-shampoo-small-sensitive-dog-250-ml"},"modified":"2026-03-25T11:57:19","modified_gmt":"2026-03-25T11:57:19","slug":"bogar-bogacare-shampoo-small-sensitive-dog-250-ml","status":"publish","type":"product","link":"https:\/\/www.pharmacy4pets.nl\/be\/bogar-bogacare-shampoo-small-sensitive-dog-250-ml","title":{"rendered":"Bogacare Shampoo Small &#038; Sensitive | Hond | 250 ml"},"content":{"rendered":"<p>Bogacare Small &amp; Sensitive Dog Shampoo van Bogar is een milde shampoo speciaal ontwikkeld voor puppy&#8217;s en kleine honden met fijn haar en een gevoelige huid. De hoogwaardige formule reinigt zacht en effectief de huid en het haar. Deze hydraterende shampoo is geschikt voor puppy&#8217;s vanaf 2 weken en kleine honden zoals chihuahua&#8217;s, papillons, pekinees, etc.<\/p>\n<p>Ontwikkeld in samenwerking met dierenartsen en specialisten. Bevat geen siliconen of parabenen. Met een pH-waarde die speciaal is aangepast aan de huid van honden.<\/p>\n<p>Hoogwaardige formulering met kalmerende hooibloemen, herstellende calendula, voedende pro-vitamine B5 (panthenol) en vitamine E.<\/p>\n<p><span style=\"text-decoration: underline;\">Toediening:<\/span><\/p>\n<ol>\n<li>Maak de huid nat met warm water<\/li>\n<li>Verdeel de shampoo gelijkmatig over de vochtige vacht en masseer zachtjes in. (de hoeveelheid shampoo is afhankelijk van de grootte en kwaliteit van de vacht)<\/li>\n<li>Even laten intrekken, shampoo goed uitspoelen<\/li>\n<li>Droog af met een zachte handdoek of gebruik een f\u00f6hn<\/li>\n<\/ol>\n<p><span style=\"text-decoration: underline;\">Dosis:<\/span><br \/>&#8211;<\/p>\n","protected":false},"excerpt":{"rendered":"<p>Bogacare Small &amp; Sensitive Dog Shampoo van Bogar is een milde shampoo speciaal ontwikkeld voor puppy&#8217;s en kleine honden met fijn haar en een gevoelige huid. De hoogwaardige formule reinigt zacht en effectief de huid en het haar. Deze hydraterende shampoo is geschikt voor puppy&#8217;s vanaf 2 weken en kleine honden zoals chihuahua&#8217;s, papillons, pekinees, [&hellip;]<\/p>\n","protected":false},"featured_media":118085,"comment_status":"open","ping_status":"closed","template":"","meta":{"_acf_changed":false,"_nl_post_content":"<p>Bogacare Small &amp; Sensitive Dog Shampoo van Bogar is een milde shampoo speciaal ontwikkeld voor puppy's en kleine honden met fijn haar en een gevoelige huid. De hoogwaardige formule reinigt zacht en effectief de huid en het haar. Deze hydraterende shampoo is geschikt voor puppy's vanaf 2 weken en kleine honden zoals chihuahua's, papillons, pekinees, etc.<\/p>\r\n<p>Ontwikkeld in samenwerking met dierenartsen en specialisten. Bevat geen siliconen of parabenen. Met een pH-waarde die speciaal is aangepast aan de huid van honden.<\/p>\r\n<p>Hoogwaardige formulering met kalmerende hooibloemen, herstellende calendula, voedende pro-vitamine B5 (panthenol) en vitamine E.<\/p>\r\n<p><span style=\"text-decoration: underline;\">Toediening:<\/span><\/p>\r\n<ol>\r\n<li>Maak de huid nat met warm water<\/li>\r\n<li>Verdeel de shampoo gelijkmatig over de vochtige vacht en masseer zachtjes in. (de hoeveelheid shampoo is afhankelijk van de grootte en kwaliteit van de vacht)<\/li>\r\n<li>Even laten intrekken, shampoo goed uitspoelen<\/li>\r\n<li>Droog af met een zachte handdoek of gebruik een f\u00f6hn<\/li>\r\n<\/ol>\r\n<p><span style=\"text-decoration: underline;\">Dosis:<\/span><br \/>-<\/p>","_nl_post_name":"bogar-bogacare-shampoo-small-sensitive-dog-250-ml","_nl_post_excerpt":"","_nl_post_title":"Bogacare Shampoo Small & Sensitive | Hond | 250 ml","_en_post_content":"<p>Bogacare Shampoo Small &amp; Sensitive Dog form Bogar is an extra-mild shampoo for small dogs and puppies with particularly fine hair and sensitive skin. The high-quality formulation cleans hair and skin gently and effectively. This moisturizing shampoo is ideally suited to puppies over 2 weeks old and small breeds such as Chihuahua, Papillon, Pekingese and so on.<\/p>\r\n<p>Developed by veterinarians and specialists, silicon and paraben-free. With pH-value specially adapted to the skin of dogs.<\/p>\r\n<p>Made with soothing hay flower, regenerating calendula, conditioning provitamin B5 (panthenol) and vitamin E.<\/p>\r\n<p><span style=\"text-decoration: underline;\">Administration:<\/span><\/p>\r\n<ol>\r\n<li>Apply shampoo evenly to wet coat, avoiding eye and mouth area. The amount of shampoo depends on the size and coat quality.<\/li>\r\n<li>Massage in gently and leave to absorb for 5 minutes.<\/li>\r\n<li>Rinse coat thoroughly.<\/li>\r\n<li>Air-dry coat or rub dry with a soft towel.<\/li>\r\n<\/ol>\r\n<p><span style=\"text-decoration: underline;\">Dosage:<br \/><\/span>-<\/p>","_en_post_name":"bogar-bogacare-shampoo-small-sensitive-dog-250-ml","_en_post_excerpt":"","_en_post_title":"Bogacare Shampoo Small & Sensitive | Dog | 250 ml","_de_post_content":"<p>Bogacare Shampoo Small &amp; Sensitive Hund von Bogar ist ein extra mildes Shampoo f\u00fcr Mini-Hunde und Welpen mit besonders feinem Haar und sensibler Haut. Die hochwertige Formulierung reinigt sanft und effektiv Haut und Haar. Dieses feuchtigkeitsspendende Shampoo ist bestens geeignet f\u00fcr Welpen ab 2 Wochen und kleine Hunderassen wie Chihuahua, Papillon, Pekinese, usw.<\/p>\r\n<p>Entwickelt von Tier\u00e4rzten und Spezialisten, ohne Silikone und ohne Parabene. Speziell an die hundehaut angepasster pH-Wert.<\/p>\r\n<p>Produktdetails:<br \/>-\u00a0\u00a0\u00a0\u00a0\u00a0\u00a0\u00a0\u00a0\u00a0 Mit beruhigenden Heublumen und regenerierendem Calendula<br \/>-\u00a0\u00a0\u00a0\u00a0\u00a0\u00a0\u00a0\u00a0\u00a0 Mit Provitamin B5 (Panthenol), pflegt Haut und Haar<br \/>-\u00a0\u00a0\u00a0\u00a0\u00a0\u00a0\u00a0\u00a0\u00a0 Mit Vitamin E, sch\u00fctzt die Haut vor sch\u00e4digenden Einfl\u00fcssen<\/p>\r\n<p><span style=\"text-decoration: underline;\">Anwendung:<\/span><\/p>\r\n<ol>\r\n<li>Fell mit warmem Wasser vorreinigen<\/li>\r\n<li>Shampoo auftragen und einmassieren (Shampoo Menge ist abh\u00e4ngig von Gr\u00f6\u00dfe und Fellqualit\u00e4t)<\/li>\r\n<li>Kurz einwirken lassen, aussp\u00fclen und je nach Bedarf erneut shampoonieren<\/li>\r\n<li>Fell trocken f\u00f6hnen oder mit einem weichen Frotteetuch trocken reiben<\/li>\r\n<\/ol>\r\n<p><span style=\"text-decoration-line: underline;\">Dosierung:<br \/><\/span>-<\/p>","_de_post_name":"bogar-bogacare-shampoo-small-sensitive-dog-250-ml","_de_post_excerpt":"","_de_post_title":"Bogacare Shampoo Small & Sensitive | Hund | 250 ml","_fr_post_content":"<p>Bogacare Small &amp; Sensitive Dog Shampoo van Bogar is een milde shampoo speciaal ontwikkeld voor puppy's en kleine honden met fijn haar en een gevoelige huid. De hoogwaardige formule reinigt zacht en effectief de huid en het haar. Deze hydraterende shampoo is geschikt voor puppy's vanaf 2 weken en kleine honden zoals chihuahua's, papillons, pekinees, etc.<\/p>\r\n<p>Ontwikkeld in samenwerking met dierenartsen en specialisten. Bevat geen siliconen of parabenen. Met een pH-waarde die speciaal is aangepast aan de huid van honden.<\/p>\r\n<p>Hoogwaardige formulering met kalmerende hooibloemen, herstellende calendula, voedende pro-vitamine B5 (panthenol) en vitamine E.<\/p>\r\n<p><span style=\"text-decoration: underline;\">Toediening:<\/span><\/p>\r\n<ol>\r\n<li>Maak de huid nat met warm water<\/li>\r\n<li>Verdeel de shampoo gelijkmatig over de vochtige vacht en masseer zachtjes in. (de hoeveelheid shampoo is afhankelijk van de grootte en kwaliteit van de vacht)<\/li>\r\n<li>Even laten intrekken, shampoo goed uitspoelen<\/li>\r\n<li>Droog af met een zachte handdoek of gebruik een f\u00f6hn<\/li>\r\n<\/ol>\r\n<p><span style=\"text-decoration: underline;\">Dosis:<\/span><br \/>-<\/p>","_fr_post_name":"bogar-bogacare-shampoo-small-sensitive-hond","_fr_post_excerpt":"","_fr_post_title":"Bogacare Shampoo Small & Sensitive | Hond | 250 ml","_es_post_content":"<p>Bogacare Champ\u00fa Small &amp; Sensitive perros de Bogar es un champ\u00fa suave especialmente desarrollado para cachorros y perros peque\u00f1os con pelo fino y piel sensible. La f\u00f3rmula de alta calidad limpia suave y eficazmente la piel y el cabello. Este champ\u00fa hidratante es adecuado para cachorros a partir de 2 semanas y perros peque\u00f1os como chihuahuas, papillons, pequin\u00e9s, etc.<\/p>\r\n<p>Desarrollado en colaboraci\u00f3n con veterinarios y especialistas. No contiene siliconas ni parabenos. Con un valor de pH especialmente adaptado a la piel de los perros.<\/p>\r\n<p>Formulaci\u00f3n de alta calidad con flores de heno calmantes, cal\u00e9ndula reparadora, provitamina B5 nutritiva (pantenol) y vitamina E.<\/p>\r\n<p><span style=\"text-decoration: underline;\">Administraci\u00f3n:<\/span><\/p>\r\n<ol>\r\n<li>Mojar la piel con agua tibia<\/li>\r\n<li>Distribuya el champ\u00fa uniformemente sobre el pelaje h\u00famedo y masajee suavemente. (la cantidad de shampoo depende del tama\u00f1o y calidad del pelaje)<\/li>\r\n<li>Deje que se absorba brevemente, enjuague bien el champ\u00fa<\/li>\r\n<li>Seque con una toalla suave o use un secador de pelo<\/li>\r\n<\/ol>\r\n<p><span style=\"text-decoration: underline;\">Dosis:<\/span><br \/>-<\/p>","_es_post_name":"bogar-bogacare-champu-small-sensitive-perros","_es_post_excerpt":"","_es_post_title":"Bogacare Champ\u00fa Small & Sensitive | Perros | 250 ml","edit_language":"nl"},"product_brand":[],"product_cat":[1861,2027,1117,1857,1863],"product_tag":[],"class_list":{"0":"post-118088","1":"product","2":"type-product","3":"status-publish","4":"has-post-thumbnail","6":"product_cat-benodigdheden","7":"product_cat-bogacare","8":"product_cat-honden","9":"product_cat-merken","10":"product_cat-verzorging","11":"pa_aandoening-huid_vacht","12":"pa_doeldier-hond","13":"pa_fabricatieland-zwitserland","14":"pa_merkfilter-bogacare","15":"pa_merkgroep-bogar","16":"pa_productsoort-overig","17":"pa_seo_canonical_store_id-not_found_value","18":"pa_seo_category-not_found_value","19":"pa_seo_meta_robots-not_found_value","20":"pa_toedieningswijze-shampoo","21":"pa_unit_pricing_base_measure-100ml","22":"pa_unit_pricing_measure-250ml","23":"pa_werkzamestof-overig","25":"first","26":"instock","27":"taxable","28":"shipping-taxable","29":"purchasable","30":"product-type-simple"},"yoast_head":"<!-- This site is optimized with the Yoast SEO plugin v27.5 - https:\/\/yoast.com\/product\/yoast-seo-wordpress\/ -->\n<title>Bogacare Shampoo Small &amp; Sensitive Hond 250 ml<\/title>\n<meta name=\"description\" content=\"Bogacare Shampoo Small &amp; Sensitive Hond van Bogar is een milde shampoo speciaal ontwikkeld voor puppy\u2019s en kleine honden met fijn haar en een gevoelige huid.\" \/>\n<meta name=\"robots\" content=\"index, follow, max-snippet:-1, max-image-preview:large, max-video-preview:-1\" \/>\n<link rel=\"canonical\" href=\"https:\/\/www.pharmacy4pets.nl\/bogar-bogacare-shampoo-small-sensitive-dog-250-ml\" \/>\n<meta property=\"og:locale\" content=\"nl_NL\" \/>\n<meta property=\"og:type\" content=\"article\" \/>\n<meta property=\"og:title\" content=\"Bogacare Shampoo Small &amp; Sensitive Hond 250 ml\" \/>\n<meta property=\"og:description\" content=\"Bogacare Shampoo Small &amp; Sensitive Hond van Bogar is een milde shampoo speciaal ontwikkeld voor puppy\u2019s en kleine honden met fijn haar en een gevoelige huid.\" \/>\n<meta property=\"og:url\" content=\"https:\/\/www.pharmacy4pets.nl\/bogar-bogacare-shampoo-small-sensitive-dog-250-ml\" \/>\n<meta property=\"og:site_name\" content=\"Pharmacy4pets\" \/>\n<meta property=\"article:publisher\" content=\"https:\/\/www.facebook.com\/people\/Pharmacy4petsnl\/100063484989896\/\" \/>\n<meta property=\"article:modified_time\" content=\"2026-03-25T11:57:19+00:00\" \/>\n<meta property=\"og:image\" content=\"https:\/\/www.pharmacy4pets.nl\/wp-content\/uploads\/2017\/07\/23583_1.jpg\" \/>\n\t<meta property=\"og:image:width\" content=\"600\" \/>\n\t<meta property=\"og:image:height\" content=\"600\" \/>\n\t<meta property=\"og:image:type\" content=\"image\/jpeg\" \/>\n<meta name=\"twitter:card\" content=\"summary_large_image\" \/>\n<meta name=\"twitter:label1\" content=\"Geschatte leestijd\" \/>\n\t<meta name=\"twitter:data1\" content=\"1 minuut\" \/>\n<script type=\"application\/ld+json\" class=\"yoast-schema-graph\">{\"@context\":\"https:\\\/\\\/schema.org\",\"@graph\":[{\"@type\":\"WebPage\",\"@id\":\"https:\\\/\\\/www.pharmacy4pets.nl\\\/bogar-bogacare-shampoo-small-sensitive-dog-250-ml\",\"url\":\"https:\\\/\\\/www.pharmacy4pets.nl\\\/bogar-bogacare-shampoo-small-sensitive-dog-250-ml\",\"name\":\"Bogacare Shampoo Small & Sensitive Hond 250 ml\",\"isPartOf\":{\"@id\":\"http:\\\/\\\/www.pharmacy4pets.nl\\\/#website\"},\"primaryImageOfPage\":{\"@id\":\"https:\\\/\\\/www.pharmacy4pets.nl\\\/bogar-bogacare-shampoo-small-sensitive-dog-250-ml#primaryimage\"},\"image\":{\"@id\":\"https:\\\/\\\/www.pharmacy4pets.nl\\\/bogar-bogacare-shampoo-small-sensitive-dog-250-ml#primaryimage\"},\"thumbnailUrl\":\"https:\\\/\\\/www.pharmacy4pets.nl\\\/wp-content\\\/uploads\\\/2017\\\/07\\\/23583_1.jpg\",\"datePublished\":\"2017-07-10T14:51:03+00:00\",\"dateModified\":\"2026-03-25T11:57:19+00:00\",\"description\":\"Bogacare Shampoo Small & Sensitive Hond van Bogar is een milde shampoo speciaal ontwikkeld voor puppy\u2019s en kleine honden met fijn haar en een gevoelige huid.\",\"breadcrumb\":{\"@id\":\"https:\\\/\\\/www.pharmacy4pets.nl\\\/bogar-bogacare-shampoo-small-sensitive-dog-250-ml#breadcrumb\"},\"inLanguage\":\"nl-NL\",\"potentialAction\":[{\"@type\":\"ReadAction\",\"target\":[\"https:\\\/\\\/www.pharmacy4pets.nl\\\/bogar-bogacare-shampoo-small-sensitive-dog-250-ml\"]}]},{\"@type\":\"ImageObject\",\"inLanguage\":\"nl-NL\",\"@id\":\"https:\\\/\\\/www.pharmacy4pets.nl\\\/bogar-bogacare-shampoo-small-sensitive-dog-250-ml#primaryimage\",\"url\":\"https:\\\/\\\/www.pharmacy4pets.nl\\\/wp-content\\\/uploads\\\/2017\\\/07\\\/23583_1.jpg\",\"contentUrl\":\"https:\\\/\\\/www.pharmacy4pets.nl\\\/wp-content\\\/uploads\\\/2017\\\/07\\\/23583_1.jpg\",\"width\":600,\"height\":600,\"caption\":\"Bogacare\"},{\"@type\":\"BreadcrumbList\",\"@id\":\"https:\\\/\\\/www.pharmacy4pets.nl\\\/bogar-bogacare-shampoo-small-sensitive-dog-250-ml#breadcrumb\",\"itemListElement\":[{\"@type\":\"ListItem\",\"position\":1,\"name\":\"Home\",\"item\":\"https:\\\/\\\/p4p-nl.bootmine.com\\\/\"},{\"@type\":\"ListItem\",\"position\":2,\"name\":\"Winkel\",\"item\":\"https:\\\/\\\/p4p-nl.bootmine.com\\\/winkel\"},{\"@type\":\"ListItem\",\"position\":3,\"name\":\"Bogacare Shampoo Small &#038; Sensitive | Hond | 250 ml\"}]},{\"@type\":\"WebSite\",\"@id\":\"http:\\\/\\\/www.pharmacy4pets.nl\\\/#website\",\"url\":\"http:\\\/\\\/www.pharmacy4pets.nl\\\/\",\"name\":\"Pharmacy4pets\",\"description\":\"Pharmacy4pets.nl is d\u00e9 online apotheek waar u terecht kunt voor alle diergeneesmiddelen, verzorgingsproducten en dieetvoeding voor uw huisdier.\",\"publisher\":{\"@id\":\"http:\\\/\\\/www.pharmacy4pets.nl\\\/#organization\"},\"potentialAction\":[{\"@type\":\"SearchAction\",\"target\":{\"@type\":\"EntryPoint\",\"urlTemplate\":\"http:\\\/\\\/www.pharmacy4pets.nl\\\/?s={search_term_string}\"},\"query-input\":{\"@type\":\"PropertyValueSpecification\",\"valueRequired\":true,\"valueName\":\"search_term_string\"}}],\"inLanguage\":\"nl-NL\"},{\"@type\":\"Organization\",\"@id\":\"http:\\\/\\\/www.pharmacy4pets.nl\\\/#organization\",\"name\":\"Pharmacy4pets\",\"url\":\"http:\\\/\\\/www.pharmacy4pets.nl\\\/\",\"logo\":{\"@type\":\"ImageObject\",\"inLanguage\":\"nl-NL\",\"@id\":\"http:\\\/\\\/www.pharmacy4pets.nl\\\/#\\\/schema\\\/logo\\\/image\\\/\",\"url\":\"https:\\\/\\\/p4p-nl.bootmine.com\\\/wp-content\\\/uploads\\\/2026\\\/03\\\/logo-pharmacy4pets.png\",\"contentUrl\":\"https:\\\/\\\/p4p-nl.bootmine.com\\\/wp-content\\\/uploads\\\/2026\\\/03\\\/logo-pharmacy4pets.png\",\"width\":1024,\"height\":135,\"caption\":\"Pharmacy4pets\"},\"image\":{\"@id\":\"http:\\\/\\\/www.pharmacy4pets.nl\\\/#\\\/schema\\\/logo\\\/image\\\/\"},\"sameAs\":[\"https:\\\/\\\/www.facebook.com\\\/people\\\/Pharmacy4petsnl\\\/100063484989896\\\/\",\"https:\\\/\\\/www.youtube.com\\\/channel\\\/UCGPTIgucgli03tP2_kvLkHg\\\/featured\",\"https:\\\/\\\/www.instagram.com\\\/pharmacy4pets.nl\"]}]}<\/script>\n<!-- \/ Yoast SEO plugin. -->","yoast_head_json":{"title":"Bogacare Shampoo Small & Sensitive Hond 250 ml","description":"Bogacare Shampoo Small & Sensitive Hond van Bogar is een milde shampoo speciaal ontwikkeld voor puppy\u2019s en kleine honden met fijn haar en een gevoelige huid.","robots":{"index":"index","follow":"follow","max-snippet":"max-snippet:-1","max-image-preview":"max-image-preview:large","max-video-preview":"max-video-preview:-1"},"canonical":"https:\/\/www.pharmacy4pets.nl\/bogar-bogacare-shampoo-small-sensitive-dog-250-ml","og_locale":"nl_NL","og_type":"article","og_title":"Bogacare Shampoo Small & Sensitive Hond 250 ml","og_description":"Bogacare Shampoo Small & Sensitive Hond van Bogar is een milde shampoo speciaal ontwikkeld voor puppy\u2019s en kleine honden met fijn haar en een gevoelige huid.","og_url":"https:\/\/www.pharmacy4pets.nl\/bogar-bogacare-shampoo-small-sensitive-dog-250-ml","og_site_name":"Pharmacy4pets","article_publisher":"https:\/\/www.facebook.com\/people\/Pharmacy4petsnl\/100063484989896\/","article_modified_time":"2026-03-25T11:57:19+00:00","og_image":[{"width":600,"height":600,"url":"https:\/\/www.pharmacy4pets.nl\/wp-content\/uploads\/2017\/07\/23583_1.jpg","type":"image\/jpeg"}],"twitter_card":"summary_large_image","twitter_misc":{"Geschatte leestijd":"1 minuut"},"schema":{"@context":"https:\/\/schema.org","@graph":[{"@type":"WebPage","@id":"https:\/\/www.pharmacy4pets.nl\/bogar-bogacare-shampoo-small-sensitive-dog-250-ml","url":"https:\/\/www.pharmacy4pets.nl\/bogar-bogacare-shampoo-small-sensitive-dog-250-ml","name":"Bogacare Shampoo Small & Sensitive Hond 250 ml","isPartOf":{"@id":"http:\/\/www.pharmacy4pets.nl\/#website"},"primaryImageOfPage":{"@id":"https:\/\/www.pharmacy4pets.nl\/bogar-bogacare-shampoo-small-sensitive-dog-250-ml#primaryimage"},"image":{"@id":"https:\/\/www.pharmacy4pets.nl\/bogar-bogacare-shampoo-small-sensitive-dog-250-ml#primaryimage"},"thumbnailUrl":"https:\/\/www.pharmacy4pets.nl\/wp-content\/uploads\/2017\/07\/23583_1.jpg","datePublished":"2017-07-10T14:51:03+00:00","dateModified":"2026-03-25T11:57:19+00:00","description":"Bogacare Shampoo Small & Sensitive Hond van Bogar is een milde shampoo speciaal ontwikkeld voor puppy\u2019s en kleine honden met fijn haar en een gevoelige huid.","breadcrumb":{"@id":"https:\/\/www.pharmacy4pets.nl\/bogar-bogacare-shampoo-small-sensitive-dog-250-ml#breadcrumb"},"inLanguage":"nl-NL","potentialAction":[{"@type":"ReadAction","target":["https:\/\/www.pharmacy4pets.nl\/bogar-bogacare-shampoo-small-sensitive-dog-250-ml"]}]},{"@type":"ImageObject","inLanguage":"nl-NL","@id":"https:\/\/www.pharmacy4pets.nl\/bogar-bogacare-shampoo-small-sensitive-dog-250-ml#primaryimage","url":"https:\/\/www.pharmacy4pets.nl\/wp-content\/uploads\/2017\/07\/23583_1.jpg","contentUrl":"https:\/\/www.pharmacy4pets.nl\/wp-content\/uploads\/2017\/07\/23583_1.jpg","width":600,"height":600,"caption":"Bogacare"},{"@type":"BreadcrumbList","@id":"https:\/\/www.pharmacy4pets.nl\/bogar-bogacare-shampoo-small-sensitive-dog-250-ml#breadcrumb","itemListElement":[{"@type":"ListItem","position":1,"name":"Home","item":"https:\/\/p4p-nl.bootmine.com\/"},{"@type":"ListItem","position":2,"name":"Winkel","item":"https:\/\/p4p-nl.bootmine.com\/winkel"},{"@type":"ListItem","position":3,"name":"Bogacare Shampoo Small &#038; Sensitive | Hond | 250 ml"}]},{"@type":"WebSite","@id":"http:\/\/www.pharmacy4pets.nl\/#website","url":"http:\/\/www.pharmacy4pets.nl\/","name":"Pharmacy4pets","description":"Pharmacy4pets.nl is d\u00e9 online apotheek waar u terecht kunt voor alle diergeneesmiddelen, verzorgingsproducten en dieetvoeding voor uw huisdier.","publisher":{"@id":"http:\/\/www.pharmacy4pets.nl\/#organization"},"potentialAction":[{"@type":"SearchAction","target":{"@type":"EntryPoint","urlTemplate":"http:\/\/www.pharmacy4pets.nl\/?s={search_term_string}"},"query-input":{"@type":"PropertyValueSpecification","valueRequired":true,"valueName":"search_term_string"}}],"inLanguage":"nl-NL"},{"@type":"Organization","@id":"http:\/\/www.pharmacy4pets.nl\/#organization","name":"Pharmacy4pets","url":"http:\/\/www.pharmacy4pets.nl\/","logo":{"@type":"ImageObject","inLanguage":"nl-NL","@id":"http:\/\/www.pharmacy4pets.nl\/#\/schema\/logo\/image\/","url":"https:\/\/p4p-nl.bootmine.com\/wp-content\/uploads\/2026\/03\/logo-pharmacy4pets.png","contentUrl":"https:\/\/p4p-nl.bootmine.com\/wp-content\/uploads\/2026\/03\/logo-pharmacy4pets.png","width":1024,"height":135,"caption":"Pharmacy4pets"},"image":{"@id":"http:\/\/www.pharmacy4pets.nl\/#\/schema\/logo\/image\/"},"sameAs":["https:\/\/www.facebook.com\/people\/Pharmacy4petsnl\/100063484989896\/","https:\/\/www.youtube.com\/channel\/UCGPTIgucgli03tP2_kvLkHg\/featured","https:\/\/www.instagram.com\/pharmacy4pets.nl"]}]}},"market_data":{"nl":{"price":0,"sale_price":0,"active":false,"url":null,"parent_url":"","tax_rate":0,"price_inc_tax":0,"sale_price_inc_tax":0},"de":{"price":0,"sale_price":0,"active":false,"url":null,"parent_url":"","tax_rate":0,"price_inc_tax":0,"sale_price_inc_tax":0},"be":{"price":0,"sale_price":0,"active":false,"url":null,"parent_url":"","tax_rate":0,"price_inc_tax":0,"sale_price_inc_tax":0},"fr":{"price":0,"sale_price":0,"active":false,"url":null,"parent_url":"","tax_rate":0,"price_inc_tax":0,"sale_price_inc_tax":0},"ch":{"price":0,"sale_price":0,"active":false,"url":null,"parent_url":"","tax_rate":0,"price_inc_tax":0,"sale_price_inc_tax":0},"at":{"price":0,"sale_price":0,"active":false,"url":null,"parent_url":"","tax_rate":0,"price_inc_tax":0,"sale_price_inc_tax":0},"es":{"price":0,"sale_price":0,"active":false,"url":null,"parent_url":"","tax_rate":0,"price_inc_tax":0,"sale_price_inc_tax":0},"dk":{"price":0,"sale_price":0,"active":false,"url":null,"parent_url":"","tax_rate":0,"price_inc_tax":0,"sale_price_inc_tax":0},"com":{"price":0,"sale_price":0,"active":false,"url":null,"parent_url":"","tax_rate":0,"price_inc_tax":0,"sale_price_inc_tax":0}},"market_nl_price":0,"market_nl_sale_price":0,"market_nl_active":false,"market_nl_url":null,"market_nl_parent_url":"","market_nl_tax_rate":0,"market_nl_price_inc_tax":0,"market_nl_sale_price_inc_tax":0,"market_de_price":0,"market_de_sale_price":0,"market_de_active":false,"market_de_url":null,"market_de_parent_url":"","market_de_tax_rate":0,"market_de_price_inc_tax":0,"market_de_sale_price_inc_tax":0,"market_be_price":0,"market_be_sale_price":0,"market_be_active":false,"market_be_url":null,"market_be_parent_url":"","market_be_tax_rate":0,"market_be_price_inc_tax":0,"market_be_sale_price_inc_tax":0,"market_fr_price":0,"market_fr_sale_price":0,"market_fr_active":false,"market_fr_url":null,"market_fr_parent_url":"","market_fr_tax_rate":0,"market_fr_price_inc_tax":0,"market_fr_sale_price_inc_tax":0,"market_ch_price":0,"market_ch_sale_price":0,"market_ch_active":false,"market_ch_url":null,"market_ch_parent_url":"","market_ch_tax_rate":0,"market_ch_price_inc_tax":0,"market_ch_sale_price_inc_tax":0,"market_at_price":0,"market_at_sale_price":0,"market_at_active":false,"market_at_url":null,"market_at_parent_url":"","market_at_tax_rate":0,"market_at_price_inc_tax":0,"market_at_sale_price_inc_tax":0,"market_es_price":0,"market_es_sale_price":0,"market_es_active":false,"market_es_url":null,"market_es_parent_url":"","market_es_tax_rate":0,"market_es_price_inc_tax":0,"market_es_sale_price_inc_tax":0,"market_dk_price":0,"market_dk_sale_price":0,"market_dk_active":false,"market_dk_url":null,"market_dk_parent_url":"","market_dk_tax_rate":0,"market_dk_price_inc_tax":0,"market_dk_sale_price_inc_tax":0,"market_com_price":0,"market_com_sale_price":0,"market_com_active":false,"market_com_url":null,"market_com_parent_url":"","market_com_tax_rate":0,"market_com_price_inc_tax":0,"market_com_sale_price_inc_tax":0,"acf":[],"_links":{"self":[{"href":"https:\/\/www.pharmacy4pets.nl\/be\/wp-json\/wp\/v2\/product\/118088","targetHints":{"allow":["GET"]}}],"collection":[{"href":"https:\/\/www.pharmacy4pets.nl\/be\/wp-json\/wp\/v2\/product"}],"about":[{"href":"https:\/\/www.pharmacy4pets.nl\/be\/wp-json\/wp\/v2\/types\/product"}],"replies":[{"embeddable":true,"href":"https:\/\/www.pharmacy4pets.nl\/be\/wp-json\/wp\/v2\/comments?post=118088"}],"wp:featuredmedia":[{"embeddable":true,"href":"https:\/\/www.pharmacy4pets.nl\/be\/wp-json\/wp\/v2\/media\/118085"}],"wp:attachment":[{"href":"https:\/\/www.pharmacy4pets.nl\/be\/wp-json\/wp\/v2\/media?parent=118088"}],"wp:term":[{"taxonomy":"product_brand","embeddable":true,"href":"https:\/\/www.pharmacy4pets.nl\/be\/wp-json\/wp\/v2\/product_brand?post=118088"},{"taxonomy":"product_cat","embeddable":true,"href":"https:\/\/www.pharmacy4pets.nl\/be\/wp-json\/wp\/v2\/product_cat?post=118088"},{"taxonomy":"product_tag","embeddable":true,"href":"https:\/\/www.pharmacy4pets.nl\/be\/wp-json\/wp\/v2\/product_tag?post=118088"}],"curies":[{"name":"wp","href":"https:\/\/api.w.org\/{rel}","templated":true}]}}