{"id":118082,"date":"2017-07-10T14:45:25","date_gmt":"2017-07-10T14:45:25","guid":{"rendered":"https:\/\/p4p.test\/bogar-bogacare-shampoo-soft-sensitive-cat"},"modified":"2026-03-25T11:57:19","modified_gmt":"2026-03-25T11:57:19","slug":"bogar-bogacare-shampoo-soft-sensitive-cat","status":"publish","type":"product","link":"https:\/\/www.pharmacy4pets.nl\/be\/bogar-bogacare-shampoo-soft-sensitive-cat","title":{"rendered":"Bogacare Shampoo Soft &#038; Sensitive | Kat 250 ml"},"content":{"rendered":"<p>Bogacare Shampoo Soft &amp; Sensitive Kat van Bogar is een bijzonder milde shampoo voor katten met fijn haar en een dunne gevoelige huid. De hoogwaardige formulering zorgt voor een zorgvuldige en effectieve reiniging van zowel haar als huid. De shampoo is mild en zorgt voor een zachte, glanzende vacht en herstelt en kalmeert ondertussen de huid. Deze hydraterende shampoo is ideaal voor volwassen katten en kittens vanaf 2 weken oud. Gemaakt met rustgevende hooibloem, regenererende calendula, voedende provitamine B5 (panthenol) en Vitamine E.<\/p>\n<p>Ontwikkeld in samenwerking met dierenartsen en specialisten. Vrij van parabenen en siliconen, pH-neutraal.<\/p>\n<p><span style=\"text-decoration: underline;\">Toediening:<\/span><\/p>\n<ol>\n<li>Reinig de vacht met warm water<\/li>\n<li>Breng de shampoo gelijkmatig aan over de natte vacht en masseer zachtjes in (De hoeveelheid shampoo is afhankelijk van de omvang en kwaliteit van de vacht)<\/li>\n<li>Shampoo gedurende 5 minuten in laten trekken. Spoel grondig uit.<\/li>\n<li>Afdrogen met een zachte handdoek of gebruik een f&ouml;hn<\/li>\n<\/ol>\n<p><span style=\"text-decoration: underline;\">Dosering:<br \/><\/span>&#8211;<\/p>\n<p><span style=\"text-decoration: underline;\">Verpakking:<br \/><\/span>250 ml.&nbsp;<\/p>\n","protected":false},"excerpt":{"rendered":"<p>Bogacare Shampoo Soft &amp; Sensitive Kat van Bogar is een bijzonder milde shampoo voor katten met fijn haar en een dunne gevoelige huid. De hoogwaardige formulering zorgt voor een zorgvuldige en effectieve reiniging van zowel haar als huid. De shampoo is mild en zorgt voor een zachte, glanzende vacht en herstelt en kalmeert ondertussen de [&hellip;]<\/p>\n","protected":false},"featured_media":118079,"comment_status":"open","ping_status":"closed","template":"","meta":{"_acf_changed":false,"_nl_post_content":"<p>Bogacare Shampoo Soft &amp; Sensitive Kat van Bogar is een bijzonder milde shampoo voor katten met fijn haar en een dunne gevoelige huid. De hoogwaardige formulering zorgt voor een zorgvuldige en effectieve reiniging van zowel haar als huid. De shampoo is mild en zorgt voor een zachte, glanzende vacht en herstelt en kalmeert ondertussen de huid. Deze hydraterende shampoo is ideaal voor volwassen katten en kittens vanaf 2 weken oud. Gemaakt met rustgevende hooibloem, regenererende calendula, voedende provitamine B5 (panthenol) en Vitamine E.<\/p>\r\n<p>Ontwikkeld in samenwerking met dierenartsen en specialisten. Vrij van parabenen en siliconen, pH-neutraal.<\/p>\r\n<p><span style=\"text-decoration: underline;\">Toediening:<\/span><\/p>\r\n<ol>\r\n<li>Reinig de vacht met warm water<\/li>\r\n<li>Breng de shampoo gelijkmatig aan over de natte vacht en masseer zachtjes in (De hoeveelheid shampoo is afhankelijk van de omvang en kwaliteit van de vacht)<\/li>\r\n<li>Shampoo gedurende 5 minuten in laten trekken. Spoel grondig uit.<\/li>\r\n<li>Afdrogen met een zachte handdoek of gebruik een f&ouml;hn<\/li>\r\n<\/ol>\r\n<p><span style=\"text-decoration: underline;\">Dosering:<br \/><\/span>-<\/p>\r\n<p><span style=\"text-decoration: underline;\">Verpakking:<br \/><\/span>250 ml.&nbsp;<\/p>","_nl_post_name":"bogar-bogacare-shampoo-soft-sensitive-cat","_nl_post_excerpt":"","_nl_post_title":"Bogacare Shampoo Soft & Sensitive | Kat 250 ml","_en_post_content":"<p>Bogacare Shampoo Soft &amp; Sensitive Cat from Bogar is a particularly mild shampoo for cats with fine hair and thin, sensitive skin. The high-quality formulation cleans hair and skin gently and effectively, restores and calms the skin. This moisturizing shampoo is ideal for adult cats and kittens from 2 weeks of age. Made with soothing hayflower, regenerating calendula, conditioning provitamin B5 (panthenol) and vitamin E<\/p>\r\n<p>Developed by veterinarians and specialists, silicon and paraben-free, pH-neutral<\/p>\r\n<p><span style=\"text-decoration: underline;\">Administration:<\/span><\/p>\r\n<ol>\r\n<li>Clean coat with warm water.<\/li>\r\n<li>Apply shampoo evenly to wet coat, avoiding eye and mouth area. The amount of shampoo depends on the size and coat quality.<\/li>\r\n<li>Massage in gently and leave to absorb for 5 minutes. Rinse coat thoroughly.<\/li>\r\n<li>Air-dry coat or rub dry with a soft towel.<\/li>\r\n<\/ol>\r\n<p><span style=\"text-decoration: underline;\">Dosage:<br \/><\/span>-<\/p>\r\n<p><span style=\"text-decoration: underline;\">Package:<br \/><\/span>250 ml<span style=\"text-decoration: underline;\"><br \/><\/span><\/p>","_en_post_name":"bogar-bogacare-shampoo-soft-sensitive-cat","_en_post_excerpt":"","_en_post_title":"Bogacare Shampoo Soft & Sensitive | Cat 250 ml","_de_post_content":"<p>Bogacare Shampoo Soft &amp; Sensitive von Bogar ist ein besonders mildes Shampoo f&uuml;r Katzen mit feinem Haar und d&uuml;nne, sensibler Haut. Die hochwertige Formulierung reinigt sanft und effektiv Haut und Haar. Dieses feuchtigkeitsspendende Shampoo ist bestens geeignet f&uuml;r erwachsene Katzen und Katzenwelpen ab 2 Wochen. Mit beruhigenden Heublumen, regenerierendem Calendula, pflegendem Provitamin B5 (Panthenol) sowie Vitamin E.<\/p>\r\n<p>Entwickelt von Tier&auml;rzten und Spezialisten, ohne Silikone und ohne Parabene, pH-hautneutral.<\/p>\r\n<p><span style=\"text-decoration: underline;\">Anwendung:<\/span><\/p>\r\n<ol>\r\n<li>Fell mit warmem Wasser vorreinigen<\/li>\r\n<li>Shampoo auftragen und einmassieren, Shampoo Menge ist abh&auml;ngig von Gr&ouml;&szlig;e und Fellqualit&auml;t<\/li>\r\n<li>Kurz einwirken lassen, aussp&uuml;len.<\/li>\r\n<li>Fell trocken f&ouml;hnen oder mit einem weichen Frotteetuch trocken reiben<\/li>\r\n<\/ol>\r\n<p><span style=\"text-decoration: underline;\">Dosierung:<br \/><\/span>-<\/p>\r\n<p><span style=\"text-decoration: underline;\">Verpackung:<br \/><\/span>250 ml<span style=\"text-decoration: underline;\"><br \/><\/span><\/p>","_de_post_name":"bogar-bogacare-shampoo-soft-sensitive-cat","_de_post_excerpt":"","_de_post_title":"Bogacare Shampoo Soft & Sensitive | Katze 250 ml","_fr_post_content":"<p>Bogacare Shampoo Soft &amp; Sensitive Kat van Bogar is een bijzonder milde shampoo voor katten met fijn haar en een dunne gevoelige huid. De hoogwaardige formulering zorgt voor een zorgvuldige en effectieve reiniging van zowel haar als huid. De shampoo is mild en zorgt voor een zachte, glanzende vacht en herstelt en kalmeert ondertussen de huid. Deze hydraterende shampoo is ideaal voor volwassen katten en kittens vanaf 2 weken oud. Gemaakt met rustgevende hooibloem, regenererende calendula, voedende provitamine B5 (panthenol) en Vitamine E.<\/p>\r\n<p>Ontwikkeld in samenwerking met dierenartsen en specialisten. Vrij van parabenen en siliconen, pH-neutraal.<\/p>\r\n<p><span style=\"text-decoration: underline;\">Toediening:<\/span><\/p>\r\n<ol>\r\n<li>Reinig de vacht met warm water<\/li>\r\n<li>Breng de shampoo gelijkmatig aan over de natte vacht en masseer zachtjes in (De hoeveelheid shampoo is afhankelijk van de omvang en kwaliteit van de vacht)<\/li>\r\n<li>Shampoo gedurende 5 minuten in laten trekken. Spoel grondig uit.<\/li>\r\n<li>Afdrogen met een zachte handdoek of gebruik een f&ouml;hn<\/li>\r\n<\/ol>\r\n<p><span style=\"text-decoration: underline;\">Dosering:<br \/><\/span>-<\/p>\r\n<p><span style=\"text-decoration: underline;\">Verpakking:<br \/><\/span>250 ml.&nbsp;<\/p>","_fr_post_name":"bogar-bogacare-shampoo-soft-sensitive-cat","_fr_post_excerpt":"","_fr_post_title":"Bogacare Shampoo Soft & Sensitive | Kat 250 ml","_es_post_content":"<p>Bogacare Champ\u00fa Soft &amp; Sensitive Gatos de Bogar es un champ\u00fa especialmente suave para gatos con pelo fino y piel fina y sensible. La f\u00f3rmula de alta calidad garantiza una limpieza cuidadosa y eficaz tanto del cabello como de la piel. El champ\u00fa es suave y asegura un pelaje suave y brillante mientras repara y calma la piel. Este champ\u00fa hidratante es ideal para gatos adultos y gatitos a partir de las 2 semanas. Elaborado con flor de heno calmante, cal\u00e9ndula regeneradora, provitamina B5 (pantenol) nutritiva y vitamina E.<\/p>\r\n<p>Desarrollado en colaboraci\u00f3n con veterinarios y especialistas. Libre de parabenos y siliconas, pH neutro.<\/p>\r\n<p><span style=\"text-decoration: underline;\">Administraci\u00f3n:<\/span><\/p>\r\n<ol>\r\n<li>Limpiar el pelaje con agua tibia<\/li>\r\n<li>Aplique el champ\u00fa de manera uniforme sobre el pelaje h\u00famedo y masajee suavemente (la cantidad de champ\u00fa depende del tama\u00f1o y la calidad del pelaje)<\/li>\r\n<li>Deja actuar el champ\u00fa durante 5 minutos. Enjuague bien.<\/li>\r\n<li>Seque con una toalla suave o use un secador de pelo<\/li>\r\n<\/ol>\r\n<p><span style=\"text-decoration: underline;\">Dosis:<\/span><br \/>-<\/p>\r\n<p><span style=\"text-decoration: underline;\">Embalaje:<\/span><br \/>250 ml.<\/p>","_es_post_name":"bogar-bogacare-champu-soft-sensitive-gatos","_es_post_excerpt":"","_es_post_title":"Bogacare Champ\u00fa Soft & Sensitive | Gatos 250 ml","edit_language":"nl"},"product_brand":[],"product_cat":[1891,2027,1118,1857,2131,1893],"product_tag":[],"class_list":{"0":"post-118082","1":"product","2":"type-product","3":"status-publish","4":"has-post-thumbnail","6":"product_cat-benodigdheden","7":"product_cat-bogacare","8":"product_cat-katten","9":"product_cat-merken","10":"product_cat-shampoos-en-conditioners","11":"product_cat-verzorging","12":"pa_aandoening-huid_vacht","13":"pa_doeldier-kat","14":"pa_fabricatieland-zwitserland","15":"pa_merkfilter-bogacare","16":"pa_merkgroep-bogar","17":"pa_productsoort-overig","18":"pa_seo_canonical_store_id-not_found_value","19":"pa_seo_category-not_found_value","20":"pa_seo_meta_robots-not_found_value","21":"pa_toedieningswijze-shampoo","22":"pa_unit_pricing_base_measure-100ml","23":"pa_unit_pricing_measure-250ml","24":"pa_werkzamestof-overig","26":"first","27":"instock","28":"taxable","29":"shipping-taxable","30":"purchasable","31":"product-type-simple"},"yoast_head":"<!-- This site is optimized with the Yoast SEO plugin v27.5 - https:\/\/yoast.com\/product\/yoast-seo-wordpress\/ -->\n<title>Bogacare Shampoo Soft &amp; Sensitive Kat<\/title>\n<meta name=\"description\" content=\"Bogacare Shampoo Soft &amp; Sensitive van Bogar is een milde shampoo die zorgt voor een zachte en glanzende vacht. Herstelt en kalmeert de huid.\" \/>\n<meta name=\"robots\" content=\"index, follow, max-snippet:-1, max-image-preview:large, max-video-preview:-1\" \/>\n<link rel=\"canonical\" href=\"https:\/\/p4p-nl.bootmine.com\/%product-slug%\/bogar-bogacare-shampoo-soft-sensitive-cat\" \/>\n<meta property=\"og:locale\" content=\"nl_NL\" \/>\n<meta property=\"og:type\" content=\"article\" \/>\n<meta property=\"og:title\" content=\"Bogacare Shampoo Soft &amp; Sensitive Kat\" \/>\n<meta property=\"og:description\" content=\"Bogacare Shampoo Soft &amp; Sensitive van Bogar is een milde shampoo die zorgt voor een zachte en glanzende vacht. Herstelt en kalmeert de huid.\" \/>\n<meta property=\"og:url\" content=\"https:\/\/p4p-nl.bootmine.com\/%product-slug%\/bogar-bogacare-shampoo-soft-sensitive-cat\" \/>\n<meta property=\"og:site_name\" content=\"Pharmacy4pets\" \/>\n<meta property=\"article:publisher\" content=\"https:\/\/www.facebook.com\/people\/Pharmacy4petsnl\/100063484989896\/\" \/>\n<meta property=\"article:modified_time\" content=\"2026-03-25T11:57:19+00:00\" \/>\n<meta property=\"og:image\" content=\"https:\/\/p4p-nl.bootmine.com\/wp-content\/uploads\/2017\/07\/23597.png\" \/>\n\t<meta property=\"og:image:width\" content=\"131\" \/>\n\t<meta property=\"og:image:height\" content=\"317\" \/>\n\t<meta property=\"og:image:type\" content=\"image\/png\" \/>\n<meta name=\"twitter:card\" content=\"summary_large_image\" \/>\n<meta name=\"twitter:label1\" content=\"Geschatte leestijd\" \/>\n\t<meta name=\"twitter:data1\" content=\"1 minuut\" \/>\n<script type=\"application\/ld+json\" class=\"yoast-schema-graph\">{\"@context\":\"https:\\\/\\\/schema.org\",\"@graph\":[{\"@type\":\"WebPage\",\"@id\":\"https:\\\/\\\/p4p-nl.bootmine.com\\\/%product-slug%\\\/bogar-bogacare-shampoo-soft-sensitive-cat\",\"url\":\"https:\\\/\\\/p4p-nl.bootmine.com\\\/%product-slug%\\\/bogar-bogacare-shampoo-soft-sensitive-cat\",\"name\":\"Bogacare Shampoo Soft & Sensitive Kat\",\"isPartOf\":{\"@id\":\"http:\\\/\\\/www.pharmacy4pets.nl\\\/#website\"},\"primaryImageOfPage\":{\"@id\":\"https:\\\/\\\/p4p-nl.bootmine.com\\\/%product-slug%\\\/bogar-bogacare-shampoo-soft-sensitive-cat#primaryimage\"},\"image\":{\"@id\":\"https:\\\/\\\/p4p-nl.bootmine.com\\\/%product-slug%\\\/bogar-bogacare-shampoo-soft-sensitive-cat#primaryimage\"},\"thumbnailUrl\":\"https:\\\/\\\/www.pharmacy4pets.nl\\\/wp-content\\\/uploads\\\/2017\\\/07\\\/23597.png\",\"datePublished\":\"2017-07-10T14:45:25+00:00\",\"dateModified\":\"2026-03-25T11:57:19+00:00\",\"description\":\"Bogacare Shampoo Soft & Sensitive van Bogar is een milde shampoo die zorgt voor een zachte en glanzende vacht. Herstelt en kalmeert de huid.\",\"breadcrumb\":{\"@id\":\"https:\\\/\\\/p4p-nl.bootmine.com\\\/%product-slug%\\\/bogar-bogacare-shampoo-soft-sensitive-cat#breadcrumb\"},\"inLanguage\":\"nl-NL\",\"potentialAction\":[{\"@type\":\"ReadAction\",\"target\":[\"https:\\\/\\\/p4p-nl.bootmine.com\\\/%product-slug%\\\/bogar-bogacare-shampoo-soft-sensitive-cat\"]}]},{\"@type\":\"ImageObject\",\"inLanguage\":\"nl-NL\",\"@id\":\"https:\\\/\\\/p4p-nl.bootmine.com\\\/%product-slug%\\\/bogar-bogacare-shampoo-soft-sensitive-cat#primaryimage\",\"url\":\"https:\\\/\\\/www.pharmacy4pets.nl\\\/wp-content\\\/uploads\\\/2017\\\/07\\\/23597.png\",\"contentUrl\":\"https:\\\/\\\/www.pharmacy4pets.nl\\\/wp-content\\\/uploads\\\/2017\\\/07\\\/23597.png\",\"width\":131,\"height\":317,\"caption\":\"Bogacare\"},{\"@type\":\"BreadcrumbList\",\"@id\":\"https:\\\/\\\/p4p-nl.bootmine.com\\\/%product-slug%\\\/bogar-bogacare-shampoo-soft-sensitive-cat#breadcrumb\",\"itemListElement\":[{\"@type\":\"ListItem\",\"position\":1,\"name\":\"Home\",\"item\":\"https:\\\/\\\/p4p-nl.bootmine.com\\\/\"},{\"@type\":\"ListItem\",\"position\":2,\"name\":\"Winkel\",\"item\":\"https:\\\/\\\/p4p-nl.bootmine.com\\\/winkel\"},{\"@type\":\"ListItem\",\"position\":3,\"name\":\"Bogacare Shampoo Soft &#038; Sensitive | Kat 250 ml\"}]},{\"@type\":\"WebSite\",\"@id\":\"http:\\\/\\\/www.pharmacy4pets.nl\\\/#website\",\"url\":\"http:\\\/\\\/www.pharmacy4pets.nl\\\/\",\"name\":\"Pharmacy4pets\",\"description\":\"Pharmacy4pets.nl is d\u00e9 online apotheek waar u terecht kunt voor alle diergeneesmiddelen, verzorgingsproducten en dieetvoeding voor uw huisdier.\",\"publisher\":{\"@id\":\"http:\\\/\\\/www.pharmacy4pets.nl\\\/#organization\"},\"potentialAction\":[{\"@type\":\"SearchAction\",\"target\":{\"@type\":\"EntryPoint\",\"urlTemplate\":\"http:\\\/\\\/www.pharmacy4pets.nl\\\/?s={search_term_string}\"},\"query-input\":{\"@type\":\"PropertyValueSpecification\",\"valueRequired\":true,\"valueName\":\"search_term_string\"}}],\"inLanguage\":\"nl-NL\"},{\"@type\":\"Organization\",\"@id\":\"http:\\\/\\\/www.pharmacy4pets.nl\\\/#organization\",\"name\":\"Pharmacy4pets\",\"url\":\"http:\\\/\\\/www.pharmacy4pets.nl\\\/\",\"logo\":{\"@type\":\"ImageObject\",\"inLanguage\":\"nl-NL\",\"@id\":\"http:\\\/\\\/www.pharmacy4pets.nl\\\/#\\\/schema\\\/logo\\\/image\\\/\",\"url\":\"https:\\\/\\\/p4p-nl.bootmine.com\\\/wp-content\\\/uploads\\\/2026\\\/03\\\/logo-pharmacy4pets.png\",\"contentUrl\":\"https:\\\/\\\/p4p-nl.bootmine.com\\\/wp-content\\\/uploads\\\/2026\\\/03\\\/logo-pharmacy4pets.png\",\"width\":1024,\"height\":135,\"caption\":\"Pharmacy4pets\"},\"image\":{\"@id\":\"http:\\\/\\\/www.pharmacy4pets.nl\\\/#\\\/schema\\\/logo\\\/image\\\/\"},\"sameAs\":[\"https:\\\/\\\/www.facebook.com\\\/people\\\/Pharmacy4petsnl\\\/100063484989896\\\/\",\"https:\\\/\\\/www.youtube.com\\\/channel\\\/UCGPTIgucgli03tP2_kvLkHg\\\/featured\",\"https:\\\/\\\/www.instagram.com\\\/pharmacy4pets.nl\"]}]}<\/script>\n<!-- \/ Yoast SEO plugin. -->","yoast_head_json":{"title":"Bogacare Shampoo Soft & Sensitive Kat","description":"Bogacare Shampoo Soft & Sensitive van Bogar is een milde shampoo die zorgt voor een zachte en glanzende vacht. Herstelt en kalmeert de huid.","robots":{"index":"index","follow":"follow","max-snippet":"max-snippet:-1","max-image-preview":"max-image-preview:large","max-video-preview":"max-video-preview:-1"},"canonical":"https:\/\/p4p-nl.bootmine.com\/%product-slug%\/bogar-bogacare-shampoo-soft-sensitive-cat","og_locale":"nl_NL","og_type":"article","og_title":"Bogacare Shampoo Soft & Sensitive Kat","og_description":"Bogacare Shampoo Soft & Sensitive van Bogar is een milde shampoo die zorgt voor een zachte en glanzende vacht. Herstelt en kalmeert de huid.","og_url":"https:\/\/p4p-nl.bootmine.com\/%product-slug%\/bogar-bogacare-shampoo-soft-sensitive-cat","og_site_name":"Pharmacy4pets","article_publisher":"https:\/\/www.facebook.com\/people\/Pharmacy4petsnl\/100063484989896\/","article_modified_time":"2026-03-25T11:57:19+00:00","og_image":[{"width":131,"height":317,"url":"https:\/\/p4p-nl.bootmine.com\/wp-content\/uploads\/2017\/07\/23597.png","type":"image\/png"}],"twitter_card":"summary_large_image","twitter_misc":{"Geschatte leestijd":"1 minuut"},"schema":{"@context":"https:\/\/schema.org","@graph":[{"@type":"WebPage","@id":"https:\/\/p4p-nl.bootmine.com\/%product-slug%\/bogar-bogacare-shampoo-soft-sensitive-cat","url":"https:\/\/p4p-nl.bootmine.com\/%product-slug%\/bogar-bogacare-shampoo-soft-sensitive-cat","name":"Bogacare Shampoo Soft & Sensitive Kat","isPartOf":{"@id":"http:\/\/www.pharmacy4pets.nl\/#website"},"primaryImageOfPage":{"@id":"https:\/\/p4p-nl.bootmine.com\/%product-slug%\/bogar-bogacare-shampoo-soft-sensitive-cat#primaryimage"},"image":{"@id":"https:\/\/p4p-nl.bootmine.com\/%product-slug%\/bogar-bogacare-shampoo-soft-sensitive-cat#primaryimage"},"thumbnailUrl":"https:\/\/www.pharmacy4pets.nl\/wp-content\/uploads\/2017\/07\/23597.png","datePublished":"2017-07-10T14:45:25+00:00","dateModified":"2026-03-25T11:57:19+00:00","description":"Bogacare Shampoo Soft & Sensitive van Bogar is een milde shampoo die zorgt voor een zachte en glanzende vacht. Herstelt en kalmeert de huid.","breadcrumb":{"@id":"https:\/\/p4p-nl.bootmine.com\/%product-slug%\/bogar-bogacare-shampoo-soft-sensitive-cat#breadcrumb"},"inLanguage":"nl-NL","potentialAction":[{"@type":"ReadAction","target":["https:\/\/p4p-nl.bootmine.com\/%product-slug%\/bogar-bogacare-shampoo-soft-sensitive-cat"]}]},{"@type":"ImageObject","inLanguage":"nl-NL","@id":"https:\/\/p4p-nl.bootmine.com\/%product-slug%\/bogar-bogacare-shampoo-soft-sensitive-cat#primaryimage","url":"https:\/\/www.pharmacy4pets.nl\/wp-content\/uploads\/2017\/07\/23597.png","contentUrl":"https:\/\/www.pharmacy4pets.nl\/wp-content\/uploads\/2017\/07\/23597.png","width":131,"height":317,"caption":"Bogacare"},{"@type":"BreadcrumbList","@id":"https:\/\/p4p-nl.bootmine.com\/%product-slug%\/bogar-bogacare-shampoo-soft-sensitive-cat#breadcrumb","itemListElement":[{"@type":"ListItem","position":1,"name":"Home","item":"https:\/\/p4p-nl.bootmine.com\/"},{"@type":"ListItem","position":2,"name":"Winkel","item":"https:\/\/p4p-nl.bootmine.com\/winkel"},{"@type":"ListItem","position":3,"name":"Bogacare Shampoo Soft &#038; Sensitive | Kat 250 ml"}]},{"@type":"WebSite","@id":"http:\/\/www.pharmacy4pets.nl\/#website","url":"http:\/\/www.pharmacy4pets.nl\/","name":"Pharmacy4pets","description":"Pharmacy4pets.nl is d\u00e9 online apotheek waar u terecht kunt voor alle diergeneesmiddelen, verzorgingsproducten en dieetvoeding voor uw huisdier.","publisher":{"@id":"http:\/\/www.pharmacy4pets.nl\/#organization"},"potentialAction":[{"@type":"SearchAction","target":{"@type":"EntryPoint","urlTemplate":"http:\/\/www.pharmacy4pets.nl\/?s={search_term_string}"},"query-input":{"@type":"PropertyValueSpecification","valueRequired":true,"valueName":"search_term_string"}}],"inLanguage":"nl-NL"},{"@type":"Organization","@id":"http:\/\/www.pharmacy4pets.nl\/#organization","name":"Pharmacy4pets","url":"http:\/\/www.pharmacy4pets.nl\/","logo":{"@type":"ImageObject","inLanguage":"nl-NL","@id":"http:\/\/www.pharmacy4pets.nl\/#\/schema\/logo\/image\/","url":"https:\/\/p4p-nl.bootmine.com\/wp-content\/uploads\/2026\/03\/logo-pharmacy4pets.png","contentUrl":"https:\/\/p4p-nl.bootmine.com\/wp-content\/uploads\/2026\/03\/logo-pharmacy4pets.png","width":1024,"height":135,"caption":"Pharmacy4pets"},"image":{"@id":"http:\/\/www.pharmacy4pets.nl\/#\/schema\/logo\/image\/"},"sameAs":["https:\/\/www.facebook.com\/people\/Pharmacy4petsnl\/100063484989896\/","https:\/\/www.youtube.com\/channel\/UCGPTIgucgli03tP2_kvLkHg\/featured","https:\/\/www.instagram.com\/pharmacy4pets.nl"]}]}},"market_data":{"nl":{"price":0,"sale_price":0,"active":false,"url":null,"parent_url":"","tax_rate":0,"price_inc_tax":0,"sale_price_inc_tax":0},"de":{"price":0,"sale_price":0,"active":false,"url":null,"parent_url":"","tax_rate":0,"price_inc_tax":0,"sale_price_inc_tax":0},"be":{"price":0,"sale_price":0,"active":false,"url":null,"parent_url":"","tax_rate":0,"price_inc_tax":0,"sale_price_inc_tax":0},"fr":{"price":0,"sale_price":0,"active":false,"url":null,"parent_url":"","tax_rate":0,"price_inc_tax":0,"sale_price_inc_tax":0},"ch":{"price":0,"sale_price":0,"active":false,"url":null,"parent_url":"","tax_rate":0,"price_inc_tax":0,"sale_price_inc_tax":0},"at":{"price":0,"sale_price":0,"active":false,"url":null,"parent_url":"","tax_rate":0,"price_inc_tax":0,"sale_price_inc_tax":0},"es":{"price":0,"sale_price":0,"active":false,"url":null,"parent_url":"","tax_rate":0,"price_inc_tax":0,"sale_price_inc_tax":0},"dk":{"price":0,"sale_price":0,"active":false,"url":null,"parent_url":"","tax_rate":0,"price_inc_tax":0,"sale_price_inc_tax":0},"com":{"price":0,"sale_price":0,"active":false,"url":null,"parent_url":"","tax_rate":0,"price_inc_tax":0,"sale_price_inc_tax":0}},"market_nl_price":0,"market_nl_sale_price":0,"market_nl_active":false,"market_nl_url":null,"market_nl_parent_url":"","market_nl_tax_rate":0,"market_nl_price_inc_tax":0,"market_nl_sale_price_inc_tax":0,"market_de_price":0,"market_de_sale_price":0,"market_de_active":false,"market_de_url":null,"market_de_parent_url":"","market_de_tax_rate":0,"market_de_price_inc_tax":0,"market_de_sale_price_inc_tax":0,"market_be_price":0,"market_be_sale_price":0,"market_be_active":false,"market_be_url":null,"market_be_parent_url":"","market_be_tax_rate":0,"market_be_price_inc_tax":0,"market_be_sale_price_inc_tax":0,"market_fr_price":0,"market_fr_sale_price":0,"market_fr_active":false,"market_fr_url":null,"market_fr_parent_url":"","market_fr_tax_rate":0,"market_fr_price_inc_tax":0,"market_fr_sale_price_inc_tax":0,"market_ch_price":0,"market_ch_sale_price":0,"market_ch_active":false,"market_ch_url":null,"market_ch_parent_url":"","market_ch_tax_rate":0,"market_ch_price_inc_tax":0,"market_ch_sale_price_inc_tax":0,"market_at_price":0,"market_at_sale_price":0,"market_at_active":false,"market_at_url":null,"market_at_parent_url":"","market_at_tax_rate":0,"market_at_price_inc_tax":0,"market_at_sale_price_inc_tax":0,"market_es_price":0,"market_es_sale_price":0,"market_es_active":false,"market_es_url":null,"market_es_parent_url":"","market_es_tax_rate":0,"market_es_price_inc_tax":0,"market_es_sale_price_inc_tax":0,"market_dk_price":0,"market_dk_sale_price":0,"market_dk_active":false,"market_dk_url":null,"market_dk_parent_url":"","market_dk_tax_rate":0,"market_dk_price_inc_tax":0,"market_dk_sale_price_inc_tax":0,"market_com_price":0,"market_com_sale_price":0,"market_com_active":false,"market_com_url":null,"market_com_parent_url":"","market_com_tax_rate":0,"market_com_price_inc_tax":0,"market_com_sale_price_inc_tax":0,"acf":[],"_links":{"self":[{"href":"https:\/\/www.pharmacy4pets.nl\/be\/wp-json\/wp\/v2\/product\/118082","targetHints":{"allow":["GET"]}}],"collection":[{"href":"https:\/\/www.pharmacy4pets.nl\/be\/wp-json\/wp\/v2\/product"}],"about":[{"href":"https:\/\/www.pharmacy4pets.nl\/be\/wp-json\/wp\/v2\/types\/product"}],"replies":[{"embeddable":true,"href":"https:\/\/www.pharmacy4pets.nl\/be\/wp-json\/wp\/v2\/comments?post=118082"}],"wp:featuredmedia":[{"embeddable":true,"href":"https:\/\/www.pharmacy4pets.nl\/be\/wp-json\/wp\/v2\/media\/118079"}],"wp:attachment":[{"href":"https:\/\/www.pharmacy4pets.nl\/be\/wp-json\/wp\/v2\/media?parent=118082"}],"wp:term":[{"taxonomy":"product_brand","embeddable":true,"href":"https:\/\/www.pharmacy4pets.nl\/be\/wp-json\/wp\/v2\/product_brand?post=118082"},{"taxonomy":"product_cat","embeddable":true,"href":"https:\/\/www.pharmacy4pets.nl\/be\/wp-json\/wp\/v2\/product_cat?post=118082"},{"taxonomy":"product_tag","embeddable":true,"href":"https:\/\/www.pharmacy4pets.nl\/be\/wp-json\/wp\/v2\/product_tag?post=118082"}],"curies":[{"name":"wp","href":"https:\/\/api.w.org\/{rel}","templated":true}]}}